{"id":13086,"date":"2021-01-08T15:01:46","date_gmt":"2021-01-08T15:01:46","guid":{"rendered":"http:\/\/www.unavets.com\/icanatura\/?page_id=13086"},"modified":"2026-03-04T09:13:22","modified_gmt":"2026-03-04T09:13:22","slug":"traumatologia","status":"publish","type":"page","link":"https:\/\/www.unavets.com\/icanatura\/ca\/traumatologia\/","title":{"rendered":"Traumatologia"},"content":{"rendered":"\t\t<div data-elementor-type=\"wp-page\" data-elementor-id=\"13086\" class=\"elementor elementor-13086 elementor-1137\" data-elementor-post-type=\"page\">\n\t\t\t\t\t\t<section class=\"elementor-section elementor-top-section elementor-element elementor-element-3b7f1f2 elementor-section-boxed elementor-section-height-default elementor-section-height-default\" data-id=\"3b7f1f2\" data-element_type=\"section\" data-e-type=\"section\" id=\"main-sec\">\n\t\t\t\t\t\t<div class=\"elementor-container elementor-column-gap-default\">\n\t\t\t\t\t<div class=\"elementor-column elementor-col-100 elementor-top-column elementor-element elementor-element-138c88c\" data-id=\"138c88c\" data-element_type=\"column\" data-e-type=\"column\">\n\t\t\t<div class=\"elementor-widget-wrap elementor-element-populated\">\n\t\t\t\t\t\t<div class=\"elementor-element elementor-element-ec83cf0 elementor-widget elementor-widget-section_titleleft\" data-id=\"ec83cf0\" data-element_type=\"widget\" data-e-type=\"widget\" data-widget_type=\"section_titleleft.default\">\n\t\t\t\t<div class=\"elementor-widget-container\">\n\t\t\t\t\t        <div class=\"ab_text-title fl-wrap\">\n            En ICA Natura som especialistes en Traumatologia. Els nostres veterinaris especializats es dediquen a l\u2019estudi i tractament de les lesions de l'aparell locomotor<span class=\"section-separator fl-sec-sep\"><\/span>        <\/div>\n        \t\t\t\t<\/div>\n\t\t\t\t<\/div>\n\t\t\t\t\t<\/div>\n\t\t<\/div>\n\t\t\t\t\t<\/div>\n\t\t<\/section>\n\t\t\t\t<section class=\"elementor-section elementor-top-section elementor-element elementor-element-d993722 elementor-section-boxed elementor-section-height-default elementor-section-height-default\" data-id=\"d993722\" data-element_type=\"section\" data-e-type=\"section\">\n\t\t\t\t\t\t<div class=\"elementor-container elementor-column-gap-default\">\n\t\t\t\t\t<div class=\"elementor-column elementor-col-50 elementor-top-column elementor-element elementor-element-065811d\" data-id=\"065811d\" data-element_type=\"column\" data-e-type=\"column\">\n\t\t\t<div class=\"elementor-widget-wrap elementor-element-populated\">\n\t\t\t\t\t\t<div class=\"elementor-element elementor-element-63d99ac elementor-widget elementor-widget-text-editor\" data-id=\"63d99ac\" data-element_type=\"widget\" data-e-type=\"widget\" data-widget_type=\"text-editor.default\">\n\t\t\t\t<div class=\"elementor-widget-container\">\n\t\t\t\t\t\t\t\t\t<p>La feina dels nostres especialistes va m\u00e9s enll\u00e0 del camp de les lesions traumatol\u00f2giques; tamb\u00e9 inclou l&#8217;estudi, en els seus aspectes preventius, terap\u00e8utics, de rehabilitaci\u00f3 i d&#8217;investigaci\u00f3, de les lesions naturals o adquirides que afecten el moviment dels animals.<\/p><p>Les patologies m\u00e9s freq\u00fcents s\u00f3n:<\/p><ul><li>Fractura d&#8217;os<\/li><li>Artrosis<\/li><li>Artritis<\/li><li>Displ\u00e0sia de maluc<\/li><li>Esquin\u00e7<\/li><li>Luxaci\u00f3<\/li><li>Tendinitis<\/li><li>Trencament fibril\u00b7lar<\/li><\/ul><p>Els tractaments conservadors es basen en:<\/p><ul><li>Reducci\u00f3 tancada de fractura \u00f2ssia<\/li><li>\u00das d&#8217;embenatges suaus (de compressi\u00f3, Velpeau, Gillchrist, Robert-Jones)<\/li><li>Col\u00b7locaci\u00f3 d&#8217;una f\u00e8rula<\/li><li>Tracci\u00f3 tova o esquel\u00e8tica<\/li><\/ul><p>Les cirurgies traumatol\u00f2giques m\u00e9s freq\u00fcents s\u00f3n les reparacions de fractures, tant en gossos com en gats, normalment degudes a atropellaments i caigudes des d&#8217;altura. Tamb\u00e9 \u00e9s una lesi\u00f3 molt freq\u00fcent en els gossos el trencament dels lligaments creuats de genoll.<\/p><p>Depenent del tipus de lesi\u00f3 i l&#8217;\u00f3s o articulaci\u00f3 que estigui afectada: espatlla, colze, maluc, genoll, etc. apliquem diferents t\u00e8cniques avan\u00e7ades que resolen el problema. Mitjan\u00e7ant plaques, caragols, fixadors, agulles o amb t\u00e8cniques de m\u00ednima invasi\u00f3 com l&#8217;artrosc\u00f2pia.<\/p>\t\t\t\t\t\t\t\t<\/div>\n\t\t\t\t<\/div>\n\t\t\t\t\t<\/div>\n\t\t<\/div>\n\t\t\t\t<div class=\"elementor-column elementor-col-50 elementor-top-column elementor-element elementor-element-2048e61\" data-id=\"2048e61\" data-element_type=\"column\" data-e-type=\"column\">\n\t\t\t<div class=\"elementor-widget-wrap elementor-element-populated\">\n\t\t\t\t\t\t<div class=\"elementor-element elementor-element-dc7c821 elementor-widget elementor-widget-image\" data-id=\"dc7c821\" data-element_type=\"widget\" data-e-type=\"widget\" data-widget_type=\"image.default\">\n\t\t\t\t<div class=\"elementor-widget-container\">\n\t\t\t\t\t\t\t\t\t\t\t\t\t\t\t<img fetchpriority=\"high\" width=\"724\" height=\"483\" class=\"attachment-large size-large wp-image-22016 lazy\" alt=\"\" data-src=\"https:\/\/www.unavets.com\/icanatura\/wp-content\/uploads\/sites\/61\/2026\/03\/Fotos-Horizontales-para-web-45-2-1024x683.jpg\" data-lazy=\"https:\/\/www.unavets.com\/icanatura\/wp-content\/uploads\/sites\/61\/2026\/03\/Fotos-Horizontales-para-web-45-2-1024x683.jpg\" \/>\t\t\t\t\t\t\t\t\t\t\t\t\t\t\t<\/div>\n\t\t\t\t<\/div>\n\t\t\t\t<div class=\"elementor-element elementor-element-4f3e136 elementor-align-center elementor-widget elementor-widget-button\" data-id=\"4f3e136\" data-element_type=\"widget\" data-e-type=\"widget\" data-widget_type=\"button.default\">\n\t\t\t\t<div class=\"elementor-widget-container\">\n\t\t\t\t\t\t\t\t\t<div class=\"elementor-button-wrapper\">\n\t\t\t\t\t<a class=\"elementor-button elementor-button-link elementor-size-md\" href=\"https:\/\/www.unavets.com\/icanatura\/ca\/contacte\/\">\n\t\t\t\t\t\t<span class=\"elementor-button-content-wrapper\">\n\t\t\t\t\t\t<span class=\"elementor-button-icon\">\n\t\t\t\t<i aria-hidden=\"true\" class=\"far fa-calendar-alt\"><\/i>\t\t\t<\/span>\n\t\t\t\t\t\t\t\t\t<span class=\"elementor-button-text\">Demana cita<\/span>\n\t\t\t\t\t<\/span>\n\t\t\t\t\t<\/a>\n\t\t\t\t<\/div>\n\t\t\t\t\t\t\t\t<\/div>\n\t\t\t\t<\/div>\n\t\t\t\t\t<\/div>\n\t\t<\/div>\n\t\t\t\t\t<\/div>\n\t\t<\/section>\n\t\t\t\t<\/div>\n\t\t","protected":false},"excerpt":{"rendered":"<p>En som especialistes en Traumatologia. Els nostres veterinaris especializats es dediquen a l\u2019estudi i tractament de les lesions de l&#8217;aparell locomotor La feina dels nostres especialistes va m\u00e9s enll\u00e0 del camp de les lesions traumatol\u00f2giques; tamb\u00e9 inclou l&#8217;estudi, en els seus aspectes preventius, terap\u00e8utics, de rehabilitaci\u00f3 i d&#8217;investigaci\u00f3, de les lesions naturals o adquirides que &hellip; <\/p>\n","protected":false},"author":1,"featured_media":0,"parent":0,"menu_order":0,"comment_status":"closed","ping_status":"closed","template":"page-fullwidth.php","meta":{"_acf_changed":false,"content-type":"","footnotes":""},"class_list":["post-13086","page","type-page","status-publish","hentry"],"acf":[],"_links":{"self":[{"href":"https:\/\/www.unavets.com\/icanatura\/ca\/wp-json\/wp\/v2\/pages\/13086","targetHints":{"allow":["GET"]}}],"collection":[{"href":"https:\/\/www.unavets.com\/icanatura\/ca\/wp-json\/wp\/v2\/pages"}],"about":[{"href":"https:\/\/www.unavets.com\/icanatura\/ca\/wp-json\/wp\/v2\/types\/page"}],"author":[{"embeddable":true,"href":"https:\/\/www.unavets.com\/icanatura\/ca\/wp-json\/wp\/v2\/users\/1"}],"replies":[{"embeddable":true,"href":"https:\/\/www.unavets.com\/icanatura\/ca\/wp-json\/wp\/v2\/comments?post=13086"}],"version-history":[{"count":12,"href":"https:\/\/www.unavets.com\/icanatura\/ca\/wp-json\/wp\/v2\/pages\/13086\/revisions"}],"predecessor-version":[{"id":22020,"href":"https:\/\/www.unavets.com\/icanatura\/ca\/wp-json\/wp\/v2\/pages\/13086\/revisions\/22020"}],"wp:attachment":[{"href":"https:\/\/www.unavets.com\/icanatura\/ca\/wp-json\/wp\/v2\/media?parent=13086"}],"curies":[{"name":"wp","href":"https:\/\/api.w.org\/{rel}","templated":true}]}}