{"id":13073,"date":"2021-01-08T14:37:26","date_gmt":"2021-01-08T14:37:26","guid":{"rendered":"http:\/\/www.unavets.com\/icanatura\/?page_id=13073"},"modified":"2026-01-19T15:16:24","modified_gmt":"2026-01-19T15:16:24","slug":"endoscopia","status":"publish","type":"page","link":"https:\/\/www.unavets.com\/icanatura\/ca\/endoscopia\/","title":{"rendered":"Endosc\u00f2pia"},"content":{"rendered":"<p>En ICA Natura  oferim un servei especialitzat d&#8217;endosc\u00f2pia diagn\u00f2stica i de cirurgia endosc\u00f2pica.        <\/p>\n<p>L&#8217;endosc\u00f2pia \u00e9s un procediment\u00a0en qu\u00e8\u00a0s&#8217;introdueix un tub \u2013prove\u00eft de c\u00e0mera i llum\u2013, a trav\u00e9s dels orificis naturals de l&#8217;organisme, com ara les vies respirat\u00f2ries, el tracte intestinal o a trav\u00e9s d&#8217;incisions quir\u00fargiques, per tal d&#8217;observar les cavitats internes del cos. Al mateix temps, es poden fer servir instruments per realitzar cirurgies m\u00ednimament invasives (cauteritzaci\u00f3 de teixits, extirpaci\u00f3 de quists, p\u00f2lips o tumors).<\/p>\n<p>L&#8217;endosc\u00f2pia requereix anest\u00e8sia, per tant, no produeix dolor o trauma per a la mascota. Es pot utilitzar per explorar el nas, les orelles, el sistema digestiu, el sistema respiratori, el sistema reproductiu i el sistema urinari.<\/p>\n<p>\t\t\t\t\t<a href=\"https:\/\/www.unavets.com\/icanatura\/ca\/contacte\/\"><br \/>\n\t\t\t\t\t\t\t\t\tDemana cita<br \/>\n\t\t\t\t\t<\/a><br \/>\n\t\t\t\t\t\t\t\t\t\t\t\t\t\t\t<img fetchpriority=\"high\" width=\"500\" height=\"333\" alt=\"\" data-src=\"https:\/\/www.unavets.com\/icanatura\/wp-content\/uploads\/sites\/61\/2020\/10\/shutterstock_503391556-1.jpg\" data-lazy=\"https:\/\/www.unavets.com\/icanatura\/wp-content\/uploads\/sites\/61\/2020\/10\/shutterstock_503391556-1.jpg\" \/>\t\t\t\t\t\t\t\t\t\t\t\t\t\t\t<\/p>\n<h3>Quan es considera realitzar una endosc\u00f2pia?<\/h3>\n<p>Es pot utilitzar per entendre la causa dels esternuts, v\u00f2mits, diarrea o problemes urinaris de l&#8217;animal i es pot utilitzar per extreure coses del nas, els pulmons, l&#8217;est\u00f3mac o l&#8217;es\u00f2fag sense haver de practicar una dolorosa cirurgia.<br \/>\nEl temps de recuperaci\u00f3 \u00e9s immediat, aix\u00ed que un cop realitzada, la mascota pot reprendre la seva vida quotidiana a l&#8217;instant.<\/p>\n","protected":false},"excerpt":{"rendered":"<p>En oferim un servei especialitzat d&#8217;endosc\u00f2pia diagn\u00f2stica i de cirurgia endosc\u00f2pica. L&#8217;endosc\u00f2pia \u00e9s un procediment\u00a0en qu\u00e8\u00a0s&#8217;introdueix un tub \u2013prove\u00eft de c\u00e0mera i llum\u2013, a trav\u00e9s dels orificis naturals de l&#8217;organisme, com ara les vies respirat\u00f2ries, el tracte intestinal o a trav\u00e9s d&#8217;incisions quir\u00fargiques, per tal d&#8217;observar les cavitats internes del cos. Al mateix temps, es &hellip; <\/p>\n","protected":false},"author":1,"featured_media":0,"parent":0,"menu_order":0,"comment_status":"closed","ping_status":"closed","template":"page-fullwidth.php","meta":{"_acf_changed":false,"content-type":"","footnotes":""},"class_list":["post-13073","page","type-page","status-publish","hentry"],"acf":[],"_links":{"self":[{"href":"https:\/\/www.unavets.com\/icanatura\/ca\/wp-json\/wp\/v2\/pages\/13073","targetHints":{"allow":["GET"]}}],"collection":[{"href":"https:\/\/www.unavets.com\/icanatura\/ca\/wp-json\/wp\/v2\/pages"}],"about":[{"href":"https:\/\/www.unavets.com\/icanatura\/ca\/wp-json\/wp\/v2\/types\/page"}],"author":[{"embeddable":true,"href":"https:\/\/www.unavets.com\/icanatura\/ca\/wp-json\/wp\/v2\/users\/1"}],"replies":[{"embeddable":true,"href":"https:\/\/www.unavets.com\/icanatura\/ca\/wp-json\/wp\/v2\/comments?post=13073"}],"version-history":[{"count":6,"href":"https:\/\/www.unavets.com\/icanatura\/ca\/wp-json\/wp\/v2\/pages\/13073\/revisions"}],"predecessor-version":[{"id":21540,"href":"https:\/\/www.unavets.com\/icanatura\/ca\/wp-json\/wp\/v2\/pages\/13073\/revisions\/21540"}],"wp:attachment":[{"href":"https:\/\/www.unavets.com\/icanatura\/ca\/wp-json\/wp\/v2\/media?parent=13073"}],"curies":[{"name":"wp","href":"https:\/\/api.w.org\/{rel}","templated":true}]}}