{"id":13057,"date":"2021-01-08T14:20:17","date_gmt":"2021-01-08T14:20:17","guid":{"rendered":"http:\/\/www.unavets.com\/icanatura\/?page_id=13057"},"modified":"2026-03-03T17:30:47","modified_gmt":"2026-03-03T17:30:47","slug":"cardiologia","status":"publish","type":"page","link":"https:\/\/www.unavets.com\/icanatura\/ca\/cardiologia\/","title":{"rendered":"Cardiologia"},"content":{"rendered":"\t\t<div data-elementor-type=\"wp-page\" data-elementor-id=\"13057\" class=\"elementor elementor-13057 elementor-1118\" data-elementor-post-type=\"page\">\n\t\t\t\t\t\t<section class=\"elementor-section elementor-top-section elementor-element elementor-element-3b7f1f2 elementor-section-boxed elementor-section-height-default elementor-section-height-default\" data-id=\"3b7f1f2\" data-element_type=\"section\" data-e-type=\"section\" id=\"main-sec\">\n\t\t\t\t\t\t<div class=\"elementor-container elementor-column-gap-default\">\n\t\t\t\t\t<div class=\"elementor-column elementor-col-100 elementor-top-column elementor-element elementor-element-138c88c\" data-id=\"138c88c\" data-element_type=\"column\" data-e-type=\"column\">\n\t\t\t<div class=\"elementor-widget-wrap elementor-element-populated\">\n\t\t\t\t\t\t<div class=\"elementor-element elementor-element-ec83cf0 elementor-widget elementor-widget-section_titleleft\" data-id=\"ec83cf0\" data-element_type=\"widget\" data-e-type=\"widget\" data-widget_type=\"section_titleleft.default\">\n\t\t\t\t<div class=\"elementor-widget-container\">\n\t\t\t\t\t        <div class=\"ab_text-title fl-wrap\">\n            Els nostres veterinaris de ICA Natura,  ofereixen atenci\u00f3 m\u00e8dica especialitzada per a mascotes amb problemes de cor.<span class=\"section-separator fl-sec-sep\"><\/span>        <\/div>\n        \t\t\t\t<\/div>\n\t\t\t\t<\/div>\n\t\t\t\t\t<\/div>\n\t\t<\/div>\n\t\t\t\t\t<\/div>\n\t\t<\/section>\n\t\t\t\t<section class=\"elementor-section elementor-top-section elementor-element elementor-element-d993722 elementor-section-boxed elementor-section-height-default elementor-section-height-default\" data-id=\"d993722\" data-element_type=\"section\" data-e-type=\"section\">\n\t\t\t\t\t\t<div class=\"elementor-container elementor-column-gap-default\">\n\t\t\t\t\t<div class=\"elementor-column elementor-col-50 elementor-top-column elementor-element elementor-element-065811d\" data-id=\"065811d\" data-element_type=\"column\" data-e-type=\"column\">\n\t\t\t<div class=\"elementor-widget-wrap elementor-element-populated\">\n\t\t\t\t\t\t<div class=\"elementor-element elementor-element-5517f01 elementor-widget elementor-widget-text-editor\" data-id=\"5517f01\" data-element_type=\"widget\" data-e-type=\"widget\" data-widget_type=\"text-editor.default\">\n\t\t\t\t<div class=\"elementor-widget-container\">\n\t\t\t\t\t\t\t\t\t<p>La cardiologia \u00e9s l&#8217;especialitat m\u00e8dica dedicada a l&#8217;estudi de les malalties del cor i les repercussions que altres malalties sist\u00e8miques poden produir sobre aquest \u00f2rgan. En ICA Natura, els nostres cardi\u00f2legs estan compromesos a mantenir i millorar la qualitat de vida dels nostres pacients i ofereixen un servei integral excel\u00b7lent per al diagn\u00f2stic i tractament de les malalties card\u00edaques i respirat\u00f2ries. Els procediments de diagn\u00f2stic d&#8217;\u00fas m\u00e9s freq\u00fcent s\u00f3n t\u00e8cniques no invasives que s&#8217;utilitzen de manera segura i r\u00e0pida, per examinar a les mascotes que poden patir una malaltia card\u00edaca o pulmonar:<\/p><p>\u2022 <strong>L&#8217;ecocardiografia<\/strong>, l&#8217;ecocardiografia Doppler: utilitza ones de so per obtenir imatges del cor, les v\u00e0lvules i el flux sanguini. Aix\u00f2 pot determinar la causa dels bufs card\u00edacs i avaluar la for\u00e7a i salut del m\u00fascul del cor i de les seves c\u00e0meres.<\/p><p>\u2022 <strong>Radiografia<\/strong>: proporciona informaci\u00f3 essencial sobre el t\u00f2rax i totes les seves estructures.<br \/>\u2022 <strong>L&#8217;electrocardiograma (ECG)<\/strong>: avalua la freq\u00fc\u00e8ncia card\u00edaca, el ritme i les possibles irregularitats (arr\u00edtmies) que es puguin donar.<\/p><p>\u2022 <strong>Anal\u00edtica sangu\u00ednia<\/strong>: s&#8217;utilitza per avaluar la funci\u00f3 renal, l&#8217;estat de la tiroide i altres par\u00e0metres importants.<\/p>\t\t\t\t\t\t\t\t<\/div>\n\t\t\t\t<\/div>\n\t\t\t\t\t<\/div>\n\t\t<\/div>\n\t\t\t\t<div class=\"elementor-column elementor-col-50 elementor-top-column elementor-element elementor-element-2048e61\" data-id=\"2048e61\" data-element_type=\"column\" data-e-type=\"column\">\n\t\t\t<div class=\"elementor-widget-wrap elementor-element-populated\">\n\t\t\t\t\t\t<div class=\"elementor-element elementor-element-dc7c821 elementor-widget elementor-widget-image\" data-id=\"dc7c821\" data-element_type=\"widget\" data-e-type=\"widget\" data-widget_type=\"image.default\">\n\t\t\t\t<div class=\"elementor-widget-container\">\n\t\t\t\t\t\t\t\t\t\t\t\t\t\t\t<img fetchpriority=\"high\" width=\"786\" height=\"524\" class=\"attachment-townhub-featured-image size-townhub-featured-image wp-image-22000 lazy\" alt=\"\" data-src=\"https:\/\/www.unavets.com\/icanatura\/wp-content\/uploads\/sites\/61\/2026\/03\/cardio-1-786x524.jpg\" data-lazy=\"https:\/\/www.unavets.com\/icanatura\/wp-content\/uploads\/sites\/61\/2026\/03\/cardio-1-786x524.jpg\" \/>\t\t\t\t\t\t\t\t\t\t\t\t\t\t\t<\/div>\n\t\t\t\t<\/div>\n\t\t\t\t<div class=\"elementor-element elementor-element-132298c elementor-align-center elementor-widget elementor-widget-button\" data-id=\"132298c\" data-element_type=\"widget\" data-e-type=\"widget\" data-widget_type=\"button.default\">\n\t\t\t\t<div class=\"elementor-widget-container\">\n\t\t\t\t\t\t\t\t\t<div class=\"elementor-button-wrapper\">\n\t\t\t\t\t<a class=\"elementor-button elementor-button-link elementor-size-md\" href=\"https:\/\/www.unavets.com\/icanatura\/ca\/contacte\/\">\n\t\t\t\t\t\t<span class=\"elementor-button-content-wrapper\">\n\t\t\t\t\t\t<span class=\"elementor-button-icon\">\n\t\t\t\t<i aria-hidden=\"true\" class=\"far fa-calendar-alt\"><\/i>\t\t\t<\/span>\n\t\t\t\t\t\t\t\t\t<span class=\"elementor-button-text\">Demana cita<\/span>\n\t\t\t\t\t<\/span>\n\t\t\t\t\t<\/a>\n\t\t\t\t<\/div>\n\t\t\t\t\t\t\t\t<\/div>\n\t\t\t\t<\/div>\n\t\t\t\t\t<\/div>\n\t\t<\/div>\n\t\t\t\t\t<\/div>\n\t\t<\/section>\n\t\t\t\t<\/div>\n\t\t","protected":false},"excerpt":{"rendered":"<p>Els nostres veterinaris de , ofereixen atenci\u00f3 m\u00e8dica especialitzada per a mascotes amb problemes de cor. La cardiologia \u00e9s l&#8217;especialitat m\u00e8dica dedicada a l&#8217;estudi de les malalties del cor i les repercussions que altres malalties sist\u00e8miques poden produir sobre aquest \u00f2rgan. En , els nostres cardi\u00f2legs estan compromesos a mantenir i millorar la qualitat de &hellip; <\/p>\n","protected":false},"author":1,"featured_media":0,"parent":0,"menu_order":0,"comment_status":"closed","ping_status":"closed","template":"page-fullwidth.php","meta":{"_acf_changed":false,"content-type":"","footnotes":""},"class_list":["post-13057","page","type-page","status-publish","hentry"],"acf":[],"_links":{"self":[{"href":"https:\/\/www.unavets.com\/icanatura\/ca\/wp-json\/wp\/v2\/pages\/13057","targetHints":{"allow":["GET"]}}],"collection":[{"href":"https:\/\/www.unavets.com\/icanatura\/ca\/wp-json\/wp\/v2\/pages"}],"about":[{"href":"https:\/\/www.unavets.com\/icanatura\/ca\/wp-json\/wp\/v2\/types\/page"}],"author":[{"embeddable":true,"href":"https:\/\/www.unavets.com\/icanatura\/ca\/wp-json\/wp\/v2\/users\/1"}],"replies":[{"embeddable":true,"href":"https:\/\/www.unavets.com\/icanatura\/ca\/wp-json\/wp\/v2\/comments?post=13057"}],"version-history":[{"count":13,"href":"https:\/\/www.unavets.com\/icanatura\/ca\/wp-json\/wp\/v2\/pages\/13057\/revisions"}],"predecessor-version":[{"id":22005,"href":"https:\/\/www.unavets.com\/icanatura\/ca\/wp-json\/wp\/v2\/pages\/13057\/revisions\/22005"}],"wp:attachment":[{"href":"https:\/\/www.unavets.com\/icanatura\/ca\/wp-json\/wp\/v2\/media?parent=13057"}],"curies":[{"name":"wp","href":"https:\/\/api.w.org\/{rel}","templated":true}]}}