{"id":13042,"date":"2021-01-08T14:01:24","date_gmt":"2021-01-08T14:01:24","guid":{"rendered":"http:\/\/www.unavets.com\/icanatura\/?page_id=13042"},"modified":"2026-03-03T15:32:00","modified_gmt":"2026-03-03T15:32:00","slug":"medicina-preventiva","status":"publish","type":"page","link":"https:\/\/www.unavets.com\/icanatura\/ca\/medicina-preventiva\/","title":{"rendered":"Medicina preventiva"},"content":{"rendered":"\t\t<div data-elementor-type=\"wp-page\" data-elementor-id=\"13042\" class=\"elementor elementor-13042 elementor-784\" data-elementor-post-type=\"page\">\n\t\t\t\t\t\t<section class=\"elementor-section elementor-top-section elementor-element elementor-element-3b7f1f2 elementor-section-boxed elementor-section-height-default elementor-section-height-default\" data-id=\"3b7f1f2\" data-element_type=\"section\" data-e-type=\"section\" id=\"main-sec\">\n\t\t\t\t\t\t<div class=\"elementor-container elementor-column-gap-default\">\n\t\t\t\t\t<div class=\"elementor-column elementor-col-100 elementor-top-column elementor-element elementor-element-138c88c\" data-id=\"138c88c\" data-element_type=\"column\" data-e-type=\"column\">\n\t\t\t<div class=\"elementor-widget-wrap elementor-element-populated\">\n\t\t\t\t\t\t<div class=\"elementor-element elementor-element-ec83cf0 elementor-widget elementor-widget-section_titleleft\" data-id=\"ec83cf0\" data-element_type=\"widget\" data-e-type=\"widget\" data-widget_type=\"section_titleleft.default\">\n\t\t\t\t<div class=\"elementor-widget-container\">\n\t\t\t\t\t        <div class=\"ab_text-title fl-wrap\">\n            <h3>Medicina preventiva<\/h3>La prevenci\u00f3 sanit\u00e0ria \u00e9s fonamental per evitar molts problemes m\u00e8dics i augmentar el benestar i la longevitat dels nostres estimats animals de companyia.\n<span class=\"section-separator fl-sec-sep\"><\/span>        <\/div>\n        \t\t\t\t<\/div>\n\t\t\t\t<\/div>\n\t\t\t\t\t<\/div>\n\t\t<\/div>\n\t\t\t\t\t<\/div>\n\t\t<\/section>\n\t\t\t\t<section class=\"elementor-section elementor-top-section elementor-element elementor-element-d993722 elementor-section-boxed elementor-section-height-default elementor-section-height-default\" data-id=\"d993722\" data-element_type=\"section\" data-e-type=\"section\">\n\t\t\t\t\t\t<div class=\"elementor-container elementor-column-gap-wide\">\n\t\t\t\t\t<div class=\"elementor-column elementor-col-50 elementor-top-column elementor-element elementor-element-065811d\" data-id=\"065811d\" data-element_type=\"column\" data-e-type=\"column\">\n\t\t\t<div class=\"elementor-widget-wrap elementor-element-populated\">\n\t\t\t\t\t\t<div class=\"elementor-element elementor-element-63d99ac elementor-widget elementor-widget-text-editor\" data-id=\"63d99ac\" data-element_type=\"widget\" data-e-type=\"widget\" data-widget_type=\"text-editor.default\">\n\t\t\t\t<div class=\"elementor-widget-container\">\n\t\t\t\t\t\t\t\t\t<p>Visita&#8217;ns de manera freq\u00fcent o quan rebis els nostres recordatoris de visita, no esperis que sorgeixin problemes. Les malalties s\u00f3n m\u00e9s f\u00e0cils de tractar quan es diagnostiquen en les primeres etapes i les revisions regulars ajudaran a assegurar la salut a llarg termini de la teva mascota. Aquests s\u00f3n alguns dels serveis que oferim:<\/p><ul><li>Esterilitzaci\u00f3 o castraci\u00f3: aix\u00ed disminueixen les possibilitats que les mascotes desenvolupin tumors de mama o malalties de la pr\u00f2stata; evita que els animals s&#8217;escapin i es lesionin si es perden; evitem el molest zel, ventrades indesitjades i pseudogestacions.<\/li><li>Vacunes: en vacunar els nostres animals, a m\u00e9s de protegir-los, tamb\u00e9 disminueixen les possibilitats que la resta de la fam\u00edlia contragui malalties greus que es poden evitar.<\/li><li>Desparasitaci\u00f3: aquest \u00e9s un problema que es pot prevenir i que pot ser grav\u00edssim si s&#8217;ignora. Es pot desparasitar internament per a eliminar cucs i t\u00e8nies, i externament per a lluitar enfront de puces, paparres, \u00e0cars, mosquit transmissor de la leishm\u00e0nia, etc.<br \/>Per evitar problemes i escollir els productes adequats, parla amb un dels nostres veterinaris.<\/li><li>Neteja dental: \u00e9s recomanable realitzar una neteja dental regularment, per prevenir problemes en dents i genives.<\/li><\/ul>\t\t\t\t\t\t\t\t<\/div>\n\t\t\t\t<\/div>\n\t\t\t\t\t<\/div>\n\t\t<\/div>\n\t\t\t\t<div class=\"elementor-column elementor-col-50 elementor-top-column elementor-element elementor-element-2048e61\" data-id=\"2048e61\" data-element_type=\"column\" data-e-type=\"column\">\n\t\t\t<div class=\"elementor-widget-wrap elementor-element-populated\">\n\t\t\t\t\t\t<div class=\"elementor-element elementor-element-dc7c821 elementor-widget elementor-widget-image\" data-id=\"dc7c821\" data-element_type=\"widget\" data-e-type=\"widget\" data-widget_type=\"image.default\">\n\t\t\t\t<div class=\"elementor-widget-container\">\n\t\t\t\t\t\t\t\t\t\t\t\t\t\t\t<img fetchpriority=\"high\" width=\"724\" height=\"481\" class=\"attachment-large size-large wp-image-790 lazy\" alt=\"\" data-src=\"https:\/\/www.unavets.com\/icanatura\/wp-content\/uploads\/sites\/61\/2020\/10\/Depositphotos_32245909_original-1024x680.jpg\" data-lazy=\"https:\/\/www.unavets.com\/icanatura\/wp-content\/uploads\/sites\/61\/2020\/10\/Depositphotos_32245909_original-1024x680.jpg\" \/>\t\t\t\t\t\t\t\t\t\t\t\t\t\t\t<\/div>\n\t\t\t\t<\/div>\n\t\t\t\t<div class=\"elementor-element elementor-element-f9756fc elementor-align-center elementor-widget elementor-widget-button\" data-id=\"f9756fc\" data-element_type=\"widget\" data-e-type=\"widget\" data-widget_type=\"button.default\">\n\t\t\t\t<div class=\"elementor-widget-container\">\n\t\t\t\t\t\t\t\t\t<div class=\"elementor-button-wrapper\">\n\t\t\t\t\t<a class=\"elementor-button elementor-button-link elementor-size-sm\" href=\"https:\/\/www.unavets.com\/icanatura\/ca\/contacte\/\">\n\t\t\t\t\t\t<span class=\"elementor-button-content-wrapper\">\n\t\t\t\t\t\t<span class=\"elementor-button-icon\">\n\t\t\t\t<i aria-hidden=\"true\" class=\"far fa-calendar-alt\"><\/i>\t\t\t<\/span>\n\t\t\t\t\t\t\t\t\t<span class=\"elementor-button-text\">Demana cita<\/span>\n\t\t\t\t\t<\/span>\n\t\t\t\t\t<\/a>\n\t\t\t\t<\/div>\n\t\t\t\t\t\t\t\t<\/div>\n\t\t\t\t<\/div>\n\t\t\t\t\t<\/div>\n\t\t<\/div>\n\t\t\t\t\t<\/div>\n\t\t<\/section>\n\t\t\t\t<section class=\"elementor-section elementor-top-section elementor-element elementor-element-c6e8d26 elementor-section-boxed elementor-section-height-default elementor-section-height-default\" data-id=\"c6e8d26\" data-element_type=\"section\" data-e-type=\"section\">\n\t\t\t\t\t\t<div class=\"elementor-container elementor-column-gap-default\">\n\t\t\t\t\t<div class=\"elementor-column elementor-col-100 elementor-top-column elementor-element elementor-element-d92d362\" data-id=\"d92d362\" data-element_type=\"column\" data-e-type=\"column\">\n\t\t\t<div class=\"elementor-widget-wrap elementor-element-populated\">\n\t\t\t\t\t\t<div class=\"elementor-element elementor-element-70fb1ad elementor-widget elementor-widget-section_titleleft\" data-id=\"70fb1ad\" data-element_type=\"widget\" data-e-type=\"widget\" data-widget_type=\"section_titleleft.default\">\n\t\t\t\t<div class=\"elementor-widget-container\">\n\t\t\t\t\t        <div class=\"ab_text-title fl-wrap\">\n            <h3>Prevenci\u00f3 a casa<\/h3><span class=\"section-separator fl-sec-sep\"><\/span>        <\/div>\n        \t\t\t\t<\/div>\n\t\t\t\t<\/div>\n\t\t\t\t\t<\/div>\n\t\t<\/div>\n\t\t\t\t\t<\/div>\n\t\t<\/section>\n\t\t\t\t<section class=\"elementor-section elementor-top-section elementor-element elementor-element-149f379 elementor-section-boxed elementor-section-height-default elementor-section-height-default\" data-id=\"149f379\" data-element_type=\"section\" data-e-type=\"section\">\n\t\t\t\t\t\t<div class=\"elementor-container elementor-column-gap-wide\">\n\t\t\t\t\t<div class=\"elementor-column elementor-col-50 elementor-top-column elementor-element elementor-element-2a8ea5b\" data-id=\"2a8ea5b\" data-element_type=\"column\" data-e-type=\"column\">\n\t\t\t<div class=\"elementor-widget-wrap elementor-element-populated\">\n\t\t\t\t\t\t<div class=\"elementor-element elementor-element-01118fc elementor-widget elementor-widget-image\" data-id=\"01118fc\" data-element_type=\"widget\" data-e-type=\"widget\" data-widget_type=\"image.default\">\n\t\t\t\t<div class=\"elementor-widget-container\">\n\t\t\t\t\t\t\t\t\t\t\t\t\t\t\t<img width=\"786\" height=\"524\" class=\"attachment-townhub-featured-image size-townhub-featured-image wp-image-21547 lazy\" alt=\"\" data-src=\"https:\/\/www.unavets.com\/icanatura\/wp-content\/uploads\/sites\/61\/2020\/10\/preventative-care-at-home-786x524.jpeg\" data-lazy=\"https:\/\/www.unavets.com\/icanatura\/wp-content\/uploads\/sites\/61\/2020\/10\/preventative-care-at-home-786x524.jpeg\" \/>\t\t\t\t\t\t\t\t\t\t\t\t\t\t\t<\/div>\n\t\t\t\t<\/div>\n\t\t\t\t<div class=\"elementor-element elementor-element-d82416f elementor-align-center elementor-widget elementor-widget-button\" data-id=\"d82416f\" data-element_type=\"widget\" data-e-type=\"widget\" data-widget_type=\"button.default\">\n\t\t\t\t<div class=\"elementor-widget-container\">\n\t\t\t\t\t\t\t\t\t<div class=\"elementor-button-wrapper\">\n\t\t\t\t\t<a class=\"elementor-button elementor-button-link elementor-size-sm\" href=\"https:\/\/www.unavets.com\/icanatura\/ca\/contacte\/\">\n\t\t\t\t\t\t<span class=\"elementor-button-content-wrapper\">\n\t\t\t\t\t\t<span class=\"elementor-button-icon\">\n\t\t\t\t<i aria-hidden=\"true\" class=\"far fa-calendar-alt\"><\/i>\t\t\t<\/span>\n\t\t\t\t\t\t\t\t\t<span class=\"elementor-button-text\">Demana cita<\/span>\n\t\t\t\t\t<\/span>\n\t\t\t\t\t<\/a>\n\t\t\t\t<\/div>\n\t\t\t\t\t\t\t\t<\/div>\n\t\t\t\t<\/div>\n\t\t\t\t\t<\/div>\n\t\t<\/div>\n\t\t\t\t<div class=\"elementor-column elementor-col-50 elementor-top-column elementor-element elementor-element-08b8459\" data-id=\"08b8459\" data-element_type=\"column\" data-e-type=\"column\">\n\t\t\t<div class=\"elementor-widget-wrap elementor-element-populated\">\n\t\t\t\t\t\t<div class=\"elementor-element elementor-element-e1b240e elementor-widget elementor-widget-text-editor\" data-id=\"e1b240e\" data-element_type=\"widget\" data-e-type=\"widget\" data-widget_type=\"text-editor.default\">\n\t\t\t\t<div class=\"elementor-widget-container\">\n\t\t\t\t\t\t\t\t\t<p>Fes que la teva mascota porti una dieta de bona qualitat i adequada per la seva ra\u00e7a. El menjar d&#8217;\u00f2ptima qualitat promou la bona salut a llarg termini.<\/p><p>Camina cada dia amb el teu gos i assegura&#8217;t que faci prou exercici. Pregunta&#8217;ns sobre la quantitat d&#8217;exercici que la seva ra\u00e7a requereix, i ofereix-li molta exposici\u00f3 a l&#8217;aire lliure i al sol. Passar temps jugant amb el teu gat pot ajudar-lo a mantenir-se actiu i augmentar la seva longevitat.<\/p><p>Evitar l&#8217;obesitat pot ajudar a prevenir afeccions com els problemes articulars, problemes card\u00edacs o la diabetis, per la qual cosa \u00e9s fonamental que la teva mascota mantingui un pes saludable. Pregunta&#8217;ns quin \u00e9s el seu pes ideal.<\/p>\t\t\t\t\t\t\t\t<\/div>\n\t\t\t\t<\/div>\n\t\t\t\t<div class=\"elementor-element elementor-element-79152be elementor-widget elementor-widget-toggle\" data-id=\"79152be\" data-element_type=\"widget\" data-e-type=\"widget\" data-widget_type=\"toggle.default\">\n\t\t\t\t<div class=\"elementor-widget-container\">\n\t\t\t\t\t\t\t<div class=\"elementor-toggle\">\n\t\t\t\t\t\t\t<div class=\"elementor-toggle-item\">\n\t\t\t\t\t<div id=\"elementor-tab-title-1261\" class=\"elementor-tab-title\" data-tab=\"1\" role=\"button\" aria-controls=\"elementor-tab-content-1261\" aria-expanded=\"false\">\n\t\t\t\t\t\t\t\t\t\t\t\t<span class=\"elementor-toggle-icon elementor-toggle-icon-left\" aria-hidden=\"true\">\n\t\t\t\t\t\t\t\t\t\t\t\t\t\t\t<span class=\"elementor-toggle-icon-closed\"><i class=\"fas fa-chevron-down\"><\/i><\/span>\n\t\t\t\t\t\t\t\t<span class=\"elementor-toggle-icon-opened\"><i class=\"elementor-toggle-icon-opened fas fa-chevron-up\"><\/i><\/span>\n\t\t\t\t\t\t\t\t\t\t\t\t\t<\/span>\n\t\t\t\t\t\t\t\t\t\t\t\t<a class=\"elementor-toggle-title\" tabindex=\"0\"> M\u00e9s sobre prevenci\u00f3 a casa<\/a>\n\t\t\t\t\t<\/div>\n\n\t\t\t\t\t<div id=\"elementor-tab-content-1261\" class=\"elementor-tab-content elementor-clearfix\" data-tab=\"1\" role=\"region\" aria-labelledby=\"elementor-tab-title-1261\"><ul><li><strong>Porta al teu gos amb corretja al carrer en tot moment<\/strong>. No deixis que els teus gossos caminin sense lligar: les possibilitats que siguin atropellats o es perdin s\u00f3n massa grans com per arriscar-se a deixar-los c\u00f3rrer lliurement. Mantenir als teus gats dins de casa tamb\u00e9 els ajudar\u00e0 a viure m\u00e9s temps i evitar\u00e0 que es lesionin o tinguin un accident.<\/li><li><strong>No utilitzis cap pesticida, fungicida o fertilitzant t\u00f2xic al teu jard\u00ed si les teves mascotes tenen acc\u00e9s<\/strong>.<\/li><li><strong>Guarda tots els productes dom\u00e8stics potencialment t\u00f2xics, inclosos els detergents, etc., fora de l&#8217;abast de les teves mascotes<\/strong>.<\/li><li><strong>Raspalla les dents del teu gos o gat regularment amb una pasta de dents especial per a gossos o gats, o amb bicarbonat de sodi<\/strong> \u2013 mai amb pasta de dents dissenyada per \u00fas hum\u00e0. Aquesta pr\u00e0ctica pot ajudar a evitar costosos i greus problemes dentals en el futur.<\/li><li><strong>Socialitza i entrena al teu cadell des del principi<\/strong>. Aix\u00f2 ajudar\u00e0 a evitar enfrontaments amb altres gossos m\u00e9s endavant i tamb\u00e9 ajudar\u00e0 a evitar problemes de comportament que poden ser dif\u00edcils de tractar en els gossos adults.<\/li><li><strong>Passa temps amb la teva mascota tots els dies<\/strong>. Passar temps de qualitat amb ells contribuir\u00e0 al seu benestar emocional i, per tant, a millorar la seva salut general.<\/li><li><strong>Mai deixis a la teva mascota en el cotxe en un dia calor\u00f3s<\/strong>. Les temperatures en un cotxe, fins i tot amb les finestretes baixades, poden aconseguir nivells mortals en q\u00fcesti\u00f3 de minuts. Si la temperatura exterior supera els 20 graus, ja \u00e9s insegur mantenir als animals en el cotxe.<\/li><li><strong>Quan viatges amb la teva mascota, porta als gossos en una caixa de transport o subjecta&#8217;ls amb un cintur\u00f3 de seguretat especial per a gossos (no un cintur\u00f3 de seguretat per a humans) i porta tamb\u00e9 als teus gats en caixes de transport<\/strong>. Aix\u00f2 ajudar\u00e0 a evitar que els teus animals es lesionin en un accident, i tingues en compte que, fins i tot a baixa velocitat, els passatgers d&#8217;un cotxe que no van subjectes (ja siguin humans, gossos o gats) poden resultar greument ferits.<\/li><li><strong>Considera la possibilitat d&#8217;assegurar a la teva mascota amb un programa d&#8217;assegurances per a mascotes<\/strong>. Existeixen diversos programes d&#8217;assegurances per a mascotes que cobreixen les seves necessitats en cas d&#8217;accident o malaltia. No obstant aix\u00f2, aquests programes no cobreixen l&#8217;atenci\u00f3 en el moment del tractament, cosa que significa que haur\u00e0s d&#8217;estar preparat per a pagar l&#8217;atenci\u00f3 m\u00e8dica quan el teu animal sigui tractat. A m\u00e9s, aquests plans tenen restriccions sobre els procediments que cobreixen les p\u00f2lisses, per la qual cosa cal llegir detingudament les limitacions d&#8217;aquestes. Aquestes p\u00f2lisses no substitueixen a la disponibilitat d&#8217;un compte d&#8217;estalvis per a cobrir les cures m\u00e8diques necess\u00e0ries.<\/li><\/ul><\/div>\n\t\t\t\t<\/div>\n\t\t\t\t\t\t\t\t<\/div>\n\t\t\t\t\t\t<\/div>\n\t\t\t\t<\/div>\n\t\t\t\t\t<\/div>\n\t\t<\/div>\n\t\t\t\t\t<\/div>\n\t\t<\/section>\n\t\t\t\t<\/div>\n\t\t","protected":false},"excerpt":{"rendered":"<p>Medicina preventiva La prevenci\u00f3 sanit\u00e0ria \u00e9s fonamental per evitar molts problemes m\u00e8dics i augmentar el benestar i la longevitat dels nostres estimats animals de companyia. Visita&#8217;ns de manera freq\u00fcent o quan rebis els nostres recordatoris de visita, no esperis que sorgeixin problemes. Les malalties s\u00f3n m\u00e9s f\u00e0cils de tractar quan es diagnostiquen en les primeres &hellip; <\/p>\n","protected":false},"author":1,"featured_media":0,"parent":0,"menu_order":0,"comment_status":"closed","ping_status":"closed","template":"page-fullwidth.php","meta":{"_acf_changed":false,"content-type":"","footnotes":""},"class_list":["post-13042","page","type-page","status-publish","hentry"],"acf":[],"_links":{"self":[{"href":"https:\/\/www.unavets.com\/icanatura\/ca\/wp-json\/wp\/v2\/pages\/13042","targetHints":{"allow":["GET"]}}],"collection":[{"href":"https:\/\/www.unavets.com\/icanatura\/ca\/wp-json\/wp\/v2\/pages"}],"about":[{"href":"https:\/\/www.unavets.com\/icanatura\/ca\/wp-json\/wp\/v2\/types\/page"}],"author":[{"embeddable":true,"href":"https:\/\/www.unavets.com\/icanatura\/ca\/wp-json\/wp\/v2\/users\/1"}],"replies":[{"embeddable":true,"href":"https:\/\/www.unavets.com\/icanatura\/ca\/wp-json\/wp\/v2\/comments?post=13042"}],"version-history":[{"count":9,"href":"https:\/\/www.unavets.com\/icanatura\/ca\/wp-json\/wp\/v2\/pages\/13042\/revisions"}],"predecessor-version":[{"id":21553,"href":"https:\/\/www.unavets.com\/icanatura\/ca\/wp-json\/wp\/v2\/pages\/13042\/revisions\/21553"}],"wp:attachment":[{"href":"https:\/\/www.unavets.com\/icanatura\/ca\/wp-json\/wp\/v2\/media?parent=13042"}],"curies":[{"name":"wp","href":"https:\/\/api.w.org\/{rel}","templated":true}]}}