{"id":13038,"date":"2021-01-08T13:55:53","date_gmt":"2021-01-08T13:55:53","guid":{"rendered":"http:\/\/www.unavets.com\/icanatura\/?page_id=13038"},"modified":"2026-03-04T11:09:45","modified_gmt":"2026-03-04T11:09:45","slug":"odontologia-veterinaria","status":"publish","type":"page","link":"https:\/\/www.unavets.com\/icanatura\/ca\/serveis\/odontologia-veterinaria\/","title":{"rendered":"Odontologia"},"content":{"rendered":"\t\t<div data-elementor-type=\"wp-page\" data-elementor-id=\"13038\" class=\"elementor elementor-13038 elementor-656\" data-elementor-post-type=\"page\">\n\t\t\t\t\t\t<section class=\"elementor-section elementor-top-section elementor-element elementor-element-d993722 elementor-section-boxed elementor-section-height-default elementor-section-height-default\" data-id=\"d993722\" data-element_type=\"section\" data-e-type=\"section\" id=\"main-sec\">\n\t\t\t\t\t\t<div class=\"elementor-container elementor-column-gap-wide\">\n\t\t\t\t\t<div class=\"elementor-column elementor-col-50 elementor-top-column elementor-element elementor-element-065811d\" data-id=\"065811d\" data-element_type=\"column\" data-e-type=\"column\">\n\t\t\t<div class=\"elementor-widget-wrap elementor-element-populated\">\n\t\t\t\t\t\t<div class=\"elementor-element elementor-element-63d99ac elementor-widget elementor-widget-text-editor\" data-id=\"63d99ac\" data-element_type=\"widget\" data-e-type=\"widget\" data-widget_type=\"text-editor.default\">\n\t\t\t\t<div class=\"elementor-widget-container\">\n\t\t\t\t\t\t\t\t\t<p>La higiene dental \u00e9s una part molt important de la salut dels animals, ja que els problemes dentals poden causar altres malalties. Per aquest motiu, el veterinari ha de revisar les dents i genives de les mascotes almenys un cop a l&#8217;any, durant la revisi\u00f3 m\u00e8dica anual, amb la finalitat de detectar signes primerencs d&#8217;algun problema i mantenir la seva boca sana.<\/p><p>En <span data-sheets-value=\"{\" data-sheets-userformat=\"{\">ICA Natura els <\/span>nostres serveis dentals integrals inclouen:<\/p><ul><li>Neteja per ultrasons (elimina els dip\u00f2sits de carrall)<\/li><li>Poliment (suavitza les imperfeccions de la superf\u00edcie de la dent)<\/li><li>Radiografies dentals digitals (per a avaluar millor la salut bucal)<\/li><li>Extraccions dentals (si fos necessari)<\/li><\/ul><p>El veterinari comen\u00e7a la seva revisi\u00f3 amb un examen de la boca de la mascota. Per avaluar l&#8217;estat de la mand\u00edbula i de les arrels de les dents \u00e9s possible que necessiti fer unes radiografies. Les neteges dentals es realitzen sota sedaci\u00f3 i anest\u00e8sia general per garantir un tractament m\u00e9s complet.<\/p>\t\t\t\t\t\t\t\t<\/div>\n\t\t\t\t<\/div>\n\t\t\t\t\t<\/div>\n\t\t<\/div>\n\t\t\t\t<div class=\"elementor-column elementor-col-50 elementor-top-column elementor-element elementor-element-2048e61\" data-id=\"2048e61\" data-element_type=\"column\" data-e-type=\"column\">\n\t\t\t<div class=\"elementor-widget-wrap elementor-element-populated\">\n\t\t\t\t\t\t<div class=\"elementor-element elementor-element-dc7c821 elementor-widget elementor-widget-image\" data-id=\"dc7c821\" data-element_type=\"widget\" data-e-type=\"widget\" data-widget_type=\"image.default\">\n\t\t\t\t<div class=\"elementor-widget-container\">\n\t\t\t\t\t\t\t\t\t\t\t\t\t\t\t<img fetchpriority=\"high\" width=\"724\" height=\"483\" class=\"attachment-large size-large wp-image-21863 lazy\" alt=\"\" data-src=\"https:\/\/www.unavets.com\/icanatura\/wp-content\/uploads\/sites\/61\/2026\/03\/Fotos-Horizontales-para-web-42-1024x683.jpg\" data-lazy=\"https:\/\/www.unavets.com\/icanatura\/wp-content\/uploads\/sites\/61\/2026\/03\/Fotos-Horizontales-para-web-42-1024x683.jpg\" \/>\t\t\t\t\t\t\t\t\t\t\t\t\t\t\t<\/div>\n\t\t\t\t<\/div>\n\t\t\t\t<div class=\"elementor-element elementor-element-f4dab0d elementor-align-center elementor-widget elementor-widget-button\" data-id=\"f4dab0d\" data-element_type=\"widget\" data-e-type=\"widget\" data-widget_type=\"button.default\">\n\t\t\t\t<div class=\"elementor-widget-container\">\n\t\t\t\t\t\t\t\t\t<div class=\"elementor-button-wrapper\">\n\t\t\t\t\t<a class=\"elementor-button elementor-button-link elementor-size-md\" href=\"https:\/\/www.unavets.com\/icanatura\/ca\/contacte\/\">\n\t\t\t\t\t\t<span class=\"elementor-button-content-wrapper\">\n\t\t\t\t\t\t<span class=\"elementor-button-icon\">\n\t\t\t\t<i aria-hidden=\"true\" class=\"far fa-calendar-alt\"><\/i>\t\t\t<\/span>\n\t\t\t\t\t\t\t\t\t<span class=\"elementor-button-text\">Demana cita<\/span>\n\t\t\t\t\t<\/span>\n\t\t\t\t\t<\/a>\n\t\t\t\t<\/div>\n\t\t\t\t\t\t\t\t<\/div>\n\t\t\t\t<\/div>\n\t\t\t\t\t<\/div>\n\t\t<\/div>\n\t\t\t\t\t<\/div>\n\t\t<\/section>\n\t\t\t\t<section class=\"elementor-section elementor-top-section elementor-element elementor-element-c6e8d26 elementor-section-boxed elementor-section-height-default elementor-section-height-default\" data-id=\"c6e8d26\" data-element_type=\"section\" data-e-type=\"section\">\n\t\t\t\t\t\t<div class=\"elementor-container elementor-column-gap-default\">\n\t\t\t\t\t<div class=\"elementor-column elementor-col-100 elementor-top-column elementor-element elementor-element-d92d362\" data-id=\"d92d362\" data-element_type=\"column\" data-e-type=\"column\">\n\t\t\t<div class=\"elementor-widget-wrap elementor-element-populated\">\n\t\t\t\t\t\t<div class=\"elementor-element elementor-element-70fb1ad elementor-widget elementor-widget-section_titleleft\" data-id=\"70fb1ad\" data-element_type=\"widget\" data-e-type=\"widget\" data-widget_type=\"section_titleleft.default\">\n\t\t\t\t<div class=\"elementor-widget-container\">\n\t\t\t\t\t        <div class=\"ab_text-title fl-wrap\">\n            <h3>Qu\u00e8 \u00e9s el que cal vigilar?<\/h3><span class=\"section-separator fl-sec-sep\"><\/span>        <\/div>\n        \t\t\t\t<\/div>\n\t\t\t\t<\/div>\n\t\t\t\t\t<\/div>\n\t\t<\/div>\n\t\t\t\t\t<\/div>\n\t\t<\/section>\n\t\t\t\t<section class=\"elementor-section elementor-top-section elementor-element elementor-element-149f379 elementor-section-boxed elementor-section-height-default elementor-section-height-default\" data-id=\"149f379\" data-element_type=\"section\" data-e-type=\"section\">\n\t\t\t\t\t\t<div class=\"elementor-container elementor-column-gap-wide\">\n\t\t\t\t\t<div class=\"elementor-column elementor-col-50 elementor-top-column elementor-element elementor-element-2a8ea5b\" data-id=\"2a8ea5b\" data-element_type=\"column\" data-e-type=\"column\">\n\t\t\t<div class=\"elementor-widget-wrap elementor-element-populated\">\n\t\t\t\t\t\t<div class=\"elementor-element elementor-element-01118fc elementor-widget elementor-widget-image\" data-id=\"01118fc\" data-element_type=\"widget\" data-e-type=\"widget\" data-widget_type=\"image.default\">\n\t\t\t\t<div class=\"elementor-widget-container\">\n\t\t\t\t\t\t\t\t\t\t\t\t\t\t\t<img width=\"500\" height=\"335\" class=\"attachment-townhub-featured-image size-townhub-featured-image wp-image-455 lazy\" alt=\"\" data-src=\"https:\/\/www.unavets.com\/icanatura\/wp-content\/uploads\/sites\/61\/2020\/10\/Depositphotos_13921798_original-1-1.jpg\" data-lazy=\"https:\/\/www.unavets.com\/icanatura\/wp-content\/uploads\/sites\/61\/2020\/10\/Depositphotos_13921798_original-1-1.jpg\" \/>\t\t\t\t\t\t\t\t\t\t\t\t\t\t\t<\/div>\n\t\t\t\t<\/div>\n\t\t\t\t\t<\/div>\n\t\t<\/div>\n\t\t\t\t<div class=\"elementor-column elementor-col-50 elementor-top-column elementor-element elementor-element-08b8459\" data-id=\"08b8459\" data-element_type=\"column\" data-e-type=\"column\">\n\t\t\t<div class=\"elementor-widget-wrap elementor-element-populated\">\n\t\t\t\t\t\t<div class=\"elementor-element elementor-element-e1b240e elementor-widget elementor-widget-text-editor\" data-id=\"e1b240e\" data-element_type=\"widget\" data-e-type=\"widget\" data-widget_type=\"text-editor.default\">\n\t\t\t\t<div class=\"elementor-widget-container\">\n\t\t\t\t\t\t\t\t\t<p>Acudeix a la cl\u00ednica tan aviat observis algun dels seg\u00fcents problemes:<\/p><ul><li>Dents trencades o soltes<\/li><li>Dents addicionals o dents de llet retingudes<\/li><li>Dents descolorides o cobertes de carrall<\/li><li>Mal al\u00e8<\/li><li>Masticaci\u00f3, bavejo o aliments que cauen de la boca de manera anormal<\/li><li>Apetit redu\u00eft o negativa a menjar<\/li><li>Dolor en o al voltant de la boca<\/li><li>Sagnat de la boca<\/li><li>Inflamaci\u00f3 de les zones que envolten la boca<\/li><\/ul><p>Algunes mascotes es tornen irritables quan tenen problemes dentals, per aix\u00f2, qualsevol canvi en el seu comportament hauria d&#8217;anar acompanyat d&#8217;una visita al veterinari. Cal tenir precauci\u00f3 sempre en revisar la boca de la mascota, perqu\u00e8 un animal dolor\u00f3s pot mossegar.<\/p>\t\t\t\t\t\t\t\t<\/div>\n\t\t\t\t<\/div>\n\t\t\t\t\t<\/div>\n\t\t<\/div>\n\t\t\t\t\t<\/div>\n\t\t<\/section>\n\t\t\t\t<section class=\"elementor-section elementor-top-section elementor-element elementor-element-49ff81c elementor-section-boxed elementor-section-height-default elementor-section-height-default\" data-id=\"49ff81c\" data-element_type=\"section\" data-e-type=\"section\">\n\t\t\t\t\t\t<div class=\"elementor-container elementor-column-gap-default\">\n\t\t\t\t\t<div class=\"elementor-column elementor-col-100 elementor-top-column elementor-element elementor-element-1dff2ba\" data-id=\"1dff2ba\" data-element_type=\"column\" data-e-type=\"column\">\n\t\t\t<div class=\"elementor-widget-wrap elementor-element-populated\">\n\t\t\t\t\t\t<div class=\"elementor-element elementor-element-9ea1c2e elementor-widget elementor-widget-section_titleleft\" data-id=\"9ea1c2e\" data-element_type=\"widget\" data-e-type=\"widget\" data-widget_type=\"section_titleleft.default\">\n\t\t\t\t<div class=\"elementor-widget-container\">\n\t\t\t\t\t        <div class=\"ab_text-title fl-wrap\">\n            <h3>Per qu\u00e8 l'odontologia veterin\u00e0ria requereix d'anest\u00e8sia?<\/h3><span class=\"section-separator fl-sec-sep\"><\/span>        <\/div>\n        \t\t\t\t<\/div>\n\t\t\t\t<\/div>\n\t\t\t\t<div class=\"elementor-element elementor-element-ac2f888 elementor-widget elementor-widget-text-editor\" data-id=\"ac2f888\" data-element_type=\"widget\" data-e-type=\"widget\" data-widget_type=\"text-editor.default\">\n\t\t\t\t<div class=\"elementor-widget-container\">\n\t\t\t\t\t\t\t\t\t<p>Quan portes la teva mascota a ICA Natura, li realitzem a la nostra consulta els tractaments necessaris per tal que mantingui la boca sana. Utilitzem t\u00e8cniques per a minimitzar el dolor i les mol\u00e8sties, com l&#8217;anest\u00e8sia, que permet realitzar els procediments dentals amb menys estr\u00e8s i dolor per als animals. Els animals de companyia no reconeixen el benefici que els hi aporten els tractaments dentals i reaccionen movent-se, tractant d&#8217;escapar o fins i tot mossegant.<\/p><p>L&#8217;anest\u00e8sia evita el moviment del pacient, disminueix el risc que es lesioni amb l&#8217;equip dental i ens permet realitzar millor la neteja. Si necessitem fer radiografies, l&#8217;anest\u00e8sia permet que l&#8217;animal romangui quiet i que obtinguem bones imatges.<\/p><p>\u2022 La majoria dels nostres pacients poden tornar a casa el mateix dia del procediment, encara que poden semblar una mica desorientats durant la resta del dia.<\/p>\t\t\t\t\t\t\t\t<\/div>\n\t\t\t\t<\/div>\n\t\t\t\t\t<\/div>\n\t\t<\/div>\n\t\t\t\t\t<\/div>\n\t\t<\/section>\n\t\t\t\t<section class=\"elementor-section elementor-top-section elementor-element elementor-element-9a84a67 elementor-section-boxed elementor-section-height-default elementor-section-height-default\" data-id=\"9a84a67\" data-element_type=\"section\" data-e-type=\"section\">\n\t\t\t\t\t\t<div class=\"elementor-container elementor-column-gap-default\">\n\t\t\t\t\t<div class=\"elementor-column elementor-col-100 elementor-top-column elementor-element elementor-element-0118b94\" data-id=\"0118b94\" data-element_type=\"column\" data-e-type=\"column\">\n\t\t\t<div class=\"elementor-widget-wrap elementor-element-populated\">\n\t\t\t\t\t\t<div class=\"elementor-element elementor-element-bc0aa84 elementor-widget elementor-widget-section_titleleft\" data-id=\"bc0aa84\" data-element_type=\"widget\" data-e-type=\"widget\" data-widget_type=\"section_titleleft.default\">\n\t\t\t\t<div class=\"elementor-widget-container\">\n\t\t\t\t\t        <div class=\"ab_text-title fl-wrap\">\n            <h3>Causes dels problemes dentals en les mascotes<\/h3><span class=\"section-separator fl-sec-sep\"><\/span>        <\/div>\n        \t\t\t\t<\/div>\n\t\t\t\t<\/div>\n\t\t\t\t<div class=\"elementor-element elementor-element-6622e99 elementor-widget elementor-widget-text-editor\" data-id=\"6622e99\" data-element_type=\"widget\" data-e-type=\"widget\" data-widget_type=\"text-editor.default\">\n\t\t\t\t<div class=\"elementor-widget-container\">\n\t\t\t\t\t\t\t\t\t<p>Encara que les c\u00e0ries s\u00f3n menys comunes en les mascotes que en les persones, els animals poden tenir molts dels mateixos problemes dentals que desenvolupem les persones:<\/p><ul><li>Trencament de dents i arrels<\/li><li>Malaltia periodontal<\/li><li>Abscessos o dents infectades<\/li><li>Quistos o tumors en la boca<\/li><li>Maloclusi\u00f3 o desalineaci\u00f3 de les dents i mossegada<\/li><li>Fractura de mand\u00edbula<\/li><li>Defectes del paladar<\/li><\/ul>\t\t\t\t\t\t\t\t<\/div>\n\t\t\t\t<\/div>\n\t\t\t\t<div class=\"elementor-element elementor-element-479fa5f elementor-widget elementor-widget-toggle\" data-id=\"479fa5f\" data-element_type=\"widget\" data-e-type=\"widget\" data-widget_type=\"toggle.default\">\n\t\t\t\t<div class=\"elementor-widget-container\">\n\t\t\t\t\t\t\t<div class=\"elementor-toggle\">\n\t\t\t\t\t\t\t<div class=\"elementor-toggle-item\">\n\t\t\t\t\t<div id=\"elementor-tab-title-7511\" class=\"elementor-tab-title\" data-tab=\"1\" role=\"button\" aria-controls=\"elementor-tab-content-7511\" aria-expanded=\"false\">\n\t\t\t\t\t\t\t\t\t\t\t\t<span class=\"elementor-toggle-icon elementor-toggle-icon-left\" aria-hidden=\"true\">\n\t\t\t\t\t\t\t\t\t\t\t\t\t\t\t<span class=\"elementor-toggle-icon-closed\"><i class=\"fas fa-chevron-down\"><\/i><\/span>\n\t\t\t\t\t\t\t\t<span class=\"elementor-toggle-icon-opened\"><i class=\"elementor-toggle-icon-opened fas fa-chevron-up\"><\/i><\/span>\n\t\t\t\t\t\t\t\t\t\t\t\t\t<\/span>\n\t\t\t\t\t\t\t\t\t\t\t\t<a class=\"elementor-toggle-title\" tabindex=\"0\">Altres causes dels problemes dentals de les mascotes<\/a>\n\t\t\t\t\t<\/div>\n\n\t\t\t\t\t<div id=\"elementor-tab-content-7511\" class=\"elementor-tab-content elementor-clearfix\" data-tab=\"1\" role=\"region\" aria-labelledby=\"elementor-tab-title-7511\"><p>La malaltia periodontal \u00e9s l&#8217;afecci\u00f3 dental m\u00e9s comuna en gossos i gats. Els primers s\u00edmptomes acostumen a apar\u00e8ixer als 3 o 4 anys i poden empitjorar amb el pas del temps, si no es prenen mesures preventives eficaces. S\u00f3n fonamentals la detecci\u00f3 i el tractament preco\u00e7os, perqu\u00e8 aquesta malaltia en estat avan\u00e7at pot ocasionar dolor i problemes greus. Altres problemes de salut que es troben associats amb aquesta malaltia inclouen alteracions en els ronyons, el fetge i el cor.<\/p><p>El proc\u00e9s comen\u00e7a amb l&#8217;enduriment de la placa bacteriana, que es converteix en carrall i prepara l&#8217;escenari per a la infecci\u00f3, perjudicant la mand\u00edbula i els teixits que la connecten amb la dent. Aquesta afecci\u00f3 es classifica en una escala de 0 (normal) a 4 (greu).<\/p><p>El tractament de la malaltia periodontal preveu una neteja dental completa; tamb\u00e9 \u00e9s possible que es necessitin radiografies per a determinar la gravetat de les lesions i tractament m\u00e8dic que elimini la infecci\u00f3 i la inflamaci\u00f3. Si la teva mascota rep un diagn\u00f2stic de malaltia periodontal, el veterinari t&#8217;aconsellar\u00e0 qu\u00e8 fer, basant-se en la salut general de l&#8217;animal i la salut de les seves dents.<\/p><\/div>\n\t\t\t\t<\/div>\n\t\t\t\t\t\t\t\t<\/div>\n\t\t\t\t\t\t<\/div>\n\t\t\t\t<\/div>\n\t\t\t\t\t<\/div>\n\t\t<\/div>\n\t\t\t\t\t<\/div>\n\t\t<\/section>\n\t\t\t\t<\/div>\n\t\t","protected":false},"excerpt":{"rendered":"<p>La higiene dental \u00e9s una part molt important de la salut dels animals, ja que els problemes dentals poden causar altres malalties. Per aquest motiu, el veterinari ha de revisar les dents i genives de les mascotes almenys un cop a l&#8217;any, durant la revisi\u00f3 m\u00e8dica anual, amb la finalitat de detectar signes primerencs d&#8217;algun &hellip; <\/p>\n","protected":false},"author":1,"featured_media":0,"parent":13567,"menu_order":0,"comment_status":"closed","ping_status":"closed","template":"page-fullwidth.php","meta":{"_acf_changed":false,"content-type":"","footnotes":""},"class_list":["post-13038","page","type-page","status-publish","hentry"],"acf":[],"_links":{"self":[{"href":"https:\/\/www.unavets.com\/icanatura\/ca\/wp-json\/wp\/v2\/pages\/13038","targetHints":{"allow":["GET"]}}],"collection":[{"href":"https:\/\/www.unavets.com\/icanatura\/ca\/wp-json\/wp\/v2\/pages"}],"about":[{"href":"https:\/\/www.unavets.com\/icanatura\/ca\/wp-json\/wp\/v2\/types\/page"}],"author":[{"embeddable":true,"href":"https:\/\/www.unavets.com\/icanatura\/ca\/wp-json\/wp\/v2\/users\/1"}],"replies":[{"embeddable":true,"href":"https:\/\/www.unavets.com\/icanatura\/ca\/wp-json\/wp\/v2\/comments?post=13038"}],"version-history":[{"count":9,"href":"https:\/\/www.unavets.com\/icanatura\/ca\/wp-json\/wp\/v2\/pages\/13038\/revisions"}],"predecessor-version":[{"id":21866,"href":"https:\/\/www.unavets.com\/icanatura\/ca\/wp-json\/wp\/v2\/pages\/13038\/revisions\/21866"}],"up":[{"embeddable":true,"href":"https:\/\/www.unavets.com\/icanatura\/ca\/wp-json\/wp\/v2\/pages\/13567"}],"wp:attachment":[{"href":"https:\/\/www.unavets.com\/icanatura\/ca\/wp-json\/wp\/v2\/media?parent=13038"}],"curies":[{"name":"wp","href":"https:\/\/api.w.org\/{rel}","templated":true}]}}