{"id":13028,"date":"2021-01-08T13:41:40","date_gmt":"2021-01-08T13:41:40","guid":{"rendered":"http:\/\/www.unavets.com\/icanatura\/?page_id=13028"},"modified":"2026-03-04T10:22:41","modified_gmt":"2026-03-04T10:22:41","slug":"laboratori","status":"publish","type":"page","link":"https:\/\/www.unavets.com\/icanatura\/ca\/serveis\/laboratori\/","title":{"rendered":"Laboratori"},"content":{"rendered":"\t\t<div data-elementor-type=\"wp-page\" data-elementor-id=\"13028\" class=\"elementor elementor-13028 elementor-679\" data-elementor-post-type=\"page\">\n\t\t\t\t\t\t<section class=\"elementor-section elementor-top-section elementor-element elementor-element-3b7f1f2 elementor-section-boxed elementor-section-height-default elementor-section-height-default\" data-id=\"3b7f1f2\" data-element_type=\"section\" data-e-type=\"section\" id=\"main-sec\">\n\t\t\t\t\t\t<div class=\"elementor-container elementor-column-gap-default\">\n\t\t\t\t\t<div class=\"elementor-column elementor-col-100 elementor-top-column elementor-element elementor-element-138c88c\" data-id=\"138c88c\" data-element_type=\"column\" data-e-type=\"column\">\n\t\t\t<div class=\"elementor-widget-wrap elementor-element-populated\">\n\t\t\t\t\t\t<div class=\"elementor-element elementor-element-ec83cf0 elementor-widget elementor-widget-section_titleleft\" data-id=\"ec83cf0\" data-element_type=\"widget\" data-e-type=\"widget\" data-widget_type=\"section_titleleft.default\">\n\t\t\t\t<div class=\"elementor-widget-container\">\n\t\t\t\t\t        <div class=\"ab_text-title fl-wrap\">\n            Els veterinaris de ICA Natura realitzen proves b\u00e0siques de laboratori a la nostra cl\u00ednica. Els nostres veterinaris poden recollir les mostres necess\u00e0ries en la consulta o tu mateix\/a pots prendre una mostra a casa (femta, orina) i portar-la a la cl\u00ednica.<span class=\"section-separator fl-sec-sep\"><\/span>        <\/div>\n        \t\t\t\t<\/div>\n\t\t\t\t<\/div>\n\t\t\t\t<section class=\"elementor-section elementor-inner-section elementor-element elementor-element-7cb30d6 elementor-section-boxed elementor-section-height-default elementor-section-height-default\" data-id=\"7cb30d6\" data-element_type=\"section\" data-e-type=\"section\">\n\t\t\t\t\t\t<div class=\"elementor-container elementor-column-gap-default\">\n\t\t\t\t\t<div class=\"elementor-column elementor-col-50 elementor-inner-column elementor-element elementor-element-68a2194\" data-id=\"68a2194\" data-element_type=\"column\" data-e-type=\"column\">\n\t\t\t<div class=\"elementor-widget-wrap elementor-element-populated\">\n\t\t\t\t\t\t<div class=\"elementor-element elementor-element-63d99ac elementor-widget elementor-widget-text-editor\" data-id=\"63d99ac\" data-element_type=\"widget\" data-e-type=\"widget\" data-widget_type=\"text-editor.default\">\n\t\t\t\t<div class=\"elementor-widget-container\">\n\t\t\t\t\t\t\t\t\t<p><strong>An\u00e0lisi de sang<\/strong><\/p><p>Una de les proves m\u00e9s comunes a\u00a0ICA Natura \u00e9s un recompte sanguini complet (CBC) que analitza la quantitat i l&#8217;aspecte de les c\u00e8l\u00b7lules sangu\u00ednies. Aquesta prova \u00e9s important en el diagn\u00f2stic i seguiment de malalties i infeccions i pot indicar per exemple, si la mascota pateix deshidrataci\u00f3, diarrea o an\u00e8mia. Els resultats poden dir-nos molt sobre el funcionament del seu cos i pot indicar possibles problemes de salut.<\/p><p><strong>Prova de femta<\/strong><\/p><p>La mostra de femta es pot obtenir abans d&#8217;una visita o el mateix veterinari pot recollir-la <span style=\"color: #ff0000\"><span style=\"color: #808080\">a la nostra consulta de<\/span> <span style=\"color: #808080\">Lleida<\/span><\/span>. El material s&#8217;examina sota un microscopi. Ens permet detectar la pres\u00e8ncia d&#8217;ous de par\u00e0sits com Giardia i Cryptosporidium o b\u00e9 ous d&#8217;altres par\u00e0sits, com ara cucs, anquil\u00f2stoms i t\u00e8nies. Tamb\u00e9 es poden observar larves, cucs adults o segments de t\u00e8nies.<\/p>\t\t\t\t\t\t\t\t<\/div>\n\t\t\t\t<\/div>\n\t\t\t\t<div class=\"elementor-element elementor-element-fbd5dc8 elementor-align-center elementor-widget elementor-widget-button\" data-id=\"fbd5dc8\" data-element_type=\"widget\" data-e-type=\"widget\" data-widget_type=\"button.default\">\n\t\t\t\t<div class=\"elementor-widget-container\">\n\t\t\t\t\t\t\t\t\t<div class=\"elementor-button-wrapper\">\n\t\t\t\t\t<a class=\"elementor-button elementor-button-link elementor-size-sm\" href=\"https:\/\/www.unavets.com\/icanatura\/ca\/contacte\/\">\n\t\t\t\t\t\t<span class=\"elementor-button-content-wrapper\">\n\t\t\t\t\t\t<span class=\"elementor-button-icon\">\n\t\t\t\t<i aria-hidden=\"true\" class=\"far fa-calendar-alt\"><\/i>\t\t\t<\/span>\n\t\t\t\t\t\t\t\t\t<span class=\"elementor-button-text\">Demana cita<\/span>\n\t\t\t\t\t<\/span>\n\t\t\t\t\t<\/a>\n\t\t\t\t<\/div>\n\t\t\t\t\t\t\t\t<\/div>\n\t\t\t\t<\/div>\n\t\t\t\t\t<\/div>\n\t\t<\/div>\n\t\t\t\t<div class=\"elementor-column elementor-col-50 elementor-inner-column elementor-element elementor-element-3ba58a5\" data-id=\"3ba58a5\" data-element_type=\"column\" data-e-type=\"column\">\n\t\t\t<div class=\"elementor-widget-wrap elementor-element-populated\">\n\t\t\t\t\t\t<div class=\"elementor-element elementor-element-dc7c821 elementor-widget elementor-widget-image\" data-id=\"dc7c821\" data-element_type=\"widget\" data-e-type=\"widget\" data-widget_type=\"image.default\">\n\t\t\t\t<div class=\"elementor-widget-container\">\n\t\t\t\t\t\t\t\t\t\t\t\t\t\t\t<img fetchpriority=\"high\" width=\"724\" height=\"483\" class=\"attachment-large size-large wp-image-21807 lazy\" alt=\"\" data-src=\"https:\/\/www.unavets.com\/icanatura\/wp-content\/uploads\/sites\/61\/2026\/03\/Fotos-Horizontales-para-web-39-2-1024x683.jpg\" data-lazy=\"https:\/\/www.unavets.com\/icanatura\/wp-content\/uploads\/sites\/61\/2026\/03\/Fotos-Horizontales-para-web-39-2-1024x683.jpg\" \/>\t\t\t\t\t\t\t\t\t\t\t\t\t\t\t<\/div>\n\t\t\t\t<\/div>\n\t\t\t\t\t<\/div>\n\t\t<\/div>\n\t\t\t\t\t<\/div>\n\t\t<\/section>\n\t\t\t\t\t<\/div>\n\t\t<\/div>\n\t\t\t\t\t<\/div>\n\t\t<\/section>\n\t\t\t\t<section class=\"elementor-section elementor-top-section elementor-element elementor-element-149f379 elementor-section-boxed elementor-section-height-default elementor-section-height-default\" data-id=\"149f379\" data-element_type=\"section\" data-e-type=\"section\">\n\t\t\t\t\t\t<div class=\"elementor-container elementor-column-gap-default\">\n\t\t\t\t\t<div class=\"elementor-column elementor-col-50 elementor-top-column elementor-element elementor-element-2a8ea5b\" data-id=\"2a8ea5b\" data-element_type=\"column\" data-e-type=\"column\">\n\t\t\t<div class=\"elementor-widget-wrap elementor-element-populated\">\n\t\t\t\t\t\t<div class=\"elementor-element elementor-element-01118fc elementor-widget elementor-widget-image\" data-id=\"01118fc\" data-element_type=\"widget\" data-e-type=\"widget\" data-widget_type=\"image.default\">\n\t\t\t\t<div class=\"elementor-widget-container\">\n\t\t\t\t\t\t\t\t\t\t\t\t\t\t\t<img width=\"600\" height=\"765\" class=\"attachment-large size-large wp-image-21759 lazy\" alt=\"\" data-src=\"https:\/\/www.unavets.com\/icanatura\/wp-content\/uploads\/sites\/61\/2026\/03\/10-e1772539053897.jpg\" data-lazy=\"https:\/\/www.unavets.com\/icanatura\/wp-content\/uploads\/sites\/61\/2026\/03\/10-e1772539053897.jpg\" \/>\t\t\t\t\t\t\t\t\t\t\t\t\t\t\t<\/div>\n\t\t\t\t<\/div>\n\t\t\t\t\t<\/div>\n\t\t<\/div>\n\t\t\t\t<div class=\"elementor-column elementor-col-50 elementor-top-column elementor-element elementor-element-08b8459\" data-id=\"08b8459\" data-element_type=\"column\" data-e-type=\"column\">\n\t\t\t<div class=\"elementor-widget-wrap elementor-element-populated\">\n\t\t\t\t\t\t<div class=\"elementor-element elementor-element-e1b240e elementor-widget elementor-widget-text-editor\" data-id=\"e1b240e\" data-element_type=\"widget\" data-e-type=\"widget\" data-widget_type=\"text-editor.default\">\n\t\t\t\t<div class=\"elementor-widget-container\">\n\t\t\t\t\t\t\t\t\t<p><strong>An\u00e0lisi d&#8217;orina<\/strong><\/p><p>L&#8217;an\u00e0lisi de l&#8217;orina \u00e9s important per detectar diversos tipus de malalties del tracte urinari, malaltia renal o hemorr\u00e0gia interna. La mostra ha d&#8217;analitzar-se immediatament despr\u00e9s de la recollida, ja que l&#8217;orina es degrada a determinades temperatures.<\/p><p>Habitualment analitzem l&#8217;aparen\u00e7a, concentraci\u00f3 i contingut de l&#8217;orina.<\/p><p>L&#8217;orina normal \u00e9s de color groc o ambre i hauria de ser transparent o d&#8217;un to clar. La pres\u00e8ncia de malalties o infeccions pot canviar el color o el to.<\/p>\t\t\t\t\t\t\t\t<\/div>\n\t\t\t\t<\/div>\n\t\t\t\t<div class=\"elementor-element elementor-element-be0ee65 elementor-widget elementor-widget-text-editor\" data-id=\"be0ee65\" data-element_type=\"widget\" data-e-type=\"widget\" data-widget_type=\"text-editor.default\">\n\t\t\t\t<div class=\"elementor-widget-container\">\n\t\t\t\t\t\t\t\t\t<p><strong>An\u00e0lisi d\u2019hormones<\/strong><\/p><p>L\u2019exc\u00e9s o falta de certes hormones en l\u2019organisme dels animals pot desencadenar diverses malalties, com la diabetis, la s\u00edndrome de Cushing, la malaltia d\u2019Addison, l\u2019hipertiro\u00efdisme, etc. Per preveure aix\u00f2, podem identificar el nivell d\u2019aquestes hormones en els animals, mitjan\u00e7ant una mostra de sang que processem en el nostre laboratori.<\/p><p><strong>Citologia<\/strong><\/p><p><strong>\u00a0<\/strong>La citologia \u00e9s una prova diagn\u00f2stica que els veterinaris de ICA Natura fan servir per detectar anomalies o lesions en les c\u00e8l\u00b7lules. Per fer-ho, necessiten prendre una mostra de la lesi\u00f3, que obtenen mitjan\u00e7ant aspiraci\u00f3 amb agulla o fent una empremta de la lesi\u00f3. A continuaci\u00f3 s\u2019apliquen t\u00e8cniques de tinci\u00f3 a la mostra i s\u2019analitza sota el microscopi.<\/p><p>La citologia ens permet:<\/p><ul><li>Diferenciar quan una lesi\u00f3 \u00e9s tumoral o no.<\/li><li>Classificar els neoplasmes o tumors com a benignes o malignes.<\/li><li>Determinar si s\u2019ha d\u2019emprar un tractament m\u00e8dic o quir\u00fargic.<\/li><\/ul>\t\t\t\t\t\t\t\t<\/div>\n\t\t\t\t<\/div>\n\t\t\t\t<div class=\"elementor-element elementor-element-1b05a99 elementor-align-center elementor-widget elementor-widget-button\" data-id=\"1b05a99\" data-element_type=\"widget\" data-e-type=\"widget\" data-widget_type=\"button.default\">\n\t\t\t\t<div class=\"elementor-widget-container\">\n\t\t\t\t\t\t\t\t\t<div class=\"elementor-button-wrapper\">\n\t\t\t\t\t<a class=\"elementor-button elementor-button-link elementor-size-sm\" href=\"https:\/\/www.unavets.com\/icanatura\/ca\/contacte\/\">\n\t\t\t\t\t\t<span class=\"elementor-button-content-wrapper\">\n\t\t\t\t\t\t<span class=\"elementor-button-icon\">\n\t\t\t\t<i aria-hidden=\"true\" class=\"far fa-calendar-alt\"><\/i>\t\t\t<\/span>\n\t\t\t\t\t\t\t\t\t<span class=\"elementor-button-text\">Demana cita<\/span>\n\t\t\t\t\t<\/span>\n\t\t\t\t\t<\/a>\n\t\t\t\t<\/div>\n\t\t\t\t\t\t\t\t<\/div>\n\t\t\t\t<\/div>\n\t\t\t\t\t<\/div>\n\t\t<\/div>\n\t\t\t\t\t<\/div>\n\t\t<\/section>\n\t\t\t\t<\/div>\n\t\t","protected":false},"excerpt":{"rendered":"<p>Els veterinaris de realitzen proves b\u00e0siques de laboratori a la nostra cl\u00ednica. Els nostres veterinaris poden recollir les mostres necess\u00e0ries en la consulta o tu mateix\/a pots prendre una mostra a casa (femta, orina) i portar-la a la cl\u00ednica. An\u00e0lisi de sang Una de les proves m\u00e9s comunes a\u00a0 \u00e9s un recompte sanguini complet (CBC) &hellip; <\/p>\n","protected":false},"author":1,"featured_media":0,"parent":13567,"menu_order":0,"comment_status":"closed","ping_status":"closed","template":"page-fullwidth.php","meta":{"_acf_changed":false,"content-type":"","footnotes":""},"class_list":["post-13028","page","type-page","status-publish","hentry"],"acf":[],"_links":{"self":[{"href":"https:\/\/www.unavets.com\/icanatura\/ca\/wp-json\/wp\/v2\/pages\/13028","targetHints":{"allow":["GET"]}}],"collection":[{"href":"https:\/\/www.unavets.com\/icanatura\/ca\/wp-json\/wp\/v2\/pages"}],"about":[{"href":"https:\/\/www.unavets.com\/icanatura\/ca\/wp-json\/wp\/v2\/types\/page"}],"author":[{"embeddable":true,"href":"https:\/\/www.unavets.com\/icanatura\/ca\/wp-json\/wp\/v2\/users\/1"}],"replies":[{"embeddable":true,"href":"https:\/\/www.unavets.com\/icanatura\/ca\/wp-json\/wp\/v2\/comments?post=13028"}],"version-history":[{"count":12,"href":"https:\/\/www.unavets.com\/icanatura\/ca\/wp-json\/wp\/v2\/pages\/13028\/revisions"}],"predecessor-version":[{"id":21812,"href":"https:\/\/www.unavets.com\/icanatura\/ca\/wp-json\/wp\/v2\/pages\/13028\/revisions\/21812"}],"up":[{"embeddable":true,"href":"https:\/\/www.unavets.com\/icanatura\/ca\/wp-json\/wp\/v2\/pages\/13567"}],"wp:attachment":[{"href":"https:\/\/www.unavets.com\/icanatura\/ca\/wp-json\/wp\/v2\/media?parent=13028"}],"curies":[{"name":"wp","href":"https:\/\/api.w.org\/{rel}","templated":true}]}}