{"id":12984,"date":"2021-01-08T13:39:11","date_gmt":"2021-01-08T13:39:11","guid":{"rendered":"http:\/\/www.unavets.com\/icanatura\/?page_id=12984"},"modified":"2026-03-03T14:36:32","modified_gmt":"2026-03-03T14:36:32","slug":"hospitalitzacio","status":"publish","type":"page","link":"https:\/\/www.unavets.com\/icanatura\/ca\/serveis\/hospitalitzacio\/","title":{"rendered":"Hospitalitzaci\u00f3"},"content":{"rendered":"\t\t<div data-elementor-type=\"wp-page\" data-elementor-id=\"12984\" class=\"elementor elementor-12984 elementor-523\" data-elementor-post-type=\"page\">\n\t\t\t\t\t\t<section class=\"elementor-section elementor-top-section elementor-element elementor-element-944c7da elementor-section-boxed elementor-section-height-default elementor-section-height-default\" data-id=\"944c7da\" data-element_type=\"section\" data-e-type=\"section\" id=\"main-sec\">\n\t\t\t\t\t\t<div class=\"elementor-container elementor-column-gap-default\">\n\t\t\t\t\t<div class=\"elementor-column elementor-col-100 elementor-top-column elementor-element elementor-element-cd33b70\" data-id=\"cd33b70\" data-element_type=\"column\" data-e-type=\"column\">\n\t\t\t<div class=\"elementor-widget-wrap elementor-element-populated\">\n\t\t\t\t\t\t<section class=\"elementor-section elementor-inner-section elementor-element elementor-element-36d1f80 elementor-section-boxed elementor-section-height-default elementor-section-height-default\" data-id=\"36d1f80\" data-element_type=\"section\" data-e-type=\"section\">\n\t\t\t\t\t\t<div class=\"elementor-container elementor-column-gap-default\">\n\t\t\t\t\t<div class=\"elementor-column elementor-col-50 elementor-inner-column elementor-element elementor-element-01122bb\" data-id=\"01122bb\" data-element_type=\"column\" data-e-type=\"column\">\n\t\t\t<div class=\"elementor-widget-wrap elementor-element-populated\">\n\t\t\t\t\t\t<div class=\"elementor-element elementor-element-a714ea9 elementor-widget elementor-widget-image\" data-id=\"a714ea9\" data-element_type=\"widget\" data-e-type=\"widget\" data-widget_type=\"image.default\">\n\t\t\t\t<div class=\"elementor-widget-container\">\n\t\t\t\t\t\t\t\t\t\t\t\t\t\t\t<img fetchpriority=\"high\" width=\"786\" height=\"524\" class=\"attachment-townhub-single-image size-townhub-single-image wp-image-21766 lazy\" alt=\"\" data-src=\"https:\/\/www.unavets.com\/icanatura\/wp-content\/uploads\/sites\/61\/2026\/03\/9-786x524.jpg\" data-lazy=\"https:\/\/www.unavets.com\/icanatura\/wp-content\/uploads\/sites\/61\/2026\/03\/9-786x524.jpg\" \/>\t\t\t\t\t\t\t\t\t\t\t\t\t\t\t<\/div>\n\t\t\t\t<\/div>\n\t\t\t\t\t<\/div>\n\t\t<\/div>\n\t\t\t\t<div class=\"elementor-column elementor-col-50 elementor-inner-column elementor-element elementor-element-ecf82f3\" data-id=\"ecf82f3\" data-element_type=\"column\" data-e-type=\"column\">\n\t\t\t<div class=\"elementor-widget-wrap elementor-element-populated\">\n\t\t\t\t\t\t<div class=\"elementor-element elementor-element-8e42045 elementor-widget elementor-widget-text-editor\" data-id=\"8e42045\" data-element_type=\"widget\" data-e-type=\"widget\" data-widget_type=\"text-editor.default\">\n\t\t\t\t<div class=\"elementor-widget-container\">\n\t\t\t\t\t\t\t\t\t<p>El servei d&#8217;hospitalitzaci\u00f3 est\u00e0 dedicat a les cures intensives dels pacients.<\/p><p>Disposem de sales d&#8217;hospitalitzaci\u00f3 diferenciades per a gossos, gats i animals infecciosos.<\/p><p>L&#8217;equip veterinari proporciona atenci\u00f3 continuada als nostres pacients.<\/p><p>Disposem d&#8217;equips de flu\u00efdoter\u00e0pia amb irrigaci\u00f3 constant, nutrici\u00f3 a trav\u00e9s de sonda nasoesof\u00e0gica, drenatges, cat\u00e8ters, oxigenoter\u00e0pia, llums infrarojos, etc.<\/p>\t\t\t\t\t\t\t\t<\/div>\n\t\t\t\t<\/div>\n\t\t\t\t<div class=\"elementor-element elementor-element-272c45b elementor-align-center elementor-widget elementor-widget-button\" data-id=\"272c45b\" data-element_type=\"widget\" data-e-type=\"widget\" data-widget_type=\"button.default\">\n\t\t\t\t<div class=\"elementor-widget-container\">\n\t\t\t\t\t\t\t\t\t<div class=\"elementor-button-wrapper\">\n\t\t\t\t\t<a class=\"elementor-button elementor-button-link elementor-size-sm\" href=\"https:\/\/www.unavets.com\/icanatura\/ca\/contacte\/\">\n\t\t\t\t\t\t<span class=\"elementor-button-content-wrapper\">\n\t\t\t\t\t\t<span class=\"elementor-button-icon\">\n\t\t\t\t<i aria-hidden=\"true\" class=\"far fa-calendar-alt\"><\/i>\t\t\t<\/span>\n\t\t\t\t\t\t\t\t\t<span class=\"elementor-button-text\">Demana Cita<\/span>\n\t\t\t\t\t<\/span>\n\t\t\t\t\t<\/a>\n\t\t\t\t<\/div>\n\t\t\t\t\t\t\t\t<\/div>\n\t\t\t\t<\/div>\n\t\t\t\t\t<\/div>\n\t\t<\/div>\n\t\t\t\t\t<\/div>\n\t\t<\/section>\n\t\t\t\t<section class=\"elementor-section elementor-inner-section elementor-element elementor-element-2143009 elementor-section-boxed elementor-section-height-default elementor-section-height-default\" data-id=\"2143009\" data-element_type=\"section\" data-e-type=\"section\">\n\t\t\t\t\t\t<div class=\"elementor-container elementor-column-gap-default\">\n\t\t\t\t\t<div class=\"elementor-column elementor-col-100 elementor-inner-column elementor-element elementor-element-c29d931\" data-id=\"c29d931\" data-element_type=\"column\" data-e-type=\"column\">\n\t\t\t<div class=\"elementor-widget-wrap elementor-element-populated\">\n\t\t\t\t\t\t<div class=\"elementor-element elementor-element-4a5ce40 elementor-widget elementor-widget-text-editor\" data-id=\"4a5ce40\" data-element_type=\"widget\" data-e-type=\"widget\" data-widget_type=\"text-editor.default\">\n\t\t\t\t<div class=\"elementor-widget-container\">\n\t\t\t\t\t\t\t\t\t<p>L&#8217;Hospitalitzaci\u00f3 \u00e9s essencial per a animals que acaben de ser sotmesos a cirurgia, en el tractament de malalties que requereixen supervisi\u00f3 cont\u00ednua (insufici\u00e8ncia renal, processos infecciosos greus, trastorns digestius&#8230;). Aqu\u00ed poden rebre seroter\u00e0pia, nutrici\u00f3 parenteral, medicaci\u00f3, etc., tot sota la supervisi\u00f3 constant de veterinaris i auxiliars que controlen els seus nivells d&#8217;hidrataci\u00f3, menjar, signes vitals i proveeixen les cures necess\u00e0ries\u00a0sigui administrant oxigenoter\u00e0pia o\u00a0estant alerta a qualsevol canvi en la situaci\u00f3 del pacient per realitzar qualsevol prova o modificar el tractament depenent de la seva evoluci\u00f3.<br \/><br \/>Tenim\u00a0dues\u00a0\u00e0rees d&#8217;hospitalitzaci\u00f3 diferenciades per gats i gossos. A m\u00e9s, disposem d&#8217;una tercera \u00e0rea independent per a\u00efllar animals amb malalties infeccioses; aix\u00ed evitem la propagaci\u00f3 de possibles contagis a la resta dels nostres pacients.<br \/>La sala d&#8217;hospitalitzaci\u00f3 est\u00e0 equipada amb bomba d&#8217;infusi\u00f3 per controlar i ajustar el ritme d&#8217;infusi\u00f3 del s\u00e8rum i la medicaci\u00f3. Una incubadora per a\u00a0nounats, malalts cr\u00edtics o amb hipot\u00e8rmia.<br \/><br \/>Tenim equipament complet per\u00a0monitorar\u00a0i donar tractament a\u00a0tota mena\u00a0d&#8217;animals:\u00a0llums de calor, equip d&#8217;infusi\u00f3 i una g\u00e0bia destinada a unitat de cures intensives (UCI) en la que l&#8217;oxigen i la temperatura estan controlats.<\/p>\t\t\t\t\t\t\t\t<\/div>\n\t\t\t\t<\/div>\n\t\t\t\t\t<\/div>\n\t\t<\/div>\n\t\t\t\t\t<\/div>\n\t\t<\/section>\n\t\t\t\t\t<\/div>\n\t\t<\/div>\n\t\t\t\t\t<\/div>\n\t\t<\/section>\n\t\t\t\t<\/div>\n\t\t","protected":false},"excerpt":{"rendered":"<p>El servei d&#8217;hospitalitzaci\u00f3 est\u00e0 dedicat a les cures intensives dels pacients. Disposem de sales d&#8217;hospitalitzaci\u00f3 diferenciades per a gossos, gats i animals infecciosos. L&#8217;equip veterinari proporciona atenci\u00f3 continuada als nostres pacients. Disposem d&#8217;equips de flu\u00efdoter\u00e0pia amb irrigaci\u00f3 constant, nutrici\u00f3 a trav\u00e9s de sonda nasoesof\u00e0gica, drenatges, cat\u00e8ters, oxigenoter\u00e0pia, llums infrarojos, etc. Demana Cita L&#8217;Hospitalitzaci\u00f3 \u00e9s essencial &hellip; <\/p>\n","protected":false},"author":6,"featured_media":0,"parent":13567,"menu_order":0,"comment_status":"closed","ping_status":"closed","template":"page-fullwidth.php","meta":{"_acf_changed":false,"content-type":"","footnotes":""},"class_list":["post-12984","page","type-page","status-publish","hentry"],"acf":[],"_links":{"self":[{"href":"https:\/\/www.unavets.com\/icanatura\/ca\/wp-json\/wp\/v2\/pages\/12984","targetHints":{"allow":["GET"]}}],"collection":[{"href":"https:\/\/www.unavets.com\/icanatura\/ca\/wp-json\/wp\/v2\/pages"}],"about":[{"href":"https:\/\/www.unavets.com\/icanatura\/ca\/wp-json\/wp\/v2\/types\/page"}],"author":[{"embeddable":true,"href":"https:\/\/www.unavets.com\/icanatura\/ca\/wp-json\/wp\/v2\/users\/6"}],"replies":[{"embeddable":true,"href":"https:\/\/www.unavets.com\/icanatura\/ca\/wp-json\/wp\/v2\/comments?post=12984"}],"version-history":[{"count":9,"href":"https:\/\/www.unavets.com\/icanatura\/ca\/wp-json\/wp\/v2\/pages\/12984\/revisions"}],"predecessor-version":[{"id":21784,"href":"https:\/\/www.unavets.com\/icanatura\/ca\/wp-json\/wp\/v2\/pages\/12984\/revisions\/21784"}],"up":[{"embeddable":true,"href":"https:\/\/www.unavets.com\/icanatura\/ca\/wp-json\/wp\/v2\/pages\/13567"}],"wp:attachment":[{"href":"https:\/\/www.unavets.com\/icanatura\/ca\/wp-json\/wp\/v2\/media?parent=12984"}],"curies":[{"name":"wp","href":"https:\/\/api.w.org\/{rel}","templated":true}]}}