{"id":13558,"date":"2020-10-03T08:10:58","date_gmt":"2020-10-03T08:10:58","guid":{"rendered":"http:\/\/www.unavets.com\/hvpamplona\/our-facilities\/"},"modified":"2025-10-09T15:12:31","modified_gmt":"2025-10-09T15:12:31","slug":"instalaciones","status":"publish","type":"page","link":"https:\/\/www.unavets.com\/hvpamplona\/es\/instalaciones\/","title":{"rendered":"Instalaciones"},"content":{"rendered":"\t\t<div data-elementor-type=\"wp-page\" data-elementor-id=\"13558\" class=\"elementor elementor-13558 elementor-281\" data-elementor-post-type=\"page\">\n\t\t\t\t\t\t<section class=\"elementor-section elementor-top-section elementor-element elementor-element-54cf215 pad-top-0 elementor-section-boxed elementor-section-height-default elementor-section-height-default\" data-id=\"54cf215\" data-element_type=\"section\" data-e-type=\"section\" id=\"main-sec\" data-settings=\"{&quot;background_background&quot;:&quot;classic&quot;}\">\n\t\t\t\t\t\t<div class=\"elementor-container elementor-column-gap-wide\">\n\t\t\t\t\t<div class=\"elementor-column elementor-col-100 elementor-top-column elementor-element elementor-element-d926441\" data-id=\"d926441\" data-element_type=\"column\" data-e-type=\"column\">\n\t\t\t<div class=\"elementor-widget-wrap elementor-element-populated\">\n\t\t\t\t\t\t<section class=\"elementor-section elementor-inner-section elementor-element elementor-element-98275a1 elementor-section-boxed elementor-section-height-default elementor-section-height-default\" data-id=\"98275a1\" data-element_type=\"section\" data-e-type=\"section\">\n\t\t\t\t\t\t<div class=\"elementor-container elementor-column-gap-default\">\n\t\t\t\t\t<div class=\"elementor-column elementor-col-50 elementor-inner-column elementor-element elementor-element-07b222c\" data-id=\"07b222c\" data-element_type=\"column\" data-e-type=\"column\">\n\t\t\t<div class=\"elementor-widget-wrap elementor-element-populated\">\n\t\t\t\t\t\t<div class=\"elementor-element elementor-element-44b52f4 elementor-widget elementor-widget-image\" data-id=\"44b52f4\" data-element_type=\"widget\" data-e-type=\"widget\" data-widget_type=\"image.default\">\n\t\t\t\t<div class=\"elementor-widget-container\">\n\t\t\t\t\t\t\t\t\t\t\t\t\t\t\t<img fetchpriority=\"high\" width=\"1360\" height=\"906\" class=\"attachment-1536x1536 size-1536x1536 wp-image-22336 lazy\" alt=\"\" data-src=\"https:\/\/www.unavets.com\/hvpamplona\/wp-content\/uploads\/sites\/60\/2025\/09\/pamploa-fachada.jpg\" data-lazy=\"https:\/\/www.unavets.com\/hvpamplona\/wp-content\/uploads\/sites\/60\/2025\/09\/pamploa-fachada.jpg\" \/>\t\t\t\t\t\t\t\t\t\t\t\t\t\t\t<\/div>\n\t\t\t\t<\/div>\n\t\t\t\t\t<\/div>\n\t\t<\/div>\n\t\t\t\t<div class=\"elementor-column elementor-col-50 elementor-inner-column elementor-element elementor-element-e32254f\" data-id=\"e32254f\" data-element_type=\"column\" data-e-type=\"column\">\n\t\t\t<div class=\"elementor-widget-wrap elementor-element-populated\">\n\t\t\t\t\t\t<div class=\"elementor-element elementor-element-6494dd8 elementor-widget elementor-widget-text-editor\" data-id=\"6494dd8\" data-element_type=\"widget\" data-e-type=\"widget\" data-widget_type=\"text-editor.default\">\n\t\t\t\t<div class=\"elementor-widget-container\">\n\t\t\t\t\t\t\t\t\t<p>Nuestras instalaciones son modernas y est\u00e1n dise\u00f1adas para el confort y el bienestar de tus mascotas. Contamos con:<\/p><ul><li>Sala de espera exclusiva para gatos, consultas independientes libres de estr\u00e9s canino, y un \u00e1rea de hospitalizaci\u00f3n solo para felinos que mantiene separaci\u00f3n entre pacientes infecciosos y no infecciosos.\u00a0<\/li><li>Hospitalizaci\u00f3n aislada para pacientes infecciosos,<\/li><li>Boxes amplios para nuestros animales hospitalizados,<\/li><li>Abundante luz natural en todas las \u00e1reas<\/li><li>Tecnolog\u00eda de \u00faltima generaci\u00f3n para asegurar la mejor atenci\u00f3n posible.<\/li><\/ul>\t\t\t\t\t\t\t\t<\/div>\n\t\t\t\t<\/div>\n\t\t\t\t\t<\/div>\n\t\t<\/div>\n\t\t\t\t\t<\/div>\n\t\t<\/section>\n\t\t\t\t<section class=\"elementor-section elementor-inner-section elementor-element elementor-element-cbd28ac elementor-section-boxed elementor-section-height-default elementor-section-height-default\" data-id=\"cbd28ac\" data-element_type=\"section\" data-e-type=\"section\">\n\t\t\t\t\t\t<div class=\"elementor-container elementor-column-gap-default\">\n\t\t\t\t\t<div class=\"elementor-column elementor-col-50 elementor-inner-column elementor-element elementor-element-e54cc90\" data-id=\"e54cc90\" data-element_type=\"column\" data-e-type=\"column\">\n\t\t\t<div class=\"elementor-widget-wrap elementor-element-populated\">\n\t\t\t\t\t\t<div class=\"elementor-element elementor-element-e77ffdd elementor-align-center elementor-widget elementor-widget-button\" data-id=\"e77ffdd\" data-element_type=\"widget\" data-e-type=\"widget\" data-widget_type=\"button.default\">\n\t\t\t\t<div class=\"elementor-widget-container\">\n\t\t\t\t\t\t\t\t\t<div class=\"elementor-button-wrapper\">\n\t\t\t\t\t<a class=\"elementor-button elementor-button-link elementor-size-sm\" href=\"https:\/\/www.unavets.com\/hvpamplona\/es\/nuestro-equipo\/\">\n\t\t\t\t\t\t<span class=\"elementor-button-content-wrapper\">\n\t\t\t\t\t\t\t\t\t<span class=\"elementor-button-text\">Nuestro Equipo<\/span>\n\t\t\t\t\t<\/span>\n\t\t\t\t\t<\/a>\n\t\t\t\t<\/div>\n\t\t\t\t\t\t\t\t<\/div>\n\t\t\t\t<\/div>\n\t\t\t\t\t<\/div>\n\t\t<\/div>\n\t\t\t\t<div class=\"elementor-column elementor-col-50 elementor-inner-column elementor-element elementor-element-dc3e6b5\" data-id=\"dc3e6b5\" data-element_type=\"column\" data-e-type=\"column\">\n\t\t\t<div class=\"elementor-widget-wrap elementor-element-populated\">\n\t\t\t\t\t\t<div class=\"elementor-element elementor-element-ebe1efe elementor-align-center elementor-widget elementor-widget-button\" data-id=\"ebe1efe\" data-element_type=\"widget\" data-e-type=\"widget\" data-widget_type=\"button.default\">\n\t\t\t\t<div class=\"elementor-widget-container\">\n\t\t\t\t\t\t\t\t\t<div class=\"elementor-button-wrapper\">\n\t\t\t\t\t<a class=\"elementor-button elementor-button-link elementor-size-sm\" href=\"https:\/\/www.unavets.com\/hvpamplona\/es\/servicios\/\">\n\t\t\t\t\t\t<span class=\"elementor-button-content-wrapper\">\n\t\t\t\t\t\t\t\t\t<span class=\"elementor-button-text\">Servicios<\/span>\n\t\t\t\t\t<\/span>\n\t\t\t\t\t<\/a>\n\t\t\t\t<\/div>\n\t\t\t\t\t\t\t\t<\/div>\n\t\t\t\t<\/div>\n\t\t\t\t\t<\/div>\n\t\t<\/div>\n\t\t\t\t\t<\/div>\n\t\t<\/section>\n\t\t\t\t\t<\/div>\n\t\t<\/div>\n\t\t\t\t\t<\/div>\n\t\t<\/section>\n\t\t\t\t<section class=\"elementor-section elementor-top-section elementor-element elementor-element-fe0fb89 elementor-section-boxed elementor-section-height-default elementor-section-height-default\" data-id=\"fe0fb89\" data-element_type=\"section\" data-e-type=\"section\">\n\t\t\t\t\t\t<div class=\"elementor-container elementor-column-gap-default\">\n\t\t\t\t\t<div class=\"elementor-column elementor-col-100 elementor-top-column elementor-element elementor-element-37e2355\" data-id=\"37e2355\" data-element_type=\"column\" data-e-type=\"column\">\n\t\t\t<div class=\"elementor-widget-wrap elementor-element-populated\">\n\t\t\t\t\t\t<div class=\"elementor-element elementor-element-7f6eb88 elementor-widget elementor-widget-gallery\" data-id=\"7f6eb88\" data-element_type=\"widget\" data-e-type=\"widget\" data-settings=\"{&quot;columns&quot;:&quot;3&quot;,&quot;aspect_ratio&quot;:&quot;1:1&quot;,&quot;lazyload&quot;:&quot;yes&quot;,&quot;gallery_layout&quot;:&quot;grid&quot;,&quot;columns_tablet&quot;:2,&quot;columns_mobile&quot;:1,&quot;gap&quot;:{&quot;unit&quot;:&quot;px&quot;,&quot;size&quot;:10,&quot;sizes&quot;:[]},&quot;gap_tablet&quot;:{&quot;unit&quot;:&quot;px&quot;,&quot;size&quot;:10,&quot;sizes&quot;:[]},&quot;gap_mobile&quot;:{&quot;unit&quot;:&quot;px&quot;,&quot;size&quot;:10,&quot;sizes&quot;:[]},&quot;link_to&quot;:&quot;file&quot;,&quot;overlay_background&quot;:&quot;yes&quot;,&quot;content_hover_animation&quot;:&quot;fade-in&quot;}\" data-widget_type=\"gallery.default\">\n\t\t\t\t<div class=\"elementor-widget-container\">\n\t\t\t\t\t\t\t<div class=\"elementor-gallery__container\">\n\t\t\t\t\t\t\t<a class=\"e-gallery-item elementor-gallery-item elementor-animated-content\" href=\"https:\/\/www.unavets.com\/hvpamplona\/wp-content\/uploads\/sites\/60\/2025\/09\/pamplona-7.jpg\" data-elementor-open-lightbox=\"yes\" data-elementor-lightbox-slideshow=\"7f6eb88\" data-elementor-lightbox-title=\"pamplona 7\" data-e-action-hash=\"#elementor-action%3Aaction%3Dlightbox%26settings%3DeyJpZCI6MjIyNzcsInVybCI6Imh0dHBzOlwvXC93d3cudW5hdmV0cy5jb21cL2h2cGFtcGxvbmFcL3dwLWNvbnRlbnRcL3VwbG9hZHNcL3NpdGVzXC82MFwvMjAyNVwvMDlcL3BhbXBsb25hLTcuanBnIiwic2xpZGVzaG93IjoiN2Y2ZWI4OCJ9\">\n\t\t\t\t\t<div class=\"e-gallery-image elementor-gallery-item__image\" data-thumbnail=\"https:\/\/www.unavets.com\/hvpamplona\/wp-content\/uploads\/sites\/60\/2025\/09\/pamplona-7-1024x680.jpg\" data-width=\"724\" data-height=\"481\" aria-label=\"\" role=\"img\" ><\/div>\n\t\t\t\t\t\t\t\t\t\t\t<div class=\"elementor-gallery-item__overlay\"><\/div>\n\t\t\t\t\t\t\t\t\t\t\t\t\t\t<\/a>\n\t\t\t\t\t\t\t<a class=\"e-gallery-item elementor-gallery-item elementor-animated-content\" href=\"https:\/\/www.unavets.com\/hvpamplona\/wp-content\/uploads\/sites\/60\/2025\/09\/Quirofano-scaled-e1758815341406.jpg\" data-elementor-open-lightbox=\"yes\" data-elementor-lightbox-slideshow=\"7f6eb88\" data-elementor-lightbox-title=\"Quir\u00f3fano\" data-e-action-hash=\"#elementor-action%3Aaction%3Dlightbox%26settings%3DeyJpZCI6MjIyNjMsInVybCI6Imh0dHBzOlwvXC93d3cudW5hdmV0cy5jb21cL2h2cGFtcGxvbmFcL3dwLWNvbnRlbnRcL3VwbG9hZHNcL3NpdGVzXC82MFwvMjAyNVwvMDlcL1F1aXJvZmFuby1zY2FsZWQtZTE3NTg4MTUzNDE0MDYuanBnIiwic2xpZGVzaG93IjoiN2Y2ZWI4OCJ9\">\n\t\t\t\t\t<div class=\"e-gallery-image elementor-gallery-item__image\" data-thumbnail=\"https:\/\/www.unavets.com\/hvpamplona\/wp-content\/uploads\/sites\/60\/2025\/09\/Quirofano-scaled-e1758815341406-1024x756.jpg\" data-width=\"724\" data-height=\"535\" aria-label=\"\" role=\"img\" ><\/div>\n\t\t\t\t\t\t\t\t\t\t\t<div class=\"elementor-gallery-item__overlay\"><\/div>\n\t\t\t\t\t\t\t\t\t\t\t\t\t\t<\/a>\n\t\t\t\t\t\t\t<a class=\"e-gallery-item elementor-gallery-item elementor-animated-content\" href=\"https:\/\/www.unavets.com\/hvpamplona\/wp-content\/uploads\/sites\/60\/2025\/09\/Radiologia-scaled.jpg\" data-elementor-open-lightbox=\"yes\" data-elementor-lightbox-slideshow=\"7f6eb88\" data-elementor-lightbox-title=\"Radiolog\u00eda\" data-e-action-hash=\"#elementor-action%3Aaction%3Dlightbox%26settings%3DeyJpZCI6MjIyNjUsInVybCI6Imh0dHBzOlwvXC93d3cudW5hdmV0cy5jb21cL2h2cGFtcGxvbmFcL3dwLWNvbnRlbnRcL3VwbG9hZHNcL3NpdGVzXC82MFwvMjAyNVwvMDlcL1JhZGlvbG9naWEtc2NhbGVkLmpwZyIsInNsaWRlc2hvdyI6IjdmNmViODgifQ%3D%3D\">\n\t\t\t\t\t<div class=\"e-gallery-image elementor-gallery-item__image\" data-thumbnail=\"https:\/\/www.unavets.com\/hvpamplona\/wp-content\/uploads\/sites\/60\/2025\/09\/Radiologia-768x1024.jpg\" data-width=\"724\" data-height=\"965\" aria-label=\"\" role=\"img\" ><\/div>\n\t\t\t\t\t\t\t\t\t\t\t<div class=\"elementor-gallery-item__overlay\"><\/div>\n\t\t\t\t\t\t\t\t\t\t\t\t\t\t<\/a>\n\t\t\t\t\t\t\t<a class=\"e-gallery-item elementor-gallery-item elementor-animated-content\" href=\"https:\/\/www.unavets.com\/hvpamplona\/wp-content\/uploads\/sites\/60\/2025\/09\/pamplona-9.jpg\" data-elementor-open-lightbox=\"yes\" data-elementor-lightbox-slideshow=\"7f6eb88\" data-elementor-lightbox-title=\"pamplona 9\" data-e-action-hash=\"#elementor-action%3Aaction%3Dlightbox%26settings%3DeyJpZCI6MjIyNzMsInVybCI6Imh0dHBzOlwvXC93d3cudW5hdmV0cy5jb21cL2h2cGFtcGxvbmFcL3dwLWNvbnRlbnRcL3VwbG9hZHNcL3NpdGVzXC82MFwvMjAyNVwvMDlcL3BhbXBsb25hLTkuanBnIiwic2xpZGVzaG93IjoiN2Y2ZWI4OCJ9\">\n\t\t\t\t\t<div class=\"e-gallery-image elementor-gallery-item__image\" data-thumbnail=\"https:\/\/www.unavets.com\/hvpamplona\/wp-content\/uploads\/sites\/60\/2025\/09\/pamplona-9-1024x679.jpg\" data-width=\"724\" data-height=\"480\" aria-label=\"\" role=\"img\" ><\/div>\n\t\t\t\t\t\t\t\t\t\t\t<div class=\"elementor-gallery-item__overlay\"><\/div>\n\t\t\t\t\t\t\t\t\t\t\t\t\t\t<\/a>\n\t\t\t\t\t\t\t<a class=\"e-gallery-item elementor-gallery-item elementor-animated-content\" href=\"https:\/\/www.unavets.com\/hvpamplona\/wp-content\/uploads\/sites\/60\/2025\/09\/pamplona-2.jpg\" data-elementor-open-lightbox=\"yes\" data-elementor-lightbox-slideshow=\"7f6eb88\" data-elementor-lightbox-title=\"pamplona 2\" data-e-action-hash=\"#elementor-action%3Aaction%3Dlightbox%26settings%3DeyJpZCI6MjIyODcsInVybCI6Imh0dHBzOlwvXC93d3cudW5hdmV0cy5jb21cL2h2cGFtcGxvbmFcL3dwLWNvbnRlbnRcL3VwbG9hZHNcL3NpdGVzXC82MFwvMjAyNVwvMDlcL3BhbXBsb25hLTIuanBnIiwic2xpZGVzaG93IjoiN2Y2ZWI4OCJ9\">\n\t\t\t\t\t<div class=\"e-gallery-image elementor-gallery-item__image\" data-thumbnail=\"https:\/\/www.unavets.com\/hvpamplona\/wp-content\/uploads\/sites\/60\/2025\/09\/pamplona-2-1024x682.jpg\" data-width=\"724\" data-height=\"482\" aria-label=\"\" role=\"img\" ><\/div>\n\t\t\t\t\t\t\t\t\t\t\t<div class=\"elementor-gallery-item__overlay\"><\/div>\n\t\t\t\t\t\t\t\t\t\t\t\t\t\t<\/a>\n\t\t\t\t\t\t\t<a class=\"e-gallery-item elementor-gallery-item elementor-animated-content\" href=\"https:\/\/www.unavets.com\/hvpamplona\/wp-content\/uploads\/sites\/60\/2025\/09\/pamplona-3.jpg\" data-elementor-open-lightbox=\"yes\" data-elementor-lightbox-slideshow=\"7f6eb88\" data-elementor-lightbox-title=\"pamplona 3\" data-e-action-hash=\"#elementor-action%3Aaction%3Dlightbox%26settings%3DeyJpZCI6MjIyODUsInVybCI6Imh0dHBzOlwvXC93d3cudW5hdmV0cy5jb21cL2h2cGFtcGxvbmFcL3dwLWNvbnRlbnRcL3VwbG9hZHNcL3NpdGVzXC82MFwvMjAyNVwvMDlcL3BhbXBsb25hLTMuanBnIiwic2xpZGVzaG93IjoiN2Y2ZWI4OCJ9\">\n\t\t\t\t\t<div class=\"e-gallery-image elementor-gallery-item__image\" data-thumbnail=\"https:\/\/www.unavets.com\/hvpamplona\/wp-content\/uploads\/sites\/60\/2025\/09\/pamplona-3-1024x682.jpg\" data-width=\"724\" data-height=\"482\" aria-label=\"\" role=\"img\" ><\/div>\n\t\t\t\t\t\t\t\t\t\t\t<div class=\"elementor-gallery-item__overlay\"><\/div>\n\t\t\t\t\t\t\t\t\t\t\t\t\t\t<\/a>\n\t\t\t\t\t\t\t<a class=\"e-gallery-item elementor-gallery-item elementor-animated-content\" href=\"https:\/\/www.unavets.com\/hvpamplona\/wp-content\/uploads\/sites\/60\/2025\/09\/Laboratorio-scaled.jpg\" data-elementor-open-lightbox=\"yes\" data-elementor-lightbox-slideshow=\"7f6eb88\" data-elementor-lightbox-title=\"Laboratorio\" data-e-action-hash=\"#elementor-action%3Aaction%3Dlightbox%26settings%3DeyJpZCI6MjIyNTksInVybCI6Imh0dHBzOlwvXC93d3cudW5hdmV0cy5jb21cL2h2cGFtcGxvbmFcL3dwLWNvbnRlbnRcL3VwbG9hZHNcL3NpdGVzXC82MFwvMjAyNVwvMDlcL0xhYm9yYXRvcmlvLXNjYWxlZC5qcGciLCJzbGlkZXNob3ciOiI3ZjZlYjg4In0%3D\">\n\t\t\t\t\t<div class=\"e-gallery-image elementor-gallery-item__image\" data-thumbnail=\"https:\/\/www.unavets.com\/hvpamplona\/wp-content\/uploads\/sites\/60\/2025\/09\/Laboratorio-768x1024.jpg\" data-width=\"724\" data-height=\"965\" aria-label=\"\" role=\"img\" ><\/div>\n\t\t\t\t\t\t\t\t\t\t\t<div class=\"elementor-gallery-item__overlay\"><\/div>\n\t\t\t\t\t\t\t\t\t\t\t\t\t\t<\/a>\n\t\t\t\t\t\t\t<a class=\"e-gallery-item elementor-gallery-item elementor-animated-content\" href=\"https:\/\/www.unavets.com\/hvpamplona\/wp-content\/uploads\/sites\/60\/2025\/09\/pamplona-4.jpg\" data-elementor-open-lightbox=\"yes\" data-elementor-lightbox-slideshow=\"7f6eb88\" data-elementor-lightbox-title=\"pamplona 4\" data-e-action-hash=\"#elementor-action%3Aaction%3Dlightbox%26settings%3DeyJpZCI6MjIyODMsInVybCI6Imh0dHBzOlwvXC93d3cudW5hdmV0cy5jb21cL2h2cGFtcGxvbmFcL3dwLWNvbnRlbnRcL3VwbG9hZHNcL3NpdGVzXC82MFwvMjAyNVwvMDlcL3BhbXBsb25hLTQuanBnIiwic2xpZGVzaG93IjoiN2Y2ZWI4OCJ9\">\n\t\t\t\t\t<div class=\"e-gallery-image elementor-gallery-item__image\" data-thumbnail=\"https:\/\/www.unavets.com\/hvpamplona\/wp-content\/uploads\/sites\/60\/2025\/09\/pamplona-4-1024x682.jpg\" data-width=\"724\" data-height=\"482\" aria-label=\"\" role=\"img\" ><\/div>\n\t\t\t\t\t\t\t\t\t\t\t<div class=\"elementor-gallery-item__overlay\"><\/div>\n\t\t\t\t\t\t\t\t\t\t\t\t\t\t<\/a>\n\t\t\t\t\t\t\t<a class=\"e-gallery-item elementor-gallery-item elementor-animated-content\" href=\"https:\/\/www.unavets.com\/hvpamplona\/wp-content\/uploads\/sites\/60\/2025\/09\/Hospitalizacion-gatos-scaled.jpg\" data-elementor-open-lightbox=\"yes\" data-elementor-lightbox-slideshow=\"7f6eb88\" data-elementor-lightbox-title=\"Hospitalizaci\u00f3n gatos\" data-e-action-hash=\"#elementor-action%3Aaction%3Dlightbox%26settings%3DeyJpZCI6MjIyNTcsInVybCI6Imh0dHBzOlwvXC93d3cudW5hdmV0cy5jb21cL2h2cGFtcGxvbmFcL3dwLWNvbnRlbnRcL3VwbG9hZHNcL3NpdGVzXC82MFwvMjAyNVwvMDlcL0hvc3BpdGFsaXphY2lvbi1nYXRvcy1zY2FsZWQuanBnIiwic2xpZGVzaG93IjoiN2Y2ZWI4OCJ9\">\n\t\t\t\t\t<div class=\"e-gallery-image elementor-gallery-item__image\" data-thumbnail=\"https:\/\/www.unavets.com\/hvpamplona\/wp-content\/uploads\/sites\/60\/2025\/09\/Hospitalizacion-gatos-768x1024.jpg\" data-width=\"724\" data-height=\"965\" aria-label=\"\" role=\"img\" ><\/div>\n\t\t\t\t\t\t\t\t\t\t\t<div class=\"elementor-gallery-item__overlay\"><\/div>\n\t\t\t\t\t\t\t\t\t\t\t\t\t\t<\/a>\n\t\t\t\t\t<\/div>\n\t\t\t\t\t<\/div>\n\t\t\t\t<\/div>\n\t\t\t\t\t<\/div>\n\t\t<\/div>\n\t\t\t\t\t<\/div>\n\t\t<\/section>\n\t\t\t\t<\/div>\n\t\t","protected":false},"excerpt":{"rendered":"<p>Nuestras instalaciones son modernas y est\u00e1n dise\u00f1adas para el confort y el bienestar de tus mascotas. Contamos con: Sala de espera exclusiva para gatos, consultas independientes libres de estr\u00e9s canino, y un \u00e1rea de hospitalizaci\u00f3n solo para felinos que mantiene separaci\u00f3n entre pacientes infecciosos y no infecciosos.\u00a0 Hospitalizaci\u00f3n aislada para pacientes infecciosos, Boxes amplios para &hellip; <\/p>\n","protected":false},"author":1,"featured_media":0,"parent":0,"menu_order":0,"comment_status":"closed","ping_status":"closed","template":"page-fullwidth.php","meta":{"_acf_changed":false,"content-type":"","footnotes":""},"class_list":["post-13558","page","type-page","status-publish","hentry"],"acf":[],"_links":{"self":[{"href":"https:\/\/www.unavets.com\/hvpamplona\/es\/wp-json\/wp\/v2\/pages\/13558","targetHints":{"allow":["GET"]}}],"collection":[{"href":"https:\/\/www.unavets.com\/hvpamplona\/es\/wp-json\/wp\/v2\/pages"}],"about":[{"href":"https:\/\/www.unavets.com\/hvpamplona\/es\/wp-json\/wp\/v2\/types\/page"}],"author":[{"embeddable":true,"href":"https:\/\/www.unavets.com\/hvpamplona\/es\/wp-json\/wp\/v2\/users\/1"}],"replies":[{"embeddable":true,"href":"https:\/\/www.unavets.com\/hvpamplona\/es\/wp-json\/wp\/v2\/comments?post=13558"}],"version-history":[{"count":56,"href":"https:\/\/www.unavets.com\/hvpamplona\/es\/wp-json\/wp\/v2\/pages\/13558\/revisions"}],"predecessor-version":[{"id":23498,"href":"https:\/\/www.unavets.com\/hvpamplona\/es\/wp-json\/wp\/v2\/pages\/13558\/revisions\/23498"}],"wp:attachment":[{"href":"https:\/\/www.unavets.com\/hvpamplona\/es\/wp-json\/wp\/v2\/media?parent=13558"}],"curies":[{"name":"wp","href":"https:\/\/api.w.org\/{rel}","templated":true}]}}