{"id":12997,"date":"2021-01-04T08:19:34","date_gmt":"2021-01-04T08:19:34","guid":{"rendered":"http:\/\/www.unavets.com\/hvpamplona\/?page_id=12997"},"modified":"2025-09-25T15:21:18","modified_gmt":"2025-09-25T15:21:18","slug":"quienes-somos","status":"publish","type":"page","link":"https:\/\/www.unavets.com\/hvpamplona\/es\/quienes-somos\/","title":{"rendered":"Qui\u00e9nes Somos"},"content":{"rendered":"\t\t<div data-elementor-type=\"wp-page\" data-elementor-id=\"12997\" class=\"elementor elementor-12997 elementor-268\" data-elementor-post-type=\"page\">\n\t\t\t\t\t\t<section class=\"elementor-section elementor-top-section elementor-element elementor-element-54cf215 pad-top-0 elementor-section-boxed elementor-section-height-default elementor-section-height-default\" data-id=\"54cf215\" data-element_type=\"section\" data-e-type=\"section\" id=\"main-sec\" data-settings=\"{&quot;background_background&quot;:&quot;classic&quot;}\">\n\t\t\t\t\t\t<div class=\"elementor-container elementor-column-gap-default\">\n\t\t\t\t\t<div class=\"elementor-column elementor-col-100 elementor-top-column elementor-element elementor-element-d926441\" data-id=\"d926441\" data-element_type=\"column\" data-e-type=\"column\">\n\t\t\t<div class=\"elementor-widget-wrap elementor-element-populated\">\n\t\t\t\t\t\t<div class=\"elementor-element elementor-element-9725bcd elementor-widget elementor-widget-section_titleleft\" data-id=\"9725bcd\" data-element_type=\"widget\" data-e-type=\"widget\" data-widget_type=\"section_titleleft.default\">\n\t\t\t\t<div class=\"elementor-widget-container\">\n\t\t\t\t\t        <div class=\"ab_text-title fl-wrap\">\n            <h3>Hospital Veterinario 24 horas en Navarra<\/h3>Ofrece atenci\u00f3n m\u00e9dica veterinaria los 365 d\u00edas del a\u00f1o<span class=\"section-separator fl-sec-sep\"><\/span>        <\/div>\n        \t\t\t\t<\/div>\n\t\t\t\t<\/div>\n\t\t\t\t<section class=\"elementor-section elementor-inner-section elementor-element elementor-element-35814f4 elementor-section-full_width elementor-section-height-default elementor-section-height-default\" data-id=\"35814f4\" data-element_type=\"section\" data-e-type=\"section\">\n\t\t\t\t\t\t<div class=\"elementor-container elementor-column-gap-wide\">\n\t\t\t\t\t<div class=\"elementor-column elementor-col-50 elementor-inner-column elementor-element elementor-element-7fa3f34\" data-id=\"7fa3f34\" data-element_type=\"column\" data-e-type=\"column\">\n\t\t\t<div class=\"elementor-widget-wrap elementor-element-populated\">\n\t\t\t\t\t\t<div class=\"elementor-element elementor-element-9e79898 elementor-widget elementor-widget-image\" data-id=\"9e79898\" data-element_type=\"widget\" data-e-type=\"widget\" data-widget_type=\"image.default\">\n\t\t\t\t<div class=\"elementor-widget-container\">\n\t\t\t\t\t\t\t\t\t\t\t\t\t\t\t<img fetchpriority=\"high\" width=\"786\" height=\"524\" class=\"attachment-townhub-single-image size-townhub-single-image wp-image-22300 lazy\" alt=\"\" data-src=\"https:\/\/www.unavets.com\/hvpamplona\/wp-content\/uploads\/sites\/60\/2025\/09\/pamploa-786x524.jpg\" data-lazy=\"https:\/\/www.unavets.com\/hvpamplona\/wp-content\/uploads\/sites\/60\/2025\/09\/pamploa-786x524.jpg\" \/>\t\t\t\t\t\t\t\t\t\t\t\t\t\t\t<\/div>\n\t\t\t\t<\/div>\n\t\t\t\t\t<\/div>\n\t\t<\/div>\n\t\t\t\t<div class=\"elementor-column elementor-col-50 elementor-inner-column elementor-element elementor-element-202374d\" data-id=\"202374d\" data-element_type=\"column\" data-e-type=\"column\">\n\t\t\t<div class=\"elementor-widget-wrap elementor-element-populated\">\n\t\t\t\t\t\t<div class=\"elementor-element elementor-element-3b393ce about-wrap elementor-widget elementor-widget-text-editor\" data-id=\"3b393ce\" data-element_type=\"widget\" data-e-type=\"widget\" data-widget_type=\"text-editor.default\">\n\t\t\t\t<div class=\"elementor-widget-container\">\n\t\t\t\t\t\t\t\t\t<p>En <strong>Hospital Veterinario Pamplona<\/strong>, contamos con un equipo de profesionales cualificados y dedicados, apasionados por el bienestar animal.<\/p><p>Cada miembro de nuestra plantilla, desde veterinarios hasta auxiliares,<strong> dedicamos tiempo y cari\u00f1o a lo que m\u00e1s nos gusta: el cuidado de los animales.<\/strong> Nos esforzamos por brindar la mejor atenci\u00f3n posible, y para ello, mantenemos nuestra cualificaci\u00f3n<strong> t\u00e9cnica y profesional<\/strong> al d\u00eda.<\/p><p>Sabemos que la tranquilidad de nuestros clientes es fundamental. Por eso, estamos <b>abiertos las 24 horas del d\u00eda, los 365 d\u00edas del a\u00f1o<\/b>.<\/p>\t\t\t\t\t\t\t\t<\/div>\n\t\t\t\t<\/div>\n\t\t\t\t\t<\/div>\n\t\t<\/div>\n\t\t\t\t\t<\/div>\n\t\t<\/section>\n\t\t\t\t<section class=\"elementor-section elementor-inner-section elementor-element elementor-element-31d68ae elementor-section-boxed elementor-section-height-default elementor-section-height-default\" data-id=\"31d68ae\" data-element_type=\"section\" data-e-type=\"section\">\n\t\t\t\t\t\t<div class=\"elementor-container elementor-column-gap-default\">\n\t\t\t\t\t<div class=\"elementor-column elementor-col-50 elementor-inner-column elementor-element elementor-element-8ddd41b\" data-id=\"8ddd41b\" data-element_type=\"column\" data-e-type=\"column\">\n\t\t\t<div class=\"elementor-widget-wrap elementor-element-populated\">\n\t\t\t\t\t\t<div class=\"elementor-element elementor-element-c87b63e elementor-align-center elementor-widget elementor-widget-button\" data-id=\"c87b63e\" data-element_type=\"widget\" data-e-type=\"widget\" data-widget_type=\"button.default\">\n\t\t\t\t<div class=\"elementor-widget-container\">\n\t\t\t\t\t\t\t\t\t<div class=\"elementor-button-wrapper\">\n\t\t\t\t\t<a class=\"elementor-button elementor-button-link elementor-size-sm\" href=\"\/hvpamplona\/es\/instalaciones\/\">\n\t\t\t\t\t\t<span class=\"elementor-button-content-wrapper\">\n\t\t\t\t\t\t\t\t\t<span class=\"elementor-button-text\">Instalaciones<\/span>\n\t\t\t\t\t<\/span>\n\t\t\t\t\t<\/a>\n\t\t\t\t<\/div>\n\t\t\t\t\t\t\t\t<\/div>\n\t\t\t\t<\/div>\n\t\t\t\t\t<\/div>\n\t\t<\/div>\n\t\t\t\t<div class=\"elementor-column elementor-col-50 elementor-inner-column elementor-element elementor-element-d044a7e\" data-id=\"d044a7e\" data-element_type=\"column\" data-e-type=\"column\">\n\t\t\t<div class=\"elementor-widget-wrap elementor-element-populated\">\n\t\t\t\t\t\t<div class=\"elementor-element elementor-element-75ee515 elementor-align-center elementor-widget elementor-widget-button\" data-id=\"75ee515\" data-element_type=\"widget\" data-e-type=\"widget\" data-widget_type=\"button.default\">\n\t\t\t\t<div class=\"elementor-widget-container\">\n\t\t\t\t\t\t\t\t\t<div class=\"elementor-button-wrapper\">\n\t\t\t\t\t<a class=\"elementor-button elementor-button-link elementor-size-sm\" href=\"\/hvpamplona\/es\/nuestro-equipo\/\">\n\t\t\t\t\t\t<span class=\"elementor-button-content-wrapper\">\n\t\t\t\t\t\t\t\t\t<span class=\"elementor-button-text\">Equipo<\/span>\n\t\t\t\t\t<\/span>\n\t\t\t\t\t<\/a>\n\t\t\t\t<\/div>\n\t\t\t\t\t\t\t\t<\/div>\n\t\t\t\t<\/div>\n\t\t\t\t\t<\/div>\n\t\t<\/div>\n\t\t\t\t\t<\/div>\n\t\t<\/section>\n\t\t\t\t\t<\/div>\n\t\t<\/div>\n\t\t\t\t\t<\/div>\n\t\t<\/section>\n\t\t\t\t<section class=\"elementor-section elementor-top-section elementor-element elementor-element-f8a7cc0 elementor-section-boxed elementor-section-height-default elementor-section-height-default\" data-id=\"f8a7cc0\" data-element_type=\"section\" data-e-type=\"section\">\n\t\t\t\t\t\t<div class=\"elementor-container elementor-column-gap-default\">\n\t\t\t\t\t<div class=\"elementor-column elementor-col-100 elementor-top-column elementor-element elementor-element-50058f9\" data-id=\"50058f9\" data-element_type=\"column\" data-e-type=\"column\">\n\t\t\t<div class=\"elementor-widget-wrap elementor-element-populated\">\n\t\t\t\t\t\t<div class=\"elementor-element elementor-element-a9933a7 elementor-widget elementor-widget-gallery\" data-id=\"a9933a7\" data-element_type=\"widget\" data-e-type=\"widget\" data-settings=\"{&quot;columns&quot;:&quot;3&quot;,&quot;aspect_ratio&quot;:&quot;1:1&quot;,&quot;lazyload&quot;:&quot;yes&quot;,&quot;gallery_layout&quot;:&quot;grid&quot;,&quot;columns_tablet&quot;:2,&quot;columns_mobile&quot;:1,&quot;gap&quot;:{&quot;unit&quot;:&quot;px&quot;,&quot;size&quot;:10,&quot;sizes&quot;:[]},&quot;gap_tablet&quot;:{&quot;unit&quot;:&quot;px&quot;,&quot;size&quot;:10,&quot;sizes&quot;:[]},&quot;gap_mobile&quot;:{&quot;unit&quot;:&quot;px&quot;,&quot;size&quot;:10,&quot;sizes&quot;:[]},&quot;link_to&quot;:&quot;file&quot;,&quot;overlay_background&quot;:&quot;yes&quot;,&quot;content_hover_animation&quot;:&quot;fade-in&quot;}\" data-widget_type=\"gallery.default\">\n\t\t\t\t<div class=\"elementor-widget-container\">\n\t\t\t\t\t\t\t<div class=\"elementor-gallery__container\">\n\t\t\t\t\t\t\t<a class=\"e-gallery-item elementor-gallery-item elementor-animated-content\" href=\"https:\/\/www.unavets.com\/hvpamplona\/wp-content\/uploads\/sites\/60\/2025\/09\/Trabajo-en-equipo-scaled.jpg\" data-elementor-open-lightbox=\"yes\" data-elementor-lightbox-slideshow=\"a9933a7\" data-elementor-lightbox-title=\"Trabajo en equipo\" data-e-action-hash=\"#elementor-action%3Aaction%3Dlightbox%26settings%3DeyJpZCI6MjIyNzEsInVybCI6Imh0dHBzOlwvXC93d3cudW5hdmV0cy5jb21cL2h2cGFtcGxvbmFcL3dwLWNvbnRlbnRcL3VwbG9hZHNcL3NpdGVzXC82MFwvMjAyNVwvMDlcL1RyYWJham8tZW4tZXF1aXBvLXNjYWxlZC5qcGciLCJzbGlkZXNob3ciOiJhOTkzM2E3In0%3D\">\n\t\t\t\t\t<div class=\"e-gallery-image elementor-gallery-item__image\" data-thumbnail=\"https:\/\/www.unavets.com\/hvpamplona\/wp-content\/uploads\/sites\/60\/2025\/09\/Trabajo-en-equipo-768x1024.jpg\" data-width=\"724\" data-height=\"965\" aria-label=\"\" role=\"img\" ><\/div>\n\t\t\t\t\t\t\t\t\t\t\t<div class=\"elementor-gallery-item__overlay\"><\/div>\n\t\t\t\t\t\t\t\t\t\t\t\t\t\t<\/a>\n\t\t\t\t\t\t\t<a class=\"e-gallery-item elementor-gallery-item elementor-animated-content\" href=\"https:\/\/www.unavets.com\/hvpamplona\/wp-content\/uploads\/sites\/60\/2025\/09\/pamplona-7.jpg\" data-elementor-open-lightbox=\"yes\" data-elementor-lightbox-slideshow=\"a9933a7\" data-elementor-lightbox-title=\"pamplona 7\" data-e-action-hash=\"#elementor-action%3Aaction%3Dlightbox%26settings%3DeyJpZCI6MjIyNzcsInVybCI6Imh0dHBzOlwvXC93d3cudW5hdmV0cy5jb21cL2h2cGFtcGxvbmFcL3dwLWNvbnRlbnRcL3VwbG9hZHNcL3NpdGVzXC82MFwvMjAyNVwvMDlcL3BhbXBsb25hLTcuanBnIiwic2xpZGVzaG93IjoiYTk5MzNhNyJ9\">\n\t\t\t\t\t<div class=\"e-gallery-image elementor-gallery-item__image\" data-thumbnail=\"https:\/\/www.unavets.com\/hvpamplona\/wp-content\/uploads\/sites\/60\/2025\/09\/pamplona-7-1024x680.jpg\" data-width=\"724\" data-height=\"481\" aria-label=\"\" role=\"img\" ><\/div>\n\t\t\t\t\t\t\t\t\t\t\t<div class=\"elementor-gallery-item__overlay\"><\/div>\n\t\t\t\t\t\t\t\t\t\t\t\t\t\t<\/a>\n\t\t\t\t\t\t\t<a class=\"e-gallery-item elementor-gallery-item elementor-animated-content\" href=\"https:\/\/www.unavets.com\/hvpamplona\/wp-content\/uploads\/sites\/60\/2025\/09\/Banco-de-sangre-scaled.jpg\" data-elementor-open-lightbox=\"yes\" data-elementor-lightbox-slideshow=\"a9933a7\" data-elementor-lightbox-title=\"Banco de sangre\" data-e-action-hash=\"#elementor-action%3Aaction%3Dlightbox%26settings%3DeyJpZCI6MjIyNTEsInVybCI6Imh0dHBzOlwvXC93d3cudW5hdmV0cy5jb21cL2h2cGFtcGxvbmFcL3dwLWNvbnRlbnRcL3VwbG9hZHNcL3NpdGVzXC82MFwvMjAyNVwvMDlcL0JhbmNvLWRlLXNhbmdyZS1zY2FsZWQuanBnIiwic2xpZGVzaG93IjoiYTk5MzNhNyJ9\">\n\t\t\t\t\t<div class=\"e-gallery-image elementor-gallery-item__image\" data-thumbnail=\"https:\/\/www.unavets.com\/hvpamplona\/wp-content\/uploads\/sites\/60\/2025\/09\/Banco-de-sangre-768x1024.jpg\" data-width=\"724\" data-height=\"965\" aria-label=\"\" role=\"img\" ><\/div>\n\t\t\t\t\t\t\t\t\t\t\t<div class=\"elementor-gallery-item__overlay\"><\/div>\n\t\t\t\t\t\t\t\t\t\t\t\t\t\t<\/a>\n\t\t\t\t\t\t\t<a class=\"e-gallery-item elementor-gallery-item elementor-animated-content\" href=\"https:\/\/www.unavets.com\/hvpamplona\/wp-content\/uploads\/sites\/60\/2025\/09\/Quirofano-scaled-e1758815341406.jpg\" data-elementor-open-lightbox=\"yes\" data-elementor-lightbox-slideshow=\"a9933a7\" data-elementor-lightbox-title=\"Quir\u00f3fano\" data-e-action-hash=\"#elementor-action%3Aaction%3Dlightbox%26settings%3DeyJpZCI6MjIyNjMsInVybCI6Imh0dHBzOlwvXC93d3cudW5hdmV0cy5jb21cL2h2cGFtcGxvbmFcL3dwLWNvbnRlbnRcL3VwbG9hZHNcL3NpdGVzXC82MFwvMjAyNVwvMDlcL1F1aXJvZmFuby1zY2FsZWQtZTE3NTg4MTUzNDE0MDYuanBnIiwic2xpZGVzaG93IjoiYTk5MzNhNyJ9\">\n\t\t\t\t\t<div class=\"e-gallery-image elementor-gallery-item__image\" data-thumbnail=\"https:\/\/www.unavets.com\/hvpamplona\/wp-content\/uploads\/sites\/60\/2025\/09\/Quirofano-scaled-e1758815341406-1024x756.jpg\" data-width=\"724\" data-height=\"535\" aria-label=\"\" role=\"img\" ><\/div>\n\t\t\t\t\t\t\t\t\t\t\t<div class=\"elementor-gallery-item__overlay\"><\/div>\n\t\t\t\t\t\t\t\t\t\t\t\t\t\t<\/a>\n\t\t\t\t\t\t\t<a class=\"e-gallery-item elementor-gallery-item elementor-animated-content\" href=\"https:\/\/www.unavets.com\/hvpamplona\/wp-content\/uploads\/sites\/60\/2025\/09\/pamploan-11.jpg\" data-elementor-open-lightbox=\"yes\" data-elementor-lightbox-slideshow=\"a9933a7\" data-elementor-lightbox-title=\"pamploan 11\" data-e-action-hash=\"#elementor-action%3Aaction%3Dlightbox%26settings%3DeyJpZCI6MjIzMDcsInVybCI6Imh0dHBzOlwvXC93d3cudW5hdmV0cy5jb21cL2h2cGFtcGxvbmFcL3dwLWNvbnRlbnRcL3VwbG9hZHNcL3NpdGVzXC82MFwvMjAyNVwvMDlcL3BhbXBsb2FuLTExLmpwZyIsInNsaWRlc2hvdyI6ImE5OTMzYTcifQ%3D%3D\">\n\t\t\t\t\t<div class=\"e-gallery-image elementor-gallery-item__image\" data-thumbnail=\"https:\/\/www.unavets.com\/hvpamplona\/wp-content\/uploads\/sites\/60\/2025\/09\/pamploan-11-1024x680.jpg\" data-width=\"724\" data-height=\"481\" aria-label=\"\" role=\"img\" ><\/div>\n\t\t\t\t\t\t\t\t\t\t\t<div class=\"elementor-gallery-item__overlay\"><\/div>\n\t\t\t\t\t\t\t\t\t\t\t\t\t\t<\/a>\n\t\t\t\t\t\t\t<a class=\"e-gallery-item elementor-gallery-item elementor-animated-content\" href=\"https:\/\/www.unavets.com\/hvpamplona\/wp-content\/uploads\/sites\/60\/2025\/09\/Radiologia-scaled.jpg\" data-elementor-open-lightbox=\"yes\" data-elementor-lightbox-slideshow=\"a9933a7\" data-elementor-lightbox-title=\"Radiolog\u00eda\" data-e-action-hash=\"#elementor-action%3Aaction%3Dlightbox%26settings%3DeyJpZCI6MjIyNjUsInVybCI6Imh0dHBzOlwvXC93d3cudW5hdmV0cy5jb21cL2h2cGFtcGxvbmFcL3dwLWNvbnRlbnRcL3VwbG9hZHNcL3NpdGVzXC82MFwvMjAyNVwvMDlcL1JhZGlvbG9naWEtc2NhbGVkLmpwZyIsInNsaWRlc2hvdyI6ImE5OTMzYTcifQ%3D%3D\">\n\t\t\t\t\t<div class=\"e-gallery-image elementor-gallery-item__image\" data-thumbnail=\"https:\/\/www.unavets.com\/hvpamplona\/wp-content\/uploads\/sites\/60\/2025\/09\/Radiologia-768x1024.jpg\" data-width=\"724\" data-height=\"965\" aria-label=\"\" role=\"img\" ><\/div>\n\t\t\t\t\t\t\t\t\t\t\t<div class=\"elementor-gallery-item__overlay\"><\/div>\n\t\t\t\t\t\t\t\t\t\t\t\t\t\t<\/a>\n\t\t\t\t\t\t\t<a class=\"e-gallery-item elementor-gallery-item elementor-animated-content\" href=\"https:\/\/www.unavets.com\/hvpamplona\/wp-content\/uploads\/sites\/60\/2025\/09\/Oncologia-scaled.jpg\" data-elementor-open-lightbox=\"yes\" data-elementor-lightbox-slideshow=\"a9933a7\" data-elementor-lightbox-title=\"Oncolog\u00eda\" data-e-action-hash=\"#elementor-action%3Aaction%3Dlightbox%26settings%3DeyJpZCI6MjIyNjEsInVybCI6Imh0dHBzOlwvXC93d3cudW5hdmV0cy5jb21cL2h2cGFtcGxvbmFcL3dwLWNvbnRlbnRcL3VwbG9hZHNcL3NpdGVzXC82MFwvMjAyNVwvMDlcL09uY29sb2dpYS1zY2FsZWQuanBnIiwic2xpZGVzaG93IjoiYTk5MzNhNyJ9\">\n\t\t\t\t\t<div class=\"e-gallery-image elementor-gallery-item__image\" data-thumbnail=\"https:\/\/www.unavets.com\/hvpamplona\/wp-content\/uploads\/sites\/60\/2025\/09\/Oncologia-768x1024.jpg\" data-width=\"724\" data-height=\"965\" aria-label=\"\" role=\"img\" ><\/div>\n\t\t\t\t\t\t\t\t\t\t\t<div class=\"elementor-gallery-item__overlay\"><\/div>\n\t\t\t\t\t\t\t\t\t\t\t\t\t\t<\/a>\n\t\t\t\t\t\t\t<a class=\"e-gallery-item elementor-gallery-item elementor-animated-content\" href=\"https:\/\/www.unavets.com\/hvpamplona\/wp-content\/uploads\/sites\/60\/2025\/09\/pamplona-10.jpg\" data-elementor-open-lightbox=\"yes\" data-elementor-lightbox-slideshow=\"a9933a7\" data-elementor-lightbox-title=\"pamplona 10\" data-e-action-hash=\"#elementor-action%3Aaction%3Dlightbox%26settings%3DeyJpZCI6MjIzMDksInVybCI6Imh0dHBzOlwvXC93d3cudW5hdmV0cy5jb21cL2h2cGFtcGxvbmFcL3dwLWNvbnRlbnRcL3VwbG9hZHNcL3NpdGVzXC82MFwvMjAyNVwvMDlcL3BhbXBsb25hLTEwLmpwZyIsInNsaWRlc2hvdyI6ImE5OTMzYTcifQ%3D%3D\">\n\t\t\t\t\t<div class=\"e-gallery-image elementor-gallery-item__image\" data-thumbnail=\"https:\/\/www.unavets.com\/hvpamplona\/wp-content\/uploads\/sites\/60\/2025\/09\/pamplona-10.jpg\" data-width=\"724\" data-height=\"482\" aria-label=\"\" role=\"img\" ><\/div>\n\t\t\t\t\t\t\t\t\t\t\t<div class=\"elementor-gallery-item__overlay\"><\/div>\n\t\t\t\t\t\t\t\t\t\t\t\t\t\t<\/a>\n\t\t\t\t\t\t\t<a class=\"e-gallery-item elementor-gallery-item elementor-animated-content\" href=\"https:\/\/www.unavets.com\/hvpamplona\/wp-content\/uploads\/sites\/60\/2025\/09\/Terapia-luminica-scaled-e1758568066882.jpg\" data-elementor-open-lightbox=\"yes\" data-elementor-lightbox-slideshow=\"a9933a7\" data-elementor-lightbox-title=\"Terapia lum\u00ednica\" data-e-action-hash=\"#elementor-action%3Aaction%3Dlightbox%26settings%3DeyJpZCI6MjIyNjksInVybCI6Imh0dHBzOlwvXC93d3cudW5hdmV0cy5jb21cL2h2cGFtcGxvbmFcL3dwLWNvbnRlbnRcL3VwbG9hZHNcL3NpdGVzXC82MFwvMjAyNVwvMDlcL1RlcmFwaWEtbHVtaW5pY2Etc2NhbGVkLWUxNzU4NTY4MDY2ODgyLmpwZyIsInNsaWRlc2hvdyI6ImE5OTMzYTcifQ%3D%3D\">\n\t\t\t\t\t<div class=\"e-gallery-image elementor-gallery-item__image\" data-thumbnail=\"https:\/\/www.unavets.com\/hvpamplona\/wp-content\/uploads\/sites\/60\/2025\/09\/Terapia-luminica-768x1024.jpg\" data-width=\"724\" data-height=\"965\" aria-label=\"\" role=\"img\" ><\/div>\n\t\t\t\t\t\t\t\t\t\t\t<div class=\"elementor-gallery-item__overlay\"><\/div>\n\t\t\t\t\t\t\t\t\t\t\t\t\t\t<\/a>\n\t\t\t\t\t<\/div>\n\t\t\t\t\t<\/div>\n\t\t\t\t<\/div>\n\t\t\t\t\t<\/div>\n\t\t<\/div>\n\t\t\t\t\t<\/div>\n\t\t<\/section>\n\t\t\t\t<\/div>\n\t\t","protected":false},"excerpt":{"rendered":"<p>Hospital Veterinario 24 horas en Navarra Ofrece atenci\u00f3n m\u00e9dica veterinaria los 365 d\u00edas del a\u00f1o En Hospital Veterinario Pamplona, contamos con un equipo de profesionales cualificados y dedicados, apasionados por el bienestar animal. Cada miembro de nuestra plantilla, desde veterinarios hasta auxiliares, dedicamos tiempo y cari\u00f1o a lo que m\u00e1s nos gusta: el cuidado de &hellip; <\/p>\n","protected":false},"author":1,"featured_media":0,"parent":0,"menu_order":0,"comment_status":"closed","ping_status":"closed","template":"page-fullwidth.php","meta":{"_acf_changed":false,"content-type":"","footnotes":""},"class_list":["post-12997","page","type-page","status-publish","hentry"],"acf":[],"_links":{"self":[{"href":"https:\/\/www.unavets.com\/hvpamplona\/es\/wp-json\/wp\/v2\/pages\/12997","targetHints":{"allow":["GET"]}}],"collection":[{"href":"https:\/\/www.unavets.com\/hvpamplona\/es\/wp-json\/wp\/v2\/pages"}],"about":[{"href":"https:\/\/www.unavets.com\/hvpamplona\/es\/wp-json\/wp\/v2\/types\/page"}],"author":[{"embeddable":true,"href":"https:\/\/www.unavets.com\/hvpamplona\/es\/wp-json\/wp\/v2\/users\/1"}],"replies":[{"embeddable":true,"href":"https:\/\/www.unavets.com\/hvpamplona\/es\/wp-json\/wp\/v2\/comments?post=12997"}],"version-history":[{"count":66,"href":"https:\/\/www.unavets.com\/hvpamplona\/es\/wp-json\/wp\/v2\/pages\/12997\/revisions"}],"predecessor-version":[{"id":23340,"href":"https:\/\/www.unavets.com\/hvpamplona\/es\/wp-json\/wp\/v2\/pages\/12997\/revisions\/23340"}],"wp:attachment":[{"href":"https:\/\/www.unavets.com\/hvpamplona\/es\/wp-json\/wp\/v2\/media?parent=12997"}],"curies":[{"name":"wp","href":"https:\/\/api.w.org\/{rel}","templated":true}]}}