{"id":12862,"date":"2020-10-15T09:58:33","date_gmt":"2020-10-15T09:58:33","guid":{"rendered":"http:\/\/www.unavets.com\/hvpamplona\/laser-therapy\/"},"modified":"2025-10-09T15:21:31","modified_gmt":"2025-10-09T15:21:31","slug":"terapia-laser","status":"publish","type":"page","link":"https:\/\/www.unavets.com\/hvpamplona\/es\/servicios\/terapia-laser\/","title":{"rendered":"Terapia Lum\u00ednica"},"content":{"rendered":"\t\t<div data-elementor-type=\"wp-page\" data-elementor-id=\"12862\" class=\"elementor elementor-12862 elementor-796\" data-elementor-post-type=\"page\">\n\t\t\t\t\t\t<section class=\"elementor-section elementor-top-section elementor-element elementor-element-3b7f1f2 elementor-section-boxed elementor-section-height-default elementor-section-height-default\" data-id=\"3b7f1f2\" data-element_type=\"section\" data-e-type=\"section\" id=\"main-sec\">\n\t\t\t\t\t\t<div class=\"elementor-container elementor-column-gap-default\">\n\t\t\t\t\t<div class=\"elementor-column elementor-col-100 elementor-top-column elementor-element elementor-element-138c88c\" data-id=\"138c88c\" data-element_type=\"column\" data-e-type=\"column\">\n\t\t\t<div class=\"elementor-widget-wrap elementor-element-populated\">\n\t\t\t\t\t\t<div class=\"elementor-element elementor-element-ec83cf0 elementor-widget elementor-widget-section_titleleft\" data-id=\"ec83cf0\" data-element_type=\"widget\" data-e-type=\"widget\" data-widget_type=\"section_titleleft.default\">\n\t\t\t\t<div class=\"elementor-widget-container\">\n\t\t\t\t\t        <div class=\"ab_text-title fl-wrap\">\n            <h3>\u00bfQu\u00e9 es la terapia lum\u00ednica?<\/h3>La energ\u00eda lum\u00ednica policrom\u00e1tica penetra en m\u00faltiples capas de la piel, impulsando efectos beneficiosos que incluyen la reducci\u00f3n de la inflamaci\u00f3n, la aceleraci\u00f3n de la reepitelizaci\u00f3n y el aumento de la s\u00edntesis de col\u00e1geno.\n\nDe una forma sencilla e indolora, tratamos las heridas en sesiones semanales, consiguiendo una aceleraci\u00f3n del proceso de cicatrizaci\u00f3n en zonas complicadas, necrosadas o con falta de tejido.\n<span class=\"section-separator fl-sec-sep\"><\/span>        <\/div>\n        \t\t\t\t<\/div>\n\t\t\t\t<\/div>\n\t\t\t\t\t<\/div>\n\t\t<\/div>\n\t\t\t\t\t<\/div>\n\t\t<\/section>\n\t\t\t\t<section class=\"elementor-section elementor-top-section elementor-element elementor-element-d993722 elementor-section-boxed elementor-section-height-default elementor-section-height-default\" data-id=\"d993722\" data-element_type=\"section\" data-e-type=\"section\">\n\t\t\t\t\t\t<div class=\"elementor-container elementor-column-gap-wide\">\n\t\t\t\t\t<div class=\"elementor-column elementor-col-50 elementor-top-column elementor-element elementor-element-065811d\" data-id=\"065811d\" data-element_type=\"column\" data-e-type=\"column\">\n\t\t\t<div class=\"elementor-widget-wrap elementor-element-populated\">\n\t\t\t\t\t\t<div class=\"elementor-element elementor-element-63d99ac elementor-widget elementor-widget-text-editor\" data-id=\"63d99ac\" data-element_type=\"widget\" data-e-type=\"widget\" data-widget_type=\"text-editor.default\">\n\t\t\t\t<div class=\"elementor-widget-container\">\n\t\t\t\t\t\t\t\t\t<p>Aplicaciones m\u00e1s comunes:<\/p><ul><li>Heridas con falta de piel.<\/li><li>Heridas con zonas de necrosis.<\/li><li>Heridas en zonas con dificultad de cicatrizaci\u00f3n: cola, puntas de orejas&#8230;<\/li><li>Cicatrices quir\u00fargicas.<\/li><li>F\u00edstulas perianales.<\/li><li>Piodermas profundas en puntos de apoyo.<\/li><li>Pododermatitis.<\/li><\/ul>\t\t\t\t\t\t\t\t<\/div>\n\t\t\t\t<\/div>\n\t\t\t\t<div class=\"elementor-element elementor-element-20f4540 elementor-align-center elementor-widget elementor-widget-button\" data-id=\"20f4540\" data-element_type=\"widget\" data-e-type=\"widget\" data-widget_type=\"button.default\">\n\t\t\t\t<div class=\"elementor-widget-container\">\n\t\t\t\t\t\t\t\t\t<div class=\"elementor-button-wrapper\">\n\t\t\t\t\t<a class=\"elementor-button elementor-button-link elementor-size-md\" href=\"tel:948240304\">\n\t\t\t\t\t\t<span class=\"elementor-button-content-wrapper\">\n\t\t\t\t\t\t<span class=\"elementor-button-icon\">\n\t\t\t\t<i aria-hidden=\"true\" class=\"far fa-calendar-alt\"><\/i>\t\t\t<\/span>\n\t\t\t\t\t\t\t\t\t<span class=\"elementor-button-text\">Pide cita<\/span>\n\t\t\t\t\t<\/span>\n\t\t\t\t\t<\/a>\n\t\t\t\t<\/div>\n\t\t\t\t\t\t\t\t<\/div>\n\t\t\t\t<\/div>\n\t\t\t\t\t<\/div>\n\t\t<\/div>\n\t\t\t\t<div class=\"elementor-column elementor-col-50 elementor-top-column elementor-element elementor-element-2048e61\" data-id=\"2048e61\" data-element_type=\"column\" data-e-type=\"column\">\n\t\t\t<div class=\"elementor-widget-wrap elementor-element-populated\">\n\t\t\t\t\t\t<div class=\"elementor-element elementor-element-dc7c821 elementor-widget elementor-widget-image\" data-id=\"dc7c821\" data-element_type=\"widget\" data-e-type=\"widget\" data-widget_type=\"image.default\">\n\t\t\t\t<div class=\"elementor-widget-container\">\n\t\t\t\t\t\t\t\t\t\t\t\t\t\t\t<img decoding=\"async\" src=\"https:\/\/www.unavets.com\/hvpamplona\/wp-content\/uploads\/sites\/60\/elementor\/thumbs\/Terapia-luminica-scaled-e1758568066882-rc583m7493azzm3r154n44wuwmqf2e9m8ryt7h9hm8.jpg\" title=\"Terapia lum\u00ednica\" alt=\"Terapia lum\u00ednica\" loading=\"lazy\" \/>\t\t\t\t\t\t\t\t\t\t\t\t\t\t\t<\/div>\n\t\t\t\t<\/div>\n\t\t\t\t\t<\/div>\n\t\t<\/div>\n\t\t\t\t\t<\/div>\n\t\t<\/section>\n\t\t\t\t<\/div>\n\t\t","protected":false},"excerpt":{"rendered":"<p>\u00bfQu\u00e9 es la terapia lum\u00ednica? La energ\u00eda lum\u00ednica policrom\u00e1tica penetra en m\u00faltiples capas de la piel, impulsando efectos beneficiosos que incluyen la reducci\u00f3n de la inflamaci\u00f3n, la aceleraci\u00f3n de la reepitelizaci\u00f3n y el aumento de la s\u00edntesis de col\u00e1geno. De una forma sencilla e indolora, tratamos las heridas en sesiones semanales, consiguiendo una aceleraci\u00f3n del &hellip; <\/p>\n","protected":false},"author":4,"featured_media":0,"parent":13564,"menu_order":0,"comment_status":"closed","ping_status":"closed","template":"page-fullwidth.php","meta":{"_acf_changed":false,"content-type":"","footnotes":""},"class_list":["post-12862","page","type-page","status-publish","hentry"],"acf":[],"_links":{"self":[{"href":"https:\/\/www.unavets.com\/hvpamplona\/es\/wp-json\/wp\/v2\/pages\/12862","targetHints":{"allow":["GET"]}}],"collection":[{"href":"https:\/\/www.unavets.com\/hvpamplona\/es\/wp-json\/wp\/v2\/pages"}],"about":[{"href":"https:\/\/www.unavets.com\/hvpamplona\/es\/wp-json\/wp\/v2\/types\/page"}],"author":[{"embeddable":true,"href":"https:\/\/www.unavets.com\/hvpamplona\/es\/wp-json\/wp\/v2\/users\/4"}],"replies":[{"embeddable":true,"href":"https:\/\/www.unavets.com\/hvpamplona\/es\/wp-json\/wp\/v2\/comments?post=12862"}],"version-history":[{"count":11,"href":"https:\/\/www.unavets.com\/hvpamplona\/es\/wp-json\/wp\/v2\/pages\/12862\/revisions"}],"predecessor-version":[{"id":23514,"href":"https:\/\/www.unavets.com\/hvpamplona\/es\/wp-json\/wp\/v2\/pages\/12862\/revisions\/23514"}],"up":[{"embeddable":true,"href":"https:\/\/www.unavets.com\/hvpamplona\/es\/wp-json\/wp\/v2\/pages\/13564"}],"wp:attachment":[{"href":"https:\/\/www.unavets.com\/hvpamplona\/es\/wp-json\/wp\/v2\/media?parent=12862"}],"curies":[{"name":"wp","href":"https:\/\/api.w.org\/{rel}","templated":true}]}}