{"id":24123,"date":"2025-03-19T16:43:24","date_gmt":"2025-03-19T16:43:24","guid":{"rendered":"https:\/\/www.unavets.com\/hospitalveterinariodonostia\/?page_id=24123"},"modified":"2025-06-16T13:08:52","modified_gmt":"2025-06-16T13:08:52","slug":"centro-veterinario-astigarraga","status":"publish","type":"page","link":"https:\/\/www.unavets.com\/hospitalveterinariodonostia\/es\/centro-veterinario-astigarraga\/","title":{"rendered":"Centro Veterinario Astigarraga"},"content":{"rendered":"\t\t<div data-elementor-type=\"wp-page\" data-elementor-id=\"24123\" class=\"elementor elementor-24123\" data-elementor-post-type=\"page\">\n\t\t\t\t\t\t<section class=\"elementor-section elementor-top-section elementor-element elementor-element-256c21b pad-top-0 elementor-section-boxed elementor-section-height-default elementor-section-height-default\" data-id=\"256c21b\" data-element_type=\"section\" data-e-type=\"section\" data-settings=\"{&quot;background_background&quot;:&quot;classic&quot;}\">\n\t\t\t\t\t\t<div class=\"elementor-container elementor-column-gap-wide\">\n\t\t\t\t\t<div class=\"elementor-column elementor-col-100 elementor-top-column elementor-element elementor-element-69f03aa\" data-id=\"69f03aa\" data-element_type=\"column\" data-e-type=\"column\">\n\t\t\t<div class=\"elementor-widget-wrap elementor-element-populated\">\n\t\t\t\t\t\t<div class=\"elementor-element elementor-element-ea64454 elementor-widget elementor-widget-text-editor\" data-id=\"ea64454\" data-element_type=\"widget\" data-e-type=\"widget\" data-widget_type=\"text-editor.default\">\n\t\t\t\t<div class=\"elementor-widget-container\">\n\t\t\t\t\t\t\t\t\t<p>Nuestra cl\u00ednica en Astigarraga cuenta con una gran especialista y las instalaciones necesarias a vuestra disposici\u00f3n para brindarte el m\u00e1s alto nivel de atenci\u00f3n.<\/p>\t\t\t\t\t\t\t\t<\/div>\n\t\t\t\t<\/div>\n\t\t\t\t<section class=\"elementor-section elementor-inner-section elementor-element elementor-element-82ba6e0 elementor-section-boxed elementor-section-height-default elementor-section-height-default\" data-id=\"82ba6e0\" data-element_type=\"section\" data-e-type=\"section\">\n\t\t\t\t\t\t<div class=\"elementor-container elementor-column-gap-default\">\n\t\t\t\t\t<div class=\"elementor-column elementor-col-50 elementor-inner-column elementor-element elementor-element-035bbad\" data-id=\"035bbad\" data-element_type=\"column\" data-e-type=\"column\">\n\t\t\t<div class=\"elementor-widget-wrap elementor-element-populated\">\n\t\t\t\t\t\t<div class=\"elementor-element elementor-element-74501fe elementor-widget elementor-widget-image\" data-id=\"74501fe\" data-element_type=\"widget\" data-e-type=\"widget\" data-widget_type=\"image.default\">\n\t\t\t\t<div class=\"elementor-widget-container\">\n\t\t\t\t\t\t\t\t\t\t\t\t\t\t\t<img fetchpriority=\"high\" width=\"635\" height=\"1024\" class=\"attachment-large size-large wp-image-24124 lazy\" alt=\"\" data-src=\"https:\/\/www.unavets.com\/hospitalveterinariodonostia\/wp-content\/uploads\/sites\/52\/2025\/03\/1000169650-635x1024.jpg\" data-lazy=\"https:\/\/www.unavets.com\/hospitalveterinariodonostia\/wp-content\/uploads\/sites\/52\/2025\/03\/1000169650-635x1024.jpg\" \/>\t\t\t\t\t\t\t\t\t\t\t\t\t\t\t<\/div>\n\t\t\t\t<\/div>\n\t\t\t\t\t<\/div>\n\t\t<\/div>\n\t\t\t\t<div class=\"elementor-column elementor-col-50 elementor-inner-column elementor-element elementor-element-41121a6\" data-id=\"41121a6\" data-element_type=\"column\" data-e-type=\"column\">\n\t\t\t<div class=\"elementor-widget-wrap elementor-element-populated\">\n\t\t\t\t\t\t<div class=\"elementor-element elementor-element-48b8def elementor-widget__width-initial elementor-widget elementor-widget-text-editor\" data-id=\"48b8def\" data-element_type=\"widget\" data-e-type=\"widget\" data-widget_type=\"text-editor.default\">\n\t\t\t\t<div class=\"elementor-widget-container\">\n\t\t\t\t\t\t\t\t\t<p data-start=\"60\" data-end=\"360\">En <strong data-start=\"63\" data-end=\"98\">Cl\u00ednica Veterinaria Astigarraga<\/strong>, nos comprometemos con la salud y bienestar de tu mascota, ofreciendo un servicio cercano y profesional. Nuestro equipo veterinario cuenta con una amplia experiencia y pone a tu disposici\u00f3n una variedad de servicios dise\u00f1ados para garantizar el mejor cuidado.<\/p><p data-start=\"362\" data-end=\"652\">Nos especializamos en <strong data-start=\"384\" data-end=\"403\">planes de salud<\/strong> personalizados y <strong data-start=\"421\" data-end=\"445\">cuidados preventivos<\/strong>, asegurando la detecci\u00f3n temprana de cualquier problema de salud. Adem\u00e1s, ofrecemos <strong data-start=\"530\" data-end=\"604\">vacunaci\u00f3n, desparasitaci\u00f3n y an\u00e1lisis cl\u00ednicos en nuestro laboratorio<\/strong>, facilitando diagn\u00f3sticos r\u00e1pidos y precisos.<\/p><p data-start=\"654\" data-end=\"884\">Brindamos un <strong data-start=\"667\" data-end=\"699\">cuidado integral de mascotas<\/strong>, con un enfoque en la prevenci\u00f3n y el seguimiento de su estado de salud. Tambi\u00e9n te asesoramos en <strong data-start=\"798\" data-end=\"811\">nutrici\u00f3n<\/strong>, ayud\u00e1ndote a elegir la mejor alimentaci\u00f3n para cada etapa de su vida.<\/p><p data-start=\"886\" data-end=\"1003\">Para mayor comodidad, contamos con una <strong data-start=\"925\" data-end=\"949\">tienda especializada<\/strong>, donde encontrar\u00e1s piensos y accesorios de calidad.<\/p><p data-start=\"886\" data-end=\"1003\">Al frente de la consulta est\u00e1 la veterinaria <strong data-start=\"1077\" data-end=\"1098\">Susana Etxeberria<\/strong>, quien se ha incorporado recientemente al equipo del <strong data-start=\"1152\" data-end=\"1185\">Hospital Veterinario Donostia<\/strong> para ofrecer servicio veterinario en Astigarraga. Se licenci\u00f3 en <strong data-start=\"1251\" data-end=\"1304\">Veterinaria en la Universidad de Zaragoza en 2005<\/strong>, y desde entonces se ha dedicado al cuidado integral de las mascotas. Su especial inter\u00e9s por la <strong data-start=\"1402\" data-end=\"1418\">oftalmolog\u00eda<\/strong> la ha llevado a realizar diversos cursos de formaci\u00f3n en esta \u00e1rea. En su tiempo libre, disfruta de la naturaleza en compa\u00f1\u00eda de su gran familia multiespecie..<\/p><p>\u00a0<\/p><p><strong>Ubicaci\u00f3n y contacto de Cl\u00ednica Veterinaria Astigarraga<\/strong><\/p><ul><li>\u00a0Direcci\u00f3n:<a href=\"https:\/\/g.co\/kgs\/spnSzh2\"> Nabarra O\u00f1atz 9, bajo, Astigarraga<\/a><\/li><li>\u00a0Email: consultorio.hvdonostia@unavets.com<\/li><li>\u00a0Tel\u00e9fono de la cl\u00ednica: <a href=\"https:\/\/www.google.com\/search?q=clinica+veterinaria+astigarraga&amp;rlz=1C1VDKB_esES1031ES1031&amp;oq=clinica+veterinaria+astigarraga&amp;gs_lcrp=EgZjaHJvbWUqCggAEAAY4wIYgAQyCggAEAAY4wIYgAQyDQgBEC4YrwEYxwEYgAQyCAgCEAAYFhgeMggIAxAAGBYYHjIKCAQQABiABBiiBDIKCAUQABiABBiiBDIGCAYQRRg8MgYIBxBFGDzSAQg5MTM5ajBqN6gCALACAA&amp;sourceid=chrome&amp;ie=UTF-8#\" target=\"_blank\" rel=\"noopener\">943 017 768<\/a><\/li><\/ul><p><strong>Horario de atenci\u00f3n<\/strong><\/p><ul><li>Lunes, mi\u00e9rcoles y viernes: 10:00 &#8211; 17:00h<\/li><li>Martes y jueves: 13:00 &#8211; 19:00h<\/li><\/ul><p><strong>Urgencias 24h atendidas en el Hospital Veterinario Donostia:<\/strong> <a href=\"https:\/\/www.google.com\/search?q=hospital+veterianrio+donostia&amp;sca_esv=243c640e07014616&amp;rlz=1C1VDKB_esES1031ES1031&amp;ei=IQHbZ8b1JKaqhbIPl_ubwAU&amp;ved=0ahUKEwiGiozw15aMAxUmVUEAHZf9BlgQ4dUDCBI&amp;uact=5&amp;oq=hospital+veterianrio+donostia&amp;gs_lp=Egxnd3Mtd2l6LXNlcnAiHWhvc3BpdGFsIHZldGVyaWFucmlvIGRvbm9zdGlhMg0QLhiABBjHARgNGK8BMgcQABiABBgNMgYQABgWGB4yBhAAGBYYHjIGEAAYFhgeMgYQABgWGB4yBhAAGBYYHjIIEAAYogQYiQUyCBAAGIAEGKIEMhwQLhiABBjHARgNGK8BGJcFGNwEGN4EGOAE2AEBSNApUABYpihwAngBkAEAmAHdAaAB4x6qAQYzLjI3LjG4AQPIAQD4AQGYAiGgArggwgILEAAYgAQYsQMYgwHCAggQABiABBixA8ICDhAuGIAEGLEDGNEDGMcBwgIREC4YgAQYsQMY0QMYgwEYxwHCAg4QLhiABBixAxiDARiKBcICDhAAGIAEGLEDGIMBGIoFwgIFEC4YgATCAgoQABiABBhDGIoFwgIQEAAYgAQYsQMYQxiDARiKBcICDhAuGIAEGMcBGI4FGK8BwgIFEAAYgATCAgsQABiABBiSAxiKBcICDRAAGIAEGEMYyQMYigXCAhcQLhiABBixAxiDARjHARiKBRiOBRivAcICERAuGIAEGLEDGMcBGI4FGK8BwgIQEC4YgAQYQxjHARiKBRivAcICERAuGIAEGJIDGMcBGI4FGK8BwgIQEAAYgAQYsQMYQxjJAxiKBcICIBAuGIAEGJIDGMcBGI4FGK8BGJcFGNwEGN4EGOAE2AEBwgIQEC4YgAQYxwEYChiOBRivAcICChAAGIAEGMkDGArCAg0QLhiABBjHARgKGK8BwgIHEAAYgAQYCsICAhAmwgIFEAAY7wXCAh8QLhiABBjHARgKGI4FGK8BGJcFGNwEGN4EGOAE2AEBwgITEC4YgAQYkgMYxwEYChiOBRivAcICIhAuGIAEGJIDGMcBGAoYjgUYrwEYlwUY3AQY3gQY4ATYAQHCAgcQIRigARgKmAMAugYGCAEQARgUkgcGNC4yOC4xoAfIiAWyBwYyLjI4LjG4B68g&amp;sclient=gws-wiz-serp#\" target=\"_blank\" rel=\"noopener\">943 472 248<\/a><\/p>\t\t\t\t\t\t\t\t<\/div>\n\t\t\t\t<\/div>\n\t\t\t\t\t<\/div>\n\t\t<\/div>\n\t\t\t\t\t<\/div>\n\t\t<\/section>\n\t\t\t\t\t<\/div>\n\t\t<\/div>\n\t\t\t\t\t<\/div>\n\t\t<\/section>\n\t\t\t\t<section class=\"elementor-section elementor-top-section elementor-element elementor-element-16275de elementor-section-boxed elementor-section-height-default elementor-section-height-default\" data-id=\"16275de\" data-element_type=\"section\" data-e-type=\"section\">\n\t\t\t\t\t\t<div class=\"elementor-container elementor-column-gap-default\">\n\t\t\t\t\t<div class=\"elementor-column elementor-col-100 elementor-top-column elementor-element elementor-element-a6c3ce8\" data-id=\"a6c3ce8\" data-element_type=\"column\" data-e-type=\"column\">\n\t\t\t<div class=\"elementor-widget-wrap elementor-element-populated\">\n\t\t\t\t\t\t<section class=\"elementor-section elementor-inner-section elementor-element elementor-element-1b2dc15 elementor-section-boxed elementor-section-height-default elementor-section-height-default\" data-id=\"1b2dc15\" data-element_type=\"section\" data-e-type=\"section\">\n\t\t\t\t\t\t<div class=\"elementor-container elementor-column-gap-default\">\n\t\t\t\t\t<div class=\"elementor-column elementor-col-100 elementor-inner-column elementor-element elementor-element-18fc794\" data-id=\"18fc794\" data-element_type=\"column\" data-e-type=\"column\">\n\t\t\t<div class=\"elementor-widget-wrap elementor-element-populated\">\n\t\t\t\t\t\t<div class=\"elementor-element elementor-element-478090a elementor-widget elementor-widget-section_title\" data-id=\"478090a\" data-element_type=\"widget\" data-e-type=\"widget\" data-widget_type=\"section_title.default\">\n\t\t\t\t<div class=\"elementor-widget-container\">\n\t\t\t\t\t        <div class=\"section-title section-title-dk-blue fl-wrap\">\n                        <h2><span>Instalaciones<\/span><\/h2>                                        <span class=\"section-separator section-separator-dk-blue\"><\/span> \n                        <p>Nuestras instalaciones y equipamiento de vanguardia nos permiten ofrecer a tus mascotas el cuidado que se merecen.\n<\/p> \n        <\/div>\n        \t\t\t\t<\/div>\n\t\t\t\t<\/div>\n\t\t\t\t\t<\/div>\n\t\t<\/div>\n\t\t\t\t\t<\/div>\n\t\t<\/section>\n\t\t\t\t<div class=\"elementor-element elementor-element-f6fb206 elementor-skin-carousel elementor-arrows-yes elementor-pagination-type-bullets elementor-pagination-position-outside elementor-widget elementor-widget-media-carousel\" data-id=\"f6fb206\" data-element_type=\"widget\" data-e-type=\"widget\" data-settings=\"{&quot;slides_per_view&quot;:&quot;3&quot;,&quot;slides_to_scroll&quot;:&quot;1&quot;,&quot;skin&quot;:&quot;carousel&quot;,&quot;effect&quot;:&quot;slide&quot;,&quot;show_arrows&quot;:&quot;yes&quot;,&quot;pagination&quot;:&quot;bullets&quot;,&quot;speed&quot;:500,&quot;autoplay&quot;:&quot;yes&quot;,&quot;autoplay_speed&quot;:5000,&quot;loop&quot;:&quot;yes&quot;,&quot;pause_on_hover&quot;:&quot;yes&quot;,&quot;pause_on_interaction&quot;:&quot;yes&quot;,&quot;space_between&quot;:{&quot;unit&quot;:&quot;px&quot;,&quot;size&quot;:10,&quot;sizes&quot;:[]},&quot;space_between_tablet&quot;:{&quot;unit&quot;:&quot;px&quot;,&quot;size&quot;:10,&quot;sizes&quot;:[]},&quot;space_between_mobile&quot;:{&quot;unit&quot;:&quot;px&quot;,&quot;size&quot;:10,&quot;sizes&quot;:[]}}\" data-widget_type=\"media-carousel.default\">\n\t\t\t\t<div class=\"elementor-widget-container\">\n\t\t\t\t\t\t\t\t\t<div class=\"elementor-swiper\">\n\t\t\t\t\t<div class=\"elementor-main-swiper swiper\" role=\"region\" aria-roledescription=\"carousel\" aria-label=\"Slides\">\n\t\t\t\t<div class=\"swiper-wrapper\">\n\t\t\t\t\t\t\t\t\t\t\t<div class=\"swiper-slide\" role=\"group\" aria-roledescription=\"slide\">\n\t\t\t\t\t\t\t\t\t<div class=\"elementor-carousel-image\" role=\"img\" aria-label=\"1000169652\" style=\"background-image: url(&#039;https:\/\/www.unavets.com\/hospitalveterinariodonostia\/wp-content\/uploads\/sites\/52\/2025\/03\/1000169652-e1742402489597.jpg&#039;)\">\n\n\t\t\t\n\t\t\t\t\t<\/div>\n\t\t\t\t\t<div class=\"elementor-carousel-image-overlay e-overlay-animation-fade\">\n\t\t\t\t\t\t\t<\/div>\n\t\t\t\t\t\t\t\t\t<\/div>\n\t\t\t\t\t\t\t\t\t\t\t<div class=\"swiper-slide\" role=\"group\" aria-roledescription=\"slide\">\n\t\t\t\t\t\t\t\t\t<div class=\"elementor-carousel-image\" role=\"img\" aria-label=\"WhatsApp Image 2025-06-06 at 14.29.39\" style=\"background-image: url(&#039;https:\/\/www.unavets.com\/hospitalveterinariodonostia\/wp-content\/uploads\/sites\/52\/2025\/06\/WhatsApp-Image-2025-06-06-at-14.29.39-1.jpeg&#039;)\">\n\n\t\t\t\n\t\t\t\t\t<\/div>\n\t\t\t\t\t<div class=\"elementor-carousel-image-overlay e-overlay-animation-fade\">\n\t\t\t\t\t\t\t<\/div>\n\t\t\t\t\t\t\t\t\t<\/div>\n\t\t\t\t\t\t\t\t\t\t\t<div class=\"swiper-slide\" role=\"group\" aria-roledescription=\"slide\">\n\t\t\t\t\t\t\t\t\t<div class=\"elementor-carousel-image\" role=\"img\" aria-label=\"1000197216\" style=\"background-image: url(&#039;https:\/\/www.unavets.com\/hospitalveterinariodonostia\/wp-content\/uploads\/sites\/52\/2025\/03\/1000197216.jpg&#039;)\">\n\n\t\t\t\n\t\t\t\t\t<\/div>\n\t\t\t\t\t<div class=\"elementor-carousel-image-overlay e-overlay-animation-fade\">\n\t\t\t\t\t\t\t<\/div>\n\t\t\t\t\t\t\t\t\t<\/div>\n\t\t\t\t\t\t\t\t\t\t\t<div class=\"swiper-slide\" role=\"group\" aria-roledescription=\"slide\">\n\t\t\t\t\t\t\t\t\t<div class=\"elementor-carousel-image\" role=\"img\" aria-label=\"astigarraga consultorio veterinario2\" style=\"background-image: url(&#039;https:\/\/www.unavets.com\/hospitalveterinariodonostia\/wp-content\/uploads\/sites\/52\/2025\/03\/astigarraga-consultorio-veterinario2.jpg&#039;)\">\n\n\t\t\t\n\t\t\t\t\t<\/div>\n\t\t\t\t\t<div class=\"elementor-carousel-image-overlay e-overlay-animation-fade\">\n\t\t\t\t\t\t\t<\/div>\n\t\t\t\t\t\t\t\t\t<\/div>\n\t\t\t\t\t\t\t\t\t\t\t<div class=\"swiper-slide\" role=\"group\" aria-roledescription=\"slide\">\n\t\t\t\t\t\t\t\t\t<div class=\"elementor-carousel-image\" role=\"img\" aria-label=\"1000197220\" style=\"background-image: url(&#039;https:\/\/www.unavets.com\/hospitalveterinariodonostia\/wp-content\/uploads\/sites\/52\/2025\/03\/1000197220.jpg&#039;)\">\n\n\t\t\t\n\t\t\t\t\t<\/div>\n\t\t\t\t\t<div class=\"elementor-carousel-image-overlay e-overlay-animation-fade\">\n\t\t\t\t\t\t\t<\/div>\n\t\t\t\t\t\t\t\t\t<\/div>\n\t\t\t\t\t\t\t\t\t\t\t<div class=\"swiper-slide\" role=\"group\" aria-roledescription=\"slide\">\n\t\t\t\t\t\t\t\t\t<div class=\"elementor-carousel-image\" role=\"img\" aria-label=\"astigarraga consultorio veterinario\" style=\"background-image: url(&#039;https:\/\/www.unavets.com\/hospitalveterinariodonostia\/wp-content\/uploads\/sites\/52\/2025\/03\/astigarraga-consultorio-veterinario-e1742402730945.jpg&#039;)\">\n\n\t\t\t\n\t\t\t\t\t<\/div>\n\t\t\t\t\t<div class=\"elementor-carousel-image-overlay e-overlay-animation-fade\">\n\t\t\t\t\t\t\t<\/div>\n\t\t\t\t\t\t\t\t\t<\/div>\n\t\t\t\t\t\t\t\t\t\t\t<div class=\"swiper-slide\" role=\"group\" aria-roledescription=\"slide\">\n\t\t\t\t\t\t\t\t\t<div class=\"elementor-carousel-image\" role=\"img\" aria-label=\"WhatsApp Image 2025-06-06 at 14.29.39 (1)\" style=\"background-image: url(&#039;https:\/\/www.unavets.com\/hospitalveterinariodonostia\/wp-content\/uploads\/sites\/52\/2025\/06\/WhatsApp-Image-2025-06-06-at-14.29.39-1-1.jpeg&#039;)\">\n\n\t\t\t\n\t\t\t\t\t<\/div>\n\t\t\t\t\t<div class=\"elementor-carousel-image-overlay e-overlay-animation-fade\">\n\t\t\t\t\t\t\t<\/div>\n\t\t\t\t\t\t\t\t\t<\/div>\n\t\t\t\t\t\t\t\t\t<\/div>\n\t\t\t\t\t\t\t\t\t\t\t\t\t\t\t<div class=\"elementor-swiper-button elementor-swiper-button-prev\" role=\"button\" tabindex=\"0\" aria-label=\"Anterior\">\n\t\t\t\t\t\t\t<i aria-hidden=\"true\" class=\"eicon-chevron-left\"><\/i>\t\t\t\t\t\t<\/div>\n\t\t\t\t\t\t<div class=\"elementor-swiper-button elementor-swiper-button-next\" role=\"button\" tabindex=\"0\" aria-label=\"Siguiente\">\n\t\t\t\t\t\t\t<i aria-hidden=\"true\" class=\"eicon-chevron-right\"><\/i>\t\t\t\t\t\t<\/div>\n\t\t\t\t\t\t\t\t\t\t\t\t\t\t\t\t<div class=\"swiper-pagination\"><\/div>\n\t\t\t\t\t\t\t\t\t\t\t\t<\/div>\n\t\t\t\t<\/div>\n\t\t\t\t\t\t\t\t<\/div>\n\t\t\t\t<\/div>\n\t\t\t\t<div class=\"elementor-element elementor-element-a6dfa27 elementor-align-center elementor-widget elementor-widget-button\" data-id=\"a6dfa27\" data-element_type=\"widget\" data-e-type=\"widget\" data-widget_type=\"button.default\">\n\t\t\t\t<div class=\"elementor-widget-container\">\n\t\t\t\t\t\t\t\t\t<div class=\"elementor-button-wrapper\">\n\t\t\t\t\t<a class=\"elementor-button elementor-button-link elementor-size-sm\" href=\"https:\/\/www.unavets.com\/hospitalveterinariodonostia\/es\/\">\n\t\t\t\t\t\t<span class=\"elementor-button-content-wrapper\">\n\t\t\t\t\t\t\t\t\t<span class=\"elementor-button-text\">Urgencias en Hospital Veterinario Donostia<\/span>\n\t\t\t\t\t<\/span>\n\t\t\t\t\t<\/a>\n\t\t\t\t<\/div>\n\t\t\t\t\t\t\t\t<\/div>\n\t\t\t\t<\/div>\n\t\t\t\t\t<\/div>\n\t\t<\/div>\n\t\t\t\t\t<\/div>\n\t\t<\/section>\n\t\t\t\t<\/div>\n\t\t","protected":false},"excerpt":{"rendered":"<p>Nuestra cl\u00ednica en Astigarraga cuenta con una gran especialista y las instalaciones necesarias a vuestra disposici\u00f3n para brindarte el m\u00e1s alto nivel de atenci\u00f3n. En Cl\u00ednica Veterinaria Astigarraga, nos comprometemos con la salud y bienestar de tu mascota, ofreciendo un servicio cercano y profesional. Nuestro equipo veterinario cuenta con una amplia experiencia y pone a &hellip; <\/p>\n","protected":false},"author":8,"featured_media":0,"parent":0,"menu_order":0,"comment_status":"closed","ping_status":"closed","template":"page-fullwidth.php","meta":{"_acf_changed":false,"content-type":"","footnotes":""},"class_list":["post-24123","page","type-page","status-publish","hentry"],"acf":[],"_links":{"self":[{"href":"https:\/\/www.unavets.com\/hospitalveterinariodonostia\/es\/wp-json\/wp\/v2\/pages\/24123","targetHints":{"allow":["GET"]}}],"collection":[{"href":"https:\/\/www.unavets.com\/hospitalveterinariodonostia\/es\/wp-json\/wp\/v2\/pages"}],"about":[{"href":"https:\/\/www.unavets.com\/hospitalveterinariodonostia\/es\/wp-json\/wp\/v2\/types\/page"}],"author":[{"embeddable":true,"href":"https:\/\/www.unavets.com\/hospitalveterinariodonostia\/es\/wp-json\/wp\/v2\/users\/8"}],"replies":[{"embeddable":true,"href":"https:\/\/www.unavets.com\/hospitalveterinariodonostia\/es\/wp-json\/wp\/v2\/comments?post=24123"}],"version-history":[{"count":49,"href":"https:\/\/www.unavets.com\/hospitalveterinariodonostia\/es\/wp-json\/wp\/v2\/pages\/24123\/revisions"}],"predecessor-version":[{"id":24342,"href":"https:\/\/www.unavets.com\/hospitalveterinariodonostia\/es\/wp-json\/wp\/v2\/pages\/24123\/revisions\/24342"}],"wp:attachment":[{"href":"https:\/\/www.unavets.com\/hospitalveterinariodonostia\/es\/wp-json\/wp\/v2\/media?parent=24123"}],"curies":[{"name":"wp","href":"https:\/\/api.w.org\/{rel}","templated":true}]}}