{"id":13558,"date":"2020-10-03T08:10:58","date_gmt":"2020-10-03T08:10:58","guid":{"rendered":"http:\/\/www.unavets.com\/hospitalveterinariodonostia\/our-facilities\/"},"modified":"2024-06-13T12:32:29","modified_gmt":"2024-06-13T12:32:29","slug":"instalaciones","status":"publish","type":"page","link":"https:\/\/www.unavets.com\/hospitalveterinariodonostia\/es\/instalaciones\/","title":{"rendered":"Instalaciones"},"content":{"rendered":"\t\t<div data-elementor-type=\"wp-page\" data-elementor-id=\"13558\" class=\"elementor elementor-13558 elementor-281\" data-elementor-post-type=\"page\">\n\t\t\t\t\t\t<section class=\"elementor-section elementor-top-section elementor-element elementor-element-54cf215 pad-top-0 elementor-section-boxed elementor-section-height-default elementor-section-height-default\" data-id=\"54cf215\" data-element_type=\"section\" data-e-type=\"section\" id=\"main-sec\" data-settings=\"{&quot;background_background&quot;:&quot;classic&quot;}\">\n\t\t\t\t\t\t<div class=\"elementor-container elementor-column-gap-wide\">\n\t\t\t\t\t<div class=\"elementor-column elementor-col-100 elementor-top-column elementor-element elementor-element-d926441\" data-id=\"d926441\" data-element_type=\"column\" data-e-type=\"column\">\n\t\t\t<div class=\"elementor-widget-wrap elementor-element-populated\">\n\t\t\t\t\t\t<div class=\"elementor-element elementor-element-ac5c964 elementor-widget elementor-widget-text-editor\" data-id=\"ac5c964\" data-element_type=\"widget\" data-e-type=\"widget\" data-widget_type=\"text-editor.default\">\n\t\t\t\t<div class=\"elementor-widget-container\">\n\t\t\t\t\t\t\t\t\t<p>El Hospital Veterinario Donostia cuenta con unas instalaciones de 300 m\u00b2, perfectamente equipadas para brindar una atenci\u00f3n integral y avanzada a sus pacientes.<\/p>\t\t\t\t\t\t\t\t<\/div>\n\t\t\t\t<\/div>\n\t\t\t\t<section class=\"elementor-section elementor-inner-section elementor-element elementor-element-98275a1 elementor-section-boxed elementor-section-height-default elementor-section-height-default\" data-id=\"98275a1\" data-element_type=\"section\" data-e-type=\"section\">\n\t\t\t\t\t\t<div class=\"elementor-container elementor-column-gap-default\">\n\t\t\t\t\t<div class=\"elementor-column elementor-col-50 elementor-inner-column elementor-element elementor-element-07b222c\" data-id=\"07b222c\" data-element_type=\"column\" data-e-type=\"column\">\n\t\t\t<div class=\"elementor-widget-wrap elementor-element-populated\">\n\t\t\t\t\t\t<div class=\"elementor-element elementor-element-44b52f4 elementor-widget elementor-widget-image\" data-id=\"44b52f4\" data-element_type=\"widget\" data-e-type=\"widget\" data-widget_type=\"image.default\">\n\t\t\t\t<div class=\"elementor-widget-container\">\n\t\t\t\t\t\t\t\t\t\t\t\t\t\t\t<img fetchpriority=\"high\" width=\"806\" height=\"538\" class=\"attachment-1536x1536 size-1536x1536 wp-image-22135 lazy\" alt=\"\" data-src=\"https:\/\/www.unavets.com\/hospitalveterinariodonostia\/wp-content\/uploads\/sites\/52\/2024\/06\/Unavets-Donostia249-1.jpg\" data-lazy=\"https:\/\/www.unavets.com\/hospitalveterinariodonostia\/wp-content\/uploads\/sites\/52\/2024\/06\/Unavets-Donostia249-1.jpg\" \/>\t\t\t\t\t\t\t\t\t\t\t\t\t\t\t<\/div>\n\t\t\t\t<\/div>\n\t\t\t\t\t<\/div>\n\t\t<\/div>\n\t\t\t\t<div class=\"elementor-column elementor-col-50 elementor-inner-column elementor-element elementor-element-e32254f\" data-id=\"e32254f\" data-element_type=\"column\" data-e-type=\"column\">\n\t\t\t<div class=\"elementor-widget-wrap elementor-element-populated\">\n\t\t\t\t\t\t<div class=\"elementor-element elementor-element-6494dd8 elementor-widget elementor-widget-text-editor\" data-id=\"6494dd8\" data-element_type=\"widget\" data-e-type=\"widget\" data-widget_type=\"text-editor.default\">\n\t\t\t\t<div class=\"elementor-widget-container\">\n\t\t\t\t\t\t\t\t\t<ul><li>Disponemos de consultas modernas y una sala de radiolog\u00eda con digitalizaci\u00f3n directa.<\/li><li>Nuestro laboratorio propio nos permite realizar el 95% de las anal\u00edticas en menos de una hora, ofreciendo resultados r\u00e1pidos y precisos a nuestros clientes.<\/li><li>Contamos con un banco de sangre animal.<\/li><li>Tenemos dos quir\u00f3fanos completamente equipados, con monitorizaci\u00f3n completa, equipos de respiraci\u00f3n asistida y anestesistas especializados.<\/li><li>Nuestra sala de ecograf\u00edas est\u00e1 equipada con un ec\u00f3grafo-ecocardiografo de \u00faltima generaci\u00f3n.<\/li><li>Ofrecemos servicios de electrocardiograf\u00eda y electrocardiograf\u00eda domiciliaria (HOLTER).<\/li><li>Somos uno de los pocos centros en Gipuzkoa que cuenta con un TAC-SCANER de 8 cortes, lo que nos permite realizar diagn\u00f3sticos avanzados con gran precisi\u00f3n.<\/li><\/ul>\t\t\t\t\t\t\t\t<\/div>\n\t\t\t\t<\/div>\n\t\t\t\t\t<\/div>\n\t\t<\/div>\n\t\t\t\t\t<\/div>\n\t\t<\/section>\n\t\t\t\t<section class=\"elementor-section elementor-inner-section elementor-element elementor-element-cbd28ac elementor-section-boxed elementor-section-height-default elementor-section-height-default\" data-id=\"cbd28ac\" data-element_type=\"section\" data-e-type=\"section\">\n\t\t\t\t\t\t<div class=\"elementor-container elementor-column-gap-default\">\n\t\t\t\t\t<div class=\"elementor-column elementor-col-50 elementor-inner-column elementor-element elementor-element-e54cc90\" data-id=\"e54cc90\" data-element_type=\"column\" data-e-type=\"column\">\n\t\t\t<div class=\"elementor-widget-wrap elementor-element-populated\">\n\t\t\t\t\t\t<div class=\"elementor-element elementor-element-e77ffdd elementor-align-center elementor-widget elementor-widget-button\" data-id=\"e77ffdd\" data-element_type=\"widget\" data-e-type=\"widget\" data-widget_type=\"button.default\">\n\t\t\t\t<div class=\"elementor-widget-container\">\n\t\t\t\t\t\t\t\t\t<div class=\"elementor-button-wrapper\">\n\t\t\t\t\t<a class=\"elementor-button elementor-button-link elementor-size-sm\" href=\"https:\/\/www.unavets.com\/hospitalveterinariodonostia\/es\/nuestro-equipo\/\">\n\t\t\t\t\t\t<span class=\"elementor-button-content-wrapper\">\n\t\t\t\t\t\t\t\t\t<span class=\"elementor-button-text\">Nuestro Equipo<\/span>\n\t\t\t\t\t<\/span>\n\t\t\t\t\t<\/a>\n\t\t\t\t<\/div>\n\t\t\t\t\t\t\t\t<\/div>\n\t\t\t\t<\/div>\n\t\t\t\t\t<\/div>\n\t\t<\/div>\n\t\t\t\t<div class=\"elementor-column elementor-col-50 elementor-inner-column elementor-element elementor-element-dc3e6b5\" data-id=\"dc3e6b5\" data-element_type=\"column\" data-e-type=\"column\">\n\t\t\t<div class=\"elementor-widget-wrap elementor-element-populated\">\n\t\t\t\t\t\t<div class=\"elementor-element elementor-element-ebe1efe elementor-align-center elementor-widget elementor-widget-button\" data-id=\"ebe1efe\" data-element_type=\"widget\" data-e-type=\"widget\" data-widget_type=\"button.default\">\n\t\t\t\t<div class=\"elementor-widget-container\">\n\t\t\t\t\t\t\t\t\t<div class=\"elementor-button-wrapper\">\n\t\t\t\t\t<a class=\"elementor-button elementor-button-link elementor-size-sm\" href=\"https:\/\/www.unavets.com\/hospitalveterinariodonostia\/es\/servicios\/\">\n\t\t\t\t\t\t<span class=\"elementor-button-content-wrapper\">\n\t\t\t\t\t\t\t\t\t<span class=\"elementor-button-text\">Servicios<\/span>\n\t\t\t\t\t<\/span>\n\t\t\t\t\t<\/a>\n\t\t\t\t<\/div>\n\t\t\t\t\t\t\t\t<\/div>\n\t\t\t\t<\/div>\n\t\t\t\t\t<\/div>\n\t\t<\/div>\n\t\t\t\t\t<\/div>\n\t\t<\/section>\n\t\t\t\t\t<\/div>\n\t\t<\/div>\n\t\t\t\t\t<\/div>\n\t\t<\/section>\n\t\t\t\t<section class=\"elementor-section elementor-top-section elementor-element elementor-element-c64bf4c elementor-section-boxed elementor-section-height-default elementor-section-height-default\" data-id=\"c64bf4c\" data-element_type=\"section\" data-e-type=\"section\">\n\t\t\t\t\t\t<div class=\"elementor-container elementor-column-gap-default\">\n\t\t\t\t\t<div class=\"elementor-column elementor-col-100 elementor-top-column elementor-element elementor-element-46ea748\" data-id=\"46ea748\" data-element_type=\"column\" data-e-type=\"column\">\n\t\t\t<div class=\"elementor-widget-wrap elementor-element-populated\">\n\t\t\t\t\t\t<div class=\"elementor-element elementor-element-ad3e405 elementor-widget elementor-widget-gallery\" data-id=\"ad3e405\" data-element_type=\"widget\" data-e-type=\"widget\" data-settings=\"{&quot;columns&quot;:&quot;3&quot;,&quot;aspect_ratio&quot;:&quot;1:1&quot;,&quot;lazyload&quot;:&quot;yes&quot;,&quot;gallery_layout&quot;:&quot;grid&quot;,&quot;columns_tablet&quot;:2,&quot;columns_mobile&quot;:1,&quot;gap&quot;:{&quot;unit&quot;:&quot;px&quot;,&quot;size&quot;:10,&quot;sizes&quot;:[]},&quot;gap_tablet&quot;:{&quot;unit&quot;:&quot;px&quot;,&quot;size&quot;:10,&quot;sizes&quot;:[]},&quot;gap_mobile&quot;:{&quot;unit&quot;:&quot;px&quot;,&quot;size&quot;:10,&quot;sizes&quot;:[]},&quot;link_to&quot;:&quot;file&quot;,&quot;overlay_background&quot;:&quot;yes&quot;,&quot;content_hover_animation&quot;:&quot;fade-in&quot;}\" data-widget_type=\"gallery.default\">\n\t\t\t\t<div class=\"elementor-widget-container\">\n\t\t\t\t\t\t\t<div class=\"elementor-gallery__container\">\n\t\t\t\t\t\t\t<a class=\"e-gallery-item elementor-gallery-item elementor-animated-content\" href=\"https:\/\/www.unavets.com\/hospitalveterinariodonostia\/wp-content\/uploads\/sites\/52\/2024\/06\/Unavets-Donostia104.jpg\" data-elementor-open-lightbox=\"yes\" data-elementor-lightbox-slideshow=\"ad3e405\" data-elementor-lightbox-title=\"Unavets Donostia104\" data-e-action-hash=\"#elementor-action%3Aaction%3Dlightbox%26settings%3DeyJpZCI6MjI4NDIsInVybCI6Imh0dHBzOlwvXC93d3cudW5hdmV0cy5jb21cL2hvc3BpdGFsdmV0ZXJpbmFyaW9kb25vc3RpYVwvd3AtY29udGVudFwvdXBsb2Fkc1wvc2l0ZXNcLzUyXC8yMDI0XC8wNlwvVW5hdmV0cy1Eb25vc3RpYTEwNC5qcGciLCJzbGlkZXNob3ciOiJhZDNlNDA1In0%3D\">\n\t\t\t\t\t<div class=\"e-gallery-image elementor-gallery-item__image\" data-thumbnail=\"https:\/\/www.unavets.com\/hospitalveterinariodonostia\/wp-content\/uploads\/sites\/52\/2024\/06\/Unavets-Donostia104.jpg\" data-width=\"724\" data-height=\"483\" aria-label=\"\" role=\"img\" ><\/div>\n\t\t\t\t\t\t\t\t\t\t\t<div class=\"elementor-gallery-item__overlay\"><\/div>\n\t\t\t\t\t\t\t\t\t\t\t\t\t\t<\/a>\n\t\t\t\t\t\t\t<a class=\"e-gallery-item elementor-gallery-item elementor-animated-content\" href=\"https:\/\/www.unavets.com\/hospitalveterinariodonostia\/wp-content\/uploads\/sites\/52\/2024\/06\/Unavets-Donostia144.jpg\" data-elementor-open-lightbox=\"yes\" data-elementor-lightbox-slideshow=\"ad3e405\" data-elementor-lightbox-title=\"Unavets Donostia144\" data-e-action-hash=\"#elementor-action%3Aaction%3Dlightbox%26settings%3DeyJpZCI6MjI3OTQsInVybCI6Imh0dHBzOlwvXC93d3cudW5hdmV0cy5jb21cL2hvc3BpdGFsdmV0ZXJpbmFyaW9kb25vc3RpYVwvd3AtY29udGVudFwvdXBsb2Fkc1wvc2l0ZXNcLzUyXC8yMDI0XC8wNlwvVW5hdmV0cy1Eb25vc3RpYTE0NC5qcGciLCJzbGlkZXNob3ciOiJhZDNlNDA1In0%3D\">\n\t\t\t\t\t<div class=\"e-gallery-image elementor-gallery-item__image\" data-thumbnail=\"https:\/\/www.unavets.com\/hospitalveterinariodonostia\/wp-content\/uploads\/sites\/52\/2024\/06\/Unavets-Donostia144.jpg\" data-width=\"724\" data-height=\"483\" aria-label=\"\" role=\"img\" ><\/div>\n\t\t\t\t\t\t\t\t\t\t\t<div class=\"elementor-gallery-item__overlay\"><\/div>\n\t\t\t\t\t\t\t\t\t\t\t\t\t\t<\/a>\n\t\t\t\t\t\t\t<a class=\"e-gallery-item elementor-gallery-item elementor-animated-content\" href=\"https:\/\/www.unavets.com\/hospitalveterinariodonostia\/wp-content\/uploads\/sites\/52\/2024\/06\/Unavets-Donostia148.jpg\" data-elementor-open-lightbox=\"yes\" data-elementor-lightbox-slideshow=\"ad3e405\" data-elementor-lightbox-title=\"Unavets Donostia148\" data-e-action-hash=\"#elementor-action%3Aaction%3Dlightbox%26settings%3DeyJpZCI6MjI3ODYsInVybCI6Imh0dHBzOlwvXC93d3cudW5hdmV0cy5jb21cL2hvc3BpdGFsdmV0ZXJpbmFyaW9kb25vc3RpYVwvd3AtY29udGVudFwvdXBsb2Fkc1wvc2l0ZXNcLzUyXC8yMDI0XC8wNlwvVW5hdmV0cy1Eb25vc3RpYTE0OC5qcGciLCJzbGlkZXNob3ciOiJhZDNlNDA1In0%3D\">\n\t\t\t\t\t<div class=\"e-gallery-image elementor-gallery-item__image\" data-thumbnail=\"https:\/\/www.unavets.com\/hospitalveterinariodonostia\/wp-content\/uploads\/sites\/52\/2024\/06\/Unavets-Donostia148.jpg\" data-width=\"724\" data-height=\"483\" aria-label=\"\" role=\"img\" ><\/div>\n\t\t\t\t\t\t\t\t\t\t\t<div class=\"elementor-gallery-item__overlay\"><\/div>\n\t\t\t\t\t\t\t\t\t\t\t\t\t\t<\/a>\n\t\t\t\t\t\t\t<a class=\"e-gallery-item elementor-gallery-item elementor-animated-content\" href=\"https:\/\/www.unavets.com\/hospitalveterinariodonostia\/wp-content\/uploads\/sites\/52\/2024\/06\/Unavets-Donostia147.jpg\" data-elementor-open-lightbox=\"yes\" data-elementor-lightbox-slideshow=\"ad3e405\" data-elementor-lightbox-title=\"Unavets Donostia147\" data-e-action-hash=\"#elementor-action%3Aaction%3Dlightbox%26settings%3DeyJpZCI6MjI3ODgsInVybCI6Imh0dHBzOlwvXC93d3cudW5hdmV0cy5jb21cL2hvc3BpdGFsdmV0ZXJpbmFyaW9kb25vc3RpYVwvd3AtY29udGVudFwvdXBsb2Fkc1wvc2l0ZXNcLzUyXC8yMDI0XC8wNlwvVW5hdmV0cy1Eb25vc3RpYTE0Ny5qcGciLCJzbGlkZXNob3ciOiJhZDNlNDA1In0%3D\">\n\t\t\t\t\t<div class=\"e-gallery-image elementor-gallery-item__image\" data-thumbnail=\"https:\/\/www.unavets.com\/hospitalveterinariodonostia\/wp-content\/uploads\/sites\/52\/2024\/06\/Unavets-Donostia147.jpg\" data-width=\"724\" data-height=\"483\" aria-label=\"\" role=\"img\" ><\/div>\n\t\t\t\t\t\t\t\t\t\t\t<div class=\"elementor-gallery-item__overlay\"><\/div>\n\t\t\t\t\t\t\t\t\t\t\t\t\t\t<\/a>\n\t\t\t\t\t\t\t<a class=\"e-gallery-item elementor-gallery-item elementor-animated-content\" href=\"https:\/\/www.unavets.com\/hospitalveterinariodonostia\/wp-content\/uploads\/sites\/52\/2024\/06\/Unavets-Donostia149.jpg\" data-elementor-open-lightbox=\"yes\" data-elementor-lightbox-slideshow=\"ad3e405\" data-elementor-lightbox-title=\"Unavets Donostia149\" data-e-action-hash=\"#elementor-action%3Aaction%3Dlightbox%26settings%3DeyJpZCI6MjI3ODQsInVybCI6Imh0dHBzOlwvXC93d3cudW5hdmV0cy5jb21cL2hvc3BpdGFsdmV0ZXJpbmFyaW9kb25vc3RpYVwvd3AtY29udGVudFwvdXBsb2Fkc1wvc2l0ZXNcLzUyXC8yMDI0XC8wNlwvVW5hdmV0cy1Eb25vc3RpYTE0OS5qcGciLCJzbGlkZXNob3ciOiJhZDNlNDA1In0%3D\">\n\t\t\t\t\t<div class=\"e-gallery-image elementor-gallery-item__image\" data-thumbnail=\"https:\/\/www.unavets.com\/hospitalveterinariodonostia\/wp-content\/uploads\/sites\/52\/2024\/06\/Unavets-Donostia149.jpg\" data-width=\"724\" data-height=\"483\" aria-label=\"\" role=\"img\" ><\/div>\n\t\t\t\t\t\t\t\t\t\t\t<div class=\"elementor-gallery-item__overlay\"><\/div>\n\t\t\t\t\t\t\t\t\t\t\t\t\t\t<\/a>\n\t\t\t\t\t\t\t<a class=\"e-gallery-item elementor-gallery-item elementor-animated-content\" href=\"https:\/\/www.unavets.com\/hospitalveterinariodonostia\/wp-content\/uploads\/sites\/52\/2024\/06\/Unavets-Donostia153-1.jpg\" data-elementor-open-lightbox=\"yes\" data-elementor-lightbox-slideshow=\"ad3e405\" data-elementor-lightbox-title=\"Unavets Donostia153\" data-e-action-hash=\"#elementor-action%3Aaction%3Dlightbox%26settings%3DeyJpZCI6MjI3NzYsInVybCI6Imh0dHBzOlwvXC93d3cudW5hdmV0cy5jb21cL2hvc3BpdGFsdmV0ZXJpbmFyaW9kb25vc3RpYVwvd3AtY29udGVudFwvdXBsb2Fkc1wvc2l0ZXNcLzUyXC8yMDI0XC8wNlwvVW5hdmV0cy1Eb25vc3RpYTE1My0xLmpwZyIsInNsaWRlc2hvdyI6ImFkM2U0MDUifQ%3D%3D\">\n\t\t\t\t\t<div class=\"e-gallery-image elementor-gallery-item__image\" data-thumbnail=\"https:\/\/www.unavets.com\/hospitalveterinariodonostia\/wp-content\/uploads\/sites\/52\/2024\/06\/Unavets-Donostia153-1.jpg\" data-width=\"724\" data-height=\"483\" aria-label=\"\" role=\"img\" ><\/div>\n\t\t\t\t\t\t\t\t\t\t\t<div class=\"elementor-gallery-item__overlay\"><\/div>\n\t\t\t\t\t\t\t\t\t\t\t\t\t\t<\/a>\n\t\t\t\t\t\t\t<a class=\"e-gallery-item elementor-gallery-item elementor-animated-content\" href=\"https:\/\/www.unavets.com\/hospitalveterinariodonostia\/wp-content\/uploads\/sites\/52\/2024\/06\/Unavets-Donostia107.jpg\" data-elementor-open-lightbox=\"yes\" data-elementor-lightbox-slideshow=\"ad3e405\" data-elementor-lightbox-title=\"Unavets Donostia107\" data-e-action-hash=\"#elementor-action%3Aaction%3Dlightbox%26settings%3DeyJpZCI6MjI4MzgsInVybCI6Imh0dHBzOlwvXC93d3cudW5hdmV0cy5jb21cL2hvc3BpdGFsdmV0ZXJpbmFyaW9kb25vc3RpYVwvd3AtY29udGVudFwvdXBsb2Fkc1wvc2l0ZXNcLzUyXC8yMDI0XC8wNlwvVW5hdmV0cy1Eb25vc3RpYTEwNy5qcGciLCJzbGlkZXNob3ciOiJhZDNlNDA1In0%3D\">\n\t\t\t\t\t<div class=\"e-gallery-image elementor-gallery-item__image\" data-thumbnail=\"https:\/\/www.unavets.com\/hospitalveterinariodonostia\/wp-content\/uploads\/sites\/52\/2024\/06\/Unavets-Donostia107.jpg\" data-width=\"724\" data-height=\"483\" aria-label=\"\" role=\"img\" ><\/div>\n\t\t\t\t\t\t\t\t\t\t\t<div class=\"elementor-gallery-item__overlay\"><\/div>\n\t\t\t\t\t\t\t\t\t\t\t\t\t\t<\/a>\n\t\t\t\t\t\t\t<a class=\"e-gallery-item elementor-gallery-item elementor-animated-content\" href=\"https:\/\/www.unavets.com\/hospitalveterinariodonostia\/wp-content\/uploads\/sites\/52\/2024\/06\/Unavets-Donostia217-1.jpg\" data-elementor-open-lightbox=\"yes\" data-elementor-lightbox-slideshow=\"ad3e405\" data-elementor-lightbox-title=\"Unavets Donostia217\" data-e-action-hash=\"#elementor-action%3Aaction%3Dlightbox%26settings%3DeyJpZCI6MjIxODEsInVybCI6Imh0dHBzOlwvXC93d3cudW5hdmV0cy5jb21cL2hvc3BpdGFsdmV0ZXJpbmFyaW9kb25vc3RpYVwvd3AtY29udGVudFwvdXBsb2Fkc1wvc2l0ZXNcLzUyXC8yMDI0XC8wNlwvVW5hdmV0cy1Eb25vc3RpYTIxNy0xLmpwZyIsInNsaWRlc2hvdyI6ImFkM2U0MDUifQ%3D%3D\">\n\t\t\t\t\t<div class=\"e-gallery-image elementor-gallery-item__image\" data-thumbnail=\"https:\/\/www.unavets.com\/hospitalveterinariodonostia\/wp-content\/uploads\/sites\/52\/2024\/06\/Unavets-Donostia217-1.jpg\" data-width=\"724\" data-height=\"483\" aria-label=\"\" role=\"img\" ><\/div>\n\t\t\t\t\t\t\t\t\t\t\t<div class=\"elementor-gallery-item__overlay\"><\/div>\n\t\t\t\t\t\t\t\t\t\t\t\t\t\t<\/a>\n\t\t\t\t\t\t\t<a class=\"e-gallery-item elementor-gallery-item elementor-animated-content\" href=\"https:\/\/www.unavets.com\/hospitalveterinariodonostia\/wp-content\/uploads\/sites\/52\/2024\/06\/Unavets-Donostia223-1.jpg\" data-elementor-open-lightbox=\"yes\" data-elementor-lightbox-slideshow=\"ad3e405\" data-elementor-lightbox-title=\"Unavets Donostia223\" data-e-action-hash=\"#elementor-action%3Aaction%3Dlightbox%26settings%3DeyJpZCI6MjIxNjksInVybCI6Imh0dHBzOlwvXC93d3cudW5hdmV0cy5jb21cL2hvc3BpdGFsdmV0ZXJpbmFyaW9kb25vc3RpYVwvd3AtY29udGVudFwvdXBsb2Fkc1wvc2l0ZXNcLzUyXC8yMDI0XC8wNlwvVW5hdmV0cy1Eb25vc3RpYTIyMy0xLmpwZyIsInNsaWRlc2hvdyI6ImFkM2U0MDUifQ%3D%3D\">\n\t\t\t\t\t<div class=\"e-gallery-image elementor-gallery-item__image\" data-thumbnail=\"https:\/\/www.unavets.com\/hospitalveterinariodonostia\/wp-content\/uploads\/sites\/52\/2024\/06\/Unavets-Donostia223-1.jpg\" data-width=\"724\" data-height=\"483\" aria-label=\"\" role=\"img\" ><\/div>\n\t\t\t\t\t\t\t\t\t\t\t<div class=\"elementor-gallery-item__overlay\"><\/div>\n\t\t\t\t\t\t\t\t\t\t\t\t\t\t<\/a>\n\t\t\t\t\t<\/div>\n\t\t\t\t\t<\/div>\n\t\t\t\t<\/div>\n\t\t\t\t\t<\/div>\n\t\t<\/div>\n\t\t\t\t\t<\/div>\n\t\t<\/section>\n\t\t\t\t<\/div>\n\t\t","protected":false},"excerpt":{"rendered":"<p>El Hospital Veterinario Donostia cuenta con unas instalaciones de 300 m\u00b2, perfectamente equipadas para brindar una atenci\u00f3n integral y avanzada a sus pacientes. Disponemos de consultas modernas y una sala de radiolog\u00eda con digitalizaci\u00f3n directa. Nuestro laboratorio propio nos permite realizar el 95% de las anal\u00edticas en menos de una hora, ofreciendo resultados r\u00e1pidos y &hellip; <\/p>\n","protected":false},"author":1,"featured_media":0,"parent":0,"menu_order":0,"comment_status":"closed","ping_status":"closed","template":"page-fullwidth.php","meta":{"_acf_changed":false,"content-type":"","footnotes":""},"class_list":["post-13558","page","type-page","status-publish","hentry"],"acf":[],"_links":{"self":[{"href":"https:\/\/www.unavets.com\/hospitalveterinariodonostia\/es\/wp-json\/wp\/v2\/pages\/13558","targetHints":{"allow":["GET"]}}],"collection":[{"href":"https:\/\/www.unavets.com\/hospitalveterinariodonostia\/es\/wp-json\/wp\/v2\/pages"}],"about":[{"href":"https:\/\/www.unavets.com\/hospitalveterinariodonostia\/es\/wp-json\/wp\/v2\/types\/page"}],"author":[{"embeddable":true,"href":"https:\/\/www.unavets.com\/hospitalveterinariodonostia\/es\/wp-json\/wp\/v2\/users\/1"}],"replies":[{"embeddable":true,"href":"https:\/\/www.unavets.com\/hospitalveterinariodonostia\/es\/wp-json\/wp\/v2\/comments?post=13558"}],"version-history":[{"count":37,"href":"https:\/\/www.unavets.com\/hospitalveterinariodonostia\/es\/wp-json\/wp\/v2\/pages\/13558\/revisions"}],"predecessor-version":[{"id":23212,"href":"https:\/\/www.unavets.com\/hospitalveterinariodonostia\/es\/wp-json\/wp\/v2\/pages\/13558\/revisions\/23212"}],"wp:attachment":[{"href":"https:\/\/www.unavets.com\/hospitalveterinariodonostia\/es\/wp-json\/wp\/v2\/media?parent=13558"}],"curies":[{"name":"wp","href":"https:\/\/api.w.org\/{rel}","templated":true}]}}