{"id":12806,"date":"2020-10-12T15:01:39","date_gmt":"2020-10-12T15:01:39","guid":{"rendered":"http:\/\/www.unavets.com\/hospitalveterinariodonostia\/diagnostic-imaging\/"},"modified":"2024-07-30T10:16:12","modified_gmt":"2024-07-30T10:16:12","slug":"radiologia-ecografia","status":"publish","type":"page","link":"https:\/\/www.unavets.com\/hospitalveterinariodonostia\/es\/servicios\/radiologia-ecografia\/","title":{"rendered":"Radiolog\u00eda, Ecograf\u00eda y TAC"},"content":{"rendered":"\t\t<div data-elementor-type=\"wp-page\" data-elementor-id=\"12806\" class=\"elementor elementor-12806 elementor-652\" data-elementor-post-type=\"page\">\n\t\t\t\t\t\t<section class=\"elementor-section elementor-top-section elementor-element elementor-element-3b7f1f2 elementor-section-boxed elementor-section-height-default elementor-section-height-default\" data-id=\"3b7f1f2\" data-element_type=\"section\" data-e-type=\"section\" id=\"main-sec\">\n\t\t\t\t\t\t<div class=\"elementor-container elementor-column-gap-default\">\n\t\t\t\t\t<div class=\"elementor-column elementor-col-100 elementor-top-column elementor-element elementor-element-138c88c\" data-id=\"138c88c\" data-element_type=\"column\" data-e-type=\"column\">\n\t\t\t<div class=\"elementor-widget-wrap elementor-element-populated\">\n\t\t\t\t\t\t<div class=\"elementor-element elementor-element-ec83cf0 elementor-widget elementor-widget-section_titleleft\" data-id=\"ec83cf0\" data-element_type=\"widget\" data-e-type=\"widget\" data-widget_type=\"section_titleleft.default\">\n\t\t\t\t<div class=\"elementor-widget-container\">\n\t\t\t\t\t        <div class=\"ab_text-title fl-wrap\">\n            <h3>Importancia de las pruebas de diagn\u00f3stico por imagen <\/h3><span class=\"section-separator fl-sec-sep\"><\/span>        <\/div>\n        \t\t\t\t<\/div>\n\t\t\t\t<\/div>\n\t\t\t\t\t<\/div>\n\t\t<\/div>\n\t\t\t\t\t<\/div>\n\t\t<\/section>\n\t\t\t\t<section class=\"elementor-section elementor-top-section elementor-element elementor-element-d993722 elementor-section-boxed elementor-section-height-default elementor-section-height-default\" data-id=\"d993722\" data-element_type=\"section\" data-e-type=\"section\">\n\t\t\t\t\t\t<div class=\"elementor-container elementor-column-gap-default\">\n\t\t\t\t\t<div class=\"elementor-column elementor-col-50 elementor-top-column elementor-element elementor-element-065811d\" data-id=\"065811d\" data-element_type=\"column\" data-e-type=\"column\">\n\t\t\t<div class=\"elementor-widget-wrap elementor-element-populated\">\n\t\t\t\t\t\t<div class=\"elementor-element elementor-element-63d99ac elementor-widget elementor-widget-text-editor\" data-id=\"63d99ac\" data-element_type=\"widget\" data-e-type=\"widget\" data-widget_type=\"text-editor.default\">\n\t\t\t\t<div class=\"elementor-widget-container\">\n\t\t\t\t\t\t\t\t\t<p>Cuando tu perro o gato tiene un problema de salud, nuestros veterinarios de Hospital Veterinario Donostia utilizan diferentes t\u00e9cnicas para averiguar cu\u00e1l es el origen del problema. Cambios en la temperatura corporal, peso, apetito y en los niveles de energ\u00eda pueden indicar un problema que requiera m\u00e1s atenci\u00f3n. La sensibilidad en determinadas \u00e1reas del cuerpo o la resistencia a cargar peso en las extremidades pueden indicar un problema imperceptible a simple vista. En estos casos, el veterinario puede recomendar una o m\u00e1s pruebas que pueden proporcionar informaci\u00f3n sobre qu\u00e9 puede estar ocurriendo. En algunos casos, es posible que ni siquiera se sospeche que el animal padece una lesi\u00f3n, pero una prueba permitir\u00e1 identificar un problema incipiente, que se puede tratar antes de que se convierta en una lesi\u00f3n m\u00e1s grave.<\/p><h3>\u00a0<\/h3><h3>\u00a0<\/h3><h3>Tomograf\u00eda Computarizada ( Scanner \u2013 TAC)<\/h3><p>En nuestro Hospital, hemos incorporado un escaner de \u00faltima generaci\u00f3n de 32 cortes que nos permite realizar estudios avanzados de imagen con gran precisi\u00f3n en un tiempo reducido.<\/p><p>Con el TAC se pueden realizar evaluaciones precisas de \u00f3rganos internos , tales como hueso, pulmones , h\u00edgado , cerebro o m\u00e9dula espinal , as\u00ed como planificar cirug\u00edas complejas de estos \u00f3rganos .<\/p><p>La incorporaci\u00f3n del servicio de TAC es un paso adelante en el \u00e1rea de diagn\u00f3stico por la imagen que complementa a otras t\u00e9cnicas como son la ecograf\u00eda, radiograf\u00eda y endoscopia y que nos va a permitir ofrecer a nuestros pacientes una mayor calidad diagn\u00f3stica.<\/p>\t\t\t\t\t\t\t\t<\/div>\n\t\t\t\t<\/div>\n\t\t\t\t<div class=\"elementor-element elementor-element-6b0a3fa elementor-align-center elementor-widget elementor-widget-button\" data-id=\"6b0a3fa\" data-element_type=\"widget\" data-e-type=\"widget\" data-widget_type=\"button.default\">\n\t\t\t\t<div class=\"elementor-widget-container\">\n\t\t\t\t\t\t\t\t\t<div class=\"elementor-button-wrapper\">\n\t\t\t\t\t<a class=\"elementor-button elementor-button-link elementor-size-md\" href=\"https:\/\/www.unavets.com\/hospitalveterinariodonostia\/es\/contacto\/\">\n\t\t\t\t\t\t<span class=\"elementor-button-content-wrapper\">\n\t\t\t\t\t\t<span class=\"elementor-button-icon\">\n\t\t\t\t<i aria-hidden=\"true\" class=\"far fa-calendar-alt\"><\/i>\t\t\t<\/span>\n\t\t\t\t\t\t\t\t\t<span class=\"elementor-button-text\">Pide cita<\/span>\n\t\t\t\t\t<\/span>\n\t\t\t\t\t<\/a>\n\t\t\t\t<\/div>\n\t\t\t\t\t\t\t\t<\/div>\n\t\t\t\t<\/div>\n\t\t\t\t\t<\/div>\n\t\t<\/div>\n\t\t\t\t<div class=\"elementor-column elementor-col-50 elementor-top-column elementor-element elementor-element-2048e61\" data-id=\"2048e61\" data-element_type=\"column\" data-e-type=\"column\">\n\t\t\t<div class=\"elementor-widget-wrap elementor-element-populated\">\n\t\t\t\t\t\t<div class=\"elementor-element elementor-element-dc7c821 elementor-widget elementor-widget-image\" data-id=\"dc7c821\" data-element_type=\"widget\" data-e-type=\"widget\" data-widget_type=\"image.default\">\n\t\t\t\t<div class=\"elementor-widget-container\">\n\t\t\t\t\t\t\t\t\t\t\t\t\t\t\t<img fetchpriority=\"high\" width=\"724\" height=\"869\" class=\"attachment-large size-large wp-image-23249 lazy\" alt=\"\" data-src=\"https:\/\/www.unavets.com\/hospitalveterinariodonostia\/wp-content\/uploads\/sites\/52\/2024\/06\/Diseno-sin-titulo-853x1024.png\" data-lazy=\"https:\/\/www.unavets.com\/hospitalveterinariodonostia\/wp-content\/uploads\/sites\/52\/2024\/06\/Diseno-sin-titulo-853x1024.png\" \/>\t\t\t\t\t\t\t\t\t\t\t\t\t\t\t<\/div>\n\t\t\t\t<\/div>\n\t\t\t\t\t<\/div>\n\t\t<\/div>\n\t\t\t\t\t<\/div>\n\t\t<\/section>\n\t\t\t\t<section class=\"elementor-section elementor-top-section elementor-element elementor-element-6d77f41 elementor-section-boxed elementor-section-height-default elementor-section-height-default\" data-id=\"6d77f41\" data-element_type=\"section\" data-e-type=\"section\">\n\t\t\t\t\t\t<div class=\"elementor-container elementor-column-gap-default\">\n\t\t\t\t\t<div class=\"elementor-column elementor-col-100 elementor-top-column elementor-element elementor-element-7d4e9fa\" data-id=\"7d4e9fa\" data-element_type=\"column\" data-e-type=\"column\">\n\t\t\t<div class=\"elementor-widget-wrap elementor-element-populated\">\n\t\t\t\t\t\t<div class=\"elementor-element elementor-element-3c795f7 elementor-widget elementor-widget-text-editor\" data-id=\"3c795f7\" data-element_type=\"widget\" data-e-type=\"widget\" data-widget_type=\"text-editor.default\">\n\t\t\t\t<div class=\"elementor-widget-container\">\n\t\t\t\t\t\t\t\t\t<p>A diferencia de la radiolog\u00eda convencional, donde solamente se pueden obtener im\u00e1genes en dos dimensiones, con la consiguiente superposici\u00f3n de diferentes estructuras corporales que dificultan en gran medida el diagn\u00f3stico, en la TC se pueden obtener m\u00faltiples secciones del cuerpo desde cualquier \u00e1ngulo, lo que permite eliminar esta superposici\u00f3n.<\/p><p class=\"p1\"><span class=\"s1\">Mediante esta t\u00e9cnica se obtienen cortes axiales del paciente. Gracias al software del equipo se puede hacer una reconstrucci\u00f3n volum\u00e9trica de todo el cuerpo, obteniendo as\u00ed una valiosa informaci\u00f3n que con otras t\u00e9cnicas de imagen no podemos. Es especialmente interesante para problemas tor\u00e1cicos, abdominales, cr\u00e1neo, m\u00e9dula espinal, alteraciones osteoarticulares,etc.<\/span><\/p><p class=\"p1\"><span class=\"s1\">Para la realizaci\u00f3n de esta prueba es necesario sedar al paciente o anestesiarlo de una manera superficial, por lo que requiere un m\u00ednimo de preparaci\u00f3n.<\/span><\/p>\t\t\t\t\t\t\t\t<\/div>\n\t\t\t\t<\/div>\n\t\t\t\t\t<\/div>\n\t\t<\/div>\n\t\t\t\t\t<\/div>\n\t\t<\/section>\n\t\t\t\t<section class=\"elementor-section elementor-top-section elementor-element elementor-element-c6e8d26 elementor-section-boxed elementor-section-height-default elementor-section-height-default\" data-id=\"c6e8d26\" data-element_type=\"section\" data-e-type=\"section\">\n\t\t\t\t\t\t<div class=\"elementor-container elementor-column-gap-default\">\n\t\t\t\t\t<div class=\"elementor-column elementor-col-100 elementor-top-column elementor-element elementor-element-d92d362\" data-id=\"d92d362\" data-element_type=\"column\" data-e-type=\"column\">\n\t\t\t<div class=\"elementor-widget-wrap elementor-element-populated\">\n\t\t\t\t\t\t<div class=\"elementor-element elementor-element-70fb1ad elementor-widget elementor-widget-section_titleleft\" data-id=\"70fb1ad\" data-element_type=\"widget\" data-e-type=\"widget\" data-widget_type=\"section_titleleft.default\">\n\t\t\t\t<div class=\"elementor-widget-container\">\n\t\t\t\t\t        <div class=\"ab_text-title fl-wrap\">\n            <h3>Pruebas de diagn\u00f3stico habituales<\/h3><span class=\"section-separator fl-sec-sep\"><\/span>        <\/div>\n        \t\t\t\t<\/div>\n\t\t\t\t<\/div>\n\t\t\t\t\t<\/div>\n\t\t<\/div>\n\t\t\t\t\t<\/div>\n\t\t<\/section>\n\t\t\t\t<section class=\"elementor-section elementor-top-section elementor-element elementor-element-149f379 elementor-section-boxed elementor-section-height-default elementor-section-height-default\" data-id=\"149f379\" data-element_type=\"section\" data-e-type=\"section\">\n\t\t\t\t\t\t<div class=\"elementor-container elementor-column-gap-default\">\n\t\t\t\t\t<div class=\"elementor-column elementor-col-50 elementor-top-column elementor-element elementor-element-2a8ea5b\" data-id=\"2a8ea5b\" data-element_type=\"column\" data-e-type=\"column\">\n\t\t\t<div class=\"elementor-widget-wrap elementor-element-populated\">\n\t\t\t\t\t\t<div class=\"elementor-element elementor-element-01118fc elementor-widget elementor-widget-image\" data-id=\"01118fc\" data-element_type=\"widget\" data-e-type=\"widget\" data-widget_type=\"image.default\">\n\t\t\t\t<div class=\"elementor-widget-container\">\n\t\t\t\t\t\t\t\t\t\t\t\t\t\t\t<img width=\"724\" height=\"869\" class=\"attachment-large size-large wp-image-23247 lazy\" alt=\"\" data-src=\"https:\/\/www.unavets.com\/hospitalveterinariodonostia\/wp-content\/uploads\/sites\/52\/2024\/06\/Diseno-sin-titulo-1-853x1024.png\" data-lazy=\"https:\/\/www.unavets.com\/hospitalveterinariodonostia\/wp-content\/uploads\/sites\/52\/2024\/06\/Diseno-sin-titulo-1-853x1024.png\" \/>\t\t\t\t\t\t\t\t\t\t\t\t\t\t\t<\/div>\n\t\t\t\t<\/div>\n\t\t\t\t\t<\/div>\n\t\t<\/div>\n\t\t\t\t<div class=\"elementor-column elementor-col-50 elementor-top-column elementor-element elementor-element-08b8459\" data-id=\"08b8459\" data-element_type=\"column\" data-e-type=\"column\">\n\t\t\t<div class=\"elementor-widget-wrap elementor-element-populated\">\n\t\t\t\t\t\t<div class=\"elementor-element elementor-element-e1b240e elementor-widget elementor-widget-text-editor\" data-id=\"e1b240e\" data-element_type=\"widget\" data-e-type=\"widget\" data-widget_type=\"text-editor.default\">\n\t\t\t\t<div class=\"elementor-widget-container\">\n\t\t\t\t\t\t\t\t\t<p>Hospital Veterinario Donostia de San Sebasti\u00e1n ofrece pruebas de diagn\u00f3stico de imagen tales como:<\/p><ul><li><strong>Radiograf\u00eda digital:\u00a0<\/strong>genera im\u00e1genes m\u00e1s n\u00edtidas que los aparatos de rayos x tradicionales, con una menor emisi\u00f3n de radiaci\u00f3n y exposici\u00f3n m\u00e1s corta, lo que supone una mejora en rapidez y calidad. Permite visualizar la radiograf\u00eda en un ordenador al momento e incluirla en distintos soportes inform\u00e1ticos.<\/li><li><strong>Ecograf\u00eda: <\/strong>permiten visualizar lesiones en \u00f3rganos y otros trastornos.<\/li><\/ul><p>Estas pruebas son herramientas importantes que pueden ayudar al veterinario a mantener sanos a los animales de compa\u00f1\u00eda durante toda su vida.<\/p>\t\t\t\t\t\t\t\t<\/div>\n\t\t\t\t<\/div>\n\t\t\t\t<div class=\"elementor-element elementor-element-f78b05f elementor-align-center elementor-widget elementor-widget-button\" data-id=\"f78b05f\" data-element_type=\"widget\" data-e-type=\"widget\" data-widget_type=\"button.default\">\n\t\t\t\t<div class=\"elementor-widget-container\">\n\t\t\t\t\t\t\t\t\t<div class=\"elementor-button-wrapper\">\n\t\t\t\t\t<a class=\"elementor-button elementor-button-link elementor-size-md\" href=\"https:\/\/www.unavets.com\/hospitalveterinariodonostia\/es\/contacto\/\">\n\t\t\t\t\t\t<span class=\"elementor-button-content-wrapper\">\n\t\t\t\t\t\t<span class=\"elementor-button-icon\">\n\t\t\t\t<i aria-hidden=\"true\" class=\"far fa-calendar-alt\"><\/i>\t\t\t<\/span>\n\t\t\t\t\t\t\t\t\t<span class=\"elementor-button-text\">Pide cita<\/span>\n\t\t\t\t\t<\/span>\n\t\t\t\t\t<\/a>\n\t\t\t\t<\/div>\n\t\t\t\t\t\t\t\t<\/div>\n\t\t\t\t<\/div>\n\t\t\t\t\t<\/div>\n\t\t<\/div>\n\t\t\t\t\t<\/div>\n\t\t<\/section>\n\t\t\t\t<\/div>\n\t\t","protected":false},"excerpt":{"rendered":"<p>Importancia de las pruebas de diagn\u00f3stico por imagen Cuando tu perro o gato tiene un problema de salud, nuestros veterinarios de utilizan diferentes t\u00e9cnicas para averiguar cu\u00e1l es el origen del problema. Cambios en la temperatura corporal, peso, apetito y en los niveles de energ\u00eda pueden indicar un problema que requiera m\u00e1s atenci\u00f3n. La sensibilidad &hellip; <\/p>\n","protected":false},"author":8,"featured_media":0,"parent":13564,"menu_order":0,"comment_status":"closed","ping_status":"closed","template":"page-fullwidth.php","meta":{"_acf_changed":false,"content-type":"","footnotes":""},"class_list":["post-12806","page","type-page","status-publish","hentry"],"acf":[],"_links":{"self":[{"href":"https:\/\/www.unavets.com\/hospitalveterinariodonostia\/es\/wp-json\/wp\/v2\/pages\/12806","targetHints":{"allow":["GET"]}}],"collection":[{"href":"https:\/\/www.unavets.com\/hospitalveterinariodonostia\/es\/wp-json\/wp\/v2\/pages"}],"about":[{"href":"https:\/\/www.unavets.com\/hospitalveterinariodonostia\/es\/wp-json\/wp\/v2\/types\/page"}],"author":[{"embeddable":true,"href":"https:\/\/www.unavets.com\/hospitalveterinariodonostia\/es\/wp-json\/wp\/v2\/users\/8"}],"replies":[{"embeddable":true,"href":"https:\/\/www.unavets.com\/hospitalveterinariodonostia\/es\/wp-json\/wp\/v2\/comments?post=12806"}],"version-history":[{"count":30,"href":"https:\/\/www.unavets.com\/hospitalveterinariodonostia\/es\/wp-json\/wp\/v2\/pages\/12806\/revisions"}],"predecessor-version":[{"id":23988,"href":"https:\/\/www.unavets.com\/hospitalveterinariodonostia\/es\/wp-json\/wp\/v2\/pages\/12806\/revisions\/23988"}],"up":[{"embeddable":true,"href":"https:\/\/www.unavets.com\/hospitalveterinariodonostia\/es\/wp-json\/wp\/v2\/pages\/13564"}],"wp:attachment":[{"href":"https:\/\/www.unavets.com\/hospitalveterinariodonostia\/es\/wp-json\/wp\/v2\/media?parent=12806"}],"curies":[{"name":"wp","href":"https:\/\/api.w.org\/{rel}","templated":true}]}}