{"id":14776,"date":"2021-06-11T11:16:59","date_gmt":"2021-06-11T11:16:59","guid":{"rendered":"http:\/\/www.unavets.com\/garbi\/?page_id=14776"},"modified":"2025-06-03T13:50:05","modified_gmt":"2025-06-03T13:50:05","slug":"asesoramiento-nutricion","status":"publish","type":"page","link":"https:\/\/www.unavets.com\/garbi\/es\/asesoramiento-nutricion\/","title":{"rendered":"Asesoramiento en Nutrici\u00f3n"},"content":{"rendered":"\t\t<div data-elementor-type=\"wp-page\" data-elementor-id=\"14776\" class=\"elementor elementor-14776 elementor-14743\" data-elementor-post-type=\"page\">\n\t\t\t\t\t\t<section class=\"elementor-section elementor-top-section elementor-element elementor-element-d993722 elementor-section-boxed elementor-section-height-default elementor-section-height-default\" data-id=\"d993722\" data-element_type=\"section\" data-e-type=\"section\" id=\"main-sec\">\n\t\t\t\t\t\t<div class=\"elementor-container elementor-column-gap-default\">\n\t\t\t\t\t<div class=\"elementor-column elementor-col-100 elementor-top-column elementor-element elementor-element-065811d\" data-id=\"065811d\" data-element_type=\"column\" data-e-type=\"column\">\n\t\t\t<div class=\"elementor-widget-wrap elementor-element-populated\">\n\t\t\t\t\t\t<div class=\"elementor-element elementor-element-63d99ac elementor-widget elementor-widget-text-editor\" data-id=\"63d99ac\" data-element_type=\"widget\" data-e-type=\"widget\" data-widget_type=\"text-editor.default\">\n\t\t\t\t<div class=\"elementor-widget-container\">\n\t\t\t\t\t\t\t\t\t<div class=\"ewa-rteLine\"><div class=\"ewa-rteLine\"><p>Una buena alimentaci\u00f3n es la base fundamental de un buen estado de salud y mejora la calidad de vida de las mascotas.<\/p><p>Las necesidades nutricionales de perros y gatos son diferentes en las distintas etapas de su vida cachorro, adulto y senior. Una alimentaci\u00f3n apropiada en cada etapa, ayuda a prevenir enfermedades como por ejemplo la artrosis, insuficiencia renal, hep\u00e1tica o card\u00edaca o la enfermedad periodontal.\u00a0<\/p><p>Nuestros veterinarios de Hospital Veterinario Garb\u00ed en Barcelona pueden asesoraros sobre la alimentaci\u00f3n m\u00e1s adecuada en cada momento normal de su vida y tambi\u00e9n cuando aparecen problemas de sobrepeso, ciertas enfermedades o en la convalecencia tras una intervenci\u00f3n quir\u00fargica.<\/p><p>Hospital Veterinario Garb\u00ed dispone de tienda especializada con una amplia gama en alimentaci\u00f3n equilibrada para perros y gatos.<\/p><\/div><\/div>\t\t\t\t\t\t\t\t<\/div>\n\t\t\t\t<\/div>\n\t\t\t\t\t<\/div>\n\t\t<\/div>\n\t\t\t\t<div class=\"elementor-column elementor-col-100 elementor-top-column elementor-element elementor-element-3652622\" data-id=\"3652622\" data-element_type=\"column\" data-e-type=\"column\">\n\t\t\t<div class=\"elementor-widget-wrap elementor-element-populated\">\n\t\t\t\t\t\t<div class=\"elementor-element elementor-element-dc7c821 elementor-widget elementor-widget-image\" data-id=\"dc7c821\" data-element_type=\"widget\" data-e-type=\"widget\" data-widget_type=\"image.default\">\n\t\t\t\t<div class=\"elementor-widget-container\">\n\t\t\t\t\t\t\t\t\t\t\t\t\t\t\t<img fetchpriority=\"high\" width=\"724\" height=\"483\" class=\"attachment-medium_large size-medium_large wp-image-19482 lazy\" alt=\"\" data-src=\"https:\/\/www.unavets.com\/garbi\/wp-content\/uploads\/sites\/54\/2025\/06\/Fotos-Horizontales-4-768x512.jpg\" data-lazy=\"https:\/\/www.unavets.com\/garbi\/wp-content\/uploads\/sites\/54\/2025\/06\/Fotos-Horizontales-4-768x512.jpg\" \/>\t\t\t\t\t\t\t\t\t\t\t\t\t\t\t<\/div>\n\t\t\t\t<\/div>\n\t\t\t\t<div class=\"elementor-element elementor-element-a7891d5 elementor-align-center elementor-widget elementor-widget-button\" data-id=\"a7891d5\" data-element_type=\"widget\" data-e-type=\"widget\" data-widget_type=\"button.default\">\n\t\t\t\t<div class=\"elementor-widget-container\">\n\t\t\t\t\t\t\t\t\t<div class=\"elementor-button-wrapper\">\n\t\t\t\t\t<a class=\"elementor-button elementor-button-link elementor-size-md\" href=\"https:\/\/www.unavets.com\/garbi\/es\/contacto\/\">\n\t\t\t\t\t\t<span class=\"elementor-button-content-wrapper\">\n\t\t\t\t\t\t<span class=\"elementor-button-icon\">\n\t\t\t\t<svg aria-hidden=\"true\" class=\"e-font-icon-svg e-far-calendar-alt\" viewBox=\"0 0 448 512\" xmlns=\"http:\/\/www.w3.org\/2000\/svg\"><path d=\"M148 288h-40c-6.6 0-12-5.4-12-12v-40c0-6.6 5.4-12 12-12h40c6.6 0 12 5.4 12 12v40c0 6.6-5.4 12-12 12zm108-12v-40c0-6.6-5.4-12-12-12h-40c-6.6 0-12 5.4-12 12v40c0 6.6 5.4 12 12 12h40c6.6 0 12-5.4 12-12zm96 0v-40c0-6.6-5.4-12-12-12h-40c-6.6 0-12 5.4-12 12v40c0 6.6 5.4 12 12 12h40c6.6 0 12-5.4 12-12zm-96 96v-40c0-6.6-5.4-12-12-12h-40c-6.6 0-12 5.4-12 12v40c0 6.6 5.4 12 12 12h40c6.6 0 12-5.4 12-12zm-96 0v-40c0-6.6-5.4-12-12-12h-40c-6.6 0-12 5.4-12 12v40c0 6.6 5.4 12 12 12h40c6.6 0 12-5.4 12-12zm192 0v-40c0-6.6-5.4-12-12-12h-40c-6.6 0-12 5.4-12 12v40c0 6.6 5.4 12 12 12h40c6.6 0 12-5.4 12-12zm96-260v352c0 26.5-21.5 48-48 48H48c-26.5 0-48-21.5-48-48V112c0-26.5 21.5-48 48-48h48V12c0-6.6 5.4-12 12-12h40c6.6 0 12 5.4 12 12v52h128V12c0-6.6 5.4-12 12-12h40c6.6 0 12 5.4 12 12v52h48c26.5 0 48 21.5 48 48zm-48 346V160H48v298c0 3.3 2.7 6 6 6h340c3.3 0 6-2.7 6-6z\"><\/path><\/svg>\t\t\t<\/span>\n\t\t\t\t\t\t\t\t\t<span class=\"elementor-button-text\">Pide cita<\/span>\n\t\t\t\t\t<\/span>\n\t\t\t\t\t<\/a>\n\t\t\t\t<\/div>\n\t\t\t\t\t\t\t\t<\/div>\n\t\t\t\t<\/div>\n\t\t\t\t\t<\/div>\n\t\t<\/div>\n\t\t\t\t\t<\/div>\n\t\t<\/section>\n\t\t\t\t<\/div>\n\t\t","protected":false},"excerpt":{"rendered":"<p>Una buena alimentaci\u00f3n es la base fundamental de un buen estado de salud y mejora la calidad de vida de las mascotas. Las necesidades nutricionales de perros y gatos son diferentes en las distintas etapas de su vida cachorro, adulto y senior. Una alimentaci\u00f3n apropiada en cada etapa, ayuda a prevenir enfermedades como por ejemplo &hellip; <\/p>\n","protected":false},"author":4,"featured_media":0,"parent":0,"menu_order":0,"comment_status":"closed","ping_status":"closed","template":"page-fullwidth.php","meta":{"_acf_changed":false,"content-type":"","footnotes":""},"class_list":["post-14776","page","type-page","status-publish","hentry"],"acf":[],"_links":{"self":[{"href":"https:\/\/www.unavets.com\/garbi\/es\/wp-json\/wp\/v2\/pages\/14776","targetHints":{"allow":["GET"]}}],"collection":[{"href":"https:\/\/www.unavets.com\/garbi\/es\/wp-json\/wp\/v2\/pages"}],"about":[{"href":"https:\/\/www.unavets.com\/garbi\/es\/wp-json\/wp\/v2\/types\/page"}],"author":[{"embeddable":true,"href":"https:\/\/www.unavets.com\/garbi\/es\/wp-json\/wp\/v2\/users\/4"}],"replies":[{"embeddable":true,"href":"https:\/\/www.unavets.com\/garbi\/es\/wp-json\/wp\/v2\/comments?post=14776"}],"version-history":[{"count":6,"href":"https:\/\/www.unavets.com\/garbi\/es\/wp-json\/wp\/v2\/pages\/14776\/revisions"}],"predecessor-version":[{"id":19487,"href":"https:\/\/www.unavets.com\/garbi\/es\/wp-json\/wp\/v2\/pages\/14776\/revisions\/19487"}],"wp:attachment":[{"href":"https:\/\/www.unavets.com\/garbi\/es\/wp-json\/wp\/v2\/media?parent=14776"}],"curies":[{"name":"wp","href":"https:\/\/api.w.org\/{rel}","templated":true}]}}