{"id":13558,"date":"2020-10-03T08:10:58","date_gmt":"2020-10-03T08:10:58","guid":{"rendered":"http:\/\/www.unavets.com\/garbi\/our-facilities\/"},"modified":"2025-06-03T07:12:35","modified_gmt":"2025-06-03T07:12:35","slug":"instalaciones","status":"publish","type":"page","link":"https:\/\/www.unavets.com\/garbi\/es\/instalaciones\/","title":{"rendered":"Instalaciones"},"content":{"rendered":"\t\t<div data-elementor-type=\"wp-page\" data-elementor-id=\"13558\" class=\"elementor elementor-13558 elementor-281\" data-elementor-post-type=\"page\">\n\t\t\t\t\t\t<section class=\"elementor-section elementor-top-section elementor-element elementor-element-54cf215 pad-top-0 elementor-section-boxed elementor-section-height-default elementor-section-height-default\" data-id=\"54cf215\" data-element_type=\"section\" data-e-type=\"section\" id=\"main-sec\" data-settings=\"{&quot;background_background&quot;:&quot;classic&quot;}\">\n\t\t\t\t\t\t<div class=\"elementor-container elementor-column-gap-wide\">\n\t\t\t\t\t<div class=\"elementor-column elementor-col-100 elementor-top-column elementor-element elementor-element-d926441\" data-id=\"d926441\" data-element_type=\"column\" data-e-type=\"column\">\n\t\t\t<div class=\"elementor-widget-wrap elementor-element-populated\">\n\t\t\t\t\t\t<div class=\"elementor-element elementor-element-ac5c964 elementor-widget elementor-widget-text-editor\" data-id=\"ac5c964\" data-element_type=\"widget\" data-e-type=\"widget\" data-widget_type=\"text-editor.default\">\n\t\t\t\t<div class=\"elementor-widget-container\">\n\t\t\t\t\t\t\t\t\t<p>El <strong>Hospital Veterinario Garb\u00ed<\/strong> es un centro veterinario moderno y bien equipado, ubicado a solo 5 minutos de <strong>Matar\u00f3<\/strong>, con f\u00e1cil acceso y <strong>parking gratuito<\/strong> para tu comodidad.<\/p><p>En nuestro centro\u00a0contamos con instalaciones de \u00faltima tecnolog\u00eda para ofrecer una atenci\u00f3n de calidad a tus mascotas. Nos comprometemos a brindarles el mejor cuidado posible, respaldado por profesionales y herramientas avanzadas.<\/p>\t\t\t\t\t\t\t\t<\/div>\n\t\t\t\t<\/div>\n\t\t\t\t<section class=\"elementor-section elementor-inner-section elementor-element elementor-element-98275a1 elementor-section-boxed elementor-section-height-default elementor-section-height-default\" data-id=\"98275a1\" data-element_type=\"section\" data-e-type=\"section\">\n\t\t\t\t\t\t<div class=\"elementor-container elementor-column-gap-default\">\n\t\t\t\t\t<div class=\"elementor-column elementor-col-50 elementor-inner-column elementor-element elementor-element-07b222c\" data-id=\"07b222c\" data-element_type=\"column\" data-e-type=\"column\">\n\t\t\t<div class=\"elementor-widget-wrap elementor-element-populated\">\n\t\t\t\t\t\t<div class=\"elementor-element elementor-element-44b52f4 elementor-widget elementor-widget-image\" data-id=\"44b52f4\" data-element_type=\"widget\" data-e-type=\"widget\" data-widget_type=\"image.default\">\n\t\t\t\t<div class=\"elementor-widget-container\">\n\t\t\t\t\t\t\t\t\t\t\t\t\t\t\t<img decoding=\"async\" src=\"https:\/\/www.unavets.com\/garbi\/wp-content\/uploads\/sites\/54\/elementor\/thumbs\/7-r686g926hx449zg0m3pve7i8vx46m9793z3i0km5ck.png\" title=\"7\" alt=\"7\" loading=\"lazy\" \/>\t\t\t\t\t\t\t\t\t\t\t\t\t\t\t<\/div>\n\t\t\t\t<\/div>\n\t\t\t\t\t<\/div>\n\t\t<\/div>\n\t\t\t\t<div class=\"elementor-column elementor-col-50 elementor-inner-column elementor-element elementor-element-e32254f\" data-id=\"e32254f\" data-element_type=\"column\" data-e-type=\"column\">\n\t\t\t<div class=\"elementor-widget-wrap elementor-element-populated\">\n\t\t\t\t\t\t<div class=\"elementor-element elementor-element-6494dd8 elementor-widget elementor-widget-text-editor\" data-id=\"6494dd8\" data-element_type=\"widget\" data-e-type=\"widget\" data-widget_type=\"text-editor.default\">\n\t\t\t\t<div class=\"elementor-widget-container\">\n\t\t\t\t\t\t\t\t\t<div class=\"flex max-w-full flex-col flex-grow\"><div class=\"min-h-8 text-message flex w-full flex-col items-end gap-2 whitespace-normal break-words [.text-message+&amp;]:mt-5\" dir=\"auto\" data-message-author-role=\"assistant\" data-message-id=\"89fafa5f-2a46-4ac7-bc35-a358c72a1a5f\" data-message-model-slug=\"gpt-4o-mini\"><div class=\"flex w-full flex-col gap-1 empty:hidden first:pt-[3px]\"><div class=\"markdown prose w-full break-words dark:prose-invert light\"><ul><li><strong>5 salas de consulta<\/strong> completamente equipadas<\/li><li><strong>Laboratorio propio<\/strong> para an\u00e1lisis r\u00e1pidos y precisos<\/li><li><strong>Sala de diagn\u00f3stico por imagen<\/strong> con tecnolog\u00eda avanzada, incluyendo los equipos de radiolog\u00eda, ecograf\u00eda, ecocardiograf\u00eda y TAC (Canon de \u00faltima de generaci\u00f3n)<\/li><li><strong>2 quir\u00f3fanos totalmente equipados<\/strong> para intervenciones quir\u00fargicas<\/li><li><strong>4<\/strong> <strong>salas de hospitalizaci\u00f3n<\/strong>, separadas para perros, gatos y animales ex\u00f3ticos, con una <strong>sala de aislamiento<\/strong> para enfermedades contagiosas<\/li><li><strong>Tienda de mascotas El Bestial<\/strong>, con todo lo necesario para el bienestar de tus animales<\/li><\/ul><\/div><\/div><\/div><\/div>\t\t\t\t\t\t\t\t<\/div>\n\t\t\t\t<\/div>\n\t\t\t\t\t<\/div>\n\t\t<\/div>\n\t\t\t\t\t<\/div>\n\t\t<\/section>\n\t\t\t\t\t<\/div>\n\t\t<\/div>\n\t\t\t\t\t<\/div>\n\t\t<\/section>\n\t\t\t\t<section class=\"elementor-section elementor-top-section elementor-element elementor-element-370c6b0 elementor-section-boxed elementor-section-height-default elementor-section-height-default\" data-id=\"370c6b0\" data-element_type=\"section\" data-e-type=\"section\">\n\t\t\t\t\t\t<div class=\"elementor-container elementor-column-gap-default\">\n\t\t\t\t\t<div class=\"elementor-column elementor-col-100 elementor-top-column elementor-element elementor-element-b8fafc4\" data-id=\"b8fafc4\" data-element_type=\"column\" data-e-type=\"column\">\n\t\t\t<div class=\"elementor-widget-wrap elementor-element-populated\">\n\t\t\t\t\t\t<div class=\"elementor-element elementor-element-7d239e7 elementor-widget elementor-widget-text-editor\" data-id=\"7d239e7\" data-element_type=\"widget\" data-e-type=\"widget\" data-widget_type=\"text-editor.default\">\n\t\t\t\t<div class=\"elementor-widget-container\">\n\t\t\t\t\t\t\t\t\t<p>En el <strong>Hospital Veterinario Garb\u00ed<\/strong>, nos enfocamos en ofrecer un servicio integral que cubra todas las necesidades de tu mascota, desde consultas regulares hasta intervenciones quir\u00fargicas complejas. Nuestras <strong>salas de hospitalizaci\u00f3n<\/strong> est\u00e1n preparadas para atender a diferentes especies, como perros, gatos y animales ex\u00f3ticos, garantizando un ambiente c\u00f3modo y seguro para todos los pacientes.<\/p><p>Los <strong>gatos<\/strong> tienen a su disposici\u00f3n una <strong>sala exclusiva<\/strong>, dise\u00f1ada para cubrir sus necesidades espec\u00edficas. En cada box, los gatos cuentan con zonas separadas para la arena y el alimento, as\u00ed como espacios donde pueden esconderse. Adem\u00e1s, esta sala tiene <strong>difusi\u00f3n continua de feromonas felinas<\/strong> para reducir el estr\u00e9s y hacer su estancia m\u00e1s tranquila.<\/p><p>Para aquellos animales con <strong>enfermedades infecciosas<\/strong>, contamos con una <strong>sala de aislamiento totalmente equipada<\/strong> para garantizar su confort mientras reciben el tratamiento adecuado.<\/p><p>Todos nuestros pacientes hospitalizados, incluidos los de <strong>estado cr\u00edtico<\/strong>, tienen acceso a la <strong>monitorizaci\u00f3n avanzada<\/strong>, equipos de <strong>anestesia<\/strong> y <strong>diagn\u00f3stico por imagen<\/strong> de \u00faltima generaci\u00f3n. Para los pacientes m\u00e1s graves, contamos con una <strong>unidad UCI tipo cuna<\/strong> que asegura su confort y constante monitorizaci\u00f3n.<\/p>\t\t\t\t\t\t\t\t<\/div>\n\t\t\t\t<\/div>\n\t\t\t\t<section class=\"elementor-section elementor-inner-section elementor-element elementor-element-cbd28ac elementor-section-boxed elementor-section-height-default elementor-section-height-default\" data-id=\"cbd28ac\" data-element_type=\"section\" data-e-type=\"section\">\n\t\t\t\t\t\t<div class=\"elementor-container elementor-column-gap-default\">\n\t\t\t\t\t<div class=\"elementor-column elementor-col-100 elementor-inner-column elementor-element elementor-element-dc3e6b5\" data-id=\"dc3e6b5\" data-element_type=\"column\" data-e-type=\"column\">\n\t\t\t<div class=\"elementor-widget-wrap elementor-element-populated\">\n\t\t\t\t\t\t<div class=\"elementor-element elementor-element-ebe1efe elementor-align-center elementor-widget elementor-widget-button\" data-id=\"ebe1efe\" data-element_type=\"widget\" data-e-type=\"widget\" data-widget_type=\"button.default\">\n\t\t\t\t<div class=\"elementor-widget-container\">\n\t\t\t\t\t\t\t\t\t<div class=\"elementor-button-wrapper\">\n\t\t\t\t\t<a class=\"elementor-button elementor-button-link elementor-size-sm\" href=\"http:\/\/www.unavets.com\/garbi\/es\/servicios\/\">\n\t\t\t\t\t\t<span class=\"elementor-button-content-wrapper\">\n\t\t\t\t\t\t\t\t\t<span class=\"elementor-button-text\">Servicios<\/span>\n\t\t\t\t\t<\/span>\n\t\t\t\t\t<\/a>\n\t\t\t\t<\/div>\n\t\t\t\t\t\t\t\t<\/div>\n\t\t\t\t<\/div>\n\t\t\t\t\t<\/div>\n\t\t<\/div>\n\t\t\t\t\t<\/div>\n\t\t<\/section>\n\t\t\t\t\t<\/div>\n\t\t<\/div>\n\t\t\t\t\t<\/div>\n\t\t<\/section>\n\t\t\t\t<section class=\"elementor-section elementor-top-section elementor-element elementor-element-c64bf4c elementor-section-boxed elementor-section-height-default elementor-section-height-default\" data-id=\"c64bf4c\" data-element_type=\"section\" data-e-type=\"section\">\n\t\t\t\t\t\t<div class=\"elementor-container elementor-column-gap-default\">\n\t\t\t\t\t<div class=\"elementor-column elementor-col-100 elementor-top-column elementor-element elementor-element-46ea748\" data-id=\"46ea748\" data-element_type=\"column\" data-e-type=\"column\">\n\t\t\t<div class=\"elementor-widget-wrap elementor-element-populated\">\n\t\t\t\t\t\t<div class=\"elementor-element elementor-element-e766455 elementor-widget elementor-widget-gallery\" data-id=\"e766455\" data-element_type=\"widget\" data-e-type=\"widget\" data-settings=\"{&quot;columns&quot;:&quot;3&quot;,&quot;aspect_ratio&quot;:&quot;1:1&quot;,&quot;lazyload&quot;:&quot;yes&quot;,&quot;gallery_layout&quot;:&quot;grid&quot;,&quot;columns_tablet&quot;:2,&quot;columns_mobile&quot;:1,&quot;gap&quot;:{&quot;unit&quot;:&quot;px&quot;,&quot;size&quot;:10,&quot;sizes&quot;:[]},&quot;gap_tablet&quot;:{&quot;unit&quot;:&quot;px&quot;,&quot;size&quot;:10,&quot;sizes&quot;:[]},&quot;gap_mobile&quot;:{&quot;unit&quot;:&quot;px&quot;,&quot;size&quot;:10,&quot;sizes&quot;:[]},&quot;link_to&quot;:&quot;file&quot;,&quot;overlay_background&quot;:&quot;yes&quot;,&quot;content_hover_animation&quot;:&quot;fade-in&quot;}\" data-widget_type=\"gallery.default\">\n\t\t\t\t<div class=\"elementor-widget-container\">\n\t\t\t\t\t\t\t<div class=\"elementor-gallery__container\">\n\t\t\t\t\t\t\t<a class=\"e-gallery-item elementor-gallery-item elementor-animated-content\" href=\"https:\/\/www.unavets.com\/garbi\/wp-content\/uploads\/sites\/54\/2025\/04\/3.png\" data-elementor-open-lightbox=\"yes\" data-elementor-lightbox-slideshow=\"e766455\" data-elementor-lightbox-title=\"3\" data-e-action-hash=\"#elementor-action%3Aaction%3Dlightbox%26settings%3DeyJpZCI6MTkwMTIsInVybCI6Imh0dHBzOlwvXC93d3cudW5hdmV0cy5jb21cL2dhcmJpXC93cC1jb250ZW50XC91cGxvYWRzXC9zaXRlc1wvNTRcLzIwMjVcLzA0XC8zLnBuZyIsInNsaWRlc2hvdyI6ImU3NjY0NTUifQ%3D%3D\">\n\t\t\t\t\t<div class=\"e-gallery-image elementor-gallery-item__image\" data-thumbnail=\"https:\/\/www.unavets.com\/garbi\/wp-content\/uploads\/sites\/54\/2025\/04\/3-1024x682.png\" data-width=\"724\" data-height=\"482\" aria-label=\"\" role=\"img\" ><\/div>\n\t\t\t\t\t\t\t\t\t\t\t<div class=\"elementor-gallery-item__overlay\"><\/div>\n\t\t\t\t\t\t\t\t\t\t\t\t\t\t<\/a>\n\t\t\t\t\t\t\t<a class=\"e-gallery-item elementor-gallery-item elementor-animated-content\" href=\"https:\/\/www.unavets.com\/garbi\/wp-content\/uploads\/sites\/54\/2025\/06\/Garbi-2.jpg\" data-elementor-open-lightbox=\"yes\" data-elementor-lightbox-slideshow=\"e766455\" data-elementor-lightbox-title=\"Garb\u00ed 2\" data-e-action-hash=\"#elementor-action%3Aaction%3Dlightbox%26settings%3DeyJpZCI6MTkzMjQsInVybCI6Imh0dHBzOlwvXC93d3cudW5hdmV0cy5jb21cL2dhcmJpXC93cC1jb250ZW50XC91cGxvYWRzXC9zaXRlc1wvNTRcLzIwMjVcLzA2XC9HYXJiaS0yLmpwZyIsInNsaWRlc2hvdyI6ImU3NjY0NTUifQ%3D%3D\">\n\t\t\t\t\t<div class=\"e-gallery-image elementor-gallery-item__image\" data-thumbnail=\"https:\/\/www.unavets.com\/garbi\/wp-content\/uploads\/sites\/54\/2025\/06\/Garbi-2.jpg\" data-width=\"724\" data-height=\"906\" aria-label=\"\" role=\"img\" ><\/div>\n\t\t\t\t\t\t\t\t\t\t\t<div class=\"elementor-gallery-item__overlay\"><\/div>\n\t\t\t\t\t\t\t\t\t\t\t\t\t\t<\/a>\n\t\t\t\t\t\t\t<a class=\"e-gallery-item elementor-gallery-item elementor-animated-content\" href=\"https:\/\/www.unavets.com\/garbi\/wp-content\/uploads\/sites\/54\/2024\/09\/5F9015B5-6DF6-48E9-8665-BAD104D274A6.jpg\" data-elementor-open-lightbox=\"yes\" data-elementor-lightbox-slideshow=\"e766455\" data-elementor-lightbox-title=\"5F9015B5-6DF6-48E9-8665-BAD104D274A6\" data-e-action-hash=\"#elementor-action%3Aaction%3Dlightbox%26settings%3DeyJpZCI6MTg2ODcsInVybCI6Imh0dHBzOlwvXC93d3cudW5hdmV0cy5jb21cL2dhcmJpXC93cC1jb250ZW50XC91cGxvYWRzXC9zaXRlc1wvNTRcLzIwMjRcLzA5XC81RjkwMTVCNS02REY2LTQ4RTktODY2NS1CQUQxMDREMjc0QTYuanBnIiwic2xpZGVzaG93IjoiZTc2NjQ1NSJ9\">\n\t\t\t\t\t<div class=\"e-gallery-image elementor-gallery-item__image\" data-thumbnail=\"https:\/\/www.unavets.com\/garbi\/wp-content\/uploads\/sites\/54\/2024\/09\/5F9015B5-6DF6-48E9-8665-BAD104D274A6.jpg\" data-width=\"650\" data-height=\"434\" aria-label=\"\" role=\"img\" ><\/div>\n\t\t\t\t\t\t\t\t\t\t\t<div class=\"elementor-gallery-item__overlay\"><\/div>\n\t\t\t\t\t\t\t\t\t\t\t\t\t\t<\/a>\n\t\t\t\t\t\t\t<a class=\"e-gallery-item elementor-gallery-item elementor-animated-content\" href=\"https:\/\/www.unavets.com\/garbi\/wp-content\/uploads\/sites\/54\/2025\/06\/Garbi-1.jpg\" data-elementor-open-lightbox=\"yes\" data-elementor-lightbox-slideshow=\"e766455\" data-elementor-lightbox-title=\"Garb\u00ed 1\" data-e-action-hash=\"#elementor-action%3Aaction%3Dlightbox%26settings%3DeyJpZCI6MTkzMjEsInVybCI6Imh0dHBzOlwvXC93d3cudW5hdmV0cy5jb21cL2dhcmJpXC93cC1jb250ZW50XC91cGxvYWRzXC9zaXRlc1wvNTRcLzIwMjVcLzA2XC9HYXJiaS0xLmpwZyIsInNsaWRlc2hvdyI6ImU3NjY0NTUifQ%3D%3D\">\n\t\t\t\t\t<div class=\"e-gallery-image elementor-gallery-item__image\" data-thumbnail=\"https:\/\/www.unavets.com\/garbi\/wp-content\/uploads\/sites\/54\/2025\/06\/Garbi-1-1024x767.jpg\" data-width=\"724\" data-height=\"542\" aria-label=\"\" role=\"img\" ><\/div>\n\t\t\t\t\t\t\t\t\t\t\t<div class=\"elementor-gallery-item__overlay\"><\/div>\n\t\t\t\t\t\t\t\t\t\t\t\t\t\t<\/a>\n\t\t\t\t\t\t\t<a class=\"e-gallery-item elementor-gallery-item elementor-animated-content\" href=\"https:\/\/www.unavets.com\/garbi\/wp-content\/uploads\/sites\/54\/2024\/09\/0E5F6447-531A-4C42-950C-F1806C5519E2.jpg\" data-elementor-open-lightbox=\"yes\" data-elementor-lightbox-slideshow=\"e766455\" data-elementor-lightbox-title=\"0E5F6447-531A-4C42-950C-F1806C5519E2\" data-e-action-hash=\"#elementor-action%3Aaction%3Dlightbox%26settings%3DeyJpZCI6MTg3MTcsInVybCI6Imh0dHBzOlwvXC93d3cudW5hdmV0cy5jb21cL2dhcmJpXC93cC1jb250ZW50XC91cGxvYWRzXC9zaXRlc1wvNTRcLzIwMjRcLzA5XC8wRTVGNjQ0Ny01MzFBLTRDNDItOTUwQy1GMTgwNkM1NTE5RTIuanBnIiwic2xpZGVzaG93IjoiZTc2NjQ1NSJ9\">\n\t\t\t\t\t<div class=\"e-gallery-image elementor-gallery-item__image\" data-thumbnail=\"https:\/\/www.unavets.com\/garbi\/wp-content\/uploads\/sites\/54\/2024\/09\/0E5F6447-531A-4C42-950C-F1806C5519E2.jpg\" data-width=\"650\" data-height=\"434\" aria-label=\"\" role=\"img\" ><\/div>\n\t\t\t\t\t\t\t\t\t\t\t<div class=\"elementor-gallery-item__overlay\"><\/div>\n\t\t\t\t\t\t\t\t\t\t\t\t\t\t<\/a>\n\t\t\t\t\t\t\t<a class=\"e-gallery-item elementor-gallery-item elementor-animated-content\" href=\"https:\/\/www.unavets.com\/garbi\/wp-content\/uploads\/sites\/54\/2024\/09\/5C8E2BE2-EE67-4C3C-9440-DB50B6EE6ED6.jpg\" data-elementor-open-lightbox=\"yes\" data-elementor-lightbox-slideshow=\"e766455\" data-elementor-lightbox-title=\"5C8E2BE2-EE67-4C3C-9440-DB50B6EE6ED6\" data-e-action-hash=\"#elementor-action%3Aaction%3Dlightbox%26settings%3DeyJpZCI6MTg2OTAsInVybCI6Imh0dHBzOlwvXC93d3cudW5hdmV0cy5jb21cL2dhcmJpXC93cC1jb250ZW50XC91cGxvYWRzXC9zaXRlc1wvNTRcLzIwMjRcLzA5XC81QzhFMkJFMi1FRTY3LTRDM0MtOTQ0MC1EQjUwQjZFRTZFRDYuanBnIiwic2xpZGVzaG93IjoiZTc2NjQ1NSJ9\">\n\t\t\t\t\t<div class=\"e-gallery-image elementor-gallery-item__image\" data-thumbnail=\"https:\/\/www.unavets.com\/garbi\/wp-content\/uploads\/sites\/54\/2024\/09\/5C8E2BE2-EE67-4C3C-9440-DB50B6EE6ED6.jpg\" data-width=\"650\" data-height=\"435\" aria-label=\"\" role=\"img\" ><\/div>\n\t\t\t\t\t\t\t\t\t\t\t<div class=\"elementor-gallery-item__overlay\"><\/div>\n\t\t\t\t\t\t\t\t\t\t\t\t\t\t<\/a>\n\t\t\t\t\t\t\t<a class=\"e-gallery-item elementor-gallery-item elementor-animated-content\" href=\"https:\/\/www.unavets.com\/garbi\/wp-content\/uploads\/sites\/54\/2025\/06\/garbi-3.jpg\" data-elementor-open-lightbox=\"yes\" data-elementor-lightbox-slideshow=\"e766455\" data-elementor-lightbox-title=\"garb\u00ed 3\" data-e-action-hash=\"#elementor-action%3Aaction%3Dlightbox%26settings%3DeyJpZCI6MTkzMjcsInVybCI6Imh0dHBzOlwvXC93d3cudW5hdmV0cy5jb21cL2dhcmJpXC93cC1jb250ZW50XC91cGxvYWRzXC9zaXRlc1wvNTRcLzIwMjVcLzA2XC9nYXJiaS0zLmpwZyIsInNsaWRlc2hvdyI6ImU3NjY0NTUifQ%3D%3D\">\n\t\t\t\t\t<div class=\"e-gallery-image elementor-gallery-item__image\" data-thumbnail=\"https:\/\/www.unavets.com\/garbi\/wp-content\/uploads\/sites\/54\/2025\/06\/garbi-3-1024x686.jpg\" data-width=\"724\" data-height=\"485\" aria-label=\"\" role=\"img\" ><\/div>\n\t\t\t\t\t\t\t\t\t\t\t<div class=\"elementor-gallery-item__overlay\"><\/div>\n\t\t\t\t\t\t\t\t\t\t\t\t\t\t<\/a>\n\t\t\t\t\t\t\t<a class=\"e-gallery-item elementor-gallery-item elementor-animated-content\" href=\"https:\/\/www.unavets.com\/garbi\/wp-content\/uploads\/sites\/54\/2025\/04\/8.png\" data-elementor-open-lightbox=\"yes\" data-elementor-lightbox-slideshow=\"e766455\" data-elementor-lightbox-title=\"8\" data-e-action-hash=\"#elementor-action%3Aaction%3Dlightbox%26settings%3DeyJpZCI6MTkwMjcsInVybCI6Imh0dHBzOlwvXC93d3cudW5hdmV0cy5jb21cL2dhcmJpXC93cC1jb250ZW50XC91cGxvYWRzXC9zaXRlc1wvNTRcLzIwMjVcLzA0XC84LnBuZyIsInNsaWRlc2hvdyI6ImU3NjY0NTUifQ%3D%3D\">\n\t\t\t\t\t<div class=\"e-gallery-image elementor-gallery-item__image\" data-thumbnail=\"https:\/\/www.unavets.com\/garbi\/wp-content\/uploads\/sites\/54\/2025\/04\/8-1024x681.png\" data-width=\"724\" data-height=\"481\" aria-label=\"\" role=\"img\" ><\/div>\n\t\t\t\t\t\t\t\t\t\t\t<div class=\"elementor-gallery-item__overlay\"><\/div>\n\t\t\t\t\t\t\t\t\t\t\t\t\t\t<\/a>\n\t\t\t\t\t\t\t<a class=\"e-gallery-item elementor-gallery-item elementor-animated-content\" href=\"https:\/\/www.unavets.com\/garbi\/wp-content\/uploads\/sites\/54\/2024\/09\/6ACD4D10-9B96-4ABD-9F0D-A95D79EC28CC.jpg\" data-elementor-open-lightbox=\"yes\" data-elementor-lightbox-slideshow=\"e766455\" data-elementor-lightbox-title=\"6ACD4D10-9B96-4ABD-9F0D-A95D79EC28CC\" data-e-action-hash=\"#elementor-action%3Aaction%3Dlightbox%26settings%3DeyJpZCI6MTg2ODEsInVybCI6Imh0dHBzOlwvXC93d3cudW5hdmV0cy5jb21cL2dhcmJpXC93cC1jb250ZW50XC91cGxvYWRzXC9zaXRlc1wvNTRcLzIwMjRcLzA5XC82QUNENEQxMC05Qjk2LTRBQkQtOUYwRC1BOTVENzlFQzI4Q0MuanBnIiwic2xpZGVzaG93IjoiZTc2NjQ1NSJ9\">\n\t\t\t\t\t<div class=\"e-gallery-image elementor-gallery-item__image\" data-thumbnail=\"https:\/\/www.unavets.com\/garbi\/wp-content\/uploads\/sites\/54\/2024\/09\/6ACD4D10-9B96-4ABD-9F0D-A95D79EC28CC.jpg\" data-width=\"650\" data-height=\"434\" aria-label=\"\" role=\"img\" ><\/div>\n\t\t\t\t\t\t\t\t\t\t\t<div class=\"elementor-gallery-item__overlay\"><\/div>\n\t\t\t\t\t\t\t\t\t\t\t\t\t\t<\/a>\n\t\t\t\t\t<\/div>\n\t\t\t\t\t<\/div>\n\t\t\t\t<\/div>\n\t\t\t\t\t<\/div>\n\t\t<\/div>\n\t\t\t\t\t<\/div>\n\t\t<\/section>\n\t\t\t\t<\/div>\n\t\t","protected":false},"excerpt":{"rendered":"<p>El Hospital Veterinario Garb\u00ed es un centro veterinario moderno y bien equipado, ubicado a solo 5 minutos de Matar\u00f3, con f\u00e1cil acceso y parking gratuito para tu comodidad. En nuestro centro\u00a0contamos con instalaciones de \u00faltima tecnolog\u00eda para ofrecer una atenci\u00f3n de calidad a tus mascotas. Nos comprometemos a brindarles el mejor cuidado posible, respaldado por &hellip; <\/p>\n","protected":false},"author":1,"featured_media":0,"parent":0,"menu_order":0,"comment_status":"closed","ping_status":"closed","template":"page-fullwidth.php","meta":{"_acf_changed":false,"content-type":"","footnotes":""},"class_list":["post-13558","page","type-page","status-publish","hentry"],"acf":[],"_links":{"self":[{"href":"https:\/\/www.unavets.com\/garbi\/es\/wp-json\/wp\/v2\/pages\/13558","targetHints":{"allow":["GET"]}}],"collection":[{"href":"https:\/\/www.unavets.com\/garbi\/es\/wp-json\/wp\/v2\/pages"}],"about":[{"href":"https:\/\/www.unavets.com\/garbi\/es\/wp-json\/wp\/v2\/types\/page"}],"author":[{"embeddable":true,"href":"https:\/\/www.unavets.com\/garbi\/es\/wp-json\/wp\/v2\/users\/1"}],"replies":[{"embeddable":true,"href":"https:\/\/www.unavets.com\/garbi\/es\/wp-json\/wp\/v2\/comments?post=13558"}],"version-history":[{"count":48,"href":"https:\/\/www.unavets.com\/garbi\/es\/wp-json\/wp\/v2\/pages\/13558\/revisions"}],"predecessor-version":[{"id":19338,"href":"https:\/\/www.unavets.com\/garbi\/es\/wp-json\/wp\/v2\/pages\/13558\/revisions\/19338"}],"wp:attachment":[{"href":"https:\/\/www.unavets.com\/garbi\/es\/wp-json\/wp\/v2\/media?parent=13558"}],"curies":[{"name":"wp","href":"https:\/\/api.w.org\/{rel}","templated":true}]}}