{"id":20292,"date":"2025-06-26T07:45:05","date_gmt":"2025-06-26T07:45:05","guid":{"rendered":"https:\/\/www.unavets.com\/garbi\/clinica-amigable-amb-els-gats\/"},"modified":"2026-02-03T09:01:00","modified_gmt":"2026-02-03T09:01:00","slug":"clinica-amigable-amb-els-gats","status":"publish","type":"page","link":"https:\/\/www.unavets.com\/garbi\/ca\/clinica-amigable-amb-els-gats\/","title":{"rendered":"Cl\u00ednica amigable amb els gats"},"content":{"rendered":"\t\t<div data-elementor-type=\"wp-page\" data-elementor-id=\"20292\" class=\"elementor elementor-20292 elementor-19753\" data-elementor-post-type=\"page\">\n\t\t\t\t\t\t<section class=\"elementor-section elementor-top-section elementor-element elementor-element-7b12d76 elementor-section-boxed elementor-section-height-default elementor-section-height-default\" data-id=\"7b12d76\" data-element_type=\"section\" data-e-type=\"section\">\n\t\t\t\t\t\t<div class=\"elementor-container elementor-column-gap-default\">\n\t\t\t\t\t<div class=\"elementor-column elementor-col-50 elementor-top-column elementor-element elementor-element-2c4b262\" data-id=\"2c4b262\" data-element_type=\"column\" data-e-type=\"column\">\n\t\t\t<div class=\"elementor-widget-wrap elementor-element-populated\">\n\t\t\t\t\t\t<div class=\"elementor-element elementor-element-5132e60 elementor-widget elementor-widget-text-editor\" data-id=\"5132e60\" data-element_type=\"widget\" data-e-type=\"widget\" data-widget_type=\"text-editor.default\">\n\t\t\t\t<div class=\"elementor-widget-container\">\n\t\t\t\t\t\t\t\t\t<p>Al Hospital Veterinari Garb\u00ed, hem obtingut la certificaci\u00f3 <b>CAT FRIENDLY SILVER<\/b> atorgada per l&#8217;organitzaci\u00f3 International Cat Care | For the love of cats (icatcare.org). Aquest reconeixement ens acredita com un centre de refer\u00e8ncia en la cura i el benestar dels gats, assegurant un entorn adaptat a les seves necessitats.<\/p>\n<p>El programa Cat Friendly Clinic, impulsat per la Societat Internacional de Medicina Felina, busca millorar l&#8217;experi\u00e8ncia dels gats a les cl\u00edniques veterin\u00e0ries, reduint el seu estr\u00e8s i facilitant la seva visita al veterinari juntament amb els seus cuidadors.<\/p>\n\t\t\t\t\t\t\t\t<\/div>\n\t\t\t\t<\/div>\n\t\t\t\t<div class=\"elementor-element elementor-element-c61e5b7 elementor-widget elementor-widget-image\" data-id=\"c61e5b7\" data-element_type=\"widget\" data-e-type=\"widget\" data-widget_type=\"image.default\">\n\t\t\t\t<div class=\"elementor-widget-container\">\n\t\t\t\t\t\t\t\t\t\t\t\t\t\t\t<img width=\"300\" height=\"163\" class=\"attachment-medium size-medium wp-image-20782 lazy\" alt=\"\" data-src=\"https:\/\/www.unavets.com\/garbi\/wp-content\/uploads\/sites\/54\/2026\/02\/CatFriendly-Logos-2-2-300x163.png\" data-lazy=\"https:\/\/www.unavets.com\/garbi\/wp-content\/uploads\/sites\/54\/2026\/02\/CatFriendly-Logos-2-2-300x163.png\" \/>\t\t\t\t\t\t\t\t\t\t\t\t\t\t\t<\/div>\n\t\t\t\t<\/div>\n\t\t\t\t\t<\/div>\n\t\t<\/div>\n\t\t\t\t<div class=\"elementor-column elementor-col-50 elementor-top-column elementor-element elementor-element-7ace53d\" data-id=\"7ace53d\" data-element_type=\"column\" data-e-type=\"column\">\n\t\t\t<div class=\"elementor-widget-wrap elementor-element-populated\">\n\t\t\t\t\t\t<div class=\"elementor-element elementor-element-e2c0aab elementor-widget elementor-widget-image\" data-id=\"e2c0aab\" data-element_type=\"widget\" data-e-type=\"widget\" data-widget_type=\"image.default\">\n\t\t\t\t<div class=\"elementor-widget-container\">\n\t\t\t\t\t\t\t\t\t\t\t\t\t\t\t<img decoding=\"async\" src=\"https:\/\/www.unavets.com\/garbi\/wp-content\/uploads\/sites\/54\/elementor\/thumbs\/Fotos-Horizontales-10-scaled-r6rs5sbk4lu42hit558y3tgrze62w0xg3tpkakxoy0.jpg\" title=\"Fotos Horizontales (10)\" alt=\"Fotos Horizontales (10)\" loading=\"lazy\" \/>\t\t\t\t\t\t\t\t\t\t\t\t\t\t\t<\/div>\n\t\t\t\t<\/div>\n\t\t\t\t\t<\/div>\n\t\t<\/div>\n\t\t\t\t\t<\/div>\n\t\t<\/section>\n\t\t\t\t<section class=\"elementor-section elementor-top-section elementor-element elementor-element-fd702e6 elementor-section-boxed elementor-section-height-default elementor-section-height-default\" data-id=\"fd702e6\" data-element_type=\"section\" data-e-type=\"section\">\n\t\t\t\t\t\t<div class=\"elementor-container elementor-column-gap-default\">\n\t\t\t\t\t<div class=\"elementor-column elementor-col-100 elementor-top-column elementor-element elementor-element-c989c03\" data-id=\"c989c03\" data-element_type=\"column\" data-e-type=\"column\">\n\t\t\t<div class=\"elementor-widget-wrap elementor-element-populated\">\n\t\t\t\t\t\t<div class=\"elementor-element elementor-element-88942f7 elementor-widget elementor-widget-text-editor\" data-id=\"88942f7\" data-element_type=\"widget\" data-e-type=\"widget\" data-widget_type=\"text-editor.default\">\n\t\t\t\t<div class=\"elementor-widget-container\">\n\t\t\t\t\t\t\t\t\t<h3>Qu\u00e8 significa la Certificaci\u00f3 Plata per a tu i el teu gat?<\/h3>\n<p>&nbsp;<\/p>\n<p>&nbsp;<\/p>\n\t\t\t\t\t\t\t\t<\/div>\n\t\t\t\t<\/div>\n\t\t\t\t<div class=\"elementor-element elementor-element-95bd81a elementor-widget elementor-widget-text-editor\" data-id=\"95bd81a\" data-element_type=\"widget\" data-e-type=\"widget\" data-widget_type=\"text-editor.default\">\n\t\t\t\t<div class=\"elementor-widget-container\">\n\t\t\t\t\t\t\t\t\t<p>El nostre nivell plata garanteix una atenci\u00f3 considerada i adaptada a les necessitats del teu gat:<\/p>\n<p><b>Un entorn adequat des de l&#8217;arribada:<\/b><\/p>\n<ul>\n<li>Disposem d&#8217;una <b>sala d&#8217;espera separada i exclusiva per a gats<\/b>, garantint que no hi hagi contacte estressant amb gossos o altres animals.<\/li>\n<p> \t<\/p>\n<li>Tenim mantes per cobrir els transportins, proporcionant un refugi segur i minimitzant la visibilitat d&#8217;estranys.<\/li>\n<p> \t<\/p>\n<li>Facilitem espais perqu\u00e8 els transportins puguin mantenir-se fora del terra.<\/li>\n<p><\/ul>\n<p><b>Hospitalitzaci\u00f3 amb separaci\u00f3:<\/b><\/p>\n<ul>\n<li>En cas que el teu gat necessiti ser hospitalitzat, disposem d&#8217;<b>\u00e0rees d&#8217;hospitalitzaci\u00f3 on gossos i gats estan separats<\/b>, evitant aix\u00ed estr\u00e8s innecessari.<\/li>\n<p> \t<\/p>\n<li>Les nostres <b>g\u00e0bies compleixen o superen les mides m\u00ednimes<\/b> establertes, assegurant que el teu gat tingui espai adequat per a la seva comoditat durant la seva estada.<\/li>\n<p><\/ul>\n<p><b>Consultes confortables:<\/b><\/p>\n<ul>\n<li>Oferim una <b>sala de consulta\/examen segura, protegida i ben equipada.<\/b><\/li>\n<p> \t<\/p>\n<li>Les nostres cites tenen una durada m\u00ednima de <b>10 minuts<\/b>, i dediquem encara m\u00e9s temps a gats malalts, grans, ansiosos, o per a consultes de comportament i casos complexos.<\/li>\n<p><\/ul>\n<p><b>Instal\u00b7lacions:<\/b><\/p>\n<ul>\n<li>Comptem amb les <b>instal\u00b7lacions necess\u00e0ries per anestesiar gats<\/b>, si \u00e9s requerit per a algun procediment.<\/li>\n<p><\/ul>\n<p><b>Equipament per a gats:<\/b><\/p>\n<ul>\n<li>Disposem d&#8217;un <b>equipament addicional amigable amb gats<\/b>, incloent eines per a l&#8217;atenci\u00f3 dental, la qual cosa ens permet abordar una gamma m\u00e9s \u00e0mplia de necessitats m\u00e8diques.<\/li>\n<p><\/ul>\n\t\t\t\t\t\t\t\t<\/div>\n\t\t\t\t<\/div>\n\t\t\t\t<div class=\"elementor-element elementor-element-a7d9dd7 elementor-align-center elementor-widget elementor-widget-button\" data-id=\"a7d9dd7\" data-element_type=\"widget\" data-e-type=\"widget\" data-widget_type=\"button.default\">\n\t\t\t\t<div class=\"elementor-widget-container\">\n\t\t\t\t\t\t\t\t\t<div class=\"elementor-button-wrapper\">\n\t\t\t\t\t<a class=\"elementor-button elementor-button-link elementor-size-md\" href=\"tel:937591570\">\n\t\t\t\t\t\t<span class=\"elementor-button-content-wrapper\">\n\t\t\t\t\t\t<span class=\"elementor-button-icon\">\n\t\t\t\t<svg aria-hidden=\"true\" class=\"e-font-icon-svg e-far-calendar-alt\" viewBox=\"0 0 448 512\" xmlns=\"http:\/\/www.w3.org\/2000\/svg\"><path d=\"M148 288h-40c-6.6 0-12-5.4-12-12v-40c0-6.6 5.4-12 12-12h40c6.6 0 12 5.4 12 12v40c0 6.6-5.4 12-12 12zm108-12v-40c0-6.6-5.4-12-12-12h-40c-6.6 0-12 5.4-12 12v40c0 6.6 5.4 12 12 12h40c6.6 0 12-5.4 12-12zm96 0v-40c0-6.6-5.4-12-12-12h-40c-6.6 0-12 5.4-12 12v40c0 6.6 5.4 12 12 12h40c6.6 0 12-5.4 12-12zm-96 96v-40c0-6.6-5.4-12-12-12h-40c-6.6 0-12 5.4-12 12v40c0 6.6 5.4 12 12 12h40c6.6 0 12-5.4 12-12zm-96 0v-40c0-6.6-5.4-12-12-12h-40c-6.6 0-12 5.4-12 12v40c0 6.6 5.4 12 12 12h40c6.6 0 12-5.4 12-12zm192 0v-40c0-6.6-5.4-12-12-12h-40c-6.6 0-12 5.4-12 12v40c0 6.6 5.4 12 12 12h40c6.6 0 12-5.4 12-12zm96-260v352c0 26.5-21.5 48-48 48H48c-26.5 0-48-21.5-48-48V112c0-26.5 21.5-48 48-48h48V12c0-6.6 5.4-12 12-12h40c6.6 0 12 5.4 12 12v52h128V12c0-6.6 5.4-12 12-12h40c6.6 0 12 5.4 12 12v52h48c26.5 0 48 21.5 48 48zm-48 346V160H48v298c0 3.3 2.7 6 6 6h340c3.3 0 6-2.7 6-6z\"><\/path><\/svg>\t\t\t<\/span>\n\t\t\t\t\t\t\t\t\t<span class=\"elementor-button-text\">Demana Cita<\/span>\n\t\t\t\t\t<\/span>\n\t\t\t\t\t<\/a>\n\t\t\t\t<\/div>\n\t\t\t\t\t\t\t\t<\/div>\n\t\t\t\t<\/div>\n\t\t\t\t\t<\/div>\n\t\t<\/div>\n\t\t\t\t\t<\/div>\n\t\t<\/section>\n\t\t\t\t<\/div>\n\t\t","protected":false},"excerpt":{"rendered":"<p>Al Hospital Veterinari Garb\u00ed, hem obtingut la certificaci\u00f3 CAT FRIENDLY SILVER atorgada per l&#8217;organitzaci\u00f3 International Cat Care | For the love of cats (icatcare.org). Aquest reconeixement ens acredita com un centre de refer\u00e8ncia en la cura i el benestar dels gats, assegurant un entorn adaptat a les seves necessitats. El programa Cat Friendly Clinic, impulsat &hellip; <\/p>\n","protected":false},"author":60,"featured_media":0,"parent":0,"menu_order":0,"comment_status":"closed","ping_status":"closed","template":"page-fullwidth.php","meta":{"_acf_changed":false,"content-type":"","footnotes":""},"class_list":["post-20292","page","type-page","status-publish","hentry"],"acf":[],"_links":{"self":[{"href":"https:\/\/www.unavets.com\/garbi\/ca\/wp-json\/wp\/v2\/pages\/20292","targetHints":{"allow":["GET"]}}],"collection":[{"href":"https:\/\/www.unavets.com\/garbi\/ca\/wp-json\/wp\/v2\/pages"}],"about":[{"href":"https:\/\/www.unavets.com\/garbi\/ca\/wp-json\/wp\/v2\/types\/page"}],"author":[{"embeddable":true,"href":"https:\/\/www.unavets.com\/garbi\/ca\/wp-json\/wp\/v2\/users\/60"}],"replies":[{"embeddable":true,"href":"https:\/\/www.unavets.com\/garbi\/ca\/wp-json\/wp\/v2\/comments?post=20292"}],"version-history":[{"count":6,"href":"https:\/\/www.unavets.com\/garbi\/ca\/wp-json\/wp\/v2\/pages\/20292\/revisions"}],"predecessor-version":[{"id":20786,"href":"https:\/\/www.unavets.com\/garbi\/ca\/wp-json\/wp\/v2\/pages\/20292\/revisions\/20786"}],"wp:attachment":[{"href":"https:\/\/www.unavets.com\/garbi\/ca\/wp-json\/wp\/v2\/media?parent=20292"}],"curies":[{"name":"wp","href":"https:\/\/api.w.org\/{rel}","templated":true}]}}