{"id":14792,"date":"2021-06-11T11:35:26","date_gmt":"2021-06-11T11:35:26","guid":{"rendered":"http:\/\/www.unavets.com\/garbi\/?page_id=14792"},"modified":"2025-06-26T08:19:34","modified_gmt":"2025-06-26T08:19:34","slug":"medicina-general","status":"publish","type":"page","link":"https:\/\/www.unavets.com\/garbi\/ca\/medicina-general\/","title":{"rendered":"Medicina General"},"content":{"rendered":"\t\t<div data-elementor-type=\"wp-page\" data-elementor-id=\"14792\" class=\"elementor elementor-14792 elementor-14595\" data-elementor-post-type=\"page\">\n\t\t\t\t\t\t<section class=\"elementor-section elementor-top-section elementor-element elementor-element-d993722 elementor-section-boxed elementor-section-height-default elementor-section-height-default\" data-id=\"d993722\" data-element_type=\"section\" data-e-type=\"section\" id=\"main-sec\">\n\t\t\t\t\t\t<div class=\"elementor-container elementor-column-gap-default\">\n\t\t\t\t\t<div class=\"elementor-column elementor-col-100 elementor-top-column elementor-element elementor-element-065811d\" data-id=\"065811d\" data-element_type=\"column\" data-e-type=\"column\">\n\t\t\t<div class=\"elementor-widget-wrap elementor-element-populated\">\n\t\t\t\t\t\t<div class=\"elementor-element elementor-element-63d99ac elementor-widget elementor-widget-text-editor\" data-id=\"63d99ac\" data-element_type=\"widget\" data-e-type=\"widget\" data-widget_type=\"text-editor.default\">\n\t\t\t\t<div class=\"elementor-widget-container\">\n\t\t\t\t\t\t\t\t\t<div class=\"ewa-rteLine\"><div class=\"ewa-rteLine\"><div class=\"ewa-rteLine\">La medicina general constitueix el primer nivell d\u2019atenci\u00f3 veterin\u00e0ria per a mascotes i \u00e9s fonamental per tal de prevenir, detectar, tractar i monitorar malalties. <span style=\"color: #808080\">En <\/span><span data-sheets-value=\"{\" data-sheets-userformat=\"{\">Hospital Veterinari Garb\u00ed, <\/span><span style=\"color: #808080\">els nostres veterinaris<\/span> mitjan\u00e7ant proves anal\u00edtiques, poden diagnosticar les patologies que pateix l\u2019animal i establir un pla de tractament. En certs casos, el veterinari potser deriva el pacient cap a un especialista.<\/div><\/div><\/div>\t\t\t\t\t\t\t\t<\/div>\n\t\t\t\t<\/div>\n\t\t\t\t<div class=\"elementor-element elementor-element-4c9ce1a elementor-align-center elementor-widget elementor-widget-button\" data-id=\"4c9ce1a\" data-element_type=\"widget\" data-e-type=\"widget\" data-widget_type=\"button.default\">\n\t\t\t\t<div class=\"elementor-widget-container\">\n\t\t\t\t\t\t\t\t\t<div class=\"elementor-button-wrapper\">\n\t\t\t\t\t<a class=\"elementor-button elementor-button-link elementor-size-sm\" href=\"https:\/\/www.unavets.com\/garbi\/ca\/contacte\/\">\n\t\t\t\t\t\t<span class=\"elementor-button-content-wrapper\">\n\t\t\t\t\t\t<span class=\"elementor-button-icon\">\n\t\t\t\t<svg aria-hidden=\"true\" class=\"e-font-icon-svg e-far-calendar-alt\" viewBox=\"0 0 448 512\" xmlns=\"http:\/\/www.w3.org\/2000\/svg\"><path d=\"M148 288h-40c-6.6 0-12-5.4-12-12v-40c0-6.6 5.4-12 12-12h40c6.6 0 12 5.4 12 12v40c0 6.6-5.4 12-12 12zm108-12v-40c0-6.6-5.4-12-12-12h-40c-6.6 0-12 5.4-12 12v40c0 6.6 5.4 12 12 12h40c6.6 0 12-5.4 12-12zm96 0v-40c0-6.6-5.4-12-12-12h-40c-6.6 0-12 5.4-12 12v40c0 6.6 5.4 12 12 12h40c6.6 0 12-5.4 12-12zm-96 96v-40c0-6.6-5.4-12-12-12h-40c-6.6 0-12 5.4-12 12v40c0 6.6 5.4 12 12 12h40c6.6 0 12-5.4 12-12zm-96 0v-40c0-6.6-5.4-12-12-12h-40c-6.6 0-12 5.4-12 12v40c0 6.6 5.4 12 12 12h40c6.6 0 12-5.4 12-12zm192 0v-40c0-6.6-5.4-12-12-12h-40c-6.6 0-12 5.4-12 12v40c0 6.6 5.4 12 12 12h40c6.6 0 12-5.4 12-12zm96-260v352c0 26.5-21.5 48-48 48H48c-26.5 0-48-21.5-48-48V112c0-26.5 21.5-48 48-48h48V12c0-6.6 5.4-12 12-12h40c6.6 0 12 5.4 12 12v52h128V12c0-6.6 5.4-12 12-12h40c6.6 0 12 5.4 12 12v52h48c26.5 0 48 21.5 48 48zm-48 346V160H48v298c0 3.3 2.7 6 6 6h340c3.3 0 6-2.7 6-6z\"><\/path><\/svg>\t\t\t<\/span>\n\t\t\t\t\t\t\t\t\t<span class=\"elementor-button-text\">Demana Cita<\/span>\n\t\t\t\t\t<\/span>\n\t\t\t\t\t<\/a>\n\t\t\t\t<\/div>\n\t\t\t\t\t\t\t\t<\/div>\n\t\t\t\t<\/div>\n\t\t\t\t\t<\/div>\n\t\t<\/div>\n\t\t\t\t\t<\/div>\n\t\t<\/section>\n\t\t\t\t<section class=\"elementor-section elementor-top-section elementor-element elementor-element-0ac1dc6 elementor-section-boxed elementor-section-height-default elementor-section-height-default\" data-id=\"0ac1dc6\" data-element_type=\"section\" data-e-type=\"section\">\n\t\t\t\t\t\t<div class=\"elementor-container elementor-column-gap-default\">\n\t\t\t\t\t<div class=\"elementor-column elementor-col-100 elementor-top-column elementor-element elementor-element-3652622\" data-id=\"3652622\" data-element_type=\"column\" data-e-type=\"column\">\n\t\t\t<div class=\"elementor-widget-wrap elementor-element-populated\">\n\t\t\t\t\t\t<div class=\"elementor-element elementor-element-dc7c821 elementor-widget elementor-widget-image\" data-id=\"dc7c821\" data-element_type=\"widget\" data-e-type=\"widget\" data-widget_type=\"image.default\">\n\t\t\t\t<div class=\"elementor-widget-container\">\n\t\t\t\t\t\t\t\t\t\t\t\t\t\t\t<img fetchpriority=\"high\" width=\"724\" height=\"485\" class=\"attachment-medium_large size-medium_large wp-image-19347 lazy\" alt=\"\" data-src=\"https:\/\/www.unavets.com\/garbi\/wp-content\/uploads\/sites\/54\/2025\/06\/garbi-6-768x514.jpg\" data-lazy=\"https:\/\/www.unavets.com\/garbi\/wp-content\/uploads\/sites\/54\/2025\/06\/garbi-6-768x514.jpg\" \/>\t\t\t\t\t\t\t\t\t\t\t\t\t\t\t<\/div>\n\t\t\t\t<\/div>\n\t\t\t\t\t<\/div>\n\t\t<\/div>\n\t\t\t\t\t<\/div>\n\t\t<\/section>\n\t\t\t\t<\/div>\n\t\t","protected":false},"excerpt":{"rendered":"<p>La medicina general constitueix el primer nivell d\u2019atenci\u00f3 veterin\u00e0ria per a mascotes i \u00e9s fonamental per tal de prevenir, detectar, tractar i monitorar malalties. En , els nostres veterinaris mitjan\u00e7ant proves anal\u00edtiques, poden diagnosticar les patologies que pateix l\u2019animal i establir un pla de tractament. En certs casos, el veterinari potser deriva el pacient cap &hellip; <\/p>\n","protected":false},"author":4,"featured_media":0,"parent":0,"menu_order":0,"comment_status":"closed","ping_status":"closed","template":"page-fullwidth.php","meta":{"_acf_changed":false,"content-type":"","footnotes":""},"class_list":["post-14792","page","type-page","status-publish","hentry"],"acf":[],"_links":{"self":[{"href":"https:\/\/www.unavets.com\/garbi\/ca\/wp-json\/wp\/v2\/pages\/14792","targetHints":{"allow":["GET"]}}],"collection":[{"href":"https:\/\/www.unavets.com\/garbi\/ca\/wp-json\/wp\/v2\/pages"}],"about":[{"href":"https:\/\/www.unavets.com\/garbi\/ca\/wp-json\/wp\/v2\/types\/page"}],"author":[{"embeddable":true,"href":"https:\/\/www.unavets.com\/garbi\/ca\/wp-json\/wp\/v2\/users\/4"}],"replies":[{"embeddable":true,"href":"https:\/\/www.unavets.com\/garbi\/ca\/wp-json\/wp\/v2\/comments?post=14792"}],"version-history":[{"count":15,"href":"https:\/\/www.unavets.com\/garbi\/ca\/wp-json\/wp\/v2\/pages\/14792\/revisions"}],"predecessor-version":[{"id":20328,"href":"https:\/\/www.unavets.com\/garbi\/ca\/wp-json\/wp\/v2\/pages\/14792\/revisions\/20328"}],"wp:attachment":[{"href":"https:\/\/www.unavets.com\/garbi\/ca\/wp-json\/wp\/v2\/media?parent=14792"}],"curies":[{"name":"wp","href":"https:\/\/api.w.org\/{rel}","templated":true}]}}