{"id":14430,"date":"2021-06-03T07:27:45","date_gmt":"2021-06-03T07:27:45","guid":{"rendered":"http:\/\/www.unavets.com\/garbi\/?page_id=14430"},"modified":"2025-06-25T10:32:04","modified_gmt":"2025-06-25T10:32:04","slug":"instal-lacions","status":"publish","type":"page","link":"https:\/\/www.unavets.com\/garbi\/ca\/instal-lacions\/","title":{"rendered":"Instal\u00b7lacions"},"content":{"rendered":"\t\t<div data-elementor-type=\"wp-page\" data-elementor-id=\"14430\" class=\"elementor elementor-14430 elementor-281\" data-elementor-post-type=\"page\">\n\t\t\t\t\t\t<section class=\"elementor-section elementor-top-section elementor-element elementor-element-54cf215 pad-top-0 elementor-section-boxed elementor-section-height-default elementor-section-height-default\" data-id=\"54cf215\" data-element_type=\"section\" data-e-type=\"section\" id=\"main-sec\" data-settings=\"{&quot;background_background&quot;:&quot;classic&quot;}\">\n\t\t\t\t\t\t<div class=\"elementor-container elementor-column-gap-wide\">\n\t\t\t\t\t<div class=\"elementor-column elementor-col-100 elementor-top-column elementor-element elementor-element-d926441\" data-id=\"d926441\" data-element_type=\"column\" data-e-type=\"column\">\n\t\t\t<div class=\"elementor-widget-wrap elementor-element-populated\">\n\t\t\t\t\t\t<div class=\"elementor-element elementor-element-ac5c964 elementor-widget elementor-widget-text-editor\" data-id=\"ac5c964\" data-element_type=\"widget\" data-e-type=\"widget\" data-widget_type=\"text-editor.default\">\n\t\t\t\t<div class=\"elementor-widget-container\">\n\t\t\t\t\t\t\t\t\t<p><strong>L\u2019Hospital Veterinari Garb\u00ed<\/strong> \u00e9s un centre modern i ben equipat, situat a nom\u00e9s 5 minuts de Matar\u00f3, amb acc\u00e9s f\u00e0cil i aparcament gratu\u00eft per a la teva comoditat.<\/p><p>Disposem d\u2019instal\u00b7lacions d\u2019\u00faltima generaci\u00f3 per oferir una atenci\u00f3 veterin\u00e0ria de qualitat. El nostre comprom\u00eds \u00e9s cuidar les teves mascotes amb els millors professionals i tecnologia avan\u00e7ada.<\/p>\t\t\t\t\t\t\t\t<\/div>\n\t\t\t\t<\/div>\n\t\t\t\t<section class=\"elementor-section elementor-inner-section elementor-element elementor-element-98275a1 elementor-section-boxed elementor-section-height-default elementor-section-height-default\" data-id=\"98275a1\" data-element_type=\"section\" data-e-type=\"section\">\n\t\t\t\t\t\t<div class=\"elementor-container elementor-column-gap-default\">\n\t\t\t\t\t<div class=\"elementor-column elementor-col-50 elementor-inner-column elementor-element elementor-element-07b222c\" data-id=\"07b222c\" data-element_type=\"column\" data-e-type=\"column\">\n\t\t\t<div class=\"elementor-widget-wrap elementor-element-populated\">\n\t\t\t\t\t\t<div class=\"elementor-element elementor-element-44b52f4 elementor-widget elementor-widget-image\" data-id=\"44b52f4\" data-element_type=\"widget\" data-e-type=\"widget\" data-widget_type=\"image.default\">\n\t\t\t\t<div class=\"elementor-widget-container\">\n\t\t\t\t\t\t\t\t\t\t\t\t\t\t\t<img fetchpriority=\"high\" width=\"786\" height=\"524\" class=\"attachment-townhub-featured-image size-townhub-featured-image wp-image-19098 lazy\" alt=\"\" data-src=\"https:\/\/www.unavets.com\/garbi\/wp-content\/uploads\/sites\/54\/2025\/05\/7-786x524.png\" data-lazy=\"https:\/\/www.unavets.com\/garbi\/wp-content\/uploads\/sites\/54\/2025\/05\/7-786x524.png\" \/>\t\t\t\t\t\t\t\t\t\t\t\t\t\t\t<\/div>\n\t\t\t\t<\/div>\n\t\t\t\t\t<\/div>\n\t\t<\/div>\n\t\t\t\t<div class=\"elementor-column elementor-col-50 elementor-inner-column elementor-element elementor-element-e32254f\" data-id=\"e32254f\" data-element_type=\"column\" data-e-type=\"column\">\n\t\t\t<div class=\"elementor-widget-wrap elementor-element-populated\">\n\t\t\t\t\t\t<div class=\"elementor-element elementor-element-6494dd8 elementor-widget elementor-widget-text-editor\" data-id=\"6494dd8\" data-element_type=\"widget\" data-e-type=\"widget\" data-widget_type=\"text-editor.default\">\n\t\t\t\t<div class=\"elementor-widget-container\">\n\t\t\t\t\t\t\t\t\t<ul><li><strong>5 sales de consulta<\/strong> completament equipades.<\/li><li><strong>Laboratori propi<\/strong>, que permet realitzar an\u00e0lisis de manera r\u00e0pida i precisa.<\/li><li><strong>Sala de diagn\u00f2stic<\/strong> per la imatge, amb equips avan\u00e7ats de radiologia, ecografia, ecocardiografia i TAC (Canon d\u2019\u00faltima generaci\u00f3).<\/li><li><strong>2 quir\u00f2fans totalment<\/strong> equipats per a intervencions quir\u00fargiques de diversa complexitat.<\/li><li><strong>4 sales d\u2019hospitalitzaci\u00f3<\/strong>, diferenciades per a gossos, gats i animals ex\u00f2tics, a m\u00e9s d\u2019una sala d\u2019a\u00efllament per a pacients amb malalties contagioses.<\/li><li><strong>Botiga de mascotes<\/strong> El Bestial, amb tot el necessari per al benestar dels teus animals.<\/li><\/ul>\t\t\t\t\t\t\t\t<\/div>\n\t\t\t\t<\/div>\n\t\t\t\t\t<\/div>\n\t\t<\/div>\n\t\t\t\t\t<\/div>\n\t\t<\/section>\n\t\t\t\t<section class=\"elementor-section elementor-inner-section elementor-element elementor-element-77f7e13 elementor-section-boxed elementor-section-height-default elementor-section-height-default\" data-id=\"77f7e13\" data-element_type=\"section\" data-e-type=\"section\">\n\t\t\t\t\t\t<div class=\"elementor-container elementor-column-gap-default\">\n\t\t\t\t\t<div class=\"elementor-column elementor-col-100 elementor-inner-column elementor-element elementor-element-c303689\" data-id=\"c303689\" data-element_type=\"column\" data-e-type=\"column\">\n\t\t\t<div class=\"elementor-widget-wrap elementor-element-populated\">\n\t\t\t\t\t\t<div class=\"elementor-element elementor-element-9c3422c elementor-widget elementor-widget-text-editor\" data-id=\"9c3422c\" data-element_type=\"widget\" data-e-type=\"widget\" data-widget_type=\"text-editor.default\">\n\t\t\t\t<div class=\"elementor-widget-container\">\n\t\t\t\t\t\t\t\t\t<p>A l\u2019Hospital Veterinari Garb\u00ed oferim un servei integral que cobreix totes les necessitats de la teva mascota, des de revisions rutin\u00e0ries fins a intervencions complexes. <strong>Les nostres \u00e0rees d\u2019hospitalitzaci\u00f3 estan dissenyades per garantir un entorn segur i confortable per a cada esp\u00e8cie.<\/strong><\/p><p>Els <strong>gats<\/strong> disposen d\u2019una sala <strong>exclusiva<\/strong>, adaptada a les seves necessitats: boxes amb zones diferenciades per a la sorra i el menjar, espais per amagar-se i difusi\u00f3 cont\u00ednua de feromones felines, que contribueixen a reduir l\u2019estr\u00e8s durant la seva estada.<\/p><p><strong>Per als pacients amb malalties infeccioses<\/strong>, comptem amb una sala d\u2019a\u00efllament equipada per garantir el m\u00e0xim confort i una atenci\u00f3 adequada.<\/p><p>Tots els animals hospitalitzats, incloent-hi els casos cr\u00edtics, tenen acc\u00e9s a monitoritzaci\u00f3 avan\u00e7ada, equips d\u2019anest\u00e8sia i diagn\u00f2stic per imatge d\u2019\u00faltima generaci\u00f3. Per als pacients m\u00e9s greus, disposem d\u2019una <strong>UCI<\/strong> tipus bressol, que garanteix el seu confort i una supervisi\u00f3 constant.<\/p>\t\t\t\t\t\t\t\t<\/div>\n\t\t\t\t<\/div>\n\t\t\t\t<div class=\"elementor-element elementor-element-1f82c98 elementor-align-center elementor-widget elementor-widget-button\" data-id=\"1f82c98\" data-element_type=\"widget\" data-e-type=\"widget\" data-widget_type=\"button.default\">\n\t\t\t\t<div class=\"elementor-widget-container\">\n\t\t\t\t\t\t\t\t\t<div class=\"elementor-button-wrapper\">\n\t\t\t\t\t<a class=\"elementor-button elementor-button-link elementor-size-sm\" href=\"https:\/\/www.unavets.com\/garbi\/ca\/serveis\/\">\n\t\t\t\t\t\t<span class=\"elementor-button-content-wrapper\">\n\t\t\t\t\t\t\t\t\t<span class=\"elementor-button-text\">Serveis<\/span>\n\t\t\t\t\t<\/span>\n\t\t\t\t\t<\/a>\n\t\t\t\t<\/div>\n\t\t\t\t\t\t\t\t<\/div>\n\t\t\t\t<\/div>\n\t\t\t\t\t<\/div>\n\t\t<\/div>\n\t\t\t\t\t<\/div>\n\t\t<\/section>\n\t\t\t\t\t<\/div>\n\t\t<\/div>\n\t\t\t\t\t<\/div>\n\t\t<\/section>\n\t\t\t\t<section class=\"elementor-section elementor-top-section elementor-element elementor-element-e367e58 elementor-section-boxed elementor-section-height-default elementor-section-height-default\" data-id=\"e367e58\" data-element_type=\"section\" data-e-type=\"section\">\n\t\t\t\t\t\t<div class=\"elementor-container elementor-column-gap-default\">\n\t\t\t\t\t<div class=\"elementor-column elementor-col-100 elementor-top-column elementor-element elementor-element-327c309\" data-id=\"327c309\" data-element_type=\"column\" data-e-type=\"column\">\n\t\t\t<div class=\"elementor-widget-wrap elementor-element-populated\">\n\t\t\t\t\t\t<div class=\"elementor-element elementor-element-a0d712e elementor-widget elementor-widget-gallery\" data-id=\"a0d712e\" data-element_type=\"widget\" data-e-type=\"widget\" data-settings=\"{&quot;columns&quot;:&quot;3&quot;,&quot;aspect_ratio&quot;:&quot;1:1&quot;,&quot;lazyload&quot;:&quot;yes&quot;,&quot;gallery_layout&quot;:&quot;grid&quot;,&quot;columns_tablet&quot;:2,&quot;columns_mobile&quot;:1,&quot;gap&quot;:{&quot;unit&quot;:&quot;px&quot;,&quot;size&quot;:10,&quot;sizes&quot;:[]},&quot;gap_tablet&quot;:{&quot;unit&quot;:&quot;px&quot;,&quot;size&quot;:10,&quot;sizes&quot;:[]},&quot;gap_mobile&quot;:{&quot;unit&quot;:&quot;px&quot;,&quot;size&quot;:10,&quot;sizes&quot;:[]},&quot;link_to&quot;:&quot;file&quot;,&quot;overlay_background&quot;:&quot;yes&quot;,&quot;content_hover_animation&quot;:&quot;fade-in&quot;}\" data-widget_type=\"gallery.default\">\n\t\t\t\t<div class=\"elementor-widget-container\">\n\t\t\t\t\t\t\t<div class=\"elementor-gallery__container\">\n\t\t\t\t\t\t\t<a class=\"e-gallery-item elementor-gallery-item elementor-animated-content\" href=\"https:\/\/www.unavets.com\/garbi\/wp-content\/uploads\/sites\/54\/2025\/04\/3.png\" data-elementor-open-lightbox=\"yes\" data-elementor-lightbox-slideshow=\"a0d712e\" data-elementor-lightbox-title=\"3\" data-e-action-hash=\"#elementor-action%3Aaction%3Dlightbox%26settings%3DeyJpZCI6MTkwMTIsInVybCI6Imh0dHBzOlwvXC93d3cudW5hdmV0cy5jb21cL2dhcmJpXC93cC1jb250ZW50XC91cGxvYWRzXC9zaXRlc1wvNTRcLzIwMjVcLzA0XC8zLnBuZyIsInNsaWRlc2hvdyI6ImEwZDcxMmUifQ%3D%3D\">\n\t\t\t\t\t<div class=\"e-gallery-image elementor-gallery-item__image\" data-thumbnail=\"https:\/\/www.unavets.com\/garbi\/wp-content\/uploads\/sites\/54\/2025\/04\/3-1024x682.png\" data-width=\"724\" data-height=\"482\" aria-label=\"\" role=\"img\" ><\/div>\n\t\t\t\t\t\t\t\t\t\t\t<div class=\"elementor-gallery-item__overlay\"><\/div>\n\t\t\t\t\t\t\t\t\t\t\t\t\t\t<\/a>\n\t\t\t\t\t\t\t<a class=\"e-gallery-item elementor-gallery-item elementor-animated-content\" href=\"https:\/\/www.unavets.com\/garbi\/wp-content\/uploads\/sites\/54\/2025\/06\/Garbi-2.jpg\" data-elementor-open-lightbox=\"yes\" data-elementor-lightbox-slideshow=\"a0d712e\" data-elementor-lightbox-title=\"Garb\u00ed 2\" data-e-action-hash=\"#elementor-action%3Aaction%3Dlightbox%26settings%3DeyJpZCI6MTkzMjQsInVybCI6Imh0dHBzOlwvXC93d3cudW5hdmV0cy5jb21cL2dhcmJpXC93cC1jb250ZW50XC91cGxvYWRzXC9zaXRlc1wvNTRcLzIwMjVcLzA2XC9HYXJiaS0yLmpwZyIsInNsaWRlc2hvdyI6ImEwZDcxMmUifQ%3D%3D\">\n\t\t\t\t\t<div class=\"e-gallery-image elementor-gallery-item__image\" data-thumbnail=\"https:\/\/www.unavets.com\/garbi\/wp-content\/uploads\/sites\/54\/2025\/06\/Garbi-2.jpg\" data-width=\"724\" data-height=\"906\" aria-label=\"\" role=\"img\" ><\/div>\n\t\t\t\t\t\t\t\t\t\t\t<div class=\"elementor-gallery-item__overlay\"><\/div>\n\t\t\t\t\t\t\t\t\t\t\t\t\t\t<\/a>\n\t\t\t\t\t\t\t<a class=\"e-gallery-item elementor-gallery-item elementor-animated-content\" href=\"https:\/\/www.unavets.com\/garbi\/wp-content\/uploads\/sites\/54\/2024\/09\/5F9015B5-6DF6-48E9-8665-BAD104D274A6.jpg\" data-elementor-open-lightbox=\"yes\" data-elementor-lightbox-slideshow=\"a0d712e\" data-elementor-lightbox-title=\"5F9015B5-6DF6-48E9-8665-BAD104D274A6\" data-e-action-hash=\"#elementor-action%3Aaction%3Dlightbox%26settings%3DeyJpZCI6MTg2ODcsInVybCI6Imh0dHBzOlwvXC93d3cudW5hdmV0cy5jb21cL2dhcmJpXC93cC1jb250ZW50XC91cGxvYWRzXC9zaXRlc1wvNTRcLzIwMjRcLzA5XC81RjkwMTVCNS02REY2LTQ4RTktODY2NS1CQUQxMDREMjc0QTYuanBnIiwic2xpZGVzaG93IjoiYTBkNzEyZSJ9\">\n\t\t\t\t\t<div class=\"e-gallery-image elementor-gallery-item__image\" data-thumbnail=\"https:\/\/www.unavets.com\/garbi\/wp-content\/uploads\/sites\/54\/2024\/09\/5F9015B5-6DF6-48E9-8665-BAD104D274A6.jpg\" data-width=\"650\" data-height=\"434\" aria-label=\"\" role=\"img\" ><\/div>\n\t\t\t\t\t\t\t\t\t\t\t<div class=\"elementor-gallery-item__overlay\"><\/div>\n\t\t\t\t\t\t\t\t\t\t\t\t\t\t<\/a>\n\t\t\t\t\t\t\t<a class=\"e-gallery-item elementor-gallery-item elementor-animated-content\" href=\"https:\/\/www.unavets.com\/garbi\/wp-content\/uploads\/sites\/54\/2025\/06\/Garbi-1.jpg\" data-elementor-open-lightbox=\"yes\" data-elementor-lightbox-slideshow=\"a0d712e\" data-elementor-lightbox-title=\"Garb\u00ed 1\" data-e-action-hash=\"#elementor-action%3Aaction%3Dlightbox%26settings%3DeyJpZCI6MTkzMjEsInVybCI6Imh0dHBzOlwvXC93d3cudW5hdmV0cy5jb21cL2dhcmJpXC93cC1jb250ZW50XC91cGxvYWRzXC9zaXRlc1wvNTRcLzIwMjVcLzA2XC9HYXJiaS0xLmpwZyIsInNsaWRlc2hvdyI6ImEwZDcxMmUifQ%3D%3D\">\n\t\t\t\t\t<div class=\"e-gallery-image elementor-gallery-item__image\" data-thumbnail=\"https:\/\/www.unavets.com\/garbi\/wp-content\/uploads\/sites\/54\/2025\/06\/Garbi-1-1024x767.jpg\" data-width=\"724\" data-height=\"542\" aria-label=\"\" role=\"img\" ><\/div>\n\t\t\t\t\t\t\t\t\t\t\t<div class=\"elementor-gallery-item__overlay\"><\/div>\n\t\t\t\t\t\t\t\t\t\t\t\t\t\t<\/a>\n\t\t\t\t\t\t\t<a class=\"e-gallery-item elementor-gallery-item elementor-animated-content\" href=\"https:\/\/www.unavets.com\/garbi\/wp-content\/uploads\/sites\/54\/2024\/09\/0E5F6447-531A-4C42-950C-F1806C5519E2.jpg\" data-elementor-open-lightbox=\"yes\" data-elementor-lightbox-slideshow=\"a0d712e\" data-elementor-lightbox-title=\"0E5F6447-531A-4C42-950C-F1806C5519E2\" data-e-action-hash=\"#elementor-action%3Aaction%3Dlightbox%26settings%3DeyJpZCI6MTg3MTcsInVybCI6Imh0dHBzOlwvXC93d3cudW5hdmV0cy5jb21cL2dhcmJpXC93cC1jb250ZW50XC91cGxvYWRzXC9zaXRlc1wvNTRcLzIwMjRcLzA5XC8wRTVGNjQ0Ny01MzFBLTRDNDItOTUwQy1GMTgwNkM1NTE5RTIuanBnIiwic2xpZGVzaG93IjoiYTBkNzEyZSJ9\">\n\t\t\t\t\t<div class=\"e-gallery-image elementor-gallery-item__image\" data-thumbnail=\"https:\/\/www.unavets.com\/garbi\/wp-content\/uploads\/sites\/54\/2024\/09\/0E5F6447-531A-4C42-950C-F1806C5519E2.jpg\" data-width=\"650\" data-height=\"434\" aria-label=\"\" role=\"img\" ><\/div>\n\t\t\t\t\t\t\t\t\t\t\t<div class=\"elementor-gallery-item__overlay\"><\/div>\n\t\t\t\t\t\t\t\t\t\t\t\t\t\t<\/a>\n\t\t\t\t\t\t\t<a class=\"e-gallery-item elementor-gallery-item elementor-animated-content\" href=\"https:\/\/www.unavets.com\/garbi\/wp-content\/uploads\/sites\/54\/2024\/09\/5C8E2BE2-EE67-4C3C-9440-DB50B6EE6ED6.jpg\" data-elementor-open-lightbox=\"yes\" data-elementor-lightbox-slideshow=\"a0d712e\" data-elementor-lightbox-title=\"5C8E2BE2-EE67-4C3C-9440-DB50B6EE6ED6\" data-e-action-hash=\"#elementor-action%3Aaction%3Dlightbox%26settings%3DeyJpZCI6MTg2OTAsInVybCI6Imh0dHBzOlwvXC93d3cudW5hdmV0cy5jb21cL2dhcmJpXC93cC1jb250ZW50XC91cGxvYWRzXC9zaXRlc1wvNTRcLzIwMjRcLzA5XC81QzhFMkJFMi1FRTY3LTRDM0MtOTQ0MC1EQjUwQjZFRTZFRDYuanBnIiwic2xpZGVzaG93IjoiYTBkNzEyZSJ9\">\n\t\t\t\t\t<div class=\"e-gallery-image elementor-gallery-item__image\" data-thumbnail=\"https:\/\/www.unavets.com\/garbi\/wp-content\/uploads\/sites\/54\/2024\/09\/5C8E2BE2-EE67-4C3C-9440-DB50B6EE6ED6.jpg\" data-width=\"650\" data-height=\"435\" aria-label=\"\" role=\"img\" ><\/div>\n\t\t\t\t\t\t\t\t\t\t\t<div class=\"elementor-gallery-item__overlay\"><\/div>\n\t\t\t\t\t\t\t\t\t\t\t\t\t\t<\/a>\n\t\t\t\t\t\t\t<a class=\"e-gallery-item elementor-gallery-item elementor-animated-content\" href=\"https:\/\/www.unavets.com\/garbi\/wp-content\/uploads\/sites\/54\/2025\/06\/garbi-3.jpg\" data-elementor-open-lightbox=\"yes\" data-elementor-lightbox-slideshow=\"a0d712e\" data-elementor-lightbox-title=\"garb\u00ed 3\" data-e-action-hash=\"#elementor-action%3Aaction%3Dlightbox%26settings%3DeyJpZCI6MTkzMjcsInVybCI6Imh0dHBzOlwvXC93d3cudW5hdmV0cy5jb21cL2dhcmJpXC93cC1jb250ZW50XC91cGxvYWRzXC9zaXRlc1wvNTRcLzIwMjVcLzA2XC9nYXJiaS0zLmpwZyIsInNsaWRlc2hvdyI6ImEwZDcxMmUifQ%3D%3D\">\n\t\t\t\t\t<div class=\"e-gallery-image elementor-gallery-item__image\" data-thumbnail=\"https:\/\/www.unavets.com\/garbi\/wp-content\/uploads\/sites\/54\/2025\/06\/garbi-3-1024x686.jpg\" data-width=\"724\" data-height=\"485\" aria-label=\"\" role=\"img\" ><\/div>\n\t\t\t\t\t\t\t\t\t\t\t<div class=\"elementor-gallery-item__overlay\"><\/div>\n\t\t\t\t\t\t\t\t\t\t\t\t\t\t<\/a>\n\t\t\t\t\t\t\t<a class=\"e-gallery-item elementor-gallery-item elementor-animated-content\" href=\"https:\/\/www.unavets.com\/garbi\/wp-content\/uploads\/sites\/54\/2025\/04\/8.png\" data-elementor-open-lightbox=\"yes\" data-elementor-lightbox-slideshow=\"a0d712e\" data-elementor-lightbox-title=\"8\" data-e-action-hash=\"#elementor-action%3Aaction%3Dlightbox%26settings%3DeyJpZCI6MTkwMjcsInVybCI6Imh0dHBzOlwvXC93d3cudW5hdmV0cy5jb21cL2dhcmJpXC93cC1jb250ZW50XC91cGxvYWRzXC9zaXRlc1wvNTRcLzIwMjVcLzA0XC84LnBuZyIsInNsaWRlc2hvdyI6ImEwZDcxMmUifQ%3D%3D\">\n\t\t\t\t\t<div class=\"e-gallery-image elementor-gallery-item__image\" data-thumbnail=\"https:\/\/www.unavets.com\/garbi\/wp-content\/uploads\/sites\/54\/2025\/04\/8-1024x681.png\" data-width=\"724\" data-height=\"481\" aria-label=\"\" role=\"img\" ><\/div>\n\t\t\t\t\t\t\t\t\t\t\t<div class=\"elementor-gallery-item__overlay\"><\/div>\n\t\t\t\t\t\t\t\t\t\t\t\t\t\t<\/a>\n\t\t\t\t\t\t\t<a class=\"e-gallery-item elementor-gallery-item elementor-animated-content\" href=\"https:\/\/www.unavets.com\/garbi\/wp-content\/uploads\/sites\/54\/2024\/09\/6ACD4D10-9B96-4ABD-9F0D-A95D79EC28CC.jpg\" data-elementor-open-lightbox=\"yes\" data-elementor-lightbox-slideshow=\"a0d712e\" data-elementor-lightbox-title=\"6ACD4D10-9B96-4ABD-9F0D-A95D79EC28CC\" data-e-action-hash=\"#elementor-action%3Aaction%3Dlightbox%26settings%3DeyJpZCI6MTg2ODEsInVybCI6Imh0dHBzOlwvXC93d3cudW5hdmV0cy5jb21cL2dhcmJpXC93cC1jb250ZW50XC91cGxvYWRzXC9zaXRlc1wvNTRcLzIwMjRcLzA5XC82QUNENEQxMC05Qjk2LTRBQkQtOUYwRC1BOTVENzlFQzI4Q0MuanBnIiwic2xpZGVzaG93IjoiYTBkNzEyZSJ9\">\n\t\t\t\t\t<div class=\"e-gallery-image elementor-gallery-item__image\" data-thumbnail=\"https:\/\/www.unavets.com\/garbi\/wp-content\/uploads\/sites\/54\/2024\/09\/6ACD4D10-9B96-4ABD-9F0D-A95D79EC28CC.jpg\" data-width=\"650\" data-height=\"434\" aria-label=\"\" role=\"img\" ><\/div>\n\t\t\t\t\t\t\t\t\t\t\t<div class=\"elementor-gallery-item__overlay\"><\/div>\n\t\t\t\t\t\t\t\t\t\t\t\t\t\t<\/a>\n\t\t\t\t\t<\/div>\n\t\t\t\t\t<\/div>\n\t\t\t\t<\/div>\n\t\t\t\t\t<\/div>\n\t\t<\/div>\n\t\t\t\t\t<\/div>\n\t\t<\/section>\n\t\t\t\t<\/div>\n\t\t","protected":false},"excerpt":{"rendered":"<p>L\u2019Hospital Veterinari Garb\u00ed \u00e9s un centre modern i ben equipat, situat a nom\u00e9s 5 minuts de Matar\u00f3, amb acc\u00e9s f\u00e0cil i aparcament gratu\u00eft per a la teva comoditat. Disposem d\u2019instal\u00b7lacions d\u2019\u00faltima generaci\u00f3 per oferir una atenci\u00f3 veterin\u00e0ria de qualitat. El nostre comprom\u00eds \u00e9s cuidar les teves mascotes amb els millors professionals i tecnologia avan\u00e7ada. 5 &hellip; <\/p>\n","protected":false},"author":6,"featured_media":0,"parent":0,"menu_order":0,"comment_status":"closed","ping_status":"closed","template":"page-fullwidth.php","meta":{"_acf_changed":false,"content-type":"","footnotes":""},"class_list":["post-14430","page","type-page","status-publish","hentry"],"acf":[],"_links":{"self":[{"href":"https:\/\/www.unavets.com\/garbi\/ca\/wp-json\/wp\/v2\/pages\/14430","targetHints":{"allow":["GET"]}}],"collection":[{"href":"https:\/\/www.unavets.com\/garbi\/ca\/wp-json\/wp\/v2\/pages"}],"about":[{"href":"https:\/\/www.unavets.com\/garbi\/ca\/wp-json\/wp\/v2\/types\/page"}],"author":[{"embeddable":true,"href":"https:\/\/www.unavets.com\/garbi\/ca\/wp-json\/wp\/v2\/users\/6"}],"replies":[{"embeddable":true,"href":"https:\/\/www.unavets.com\/garbi\/ca\/wp-json\/wp\/v2\/comments?post=14430"}],"version-history":[{"count":9,"href":"https:\/\/www.unavets.com\/garbi\/ca\/wp-json\/wp\/v2\/pages\/14430\/revisions"}],"predecessor-version":[{"id":20189,"href":"https:\/\/www.unavets.com\/garbi\/ca\/wp-json\/wp\/v2\/pages\/14430\/revisions\/20189"}],"wp:attachment":[{"href":"https:\/\/www.unavets.com\/garbi\/ca\/wp-json\/wp\/v2\/media?parent=14430"}],"curies":[{"name":"wp","href":"https:\/\/api.w.org\/{rel}","templated":true}]}}