{"id":18617,"date":"2022-04-20T09:43:11","date_gmt":"2022-04-20T09:43:11","guid":{"rendered":"https:\/\/www.unavets.com\/etorbidevet\/?page_id=18617"},"modified":"2024-10-29T11:53:54","modified_gmt":"2024-10-29T11:53:54","slug":"clinica-veterinaria-amorebieta","status":"publish","type":"page","link":"https:\/\/www.unavets.com\/etorbidevet\/es\/clinica-veterinaria-amorebieta\/","title":{"rendered":"Cl\u00ednica Veterinaria Etorbide Amorebieta"},"content":{"rendered":"\t\t<div data-elementor-type=\"wp-page\" data-elementor-id=\"18617\" class=\"elementor elementor-18617\" data-elementor-post-type=\"page\">\n\t\t\t\t\t\t<section class=\"elementor-section elementor-top-section elementor-element elementor-element-54cf215 pad-top-0 elementor-section-boxed elementor-section-height-default elementor-section-height-default\" data-id=\"54cf215\" data-element_type=\"section\" data-e-type=\"section\" id=\"main-sec\" data-settings=\"{&quot;background_background&quot;:&quot;classic&quot;}\">\n\t\t\t\t\t\t<div class=\"elementor-container elementor-column-gap-wide\">\n\t\t\t\t\t<div class=\"elementor-column elementor-col-100 elementor-top-column elementor-element elementor-element-d926441\" data-id=\"d926441\" data-element_type=\"column\" data-e-type=\"column\">\n\t\t\t<div class=\"elementor-widget-wrap elementor-element-populated\">\n\t\t\t\t\t\t<div class=\"elementor-element elementor-element-ac5c964 elementor-widget elementor-widget-text-editor\" data-id=\"ac5c964\" data-element_type=\"widget\" data-e-type=\"widget\" data-widget_type=\"text-editor.default\">\n\t\t\t\t<div class=\"elementor-widget-container\">\n\t\t\t\t\t\t\t\t\t<p>Desde el a\u00f1o 2011, nuestra cl\u00ednica ha sido un pilar fundamental de atenci\u00f3n veterinaria en Amorebieta, consolid\u00e1ndonos como referentes indiscutibles en el Valle de Arratia, Duranguesado y Lea-Artibai.<\/p>\t\t\t\t\t\t\t\t<\/div>\n\t\t\t\t<\/div>\n\t\t\t\t<section class=\"elementor-section elementor-inner-section elementor-element elementor-element-98275a1 elementor-section-boxed elementor-section-height-default elementor-section-height-default\" data-id=\"98275a1\" data-element_type=\"section\" data-e-type=\"section\">\n\t\t\t\t\t\t<div class=\"elementor-container elementor-column-gap-default\">\n\t\t\t\t\t<div class=\"elementor-column elementor-col-50 elementor-inner-column elementor-element elementor-element-07b222c\" data-id=\"07b222c\" data-element_type=\"column\" data-e-type=\"column\">\n\t\t\t<div class=\"elementor-widget-wrap elementor-element-populated\">\n\t\t\t\t\t\t<div class=\"elementor-element elementor-element-44b52f4 elementor-widget elementor-widget-image\" data-id=\"44b52f4\" data-element_type=\"widget\" data-e-type=\"widget\" data-widget_type=\"image.default\">\n\t\t\t\t<div class=\"elementor-widget-container\">\n\t\t\t\t\t\t\t\t\t\t\t\t\t\t\t<img fetchpriority=\"high\" width=\"500\" height=\"600\" class=\"attachment-medium_large size-medium_large wp-image-21868 lazy\" alt=\"\" data-src=\"https:\/\/www.unavets.com\/etorbidevet\/wp-content\/uploads\/sites\/45\/2024\/01\/Diseno-sin-titulo-26.png\" data-lazy=\"https:\/\/www.unavets.com\/etorbidevet\/wp-content\/uploads\/sites\/45\/2024\/01\/Diseno-sin-titulo-26.png\" \/>\t\t\t\t\t\t\t\t\t\t\t\t\t\t\t<\/div>\n\t\t\t\t<\/div>\n\t\t\t\t\t<\/div>\n\t\t<\/div>\n\t\t\t\t<div class=\"elementor-column elementor-col-50 elementor-inner-column elementor-element elementor-element-e32254f\" data-id=\"e32254f\" data-element_type=\"column\" data-e-type=\"column\">\n\t\t\t<div class=\"elementor-widget-wrap elementor-element-populated\">\n\t\t\t\t\t\t<div class=\"elementor-element elementor-element-6494dd8 elementor-widget elementor-widget-text-editor\" data-id=\"6494dd8\" data-element_type=\"widget\" data-e-type=\"widget\" data-widget_type=\"text-editor.default\">\n\t\t\t\t<div class=\"elementor-widget-container\">\n\t\t\t\t\t\t\t\t\t<p>Nos enorgullece ofrecer servicios integrales para el cuidado y bienestar de tus mascotas, contando con instalaciones un equipo altamente capacitado para cuidar de tu mascota.<\/p><ul><li><strong>Tienda<\/strong>: Ofrecemos una amplia variedad de productos de alta calidad para el cuidado y alimentaci\u00f3n de tus mascotas.<\/li><li><strong>Recepci\u00f3n:<\/strong> Nuestro personal amable y dedicado est\u00e1 listo para recibirte y brindarte la mejor atenci\u00f3n desde el momento en que entras por la puerta.<\/li><li><strong>Salas de espera y consultas canina y felinas diferenciadas<\/strong>: Un ambiente dise\u00f1ado pensando en la tranquilidad y comodidad de nuestros amigos felinos.<\/li><li><strong>Consulta y Laboratorio:<\/strong> Equipados para realizar evaluaciones exhaustivas y an\u00e1lisis precisos.<\/li><li><strong>RX (Radiolog\u00eda digital)<\/strong>: Utilizamos aparato de rayos RX para obtener im\u00e1genes de alta resoluci\u00f3n y facilitar un diagn\u00f3stico preciso.<\/li><li><strong>Quir\u00f3fano:<\/strong> Un espacio equipardo y dedicado a intervenciones quir\u00fargicas.<\/li><li><strong>Hospital<\/strong>: Para casos que requieran atenci\u00f3n continua, disponemos de un hospital equipado para ofrecer el mejor cuidado a las mascotas.<\/li><li><strong>Peluquer\u00eda:<\/strong> Ofrecemos servicios de peluquer\u00eda para mantener a tus mascotas con un aspecto saludable y cuidado.<\/li><\/ul><p>Horario: Lunes a viernes\u00a010:00\u201313:00h, 16:00\u201320:00h<br \/>S\u00e1bados :10:30\u201313:30h<br \/>Domingos, Cerrado<\/p>\t\t\t\t\t\t\t\t<\/div>\n\t\t\t\t<\/div>\n\t\t\t\t\t<\/div>\n\t\t<\/div>\n\t\t\t\t\t<\/div>\n\t\t<\/section>\n\t\t\t\t<section class=\"elementor-section elementor-inner-section elementor-element elementor-element-cbd28ac elementor-section-boxed elementor-section-height-default elementor-section-height-default\" data-id=\"cbd28ac\" data-element_type=\"section\" data-e-type=\"section\">\n\t\t\t\t\t\t<div class=\"elementor-container elementor-column-gap-default\">\n\t\t\t\t\t<div class=\"elementor-column elementor-col-50 elementor-inner-column elementor-element elementor-element-e54cc90\" data-id=\"e54cc90\" data-element_type=\"column\" data-e-type=\"column\">\n\t\t\t<div class=\"elementor-widget-wrap elementor-element-populated\">\n\t\t\t\t\t\t<div class=\"elementor-element elementor-element-5db3b67 elementor-align-center elementor-widget elementor-widget-button\" data-id=\"5db3b67\" data-element_type=\"widget\" data-e-type=\"widget\" data-widget_type=\"button.default\">\n\t\t\t\t<div class=\"elementor-widget-container\">\n\t\t\t\t\t\t\t\t\t<div class=\"elementor-button-wrapper\">\n\t\t\t\t\t<a class=\"elementor-button elementor-button-link elementor-size-sm\" href=\"http:\/\/www.unavets.com\/etorbidevet\/es\/nuestro-equipo\/\">\n\t\t\t\t\t\t<span class=\"elementor-button-content-wrapper\">\n\t\t\t\t\t\t\t\t\t<span class=\"elementor-button-text\">Nuestro Equipo<\/span>\n\t\t\t\t\t<\/span>\n\t\t\t\t\t<\/a>\n\t\t\t\t<\/div>\n\t\t\t\t\t\t\t\t<\/div>\n\t\t\t\t<\/div>\n\t\t\t\t\t<\/div>\n\t\t<\/div>\n\t\t\t\t<div class=\"elementor-column elementor-col-50 elementor-inner-column elementor-element elementor-element-dc3e6b5\" data-id=\"dc3e6b5\" data-element_type=\"column\" data-e-type=\"column\">\n\t\t\t<div class=\"elementor-widget-wrap elementor-element-populated\">\n\t\t\t\t\t\t<div class=\"elementor-element elementor-element-ebe1efe elementor-align-center elementor-widget elementor-widget-button\" data-id=\"ebe1efe\" data-element_type=\"widget\" data-e-type=\"widget\" data-widget_type=\"button.default\">\n\t\t\t\t<div class=\"elementor-widget-container\">\n\t\t\t\t\t\t\t\t\t<div class=\"elementor-button-wrapper\">\n\t\t\t\t\t<a class=\"elementor-button elementor-button-link elementor-size-sm\" href=\"http:\/\/www.unavets.com\/etorbidevet\/es\/servicios\/\">\n\t\t\t\t\t\t<span class=\"elementor-button-content-wrapper\">\n\t\t\t\t\t\t\t\t\t<span class=\"elementor-button-text\">Servicios<\/span>\n\t\t\t\t\t<\/span>\n\t\t\t\t\t<\/a>\n\t\t\t\t<\/div>\n\t\t\t\t\t\t\t\t<\/div>\n\t\t\t\t<\/div>\n\t\t\t\t\t<\/div>\n\t\t<\/div>\n\t\t\t\t\t<\/div>\n\t\t<\/section>\n\t\t\t\t\t<\/div>\n\t\t<\/div>\n\t\t\t\t\t<\/div>\n\t\t<\/section>\n\t\t\t\t<section class=\"elementor-section elementor-top-section elementor-element elementor-element-c64bf4c elementor-section-boxed elementor-section-height-default elementor-section-height-default\" data-id=\"c64bf4c\" data-element_type=\"section\" data-e-type=\"section\">\n\t\t\t\t\t\t<div class=\"elementor-container elementor-column-gap-default\">\n\t\t\t\t\t<div class=\"elementor-column elementor-col-100 elementor-top-column elementor-element elementor-element-46ea748\" data-id=\"46ea748\" data-element_type=\"column\" data-e-type=\"column\">\n\t\t\t<div class=\"elementor-widget-wrap elementor-element-populated\">\n\t\t\t\t\t\t<div class=\"elementor-element elementor-element-ad3e405 elementor-widget elementor-widget-gallery\" data-id=\"ad3e405\" data-element_type=\"widget\" data-e-type=\"widget\" data-settings=\"{&quot;columns&quot;:&quot;3&quot;,&quot;aspect_ratio&quot;:&quot;1:1&quot;,&quot;lazyload&quot;:&quot;yes&quot;,&quot;gallery_layout&quot;:&quot;grid&quot;,&quot;columns_tablet&quot;:2,&quot;columns_mobile&quot;:1,&quot;gap&quot;:{&quot;unit&quot;:&quot;px&quot;,&quot;size&quot;:10,&quot;sizes&quot;:[]},&quot;gap_tablet&quot;:{&quot;unit&quot;:&quot;px&quot;,&quot;size&quot;:10,&quot;sizes&quot;:[]},&quot;gap_mobile&quot;:{&quot;unit&quot;:&quot;px&quot;,&quot;size&quot;:10,&quot;sizes&quot;:[]},&quot;link_to&quot;:&quot;file&quot;,&quot;overlay_background&quot;:&quot;yes&quot;,&quot;content_hover_animation&quot;:&quot;fade-in&quot;}\" data-widget_type=\"gallery.default\">\n\t\t\t\t<div class=\"elementor-widget-container\">\n\t\t\t\t\t\t\t<div class=\"elementor-gallery__container\">\n\t\t\t\t\t\t\t<a class=\"e-gallery-item elementor-gallery-item elementor-animated-content\" href=\"https:\/\/www.unavets.com\/etorbidevet\/wp-content\/uploads\/sites\/45\/2023\/12\/Unavets-Amorebieta-28.jpg\" data-elementor-open-lightbox=\"yes\" data-elementor-lightbox-slideshow=\"ad3e405\" data-elementor-lightbox-title=\"Unavets Amorebieta - 28\" data-e-action-hash=\"#elementor-action%3Aaction%3Dlightbox%26settings%3DeyJpZCI6MjEzMDUsInVybCI6Imh0dHBzOlwvXC93d3cudW5hdmV0cy5jb21cL2V0b3JiaWRldmV0XC93cC1jb250ZW50XC91cGxvYWRzXC9zaXRlc1wvNDVcLzIwMjNcLzEyXC9VbmF2ZXRzLUFtb3JlYmlldGEtMjguanBnIiwic2xpZGVzaG93IjoiYWQzZTQwNSJ9\">\n\t\t\t\t\t<div class=\"e-gallery-image elementor-gallery-item__image\" data-thumbnail=\"https:\/\/www.unavets.com\/etorbidevet\/wp-content\/uploads\/sites\/45\/2023\/12\/Unavets-Amorebieta-28.jpg\" data-width=\"724\" data-height=\"483\" aria-label=\"\" role=\"img\" ><\/div>\n\t\t\t\t\t\t\t\t\t\t\t<div class=\"elementor-gallery-item__overlay\"><\/div>\n\t\t\t\t\t\t\t\t\t\t\t\t\t\t<\/a>\n\t\t\t\t\t\t\t<a class=\"e-gallery-item elementor-gallery-item elementor-animated-content\" href=\"https:\/\/www.unavets.com\/etorbidevet\/wp-content\/uploads\/sites\/45\/2023\/12\/Unavets-Amorebieta-19.jpg\" data-elementor-open-lightbox=\"yes\" data-elementor-lightbox-slideshow=\"ad3e405\" data-elementor-lightbox-title=\"Unavets Amorebieta - 19\" data-e-action-hash=\"#elementor-action%3Aaction%3Dlightbox%26settings%3DeyJpZCI6MjEzMDcsInVybCI6Imh0dHBzOlwvXC93d3cudW5hdmV0cy5jb21cL2V0b3JiaWRldmV0XC93cC1jb250ZW50XC91cGxvYWRzXC9zaXRlc1wvNDVcLzIwMjNcLzEyXC9VbmF2ZXRzLUFtb3JlYmlldGEtMTkuanBnIiwic2xpZGVzaG93IjoiYWQzZTQwNSJ9\">\n\t\t\t\t\t<div class=\"e-gallery-image elementor-gallery-item__image\" data-thumbnail=\"https:\/\/www.unavets.com\/etorbidevet\/wp-content\/uploads\/sites\/45\/2023\/12\/Unavets-Amorebieta-19-683x1024.jpg\" data-width=\"683\" data-height=\"1024\" aria-label=\"\" role=\"img\" ><\/div>\n\t\t\t\t\t\t\t\t\t\t\t<div class=\"elementor-gallery-item__overlay\"><\/div>\n\t\t\t\t\t\t\t\t\t\t\t\t\t\t<\/a>\n\t\t\t\t\t\t\t<a class=\"e-gallery-item elementor-gallery-item elementor-animated-content\" href=\"https:\/\/www.unavets.com\/etorbidevet\/wp-content\/uploads\/sites\/45\/2023\/12\/Unavets-Amorebieta-16.jpg\" data-elementor-open-lightbox=\"yes\" data-elementor-lightbox-slideshow=\"ad3e405\" data-elementor-lightbox-title=\"Unavets Amorebieta - 16\" data-e-action-hash=\"#elementor-action%3Aaction%3Dlightbox%26settings%3DeyJpZCI6MjEzMDksInVybCI6Imh0dHBzOlwvXC93d3cudW5hdmV0cy5jb21cL2V0b3JiaWRldmV0XC93cC1jb250ZW50XC91cGxvYWRzXC9zaXRlc1wvNDVcLzIwMjNcLzEyXC9VbmF2ZXRzLUFtb3JlYmlldGEtMTYuanBnIiwic2xpZGVzaG93IjoiYWQzZTQwNSJ9\">\n\t\t\t\t\t<div class=\"e-gallery-image elementor-gallery-item__image\" data-thumbnail=\"https:\/\/www.unavets.com\/etorbidevet\/wp-content\/uploads\/sites\/45\/2023\/12\/Unavets-Amorebieta-16.jpg\" data-width=\"724\" data-height=\"905\" aria-label=\"\" role=\"img\" ><\/div>\n\t\t\t\t\t\t\t\t\t\t\t<div class=\"elementor-gallery-item__overlay\"><\/div>\n\t\t\t\t\t\t\t\t\t\t\t\t\t\t<\/a>\n\t\t\t\t\t\t\t<a class=\"e-gallery-item elementor-gallery-item elementor-animated-content\" href=\"https:\/\/www.unavets.com\/etorbidevet\/wp-content\/uploads\/sites\/45\/2023\/12\/Amorebieta-11.jpg\" data-elementor-open-lightbox=\"yes\" data-elementor-lightbox-slideshow=\"ad3e405\" data-elementor-lightbox-title=\"Amorebieta 11\" data-e-action-hash=\"#elementor-action%3Aaction%3Dlightbox%26settings%3DeyJpZCI6MjEzNjQsInVybCI6Imh0dHBzOlwvXC93d3cudW5hdmV0cy5jb21cL2V0b3JiaWRldmV0XC93cC1jb250ZW50XC91cGxvYWRzXC9zaXRlc1wvNDVcLzIwMjNcLzEyXC9BbW9yZWJpZXRhLTExLmpwZyIsInNsaWRlc2hvdyI6ImFkM2U0MDUifQ%3D%3D\">\n\t\t\t\t\t<div class=\"e-gallery-image elementor-gallery-item__image\" data-thumbnail=\"https:\/\/www.unavets.com\/etorbidevet\/wp-content\/uploads\/sites\/45\/2023\/12\/Amorebieta-11.jpg\" data-width=\"724\" data-height=\"483\" aria-label=\"\" role=\"img\" ><\/div>\n\t\t\t\t\t\t\t\t\t\t\t<div class=\"elementor-gallery-item__overlay\"><\/div>\n\t\t\t\t\t\t\t\t\t\t\t\t\t\t<\/a>\n\t\t\t\t\t\t\t<a class=\"e-gallery-item elementor-gallery-item elementor-animated-content\" href=\"https:\/\/www.unavets.com\/etorbidevet\/wp-content\/uploads\/sites\/45\/2023\/12\/Amorebieta-9.jpg\" data-elementor-open-lightbox=\"yes\" data-elementor-lightbox-slideshow=\"ad3e405\" data-elementor-lightbox-title=\"Amorebieta 9\" data-e-action-hash=\"#elementor-action%3Aaction%3Dlightbox%26settings%3DeyJpZCI6MjEzNjgsInVybCI6Imh0dHBzOlwvXC93d3cudW5hdmV0cy5jb21cL2V0b3JiaWRldmV0XC93cC1jb250ZW50XC91cGxvYWRzXC9zaXRlc1wvNDVcLzIwMjNcLzEyXC9BbW9yZWJpZXRhLTkuanBnIiwic2xpZGVzaG93IjoiYWQzZTQwNSJ9\">\n\t\t\t\t\t<div class=\"e-gallery-image elementor-gallery-item__image\" data-thumbnail=\"https:\/\/www.unavets.com\/etorbidevet\/wp-content\/uploads\/sites\/45\/2023\/12\/Amorebieta-9.jpg\" data-width=\"724\" data-height=\"483\" aria-label=\"\" role=\"img\" ><\/div>\n\t\t\t\t\t\t\t\t\t\t\t<div class=\"elementor-gallery-item__overlay\"><\/div>\n\t\t\t\t\t\t\t\t\t\t\t\t\t\t<\/a>\n\t\t\t\t\t\t\t<a class=\"e-gallery-item elementor-gallery-item elementor-animated-content\" href=\"https:\/\/www.unavets.com\/etorbidevet\/wp-content\/uploads\/sites\/45\/2023\/12\/quienes-somos-etorbide-e1702381806984.png\" data-elementor-open-lightbox=\"yes\" data-elementor-lightbox-slideshow=\"ad3e405\" data-elementor-lightbox-title=\"quienes somos etorbide\" data-e-action-hash=\"#elementor-action%3Aaction%3Dlightbox%26settings%3DeyJpZCI6MjEzNTUsInVybCI6Imh0dHBzOlwvXC93d3cudW5hdmV0cy5jb21cL2V0b3JiaWRldmV0XC93cC1jb250ZW50XC91cGxvYWRzXC9zaXRlc1wvNDVcLzIwMjNcLzEyXC9xdWllbmVzLXNvbW9zLWV0b3JiaWRlLWUxNzAyMzgxODA2OTg0LnBuZyIsInNsaWRlc2hvdyI6ImFkM2U0MDUifQ%3D%3D\">\n\t\t\t\t\t<div class=\"e-gallery-image elementor-gallery-item__image\" data-thumbnail=\"https:\/\/www.unavets.com\/etorbidevet\/wp-content\/uploads\/sites\/45\/2023\/12\/quienes-somos-etorbide-e1702381806984-798x1024.png\" data-width=\"724\" data-height=\"929\" aria-label=\"\" role=\"img\" ><\/div>\n\t\t\t\t\t\t\t\t\t\t\t<div class=\"elementor-gallery-item__overlay\"><\/div>\n\t\t\t\t\t\t\t\t\t\t\t\t\t\t<\/a>\n\t\t\t\t\t<\/div>\n\t\t\t\t\t<\/div>\n\t\t\t\t<\/div>\n\t\t\t\t\t<\/div>\n\t\t<\/div>\n\t\t\t\t\t<\/div>\n\t\t<\/section>\n\t\t\t\t<\/div>\n\t\t","protected":false},"excerpt":{"rendered":"<p>Desde el a\u00f1o 2011, nuestra cl\u00ednica ha sido un pilar fundamental de atenci\u00f3n veterinaria en Amorebieta, consolid\u00e1ndonos como referentes indiscutibles en el Valle de Arratia, Duranguesado y Lea-Artibai. Nos enorgullece ofrecer servicios integrales para el cuidado y bienestar de tus mascotas, contando con instalaciones un equipo altamente capacitado para cuidar de tu mascota. Tienda: Ofrecemos &hellip; <\/p>\n","protected":false},"author":8,"featured_media":0,"parent":0,"menu_order":0,"comment_status":"closed","ping_status":"closed","template":"page-fullwidth.php","meta":{"_acf_changed":false,"content-type":"","footnotes":""},"class_list":["post-18617","page","type-page","status-publish","hentry"],"acf":[],"_links":{"self":[{"href":"https:\/\/www.unavets.com\/etorbidevet\/es\/wp-json\/wp\/v2\/pages\/18617","targetHints":{"allow":["GET"]}}],"collection":[{"href":"https:\/\/www.unavets.com\/etorbidevet\/es\/wp-json\/wp\/v2\/pages"}],"about":[{"href":"https:\/\/www.unavets.com\/etorbidevet\/es\/wp-json\/wp\/v2\/types\/page"}],"author":[{"embeddable":true,"href":"https:\/\/www.unavets.com\/etorbidevet\/es\/wp-json\/wp\/v2\/users\/8"}],"replies":[{"embeddable":true,"href":"https:\/\/www.unavets.com\/etorbidevet\/es\/wp-json\/wp\/v2\/comments?post=18617"}],"version-history":[{"count":65,"href":"https:\/\/www.unavets.com\/etorbidevet\/es\/wp-json\/wp\/v2\/pages\/18617\/revisions"}],"predecessor-version":[{"id":22890,"href":"https:\/\/www.unavets.com\/etorbidevet\/es\/wp-json\/wp\/v2\/pages\/18617\/revisions\/22890"}],"wp:attachment":[{"href":"https:\/\/www.unavets.com\/etorbidevet\/es\/wp-json\/wp\/v2\/media?parent=18617"}],"curies":[{"name":"wp","href":"https:\/\/api.w.org\/{rel}","templated":true}]}}