{"id":17815,"date":"2022-03-14T14:39:57","date_gmt":"2022-03-14T14:39:57","guid":{"rendered":"https:\/\/www.unavets.com\/etorbidevet\/?page_id=17815"},"modified":"2024-07-22T11:58:15","modified_gmt":"2024-07-22T11:58:15","slug":"centros","status":"publish","type":"page","link":"https:\/\/www.unavets.com\/etorbidevet\/es\/centros\/","title":{"rendered":"Centros"},"content":{"rendered":"\t\t<div data-elementor-type=\"wp-page\" data-elementor-id=\"17815\" class=\"elementor elementor-17815 elementor-17536\" data-elementor-post-type=\"page\">\n\t\t\t\t\t\t<section class=\"elementor-section elementor-top-section elementor-element elementor-element-48e1958 elementor-section-boxed elementor-section-height-default elementor-section-height-default\" data-id=\"48e1958\" data-element_type=\"section\" data-e-type=\"section\">\n\t\t\t\t\t\t<div class=\"elementor-container elementor-column-gap-default\">\n\t\t\t\t\t<div class=\"elementor-column elementor-col-100 elementor-top-column elementor-element elementor-element-2ab2d8e\" data-id=\"2ab2d8e\" data-element_type=\"column\" data-e-type=\"column\">\n\t\t\t<div class=\"elementor-widget-wrap elementor-element-populated\">\n\t\t\t\t\t\t<div class=\"elementor-element elementor-element-1a6cd4c elementor-widget elementor-widget-heading\" data-id=\"1a6cd4c\" data-element_type=\"widget\" data-e-type=\"widget\" data-widget_type=\"heading.default\">\n\t\t\t\t<div class=\"elementor-widget-container\">\n\t\t\t\t\t<h1 class=\"elementor-heading-title elementor-size-xl\">Nuestras Cl\u00ednicas Veterinarias en Bizkaia<\/h1>\t\t\t\t<\/div>\n\t\t\t\t<\/div>\n\t\t\t\t\t<\/div>\n\t\t<\/div>\n\t\t\t\t\t<\/div>\n\t\t<\/section>\n\t\t\t\t<section class=\"elementor-section elementor-top-section elementor-element elementor-element-35dec08 elementor-section-boxed elementor-section-height-default elementor-section-height-default\" data-id=\"35dec08\" data-element_type=\"section\" data-e-type=\"section\">\n\t\t\t\t\t\t<div class=\"elementor-container elementor-column-gap-default\">\n\t\t\t\t\t<div class=\"elementor-column elementor-col-100 elementor-top-column elementor-element elementor-element-f49333a\" data-id=\"f49333a\" data-element_type=\"column\" data-e-type=\"column\">\n\t\t\t<div class=\"elementor-widget-wrap elementor-element-populated\">\n\t\t\t\t\t\t<div class=\"elementor-element elementor-element-5b7de58 elementor-widget elementor-widget-text-editor\" data-id=\"5b7de58\" data-element_type=\"widget\" data-e-type=\"widget\" data-widget_type=\"text-editor.default\">\n\t\t\t\t<div class=\"elementor-widget-container\">\n\t\t\t\t\t\t\t\t\t<p>Centros veterinarios con m\u00e1s\u00a0 de 25 a\u00f1os de experiencia situados en Durango y Amorebieta. Nos dedicamos a la prestaci\u00f3n de un servicio integral en los \u00e1mbitos de los cuidados cl\u00ednicos veterinarios y asesoramiento, la venta de complementos y alimentaci\u00f3n y la peluquer\u00eda de animales de compa\u00f1\u00eda\u201d<\/p>\t\t\t\t\t\t\t\t<\/div>\n\t\t\t\t<\/div>\n\t\t\t\t\t<\/div>\n\t\t<\/div>\n\t\t\t\t\t<\/div>\n\t\t<\/section>\n\t\t\t\t<section class=\"elementor-section elementor-top-section elementor-element elementor-element-51503a4 elementor-section-boxed elementor-section-height-default elementor-section-height-default\" data-id=\"51503a4\" data-element_type=\"section\" data-e-type=\"section\" data-settings=\"{&quot;background_background&quot;:&quot;gradient&quot;}\">\n\t\t\t\t\t\t<div class=\"elementor-container elementor-column-gap-default\">\n\t\t\t\t\t<div class=\"elementor-column elementor-col-33 elementor-top-column elementor-element elementor-element-9663684\" data-id=\"9663684\" data-element_type=\"column\" data-e-type=\"column\">\n\t\t\t<div class=\"elementor-widget-wrap elementor-element-populated\">\n\t\t\t\t\t\t<div class=\"elementor-element elementor-element-809eaf6 elementor-widget elementor-widget-image\" data-id=\"809eaf6\" data-element_type=\"widget\" data-e-type=\"widget\" data-widget_type=\"image.default\">\n\t\t\t\t<div class=\"elementor-widget-container\">\n\t\t\t\t\t\t\t\t\t\t\t\t\t\t\t\t<a href=\"https:\/\/www.unavets.com\/etorbidevet\/es\/clinica-veterinaria-durango\/\">\n\t\t\t\t\t\t\t<img width=\"217\" height=\"83\" class=\"attachment-large size-large wp-image-21205 lazy\" alt=\"\" data-src=\"https:\/\/www.unavets.com\/etorbidevet\/wp-content\/uploads\/sites\/45\/2023\/12\/durango.png\" data-lazy=\"https:\/\/www.unavets.com\/etorbidevet\/wp-content\/uploads\/sites\/45\/2023\/12\/durango.png\" \/>\t\t\t\t\t\t\t\t<\/a>\n\t\t\t\t\t\t\t\t\t\t\t\t\t\t\t<\/div>\n\t\t\t\t<\/div>\n\t\t\t\t<div class=\"elementor-element elementor-element-8df444a elementor-widget elementor-widget-image\" data-id=\"8df444a\" data-element_type=\"widget\" data-e-type=\"widget\" data-widget_type=\"image.default\">\n\t\t\t\t<div class=\"elementor-widget-container\">\n\t\t\t\t\t\t\t\t\t\t\t\t\t\t\t\t<a href=\"https:\/\/www.unavets.com\/etorbidevet\/es\/clinica-veterinaria-durango\/\">\n\t\t\t\t\t\t\t<img width=\"150\" height=\"150\" class=\"attachment-thumbnail size-thumbnail wp-image-21178 lazy\" alt=\"\" data-src=\"https:\/\/www.unavets.com\/etorbidevet\/wp-content\/uploads\/sites\/45\/2023\/12\/logo-a-media-lua-7-150x150.png\" data-lazy=\"https:\/\/www.unavets.com\/etorbidevet\/wp-content\/uploads\/sites\/45\/2023\/12\/logo-a-media-lua-7-150x150.png\" \/>\t\t\t\t\t\t\t\t<\/a>\n\t\t\t\t\t\t\t\t\t\t\t\t\t\t\t<\/div>\n\t\t\t\t<\/div>\n\t\t\t\t\t<\/div>\n\t\t<\/div>\n\t\t\t\t<div class=\"elementor-column elementor-col-33 elementor-top-column elementor-element elementor-element-b4ea74e\" data-id=\"b4ea74e\" data-element_type=\"column\" data-e-type=\"column\">\n\t\t\t<div class=\"elementor-widget-wrap elementor-element-populated\">\n\t\t\t\t\t\t<div class=\"elementor-element elementor-element-5dece75 elementor-widget elementor-widget-text-editor\" data-id=\"5dece75\" data-element_type=\"widget\" data-e-type=\"widget\" data-widget_type=\"text-editor.default\">\n\t\t\t\t<div class=\"elementor-widget-container\">\n\t\t\t\t\t\t\t\t\t<p><strong>Cl\u00ednica Veterinaria Durango<\/strong><\/p><p><a href=\"https:\/\/maps.app.goo.gl\/GsoUJfSM8psQRqdWA\" target=\"_blank\" rel=\"noopener\">Askatasun Etorb., 21, 48200 Durango, Bizkaia<\/a><\/p><p><a href=\"tel:+34946201742\">946 201 742<\/a><\/p><p><strong><a href=\"mailto:info.ensanche@unavets.com\">info.durango@unavets.com<\/a><\/strong><\/p><p>Horario:<\/p><ul><li>De Lunes a Viernes<br \/>9:00 a 20:00h<\/li><li>S\u00e1bados: 10:30 a 13:30<\/li><li>Domingo, Cerrado<\/li><\/ul>\t\t\t\t\t\t\t\t<\/div>\n\t\t\t\t<\/div>\n\t\t\t\t\t<\/div>\n\t\t<\/div>\n\t\t\t\t<div class=\"elementor-column elementor-col-33 elementor-top-column elementor-element elementor-element-1105935\" data-id=\"1105935\" data-element_type=\"column\" data-e-type=\"column\">\n\t\t\t<div class=\"elementor-widget-wrap elementor-element-populated\">\n\t\t\t\t\t\t<div class=\"elementor-element elementor-element-5af45ad elementor-arrows-position-inside elementor-pagination-position-outside elementor-widget elementor-widget-image-carousel\" data-id=\"5af45ad\" data-element_type=\"widget\" data-e-type=\"widget\" data-settings=\"{&quot;slides_to_show&quot;:&quot;1&quot;,&quot;navigation&quot;:&quot;both&quot;,&quot;autoplay&quot;:&quot;yes&quot;,&quot;pause_on_hover&quot;:&quot;yes&quot;,&quot;pause_on_interaction&quot;:&quot;yes&quot;,&quot;autoplay_speed&quot;:5000,&quot;infinite&quot;:&quot;yes&quot;,&quot;effect&quot;:&quot;slide&quot;,&quot;speed&quot;:500}\" data-widget_type=\"image-carousel.default\">\n\t\t\t\t<div class=\"elementor-widget-container\">\n\t\t\t\t\t\t\t<div class=\"elementor-image-carousel-wrapper swiper\" role=\"region\" aria-roledescription=\"carousel\" aria-label=\"Carrusel de im\u00e1genes\" dir=\"ltr\">\n\t\t\t<div class=\"elementor-image-carousel swiper-wrapper\" aria-live=\"off\">\n\t\t\t\t\t\t\t\t<div class=\"swiper-slide\" role=\"group\" aria-roledescription=\"slide\" aria-label=\"1 de 7\"><figure class=\"swiper-slide-inner\"><img decoding=\"async\" class=\"swiper-slide-image\" src=\"https:\/\/www.unavets.com\/etorbidevet\/wp-content\/uploads\/sites\/45\/2023\/12\/Durango-7-300x200.jpg\" alt=\"Durango 7\" \/><\/figure><\/div><div class=\"swiper-slide\" role=\"group\" aria-roledescription=\"slide\" aria-label=\"2 de 7\"><figure class=\"swiper-slide-inner\"><img decoding=\"async\" class=\"swiper-slide-image\" src=\"https:\/\/www.unavets.com\/etorbidevet\/wp-content\/uploads\/sites\/45\/2023\/12\/Durango-6-300x200.jpg\" alt=\"Durango 6\" \/><\/figure><\/div><div class=\"swiper-slide\" role=\"group\" aria-roledescription=\"slide\" aria-label=\"3 de 7\"><figure class=\"swiper-slide-inner\"><img decoding=\"async\" class=\"swiper-slide-image\" src=\"https:\/\/www.unavets.com\/etorbidevet\/wp-content\/uploads\/sites\/45\/2023\/12\/Durango-5-300x200.jpg\" alt=\"Durango 5\" \/><\/figure><\/div><div class=\"swiper-slide\" role=\"group\" aria-roledescription=\"slide\" aria-label=\"4 de 7\"><figure class=\"swiper-slide-inner\"><img decoding=\"async\" class=\"swiper-slide-image\" src=\"https:\/\/www.unavets.com\/etorbidevet\/wp-content\/uploads\/sites\/45\/2023\/12\/Durango-4-200x300.jpg\" alt=\"Durango 4\" \/><\/figure><\/div><div class=\"swiper-slide\" role=\"group\" aria-roledescription=\"slide\" aria-label=\"5 de 7\"><figure class=\"swiper-slide-inner\"><img decoding=\"async\" class=\"swiper-slide-image\" src=\"https:\/\/www.unavets.com\/etorbidevet\/wp-content\/uploads\/sites\/45\/2023\/12\/Durango-3-300x200.jpg\" alt=\"Durango 3\" \/><\/figure><\/div><div class=\"swiper-slide\" role=\"group\" aria-roledescription=\"slide\" aria-label=\"6 de 7\"><figure class=\"swiper-slide-inner\"><img decoding=\"async\" class=\"swiper-slide-image\" src=\"https:\/\/www.unavets.com\/etorbidevet\/wp-content\/uploads\/sites\/45\/2023\/12\/Durango-2-200x300.jpg\" alt=\"Durango 2\" \/><\/figure><\/div><div class=\"swiper-slide\" role=\"group\" aria-roledescription=\"slide\" aria-label=\"7 de 7\"><figure class=\"swiper-slide-inner\"><img decoding=\"async\" class=\"swiper-slide-image\" src=\"https:\/\/www.unavets.com\/etorbidevet\/wp-content\/uploads\/sites\/45\/2023\/12\/Durango-1-300x200.jpg\" alt=\"Durango 1\" \/><\/figure><\/div>\t\t\t<\/div>\n\t\t\t\t\t\t\t\t\t\t\t\t<div class=\"elementor-swiper-button elementor-swiper-button-prev\" role=\"button\" tabindex=\"0\">\n\t\t\t\t\t\t<i aria-hidden=\"true\" class=\"eicon-chevron-left\"><\/i>\t\t\t\t\t<\/div>\n\t\t\t\t\t<div class=\"elementor-swiper-button elementor-swiper-button-next\" role=\"button\" tabindex=\"0\">\n\t\t\t\t\t\t<i aria-hidden=\"true\" class=\"eicon-chevron-right\"><\/i>\t\t\t\t\t<\/div>\n\t\t\t\t\n\t\t\t\t\t\t\t\t\t<div class=\"swiper-pagination\"><\/div>\n\t\t\t\t\t\t\t\t\t<\/div>\n\t\t\t\t\t\t<\/div>\n\t\t\t\t<\/div>\n\t\t\t\t\t<\/div>\n\t\t<\/div>\n\t\t\t\t\t<\/div>\n\t\t<\/section>\n\t\t\t\t<section class=\"elementor-section elementor-top-section elementor-element elementor-element-4fe4ae1 elementor-section-boxed elementor-section-height-default elementor-section-height-default\" data-id=\"4fe4ae1\" data-element_type=\"section\" data-e-type=\"section\">\n\t\t\t\t\t\t<div class=\"elementor-container elementor-column-gap-default\">\n\t\t\t\t\t<div class=\"elementor-column elementor-col-100 elementor-top-column elementor-element elementor-element-49d919b\" data-id=\"49d919b\" data-element_type=\"column\" data-e-type=\"column\">\n\t\t\t<div class=\"elementor-widget-wrap elementor-element-populated\">\n\t\t\t\t\t\t<div class=\"elementor-element elementor-element-ea74a98 elementor-widget-divider--view-line elementor-widget elementor-widget-divider\" data-id=\"ea74a98\" data-element_type=\"widget\" data-e-type=\"widget\" data-widget_type=\"divider.default\">\n\t\t\t\t<div class=\"elementor-widget-container\">\n\t\t\t\t\t\t\t<div class=\"elementor-divider\">\n\t\t\t<span class=\"elementor-divider-separator\">\n\t\t\t\t\t\t<\/span>\n\t\t<\/div>\n\t\t\t\t\t\t<\/div>\n\t\t\t\t<\/div>\n\t\t\t\t\t<\/div>\n\t\t<\/div>\n\t\t\t\t\t<\/div>\n\t\t<\/section>\n\t\t\t\t<section class=\"elementor-section elementor-top-section elementor-element elementor-element-b65890b elementor-section-boxed elementor-section-height-default elementor-section-height-default\" data-id=\"b65890b\" data-element_type=\"section\" data-e-type=\"section\" data-settings=\"{&quot;background_background&quot;:&quot;gradient&quot;}\">\n\t\t\t\t\t\t<div class=\"elementor-container elementor-column-gap-default\">\n\t\t\t\t\t<div class=\"elementor-column elementor-col-33 elementor-top-column elementor-element elementor-element-e5436d1\" data-id=\"e5436d1\" data-element_type=\"column\" data-e-type=\"column\">\n\t\t\t<div class=\"elementor-widget-wrap elementor-element-populated\">\n\t\t\t\t\t\t<div class=\"elementor-element elementor-element-38c9874 elementor-widget elementor-widget-image\" data-id=\"38c9874\" data-element_type=\"widget\" data-e-type=\"widget\" data-widget_type=\"image.default\">\n\t\t\t\t<div class=\"elementor-widget-container\">\n\t\t\t\t\t\t\t\t\t\t\t\t\t\t\t\t<a href=\"https:\/\/www.unavets.com\/etorbidevet\/es\/clinica-veterinaria-amorebieta\/\">\n\t\t\t\t\t\t\t<img width=\"313\" height=\"62\" class=\"attachment-large size-large wp-image-21208 lazy\" alt=\"\" data-src=\"https:\/\/www.unavets.com\/etorbidevet\/wp-content\/uploads\/sites\/45\/2023\/12\/amorebieta.png\" data-lazy=\"https:\/\/www.unavets.com\/etorbidevet\/wp-content\/uploads\/sites\/45\/2023\/12\/amorebieta.png\" \/>\t\t\t\t\t\t\t\t<\/a>\n\t\t\t\t\t\t\t\t\t\t\t\t\t\t\t<\/div>\n\t\t\t\t<\/div>\n\t\t\t\t<div class=\"elementor-element elementor-element-3d4a098 elementor-widget elementor-widget-image\" data-id=\"3d4a098\" data-element_type=\"widget\" data-e-type=\"widget\" data-widget_type=\"image.default\">\n\t\t\t\t<div class=\"elementor-widget-container\">\n\t\t\t\t\t\t\t\t\t\t\t\t\t\t\t\t<a href=\"https:\/\/www.unavets.com\/etorbidevet\/es\/clinica-veterinaria-amorebieta\/\">\n\t\t\t\t\t\t\t<img width=\"150\" height=\"150\" class=\"attachment-thumbnail size-thumbnail wp-image-21178 lazy\" alt=\"\" data-src=\"https:\/\/www.unavets.com\/etorbidevet\/wp-content\/uploads\/sites\/45\/2023\/12\/logo-a-media-lua-7-150x150.png\" data-lazy=\"https:\/\/www.unavets.com\/etorbidevet\/wp-content\/uploads\/sites\/45\/2023\/12\/logo-a-media-lua-7-150x150.png\" \/>\t\t\t\t\t\t\t\t<\/a>\n\t\t\t\t\t\t\t\t\t\t\t\t\t\t\t<\/div>\n\t\t\t\t<\/div>\n\t\t\t\t\t<\/div>\n\t\t<\/div>\n\t\t\t\t<div class=\"elementor-column elementor-col-33 elementor-top-column elementor-element elementor-element-3530c15\" data-id=\"3530c15\" data-element_type=\"column\" data-e-type=\"column\">\n\t\t\t<div class=\"elementor-widget-wrap elementor-element-populated\">\n\t\t\t\t\t\t<div class=\"elementor-element elementor-element-39e9235 elementor-widget elementor-widget-text-editor\" data-id=\"39e9235\" data-element_type=\"widget\" data-e-type=\"widget\" data-widget_type=\"text-editor.default\">\n\t\t\t\t<div class=\"elementor-widget-container\">\n\t\t\t\t\t\t\t\t\t<p><strong>Cl\u00ednica Veterinaria Amorebieta<\/strong><\/p><p><a href=\"https:\/\/maps.app.goo.gl\/r3dMSBvkPiTBFuVC9\" target=\"_blank\" rel=\"noopener\">Gregorio Mendibil Kalea, 7, 48340 Amorebieta-Etxano, Bizkaia<\/a><\/p><p><a href=\"tel:+34946731676\">946 731 676<\/a><\/p><p><a href=\"mailto:info.etorbide@unavets.com\">info.amorebieta@unavets.com<\/a><\/p><p>Horario:<\/p><ul><li>De Lunes a Viernes: 10:00\u201313:00, 16:00\u201320:00<\/li><li>S\u00e1bados :10:30\u201313:30<\/li><li>Domingo, Cerrado<\/li><\/ul>\t\t\t\t\t\t\t\t<\/div>\n\t\t\t\t<\/div>\n\t\t\t\t\t<\/div>\n\t\t<\/div>\n\t\t\t\t<div class=\"elementor-column elementor-col-33 elementor-top-column elementor-element elementor-element-b696777\" data-id=\"b696777\" data-element_type=\"column\" data-e-type=\"column\">\n\t\t\t<div class=\"elementor-widget-wrap elementor-element-populated\">\n\t\t\t\t\t\t<div class=\"elementor-element elementor-element-8873151 elementor-arrows-position-inside elementor-pagination-position-outside elementor-widget elementor-widget-image-carousel\" data-id=\"8873151\" data-element_type=\"widget\" data-e-type=\"widget\" data-settings=\"{&quot;slides_to_show&quot;:&quot;1&quot;,&quot;navigation&quot;:&quot;both&quot;,&quot;autoplay&quot;:&quot;yes&quot;,&quot;pause_on_hover&quot;:&quot;yes&quot;,&quot;pause_on_interaction&quot;:&quot;yes&quot;,&quot;autoplay_speed&quot;:5000,&quot;infinite&quot;:&quot;yes&quot;,&quot;effect&quot;:&quot;slide&quot;,&quot;speed&quot;:500}\" data-widget_type=\"image-carousel.default\">\n\t\t\t\t<div class=\"elementor-widget-container\">\n\t\t\t\t\t\t\t<div class=\"elementor-image-carousel-wrapper swiper\" role=\"region\" aria-roledescription=\"carousel\" aria-label=\"Carrusel de im\u00e1genes\" dir=\"ltr\">\n\t\t\t<div class=\"elementor-image-carousel swiper-wrapper\" aria-live=\"off\">\n\t\t\t\t\t\t\t\t<div class=\"swiper-slide\" role=\"group\" aria-roledescription=\"slide\" aria-label=\"1 de 12\"><figure class=\"swiper-slide-inner\"><img decoding=\"async\" class=\"swiper-slide-image\" src=\"https:\/\/www.unavets.com\/etorbidevet\/wp-content\/uploads\/sites\/45\/2023\/12\/Amorebieta-11-300x200.jpg\" alt=\"Amorebieta 11\" \/><\/figure><\/div><div class=\"swiper-slide\" role=\"group\" aria-roledescription=\"slide\" aria-label=\"2 de 12\"><figure class=\"swiper-slide-inner\"><img decoding=\"async\" class=\"swiper-slide-image\" src=\"https:\/\/www.unavets.com\/etorbidevet\/wp-content\/uploads\/sites\/45\/2023\/12\/Amorebieta-10-300x200.jpg\" alt=\"Amorebieta 10\" \/><\/figure><\/div><div class=\"swiper-slide\" role=\"group\" aria-roledescription=\"slide\" aria-label=\"3 de 12\"><figure class=\"swiper-slide-inner\"><img decoding=\"async\" class=\"swiper-slide-image\" src=\"https:\/\/www.unavets.com\/etorbidevet\/wp-content\/uploads\/sites\/45\/2023\/12\/Amorebieta-9-300x200.jpg\" alt=\"Amorebieta 9\" \/><\/figure><\/div><div class=\"swiper-slide\" role=\"group\" aria-roledescription=\"slide\" aria-label=\"4 de 12\"><figure class=\"swiper-slide-inner\"><img decoding=\"async\" class=\"swiper-slide-image\" src=\"https:\/\/www.unavets.com\/etorbidevet\/wp-content\/uploads\/sites\/45\/2023\/12\/Amorebieta-8-300x200.jpg\" alt=\"Amorebieta 8\" \/><\/figure><\/div><div class=\"swiper-slide\" role=\"group\" aria-roledescription=\"slide\" aria-label=\"5 de 12\"><figure class=\"swiper-slide-inner\"><img decoding=\"async\" class=\"swiper-slide-image\" src=\"https:\/\/www.unavets.com\/etorbidevet\/wp-content\/uploads\/sites\/45\/2023\/12\/Amorebieta-7-300x200.jpg\" alt=\"Amorebieta 7\" \/><\/figure><\/div><div class=\"swiper-slide\" role=\"group\" aria-roledescription=\"slide\" aria-label=\"6 de 12\"><figure class=\"swiper-slide-inner\"><img decoding=\"async\" class=\"swiper-slide-image\" src=\"https:\/\/www.unavets.com\/etorbidevet\/wp-content\/uploads\/sites\/45\/2023\/12\/Amorebieta-6-240x300.jpg\" alt=\"Amorebieta 6\" \/><\/figure><\/div><div class=\"swiper-slide\" role=\"group\" aria-roledescription=\"slide\" aria-label=\"7 de 12\"><figure class=\"swiper-slide-inner\"><img decoding=\"async\" class=\"swiper-slide-image\" src=\"https:\/\/www.unavets.com\/etorbidevet\/wp-content\/uploads\/sites\/45\/2023\/12\/Amorebieta-5-300x200.jpg\" alt=\"Amorebieta 5\" \/><\/figure><\/div><div class=\"swiper-slide\" role=\"group\" aria-roledescription=\"slide\" aria-label=\"8 de 12\"><figure class=\"swiper-slide-inner\"><img decoding=\"async\" class=\"swiper-slide-image\" src=\"https:\/\/www.unavets.com\/etorbidevet\/wp-content\/uploads\/sites\/45\/2023\/12\/Amorebieta-4-240x300.jpg\" alt=\"Amorebieta 4\" \/><\/figure><\/div><div class=\"swiper-slide\" role=\"group\" aria-roledescription=\"slide\" aria-label=\"9 de 12\"><figure class=\"swiper-slide-inner\"><img decoding=\"async\" class=\"swiper-slide-image\" src=\"https:\/\/www.unavets.com\/etorbidevet\/wp-content\/uploads\/sites\/45\/2023\/12\/Amorebieta-3-e1702568074552-300x237.jpg\" alt=\"Amorebieta 3\" \/><\/figure><\/div><div class=\"swiper-slide\" role=\"group\" aria-roledescription=\"slide\" aria-label=\"10 de 12\"><figure class=\"swiper-slide-inner\"><img decoding=\"async\" class=\"swiper-slide-image\" src=\"https:\/\/www.unavets.com\/etorbidevet\/wp-content\/uploads\/sites\/45\/2023\/12\/Amorebieta-2-240x300.jpg\" alt=\"Amorebieta 2\" \/><\/figure><\/div><div class=\"swiper-slide\" role=\"group\" aria-roledescription=\"slide\" aria-label=\"11 de 12\"><figure class=\"swiper-slide-inner\"><img decoding=\"async\" class=\"swiper-slide-image\" src=\"https:\/\/www.unavets.com\/etorbidevet\/wp-content\/uploads\/sites\/45\/2023\/12\/Amorebieta-1-300x200.jpg\" alt=\"Amorebieta 1\" \/><\/figure><\/div><div class=\"swiper-slide\" role=\"group\" aria-roledescription=\"slide\" aria-label=\"12 de 12\"><figure class=\"swiper-slide-inner\"><img decoding=\"async\" class=\"swiper-slide-image\" src=\"https:\/\/www.unavets.com\/etorbidevet\/wp-content\/uploads\/sites\/45\/2023\/12\/Amorebieta--300x200.jpg\" alt=\"Amorebieta\" \/><\/figure><\/div>\t\t\t<\/div>\n\t\t\t\t\t\t\t\t\t\t\t\t<div class=\"elementor-swiper-button elementor-swiper-button-prev\" role=\"button\" tabindex=\"0\">\n\t\t\t\t\t\t<i aria-hidden=\"true\" class=\"eicon-chevron-left\"><\/i>\t\t\t\t\t<\/div>\n\t\t\t\t\t<div class=\"elementor-swiper-button elementor-swiper-button-next\" role=\"button\" tabindex=\"0\">\n\t\t\t\t\t\t<i aria-hidden=\"true\" class=\"eicon-chevron-right\"><\/i>\t\t\t\t\t<\/div>\n\t\t\t\t\n\t\t\t\t\t\t\t\t\t<div class=\"swiper-pagination\"><\/div>\n\t\t\t\t\t\t\t\t\t<\/div>\n\t\t\t\t\t\t<\/div>\n\t\t\t\t<\/div>\n\t\t\t\t\t<\/div>\n\t\t<\/div>\n\t\t\t\t\t<\/div>\n\t\t<\/section>\n\t\t\t\t<section class=\"elementor-section elementor-top-section elementor-element elementor-element-b3ea953 elementor-section-boxed elementor-section-height-default elementor-section-height-default\" data-id=\"b3ea953\" data-element_type=\"section\" data-e-type=\"section\">\n\t\t\t\t\t\t<div class=\"elementor-container elementor-column-gap-default\">\n\t\t\t\t\t<div class=\"elementor-column elementor-col-100 elementor-top-column elementor-element elementor-element-27d69b2\" data-id=\"27d69b2\" data-element_type=\"column\" data-e-type=\"column\">\n\t\t\t<div class=\"elementor-widget-wrap elementor-element-populated\">\n\t\t\t\t\t\t<div class=\"elementor-element elementor-element-0011774 elementor-widget elementor-widget-spacer\" data-id=\"0011774\" data-element_type=\"widget\" data-e-type=\"widget\" data-widget_type=\"spacer.default\">\n\t\t\t\t<div class=\"elementor-widget-container\">\n\t\t\t\t\t\t\t<div class=\"elementor-spacer\">\n\t\t\t<div class=\"elementor-spacer-inner\"><\/div>\n\t\t<\/div>\n\t\t\t\t\t\t<\/div>\n\t\t\t\t<\/div>\n\t\t\t\t\t<\/div>\n\t\t<\/div>\n\t\t\t\t\t<\/div>\n\t\t<\/section>\n\t\t\t\t<\/div>\n\t\t","protected":false},"excerpt":{"rendered":"<p>Nuestras Cl\u00ednicas Veterinarias en Bizkaia Centros veterinarios con m\u00e1s\u00a0 de 25 a\u00f1os de experiencia situados en Durango y Amorebieta. Nos dedicamos a la prestaci\u00f3n de un servicio integral en los \u00e1mbitos de los cuidados cl\u00ednicos veterinarios y asesoramiento, la venta de complementos y alimentaci\u00f3n y la peluquer\u00eda de animales de compa\u00f1\u00eda\u201d Cl\u00ednica Veterinaria Durango Askatasun &hellip; <\/p>\n","protected":false},"author":8,"featured_media":0,"parent":0,"menu_order":0,"comment_status":"closed","ping_status":"closed","template":"page-fullwidth.php","meta":{"_acf_changed":false,"content-type":"","footnotes":""},"class_list":["post-17815","page","type-page","status-publish","hentry"],"acf":[],"_links":{"self":[{"href":"https:\/\/www.unavets.com\/etorbidevet\/es\/wp-json\/wp\/v2\/pages\/17815","targetHints":{"allow":["GET"]}}],"collection":[{"href":"https:\/\/www.unavets.com\/etorbidevet\/es\/wp-json\/wp\/v2\/pages"}],"about":[{"href":"https:\/\/www.unavets.com\/etorbidevet\/es\/wp-json\/wp\/v2\/types\/page"}],"author":[{"embeddable":true,"href":"https:\/\/www.unavets.com\/etorbidevet\/es\/wp-json\/wp\/v2\/users\/8"}],"replies":[{"embeddable":true,"href":"https:\/\/www.unavets.com\/etorbidevet\/es\/wp-json\/wp\/v2\/comments?post=17815"}],"version-history":[{"count":61,"href":"https:\/\/www.unavets.com\/etorbidevet\/es\/wp-json\/wp\/v2\/pages\/17815\/revisions"}],"predecessor-version":[{"id":22901,"href":"https:\/\/www.unavets.com\/etorbidevet\/es\/wp-json\/wp\/v2\/pages\/17815\/revisions\/22901"}],"wp:attachment":[{"href":"https:\/\/www.unavets.com\/etorbidevet\/es\/wp-json\/wp\/v2\/media?parent=17815"}],"curies":[{"name":"wp","href":"https:\/\/api.w.org\/{rel}","templated":true}]}}