{"id":14798,"date":"2021-06-11T11:40:44","date_gmt":"2021-06-11T11:40:44","guid":{"rendered":"http:\/\/www.unavets.com\/etorbidevet\/?page_id=14798"},"modified":"2024-10-29T12:11:57","modified_gmt":"2024-10-29T12:11:57","slug":"tienda-especializada","status":"publish","type":"page","link":"https:\/\/www.unavets.com\/etorbidevet\/es\/tienda-especializada\/","title":{"rendered":"Tienda Especializada"},"content":{"rendered":"\t\t<div data-elementor-type=\"wp-page\" data-elementor-id=\"14798\" class=\"elementor elementor-14798 elementor-14795\" data-elementor-post-type=\"page\">\n\t\t\t\t\t\t<section class=\"elementor-section elementor-top-section elementor-element elementor-element-d993722 elementor-section-boxed elementor-section-height-default elementor-section-height-default\" data-id=\"d993722\" data-element_type=\"section\" data-e-type=\"section\" id=\"main-sec\">\n\t\t\t\t\t\t<div class=\"elementor-container elementor-column-gap-default\">\n\t\t\t\t\t<div class=\"elementor-column elementor-col-100 elementor-top-column elementor-element elementor-element-065811d\" data-id=\"065811d\" data-element_type=\"column\" data-e-type=\"column\">\n\t\t\t<div class=\"elementor-widget-wrap elementor-element-populated\">\n\t\t\t\t\t\t<div class=\"elementor-element elementor-element-63d99ac elementor-widget elementor-widget-text-editor\" data-id=\"63d99ac\" data-element_type=\"widget\" data-e-type=\"widget\" data-widget_type=\"text-editor.default\">\n\t\t\t\t<div class=\"elementor-widget-container\">\n\t\t\t\t\t\t\t\t\t<div><div><div>Centros veterinarios Etorbide dispone de una completa tienda donde podr\u00e1s encontrar las mejores marcas de alimentaci\u00f3n para tu mascota, y una gran variedad de accesorios como correas, collares, comederos, champ\u00fa, colonia, etc y mucho m\u00e1s.<\/div><div><p>Nuestra Tienda Canina y Felina es un centro especializado en materiales y accesorios para nuestros perros y gatos. Disponemos de todo lo necesario para el cuidado de tu mascota, adem\u00e1s de disponer material complementario para que luzcan o se entretengan de la mejor manera.<\/p><p>Tambi\u00e9n disponemos de la mejor selecci\u00f3n de piensos para perros y gatos, con todas las garant\u00edas de la mejor alimentaci\u00f3n.<\/p><\/div><div>\u00a0<\/div><\/div><\/div>\t\t\t\t\t\t\t\t<\/div>\n\t\t\t\t<\/div>\n\t\t\t\t<div class=\"elementor-element elementor-element-dc7c821 elementor-widget elementor-widget-image\" data-id=\"dc7c821\" data-element_type=\"widget\" data-e-type=\"widget\" data-widget_type=\"image.default\">\n\t\t\t\t<div class=\"elementor-widget-container\">\n\t\t\t\t\t\t\t\t\t\t\t\t\t\t\t<img fetchpriority=\"high\" width=\"724\" height=\"483\" class=\"attachment-medium_large size-medium_large wp-image-21368 lazy\" alt=\"\" data-src=\"https:\/\/www.unavets.com\/etorbidevet\/wp-content\/uploads\/sites\/45\/2023\/12\/Amorebieta-9-768x512.jpg\" data-lazy=\"https:\/\/www.unavets.com\/etorbidevet\/wp-content\/uploads\/sites\/45\/2023\/12\/Amorebieta-9-768x512.jpg\" \/>\t\t\t\t\t\t\t\t\t\t\t\t\t\t\t<\/div>\n\t\t\t\t<\/div>\n\t\t\t\t\t<\/div>\n\t\t<\/div>\n\t\t\t\t\t<\/div>\n\t\t<\/section>\n\t\t\t\t<section class=\"elementor-section elementor-top-section elementor-element elementor-element-e647d00 elementor-section-boxed elementor-section-height-default elementor-section-height-default\" data-id=\"e647d00\" data-element_type=\"section\" data-e-type=\"section\">\n\t\t\t\t\t\t<div class=\"elementor-container elementor-column-gap-default\">\n\t\t\t\t\t<div class=\"elementor-column elementor-col-100 elementor-top-column elementor-element elementor-element-ba5afbe\" data-id=\"ba5afbe\" data-element_type=\"column\" data-e-type=\"column\">\n\t\t\t<div class=\"elementor-widget-wrap elementor-element-populated\">\n\t\t\t\t\t\t<div class=\"elementor-element elementor-element-fbb4214 elementor-align-center round-button elementor-widget elementor-widget-button\" data-id=\"fbb4214\" data-element_type=\"widget\" data-e-type=\"widget\" data-widget_type=\"button.default\">\n\t\t\t\t<div class=\"elementor-widget-container\">\n\t\t\t\t\t\t\t\t\t<div class=\"elementor-button-wrapper\">\n\t\t\t\t\t<a class=\"elementor-button elementor-button-link elementor-size-md\" href=\"tel:946%20201%20742\">\n\t\t\t\t\t\t<span class=\"elementor-button-content-wrapper\">\n\t\t\t\t\t\t<span class=\"elementor-button-icon\">\n\t\t\t\t<i aria-hidden=\"true\" class=\"far fa-calendar-alt\"><\/i>\t\t\t<\/span>\n\t\t\t\t\t\t\t\t\t<span class=\"elementor-button-text\">Pide cita en Durango <\/span>\n\t\t\t\t\t<\/span>\n\t\t\t\t\t<\/a>\n\t\t\t\t<\/div>\n\t\t\t\t\t\t\t\t<\/div>\n\t\t\t\t<\/div>\n\t\t\t\t<div class=\"elementor-element elementor-element-ebafb15 elementor-align-center round-button elementor-widget elementor-widget-button\" data-id=\"ebafb15\" data-element_type=\"widget\" data-e-type=\"widget\" data-widget_type=\"button.default\">\n\t\t\t\t<div class=\"elementor-widget-container\">\n\t\t\t\t\t\t\t\t\t<div class=\"elementor-button-wrapper\">\n\t\t\t\t\t<a class=\"elementor-button elementor-button-link elementor-size-md\" href=\"tel:946%20731%20676\">\n\t\t\t\t\t\t<span class=\"elementor-button-content-wrapper\">\n\t\t\t\t\t\t<span class=\"elementor-button-icon\">\n\t\t\t\t<i aria-hidden=\"true\" class=\"far fa-calendar-alt\"><\/i>\t\t\t<\/span>\n\t\t\t\t\t\t\t\t\t<span class=\"elementor-button-text\">Pide cita en Amorebieta<\/span>\n\t\t\t\t\t<\/span>\n\t\t\t\t\t<\/a>\n\t\t\t\t<\/div>\n\t\t\t\t\t\t\t\t<\/div>\n\t\t\t\t<\/div>\n\t\t\t\t\t<\/div>\n\t\t<\/div>\n\t\t\t\t\t<\/div>\n\t\t<\/section>\n\t\t\t\t<\/div>\n\t\t","protected":false},"excerpt":{"rendered":"<p>dispone de una completa tienda donde podr\u00e1s encontrar las mejores marcas de alimentaci\u00f3n para tu mascota, y una gran variedad de accesorios como correas, collares, comederos, champ\u00fa, colonia, etc y mucho m\u00e1s. Nuestra Tienda Canina y Felina es un centro especializado en materiales y accesorios para nuestros perros y gatos. Disponemos de todo lo necesario &hellip; <\/p>\n","protected":false},"author":8,"featured_media":0,"parent":0,"menu_order":0,"comment_status":"closed","ping_status":"closed","template":"page-fullwidth.php","meta":{"_acf_changed":false,"content-type":"","footnotes":""},"class_list":["post-14798","page","type-page","status-publish","hentry"],"acf":[],"_links":{"self":[{"href":"https:\/\/www.unavets.com\/etorbidevet\/es\/wp-json\/wp\/v2\/pages\/14798","targetHints":{"allow":["GET"]}}],"collection":[{"href":"https:\/\/www.unavets.com\/etorbidevet\/es\/wp-json\/wp\/v2\/pages"}],"about":[{"href":"https:\/\/www.unavets.com\/etorbidevet\/es\/wp-json\/wp\/v2\/types\/page"}],"author":[{"embeddable":true,"href":"https:\/\/www.unavets.com\/etorbidevet\/es\/wp-json\/wp\/v2\/users\/8"}],"replies":[{"embeddable":true,"href":"https:\/\/www.unavets.com\/etorbidevet\/es\/wp-json\/wp\/v2\/comments?post=14798"}],"version-history":[{"count":19,"href":"https:\/\/www.unavets.com\/etorbidevet\/es\/wp-json\/wp\/v2\/pages\/14798\/revisions"}],"predecessor-version":[{"id":21714,"href":"https:\/\/www.unavets.com\/etorbidevet\/es\/wp-json\/wp\/v2\/pages\/14798\/revisions\/21714"}],"wp:attachment":[{"href":"https:\/\/www.unavets.com\/etorbidevet\/es\/wp-json\/wp\/v2\/media?parent=14798"}],"curies":[{"name":"wp","href":"https:\/\/api.w.org\/{rel}","templated":true}]}}