{"id":12986,"date":"2020-10-03T08:11:17","date_gmt":"2020-10-03T08:11:17","guid":{"rendered":"http:\/\/www.unavets.com\/etorbidevet\/work-with-us\/"},"modified":"2024-10-29T11:44:46","modified_gmt":"2024-10-29T11:44:46","slug":"trabaja-con-nosotros","status":"publish","type":"page","link":"https:\/\/www.unavets.com\/etorbidevet\/es\/trabaja-con-nosotros\/","title":{"rendered":"Trabaja con nosotros"},"content":{"rendered":"\t\t<div data-elementor-type=\"wp-page\" data-elementor-id=\"12986\" class=\"elementor elementor-12986 elementor-280\" data-elementor-post-type=\"page\">\n\t\t\t\t\t\t<section class=\"elementor-section elementor-top-section elementor-element elementor-element-54428c4 pad-bot-50 elementor-section-boxed elementor-section-height-default elementor-section-height-default\" data-id=\"54428c4\" data-element_type=\"section\" data-e-type=\"section\" id=\"main-sec\">\n\t\t\t\t\t\t<div class=\"elementor-container elementor-column-gap-wide\">\n\t\t\t\t\t<div class=\"elementor-column elementor-col-50 elementor-top-column elementor-element elementor-element-c2cd599\" data-id=\"c2cd599\" data-element_type=\"column\" data-e-type=\"column\">\n\t\t\t<div class=\"elementor-widget-wrap elementor-element-populated\">\n\t\t\t\t\t\t<div class=\"elementor-element elementor-element-27ad3d7 elementor-widget elementor-widget-section_titleleft\" data-id=\"27ad3d7\" data-element_type=\"widget\" data-e-type=\"widget\" data-widget_type=\"section_titleleft.default\">\n\t\t\t\t<div class=\"elementor-widget-container\">\n\t\t\t\t\t        <div class=\"ab_text-title fl-wrap\">\n            <h3>Ponte en contacto<\/h3><span class=\"section-separator fl-sec-sep\"><\/span>        <\/div>\n        \t\t\t\t<\/div>\n\t\t\t\t<\/div>\n\t\t\t\t<section class=\"elementor-section elementor-inner-section elementor-element elementor-element-76c9b72 elementor-section-boxed elementor-section-height-default elementor-section-height-default\" data-id=\"76c9b72\" data-element_type=\"section\" data-e-type=\"section\">\n\t\t\t\t\t\t<div class=\"elementor-container elementor-column-gap-default\">\n\t\t\t\t\t<div class=\"elementor-column elementor-col-50 elementor-inner-column elementor-element elementor-element-be53d9d\" data-id=\"be53d9d\" data-element_type=\"column\" data-e-type=\"column\">\n\t\t\t<div class=\"elementor-widget-wrap elementor-element-populated\">\n\t\t\t\t\t\t<div class=\"elementor-element elementor-element-4775cd1 elementor-widget elementor-widget-image\" data-id=\"4775cd1\" data-element_type=\"widget\" data-e-type=\"widget\" data-widget_type=\"image.default\">\n\t\t\t\t<div class=\"elementor-widget-container\">\n\t\t\t\t\t\t\t\t\t\t\t\t\t\t\t<img fetchpriority=\"high\" width=\"512\" height=\"512\" class=\"attachment-large size-large wp-image-21543 lazy\" alt=\"\" data-src=\"https:\/\/www.unavets.com\/etorbidevet\/wp-content\/uploads\/sites\/45\/2023\/12\/cropped-cropped-logo-a-media-lua-7-e1701693751457.png\" data-lazy=\"https:\/\/www.unavets.com\/etorbidevet\/wp-content\/uploads\/sites\/45\/2023\/12\/cropped-cropped-logo-a-media-lua-7-e1701693751457.png\" \/>\t\t\t\t\t\t\t\t\t\t\t\t\t\t\t<\/div>\n\t\t\t\t<\/div>\n\t\t\t\t\t<\/div>\n\t\t<\/div>\n\t\t\t\t<div class=\"elementor-column elementor-col-50 elementor-inner-column elementor-element elementor-element-33e2bd9\" data-id=\"33e2bd9\" data-element_type=\"column\" data-e-type=\"column\">\n\t\t\t<div class=\"elementor-widget-wrap\">\n\t\t\t\t\t\t\t<\/div>\n\t\t<\/div>\n\t\t\t\t\t<\/div>\n\t\t<\/section>\n\t\t\t\t<div class=\"elementor-element elementor-element-4366bc6 contact-infos-widget elementor-widget elementor-widget-text-editor\" data-id=\"4366bc6\" data-element_type=\"widget\" data-e-type=\"widget\" data-widget_type=\"text-editor.default\">\n\t\t\t\t<div class=\"elementor-widget-container\">\n\t\t\t\t\t\t\t\t\t<ul class=\"no-list-style contact-infos\"><li><span class=\"no-rep\"><span class=\"no-rep\"><i class=\"fal fa-map-marker\"><\/i> <a href=\"https:\/\/maps.app.goo.gl\/gbKqbtfcANG9e31x9\" target=\"_blank\" rel=\"noopener\">Askatasun Etorb., 21, 48200 Durango, Bizkaia<\/a><\/span><\/span><\/li><li><span class=\"no-rep\"><i class=\"fal fa-phone\"><\/i> Tel\u00e9fono: <a href=\"tel: +34946201742\">946 201 742<\/a><\/span><\/li><li><span class=\"no-rep\"><i class=\"fal fa-envelope\"><\/i> Correo:<\/span> <a href=\"mailto:info.ensanche@unavets.com\">info.etorbide@unavets.com<\/a><\/li><\/ul><ul class=\"no-list-style contact-socials\"><li><a href=\"https:\/\/www.facebook.com\/cv.etorbide\" target=\"_blank\" rel=\"noopener\"><i class=\"fab fa-facebook-f\"><\/i><\/a><\/li><\/ul>\t\t\t\t\t\t\t\t<\/div>\n\t\t\t\t<\/div>\n\t\t\t\t<section class=\"elementor-section elementor-inner-section elementor-element elementor-element-cdd6e77 elementor-section-boxed elementor-section-height-default elementor-section-height-default\" data-id=\"cdd6e77\" data-element_type=\"section\" data-e-type=\"section\">\n\t\t\t\t\t\t<div class=\"elementor-container elementor-column-gap-default\">\n\t\t\t\t\t<div class=\"elementor-column elementor-col-50 elementor-inner-column elementor-element elementor-element-39cf376\" data-id=\"39cf376\" data-element_type=\"column\" data-e-type=\"column\">\n\t\t\t<div class=\"elementor-widget-wrap elementor-element-populated\">\n\t\t\t\t\t\t<div class=\"elementor-element elementor-element-b749fc8 elementor-widget elementor-widget-image\" data-id=\"b749fc8\" data-element_type=\"widget\" data-e-type=\"widget\" data-widget_type=\"image.default\">\n\t\t\t\t<div class=\"elementor-widget-container\">\n\t\t\t\t\t\t\t\t\t\t\t\t\t\t\t<img fetchpriority=\"high\" width=\"512\" height=\"512\" class=\"attachment-large size-large wp-image-21543 lazy\" alt=\"\" data-src=\"https:\/\/www.unavets.com\/etorbidevet\/wp-content\/uploads\/sites\/45\/2023\/12\/cropped-cropped-logo-a-media-lua-7-e1701693751457.png\" data-lazy=\"https:\/\/www.unavets.com\/etorbidevet\/wp-content\/uploads\/sites\/45\/2023\/12\/cropped-cropped-logo-a-media-lua-7-e1701693751457.png\" \/>\t\t\t\t\t\t\t\t\t\t\t\t\t\t\t<\/div>\n\t\t\t\t<\/div>\n\t\t\t\t\t<\/div>\n\t\t<\/div>\n\t\t\t\t<div class=\"elementor-column elementor-col-50 elementor-inner-column elementor-element elementor-element-1c9e2f2\" data-id=\"1c9e2f2\" data-element_type=\"column\" data-e-type=\"column\">\n\t\t\t<div class=\"elementor-widget-wrap\">\n\t\t\t\t\t\t\t<\/div>\n\t\t<\/div>\n\t\t\t\t\t<\/div>\n\t\t<\/section>\n\t\t\t\t<div class=\"elementor-element elementor-element-2955e50 contact-infos-widget elementor-widget elementor-widget-text-editor\" data-id=\"2955e50\" data-element_type=\"widget\" data-e-type=\"widget\" data-widget_type=\"text-editor.default\">\n\t\t\t\t<div class=\"elementor-widget-container\">\n\t\t\t\t\t\t\t\t\t<ul class=\"no-list-style contact-infos\"><li><span class=\"no-rep\"><i class=\"fal fa-map-marker\"><\/i> Direcci\u00f3n: <a href=\"https:\/\/maps.app.goo.gl\/r3dMSBvkPiTBFuVC9\" target=\"_blank\" rel=\"noopener\">Gregorio Mendibil Kalea, 7, 48340 Amorebieta-Etxano, Bizkaia<\/a><\/span><\/li><li><span class=\"no-rep\"><i class=\"fal fa-phone\"><\/i> Tel\u00e9fono: <a href=\"http:\/\/+34946731676\" data-wplink-url-error=\"true\">946 731 676<\/a><\/span><\/li><li><span class=\"no-rep\"><i class=\"fal fa-envelope\"><\/i> Correo:<\/span><a href=\"mailto:info.nuevoensanche@unavets.com\">info.etorbide@unavets.com<\/a><\/li><\/ul><ul class=\"no-list-style contact-socials\"><li><a href=\"https:\/\/www.facebook.com\/cv.etorbide\" target=\"_blank\" rel=\"noopener\"><i class=\"fab fa-facebook-f\"><\/i><\/a><\/li><\/ul>\t\t\t\t\t\t\t\t<\/div>\n\t\t\t\t<\/div>\n\t\t\t\t\t<\/div>\n\t\t<\/div>\n\t\t\t\t<div class=\"elementor-column elementor-col-50 elementor-top-column elementor-element elementor-element-d435c3f\" data-id=\"d435c3f\" data-element_type=\"column\" data-e-type=\"column\">\n\t\t\t<div class=\"elementor-widget-wrap elementor-element-populated\">\n\t\t\t\t\t\t<div class=\"elementor-element elementor-element-4659daa elementor-widget elementor-widget-section_titleleft\" data-id=\"4659daa\" data-element_type=\"widget\" data-e-type=\"widget\" data-widget_type=\"section_titleleft.default\">\n\t\t\t\t<div class=\"elementor-widget-container\">\n\t\t\t\t\t        <div class=\"ab_text-title fl-wrap\">\n            <h3>\u00bfQuieres unirte a nuestro equipo?<\/h3><span class=\"section-separator fl-sec-sep\"><\/span>        <\/div>\n        \t\t\t\t<\/div>\n\t\t\t\t<\/div>\n\t\t\t\t<div class=\"elementor-element elementor-element-f74f60c elementor-widget elementor-widget-text-editor\" data-id=\"f74f60c\" data-element_type=\"widget\" data-e-type=\"widget\" data-widget_type=\"text-editor.default\">\n\t\t\t\t<div class=\"elementor-widget-container\">\n\t\t\t\t\t\t\t\t\t<p>Siempre estamos abiertos a ampliar nuestro equipo con profesionales cualificados, dedicados y apasionados. <span style=\"text-decoration: underline;color: #3366ff\"><strong><a style=\"color: #3366ff;text-decoration: underline\" href=\"http:\/\/www.unavets.com\/es\/trabaja-con-nosotros\/\">Descubre aqu\u00ed<\/a><\/strong><\/span> los puestos vacantes en Centros veterinarios Etorbide y otras cl\u00ednicas de UNAVETS de tu zona.<\/p><p>Si actualmente no tenemos posiciones disponibles y est\u00e1s interesado en trabajar con nosotros, rellena el siguiente formulario y tendremos en cuenta tu perfil para pr\u00f3ximas vacantes.<\/p><p>\n\t\t\t\t\t\t<script>\n\t\t\t\t\t\t\twindow.hsFormsOnReady = window.hsFormsOnReady || [];\n\t\t\t\t\t\t\twindow.hsFormsOnReady.push(()=>{\n\t\t\t\t\t\t\t\thbspt.forms.create({\n\t\t\t\t\t\t\t\t\tportalId: 8560088,\n\t\t\t\t\t\t\t\t\tformId: \"41f51d17-0868-428b-a158-023e02fab217\",\n\t\t\t\t\t\t\t\t\ttarget: \"#hbspt-form-1775650926000-3295937135\",\n\t\t\t\t\t\t\t\t\tregion: \"\",\n\t\t\t\t\t\t\t\t\t\n\t\t\t\t\t\t\t})});\n\t\t\t\t\t\t<\/script>\n\t\t\t\t\t\t<div class=\"hbspt-form\" id=\"hbspt-form-1775650926000-3295937135\"><\/div><\/p>\t\t\t\t\t\t\t\t<\/div>\n\t\t\t\t<\/div>\n\t\t\t\t\t<\/div>\n\t\t<\/div>\n\t\t\t\t\t<\/div>\n\t\t<\/section>\n\t\t\t\t<\/div>\n\t\t","protected":false},"excerpt":{"rendered":"<p>Ponte en contacto Askatasun Etorb., 21, 48200 Durango, Bizkaia Tel\u00e9fono: 946 201 742 Correo: info.etorbide@unavets.com Direcci\u00f3n: Gregorio Mendibil Kalea, 7, 48340 Amorebieta-Etxano, Bizkaia Tel\u00e9fono: 946 731 676 Correo:info.etorbide@unavets.com \u00bfQuieres unirte a nuestro equipo? Siempre estamos abiertos a ampliar nuestro equipo con profesionales cualificados, dedicados y apasionados. Descubre aqu\u00ed los puestos vacantes en y otras cl\u00ednicas &hellip; <\/p>\n","protected":false},"author":1,"featured_media":0,"parent":0,"menu_order":0,"comment_status":"closed","ping_status":"closed","template":"page-fullwidth.php","meta":{"_acf_changed":false,"content-type":"","footnotes":""},"class_list":["post-12986","page","type-page","status-publish","hentry"],"acf":[],"_links":{"self":[{"href":"https:\/\/www.unavets.com\/etorbidevet\/es\/wp-json\/wp\/v2\/pages\/12986","targetHints":{"allow":["GET"]}}],"collection":[{"href":"https:\/\/www.unavets.com\/etorbidevet\/es\/wp-json\/wp\/v2\/pages"}],"about":[{"href":"https:\/\/www.unavets.com\/etorbidevet\/es\/wp-json\/wp\/v2\/types\/page"}],"author":[{"embeddable":true,"href":"https:\/\/www.unavets.com\/etorbidevet\/es\/wp-json\/wp\/v2\/users\/1"}],"replies":[{"embeddable":true,"href":"https:\/\/www.unavets.com\/etorbidevet\/es\/wp-json\/wp\/v2\/comments?post=12986"}],"version-history":[{"count":12,"href":"https:\/\/www.unavets.com\/etorbidevet\/es\/wp-json\/wp\/v2\/pages\/12986\/revisions"}],"predecessor-version":[{"id":22078,"href":"https:\/\/www.unavets.com\/etorbidevet\/es\/wp-json\/wp\/v2\/pages\/12986\/revisions\/22078"}],"wp:attachment":[{"href":"https:\/\/www.unavets.com\/etorbidevet\/es\/wp-json\/wp\/v2\/media?parent=12986"}],"curies":[{"name":"wp","href":"https:\/\/api.w.org\/{rel}","templated":true}]}}