{"id":18037,"date":"2022-11-24T10:41:35","date_gmt":"2022-11-24T10:41:35","guid":{"rendered":"https:\/\/www.unavets.com\/especies\/?page_id=18037"},"modified":"2024-06-17T11:39:51","modified_gmt":"2024-06-17T11:39:51","slug":"blog","status":"publish","type":"page","link":"https:\/\/www.unavets.com\/especies\/es\/blog\/","title":{"rendered":"Blog"},"content":{"rendered":"\t\t<div data-elementor-type=\"wp-page\" data-elementor-id=\"18037\" class=\"elementor elementor-18037 elementor-1452\" data-elementor-post-type=\"page\">\n\t\t\t\t\t\t<section class=\"elementor-section elementor-top-section elementor-element elementor-element-948b9cf elementor-section-boxed elementor-section-height-default elementor-section-height-default\" data-id=\"948b9cf\" data-element_type=\"section\" data-e-type=\"section\">\n\t\t\t\t\t\t<div class=\"elementor-container elementor-column-gap-default\">\n\t\t\t\t\t<div class=\"elementor-column elementor-col-100 elementor-top-column elementor-element elementor-element-da045ca\" data-id=\"da045ca\" data-element_type=\"column\" data-e-type=\"column\">\n\t\t\t<div class=\"elementor-widget-wrap elementor-element-populated\">\n\t\t\t\t\t\t<div class=\"elementor-element elementor-element-20538a0 elementor-grid-3 elementor-grid-tablet-2 elementor-grid-mobile-1 elementor-posts--thumbnail-top elementor-card-shadow-yes elementor-posts__hover-gradient load-more-align-center elementor-widget elementor-widget-posts\" data-id=\"20538a0\" data-element_type=\"widget\" data-e-type=\"widget\" data-settings=\"{&quot;pagination_type&quot;:&quot;load_more_on_click&quot;,&quot;cards_columns&quot;:&quot;3&quot;,&quot;cards_columns_tablet&quot;:&quot;2&quot;,&quot;cards_columns_mobile&quot;:&quot;1&quot;,&quot;cards_row_gap&quot;:{&quot;unit&quot;:&quot;px&quot;,&quot;size&quot;:35,&quot;sizes&quot;:[]},&quot;cards_row_gap_tablet&quot;:{&quot;unit&quot;:&quot;px&quot;,&quot;size&quot;:&quot;&quot;,&quot;sizes&quot;:[]},&quot;cards_row_gap_mobile&quot;:{&quot;unit&quot;:&quot;px&quot;,&quot;size&quot;:&quot;&quot;,&quot;sizes&quot;:[]},&quot;load_more_spinner&quot;:{&quot;value&quot;:&quot;fas fa-spinner&quot;,&quot;library&quot;:&quot;fa-solid&quot;}}\" data-widget_type=\"posts.cards\">\n\t\t\t\t<div class=\"elementor-widget-container\">\n\t\t\t\t\t\t\t<div class=\"elementor-posts-container elementor-posts elementor-posts--skin-cards elementor-grid\" role=\"list\">\n\t\t\t\t<article class=\"elementor-post elementor-grid-item post-18004 post type-post status-publish format-standard hentry category-blog-especies\" role=\"listitem\">\n\t\t\t<div class=\"elementor-post__card\">\n\t\t\t\t<div class=\"elementor-post__text\">\n\t\t\t\t<h3 class=\"elementor-post__title\">\n\t\t\t<a href=\"https:\/\/www.unavets.com\/especies\/es\/2022\/11\/23\/acaros-en-los-oidos-de-los-conejos\/\" >\n\t\t\t\t\u00c1CAROS EN LOS O\u00cdDOS DE LOS CONEJOS\t\t\t<\/a>\n\t\t<\/h3>\n\t\t\t\t<div class=\"elementor-post__excerpt\">\n\t\t\t<p>Es muy com\u00fan la presencia de \u00e1caros en los o\u00eddos de los conejos que no han sido revisados ni desaparasitados por un veterinario cualificado. Psoroptes cuniculi, es un par\u00e1sito obligado de especie, cuya transmisi\u00f3n es por contacto directo o mediante f\u00f3mites. Produce inflamaci\u00f3n y coloraci\u00f3n marr\u00f3n rojiza del pabell\u00f3n auricular hacia el interior. Les pica mucho y les duele. En casos extremos, estos \u00e1caros pueden proliferar<\/p>\n\t\t<\/div>\n\t\t\t\t\t<div class=\"elementor-post__read-more-wrapper\">\n\t\t\n\t\t<a class=\"elementor-post__read-more\" href=\"https:\/\/www.unavets.com\/especies\/es\/2022\/11\/23\/acaros-en-los-oidos-de-los-conejos\/\" aria-label=\"M\u00e1s informaci\u00f3n sobre \u00c1CAROS EN LOS O\u00cdDOS DE LOS CONEJOS\" tabindex=\"-1\" >\n\t\t\tLeer m\u00e1s \u00bb\t\t<\/a>\n\n\t\t\t\t\t<\/div>\n\t\t\t\t<\/div>\n\t\t\t\t<div class=\"elementor-post__meta-data\">\n\t\t\t\t\t<span class=\"elementor-post-date\">\n\t\t\t23 de noviembre de 2022\t\t<\/span>\n\t\t\t\t<span class=\"elementor-post-avatar\">\n\t\t\tNo hay comentarios\t\t<\/span>\n\t\t\t\t<\/div>\n\t\t\t\t\t<\/div>\n\t\t<\/article>\n\t\t\t\t<article class=\"elementor-post elementor-grid-item post-17998 post type-post status-publish format-standard hentry category-blog-especies\" role=\"listitem\">\n\t\t\t<div class=\"elementor-post__card\">\n\t\t\t\t<div class=\"elementor-post__text\">\n\t\t\t\t<h3 class=\"elementor-post__title\">\n\t\t\t<a href=\"https:\/\/www.unavets.com\/especies\/es\/2022\/11\/23\/10-motivos-para-esterilizar-a-tu-mascota\/\" >\n\t\t\t\t10 MOTIVOS PARA ESTERILIZAR A TU MASCOTA\t\t\t<\/a>\n\t\t<\/h3>\n\t\t\t\t<div class=\"elementor-post__excerpt\">\n\t\t\t<p>La ovariohisterectom\u00eda o esterilizaci\u00f3n es la extirpaci\u00f3n quir\u00fargica de los ovarios y del \u00fatero o matriz. Aunque es un procedimiento que requiere anestesia general, nos proporciona una serie de beneficios incuestionables sobre la salud, por lo que es una actuaci\u00f3n m\u00e1s que recomendada en hembras no dedicadas a la reproducci\u00f3n. &nbsp; Los beneficios de la esterilizaci\u00f3n en hembras son: &nbsp; Reducci\u00f3n de la posibilidad de aparici\u00f3n<\/p>\n\t\t<\/div>\n\t\t\t\t\t<div class=\"elementor-post__read-more-wrapper\">\n\t\t\n\t\t<a class=\"elementor-post__read-more\" href=\"https:\/\/www.unavets.com\/especies\/es\/2022\/11\/23\/10-motivos-para-esterilizar-a-tu-mascota\/\" aria-label=\"M\u00e1s informaci\u00f3n sobre 10 MOTIVOS PARA ESTERILIZAR A TU MASCOTA\" tabindex=\"-1\" >\n\t\t\tLeer m\u00e1s \u00bb\t\t<\/a>\n\n\t\t\t\t\t<\/div>\n\t\t\t\t<\/div>\n\t\t\t\t<div class=\"elementor-post__meta-data\">\n\t\t\t\t\t<span class=\"elementor-post-date\">\n\t\t\t23 de noviembre de 2022\t\t<\/span>\n\t\t\t\t<span class=\"elementor-post-avatar\">\n\t\t\tNo hay comentarios\t\t<\/span>\n\t\t\t\t<\/div>\n\t\t\t\t\t<\/div>\n\t\t<\/article>\n\t\t\t\t<article class=\"elementor-post elementor-grid-item post-17983 post type-post status-publish format-standard hentry category-blog-especies\" role=\"listitem\">\n\t\t\t<div class=\"elementor-post__card\">\n\t\t\t\t<div class=\"elementor-post__text\">\n\t\t\t\t<h3 class=\"elementor-post__title\">\n\t\t\t<a href=\"https:\/\/www.unavets.com\/especies\/es\/2022\/11\/23\/alimentacion-en-psitacidas\/\" >\n\t\t\t\tALIMENTACI\u00d3N EN PSIT\u00c1CIDAS\t\t\t<\/a>\n\t\t<\/h3>\n\t\t\t\t<div class=\"elementor-post__excerpt\">\n\t\t\t<p>Alimentaci\u00f3n en psit\u00e1cidas Las aves son animales con una elevada tasa metab\u00f3lica, consumen por ello mucha energ\u00eda y deben ingerir alimento cada pocas horas. Por todo esto hay que asegurarse de que siempre tengan comida y bebida a disposici\u00f3n. Las dietas tradicionales con las que se han alimentado a las psit\u00e1cidas (periquitos, agapornis, ninfas, amazonas, yacos, guacamayos&#8230;) basadas en semillas como alimento \u00fanico o mayoritario, causan<\/p>\n\t\t<\/div>\n\t\t\t\t\t<div class=\"elementor-post__read-more-wrapper\">\n\t\t\n\t\t<a class=\"elementor-post__read-more\" href=\"https:\/\/www.unavets.com\/especies\/es\/2022\/11\/23\/alimentacion-en-psitacidas\/\" aria-label=\"M\u00e1s informaci\u00f3n sobre ALIMENTACI\u00d3N EN PSIT\u00c1CIDAS\" tabindex=\"-1\" >\n\t\t\tLeer m\u00e1s \u00bb\t\t<\/a>\n\n\t\t\t\t\t<\/div>\n\t\t\t\t<\/div>\n\t\t\t\t<div class=\"elementor-post__meta-data\">\n\t\t\t\t\t<span class=\"elementor-post-date\">\n\t\t\t23 de noviembre de 2022\t\t<\/span>\n\t\t\t\t<span class=\"elementor-post-avatar\">\n\t\t\tNo hay comentarios\t\t<\/span>\n\t\t\t\t<\/div>\n\t\t\t\t\t<\/div>\n\t\t<\/article>\n\t\t\t\t<article class=\"elementor-post elementor-grid-item post-17971 post type-post status-publish format-standard hentry category-blog-especies\" role=\"listitem\">\n\t\t\t<div class=\"elementor-post__card\">\n\t\t\t\t<div class=\"elementor-post__text\">\n\t\t\t\t<h3 class=\"elementor-post__title\">\n\t\t\t<a href=\"https:\/\/www.unavets.com\/especies\/es\/2022\/11\/23\/alimentacion-tortugas-de-agua\/\" >\n\t\t\t\tALIMENTACI\u00d3N TORTUGAS DE AGUA\t\t\t<\/a>\n\t\t<\/h3>\n\t\t\t\t<div class=\"elementor-post__excerpt\">\n\t\t\t<p>Las tortugas de agua se han convertido a lo largo de los a\u00f1os en unos grandes compa\u00f1eros, pero muchas veces no estamos correctamente informados acerca de sus necesidades. En este caso hablamos de su alimentaci\u00f3n, ya que se han cometido muchos errores con la nutrici\u00f3n de este grupo de animales, y este hecho, ha causado muchas patolog\u00edas derivadas directamente de las carencias alimenticias de estos alimentos.<\/p>\n\t\t<\/div>\n\t\t\t\t\t<div class=\"elementor-post__read-more-wrapper\">\n\t\t\n\t\t<a class=\"elementor-post__read-more\" href=\"https:\/\/www.unavets.com\/especies\/es\/2022\/11\/23\/alimentacion-tortugas-de-agua\/\" aria-label=\"M\u00e1s informaci\u00f3n sobre ALIMENTACI\u00d3N TORTUGAS DE AGUA\" tabindex=\"-1\" >\n\t\t\tLeer m\u00e1s \u00bb\t\t<\/a>\n\n\t\t\t\t\t<\/div>\n\t\t\t\t<\/div>\n\t\t\t\t<div class=\"elementor-post__meta-data\">\n\t\t\t\t\t<span class=\"elementor-post-date\">\n\t\t\t23 de noviembre de 2022\t\t<\/span>\n\t\t\t\t<span class=\"elementor-post-avatar\">\n\t\t\tNo hay comentarios\t\t<\/span>\n\t\t\t\t<\/div>\n\t\t\t\t\t<\/div>\n\t\t<\/article>\n\t\t\t\t<article class=\"elementor-post elementor-grid-item post-17962 post type-post status-publish format-standard hentry category-blog-especies\" role=\"listitem\">\n\t\t\t<div class=\"elementor-post__card\">\n\t\t\t\t<div class=\"elementor-post__text\">\n\t\t\t\t<h3 class=\"elementor-post__title\">\n\t\t\t<a href=\"https:\/\/www.unavets.com\/especies\/es\/2022\/11\/23\/cataratas-en-mascotas\/\" >\n\t\t\t\tCATARATAS EN MASCOTAS\t\t\t<\/a>\n\t\t<\/h3>\n\t\t\t\t<div class=\"elementor-post__excerpt\">\n\t\t\t<p>La catarata es una de las causas m\u00e1s comunes de enfermedad ocular que llevan a una p\u00e9rdida de visi\u00f3n en nuestras mascotas. Exactamente se produce una opacidad del cristalino debida a una serie de cambios qu\u00edmicos en la lente. \u00bfPor qu\u00e9 se produce una catarata en nuestras mascotas? Las cataratas se pueden producir por m\u00faltiples causas: Hereditaria (causa m\u00e1s com\u00fan en perros) Traumatismos oculares Cataratas seniles<\/p>\n\t\t<\/div>\n\t\t\t\t\t<div class=\"elementor-post__read-more-wrapper\">\n\t\t\n\t\t<a class=\"elementor-post__read-more\" href=\"https:\/\/www.unavets.com\/especies\/es\/2022\/11\/23\/cataratas-en-mascotas\/\" aria-label=\"M\u00e1s informaci\u00f3n sobre CATARATAS EN MASCOTAS\" tabindex=\"-1\" >\n\t\t\tLeer m\u00e1s \u00bb\t\t<\/a>\n\n\t\t\t\t\t<\/div>\n\t\t\t\t<\/div>\n\t\t\t\t<div class=\"elementor-post__meta-data\">\n\t\t\t\t\t<span class=\"elementor-post-date\">\n\t\t\t23 de noviembre de 2022\t\t<\/span>\n\t\t\t\t<span class=\"elementor-post-avatar\">\n\t\t\tNo hay comentarios\t\t<\/span>\n\t\t\t\t<\/div>\n\t\t\t\t\t<\/div>\n\t\t<\/article>\n\t\t\t\t<article class=\"elementor-post elementor-grid-item post-17950 post type-post status-publish format-standard hentry category-blog-especies\" role=\"listitem\">\n\t\t\t<div class=\"elementor-post__card\">\n\t\t\t\t<div class=\"elementor-post__text\">\n\t\t\t\t<h3 class=\"elementor-post__title\">\n\t\t\t<a href=\"https:\/\/www.unavets.com\/especies\/es\/2022\/11\/23\/sindrome-branquicefalico-en-perros\/\" >\n\t\t\t\tS\u00cdNDROME BRANQUICEF\u00c1LICO EN PERROS\t\t\t<\/a>\n\t\t<\/h3>\n\t\t\t\t<div class=\"elementor-post__excerpt\">\n\t\t\t<p>Cirug\u00eda s\u00edndrome braquicef\u00e1lico en Bulldog Ingl\u00e9s Las razas braquicef\u00e1licas (Bulldog Ingl\u00e9s, Bulldog Franc\u00e9s y Carlino sobre todo), suelen presentar de manera t\u00edpica dificultad respiratoria. Existe un t\u00f3pico de\u00a0 que esto es &#8220;normal&#8221; en estas razas,pero nada m\u00e1s lejos esta manera tan an\u00f3mala de respirar le va a ir produciendo da\u00f1os en su sistema respiratorio de manera progresiva. El s\u00edndrome braquic\u00e9falo normalmente incluye tres componentes esenciales: &#8211;<\/p>\n\t\t<\/div>\n\t\t\t\t\t<div class=\"elementor-post__read-more-wrapper\">\n\t\t\n\t\t<a class=\"elementor-post__read-more\" href=\"https:\/\/www.unavets.com\/especies\/es\/2022\/11\/23\/sindrome-branquicefalico-en-perros\/\" aria-label=\"M\u00e1s informaci\u00f3n sobre S\u00cdNDROME BRANQUICEF\u00c1LICO EN PERROS\" tabindex=\"-1\" >\n\t\t\tLeer m\u00e1s \u00bb\t\t<\/a>\n\n\t\t\t\t\t<\/div>\n\t\t\t\t<\/div>\n\t\t\t\t<div class=\"elementor-post__meta-data\">\n\t\t\t\t\t<span class=\"elementor-post-date\">\n\t\t\t23 de noviembre de 2022\t\t<\/span>\n\t\t\t\t<span class=\"elementor-post-avatar\">\n\t\t\tNo hay comentarios\t\t<\/span>\n\t\t\t\t<\/div>\n\t\t\t\t\t<\/div>\n\t\t<\/article>\n\t\t\t\t<article class=\"elementor-post elementor-grid-item post-17941 post type-post status-publish format-standard hentry category-blog-especies\" role=\"listitem\">\n\t\t\t<div class=\"elementor-post__card\">\n\t\t\t\t<div class=\"elementor-post__text\">\n\t\t\t\t<h3 class=\"elementor-post__title\">\n\t\t\t<a href=\"https:\/\/www.unavets.com\/especies\/es\/2022\/11\/23\/que-es-la-criptorquidia\/\" >\n\t\t\t\t\u00bfQU\u00c9 ES LA CRIPTORQUIDIA?\t\t\t<\/a>\n\t\t<\/h3>\n\t\t\t\t<div class=\"elementor-post__excerpt\">\n\t\t\t<p>\u00bfQu\u00e9 es la criptorquidia? &nbsp;Llamamos criptorquidia al hecho de que en animales machos no descienda el test\u00edculo a la zona escrotal cuando son adultos (monorquidia si desciende solo uno y criptorquidia bilateral si no desciende ninguno). &nbsp; \u00bfPor qu\u00e9 sucede la criptorquidia? En la etapa embrionaria los test\u00edculos se encuentran intraabdominales. Al nacer los test\u00edculos descienden al exterior a trav\u00e9s del canal inguinal. El hecho de<\/p>\n\t\t<\/div>\n\t\t\t\t\t<div class=\"elementor-post__read-more-wrapper\">\n\t\t\n\t\t<a class=\"elementor-post__read-more\" href=\"https:\/\/www.unavets.com\/especies\/es\/2022\/11\/23\/que-es-la-criptorquidia\/\" aria-label=\"M\u00e1s informaci\u00f3n sobre \u00bfQU\u00c9 ES LA CRIPTORQUIDIA?\" tabindex=\"-1\" >\n\t\t\tLeer m\u00e1s \u00bb\t\t<\/a>\n\n\t\t\t\t\t<\/div>\n\t\t\t\t<\/div>\n\t\t\t\t<div class=\"elementor-post__meta-data\">\n\t\t\t\t\t<span class=\"elementor-post-date\">\n\t\t\t23 de noviembre de 2022\t\t<\/span>\n\t\t\t\t<span class=\"elementor-post-avatar\">\n\t\t\tNo hay comentarios\t\t<\/span>\n\t\t\t\t<\/div>\n\t\t\t\t\t<\/div>\n\t\t<\/article>\n\t\t\t\t<article class=\"elementor-post elementor-grid-item post-17924 post type-post status-publish format-standard hentry category-blog-especies\" role=\"listitem\">\n\t\t\t<div class=\"elementor-post__card\">\n\t\t\t\t<div class=\"elementor-post__text\">\n\t\t\t\t<h3 class=\"elementor-post__title\">\n\t\t\t<a href=\"https:\/\/www.unavets.com\/especies\/es\/2022\/11\/23\/granuloma-eosinofilico-felino\/\" >\n\t\t\t\tGRANULOMA EOSINOF\u00cdLICO FELINO\t\t\t<\/a>\n\t\t<\/h3>\n\t\t\t\t<div class=\"elementor-post__excerpt\">\n\t\t\t<p>GRANULOMA EOSINOF\u00cdLICO FELINO El diagn\u00f3stico de la causa de prurito en gato supone un reto para el dermat\u00f3logo veterinario; dada la infinidad de causas que pueden ocasionarlo, as\u00ed como los diversos cuadros cl\u00ednicos que puede presentar el gato que lo padece. Una de las principales causas de prurito en gato es la alergia ( tanto ambiental como alimentaria) que puede\u00a0 provocar una gran variedad de lesiones<\/p>\n\t\t<\/div>\n\t\t\t\t\t<div class=\"elementor-post__read-more-wrapper\">\n\t\t\n\t\t<a class=\"elementor-post__read-more\" href=\"https:\/\/www.unavets.com\/especies\/es\/2022\/11\/23\/granuloma-eosinofilico-felino\/\" aria-label=\"M\u00e1s informaci\u00f3n sobre GRANULOMA EOSINOF\u00cdLICO FELINO\" tabindex=\"-1\" >\n\t\t\tLeer m\u00e1s \u00bb\t\t<\/a>\n\n\t\t\t\t\t<\/div>\n\t\t\t\t<\/div>\n\t\t\t\t<div class=\"elementor-post__meta-data\">\n\t\t\t\t\t<span class=\"elementor-post-date\">\n\t\t\t23 de noviembre de 2022\t\t<\/span>\n\t\t\t\t<span class=\"elementor-post-avatar\">\n\t\t\tNo hay comentarios\t\t<\/span>\n\t\t\t\t<\/div>\n\t\t\t\t\t<\/div>\n\t\t<\/article>\n\t\t\t\t<article class=\"elementor-post elementor-grid-item post-17913 post type-post status-publish format-standard hentry category-blog-especies\" role=\"listitem\">\n\t\t\t<div class=\"elementor-post__card\">\n\t\t\t\t<div class=\"elementor-post__text\">\n\t\t\t\t<h3 class=\"elementor-post__title\">\n\t\t\t<a href=\"https:\/\/www.unavets.com\/especies\/es\/2022\/11\/23\/desgarro-del-tercer-parpado-tras-una-pelea-entre-gatos\/\" >\n\t\t\t\tDESGARRO DEL TERCER P\u00c1RPADO TRAS UNA PELEA ENTRE GATOS\t\t\t<\/a>\n\t\t<\/h3>\n\t\t\t\t<div class=\"elementor-post__excerpt\">\n\t\t\t<p>Las peleas entre gatos muchas veces conllevan lesiones en los ojos y p\u00e1rpados. Estas lesiones hay que tratarlas de manera especial pues las u\u00f1as de los gatos tienen una carga bacteriana fuerte, con lo que son heridas que f\u00e1cilmente se infectan. En este caso, este gatito, tras una pelea. se atendi\u00f3 por una \u00falcera corneal por el ara\u00f1azo y tambi\u00e9n por un desgarro del tercer p\u00e1rpado,<\/p>\n\t\t<\/div>\n\t\t\t\t\t<div class=\"elementor-post__read-more-wrapper\">\n\t\t\n\t\t<a class=\"elementor-post__read-more\" href=\"https:\/\/www.unavets.com\/especies\/es\/2022\/11\/23\/desgarro-del-tercer-parpado-tras-una-pelea-entre-gatos\/\" aria-label=\"M\u00e1s informaci\u00f3n sobre DESGARRO DEL TERCER P\u00c1RPADO TRAS UNA PELEA ENTRE GATOS\" tabindex=\"-1\" >\n\t\t\tLeer m\u00e1s \u00bb\t\t<\/a>\n\n\t\t\t\t\t<\/div>\n\t\t\t\t<\/div>\n\t\t\t\t<div class=\"elementor-post__meta-data\">\n\t\t\t\t\t<span class=\"elementor-post-date\">\n\t\t\t23 de noviembre de 2022\t\t<\/span>\n\t\t\t\t<span class=\"elementor-post-avatar\">\n\t\t\tNo hay comentarios\t\t<\/span>\n\t\t\t\t<\/div>\n\t\t\t\t\t<\/div>\n\t\t<\/article>\n\t\t\t\t<\/div>\n\t\t\t\t\t<span class=\"e-load-more-spinner\">\n\t\t\t\t<i aria-hidden=\"true\" class=\"fas fa-spinner\"><\/i>\t\t\t<\/span>\n\t\t\n\t\t\t\t<div class=\"e-load-more-anchor\" data-page=\"1\" data-max-page=\"4\" data-next-page=\"https:\/\/www.unavets.com\/especies\/es\/wp-json\/wp\/v2\/pages\/18037\/page\/2\/\"><\/div>\n\t\t\t\t<div class=\"elementor-button-wrapper\">\n\t\t\t<a class=\"elementor-button elementor-size-sm\" role=\"button\">\n\t\t\t\t\t\t<span class=\"elementor-button-content-wrapper\">\n\t\t\t\t\t\t\t\t\t<span class=\"elementor-button-text\">Ver todos los post<\/span>\n\t\t\t\t\t<\/span>\n\t\t\t\t\t<\/a>\n\t\t<\/div>\n\t\t\t\t<div class=\"e-load-more-message\"><\/div>\n\t\t\t\t\t\t<\/div>\n\t\t\t\t<\/div>\n\t\t\t\t\t<\/div>\n\t\t<\/div>\n\t\t\t\t\t<\/div>\n\t\t<\/section>\n\t\t\t\t<\/div>\n\t\t","protected":false},"excerpt":{"rendered":"","protected":false},"author":8,"featured_media":0,"parent":0,"menu_order":0,"comment_status":"closed","ping_status":"closed","template":"page-fullwidth.php","meta":{"_acf_changed":false,"content-type":"","footnotes":""},"class_list":["post-18037","page","type-page","status-publish","hentry"],"acf":[],"_links":{"self":[{"href":"https:\/\/www.unavets.com\/especies\/es\/wp-json\/wp\/v2\/pages\/18037","targetHints":{"allow":["GET"]}}],"collection":[{"href":"https:\/\/www.unavets.com\/especies\/es\/wp-json\/wp\/v2\/pages"}],"about":[{"href":"https:\/\/www.unavets.com\/especies\/es\/wp-json\/wp\/v2\/types\/page"}],"author":[{"embeddable":true,"href":"https:\/\/www.unavets.com\/especies\/es\/wp-json\/wp\/v2\/users\/8"}],"replies":[{"embeddable":true,"href":"https:\/\/www.unavets.com\/especies\/es\/wp-json\/wp\/v2\/comments?post=18037"}],"version-history":[{"count":34,"href":"https:\/\/www.unavets.com\/especies\/es\/wp-json\/wp\/v2\/pages\/18037\/revisions"}],"predecessor-version":[{"id":19442,"href":"https:\/\/www.unavets.com\/especies\/es\/wp-json\/wp\/v2\/pages\/18037\/revisions\/19442"}],"wp:attachment":[{"href":"https:\/\/www.unavets.com\/especies\/es\/wp-json\/wp\/v2\/media?parent=18037"}],"curies":[{"name":"wp","href":"https:\/\/api.w.org\/{rel}","templated":true}]}}