{"id":28553,"date":"2024-04-11T14:22:12","date_gmt":"2024-04-11T14:22:12","guid":{"rendered":"https:\/\/www.unavets.com\/?page_id=28553"},"modified":"2025-12-02T17:28:03","modified_gmt":"2025-12-02T17:28:03","slug":"canal-de-denuncias","status":"publish","type":"page","link":"https:\/\/www.unavets.com\/es\/canal-de-denuncias\/","title":{"rendered":"Canal de Denuncias"},"content":{"rendered":"\t\t<div data-elementor-type=\"wp-page\" data-elementor-id=\"28553\" class=\"elementor elementor-28553\" data-elementor-post-type=\"page\">\n\t\t\t\t\t\t<section class=\"elementor-section elementor-top-section elementor-element elementor-element-e1227da elementor-section-boxed elementor-section-height-default elementor-section-height-default\" data-id=\"e1227da\" data-element_type=\"section\" data-e-type=\"section\">\n\t\t\t\t\t\t<div class=\"elementor-container elementor-column-gap-default\">\n\t\t\t\t\t<div class=\"elementor-column elementor-col-100 elementor-top-column elementor-element elementor-element-9dbf34a\" data-id=\"9dbf34a\" data-element_type=\"column\" data-e-type=\"column\">\n\t\t\t<div class=\"elementor-widget-wrap elementor-element-populated\">\n\t\t\t\t\t\t<div class=\"elementor-element elementor-element-b541b53 elementor-widget elementor-widget-text-editor\" data-id=\"b541b53\" data-element_type=\"widget\" data-e-type=\"widget\" data-widget_type=\"text-editor.default\">\n\t\t\t\t<div class=\"elementor-widget-container\">\n\t\t\t\t\t\t\t\t\t<p><span lang=\"ES-TRAD\" style=\"font-size: 12.0pt; line-height: 107%; font-family: 'Arial',sans-serif;\">En aplicaci\u00f3n de la normativa vigente, le informamos que hemos implementado un canal de denuncias confidencial y seguro para brindarle la oportunidad de reportar cualquier irregularidad o comportamiento inapropiado en nuestra entidad a trav\u00e9s del presente sitio web. El uso de este canal debe ser exclusivamente para fines leg\u00edtimos y relacionados con el prop\u00f3sito establecido. <\/span><span lang=\"ES-TRAD\" style=\"font-size: 12.0pt; line-height: 107%; font-family: 'Arial',sans-serif;\"><strong>Este canal no es un buz\u00f3n de quejas o sugerencias ni de atenci\u00f3n al cliente.\u00a0<\/strong><\/span><\/p><p><span style=\"font-family: Muli, sans-serif; letter-spacing: 0.1px;\">Atendiendo al mandato del art\u00edculo 87 del Reglamento, que aplica la Directiva (UE) 2019\/1937 sobre protecci\u00f3n de denunciantes a las infracciones del Reglamento de IA, ponemos su disposici\u00f3n y conocimiento, enlace directo para la denuncia de cualquier irregularidad ante la Oficina de la IA de la UE. <a href=\"https:\/\/ai-act-whistleblower.integrityline.app\/\" target=\"_blank\" rel=\"noopener\">https:\/\/ai-act-whistleblower.integrityline.app\/<\/a><\/span><\/p><p><span lang=\"ES-TRAD\" style=\"font-size: 12.0pt; line-height: 107%; font-family: 'Arial',sans-serif;\">Ser\u00e1 de aplicaci\u00f3n para UNAVETS. o cualquiera de las empresas que forman parte de su Grupo en Espa\u00f1a (filiales, participadas o cualquiera otra vinculaci\u00f3n).\u00a0<\/span><\/p>\t\t\t\t\t\t\t\t<\/div>\n\t\t\t\t<\/div>\n\t\t\t\t<div class=\"elementor-element elementor-element-8b26c67 elementor-widget-divider--view-line elementor-widget elementor-widget-divider\" data-id=\"8b26c67\" data-element_type=\"widget\" data-e-type=\"widget\" data-widget_type=\"divider.default\">\n\t\t\t\t<div class=\"elementor-widget-container\">\n\t\t\t\t\t\t\t<div class=\"elementor-divider\">\n\t\t\t<span class=\"elementor-divider-separator\">\n\t\t\t\t\t\t<\/span>\n\t\t<\/div>\n\t\t\t\t\t\t<\/div>\n\t\t\t\t<\/div>\n\t\t\t\t<div class=\"elementor-element elementor-element-69f39d6 elementor-align-center elementor-widget elementor-widget-button\" data-id=\"69f39d6\" data-element_type=\"widget\" data-e-type=\"widget\" data-widget_type=\"button.default\">\n\t\t\t\t<div class=\"elementor-widget-container\">\n\t\t\t\t\t\t\t\t\t<div class=\"elementor-button-wrapper\">\n\t\t\t\t\t<a class=\"elementor-button elementor-button-link elementor-size-sm\" href=\"https:\/\/info.unavets.com\/hubfs\/Canal%20de%20Denuncias\/C%C3%B3digo%20%C3%A9tico%20UNAVETS.pdf\" target=\"_blank\" rel=\"nofollow noopener\">\n\t\t\t\t\t\t<span class=\"elementor-button-content-wrapper\">\n\t\t\t\t\t\t<span class=\"elementor-button-icon\">\n\t\t\t\t<i aria-hidden=\"true\" class=\"far fa-file-pdf\"><\/i>\t\t\t<\/span>\n\t\t\t\t\t\t\t\t\t<span class=\"elementor-button-text\">C\u00f3digo \u00e9tico<\/span>\n\t\t\t\t\t<\/span>\n\t\t\t\t\t<\/a>\n\t\t\t\t<\/div>\n\t\t\t\t\t\t\t\t<\/div>\n\t\t\t\t<\/div>\n\t\t\t\t<div class=\"elementor-element elementor-element-f87579d elementor-align-center elementor-widget elementor-widget-button\" data-id=\"f87579d\" data-element_type=\"widget\" data-e-type=\"widget\" data-widget_type=\"button.default\">\n\t\t\t\t<div class=\"elementor-widget-container\">\n\t\t\t\t\t\t\t\t\t<div class=\"elementor-button-wrapper\">\n\t\t\t\t\t<a class=\"elementor-button elementor-button-link elementor-size-sm\" href=\"https:\/\/info.unavets.com\/hubfs\/Canal%20de%20Denuncias\/Protocolo%20de%20denuncias.pdf\" target=\"_blank\" rel=\"nofollow noopener\">\n\t\t\t\t\t\t<span class=\"elementor-button-content-wrapper\">\n\t\t\t\t\t\t<span class=\"elementor-button-icon\">\n\t\t\t\t<i aria-hidden=\"true\" class=\"far fa-file-pdf\"><\/i>\t\t\t<\/span>\n\t\t\t\t\t\t\t\t\t<span class=\"elementor-button-text\">Protocolo de denuncias<\/span>\n\t\t\t\t\t<\/span>\n\t\t\t\t\t<\/a>\n\t\t\t\t<\/div>\n\t\t\t\t\t\t\t\t<\/div>\n\t\t\t\t<\/div>\n\t\t\t\t\t<\/div>\n\t\t<\/div>\n\t\t\t\t\t<\/div>\n\t\t<\/section>\n\t\t\t\t<section class=\"elementor-section elementor-top-section elementor-element elementor-element-51cae6e elementor-section-boxed elementor-section-height-default elementor-section-height-default\" data-id=\"51cae6e\" data-element_type=\"section\" data-e-type=\"section\">\n\t\t\t\t\t\t<div class=\"elementor-container elementor-column-gap-default\">\n\t\t\t\t\t<div class=\"elementor-column elementor-col-100 elementor-top-column elementor-element elementor-element-535f5b2\" data-id=\"535f5b2\" data-element_type=\"column\" data-e-type=\"column\">\n\t\t\t<div class=\"elementor-widget-wrap elementor-element-populated\">\n\t\t\t\t\t\t<div class=\"elementor-element elementor-element-677575e elementor-widget elementor-widget-text-editor\" data-id=\"677575e\" data-element_type=\"widget\" data-e-type=\"widget\" data-widget_type=\"text-editor.default\">\n\t\t\t\t<div class=\"elementor-widget-container\">\n\t\t\t\t\t\t\t\t\t<p>\n\t\t\t\t\t\t<script>\n\t\t\t\t\t\t\twindow.hsFormsOnReady = window.hsFormsOnReady || [];\n\t\t\t\t\t\t\twindow.hsFormsOnReady.push(()=>{\n\t\t\t\t\t\t\t\thbspt.forms.create({\n\t\t\t\t\t\t\t\t\tportalId: 8560088,\n\t\t\t\t\t\t\t\t\tformId: \"8bbd708d-64c3-407e-bbe5-cb341787c814\",\n\t\t\t\t\t\t\t\t\ttarget: \"#hbspt-form-1778025083000-1375559504\",\n\t\t\t\t\t\t\t\t\tregion: \"na1\",\n\t\t\t\t\t\t\t\t\t\n\t\t\t\t\t\t\t})});\n\t\t\t\t\t\t<\/script>\n\t\t\t\t\t\t<div class=\"hbspt-form\" id=\"hbspt-form-1778025083000-1375559504\"><\/div><\/p>\t\t\t\t\t\t\t\t<\/div>\n\t\t\t\t<\/div>\n\t\t\t\t\t<\/div>\n\t\t<\/div>\n\t\t\t\t\t<\/div>\n\t\t<\/section>\n\t\t\t\t<\/div>\n\t\t","protected":false},"excerpt":{"rendered":"<p>En aplicaci\u00f3n de la normativa vigente, le informamos que hemos implementado un canal de denuncias confidencial y seguro para brindarle la oportunidad de reportar cualquier irregularidad o comportamiento inapropiado en nuestra entidad a trav\u00e9s del presente sitio web. El uso de este canal debe ser exclusivamente para fines leg\u00edtimos y relacionados con el prop\u00f3sito establecido. &hellip; <\/p>\n","protected":false},"author":8,"featured_media":0,"parent":0,"menu_order":0,"comment_status":"closed","ping_status":"closed","template":"page-fullwidth.php","meta":{"_acf_changed":false,"content-type":"","footnotes":""},"class_list":["post-28553","page","type-page","status-publish","hentry"],"acf":[],"_links":{"self":[{"href":"https:\/\/www.unavets.com\/es\/wp-json\/wp\/v2\/pages\/28553","targetHints":{"allow":["GET"]}}],"collection":[{"href":"https:\/\/www.unavets.com\/es\/wp-json\/wp\/v2\/pages"}],"about":[{"href":"https:\/\/www.unavets.com\/es\/wp-json\/wp\/v2\/types\/page"}],"author":[{"embeddable":true,"href":"https:\/\/www.unavets.com\/es\/wp-json\/wp\/v2\/users\/8"}],"replies":[{"embeddable":true,"href":"https:\/\/www.unavets.com\/es\/wp-json\/wp\/v2\/comments?post=28553"}],"version-history":[{"count":39,"href":"https:\/\/www.unavets.com\/es\/wp-json\/wp\/v2\/pages\/28553\/revisions"}],"predecessor-version":[{"id":33702,"href":"https:\/\/www.unavets.com\/es\/wp-json\/wp\/v2\/pages\/28553\/revisions\/33702"}],"wp:attachment":[{"href":"https:\/\/www.unavets.com\/es\/wp-json\/wp\/v2\/media?parent=28553"}],"curies":[{"name":"wp","href":"https:\/\/api.w.org\/{rel}","templated":true}]}}