{"id":17775,"date":"2021-06-15T12:10:03","date_gmt":"2021-06-15T12:10:03","guid":{"rendered":"http:\/\/www.unavets.com\/?page_id=17775"},"modified":"2021-07-15T12:22:03","modified_gmt":"2021-07-15T12:22:03","slug":"anestesia-manejo-dolor","status":"publish","type":"page","link":"https:\/\/www.unavets.com\/es\/anestesia-manejo-dolor\/","title":{"rendered":"Anestesia y manejo del dolor"},"content":{"rendered":"\t\t<div data-elementor-type=\"wp-page\" data-elementor-id=\"17775\" class=\"elementor elementor-17775 elementor-13660\" data-elementor-post-type=\"page\">\n\t\t\t\t\t\t<section class=\"elementor-section elementor-top-section elementor-element elementor-element-ef54e43 elementor-section-boxed elementor-section-height-default elementor-section-height-default\" data-id=\"ef54e43\" data-element_type=\"section\" data-e-type=\"section\" id=\"main-sec\">\n\t\t\t\t\t\t<div class=\"elementor-container elementor-column-gap-default\">\n\t\t\t\t\t<div class=\"elementor-column elementor-col-50 elementor-top-column elementor-element elementor-element-33d4413\" data-id=\"33d4413\" data-element_type=\"column\" data-e-type=\"column\">\n\t\t\t<div class=\"elementor-widget-wrap elementor-element-populated\">\n\t\t\t\t\t\t<div class=\"elementor-element elementor-element-b1127ad elementor-widget elementor-widget-text-editor\" data-id=\"b1127ad\" data-element_type=\"widget\" data-e-type=\"widget\" data-widget_type=\"text-editor.default\">\n\t\t\t\t<div class=\"elementor-widget-container\">\n\t\t\t\t\t\t\t\t\t<p>En las cl\u00ednicas de UNAVETS\u00a0el\u00a0equipo de Anestesia y manejo del dolor est\u00e1\u00a0formado por especialistas que tienen sumo cuidado en el manejo y la administraci\u00f3n de la anestesia con el fin de minimizar cualquier riesgo. Colaboran con servicios que ofrecemos en la cl\u00ednica, tales como cirug\u00edas, servicios de urgencias y oftalmolog\u00eda.<\/p><p>El equipo de Anestesia y manejo del dolor ayuda tambi\u00e9n en algunos procedimientos de diagn\u00f3stico como rayos X, endoscopias, limpieza dental y durante la recogida de muestras.\u00a0<\/p><p>El manejo del dolor es importante para acelerar la recuperaci\u00f3n de los animales, permiti\u00e9ndoles acortar los periodos de convalecencia y movilizaci\u00f3n. En patolog\u00edas cr\u00f3nicas, como la artrosis, el manejo del dolor permite a los animales tener una mejor calidad de vida.<\/p>\t\t\t\t\t\t\t\t<\/div>\n\t\t\t\t<\/div>\n\t\t\t\t<div class=\"elementor-element elementor-element-87f4bd7 elementor-widget elementor-widget-section_titleleft\" data-id=\"87f4bd7\" data-element_type=\"widget\" data-e-type=\"widget\" data-widget_type=\"section_titleleft.default\">\n\t\t\t\t<div class=\"elementor-widget-container\">\n\t\t\t\t\t        <div class=\"ab_text-title fl-wrap\">\n            <span class=\"section-separator fl-sec-sep\"><\/span>        <\/div>\n        \t\t\t\t<\/div>\n\t\t\t\t<\/div>\n\t\t\t\t\t<\/div>\n\t\t<\/div>\n\t\t\t\t<div class=\"elementor-column elementor-col-50 elementor-top-column elementor-element elementor-element-2773314\" data-id=\"2773314\" data-element_type=\"column\" data-e-type=\"column\">\n\t\t\t<div class=\"elementor-widget-wrap elementor-element-populated\">\n\t\t\t\t\t\t<div class=\"elementor-element elementor-element-c899f6b elementor-widget elementor-widget-image\" data-id=\"c899f6b\" data-element_type=\"widget\" data-e-type=\"widget\" data-widget_type=\"image.default\">\n\t\t\t\t<div class=\"elementor-widget-container\">\n\t\t\t\t\t\t\t\t\t\t\t\t\t\t\t<img fetchpriority=\"high\" decoding=\"async\" width=\"499\" height=\"333\" src=\"https:\/\/www.unavets.com\/wp-content\/uploads\/2021\/03\/Depositphotos_102858286_s-2015.jpg\" class=\"attachment-large size-large wp-image-15665\" alt=\"\" \/>\t\t\t\t\t\t\t\t\t\t\t\t\t\t\t<\/div>\n\t\t\t\t<\/div>\n\t\t\t\t\t<\/div>\n\t\t<\/div>\n\t\t\t\t\t<\/div>\n\t\t<\/section>\n\t\t\t\t<section class=\"elementor-section elementor-top-section elementor-element elementor-element-a739991 elementor-section-boxed elementor-section-height-default elementor-section-height-default\" data-id=\"a739991\" data-element_type=\"section\" data-e-type=\"section\">\n\t\t\t\t\t\t<div class=\"elementor-container elementor-column-gap-default\">\n\t\t\t\t\t<div class=\"elementor-column elementor-col-50 elementor-top-column elementor-element elementor-element-930bfe1\" data-id=\"930bfe1\" data-element_type=\"column\" data-e-type=\"column\">\n\t\t\t<div class=\"elementor-widget-wrap elementor-element-populated\">\n\t\t\t\t\t\t<div class=\"elementor-element elementor-element-62f19aa elementor-widget elementor-widget-image\" data-id=\"62f19aa\" data-element_type=\"widget\" data-e-type=\"widget\" data-widget_type=\"image.default\">\n\t\t\t\t<div class=\"elementor-widget-container\">\n\t\t\t\t\t\t\t\t\t\t\t\t\t\t\t<img decoding=\"async\" width=\"724\" height=\"552\" src=\"https:\/\/www.unavets.com\/wp-content\/uploads\/2021\/03\/shutterstock_1646780983-1.jpg\" class=\"attachment-large size-large wp-image-15677\" alt=\"\" \/>\t\t\t\t\t\t\t\t\t\t\t\t\t\t\t<\/div>\n\t\t\t\t<\/div>\n\t\t\t\t\t<\/div>\n\t\t<\/div>\n\t\t\t\t<div class=\"elementor-column elementor-col-50 elementor-top-column elementor-element elementor-element-e942da3\" data-id=\"e942da3\" data-element_type=\"column\" data-e-type=\"column\">\n\t\t\t<div class=\"elementor-widget-wrap elementor-element-populated\">\n\t\t\t\t\t\t<div class=\"elementor-element elementor-element-8a18a00 elementor-widget elementor-widget-text-editor\" data-id=\"8a18a00\" data-element_type=\"widget\" data-e-type=\"widget\" data-widget_type=\"text-editor.default\">\n\t\t\t\t<div class=\"elementor-widget-container\">\n\t\t\t\t\t\t\t\t\t<p><span style=\"font-weight: 400\">Estos son algunos de los servicios de Anestesia y tratamiento del dolor que las cl\u00ednicas UNAVETS ofrecen en sus cl\u00ednicas de Espa\u00f1a y Portugal:\u00a0<\/span><\/p><ul><li>Anestesia inyectable e inhalatoria<\/li><li>Anestesia regional, anestesia local y analgesia<\/li><li>Sedaci\u00f3n en todo tipo de animales para operaciones m\u00e1s delicadas<\/li><\/ul>\t\t\t\t\t\t\t\t<\/div>\n\t\t\t\t<\/div>\n\t\t\t\t<div class=\"elementor-element elementor-element-edf7c6d elementor-align-center elementor-widget elementor-widget-button\" data-id=\"edf7c6d\" data-element_type=\"widget\" data-e-type=\"widget\" data-widget_type=\"button.default\">\n\t\t\t\t<div class=\"elementor-widget-container\">\n\t\t\t\t\t\t\t\t\t<div class=\"elementor-button-wrapper\">\n\t\t\t\t\t<a class=\"elementor-button elementor-button-link elementor-size-sm\" href=\"http:\/\/www.unavets.com\/es\/nuestras-clinicas\/\">\n\t\t\t\t\t\t<span class=\"elementor-button-content-wrapper\">\n\t\t\t\t\t\t\t\t\t<span class=\"elementor-button-text\">Encuentra tu Cl\u00ednica<\/span>\n\t\t\t\t\t<\/span>\n\t\t\t\t\t<\/a>\n\t\t\t\t<\/div>\n\t\t\t\t\t\t\t\t<\/div>\n\t\t\t\t<\/div>\n\t\t\t\t\t<\/div>\n\t\t<\/div>\n\t\t\t\t\t<\/div>\n\t\t<\/section>\n\t\t\t\t<\/div>\n\t\t","protected":false},"excerpt":{"rendered":"<p>En las cl\u00ednicas de UNAVETS el equipo de Anestesia y manejo del dolor est\u00e1 formado por especialistas que tienen sumo cuidado en el manejo y la administraci\u00f3n de la anestesia con el fin de minimizar cualquier riesgo. Colaboran con servicios que ofrecemos en la cl\u00ednica, tales como cirug\u00edas, servicios de urgencias y oftalmolog\u00eda. El equipo &hellip; <\/p>\n","protected":false},"author":4,"featured_media":0,"parent":0,"menu_order":0,"comment_status":"closed","ping_status":"closed","template":"page-fullwidth.php","meta":{"_acf_changed":false,"content-type":"","footnotes":""},"class_list":["post-17775","page","type-page","status-publish","hentry"],"acf":[],"_links":{"self":[{"href":"https:\/\/www.unavets.com\/es\/wp-json\/wp\/v2\/pages\/17775","targetHints":{"allow":["GET"]}}],"collection":[{"href":"https:\/\/www.unavets.com\/es\/wp-json\/wp\/v2\/pages"}],"about":[{"href":"https:\/\/www.unavets.com\/es\/wp-json\/wp\/v2\/types\/page"}],"author":[{"embeddable":true,"href":"https:\/\/www.unavets.com\/es\/wp-json\/wp\/v2\/users\/4"}],"replies":[{"embeddable":true,"href":"https:\/\/www.unavets.com\/es\/wp-json\/wp\/v2\/comments?post=17775"}],"version-history":[{"count":0,"href":"https:\/\/www.unavets.com\/es\/wp-json\/wp\/v2\/pages\/17775\/revisions"}],"wp:attachment":[{"href":"https:\/\/www.unavets.com\/es\/wp-json\/wp\/v2\/media?parent=17775"}],"curies":[{"name":"wp","href":"https:\/\/api.w.org\/{rel}","templated":true}]}}