{"id":17770,"date":"2021-06-15T11:16:55","date_gmt":"2021-06-15T11:16:55","guid":{"rendered":"http:\/\/www.unavets.com\/?page_id=17770"},"modified":"2021-07-15T12:48:26","modified_gmt":"2021-07-15T12:48:26","slug":"hospitalizacion","status":"publish","type":"page","link":"https:\/\/www.unavets.com\/es\/hospitalizacion\/","title":{"rendered":"Hospitalizaci\u00f3n"},"content":{"rendered":"\t\t<div data-elementor-type=\"wp-post\" data-elementor-id=\"17770\" class=\"elementor elementor-17770 elementor-15660\" data-elementor-post-type=\"page\">\n\t\t\t\t\t\t<section class=\"elementor-section elementor-top-section elementor-element elementor-element-67a8c2b elementor-section-boxed elementor-section-height-default elementor-section-height-default\" data-id=\"67a8c2b\" data-element_type=\"section\" data-e-type=\"section\" id=\"main-sec\">\n\t\t\t\t\t\t<div class=\"elementor-container elementor-column-gap-wide\">\n\t\t\t\t\t<div class=\"elementor-column elementor-col-50 elementor-top-column elementor-element elementor-element-ca9591a\" data-id=\"ca9591a\" data-element_type=\"column\" data-e-type=\"column\">\n\t\t\t<div class=\"elementor-widget-wrap elementor-element-populated\">\n\t\t\t\t\t\t<div class=\"elementor-element elementor-element-47bc17d elementor-widget elementor-widget-text-editor\" data-id=\"47bc17d\" data-element_type=\"widget\" data-e-type=\"widget\" data-widget_type=\"text-editor.default\">\n\t\t\t\t<div class=\"elementor-widget-container\">\n\t\t\t\t\t\t\t\t\t<div class=\"ewa-rteLine\">Nuestro servicio de hospitalizaci\u00f3n est\u00e1 dedicado al cuidado intensivo del paciente.<\/div><div>\u00a0<\/div><div class=\"ewa-rteLine\">Disponemos de salas de hospitalizaci\u00f3n diferenciadas para perros, gatos y animales infecciosos.<\/div><div>\u00a0<\/div><div class=\"ewa-rteLine\">Nuestro equipo veterinario vigila constantemente a los pacientes.<\/div><div>\u00a0<\/div><div class=\"ewa-rteLine\">Disponemos de equipos de fluidoterapia con infusi\u00f3n constante, nutrici\u00f3n a trav\u00e9s de sonda nasoesof\u00e1gica, drenajes, cat\u00e9teres, oxigenoterapia, l\u00e1mparas de infrarrojos &#8230;etc.<\/div>\t\t\t\t\t\t\t\t<\/div>\n\t\t\t\t<\/div>\n\t\t\t\t<div class=\"elementor-element elementor-element-66bd7d7 elementor-align-center elementor-widget elementor-widget-button\" data-id=\"66bd7d7\" data-element_type=\"widget\" data-e-type=\"widget\" data-widget_type=\"button.default\">\n\t\t\t\t<div class=\"elementor-widget-container\">\n\t\t\t\t\t\t\t\t\t<div class=\"elementor-button-wrapper\">\n\t\t\t\t\t<a class=\"elementor-button elementor-button-link elementor-size-sm\" href=\"http:\/\/www.unavets.com\/es\/nuestras-clinicas\/\">\n\t\t\t\t\t\t<span class=\"elementor-button-content-wrapper\">\n\t\t\t\t\t\t\t\t\t<span class=\"elementor-button-text\">Encuentra tu Cl\u00ednica<\/span>\n\t\t\t\t\t<\/span>\n\t\t\t\t\t<\/a>\n\t\t\t\t<\/div>\n\t\t\t\t\t\t\t\t<\/div>\n\t\t\t\t<\/div>\n\t\t\t\t\t<\/div>\n\t\t<\/div>\n\t\t\t\t<div class=\"elementor-column elementor-col-50 elementor-top-column elementor-element elementor-element-2d1c6da\" data-id=\"2d1c6da\" data-element_type=\"column\" data-e-type=\"column\">\n\t\t\t<div class=\"elementor-widget-wrap elementor-element-populated\">\n\t\t\t\t\t\t<div class=\"elementor-element elementor-element-9b41ca2 elementor-widget elementor-widget-image\" data-id=\"9b41ca2\" data-element_type=\"widget\" data-e-type=\"widget\" data-widget_type=\"image.default\">\n\t\t\t\t<div class=\"elementor-widget-container\">\n\t\t\t\t\t\t\t\t\t\t\t\t\t\t\t<img fetchpriority=\"high\" decoding=\"async\" width=\"500\" height=\"333\" src=\"https:\/\/www.unavets.com\/wp-content\/uploads\/2021\/06\/hospitalization.jpeg\" class=\"attachment-large size-large wp-image-17649\" alt=\"\" \/>\t\t\t\t\t\t\t\t\t\t\t\t\t\t\t<\/div>\n\t\t\t\t<\/div>\n\t\t\t\t\t<\/div>\n\t\t<\/div>\n\t\t\t\t\t<\/div>\n\t\t<\/section>\n\t\t\t\t<section class=\"elementor-section elementor-top-section elementor-element elementor-element-5d3fed1 elementor-section-boxed elementor-section-height-default elementor-section-height-default\" data-id=\"5d3fed1\" data-element_type=\"section\" data-e-type=\"section\">\n\t\t\t\t\t\t<div class=\"elementor-container elementor-column-gap-default\">\n\t\t\t\t\t<div class=\"elementor-column elementor-col-100 elementor-top-column elementor-element elementor-element-89d9722\" data-id=\"89d9722\" data-element_type=\"column\" data-e-type=\"column\">\n\t\t\t<div class=\"elementor-widget-wrap elementor-element-populated\">\n\t\t\t\t\t\t<section class=\"elementor-section elementor-inner-section elementor-element elementor-element-d6542dd elementor-section-boxed elementor-section-height-default elementor-section-height-default\" data-id=\"d6542dd\" data-element_type=\"section\" data-e-type=\"section\">\n\t\t\t\t\t\t<div class=\"elementor-container elementor-column-gap-default\">\n\t\t\t\t\t<div class=\"elementor-column elementor-col-100 elementor-inner-column elementor-element elementor-element-9c1f476\" data-id=\"9c1f476\" data-element_type=\"column\" data-e-type=\"column\">\n\t\t\t<div class=\"elementor-widget-wrap elementor-element-populated\">\n\t\t\t\t\t\t<div class=\"elementor-element elementor-element-f0fd0ba elementor-widget elementor-widget-text-editor\" data-id=\"f0fd0ba\" data-element_type=\"widget\" data-e-type=\"widget\" data-widget_type=\"text-editor.default\">\n\t\t\t\t<div class=\"elementor-widget-container\">\n\t\t\t\t\t\t\t\t\t<p>La hospitalizaci\u00f3n es imprescindible en animales que acaban de ser intervenidos quir\u00fargicamente, en enfermedades que requieren un tratamiento y supervisi\u00f3n continua (insuficiencias renales, procesos infecciosos severos, cuadros digestivos\u2026) donde reciben fluidoterapia intravenosa, nutrici\u00f3n parenteral, medicaci\u00f3n, todo ello bajo la constante supervisi\u00f3n de veterinarios y auxiliares que comprueban su grado de hidrataci\u00f3n, su alimentaci\u00f3n, sus constantes vitales, realizando las curas necesarias, administrando oxigenoterapia, estando alerta de cualquier variaci\u00f3n en el estado del paciente para poder realizar las pruebas necesarias o modificar el tratamiento en funci\u00f3n de su evoluci\u00f3n.<\/p><p>Contamos con dos espacios diferenciados para hospitalizar los perros y los gatos y un tercer espacio independiente donde aislar a los animales con enfermedades infecciosas que evita el posible contagio al resto de hospitalizados.<\/p><p>La sala de hospitalizaci\u00f3n cuenta con bombas de infusi\u00f3n que permiten controlar y ajustar la velocidad de perfusi\u00f3n de sueros y medicaci\u00f3n. Una incubadora para neonatos, animales hipot\u00e9rmicos o en estado cr\u00edtico, l\u00e1mpara de calor.<\/p><p>Contamos con un completo equipamiento para la monitorizaci\u00f3n y el tratamiento de todo tipo de animales (l\u00e1mparas de calor, equipos de infusi\u00f3n, y una jaula de unidad de cuidados intensivos (UCI) en las que se controla ox\u00edgeno y temperatura).<\/p>\t\t\t\t\t\t\t\t<\/div>\n\t\t\t\t<\/div>\n\t\t\t\t\t<\/div>\n\t\t<\/div>\n\t\t\t\t\t<\/div>\n\t\t<\/section>\n\t\t\t\t\t<\/div>\n\t\t<\/div>\n\t\t\t\t\t<\/div>\n\t\t<\/section>\n\t\t\t\t<\/div>\n\t\t","protected":false},"excerpt":{"rendered":"<p>Nuestro servicio de hospitalizaci\u00f3n est\u00e1 dedicado al cuidado intensivo del paciente. Disponemos de salas de hospitalizaci\u00f3n diferenciadas para perros, gatos y animales infecciosos. Nuestro equipo veterinario vigila constantemente a los pacientes. Disponemos de equipos de fluidoterapia con infusi\u00f3n constante, nutrici\u00f3n a trav\u00e9s de sonda nasoesof\u00e1gica, drenajes, cat\u00e9teres, oxigenoterapia, l\u00e1mparas de infrarrojos &#8230;etc. Encuentra tu Cl\u00ednica &hellip; <\/p>\n","protected":false},"author":4,"featured_media":0,"parent":0,"menu_order":0,"comment_status":"closed","ping_status":"closed","template":"page-fullwidth.php","meta":{"_acf_changed":false,"content-type":"","footnotes":""},"class_list":["post-17770","page","type-page","status-publish","hentry"],"acf":[],"_links":{"self":[{"href":"https:\/\/www.unavets.com\/es\/wp-json\/wp\/v2\/pages\/17770","targetHints":{"allow":["GET"]}}],"collection":[{"href":"https:\/\/www.unavets.com\/es\/wp-json\/wp\/v2\/pages"}],"about":[{"href":"https:\/\/www.unavets.com\/es\/wp-json\/wp\/v2\/types\/page"}],"author":[{"embeddable":true,"href":"https:\/\/www.unavets.com\/es\/wp-json\/wp\/v2\/users\/4"}],"replies":[{"embeddable":true,"href":"https:\/\/www.unavets.com\/es\/wp-json\/wp\/v2\/comments?post=17770"}],"version-history":[{"count":0,"href":"https:\/\/www.unavets.com\/es\/wp-json\/wp\/v2\/pages\/17770\/revisions"}],"wp:attachment":[{"href":"https:\/\/www.unavets.com\/es\/wp-json\/wp\/v2\/media?parent=17770"}],"curies":[{"name":"wp","href":"https:\/\/api.w.org\/{rel}","templated":true}]}}