{"id":16871,"date":"2021-05-26T14:53:33","date_gmt":"2021-05-26T14:53:33","guid":{"rendered":"http:\/\/www.unavets.com\/?page_id=16871"},"modified":"2025-11-21T09:54:22","modified_gmt":"2025-11-21T09:54:22","slug":"medicina-felina","status":"publish","type":"page","link":"https:\/\/www.unavets.com\/es\/medicina-felina\/","title":{"rendered":"Medicina Felina"},"content":{"rendered":"\t\t<div data-elementor-type=\"wp-page\" data-elementor-id=\"16871\" class=\"elementor elementor-16871\" data-elementor-post-type=\"page\">\n\t\t\t\t\t\t<section class=\"elementor-section elementor-top-section elementor-element elementor-element-d168079 elementor-section-boxed elementor-section-height-default elementor-section-height-default\" data-id=\"d168079\" data-element_type=\"section\" data-e-type=\"section\" id=\"main-sec\">\n\t\t\t\t\t\t<div class=\"elementor-container elementor-column-gap-default\">\n\t\t\t\t\t<div class=\"elementor-column elementor-col-100 elementor-top-column elementor-element elementor-element-81a755a\" data-id=\"81a755a\" data-element_type=\"column\" data-e-type=\"column\">\n\t\t\t<div class=\"elementor-widget-wrap elementor-element-populated\">\n\t\t\t\t\t\t<div class=\"elementor-element elementor-element-100bdd8 elementor-align-center elementor-widget elementor-widget-button\" data-id=\"100bdd8\" data-element_type=\"widget\" data-e-type=\"widget\" data-widget_type=\"button.default\">\n\t\t\t\t<div class=\"elementor-widget-container\">\n\t\t\t\t\t\t\t\t\t<div class=\"elementor-button-wrapper\">\n\t\t\t\t\t<a class=\"elementor-button elementor-button-link elementor-size-sm\" href=\"http:\/\/www.unavets.com\/es\/nuestras-clinicas\/\">\n\t\t\t\t\t\t<span class=\"elementor-button-content-wrapper\">\n\t\t\t\t\t\t\t\t\t<span class=\"elementor-button-text\">Encuentra la Cl\u00ednica UNAVETS M\u00e1s Cercana<\/span>\n\t\t\t\t\t<\/span>\n\t\t\t\t\t<\/a>\n\t\t\t\t<\/div>\n\t\t\t\t\t\t\t\t<\/div>\n\t\t\t\t<\/div>\n\t\t\t\t<div class=\"elementor-element elementor-element-4f52568 elementor-widget elementor-widget-text-editor\" data-id=\"4f52568\" data-element_type=\"widget\" data-e-type=\"widget\" data-widget_type=\"text-editor.default\">\n\t\t\t\t<div class=\"elementor-widget-container\">\n\t\t\t\t\t\t\t\t\t<h2 data-start=\"179\" data-end=\"245\">Medicina felina: un enfoque adaptado a las necesidades del gato<\/h2>\t\t\t\t\t\t\t\t<\/div>\n\t\t\t\t<\/div>\n\t\t\t\t<div class=\"elementor-element elementor-element-6e1199b elementor-widget elementor-widget-text-editor\" data-id=\"6e1199b\" data-element_type=\"widget\" data-e-type=\"widget\" data-widget_type=\"text-editor.default\">\n\t\t\t\t<div class=\"elementor-widget-container\">\n\t\t\t\t\t\t\t\t\t<h3 data-start=\"706\" data-end=\"745\">Instalaciones espec\u00edficas para gatos<\/h3>\t\t\t\t\t\t\t\t<\/div>\n\t\t\t\t<\/div>\n\t\t\t\t<div class=\"elementor-element elementor-element-b7bb85c elementor-widget elementor-widget-section_titleleft\" data-id=\"b7bb85c\" data-element_type=\"widget\" data-e-type=\"widget\" data-widget_type=\"section_titleleft.default\">\n\t\t\t\t<div class=\"elementor-widget-container\">\n\t\t\t\t\t        <div class=\"ab_text-title fl-wrap\">\n            La medicina felina requiere un abordaje completamente distinto al de los perros. El comportamiento del gato, su manejo y la forma en la que expresa dolor, estr\u00e9s o enfermedad son \u00fanicos, por lo que necesitan protocolos espec\u00edficos y un entorno especialmente pensado para ellos. Adem\u00e1s, muchas de sus patolog\u00edas cr\u00f3nicas, problemas respiratorios, digestivos o urinarios exigen conocimientos especializados y tratamientos adaptados a la fisiolog\u00eda felina.        <\/div>\n        \t\t\t\t<\/div>\n\t\t\t\t<\/div>\n\t\t\t\t<div class=\"elementor-element elementor-element-f0a9338 elementor-widget elementor-widget-text-editor\" data-id=\"f0a9338\" data-element_type=\"widget\" data-e-type=\"widget\" data-widget_type=\"text-editor.default\">\n\t\t\t\t<div class=\"elementor-widget-container\">\n\t\t\t\t\t\t\t\t\t<p data-start=\"747\" data-end=\"865\">Para ofrecer una atenci\u00f3n \u00f3ptima en <a href=\"https:\/\/www.unavets.com\/amedialua\/es\/medicina-felina\/\">medicina felina<\/a>, nuestro centro dispone de espacios completamente diferenciados:<\/p><ul><li data-start=\"868\" data-end=\"943\"><strong data-start=\"868\" data-end=\"907\">Sala de espera exclusiva para gatos<\/strong>, dise\u00f1ada para reducir el estr\u00e9s.<\/li><li data-start=\"868\" data-end=\"943\"><strong data-start=\"946\" data-end=\"974\">Consultas independientes<\/strong>, m\u00e1s tranquilas y alejadas del \u00e1rea canina.<\/li><li data-start=\"1023\" data-end=\"1121\"><strong data-start=\"1023\" data-end=\"1049\">Hospitalizaci\u00f3n felina<\/strong>, con un ambiente controlado y confortable que favorece su recuperaci\u00f3n.<\/li><\/ul><p data-start=\"1123\" data-end=\"1261\">Esta distribuci\u00f3n nos permite trabajar de manera m\u00e1s segura y respetuosa, garantizando una experiencia positiva para cada paciente felino.<\/p>\t\t\t\t\t\t\t\t<\/div>\n\t\t\t\t<\/div>\n\t\t\t\t<div class=\"elementor-element elementor-element-bc7a161 elementor-widget elementor-widget-text-editor\" data-id=\"bc7a161\" data-element_type=\"widget\" data-e-type=\"widget\" data-widget_type=\"text-editor.default\">\n\t\t\t\t<div class=\"elementor-widget-container\">\n\t\t\t\t\t\t\t\t\t<h3 data-start=\"1263\" data-end=\"1307\">Profesionales expertos en medicina felina<\/h3>\t\t\t\t\t\t\t\t<\/div>\n\t\t\t\t<\/div>\n\t\t\t\t<div class=\"elementor-element elementor-element-782aa05 elementor-widget elementor-widget-text-editor\" data-id=\"782aa05\" data-element_type=\"widget\" data-e-type=\"widget\" data-widget_type=\"text-editor.default\">\n\t\t\t\t<div class=\"elementor-widget-container\">\n\t\t\t\t\t\t\t\t\t<p data-start=\"1309\" data-end=\"1620\">Nuestro equipo est\u00e1 formado por <strong data-start=\"1341\" data-end=\"1404\">veterinarios y auxiliares especializados en medicina felina<\/strong>, con formaci\u00f3n avanzada en comportamiento, manejo y patolog\u00edas espec\u00edficas de la especie. Comprendemos su lenguaje corporal, sus l\u00edmites y las t\u00e9cnicas m\u00e1s adecuadas para explorarlos sin generar miedo o incomodidad.<\/p><p data-start=\"1622\" data-end=\"1816\" data-is-last-node=\"\" data-is-only-node=\"\">Amamos a los gatos y trabajamos para que cada visita sea tranquila, segura y adaptada a sus necesidades, ofreciendo una medicina felina rigurosa, actualizada y orientada al bienestar del animal.<\/p>\t\t\t\t\t\t\t\t<\/div>\n\t\t\t\t<\/div>\n\t\t\t\t<div class=\"elementor-element elementor-element-64203ec elementor-widget elementor-widget-image\" data-id=\"64203ec\" data-element_type=\"widget\" data-e-type=\"widget\" data-widget_type=\"image.default\">\n\t\t\t\t<div class=\"elementor-widget-container\">\n\t\t\t\t\t\t\t\t\t\t\t\t\t\t\t<img fetchpriority=\"high\" decoding=\"async\" width=\"724\" height=\"529\" src=\"https:\/\/www.unavets.com\/wp-content\/uploads\/2021\/05\/shutterstock_471593315-2-768x561.jpg\" class=\"attachment-medium_large size-medium_large wp-image-16869\" alt=\"\" \/>\t\t\t\t\t\t\t\t\t\t\t\t\t\t\t<\/div>\n\t\t\t\t<\/div>\n\t\t\t\t\t<\/div>\n\t\t<\/div>\n\t\t\t\t\t<\/div>\n\t\t<\/section>\n\t\t\t\t<\/div>\n\t\t","protected":false},"excerpt":{"rendered":"<p>Encuentra la Cl\u00ednica UNAVETS M\u00e1s Cercana Medicina felina: un enfoque adaptado a las necesidades del gato Instalaciones espec\u00edficas para gatos La medicina felina requiere un abordaje completamente distinto al de los perros. El comportamiento del gato, su manejo y la forma en la que expresa dolor, estr\u00e9s o enfermedad son \u00fanicos, por lo que necesitan &hellip; <\/p>\n","protected":false},"author":4,"featured_media":0,"parent":0,"menu_order":0,"comment_status":"closed","ping_status":"closed","template":"page-fullwidth.php","meta":{"_acf_changed":false,"content-type":"","footnotes":""},"class_list":["post-16871","page","type-page","status-publish","hentry"],"acf":[],"_links":{"self":[{"href":"https:\/\/www.unavets.com\/es\/wp-json\/wp\/v2\/pages\/16871","targetHints":{"allow":["GET"]}}],"collection":[{"href":"https:\/\/www.unavets.com\/es\/wp-json\/wp\/v2\/pages"}],"about":[{"href":"https:\/\/www.unavets.com\/es\/wp-json\/wp\/v2\/types\/page"}],"author":[{"embeddable":true,"href":"https:\/\/www.unavets.com\/es\/wp-json\/wp\/v2\/users\/4"}],"replies":[{"embeddable":true,"href":"https:\/\/www.unavets.com\/es\/wp-json\/wp\/v2\/comments?post=16871"}],"version-history":[{"count":16,"href":"https:\/\/www.unavets.com\/es\/wp-json\/wp\/v2\/pages\/16871\/revisions"}],"predecessor-version":[{"id":33668,"href":"https:\/\/www.unavets.com\/es\/wp-json\/wp\/v2\/pages\/16871\/revisions\/33668"}],"wp:attachment":[{"href":"https:\/\/www.unavets.com\/es\/wp-json\/wp\/v2\/media?parent=16871"}],"curies":[{"name":"wp","href":"https:\/\/api.w.org\/{rel}","templated":true}]}}