{"id":16843,"date":"2021-05-26T11:41:58","date_gmt":"2021-05-26T11:41:58","guid":{"rendered":"http:\/\/www.unavets.com\/?page_id=16843"},"modified":"2021-07-15T12:01:29","modified_gmt":"2021-07-15T12:01:29","slug":"oftalmologia","status":"publish","type":"page","link":"https:\/\/www.unavets.com\/es\/oftalmologia\/","title":{"rendered":"Oftalmolog\u00eda"},"content":{"rendered":"\t\t<div data-elementor-type=\"wp-page\" data-elementor-id=\"16843\" class=\"elementor elementor-16843\" data-elementor-post-type=\"page\">\n\t\t\t\t\t\t<section class=\"elementor-section elementor-top-section elementor-element elementor-element-ef54e43 elementor-section-boxed elementor-section-height-default elementor-section-height-default\" data-id=\"ef54e43\" data-element_type=\"section\" data-e-type=\"section\" id=\"main-sec\">\n\t\t\t\t\t\t<div class=\"elementor-container elementor-column-gap-default\">\n\t\t\t\t\t<div class=\"elementor-column elementor-col-50 elementor-top-column elementor-element elementor-element-33d4413\" data-id=\"33d4413\" data-element_type=\"column\" data-e-type=\"column\">\n\t\t\t<div class=\"elementor-widget-wrap elementor-element-populated\">\n\t\t\t\t\t\t<div class=\"elementor-element elementor-element-b1127ad elementor-widget elementor-widget-text-editor\" data-id=\"b1127ad\" data-element_type=\"widget\" data-e-type=\"widget\" data-widget_type=\"text-editor.default\">\n\t\t\t\t<div class=\"elementor-widget-container\">\n\t\t\t\t\t\t\t\t\t<p>Las consultas de oftalmolog\u00eda son casi siempre motivo de urgencia; ya que una actuaci\u00f3n temprana tiene siempre un mejor pron\u00f3stico, signos como rascarse los ojos, tener los parpados cerrados o la secreci\u00f3n ocular son un buen motivo para acudir al veterinario. Los ojos son estructuras muy delicadas y sensibles que permiten a nuestra mascota interactuar con el ambiente que la rodea gracias al sentido de la vista.<\/p><p>El servicio de oftalmolog\u00eda del hospital cuenta con el equipo y el material necesario para garantizar un correcto diagn\u00f3stico y tratamiento de las enfermedades oculares m\u00e1s comunes.<\/p>\t\t\t\t\t\t\t\t<\/div>\n\t\t\t\t<\/div>\n\t\t\t\t<div class=\"elementor-element elementor-element-b831e8b elementor-align-center elementor-widget elementor-widget-button\" data-id=\"b831e8b\" data-element_type=\"widget\" data-e-type=\"widget\" data-widget_type=\"button.default\">\n\t\t\t\t<div class=\"elementor-widget-container\">\n\t\t\t\t\t\t\t\t\t<div class=\"elementor-button-wrapper\">\n\t\t\t\t\t<a class=\"elementor-button elementor-button-link elementor-size-sm\" href=\"http:\/\/www.unavets.com\/es\/nuestras-clinicas\/\">\n\t\t\t\t\t\t<span class=\"elementor-button-content-wrapper\">\n\t\t\t\t\t\t\t\t\t<span class=\"elementor-button-text\">Encuentra la Cl\u00ednica UNAVETS M\u00e1s Cercana<\/span>\n\t\t\t\t\t<\/span>\n\t\t\t\t\t<\/a>\n\t\t\t\t<\/div>\n\t\t\t\t\t\t\t\t<\/div>\n\t\t\t\t<\/div>\n\t\t\t\t\t<\/div>\n\t\t<\/div>\n\t\t\t\t<div class=\"elementor-column elementor-col-50 elementor-top-column elementor-element elementor-element-2773314\" data-id=\"2773314\" data-element_type=\"column\" data-e-type=\"column\">\n\t\t\t<div class=\"elementor-widget-wrap elementor-element-populated\">\n\t\t\t\t\t\t<div class=\"elementor-element elementor-element-c899f6b elementor-widget elementor-widget-image\" data-id=\"c899f6b\" data-element_type=\"widget\" data-e-type=\"widget\" data-widget_type=\"image.default\">\n\t\t\t\t<div class=\"elementor-widget-container\">\n\t\t\t\t\t\t\t\t\t\t\t\t\t\t\t<img fetchpriority=\"high\" decoding=\"async\" width=\"724\" height=\"483\" src=\"https:\/\/www.unavets.com\/wp-content\/uploads\/2021\/03\/Depositphotos_1452865_original-2.jpg\" class=\"attachment-large size-large wp-image-15690\" alt=\"\" \/>\t\t\t\t\t\t\t\t\t\t\t\t\t\t\t<\/div>\n\t\t\t\t<\/div>\n\t\t\t\t\t<\/div>\n\t\t<\/div>\n\t\t\t\t\t<\/div>\n\t\t<\/section>\n\t\t\t\t<section class=\"elementor-section elementor-top-section elementor-element elementor-element-beac245 elementor-section-boxed elementor-section-height-default elementor-section-height-default\" data-id=\"beac245\" data-element_type=\"section\" data-e-type=\"section\">\n\t\t\t\t\t\t<div class=\"elementor-container elementor-column-gap-default\">\n\t\t\t\t\t<div class=\"elementor-column elementor-col-100 elementor-top-column elementor-element elementor-element-0c005f4\" data-id=\"0c005f4\" data-element_type=\"column\" data-e-type=\"column\">\n\t\t\t<div class=\"elementor-widget-wrap elementor-element-populated\">\n\t\t\t\t\t\t<div class=\"elementor-element elementor-element-61c9b99 elementor-widget elementor-widget-section_titleleft\" data-id=\"61c9b99\" data-element_type=\"widget\" data-e-type=\"widget\" data-widget_type=\"section_titleleft.default\">\n\t\t\t\t<div class=\"elementor-widget-container\">\n\t\t\t\t\t        <div class=\"ab_text-title fl-wrap\">\n            <h3>Lesiones oculares m\u00e1s frecuentes<\/h3><span class=\"section-separator fl-sec-sep\"><\/span>        <\/div>\n        \t\t\t\t<\/div>\n\t\t\t\t<\/div>\n\t\t\t\t\t<\/div>\n\t\t<\/div>\n\t\t\t\t\t<\/div>\n\t\t<\/section>\n\t\t\t\t<section class=\"elementor-section elementor-top-section elementor-element elementor-element-a739991 elementor-section-boxed elementor-section-height-default elementor-section-height-default\" data-id=\"a739991\" data-element_type=\"section\" data-e-type=\"section\">\n\t\t\t\t\t\t<div class=\"elementor-container elementor-column-gap-default\">\n\t\t\t\t\t<div class=\"elementor-column elementor-col-50 elementor-top-column elementor-element elementor-element-930bfe1\" data-id=\"930bfe1\" data-element_type=\"column\" data-e-type=\"column\">\n\t\t\t<div class=\"elementor-widget-wrap elementor-element-populated\">\n\t\t\t\t\t\t<div class=\"elementor-element elementor-element-62f19aa elementor-widget elementor-widget-image\" data-id=\"62f19aa\" data-element_type=\"widget\" data-e-type=\"widget\" data-widget_type=\"image.default\">\n\t\t\t\t<div class=\"elementor-widget-container\">\n\t\t\t\t\t\t\t\t\t\t\t\t\t\t\t<img decoding=\"async\" width=\"658\" height=\"1024\" src=\"https:\/\/www.unavets.com\/wp-content\/uploads\/2021\/03\/Depositphotos_2097148_original-2-658x1024.jpg\" class=\"attachment-large size-large wp-image-15686\" alt=\"\" \/>\t\t\t\t\t\t\t\t\t\t\t\t\t\t\t<\/div>\n\t\t\t\t<\/div>\n\t\t\t\t<div class=\"elementor-element elementor-element-cbb5346 elementor-align-center elementor-widget elementor-widget-button\" data-id=\"cbb5346\" data-element_type=\"widget\" data-e-type=\"widget\" data-widget_type=\"button.default\">\n\t\t\t\t<div class=\"elementor-widget-container\">\n\t\t\t\t\t\t\t\t\t<div class=\"elementor-button-wrapper\">\n\t\t\t\t\t<a class=\"elementor-button elementor-button-link elementor-size-sm\" href=\"http:\/\/www.unavets.com\/es\/nuestras-clinicas\/\">\n\t\t\t\t\t\t<span class=\"elementor-button-content-wrapper\">\n\t\t\t\t\t\t\t\t\t<span class=\"elementor-button-text\">Encuentra la Cl\u00ednica UNAVETS M\u00e1s Cercana<\/span>\n\t\t\t\t\t<\/span>\n\t\t\t\t\t<\/a>\n\t\t\t\t<\/div>\n\t\t\t\t\t\t\t\t<\/div>\n\t\t\t\t<\/div>\n\t\t\t\t\t<\/div>\n\t\t<\/div>\n\t\t\t\t<div class=\"elementor-column elementor-col-50 elementor-top-column elementor-element elementor-element-e942da3\" data-id=\"e942da3\" data-element_type=\"column\" data-e-type=\"column\">\n\t\t\t<div class=\"elementor-widget-wrap elementor-element-populated\">\n\t\t\t\t\t\t<div class=\"elementor-element elementor-element-8a18a00 elementor-widget elementor-widget-text-editor\" data-id=\"8a18a00\" data-element_type=\"widget\" data-e-type=\"widget\" data-widget_type=\"text-editor.default\">\n\t\t\t\t<div class=\"elementor-widget-container\">\n\t\t\t\t\t\t\t\t\t<p><strong>\u00dalceras corneales:<\/strong> En nuestra cl\u00ednica tratamos diariamente \u00falceras corneales simples y complicadas. Hoy en d\u00eda, la t\u00e9cnica de pulido de c\u00f3rnea y la aplicaci\u00f3n de lentes de contacto terap\u00e9uticas han hecho que la resoluci\u00f3n quir\u00fargica de las \u00falceras m\u00e1s complicadas sea un proceso m\u00e1s sencillo y seguro. En casos excepcionales, para \u00falceras profundas o aquellas con alto riesgo de perforaci\u00f3n, utilizamos t\u00e9cnicas de injerto de membrana celular.<\/p>\n<p><strong>Prolapso de gl\u00e1ndula lagrimal<\/strong> o de la membrana nictitante: El prolapso de esta gl\u00e1ndula es un proceso muy frecuente, responsable de producir el 40 % de la secreci\u00f3n acuosa de la l\u00e1grima. Hoy en d\u00eda se recomienda la cirug\u00eda para reposicionarla y evitar que pierda su funci\u00f3n.<\/p>\n<p><strong>Entropi\u00f3n\/Ectropi\u00f3n:<\/strong> Muchos de los problemas oculares que afectan a nuestras mascotas se deben a anomal\u00edas en la posici\u00f3n y forma de los parpados. En nuestra cl\u00ednica realizamos t\u00e9cnicas de correcci\u00f3n pl\u00e1stica palpebral incluyendo t\u00e9cnicas especiales como la cirug\u00eda de Shar-pei, o t\u00e9cnicas para corregir el s\u00edndrome ocular del braquiocef\u00e1lico.<\/p>\n<p><strong>Uve\u00edtis:<\/strong> Es una inflamaci\u00f3n intraocular, que puede ser resultado de procesos externos (traumatismo, accidente) o internos (infecci\u00f3n, neoplasia, procesos de respuesta inmunitaria) cuyas consecuencias pueden ser muy graves. Un diagn\u00f3stico correcto y determinar un tratamiento lo m\u00e1s r\u00e1pido posible son las claves para un buen pron\u00f3stico.<\/p>\n<p><strong>Glaucoma:<\/strong> Es el resultado de un aumento de presi\u00f3n dentro del ojo, lo que produce una sintomatolog\u00eda muy dolorosa y puede producir la perdida de la visi\u00f3n de nuestras mascotas. En muchos casos es necesario recurrir a la cirug\u00eda para poder controlar el proceso.<\/p>\n<p><strong>Cataratas:<\/strong> Tal como ocurre con los humanos, nuestras mascotas tambi\u00e9n pueden sufrir alteraciones en sus cristalinos que deriven en la formaci\u00f3n de cataratas. En este caso, es importante conocer la causa de las mismas para poder realizar un estudio y recomendar la cirug\u00eda, siempre y cuando nuestra mascota tenga posibilidad de recuperar la visi\u00f3n.<\/p>\t\t\t\t\t\t\t\t<\/div>\n\t\t\t\t<\/div>\n\t\t\t\t\t<\/div>\n\t\t<\/div>\n\t\t\t\t\t<\/div>\n\t\t<\/section>\n\t\t\t\t<section class=\"elementor-section elementor-top-section elementor-element elementor-element-63814c2 elementor-section-boxed elementor-section-height-default elementor-section-height-default\" data-id=\"63814c2\" data-element_type=\"section\" data-e-type=\"section\">\n\t\t\t\t\t\t<div class=\"elementor-container elementor-column-gap-default\">\n\t\t\t\t\t<div class=\"elementor-column elementor-col-100 elementor-top-column elementor-element elementor-element-956ada6\" data-id=\"956ada6\" data-element_type=\"column\" data-e-type=\"column\">\n\t\t\t<div class=\"elementor-widget-wrap elementor-element-populated\">\n\t\t\t\t\t\t<div class=\"elementor-element elementor-element-e87768d elementor-widget elementor-widget-text-editor\" data-id=\"e87768d\" data-element_type=\"widget\" data-e-type=\"widget\" data-widget_type=\"text-editor.default\">\n\t\t\t\t<div class=\"elementor-widget-container\">\n\t\t\t\t\t\t\t\t\t<p><strong>Visi\u00f3n:<\/strong>\u00a0La p\u00e9rdida de visi\u00f3n puede ser temporal o permanente, parcial o total; puede ocurrir a diferentes edades y ser resultado de diferentes enfermedades. Es importante, en cualquier reconocimiento m\u00e9dico, controlar que la visi\u00f3n de nuestra mascota no presenta problemas para ellos. Si notas que tu mascota tiene dificultad de visi\u00f3n, no dudes en acudir a nuestra cl\u00ednica.<\/p><p>Muchas de las enfermedades que afectan a los ojos pueden derivar en ceguera irreversible o incluso a la p\u00e9rdida del propio ojo.<\/p>\t\t\t\t\t\t\t\t<\/div>\n\t\t\t\t<\/div>\n\t\t\t\t\t<\/div>\n\t\t<\/div>\n\t\t\t\t\t<\/div>\n\t\t<\/section>\n\t\t\t\t<\/div>\n\t\t","protected":false},"excerpt":{"rendered":"<p>Las consultas de oftalmolog\u00eda son casi siempre motivo de urgencia; ya que una actuaci\u00f3n temprana tiene siempre un mejor pron\u00f3stico, signos como rascarse los ojos, tener los parpados cerrados o la secreci\u00f3n ocular son un buen motivo para acudir al veterinario. Los ojos son estructuras muy delicadas y sensibles que permiten a nuestra mascota interactuar &hellip; <\/p>\n","protected":false},"author":4,"featured_media":0,"parent":0,"menu_order":0,"comment_status":"closed","ping_status":"closed","template":"page-fullwidth.php","meta":{"_acf_changed":false,"content-type":"","footnotes":""},"class_list":["post-16843","page","type-page","status-publish","hentry"],"acf":[],"_links":{"self":[{"href":"https:\/\/www.unavets.com\/es\/wp-json\/wp\/v2\/pages\/16843","targetHints":{"allow":["GET"]}}],"collection":[{"href":"https:\/\/www.unavets.com\/es\/wp-json\/wp\/v2\/pages"}],"about":[{"href":"https:\/\/www.unavets.com\/es\/wp-json\/wp\/v2\/types\/page"}],"author":[{"embeddable":true,"href":"https:\/\/www.unavets.com\/es\/wp-json\/wp\/v2\/users\/4"}],"replies":[{"embeddable":true,"href":"https:\/\/www.unavets.com\/es\/wp-json\/wp\/v2\/comments?post=16843"}],"version-history":[{"count":0,"href":"https:\/\/www.unavets.com\/es\/wp-json\/wp\/v2\/pages\/16843\/revisions"}],"wp:attachment":[{"href":"https:\/\/www.unavets.com\/es\/wp-json\/wp\/v2\/media?parent=16843"}],"curies":[{"name":"wp","href":"https:\/\/api.w.org\/{rel}","templated":true}]}}