{"id":15933,"date":"2021-03-19T16:36:42","date_gmt":"2021-03-19T16:36:42","guid":{"rendered":"http:\/\/www.unavets.com\/?page_id=15933"},"modified":"2023-04-17T12:53:10","modified_gmt":"2023-04-17T12:53:10","slug":"cirugia","status":"publish","type":"page","link":"https:\/\/www.unavets.com\/es\/cirugia\/","title":{"rendered":"Cirug\u00eda"},"content":{"rendered":"\t\t<div data-elementor-type=\"wp-page\" data-elementor-id=\"15933\" class=\"elementor elementor-15933\" data-elementor-post-type=\"page\">\n\t\t\t\t\t\t<section class=\"elementor-section elementor-top-section elementor-element elementor-element-ac00ebd elementor-section-boxed elementor-section-height-default elementor-section-height-default\" data-id=\"ac00ebd\" data-element_type=\"section\" data-e-type=\"section\" id=\"main-sec\">\n\t\t\t\t\t\t<div class=\"elementor-container elementor-column-gap-default\">\n\t\t\t\t\t<div class=\"elementor-column elementor-col-100 elementor-top-column elementor-element elementor-element-9ee8d34\" data-id=\"9ee8d34\" data-element_type=\"column\" data-e-type=\"column\">\n\t\t\t<div class=\"elementor-widget-wrap elementor-element-populated\">\n\t\t\t\t\t\t<div class=\"elementor-element elementor-element-480f6ca elementor-widget elementor-widget-text-editor\" data-id=\"480f6ca\" data-element_type=\"widget\" data-e-type=\"widget\" data-widget_type=\"text-editor.default\">\n\t\t\t\t<div class=\"elementor-widget-container\">\n\t\t\t\t\t\t\t\t\t<h2 style=\"font-size: 25px;font-weight: 400 !important;\">Servicio de cirug\u00eda y quir\u00f3fanos<\/h2>\t\t\t\t\t\t\t\t<\/div>\n\t\t\t\t<\/div>\n\t\t\t\t<div class=\"elementor-element elementor-element-a43f6b2 elementor-widget elementor-widget-section_titleleft\" data-id=\"a43f6b2\" data-element_type=\"widget\" data-e-type=\"widget\" data-widget_type=\"section_titleleft.default\">\n\t\t\t\t<div class=\"elementor-widget-container\">\n\t\t\t\t\t        <div class=\"ab_text-title fl-wrap\">\n            Estamos dotados de pre-quir\u00f3fano y quir\u00f3fano con equipamiento anest\u00e9sico, monitorizaci\u00f3n, material avanzado y con personal cualificado para supervisar de manera segura a todos nuestros pacientes.<span class=\"section-separator fl-sec-sep\"><\/span>        <\/div>\n        \t\t\t\t<\/div>\n\t\t\t\t<\/div>\n\t\t\t\t\t<\/div>\n\t\t<\/div>\n\t\t\t\t\t<\/div>\n\t\t<\/section>\n\t\t\t\t<section class=\"elementor-section elementor-top-section elementor-element elementor-element-e119a8d elementor-section-boxed elementor-section-height-default elementor-section-height-default\" data-id=\"e119a8d\" data-element_type=\"section\" data-e-type=\"section\">\n\t\t\t\t\t\t<div class=\"elementor-container elementor-column-gap-wide\">\n\t\t\t\t\t<div class=\"elementor-column elementor-col-50 elementor-top-column elementor-element elementor-element-16802e0\" data-id=\"16802e0\" data-element_type=\"column\" data-e-type=\"column\">\n\t\t\t<div class=\"elementor-widget-wrap elementor-element-populated\">\n\t\t\t\t\t\t<div class=\"elementor-element elementor-element-df8c585 elementor-widget elementor-widget-text-editor\" data-id=\"df8c585\" data-element_type=\"widget\" data-e-type=\"widget\" data-widget_type=\"text-editor.default\">\n\t\t\t\t<div class=\"elementor-widget-container\">\n\t\t\t\t\t\t\t\t\t<span data-sheets-value=\"{\" data-sheets-userformat=\"{\">Para garantizar la salud y el bienestar de tu mascota, en nuestra cl\u00ednica se realizan cirug\u00edas rutinarias y otras no tan rutinarias. Algunos procedimientos de cirug\u00eda general y otros m\u00e1s avanzados incluyen cirug\u00eda del o\u00eddo, cirug\u00eda de la piel, cirug\u00eda traumatol\u00f3gica, cirug\u00eda oral y la mayor\u00eda de cirug\u00edas de los tejidos blandos. Estamos orgullosos de nuestros profesionales, experimentados y amantes de los animales, que est\u00e1n a tu disposici\u00f3n para ayudarte a t\u00ed y a tus mascotas.\n<\/span>\n<h3 style=\"font-size: 17px; padding: 20px 0px 20px;\"><span data-sheets-value=\"{\" data-sheets-userformat=\"{\"><strong>Servicios de cirug\u00eda<\/strong><\/span><\/h3>\n<ul>\n \t<li><span data-sheets-value=\"{\" data-sheets-userformat=\"{\">Consulta de cirug\u00eda <\/span><\/li>\n \t<li><span data-sheets-value=\"{\" data-sheets-userformat=\"{\">Traumatolog\u00eda y Ortopedia<\/span><\/li>\n \t<li><span data-sheets-value=\"{\" data-sheets-userformat=\"{\">Reparaci\u00f3n de fracturas y cirug\u00eda de reconstrucci\u00f3n de heridas traum\u00e1ticas complejas\n<\/span><\/li>\n \t<li><span data-sheets-value=\"{\" data-sheets-userformat=\"{\">Cirug\u00eda de tejidos blandos de rutina \u2013 esterilizaci\u00f3n, extracci\u00f3n de cuerpos extra\u00f1os abdominales, cirug\u00edas urinarias\n<\/span><\/li>\n \t<li><span data-sheets-value=\"{\" data-sheets-userformat=\"{\">Cirug\u00eda oncol\u00f3gica. Incluye la piel y procedimientos reconstructivos\n<\/span><\/li>\n \t<li><span data-sheets-value=\"{\" data-sheets-userformat=\"{\">Procedimientos laparosc\u00f3picos de rutina (m\u00ednima invasi\u00f3n) como biopsias de h\u00edgado, ovariohisterectom\u00edas, etc.\n<\/span><\/li>\n \t<li><span data-sheets-value=\"{\" data-sheets-userformat=\"{\">Procedimientos laparosc\u00f3picos avanzados\n<\/span><\/li>\n \t<li><span data-sheets-value=\"{\" data-sheets-userformat=\"{\">Procedimientos de toracoscopia \/ Procedimientos intervencionistas \u2013 cat\u00e9ter endotraqueal, urethral and ureteral stenting catheters\n<\/span><\/li>\n \t<li><span data-sheets-value=\"{\" data-sheets-userformat=\"{\">Reemplazo de cadera<\/span><\/li>\n<\/ul>\t\t\t\t\t\t\t\t<\/div>\n\t\t\t\t<\/div>\n\t\t\t\t\t<\/div>\n\t\t<\/div>\n\t\t\t\t<div class=\"elementor-column elementor-col-50 elementor-top-column elementor-element elementor-element-6b07854\" data-id=\"6b07854\" data-element_type=\"column\" data-e-type=\"column\">\n\t\t\t<div class=\"elementor-widget-wrap elementor-element-populated\">\n\t\t\t\t\t\t<div class=\"elementor-element elementor-element-52a597c elementor-widget elementor-widget-image\" data-id=\"52a597c\" data-element_type=\"widget\" data-e-type=\"widget\" data-widget_type=\"image.default\">\n\t\t\t\t<div class=\"elementor-widget-container\">\n\t\t\t\t\t\t\t\t\t\t\t\t\t\t\t<img fetchpriority=\"high\" decoding=\"async\" width=\"724\" height=\"482\" src=\"https:\/\/www.unavets.com\/wp-content\/uploads\/2021\/06\/CAT-SURGERY-2.jpg\" class=\"attachment-large size-large wp-image-17124\" alt=\"\" \/>\t\t\t\t\t\t\t\t\t\t\t\t\t\t\t<\/div>\n\t\t\t\t<\/div>\n\t\t\t\t<div class=\"elementor-element elementor-element-94d055e elementor-align-center elementor-widget elementor-widget-button\" data-id=\"94d055e\" data-element_type=\"widget\" data-e-type=\"widget\" data-widget_type=\"button.default\">\n\t\t\t\t<div class=\"elementor-widget-container\">\n\t\t\t\t\t\t\t\t\t<div class=\"elementor-button-wrapper\">\n\t\t\t\t\t<a class=\"elementor-button elementor-button-link elementor-size-sm\" href=\"http:\/\/www.unavets.com\/es\/nuestras-clinicas\/\">\n\t\t\t\t\t\t<span class=\"elementor-button-content-wrapper\">\n\t\t\t\t\t\t\t\t\t<span class=\"elementor-button-text\">Encuentra la cl\u00ednica UNAVETS m\u00e1s cercana<\/span>\n\t\t\t\t\t<\/span>\n\t\t\t\t\t<\/a>\n\t\t\t\t<\/div>\n\t\t\t\t\t\t\t\t<\/div>\n\t\t\t\t<\/div>\n\t\t\t\t\t<\/div>\n\t\t<\/div>\n\t\t\t\t\t<\/div>\n\t\t<\/section>\n\t\t\t\t<section class=\"elementor-section elementor-top-section elementor-element elementor-element-d2b7079 elementor-section-boxed elementor-section-height-default elementor-section-height-default\" data-id=\"d2b7079\" data-element_type=\"section\" data-e-type=\"section\">\n\t\t\t\t\t\t<div class=\"elementor-container elementor-column-gap-default\">\n\t\t\t\t\t<div class=\"elementor-column elementor-col-100 elementor-top-column elementor-element elementor-element-62a7dbf\" data-id=\"62a7dbf\" data-element_type=\"column\" data-e-type=\"column\">\n\t\t\t<div class=\"elementor-widget-wrap elementor-element-populated\">\n\t\t\t\t\t\t<div class=\"elementor-element elementor-element-25296f2 elementor-widget elementor-widget-section_titleleft\" data-id=\"25296f2\" data-element_type=\"widget\" data-e-type=\"widget\" data-widget_type=\"section_titleleft.default\">\n\t\t\t\t<div class=\"elementor-widget-container\">\n\t\t\t\t\t        <div class=\"ab_text-title fl-wrap\">\n            <h3>\u00bfCu\u00e1ndo considerar la cirug\u00eda?<\/h3><span class=\"section-separator fl-sec-sep\"><\/span>        <\/div>\n        \t\t\t\t<\/div>\n\t\t\t\t<\/div>\n\t\t\t\t\t<\/div>\n\t\t<\/div>\n\t\t\t\t\t<\/div>\n\t\t<\/section>\n\t\t\t\t<section class=\"elementor-section elementor-top-section elementor-element elementor-element-5273c73 elementor-section-boxed elementor-section-height-default elementor-section-height-default\" data-id=\"5273c73\" data-element_type=\"section\" data-e-type=\"section\">\n\t\t\t\t\t\t<div class=\"elementor-container elementor-column-gap-wide\">\n\t\t\t\t\t<div class=\"elementor-column elementor-col-50 elementor-top-column elementor-element elementor-element-c34a04f\" data-id=\"c34a04f\" data-element_type=\"column\" data-e-type=\"column\">\n\t\t\t<div class=\"elementor-widget-wrap elementor-element-populated\">\n\t\t\t\t\t\t<div class=\"elementor-element elementor-element-5fa0839 elementor-widget elementor-widget-image\" data-id=\"5fa0839\" data-element_type=\"widget\" data-e-type=\"widget\" data-widget_type=\"image.default\">\n\t\t\t\t<div class=\"elementor-widget-container\">\n\t\t\t\t\t\t\t\t\t\t\t\t\t\t\t<img decoding=\"async\" width=\"560\" height=\"373\" src=\"https:\/\/www.unavets.com\/wp-content\/uploads\/2021\/09\/Captura.png\" class=\"attachment-townhub-featured-image size-townhub-featured-image wp-image-19621\" alt=\"\" \/>\t\t\t\t\t\t\t\t\t\t\t\t\t\t\t<\/div>\n\t\t\t\t<\/div>\n\t\t\t\t\t<\/div>\n\t\t<\/div>\n\t\t\t\t<div class=\"elementor-column elementor-col-50 elementor-top-column elementor-element elementor-element-3bda614\" data-id=\"3bda614\" data-element_type=\"column\" data-e-type=\"column\">\n\t\t\t<div class=\"elementor-widget-wrap elementor-element-populated\">\n\t\t\t\t\t\t<div class=\"elementor-element elementor-element-4066844 elementor-widget elementor-widget-text-editor\" data-id=\"4066844\" data-element_type=\"widget\" data-e-type=\"widget\" data-widget_type=\"text-editor.default\">\n\t\t\t\t<div class=\"elementor-widget-container\">\n\t\t\t\t\t\t\t\t\t<ul><li><span data-sheets-value=\"{\" data-sheets-userformat=\"{\">Por lesiones traumatol\u00f3gicas<br \/><\/span><\/li><li><span data-sheets-value=\"{\" data-sheets-userformat=\"{\">Diagn\u00f3stico y tratamiento quir\u00fargico de la cojera<br \/><\/span><\/li><li><span data-sheets-value=\"{\" data-sheets-userformat=\"{\">Diagn\u00f3stico y tratamiento de las enfermedades del desarrollo: displasia de cadera y codo<\/span><\/li><li>Presencia de tumores<\/li><li><span data-sheets-value=\"{\" data-sheets-userformat=\"{\">Abdomen agudo<br \/><\/span><\/li><li><span data-sheets-value=\"{\" data-sheets-userformat=\"{\">Enfermedad del tracto urinario<br \/><\/span><\/li><li><span data-sheets-value=\"{\" data-sheets-userformat=\"{\">Enfermedad intrator\u00e1cica<\/span><\/li><li><span data-sheets-value=\"{\" data-sheets-userformat=\"{\">Enfermedad de las v\u00edas respiratorias<br \/><\/span><\/li><li><span data-sheets-value=\"{\" data-sheets-userformat=\"{\">Tratamiento de heridas complejas<br \/><\/span><\/li><li><span data-sheets-value=\"{\" data-sheets-userformat=\"{\">Tratamiento preventivo m\u00ednimamente invasivo<\/span><\/li><\/ul>\t\t\t\t\t\t\t\t<\/div>\n\t\t\t\t<\/div>\n\t\t\t\t<div class=\"elementor-element elementor-element-8dfadf9 elementor-align-center elementor-widget elementor-widget-button\" data-id=\"8dfadf9\" data-element_type=\"widget\" data-e-type=\"widget\" data-widget_type=\"button.default\">\n\t\t\t\t<div class=\"elementor-widget-container\">\n\t\t\t\t\t\t\t\t\t<div class=\"elementor-button-wrapper\">\n\t\t\t\t\t<a class=\"elementor-button elementor-button-link elementor-size-sm\" href=\"http:\/\/www.unavets.com\/es\/nuestras-clinicas\/\">\n\t\t\t\t\t\t<span class=\"elementor-button-content-wrapper\">\n\t\t\t\t\t\t\t\t\t<span class=\"elementor-button-text\">Encuentra la cl\u00ednica UNAVETS m\u00e1s cercana<\/span>\n\t\t\t\t\t<\/span>\n\t\t\t\t\t<\/a>\n\t\t\t\t<\/div>\n\t\t\t\t\t\t\t\t<\/div>\n\t\t\t\t<\/div>\n\t\t\t\t\t<\/div>\n\t\t<\/div>\n\t\t\t\t\t<\/div>\n\t\t<\/section>\n\t\t\t\t<\/div>\n\t\t","protected":false},"excerpt":{"rendered":"<p>Servicio de cirug\u00eda y quir\u00f3fanos Estamos dotados de pre-quir\u00f3fano y quir\u00f3fano con equipamiento anest\u00e9sico, monitorizaci\u00f3n, material avanzado y con personal cualificado para supervisar de manera segura a todos nuestros pacientes. Para garantizar la salud y el bienestar de tu mascota, en nuestra cl\u00ednica se realizan cirug\u00edas rutinarias y otras no tan rutinarias. Algunos procedimientos de &hellip; <\/p>\n","protected":false},"author":4,"featured_media":0,"parent":0,"menu_order":0,"comment_status":"closed","ping_status":"closed","template":"page-fullwidth.php","meta":{"_acf_changed":false,"content-type":"","footnotes":""},"class_list":["post-15933","page","type-page","status-publish","hentry"],"acf":[],"_links":{"self":[{"href":"https:\/\/www.unavets.com\/es\/wp-json\/wp\/v2\/pages\/15933","targetHints":{"allow":["GET"]}}],"collection":[{"href":"https:\/\/www.unavets.com\/es\/wp-json\/wp\/v2\/pages"}],"about":[{"href":"https:\/\/www.unavets.com\/es\/wp-json\/wp\/v2\/types\/page"}],"author":[{"embeddable":true,"href":"https:\/\/www.unavets.com\/es\/wp-json\/wp\/v2\/users\/4"}],"replies":[{"embeddable":true,"href":"https:\/\/www.unavets.com\/es\/wp-json\/wp\/v2\/comments?post=15933"}],"version-history":[{"count":0,"href":"https:\/\/www.unavets.com\/es\/wp-json\/wp\/v2\/pages\/15933\/revisions"}],"wp:attachment":[{"href":"https:\/\/www.unavets.com\/es\/wp-json\/wp\/v2\/media?parent=15933"}],"curies":[{"name":"wp","href":"https:\/\/api.w.org\/{rel}","templated":true}]}}