{"id":15794,"date":"2021-03-15T12:51:33","date_gmt":"2021-03-15T12:51:33","guid":{"rendered":"http:\/\/www.unavets.com\/?page_id=15794"},"modified":"2021-07-15T11:55:34","modified_gmt":"2021-07-15T11:55:34","slug":"cuidados-intensivos","status":"publish","type":"page","link":"https:\/\/www.unavets.com\/es\/cuidados-intensivos\/","title":{"rendered":"Cuidados Intensivos"},"content":{"rendered":"\t\t<div data-elementor-type=\"wp-page\" data-elementor-id=\"15794\" class=\"elementor elementor-15794\" data-elementor-post-type=\"page\">\n\t\t\t\t\t\t<section class=\"elementor-section elementor-top-section elementor-element elementor-element-2a99c9f elementor-section-boxed elementor-section-height-default elementor-section-height-default\" data-id=\"2a99c9f\" data-element_type=\"section\" data-e-type=\"section\" id=\"main-sec\">\n\t\t\t\t\t\t<div class=\"elementor-container elementor-column-gap-default\">\n\t\t\t\t\t<div class=\"elementor-column elementor-col-50 elementor-top-column elementor-element elementor-element-5f96574\" data-id=\"5f96574\" data-element_type=\"column\" data-e-type=\"column\">\n\t\t\t<div class=\"elementor-widget-wrap elementor-element-populated\">\n\t\t\t\t\t\t<div class=\"elementor-element elementor-element-55119c4 elementor-widget elementor-widget-text-editor\" data-id=\"55119c4\" data-element_type=\"widget\" data-e-type=\"widget\" data-widget_type=\"text-editor.default\">\n\t\t\t\t<div class=\"elementor-widget-container\">\n\t\t\t\t\t\t\t\t\t<p><span style=\"font-weight: 400\">\u00a0El objetivo de la Unidad es el seguimiento de pacientes cr\u00edticos que, dependiendo de la complejidad y gravedad del caso, requieren cuidados constantes, monitorizaci\u00f3n, asistencia y terapia del m\u00e1s alto nivel.<\/span><\/p><p><span style=\"font-weight: 400\">La unidad t\u00e1 equipada con equipamiento de \u00faltima generaci\u00f3n, como monitores multiparam\u00e9tricos, dispositivos de ox\u00edgeno y ventilaci\u00f3n asistida, e instalaciones c\u00f3modas que permitan una c\u00f3moda estancia en el hospital.\u00a0<\/span><\/p><p><span style=\"font-weight: 400\">Los principales casos de pacientes tratados en la Unidad de Cuidados Intensivos son los pacientes necesitados de ventilaci\u00f3n asistida, que sufren insuficiencia respiratoria aguda, coma por t\u00f3xicos, coma inducido, traumatismos craneoencef\u00e1licos, pacientes posquir\u00fargicos con dificultad para despertar, pacientes card\u00edacos y pacientes con enfermedades neurol\u00f3gicas graves (t\u00e9tanos, neuritis con insuficiencia respiratoria, estado epil\u00e9ptico, etc.).<\/span><\/p>\t\t\t\t\t\t\t\t<\/div>\n\t\t\t\t<\/div>\n\t\t\t\t\t<\/div>\n\t\t<\/div>\n\t\t\t\t<div class=\"elementor-column elementor-col-50 elementor-top-column elementor-element elementor-element-3afdde6\" data-id=\"3afdde6\" data-element_type=\"column\" data-e-type=\"column\">\n\t\t\t<div class=\"elementor-widget-wrap elementor-element-populated\">\n\t\t\t\t\t\t<div class=\"elementor-element elementor-element-4511905 elementor-widget elementor-widget-image\" data-id=\"4511905\" data-element_type=\"widget\" data-e-type=\"widget\" data-widget_type=\"image.default\">\n\t\t\t\t<div class=\"elementor-widget-container\">\n\t\t\t\t\t\t\t\t\t\t\t\t\t\t\t<img fetchpriority=\"high\" decoding=\"async\" width=\"786\" height=\"524\" src=\"https:\/\/www.unavets.com\/wp-content\/uploads\/2021\/02\/location2-786x524.jpg\" class=\"attachment-townhub-featured-image size-townhub-featured-image wp-image-15232\" alt=\"\" \/>\t\t\t\t\t\t\t\t\t\t\t\t\t\t\t<\/div>\n\t\t\t\t<\/div>\n\t\t\t\t\t<\/div>\n\t\t<\/div>\n\t\t\t\t\t<\/div>\n\t\t<\/section>\n\t\t\t\t<section class=\"elementor-section elementor-top-section elementor-element elementor-element-c738470 elementor-section-boxed elementor-section-height-default elementor-section-height-default\" data-id=\"c738470\" data-element_type=\"section\" data-e-type=\"section\">\n\t\t\t\t\t\t<div class=\"elementor-container elementor-column-gap-default\">\n\t\t\t\t\t<div class=\"elementor-column elementor-col-100 elementor-top-column elementor-element elementor-element-ff0dce7\" data-id=\"ff0dce7\" data-element_type=\"column\" data-e-type=\"column\">\n\t\t\t<div class=\"elementor-widget-wrap elementor-element-populated\">\n\t\t\t\t\t\t<div class=\"elementor-element elementor-element-d25727d elementor-align-center elementor-widget elementor-widget-button\" data-id=\"d25727d\" data-element_type=\"widget\" data-e-type=\"widget\" data-widget_type=\"button.default\">\n\t\t\t\t<div class=\"elementor-widget-container\">\n\t\t\t\t\t\t\t\t\t<div class=\"elementor-button-wrapper\">\n\t\t\t\t\t<a class=\"elementor-button elementor-button-link elementor-size-md\" href=\"\/cabrils\/schedule-an-appointment\/\">\n\t\t\t\t\t\t<span class=\"elementor-button-content-wrapper\">\n\t\t\t\t\t\t\t\t\t<span class=\"elementor-button-text\">Encuentra la Cl\u00ednica UNAVETS M\u00e1s Cercana<\/span>\n\t\t\t\t\t<\/span>\n\t\t\t\t\t<\/a>\n\t\t\t\t<\/div>\n\t\t\t\t\t\t\t\t<\/div>\n\t\t\t\t<\/div>\n\t\t\t\t\t<\/div>\n\t\t<\/div>\n\t\t\t\t\t<\/div>\n\t\t<\/section>\n\t\t\t\t<\/div>\n\t\t","protected":false},"excerpt":{"rendered":"<p>El objetivo de la Unidad es el seguimiento de pacientes cr\u00edticos que, dependiendo de la complejidad y gravedad del caso, requieren cuidados constantes, monitorizaci\u00f3n, asistencia y terapia del m\u00e1s alto nivel. La unidad t\u00e1 equipada con equipamiento de \u00faltima generaci\u00f3n, como monitores multiparam\u00e9tricos, dispositivos de ox\u00edgeno y ventilaci\u00f3n asistida, e instalaciones c\u00f3modas que permitan una &hellip; <\/p>\n","protected":false},"author":4,"featured_media":0,"parent":0,"menu_order":0,"comment_status":"closed","ping_status":"closed","template":"page-fullwidth.php","meta":{"_acf_changed":false,"content-type":"","footnotes":""},"class_list":["post-15794","page","type-page","status-publish","hentry"],"acf":[],"_links":{"self":[{"href":"https:\/\/www.unavets.com\/es\/wp-json\/wp\/v2\/pages\/15794","targetHints":{"allow":["GET"]}}],"collection":[{"href":"https:\/\/www.unavets.com\/es\/wp-json\/wp\/v2\/pages"}],"about":[{"href":"https:\/\/www.unavets.com\/es\/wp-json\/wp\/v2\/types\/page"}],"author":[{"embeddable":true,"href":"https:\/\/www.unavets.com\/es\/wp-json\/wp\/v2\/users\/4"}],"replies":[{"embeddable":true,"href":"https:\/\/www.unavets.com\/es\/wp-json\/wp\/v2\/comments?post=15794"}],"version-history":[{"count":0,"href":"https:\/\/www.unavets.com\/es\/wp-json\/wp\/v2\/pages\/15794\/revisions"}],"wp:attachment":[{"href":"https:\/\/www.unavets.com\/es\/wp-json\/wp\/v2\/media?parent=15794"}],"curies":[{"name":"wp","href":"https:\/\/api.w.org\/{rel}","templated":true}]}}