{"id":15791,"date":"2021-03-15T12:46:31","date_gmt":"2021-03-15T12:46:31","guid":{"rendered":"http:\/\/www.unavets.com\/?page_id=15791"},"modified":"2023-04-18T15:27:11","modified_gmt":"2023-04-18T15:27:11","slug":"etologia","status":"publish","type":"page","link":"https:\/\/www.unavets.com\/es\/etologia\/","title":{"rendered":"Etolog\u00eda"},"content":{"rendered":"\t\t<div data-elementor-type=\"wp-page\" data-elementor-id=\"15791\" class=\"elementor elementor-15791\" data-elementor-post-type=\"page\">\n\t\t\t\t\t\t<section class=\"elementor-section elementor-top-section elementor-element elementor-element-eda042b elementor-section-boxed elementor-section-height-default elementor-section-height-default\" data-id=\"eda042b\" data-element_type=\"section\" data-e-type=\"section\" id=\"main-sec\">\n\t\t\t\t\t\t<div class=\"elementor-container elementor-column-gap-default\">\n\t\t\t\t\t<div class=\"elementor-column elementor-col-100 elementor-top-column elementor-element elementor-element-5754817\" data-id=\"5754817\" data-element_type=\"column\" data-e-type=\"column\">\n\t\t\t<div class=\"elementor-widget-wrap elementor-element-populated\">\n\t\t\t\t\t\t<div class=\"elementor-element elementor-element-0649fb7 elementor-widget elementor-widget-section_titleleft\" data-id=\"0649fb7\" data-element_type=\"widget\" data-e-type=\"widget\" data-widget_type=\"section_titleleft.default\">\n\t\t\t\t<div class=\"elementor-widget-container\">\n\t\t\t\t\t        <div class=\"ab_text-title fl-wrap\">\n            La etolog\u00eda es el estudio objetivo y cient\u00edfico del comportamiento animal, que hace hincapi\u00e9 en el comportamiento en condiciones naturales, considerando el comportamiento como un rasgo adaptativo evolutivo.<span class=\"section-separator fl-sec-sep\"><\/span>        <\/div>\n        \t\t\t\t<\/div>\n\t\t\t\t<\/div>\n\t\t\t\t\t<\/div>\n\t\t<\/div>\n\t\t\t\t\t<\/div>\n\t\t<\/section>\n\t\t\t\t<section class=\"elementor-section elementor-top-section elementor-element elementor-element-2a99c9f elementor-section-boxed elementor-section-height-default elementor-section-height-default\" data-id=\"2a99c9f\" data-element_type=\"section\" data-e-type=\"section\">\n\t\t\t\t\t\t<div class=\"elementor-container elementor-column-gap-default\">\n\t\t\t\t\t<div class=\"elementor-column elementor-col-50 elementor-top-column elementor-element elementor-element-5f96574\" data-id=\"5f96574\" data-element_type=\"column\" data-e-type=\"column\">\n\t\t\t<div class=\"elementor-widget-wrap elementor-element-populated\">\n\t\t\t\t\t\t<div class=\"elementor-element elementor-element-55119c4 elementor-widget elementor-widget-text-editor\" data-id=\"55119c4\" data-element_type=\"widget\" data-e-type=\"widget\" data-widget_type=\"text-editor.default\">\n\t\t\t\t<div class=\"elementor-widget-container\">\n\t\t\t\t\t\t\t\t\t<p>La etolog\u00eda es un campo que est\u00e1 creciendo r\u00e1pidamente. Entender la etolog\u00eda o el comportamiento animal puede ser importante en el adiestramiento animal. Considerar el comportamiento natural de diferentes especies o razas permite a los adiestradores seleccionar a los animales mejor preparados para realizar una tarea determinada. Les permite as\u00ed mismo, alentar la pr\u00e1ctica de comportamientos que ocurren naturalmente e interrumpir los que no son deseados.<span class=\"Apple-converted-space\">\u00a0<\/span><\/p><p>Esta especialidad veterinaria est\u00e1 tambi\u00e9n enfocada en la prevenci\u00f3n y el tratamiento de enfermedades asociadas con el manejo, comportamiento, nutrici\u00f3n y selecci\u00f3n gen\u00e9tica de perros, gatos y otros animales de compa\u00f1\u00eda.<span class=\"Apple-converted-space\">\u00a0 <\/span>Muchos de los comportamientos an\u00f3malos mostrados por animales de compa\u00f1\u00eda est\u00e1n asociados a patolog\u00edas que padecen, como cuando los perros son agresivos hacia miembros de su familia porque tienen dolor articular o epilepsia, por una enfermedad endocrina como el hipotiroidismo, o los gatos que orinan fuera de la bandeja o tienen alopecia en el abdomen porque tienen c\u00e1lculos urinarios, etc.<\/p>\t\t\t\t\t\t\t\t<\/div>\n\t\t\t\t<\/div>\n\t\t\t\t\t<\/div>\n\t\t<\/div>\n\t\t\t\t<div class=\"elementor-column elementor-col-50 elementor-top-column elementor-element elementor-element-3afdde6\" data-id=\"3afdde6\" data-element_type=\"column\" data-e-type=\"column\">\n\t\t\t<div class=\"elementor-widget-wrap elementor-element-populated\">\n\t\t\t\t\t\t<div class=\"elementor-element elementor-element-4511905 elementor-widget elementor-widget-image\" data-id=\"4511905\" data-element_type=\"widget\" data-e-type=\"widget\" data-widget_type=\"image.default\">\n\t\t\t\t<div class=\"elementor-widget-container\">\n\t\t\t\t\t\t\t\t\t\t\t\t\t\t\t<img fetchpriority=\"high\" decoding=\"async\" width=\"786\" height=\"524\" src=\"https:\/\/www.unavets.com\/wp-content\/uploads\/2020\/11\/88175425_1572738959542162_9043014969842466816_o-786x524.jpg\" class=\"attachment-townhub-featured-image size-townhub-featured-image wp-image-15087\" alt=\"\" \/>\t\t\t\t\t\t\t\t\t\t\t\t\t\t\t<\/div>\n\t\t\t\t<\/div>\n\t\t\t\t<div class=\"elementor-element elementor-element-87c3367 elementor-align-center elementor-widget elementor-widget-button\" data-id=\"87c3367\" data-element_type=\"widget\" data-e-type=\"widget\" data-widget_type=\"button.default\">\n\t\t\t\t<div class=\"elementor-widget-container\">\n\t\t\t\t\t\t\t\t\t<div class=\"elementor-button-wrapper\">\n\t\t\t\t\t<a class=\"elementor-button elementor-button-link elementor-size-md\" href=\"https:\/\/www.unavets.com\/es\/contacto\/\">\n\t\t\t\t\t\t<span class=\"elementor-button-content-wrapper\">\n\t\t\t\t\t\t<span class=\"elementor-button-icon\">\n\t\t\t\t<i aria-hidden=\"true\" class=\"far fa-calendar-alt\"><\/i>\t\t\t<\/span>\n\t\t\t\t\t\t\t\t\t<span class=\"elementor-button-text\">Encuentra la Cl\u00ednica UNAVETS M\u00e1s Cercana<\/span>\n\t\t\t\t\t<\/span>\n\t\t\t\t\t<\/a>\n\t\t\t\t<\/div>\n\t\t\t\t\t\t\t\t<\/div>\n\t\t\t\t<\/div>\n\t\t\t\t\t<\/div>\n\t\t<\/div>\n\t\t\t\t\t<\/div>\n\t\t<\/section>\n\t\t\t\t<section class=\"elementor-section elementor-top-section elementor-element elementor-element-c738470 elementor-section-boxed elementor-section-height-default elementor-section-height-default\" data-id=\"c738470\" data-element_type=\"section\" data-e-type=\"section\">\n\t\t\t\t\t\t<div class=\"elementor-container elementor-column-gap-default\">\n\t\t\t\t\t<div class=\"elementor-column elementor-col-100 elementor-top-column elementor-element elementor-element-ff0dce7\" data-id=\"ff0dce7\" data-element_type=\"column\" data-e-type=\"column\">\n\t\t\t<div class=\"elementor-widget-wrap elementor-element-populated\">\n\t\t\t\t\t\t<div class=\"elementor-element elementor-element-6932eb9 elementor-widget elementor-widget-text-editor\" data-id=\"6932eb9\" data-element_type=\"widget\" data-e-type=\"widget\" data-widget_type=\"text-editor.default\">\n\t\t\t\t<div class=\"elementor-widget-container\">\n\t\t\t\t\t\t\t\t\t<p>Problemas de trato, en los que es muy importante respetar un adecuado periodo de socializaci\u00f3n, el destete, c\u00f3mo introducir una nueva mascota en hogares donde ya viven otros gatos, problemas de aprendizaje de h\u00e1bitos higi\u00e9nicos en cachorros, trastornos por separaci\u00f3n, estr\u00e9s en los gatos, enriquecimiento ambiental en perros y gatos, adecuaci\u00f3n a los ruidos, fobias\u2026 todas estas alteraciones o patolog\u00edas son objeto de esta especialidad y requieren la consulta de un veterinario et\u00f3logo.<\/p>\t\t\t\t\t\t\t\t<\/div>\n\t\t\t\t<\/div>\n\t\t\t\t\t<\/div>\n\t\t<\/div>\n\t\t\t\t\t<\/div>\n\t\t<\/section>\n\t\t\t\t<\/div>\n\t\t","protected":false},"excerpt":{"rendered":"<p>La etolog\u00eda es el estudio objetivo y cient\u00edfico del comportamiento animal, que hace hincapi\u00e9 en el comportamiento en condiciones naturales, considerando el comportamiento como un rasgo adaptativo evolutivo. La etolog\u00eda es un campo que est\u00e1 creciendo r\u00e1pidamente. Entender la etolog\u00eda o el comportamiento animal puede ser importante en el adiestramiento animal. Considerar el comportamiento natural &hellip; <\/p>\n","protected":false},"author":4,"featured_media":0,"parent":0,"menu_order":0,"comment_status":"closed","ping_status":"closed","template":"page-fullwidth.php","meta":{"_acf_changed":false,"content-type":"","footnotes":""},"class_list":["post-15791","page","type-page","status-publish","hentry"],"acf":[],"_links":{"self":[{"href":"https:\/\/www.unavets.com\/es\/wp-json\/wp\/v2\/pages\/15791","targetHints":{"allow":["GET"]}}],"collection":[{"href":"https:\/\/www.unavets.com\/es\/wp-json\/wp\/v2\/pages"}],"about":[{"href":"https:\/\/www.unavets.com\/es\/wp-json\/wp\/v2\/types\/page"}],"author":[{"embeddable":true,"href":"https:\/\/www.unavets.com\/es\/wp-json\/wp\/v2\/users\/4"}],"replies":[{"embeddable":true,"href":"https:\/\/www.unavets.com\/es\/wp-json\/wp\/v2\/comments?post=15791"}],"version-history":[{"count":0,"href":"https:\/\/www.unavets.com\/es\/wp-json\/wp\/v2\/pages\/15791\/revisions"}],"wp:attachment":[{"href":"https:\/\/www.unavets.com\/es\/wp-json\/wp\/v2\/media?parent=15791"}],"curies":[{"name":"wp","href":"https:\/\/api.w.org\/{rel}","templated":true}]}}