{"id":14502,"date":"2021-01-29T12:19:02","date_gmt":"2021-01-29T12:19:02","guid":{"rendered":"http:\/\/www.unavets.com\/?page_id=14502"},"modified":"2021-07-15T12:01:38","modified_gmt":"2021-07-15T12:01:38","slug":"traumatologia","status":"publish","type":"page","link":"https:\/\/www.unavets.com\/es\/traumatologia\/","title":{"rendered":"Traumatolog\u00eda"},"content":{"rendered":"\t\t<div data-elementor-type=\"wp-page\" data-elementor-id=\"14502\" class=\"elementor elementor-14502 elementor-13697\" data-elementor-post-type=\"page\">\n\t\t\t\t\t\t<section class=\"elementor-section elementor-top-section elementor-element elementor-element-2fe1011 elementor-section-boxed elementor-section-height-default elementor-section-height-default\" data-id=\"2fe1011\" data-element_type=\"section\" data-e-type=\"section\" id=\"main-sec\">\n\t\t\t\t\t\t<div class=\"elementor-container elementor-column-gap-default\">\n\t\t\t\t\t<div class=\"elementor-column elementor-col-100 elementor-top-column elementor-element elementor-element-8098e1c\" data-id=\"8098e1c\" data-element_type=\"column\" data-e-type=\"column\">\n\t\t\t<div class=\"elementor-widget-wrap elementor-element-populated\">\n\t\t\t\t\t\t<div class=\"elementor-element elementor-element-f1ba92b elementor-widget elementor-widget-section_titleleft\" data-id=\"f1ba92b\" data-element_type=\"widget\" data-e-type=\"widget\" data-widget_type=\"section_titleleft.default\">\n\t\t\t\t<div class=\"elementor-widget-container\">\n\t\t\t\t\t        <div class=\"ab_text-title fl-wrap\">\n            Contamos con un servicio de traumatolog\u00eda propio, dedicado al estudio y tratamiento de las lesiones del aparato locomotor\n<span class=\"section-separator fl-sec-sep\"><\/span>        <\/div>\n        \t\t\t\t<\/div>\n\t\t\t\t<\/div>\n\t\t\t\t\t<\/div>\n\t\t<\/div>\n\t\t\t\t\t<\/div>\n\t\t<\/section>\n\t\t\t\t<section class=\"elementor-section elementor-top-section elementor-element elementor-element-f2ba47c elementor-section-boxed elementor-section-height-default elementor-section-height-default\" data-id=\"f2ba47c\" data-element_type=\"section\" data-e-type=\"section\">\n\t\t\t\t\t\t<div class=\"elementor-container elementor-column-gap-default\">\n\t\t\t\t\t<div class=\"elementor-column elementor-col-50 elementor-top-column elementor-element elementor-element-8a6cf53\" data-id=\"8a6cf53\" data-element_type=\"column\" data-e-type=\"column\">\n\t\t\t<div class=\"elementor-widget-wrap elementor-element-populated\">\n\t\t\t\t\t\t<div class=\"elementor-element elementor-element-be2dd98 elementor-widget elementor-widget-text-editor\" data-id=\"be2dd98\" data-element_type=\"widget\" data-e-type=\"widget\" data-widget_type=\"text-editor.default\">\n\t\t\t\t<div class=\"elementor-widget-container\">\n\t\t\t\t\t\t\t\t\t<p>El trabajo de nuestros especialistas va m\u00e1s all\u00e1 del campo de las lesiones traumatol\u00f3gicas; tambi\u00e9n incluye el estudio de las lesiones naturales o adquiridas que afectan al movimiento de los animales y centra su atenci\u00f3n en aspectos preventivos, terap\u00e9uticos, de rehabilitaci\u00f3n y de investigaci\u00f3n.<\/p><p>Las patolog\u00edas m\u00e1s frecuentes son:<\/p><ul><li>Fractura de hueso<\/li><li>Artrosis<\/li><li>Artritis<\/li><li>Displasia de cadera<\/li><li>Esguince<\/li><li>Luxaci\u00f3n<\/li><li>Tendinitis<\/li><li>Rotura fibrilar<\/li><\/ul><p>Los tratamientos conservadores se basan en:<\/p><ul><li>Reducci\u00f3n cerrada de fractura \u00f3sea<\/li><li>Uso de vendajes suaves (compresi\u00f3n, vendajes Velpeau, Gillchrist, Robert-Jones)<\/li><li>Colocaci\u00f3n de una f\u00e9rula<\/li><li>Tracci\u00f3n suave o esquel\u00e9tica<\/li><\/ul>\t\t\t\t\t\t\t\t<\/div>\n\t\t\t\t<\/div>\n\t\t\t\t\t<\/div>\n\t\t<\/div>\n\t\t\t\t<div class=\"elementor-column elementor-col-50 elementor-top-column elementor-element elementor-element-5fb69ed\" data-id=\"5fb69ed\" data-element_type=\"column\" data-e-type=\"column\">\n\t\t\t<div class=\"elementor-widget-wrap elementor-element-populated\">\n\t\t\t\t\t\t<div class=\"elementor-element elementor-element-6a0bbb1 elementor-widget elementor-widget-image\" data-id=\"6a0bbb1\" data-element_type=\"widget\" data-e-type=\"widget\" data-widget_type=\"image.default\">\n\t\t\t\t<div class=\"elementor-widget-container\">\n\t\t\t\t\t\t\t\t\t\t\t\t\t\t\t<img decoding=\"async\" src=\"http:\/\/www.unavets.com\/lastablas\/wp-content\/uploads\/sites\/2\/2020\/10\/Depositphotos_39249071_m-2015.jpg\" title=\"\" alt=\"\" loading=\"lazy\" \/>\t\t\t\t\t\t\t\t\t\t\t\t\t\t\t<\/div>\n\t\t\t\t<\/div>\n\t\t\t\t\t<\/div>\n\t\t<\/div>\n\t\t\t\t\t<\/div>\n\t\t<\/section>\n\t\t\t\t<section class=\"elementor-section elementor-top-section elementor-element elementor-element-fcd7f8c elementor-section-boxed elementor-section-height-default elementor-section-height-default\" data-id=\"fcd7f8c\" data-element_type=\"section\" data-e-type=\"section\">\n\t\t\t\t\t\t<div class=\"elementor-container elementor-column-gap-default\">\n\t\t\t\t\t<div class=\"elementor-column elementor-col-100 elementor-top-column elementor-element elementor-element-2d22be5\" data-id=\"2d22be5\" data-element_type=\"column\" data-e-type=\"column\">\n\t\t\t<div class=\"elementor-widget-wrap elementor-element-populated\">\n\t\t\t\t\t\t<div class=\"elementor-element elementor-element-1390534 elementor-widget elementor-widget-text-editor\" data-id=\"1390534\" data-element_type=\"widget\" data-e-type=\"widget\" data-widget_type=\"text-editor.default\">\n\t\t\t\t<div class=\"elementor-widget-container\">\n\t\t\t\t\t\t\t\t\t<p>Las cirug\u00edas traumatol\u00f3gicas m\u00e1s frecuentes son las reparaciones de fracturas, tanto en perros como en gatos, normalmente debidas a atropellos y ca\u00eddas desde altura. Tambi\u00e9n es una lesi\u00f3n muy frecuente en el perro la rotura de ligamento cruzado de rodilla.<\/p><p>Dependiendo del tipo de lesi\u00f3n y el hueso o articulaci\u00f3n que se vea afectada: hombro, codo, cadera, rodilla, etc. \u00a0aplicamos diferentes t\u00e9cnicas avanzadas que resuelvan el problema. Mediante placas, tornillos, fijadores, agujas o con t\u00e9cnicas de m\u00ednima invasi\u00f3n como la artroscopia.<\/p>\t\t\t\t\t\t\t\t<\/div>\n\t\t\t\t<\/div>\n\t\t\t\t<div class=\"elementor-element elementor-element-a00da0f elementor-align-center elementor-widget elementor-widget-button\" data-id=\"a00da0f\" data-element_type=\"widget\" data-e-type=\"widget\" data-widget_type=\"button.default\">\n\t\t\t\t<div class=\"elementor-widget-container\">\n\t\t\t\t\t\t\t\t\t<div class=\"elementor-button-wrapper\">\n\t\t\t\t\t<a class=\"elementor-button elementor-button-link elementor-size-sm\" href=\"http:\/\/www.unavets.com\/es\/nuestras-clinicas\/\">\n\t\t\t\t\t\t<span class=\"elementor-button-content-wrapper\">\n\t\t\t\t\t\t\t\t\t<span class=\"elementor-button-text\">Encuentra la Cl\u00ednica UNAVETS M\u00e1s Cercana<\/span>\n\t\t\t\t\t<\/span>\n\t\t\t\t\t<\/a>\n\t\t\t\t<\/div>\n\t\t\t\t\t\t\t\t<\/div>\n\t\t\t\t<\/div>\n\t\t\t\t\t<\/div>\n\t\t<\/div>\n\t\t\t\t\t<\/div>\n\t\t<\/section>\n\t\t\t\t<\/div>\n\t\t","protected":false},"excerpt":{"rendered":"<p>Contamos con un servicio de traumatolog\u00eda propio, dedicado al estudio y tratamiento de las lesiones del aparato locomotor El trabajo de nuestros especialistas va m\u00e1s all\u00e1 del campo de las lesiones traumatol\u00f3gicas; tambi\u00e9n incluye el estudio de las lesiones naturales o adquiridas que afectan al movimiento de los animales y centra su atenci\u00f3n en aspectos &hellip; <\/p>\n","protected":false},"author":1,"featured_media":0,"parent":0,"menu_order":0,"comment_status":"closed","ping_status":"closed","template":"page-fullwidth.php","meta":{"_acf_changed":false,"content-type":"","footnotes":""},"class_list":["post-14502","page","type-page","status-publish","hentry"],"acf":[],"_links":{"self":[{"href":"https:\/\/www.unavets.com\/es\/wp-json\/wp\/v2\/pages\/14502","targetHints":{"allow":["GET"]}}],"collection":[{"href":"https:\/\/www.unavets.com\/es\/wp-json\/wp\/v2\/pages"}],"about":[{"href":"https:\/\/www.unavets.com\/es\/wp-json\/wp\/v2\/types\/page"}],"author":[{"embeddable":true,"href":"https:\/\/www.unavets.com\/es\/wp-json\/wp\/v2\/users\/1"}],"replies":[{"embeddable":true,"href":"https:\/\/www.unavets.com\/es\/wp-json\/wp\/v2\/comments?post=14502"}],"version-history":[{"count":0,"href":"https:\/\/www.unavets.com\/es\/wp-json\/wp\/v2\/pages\/14502\/revisions"}],"wp:attachment":[{"href":"https:\/\/www.unavets.com\/es\/wp-json\/wp\/v2\/media?parent=14502"}],"curies":[{"name":"wp","href":"https:\/\/api.w.org\/{rel}","templated":true}]}}