{"id":14478,"date":"2021-01-29T12:07:38","date_gmt":"2021-01-29T12:07:38","guid":{"rendered":"http:\/\/www.unavets.com\/?page_id=14478"},"modified":"2025-12-02T08:34:03","modified_gmt":"2025-12-02T08:34:03","slug":"medicina-interna","status":"publish","type":"page","link":"https:\/\/www.unavets.com\/es\/medicina-interna\/","title":{"rendered":"Medicina Interna"},"content":{"rendered":"\t\t<div data-elementor-type=\"wp-page\" data-elementor-id=\"14478\" class=\"elementor elementor-14478 elementor-13688\" data-elementor-post-type=\"page\">\n\t\t\t\t\t\t<section class=\"elementor-section elementor-top-section elementor-element elementor-element-c8dd9d9 elementor-section-boxed elementor-section-height-default elementor-section-height-default\" data-id=\"c8dd9d9\" data-element_type=\"section\" data-e-type=\"section\">\n\t\t\t\t\t\t<div class=\"elementor-container elementor-column-gap-default\">\n\t\t\t\t\t<div class=\"elementor-column elementor-col-50 elementor-top-column elementor-element elementor-element-f6273e0\" data-id=\"f6273e0\" data-element_type=\"column\" data-e-type=\"column\">\n\t\t\t<div class=\"elementor-widget-wrap elementor-element-populated\">\n\t\t\t\t\t\t<div class=\"elementor-element elementor-element-3911f8c elementor-widget elementor-widget-section_titleleft\" data-id=\"3911f8c\" data-element_type=\"widget\" data-e-type=\"widget\" data-widget_type=\"section_titleleft.default\">\n\t\t\t\t<div class=\"elementor-widget-container\">\n\t\t\t\t\t        <div class=\"ab_text-title fl-wrap\">\n            <h3>Especialistas en medicina interna<\/h3>La medicina interna trata problemas en los \u00f3rganos internos mediante procedimientos no quir\u00fargicos.\n<span class=\"section-separator fl-sec-sep\"><\/span>        <\/div>\n        \t\t\t\t<\/div>\n\t\t\t\t<\/div>\n\t\t\t\t<div class=\"elementor-element elementor-element-69ccd2a elementor-widget elementor-widget-text-editor\" data-id=\"69ccd2a\" data-element_type=\"widget\" data-e-type=\"widget\" data-widget_type=\"text-editor.default\">\n\t\t\t\t<div class=\"elementor-widget-container\">\n\t\t\t\t\t\t\t\t\t<p>Los especialistas en <a href=\"https:\/\/www.unavets.com\/abatmarcet\/es\/medicina-interna\/\">medicina interna veterinaria<\/a> se ocupan del estudio, diagn\u00f3stico y tratamiento de animales que presentan <strong data-start=\"306\" data-end=\"336\">cuadros cl\u00ednicos complejos<\/strong>, especialmente aquellos en los que intervienen varios \u00f3rganos o sistemas a la vez o que conviven con <strong data-start=\"438\" data-end=\"482\">enfermedades cr\u00f3nicas o multifactoriales<\/strong>. Su labor resulta fundamental para resolver casos que requieren una visi\u00f3n global, integradora y altamente especializada.<\/p><p><span style=\"letter-spacing: 0.1px;\">La medicina interna es la disciplina central de la que se desprenden diferentes \u00e1reas avanzadas, cada una enfocada en un grupo concreto de patolog\u00edas:<\/span><\/p><p><strong style=\"font-family: Mulish; font-size: 1.125rem; letter-spacing: 0.1px;\" data-start=\"758\" data-end=\"776\">Endocrinolog\u00eda<\/strong><\/p><p><span style=\"font-family: Mulish; letter-spacing: 0.1px;\">Analiza el funcionamiento del sistema endocrino, que incluye la gl\u00e1ndula tiroides, las gl\u00e1ndulas suprarrenales, el p\u00e1ncreas, el hipot\u00e1lamo y la hip\u00f3fisis. Se especializa en enfermedades como hipotiroidismo, hipertiroidismo, diabetes o trastornos hormonales.<\/span><\/p><p><strong style=\"font-family: Mulish; font-size: 1.125rem; letter-spacing: 0.1px;\" data-start=\"1038\" data-end=\"1059\">Gastroenterolog\u00eda<\/strong><\/p><p><span style=\"font-family: Mulish; letter-spacing: 0.1px;\">Se ocupa del estudio del aparato digestivo: es\u00f3fago, est\u00f3mago, intestino delgado y grueso, h\u00edgado, p\u00e1ncreas y v\u00edas biliares. Aborda patolog\u00edas como v\u00f3mitos cr\u00f3nicos, diarreas persistentes, enfermedades inflamatorias intestinales o alteraciones hep\u00e1ticas.<\/span><\/p><p><strong style=\"font-family: Mulish; font-size: 1.125rem; letter-spacing: 0.1px;\" data-start=\"1318\" data-end=\"1332\">Nefrolog\u00eda<\/strong><\/p><p><span style=\"font-family: Mulish; letter-spacing: 0.1px;\">Profundiza en la estructura y funci\u00f3n de los ri\u00f1ones, as\u00ed como en la prevenci\u00f3n, diagn\u00f3stico y tratamiento de enfermedades renales, desde insuficiencias cr\u00f3nicas hasta trastornos agudos.<\/span><\/p><p><strong style=\"font-family: Mulish; font-size: 1.125rem; letter-spacing: 0.1px;\" data-start=\"1523\" data-end=\"1535\">Urolog\u00eda<\/strong><\/p><p><span style=\"font-family: Mulish; letter-spacing: 0.1px;\">Centra su atenci\u00f3n en el tracto urinario inferior, compuesto por vejiga y uretra, abordando problemas como infecciones urinarias, c\u00e1lculos o disfunciones que afectan a la micci\u00f3n.<\/span><\/p><p><strong style=\"font-family: Mulish; font-size: 1.125rem; letter-spacing: 0.1px;\" data-start=\"1719\" data-end=\"1733\">Neumolog\u00eda<\/strong><\/p><p><span style=\"font-family: Mulish; letter-spacing: 0.1px;\">Estudia las v\u00edas respiratorias superiores (nariz, nasofaringe, laringe y tr\u00e1quea) e inferiores (bronquios y pulmones). Trata patolog\u00edas respiratorias como neumon\u00edas, colapsos traqueales, tos cr\u00f3nica o enfermedades pulmonares obstructivas.<\/span><\/p>\t\t\t\t\t\t\t\t<\/div>\n\t\t\t\t<\/div>\n\t\t\t\t\t<\/div>\n\t\t<\/div>\n\t\t\t\t<div class=\"elementor-column elementor-col-50 elementor-top-column elementor-element elementor-element-c97766a\" data-id=\"c97766a\" data-element_type=\"column\" data-e-type=\"column\">\n\t\t\t<div class=\"elementor-widget-wrap elementor-element-populated\">\n\t\t\t\t\t\t<div class=\"elementor-element elementor-element-ab7b381 elementor-widget elementor-widget-image\" data-id=\"ab7b381\" data-element_type=\"widget\" data-e-type=\"widget\" data-widget_type=\"image.default\">\n\t\t\t\t<div class=\"elementor-widget-container\">\n\t\t\t\t\t\t\t\t\t\t\t\t\t\t\t<img decoding=\"async\" src=\"http:\/\/www.unavets.com\/lastablas\/wp-content\/uploads\/sites\/2\/2020\/10\/Depositphotos_13408459_original-1.jpg\" title=\"\" alt=\"\" loading=\"lazy\" \/>\t\t\t\t\t\t\t\t\t\t\t\t\t\t\t<\/div>\n\t\t\t\t<\/div>\n\t\t\t\t<div class=\"elementor-element elementor-element-99d5a36 elementor-align-center elementor-widget elementor-widget-button\" data-id=\"99d5a36\" data-element_type=\"widget\" data-e-type=\"widget\" data-widget_type=\"button.default\">\n\t\t\t\t<div class=\"elementor-widget-container\">\n\t\t\t\t\t\t\t\t\t<div class=\"elementor-button-wrapper\">\n\t\t\t\t\t<a class=\"elementor-button elementor-button-link elementor-size-sm\" href=\"http:\/\/www.unavets.com\/es\/nuestras-clinicas\/\">\n\t\t\t\t\t\t<span class=\"elementor-button-content-wrapper\">\n\t\t\t\t\t\t\t\t\t<span class=\"elementor-button-text\">Encuentra la Cl\u00ednica UNAVETS M\u00e1s Cercana<\/span>\n\t\t\t\t\t<\/span>\n\t\t\t\t\t<\/a>\n\t\t\t\t<\/div>\n\t\t\t\t\t\t\t\t<\/div>\n\t\t\t\t<\/div>\n\t\t\t\t\t<\/div>\n\t\t<\/div>\n\t\t\t\t\t<\/div>\n\t\t<\/section>\n\t\t\t\t<\/div>\n\t\t","protected":false},"excerpt":{"rendered":"<p>Especialistas en medicina interna La medicina interna trata problemas en los \u00f3rganos internos mediante procedimientos no quir\u00fargicos. Los especialistas en medicina interna veterinaria se ocupan del estudio, diagn\u00f3stico y tratamiento de animales que presentan cuadros cl\u00ednicos complejos, especialmente aquellos en los que intervienen varios \u00f3rganos o sistemas a la vez o que conviven con enfermedades &hellip; <\/p>\n","protected":false},"author":1,"featured_media":0,"parent":0,"menu_order":0,"comment_status":"closed","ping_status":"closed","template":"page-fullwidth.php","meta":{"_acf_changed":false,"content-type":"","footnotes":""},"class_list":["post-14478","page","type-page","status-publish","hentry"],"acf":[],"_links":{"self":[{"href":"https:\/\/www.unavets.com\/es\/wp-json\/wp\/v2\/pages\/14478","targetHints":{"allow":["GET"]}}],"collection":[{"href":"https:\/\/www.unavets.com\/es\/wp-json\/wp\/v2\/pages"}],"about":[{"href":"https:\/\/www.unavets.com\/es\/wp-json\/wp\/v2\/types\/page"}],"author":[{"embeddable":true,"href":"https:\/\/www.unavets.com\/es\/wp-json\/wp\/v2\/users\/1"}],"replies":[{"embeddable":true,"href":"https:\/\/www.unavets.com\/es\/wp-json\/wp\/v2\/comments?post=14478"}],"version-history":[{"count":18,"href":"https:\/\/www.unavets.com\/es\/wp-json\/wp\/v2\/pages\/14478\/revisions"}],"predecessor-version":[{"id":33690,"href":"https:\/\/www.unavets.com\/es\/wp-json\/wp\/v2\/pages\/14478\/revisions\/33690"}],"wp:attachment":[{"href":"https:\/\/www.unavets.com\/es\/wp-json\/wp\/v2\/media?parent=14478"}],"curies":[{"name":"wp","href":"https:\/\/api.w.org\/{rel}","templated":true}]}}