{"id":14469,"date":"2021-01-29T12:02:23","date_gmt":"2021-01-29T12:02:23","guid":{"rendered":"http:\/\/www.unavets.com\/?page_id=14469"},"modified":"2025-11-21T09:08:26","modified_gmt":"2025-11-21T09:08:26","slug":"endoscopia-2","status":"publish","type":"page","link":"https:\/\/www.unavets.com\/es\/endoscopia-2\/","title":{"rendered":"Endoscopia"},"content":{"rendered":"\t\t<div data-elementor-type=\"wp-page\" data-elementor-id=\"14469\" class=\"elementor elementor-14469 elementor-13645\" data-elementor-post-type=\"page\">\n\t\t\t\t\t\t<section class=\"elementor-section elementor-top-section elementor-element elementor-element-86f0129 elementor-section-boxed elementor-section-height-default elementor-section-height-default\" data-id=\"86f0129\" data-element_type=\"section\" data-e-type=\"section\" id=\"main-sec\">\n\t\t\t\t\t\t<div class=\"elementor-container elementor-column-gap-default\">\n\t\t\t\t\t<div class=\"elementor-column elementor-col-100 elementor-top-column elementor-element elementor-element-3fb6f89\" data-id=\"3fb6f89\" data-element_type=\"column\" data-e-type=\"column\">\n\t\t\t<div class=\"elementor-widget-wrap elementor-element-populated\">\n\t\t\t\t\t\t<div class=\"elementor-element elementor-element-8e6c2ee elementor-widget elementor-widget-text-editor\" data-id=\"8e6c2ee\" data-element_type=\"widget\" data-e-type=\"widget\" data-widget_type=\"text-editor.default\">\n\t\t\t\t<div class=\"elementor-widget-container\">\n\t\t\t\t\t\t\t\t\t<h2><span style=\"font-size: 2.25rem; letter-spacing: 0.1px;\">\u00bfQu\u00e9 es la endoscopia veterinaria?<\/span><\/h2><p>\u00a0<\/p>\t\t\t\t\t\t\t\t<\/div>\n\t\t\t\t<\/div>\n\t\t\t\t\t<\/div>\n\t\t<\/div>\n\t\t\t\t\t<\/div>\n\t\t<\/section>\n\t\t\t\t<section class=\"elementor-section elementor-top-section elementor-element elementor-element-b5ab4fc elementor-section-boxed elementor-section-height-default elementor-section-height-default\" data-id=\"b5ab4fc\" data-element_type=\"section\" data-e-type=\"section\">\n\t\t\t\t\t\t<div class=\"elementor-container elementor-column-gap-default\">\n\t\t\t\t\t<div class=\"elementor-column elementor-col-50 elementor-top-column elementor-element elementor-element-610e437\" data-id=\"610e437\" data-element_type=\"column\" data-e-type=\"column\">\n\t\t\t<div class=\"elementor-widget-wrap elementor-element-populated\">\n\t\t\t\t\t\t<div class=\"elementor-element elementor-element-38e33b0 elementor-widget elementor-widget-section_titleleft\" data-id=\"38e33b0\" data-element_type=\"widget\" data-e-type=\"widget\" data-widget_type=\"section_titleleft.default\">\n\t\t\t\t<div class=\"elementor-widget-container\">\n\t\t\t\t\t        <div class=\"ab_text-title fl-wrap\">\n            <span class=\"section-separator fl-sec-sep\"><\/span>        <\/div>\n        \t\t\t\t<\/div>\n\t\t\t\t<\/div>\n\t\t\t\t<div class=\"elementor-element elementor-element-cdb9ae3 elementor-widget elementor-widget-text-editor\" data-id=\"cdb9ae3\" data-element_type=\"widget\" data-e-type=\"widget\" data-widget_type=\"text-editor.default\">\n\t\t\t\t<div class=\"elementor-widget-container\">\n\t\t\t\t\t\t\t\t\t<p>La<strong> Endoscopia veterinaria<\/strong>, es un procedimiento en el que se introduce un tubo que incorpora una c\u00e1mara y una fuente de luz a trav\u00e9s de los orificios naturales del organismo, tales como las v\u00edas respiratorias o el tracto intestinal, o bien mediante incisiones quir\u00fargicas en, por ejemplo, la cavidad abdominal o una articulaci\u00f3n, para observar cavidades internas del cuerpo. Puede tambi\u00e9n incorporar instrumental para llevar a cabo tomas de muestras o intervenciones quir\u00fargicas con m\u00ednima invasi\u00f3n al mismo tiempo (cauterizaci\u00f3n de tejidos, extirpaci\u00f3n de quistes, p\u00f3lipos o tumores\u2026).<\/p><p>La <a href=\"https:\/\/www.unavets.com\/lahuella\/es\/especialidades\/endoscopia\/\">endoscopia veterinaria<\/a> requiere anestesia, por lo tanto, no produce dolor o trauma alguno para el paciente. Se puede utilizar para explorar la nariz, los o\u00eddos, el sistema digestivo, el sistema respiratorio, el sistema reproductivo y el sistema urinario.<\/p>\t\t\t\t\t\t\t\t<\/div>\n\t\t\t\t<\/div>\n\t\t\t\t\t<\/div>\n\t\t<\/div>\n\t\t\t\t<div class=\"elementor-column elementor-col-50 elementor-top-column elementor-element elementor-element-892dbe4\" data-id=\"892dbe4\" data-element_type=\"column\" data-e-type=\"column\">\n\t\t\t<div class=\"elementor-widget-wrap elementor-element-populated\">\n\t\t\t\t\t\t<div class=\"elementor-element elementor-element-5172cc2 elementor-widget elementor-widget-image\" data-id=\"5172cc2\" data-element_type=\"widget\" data-e-type=\"widget\" data-widget_type=\"image.default\">\n\t\t\t\t<div class=\"elementor-widget-container\">\n\t\t\t\t\t\t\t\t\t\t\t\t\t\t\t<img decoding=\"async\" src=\"http:\/\/www.unavets.com\/lastablas\/wp-content\/uploads\/sites\/2\/2020\/10\/shutterstock_503391556-1.jpg\" title=\"\" alt=\"\" loading=\"lazy\" \/>\t\t\t\t\t\t\t\t\t\t\t\t\t\t\t<\/div>\n\t\t\t\t<\/div>\n\t\t\t\t<div class=\"elementor-element elementor-element-b95b848 elementor-align-center elementor-widget elementor-widget-button_listing\" data-id=\"b95b848\" data-element_type=\"widget\" data-e-type=\"widget\" data-widget_type=\"button_listing.default\">\n\t\t\t\t<div class=\"elementor-widget-container\">\n\t\t\t\t\t        <div class=\"elementor-button-wrapper\">\n            <a href=\"https:\/\/www.unavets.com\/es\/\/listing_feature\/endoscopy-ca-es\" class=\"elementor-button-link elementor-button elementor-size-sm\" role=\"button\">\n                        <span class=\"elementor-button-content-wrapper\">\n\t\t\t\t\t\t<span class=\"elementor-button-text\">Encuentra tu cl\u00ednica UNAVETS m\u00e1s cercana<\/span>\n\t\t<\/span>\n                    <\/a>\n        <\/div>\n        \t\t\t\t<\/div>\n\t\t\t\t<\/div>\n\t\t\t\t\t<\/div>\n\t\t<\/div>\n\t\t\t\t\t<\/div>\n\t\t<\/section>\n\t\t\t\t<section class=\"elementor-section elementor-top-section elementor-element elementor-element-31191c5 elementor-section-boxed elementor-section-height-default elementor-section-height-default\" data-id=\"31191c5\" data-element_type=\"section\" data-e-type=\"section\">\n\t\t\t\t\t\t<div class=\"elementor-container elementor-column-gap-default\">\n\t\t\t\t\t<div class=\"elementor-column elementor-col-100 elementor-top-column elementor-element elementor-element-c6a6b40\" data-id=\"c6a6b40\" data-element_type=\"column\" data-e-type=\"column\">\n\t\t\t<div class=\"elementor-widget-wrap elementor-element-populated\">\n\t\t\t\t\t\t<div class=\"elementor-element elementor-element-b65334b elementor-widget elementor-widget-section_titleleft\" data-id=\"b65334b\" data-element_type=\"widget\" data-e-type=\"widget\" data-widget_type=\"section_titleleft.default\">\n\t\t\t\t<div class=\"elementor-widget-container\">\n\t\t\t\t\t        <div class=\"ab_text-title fl-wrap\">\n            <h3>Cu\u00e1ndo se considera realizar una endoscopia?<\/h3><span class=\"section-separator fl-sec-sep\"><\/span>        <\/div>\n        \t\t\t\t<\/div>\n\t\t\t\t<\/div>\n\t\t\t\t<div class=\"elementor-element elementor-element-47bfdba elementor-widget elementor-widget-text-editor\" data-id=\"47bfdba\" data-element_type=\"widget\" data-e-type=\"widget\" data-widget_type=\"text-editor.default\">\n\t\t\t\t<div class=\"elementor-widget-container\">\n\t\t\t\t\t\t\t\t\t<p>Se recomienda para entender la causa de los estornudos, v\u00f3mitos, diarrea o problemas urinarios en las mascotas y se puede utilizar para extraer objetos de la nariz, los pulmones, el est\u00f3mago o el es\u00f3fago sin tener que practicar una dolorosa cirug\u00eda.<\/p><p>El tiempo de recuperaci\u00f3n es inmediato, as\u00ed que una vez realizada, la mascota puede reanudar su vida cotidiana enseguida.<\/p>\t\t\t\t\t\t\t\t<\/div>\n\t\t\t\t<\/div>\n\t\t\t\t<div class=\"elementor-element elementor-element-34c3400 elementor-widget elementor-widget-text-editor\" data-id=\"34c3400\" data-element_type=\"widget\" data-e-type=\"widget\" data-widget_type=\"text-editor.default\">\n\t\t\t\t<div class=\"elementor-widget-container\">\n\t\t\t\t\t\t\t\t\t<h3 data-start=\"958\" data-end=\"990\">\u00bfLa endoscopia produce dolor?<\/h3><p data-start=\"992\" data-end=\"1229\">No. La endoscopia requiere anestesia, por lo que el paciente no siente dolor ni estr\u00e9s durante el procedimiento. Es una t\u00e9cnica segura y bien tolerada, especialmente \u00fatil para animales que necesitan un diagn\u00f3stico r\u00e1pido y poco invasivo.<\/p><p data-start=\"1231\" data-end=\"1309\">Este procedimiento se utiliza para explorar diferentes sistemas del organismo:<\/p><ul><li data-start=\"1313\" data-end=\"1370\">V\u00edas respiratorias (nariz, laringe, tr\u00e1quea y pulmones)<\/li><li data-start=\"1373\" data-end=\"1423\">Sistema digestivo (es\u00f3fago, est\u00f3mago, intestino)<\/li><li data-start=\"1426\" data-end=\"1448\">Sistema reproductivo<\/li><li data-start=\"1451\" data-end=\"1469\">Sistema urinario<\/li><li data-start=\"1472\" data-end=\"1493\">Conductos auditivos<\/li><\/ul>\t\t\t\t\t\t\t\t<\/div>\n\t\t\t\t<\/div>\n\t\t\t\t<div class=\"elementor-element elementor-element-dce693f elementor-widget elementor-widget-text-editor\" data-id=\"dce693f\" data-element_type=\"widget\" data-e-type=\"widget\" data-widget_type=\"text-editor.default\">\n\t\t\t\t<div class=\"elementor-widget-container\">\n\t\t\t\t\t\t\t\t\t<h3>Recuperaci\u00f3n tras una endoscopia<\/h3><p data-start=\"2008\" data-end=\"2192\">La recuperaci\u00f3n suele ser r\u00e1pida e inmediata. Una vez finalizado el procedimiento y pasado el efecto de la anestesia, la mascota puede retomar su actividad habitual con normalidad.<\/p><h3 data-start=\"2199\" data-end=\"2242\">Encuentra tu cl\u00ednica UNAVETS m\u00e1s cercana<\/h3><p data-start=\"2244\" data-end=\"2422\" data-is-last-node=\"\" data-is-only-node=\"\">Disponemos de <a href=\"https:\/\/www.unavets.com\/listings\/our-practices\/\">centros a nivel nacional<\/a> equipados con tecnolog\u00eda avanzada y veterinarios expertos en endoscopia. Encuentra la cl\u00ednica UNAVETS m\u00e1s cercana y recibe el mejor cuidado para tu mascota.<\/p>\t\t\t\t\t\t\t\t<\/div>\n\t\t\t\t<\/div>\n\t\t\t\t\t<\/div>\n\t\t<\/div>\n\t\t\t\t\t<\/div>\n\t\t<\/section>\n\t\t\t\t<\/div>\n\t\t","protected":false},"excerpt":{"rendered":"<p>\u00bfQu\u00e9 es la endoscopia veterinaria? \u00a0 La Endoscopia veterinaria, es un procedimiento en el que se introduce un tubo que incorpora una c\u00e1mara y una fuente de luz a trav\u00e9s de los orificios naturales del organismo, tales como las v\u00edas respiratorias o el tracto intestinal, o bien mediante incisiones quir\u00fargicas en, por ejemplo, la cavidad &hellip; <\/p>\n","protected":false},"author":1,"featured_media":0,"parent":0,"menu_order":0,"comment_status":"closed","ping_status":"closed","template":"page-fullwidth.php","meta":{"_acf_changed":false,"content-type":"","footnotes":""},"class_list":["post-14469","page","type-page","status-publish","hentry"],"acf":[],"_links":{"self":[{"href":"https:\/\/www.unavets.com\/es\/wp-json\/wp\/v2\/pages\/14469","targetHints":{"allow":["GET"]}}],"collection":[{"href":"https:\/\/www.unavets.com\/es\/wp-json\/wp\/v2\/pages"}],"about":[{"href":"https:\/\/www.unavets.com\/es\/wp-json\/wp\/v2\/types\/page"}],"author":[{"embeddable":true,"href":"https:\/\/www.unavets.com\/es\/wp-json\/wp\/v2\/users\/1"}],"replies":[{"embeddable":true,"href":"https:\/\/www.unavets.com\/es\/wp-json\/wp\/v2\/comments?post=14469"}],"version-history":[{"count":11,"href":"https:\/\/www.unavets.com\/es\/wp-json\/wp\/v2\/pages\/14469\/revisions"}],"predecessor-version":[{"id":33645,"href":"https:\/\/www.unavets.com\/es\/wp-json\/wp\/v2\/pages\/14469\/revisions\/33645"}],"wp:attachment":[{"href":"https:\/\/www.unavets.com\/es\/wp-json\/wp\/v2\/media?parent=14469"}],"curies":[{"name":"wp","href":"https:\/\/api.w.org\/{rel}","templated":true}]}}