{"id":14461,"date":"2021-01-29T11:55:27","date_gmt":"2021-01-29T11:55:27","guid":{"rendered":"http:\/\/www.unavets.com\/?page_id=14461"},"modified":"2021-07-15T12:17:21","modified_gmt":"2021-07-15T12:17:21","slug":"dermatologia","status":"publish","type":"page","link":"https:\/\/www.unavets.com\/es\/dermatologia\/","title":{"rendered":"Dermatolog\u00eda"},"content":{"rendered":"\t\t<div data-elementor-type=\"wp-page\" data-elementor-id=\"14461\" class=\"elementor elementor-14461 elementor-13682\" data-elementor-post-type=\"page\">\n\t\t\t\t\t\t<section class=\"elementor-section elementor-top-section elementor-element elementor-element-1994c1a elementor-section-boxed elementor-section-height-default elementor-section-height-default\" data-id=\"1994c1a\" data-element_type=\"section\" data-e-type=\"section\" id=\"main-sec\">\n\t\t\t\t\t\t<div class=\"elementor-container elementor-column-gap-default\">\n\t\t\t\t\t<div class=\"elementor-column elementor-col-100 elementor-top-column elementor-element elementor-element-243548e\" data-id=\"243548e\" data-element_type=\"column\" data-e-type=\"column\">\n\t\t\t<div class=\"elementor-widget-wrap elementor-element-populated\">\n\t\t\t\t\t\t<div class=\"elementor-element elementor-element-c7ded9f elementor-widget elementor-widget-section_titleleft\" data-id=\"c7ded9f\" data-element_type=\"widget\" data-e-type=\"widget\" data-widget_type=\"section_titleleft.default\">\n\t\t\t\t<div class=\"elementor-widget-container\">\n\t\t\t\t\t        <div class=\"ab_text-title fl-wrap\">\n            La dermatolog\u00eda es una de las especialidades que presenta el mayor n\u00famero de casos en el d\u00eda a d\u00eda de una cl\u00ednica veterinaria.\n<span class=\"section-separator fl-sec-sep\"><\/span>        <\/div>\n        \t\t\t\t<\/div>\n\t\t\t\t<\/div>\n\t\t\t\t\t<\/div>\n\t\t<\/div>\n\t\t\t\t\t<\/div>\n\t\t<\/section>\n\t\t\t\t<section class=\"elementor-section elementor-top-section elementor-element elementor-element-627bb44 elementor-section-boxed elementor-section-height-default elementor-section-height-default\" data-id=\"627bb44\" data-element_type=\"section\" data-e-type=\"section\">\n\t\t\t\t\t\t<div class=\"elementor-container elementor-column-gap-default\">\n\t\t\t\t\t<div class=\"elementor-column elementor-col-50 elementor-top-column elementor-element elementor-element-2217798\" data-id=\"2217798\" data-element_type=\"column\" data-e-type=\"column\">\n\t\t\t<div class=\"elementor-widget-wrap elementor-element-populated\">\n\t\t\t\t\t\t<div class=\"elementor-element elementor-element-c2c98d0 elementor-widget elementor-widget-text-editor\" data-id=\"c2c98d0\" data-element_type=\"widget\" data-e-type=\"widget\" data-widget_type=\"text-editor.default\">\n\t\t\t\t<div class=\"elementor-widget-container\">\n\t\t\t\t\t\t\t\t\t<p>Proporcionamos tratamiento dermatol\u00f3gico integral para diferentes tipos de problemas en la piel, tales como:<\/p><ul><li>Dermatitis al\u00e9rgica, dermatitis at\u00f3pica<\/li><li>Intolerancia o hipersensibilidad alimentaria<\/li><li>Dermatitis al\u00e9rgica a la picadura de pulga<\/li><li>Enfermedades parasitarias: sarna demod\u00e9cia y sarc\u00f3ptica, garrapatas, etc.<\/li><li>Enfermedades inmunomediadas de la piel: lupus eritematoso, p\u00e9nfigos, etc.<\/li><li>Enfermedades bacterianas: piodermas superficiales y profundas.<\/li><li>Enfermedades mic\u00f3ticas: dermatofitosis, dermatitis por Malassezia, etc.<\/li><li>Enfermedades endocrinas de la piel: hiperadrenocorticismo, hipotiroidismo, alopecia, etc.<\/li><li>Des\u00f3rdenes de queratinizaci\u00f3n<\/li><li>Tumores y quistes neopl\u00e1sicos y no neopl\u00e1sicos.<\/li><\/ul>\t\t\t\t\t\t\t\t<\/div>\n\t\t\t\t<\/div>\n\t\t\t\t\t<\/div>\n\t\t<\/div>\n\t\t\t\t<div class=\"elementor-column elementor-col-50 elementor-top-column elementor-element elementor-element-7d44733\" data-id=\"7d44733\" data-element_type=\"column\" data-e-type=\"column\">\n\t\t\t<div class=\"elementor-widget-wrap elementor-element-populated\">\n\t\t\t\t\t\t<div class=\"elementor-element elementor-element-0bb4416 elementor-widget elementor-widget-image\" data-id=\"0bb4416\" data-element_type=\"widget\" data-e-type=\"widget\" data-widget_type=\"image.default\">\n\t\t\t\t<div class=\"elementor-widget-container\">\n\t\t\t\t\t\t\t\t\t\t\t\t\t\t\t<img decoding=\"async\" src=\"http:\/\/www.unavets.com\/lastablas\/wp-content\/uploads\/sites\/2\/2020\/10\/shutterstock_1029444703-1.jpg\" title=\"\" alt=\"\" loading=\"lazy\" \/>\t\t\t\t\t\t\t\t\t\t\t\t\t\t\t<\/div>\n\t\t\t\t<\/div>\n\t\t\t\t<div class=\"elementor-element elementor-element-5292a84 elementor-align-center elementor-widget elementor-widget-button\" data-id=\"5292a84\" data-element_type=\"widget\" data-e-type=\"widget\" data-widget_type=\"button.default\">\n\t\t\t\t<div class=\"elementor-widget-container\">\n\t\t\t\t\t\t\t\t\t<div class=\"elementor-button-wrapper\">\n\t\t\t\t\t<a class=\"elementor-button elementor-button-link elementor-size-sm\" href=\"http:\/\/www.unavets.com\/es\/nuestras-clinicas\/\">\n\t\t\t\t\t\t<span class=\"elementor-button-content-wrapper\">\n\t\t\t\t\t\t\t\t\t<span class=\"elementor-button-text\">Encuentra la Cl\u00ednica UNAVETS M\u00e1s Cercana<\/span>\n\t\t\t\t\t<\/span>\n\t\t\t\t\t<\/a>\n\t\t\t\t<\/div>\n\t\t\t\t\t\t\t\t<\/div>\n\t\t\t\t<\/div>\n\t\t\t\t\t<\/div>\n\t\t<\/div>\n\t\t\t\t\t<\/div>\n\t\t<\/section>\n\t\t\t\t<section class=\"elementor-section elementor-top-section elementor-element elementor-element-db71e34 elementor-section-boxed elementor-section-height-default elementor-section-height-default\" data-id=\"db71e34\" data-element_type=\"section\" data-e-type=\"section\">\n\t\t\t\t\t\t<div class=\"elementor-container elementor-column-gap-default\">\n\t\t\t\t\t<div class=\"elementor-column elementor-col-100 elementor-top-column elementor-element elementor-element-6d04d58\" data-id=\"6d04d58\" data-element_type=\"column\" data-e-type=\"column\">\n\t\t\t<div class=\"elementor-widget-wrap elementor-element-populated\">\n\t\t\t\t\t\t<div class=\"elementor-element elementor-element-d94c70d elementor-widget elementor-widget-section_titleleft\" data-id=\"d94c70d\" data-element_type=\"widget\" data-e-type=\"widget\" data-widget_type=\"section_titleleft.default\">\n\t\t\t\t<div class=\"elementor-widget-container\">\n\t\t\t\t\t        <div class=\"ab_text-title fl-wrap\">\n            <h3>Pruebas dermatol\u00f3gicas frecuentes<\/h3><span class=\"section-separator fl-sec-sep\"><\/span>        <\/div>\n        \t\t\t\t<\/div>\n\t\t\t\t<\/div>\n\t\t\t\t\t<\/div>\n\t\t<\/div>\n\t\t\t\t\t<\/div>\n\t\t<\/section>\n\t\t\t\t<section class=\"elementor-section elementor-top-section elementor-element elementor-element-88d7d0c elementor-section-boxed elementor-section-height-default elementor-section-height-default\" data-id=\"88d7d0c\" data-element_type=\"section\" data-e-type=\"section\">\n\t\t\t\t\t\t<div class=\"elementor-container elementor-column-gap-default\">\n\t\t\t\t\t<div class=\"elementor-column elementor-col-50 elementor-top-column elementor-element elementor-element-019a177\" data-id=\"019a177\" data-element_type=\"column\" data-e-type=\"column\">\n\t\t\t<div class=\"elementor-widget-wrap elementor-element-populated\">\n\t\t\t\t\t\t<div class=\"elementor-element elementor-element-32538b7 elementor-widget elementor-widget-image\" data-id=\"32538b7\" data-element_type=\"widget\" data-e-type=\"widget\" data-widget_type=\"image.default\">\n\t\t\t\t<div class=\"elementor-widget-container\">\n\t\t\t\t\t\t\t\t\t\t\t\t\t\t\t<img decoding=\"async\" src=\"http:\/\/www.unavets.com\/lastablas\/wp-content\/uploads\/sites\/2\/2020\/10\/shutterstock_607531682-1.jpg\" title=\"\" alt=\"\" loading=\"lazy\" \/>\t\t\t\t\t\t\t\t\t\t\t\t\t\t\t<\/div>\n\t\t\t\t<\/div>\n\t\t\t\t\t<\/div>\n\t\t<\/div>\n\t\t\t\t<div class=\"elementor-column elementor-col-50 elementor-top-column elementor-element elementor-element-a4081f2\" data-id=\"a4081f2\" data-element_type=\"column\" data-e-type=\"column\">\n\t\t\t<div class=\"elementor-widget-wrap elementor-element-populated\">\n\t\t\t\t\t\t<div class=\"elementor-element elementor-element-3035d94 elementor-widget elementor-widget-text-editor\" data-id=\"3035d94\" data-element_type=\"widget\" data-e-type=\"widget\" data-widget_type=\"text-editor.default\">\n\t\t\t\t<div class=\"elementor-widget-container\">\n\t\t\t\t\t\t\t\t\t<p>Para establecer un buen diagn\u00f3stico dermatol\u00f3gico, realizamos las siguientes pruebas:<\/p><ul><li>Raspado de piel: est\u00e1 indicado ante cualquier problema dermatol\u00f3gico, sobre todo ante la sospecha de la presencia de par\u00e1sitos cut\u00e1neos.<\/li><li>Tricograma: examen microsc\u00f3pico de pelos arrancados. Puede dar informaci\u00f3n diagn\u00f3stica importante.<\/li><li>Examen citol\u00f3gico<\/li><li>Cultivos bacteriano y micol\u00f3gico<\/li><li>Pruebas de alergia<\/li><li>Biopsia cut\u00e1nea<\/li><li>Paneles hematol\u00f3gicos y bioqu\u00edmicos<\/li><li>Pruebas de funci\u00f3n endocrina e inmune<\/li><\/ul>\t\t\t\t\t\t\t\t<\/div>\n\t\t\t\t<\/div>\n\t\t\t\t\t<\/div>\n\t\t<\/div>\n\t\t\t\t\t<\/div>\n\t\t<\/section>\n\t\t\t\t<\/div>\n\t\t","protected":false},"excerpt":{"rendered":"<p>La dermatolog\u00eda es una de las especialidades que presenta el mayor n\u00famero de casos en el d\u00eda a d\u00eda de una cl\u00ednica veterinaria. Proporcionamos tratamiento dermatol\u00f3gico integral para diferentes tipos de problemas en la piel, tales como: Dermatitis al\u00e9rgica, dermatitis at\u00f3pica Intolerancia o hipersensibilidad alimentaria Dermatitis al\u00e9rgica a la picadura de pulga Enfermedades parasitarias: sarna &hellip; <\/p>\n","protected":false},"author":1,"featured_media":0,"parent":0,"menu_order":0,"comment_status":"closed","ping_status":"closed","template":"page-fullwidth.php","meta":{"_acf_changed":false,"content-type":"","footnotes":""},"class_list":["post-14461","page","type-page","status-publish","hentry"],"acf":[],"_links":{"self":[{"href":"https:\/\/www.unavets.com\/es\/wp-json\/wp\/v2\/pages\/14461","targetHints":{"allow":["GET"]}}],"collection":[{"href":"https:\/\/www.unavets.com\/es\/wp-json\/wp\/v2\/pages"}],"about":[{"href":"https:\/\/www.unavets.com\/es\/wp-json\/wp\/v2\/types\/page"}],"author":[{"embeddable":true,"href":"https:\/\/www.unavets.com\/es\/wp-json\/wp\/v2\/users\/1"}],"replies":[{"embeddable":true,"href":"https:\/\/www.unavets.com\/es\/wp-json\/wp\/v2\/comments?post=14461"}],"version-history":[{"count":0,"href":"https:\/\/www.unavets.com\/es\/wp-json\/wp\/v2\/pages\/14461\/revisions"}],"wp:attachment":[{"href":"https:\/\/www.unavets.com\/es\/wp-json\/wp\/v2\/media?parent=14461"}],"curies":[{"name":"wp","href":"https:\/\/api.w.org\/{rel}","templated":true}]}}