{"id":14436,"date":"2021-01-29T11:39:27","date_gmt":"2021-01-29T11:39:27","guid":{"rendered":"http:\/\/www.unavets.com\/?page_id=14436"},"modified":"2023-04-17T13:58:27","modified_gmt":"2023-04-17T13:58:27","slug":"animales-exoticos","status":"publish","type":"page","link":"https:\/\/www.unavets.com\/es\/animales-exoticos\/","title":{"rendered":"Animales Ex\u00f3ticos"},"content":{"rendered":"\t\t<div data-elementor-type=\"wp-page\" data-elementor-id=\"14436\" class=\"elementor elementor-14436 elementor-13666\" data-elementor-post-type=\"page\">\n\t\t\t\t\t\t<section class=\"elementor-section elementor-top-section elementor-element elementor-element-bb55ac6 elementor-section-boxed elementor-section-height-default elementor-section-height-default\" data-id=\"bb55ac6\" data-element_type=\"section\" data-e-type=\"section\" id=\"main-sec\">\n\t\t\t\t\t\t<div class=\"elementor-container elementor-column-gap-default\">\n\t\t\t\t\t<div class=\"elementor-column elementor-col-100 elementor-top-column elementor-element elementor-element-99bb8a9\" data-id=\"99bb8a9\" data-element_type=\"column\" data-e-type=\"column\">\n\t\t\t<div class=\"elementor-widget-wrap elementor-element-populated\">\n\t\t\t\t\t\t<div class=\"elementor-element elementor-element-b531652 elementor-widget elementor-widget-section_titleleft\" data-id=\"b531652\" data-element_type=\"widget\" data-e-type=\"widget\" data-widget_type=\"section_titleleft.default\">\n\t\t\t\t<div class=\"elementor-widget-container\">\n\t\t\t\t\t        <div class=\"ab_text-title fl-wrap\">\n            <h3>De formas, tama\u00f1os y colores muy variados<\/h3><span class=\"section-separator fl-sec-sep\"><\/span>        <\/div>\n        \t\t\t\t<\/div>\n\t\t\t\t<\/div>\n\t\t\t\t\t<\/div>\n\t\t<\/div>\n\t\t\t\t\t<\/div>\n\t\t<\/section>\n\t\t\t\t<section class=\"elementor-section elementor-top-section elementor-element elementor-element-a18b128 elementor-section-boxed elementor-section-height-default elementor-section-height-default\" data-id=\"a18b128\" data-element_type=\"section\" data-e-type=\"section\">\n\t\t\t\t\t\t<div class=\"elementor-container elementor-column-gap-default\">\n\t\t\t\t\t<div class=\"elementor-column elementor-col-50 elementor-top-column elementor-element elementor-element-5151db4\" data-id=\"5151db4\" data-element_type=\"column\" data-e-type=\"column\">\n\t\t\t<div class=\"elementor-widget-wrap elementor-element-populated\">\n\t\t\t\t\t\t<div class=\"elementor-element elementor-element-a55492a elementor-widget elementor-widget-text-editor\" data-id=\"a55492a\" data-element_type=\"widget\" data-e-type=\"widget\" data-widget_type=\"text-editor.default\">\n\t\t\t\t<div class=\"elementor-widget-container\">\n\t\t\t\t\t\t\t\t\t<p>Algunos de los muchos animales de compa\u00f1\u00eda ex\u00f3ticos que tratamos incluyen:<\/p><ul><li>Aves: tratamos a la mayor\u00eda de aves excepto las razas m\u00e1s grandes como los guacamayos o las cacat\u00faas.<\/li><li>Mam\u00edferos peque\u00f1os: conejos, petauros, ratas, conejillos de indias, h\u00e1msteres, hurones, erizos, etc.<\/li><li>Reptiles y anfibios: serpientes, iguanas, camaleones y tortugas, entre otros.<\/li><\/ul><p>Los animales ex\u00f3ticos tienen necesidades espec\u00edficas en cuanto a h\u00e1bitat y dieta. Esperamos trabajar contigo con el fin de mantener a tu mascota sana y segura.<\/p><p>Igual que con gatos y perros, los animales ex\u00f3ticos tambi\u00e9n necesitan visitar regularmente el veterinario para mediante revisiones detectar pronto posibles problemas de salud.<\/p>\t\t\t\t\t\t\t\t<\/div>\n\t\t\t\t<\/div>\n\t\t\t\t\t<\/div>\n\t\t<\/div>\n\t\t\t\t<div class=\"elementor-column elementor-col-50 elementor-top-column elementor-element elementor-element-71d3a70\" data-id=\"71d3a70\" data-element_type=\"column\" data-e-type=\"column\">\n\t\t\t<div class=\"elementor-widget-wrap elementor-element-populated\">\n\t\t\t\t\t\t<div class=\"elementor-element elementor-element-59aba31 elementor-widget elementor-widget-image\" data-id=\"59aba31\" data-element_type=\"widget\" data-e-type=\"widget\" data-widget_type=\"image.default\">\n\t\t\t\t<div class=\"elementor-widget-container\">\n\t\t\t\t\t\t\t\t\t\t\t\t\t\t\t<img fetchpriority=\"high\" decoding=\"async\" width=\"724\" height=\"448\" src=\"https:\/\/www.unavets.com\/wp-content\/uploads\/2021\/06\/shutterstock_309191834-1-1024x633.jpg\" class=\"attachment-large size-large wp-image-17858\" alt=\"\" \/>\t\t\t\t\t\t\t\t\t\t\t\t\t\t\t<\/div>\n\t\t\t\t<\/div>\n\t\t\t\t<div class=\"elementor-element elementor-element-e473d39 elementor-align-center elementor-widget elementor-widget-button\" data-id=\"e473d39\" data-element_type=\"widget\" data-e-type=\"widget\" data-widget_type=\"button.default\">\n\t\t\t\t<div class=\"elementor-widget-container\">\n\t\t\t\t\t\t\t\t\t<div class=\"elementor-button-wrapper\">\n\t\t\t\t\t<a class=\"elementor-button elementor-button-link elementor-size-sm\" href=\"https:\/\/www.unavets.com\/es\/nuestras-clinicas\/\">\n\t\t\t\t\t\t<span class=\"elementor-button-content-wrapper\">\n\t\t\t\t\t\t\t\t\t<span class=\"elementor-button-text\">Encuentra la Cl\u00ednica UNAVETS M\u00e1s Cercana<\/span>\n\t\t\t\t\t<\/span>\n\t\t\t\t\t<\/a>\n\t\t\t\t<\/div>\n\t\t\t\t\t\t\t\t<\/div>\n\t\t\t\t<\/div>\n\t\t\t\t\t<\/div>\n\t\t<\/div>\n\t\t\t\t\t<\/div>\n\t\t<\/section>\n\t\t\t\t<\/div>\n\t\t","protected":false},"excerpt":{"rendered":"<p>De formas, tama\u00f1os y colores muy variados Algunos de los muchos animales de compa\u00f1\u00eda ex\u00f3ticos que tratamos incluyen: Aves: tratamos a la mayor\u00eda de aves excepto las razas m\u00e1s grandes como los guacamayos o las cacat\u00faas. Mam\u00edferos peque\u00f1os: conejos, petauros, ratas, conejillos de indias, h\u00e1msteres, hurones, erizos, etc. Reptiles y anfibios: serpientes, iguanas, camaleones y &hellip; <\/p>\n","protected":false},"author":1,"featured_media":0,"parent":0,"menu_order":0,"comment_status":"closed","ping_status":"closed","template":"page-fullwidth.php","meta":{"_acf_changed":false,"content-type":"","footnotes":""},"class_list":["post-14436","page","type-page","status-publish","hentry"],"acf":[],"_links":{"self":[{"href":"https:\/\/www.unavets.com\/es\/wp-json\/wp\/v2\/pages\/14436","targetHints":{"allow":["GET"]}}],"collection":[{"href":"https:\/\/www.unavets.com\/es\/wp-json\/wp\/v2\/pages"}],"about":[{"href":"https:\/\/www.unavets.com\/es\/wp-json\/wp\/v2\/types\/page"}],"author":[{"embeddable":true,"href":"https:\/\/www.unavets.com\/es\/wp-json\/wp\/v2\/users\/1"}],"replies":[{"embeddable":true,"href":"https:\/\/www.unavets.com\/es\/wp-json\/wp\/v2\/comments?post=14436"}],"version-history":[{"count":0,"href":"https:\/\/www.unavets.com\/es\/wp-json\/wp\/v2\/pages\/14436\/revisions"}],"wp:attachment":[{"href":"https:\/\/www.unavets.com\/es\/wp-json\/wp\/v2\/media?parent=14436"}],"curies":[{"name":"wp","href":"https:\/\/api.w.org\/{rel}","templated":true}]}}