{"id":14428,"date":"2021-01-29T11:34:17","date_gmt":"2021-01-29T11:34:17","guid":{"rendered":"http:\/\/www.unavets.com\/?page_id=14428"},"modified":"2023-04-17T13:15:21","modified_gmt":"2023-04-17T13:15:21","slug":"rehabilitacion","status":"publish","type":"page","link":"https:\/\/www.unavets.com\/es\/rehabilitacion\/","title":{"rendered":"Rehabilitaci\u00f3n"},"content":{"rendered":"\t\t<div data-elementor-type=\"wp-page\" data-elementor-id=\"14428\" class=\"elementor elementor-14428\" data-elementor-post-type=\"page\">\n\t\t\t\t\t\t<section class=\"elementor-section elementor-top-section elementor-element elementor-element-aa20f85 elementor-section-boxed elementor-section-height-default elementor-section-height-default\" data-id=\"aa20f85\" data-element_type=\"section\" data-e-type=\"section\" id=\"main-sec\">\n\t\t\t\t\t\t<div class=\"elementor-container elementor-column-gap-default\">\n\t\t\t\t\t<div class=\"elementor-column elementor-col-100 elementor-top-column elementor-element elementor-element-6169b33\" data-id=\"6169b33\" data-element_type=\"column\" data-e-type=\"column\">\n\t\t\t<div class=\"elementor-widget-wrap elementor-element-populated\">\n\t\t\t\t\t\t<div class=\"elementor-element elementor-element-3633bdf elementor-widget elementor-widget-section_titleleft\" data-id=\"3633bdf\" data-element_type=\"widget\" data-e-type=\"widget\" data-widget_type=\"section_titleleft.default\">\n\t\t\t\t<div class=\"elementor-widget-container\">\n\t\t\t\t\t        <div class=\"ab_text-title fl-wrap\">\n            <h3>\u00bfEn qu\u00e9 consiste?<\/h3>La Rehabilitaci\u00f3n es un tipo de terapia no invasiva, que se centra en las relaciones entre los m\u00fasculos, huesos, nervios, tendones y ligamentos para disminuir el dolor y mejorar la funci\u00f3n corporal tras una lesi\u00f3n o enfermedad. <span class=\"section-separator fl-sec-sep\"><\/span>        <\/div>\n        \t\t\t\t<\/div>\n\t\t\t\t<\/div>\n\t\t\t\t\t<\/div>\n\t\t<\/div>\n\t\t\t\t\t<\/div>\n\t\t<\/section>\n\t\t\t\t<section class=\"elementor-section elementor-top-section elementor-element elementor-element-c3ea68c elementor-section-boxed elementor-section-height-default elementor-section-height-default\" data-id=\"c3ea68c\" data-element_type=\"section\" data-e-type=\"section\">\n\t\t\t\t\t\t<div class=\"elementor-container elementor-column-gap-default\">\n\t\t\t\t\t<div class=\"elementor-column elementor-col-50 elementor-top-column elementor-element elementor-element-50fc700\" data-id=\"50fc700\" data-element_type=\"column\" data-e-type=\"column\">\n\t\t\t<div class=\"elementor-widget-wrap elementor-element-populated\">\n\t\t\t\t\t\t<div class=\"elementor-element elementor-element-500266f elementor-widget elementor-widget-text-editor\" data-id=\"500266f\" data-element_type=\"widget\" data-e-type=\"widget\" data-widget_type=\"text-editor.default\">\n\t\t\t\t<div class=\"elementor-widget-container\">\n\t\t\t\t\t\t\t\t\t<h2 style=\"font-size: 25px; font-weight: 400 !important;\">Rehabilitaci\u00f3n Veterinaria<\/h2>\t\t\t\t\t\t\t\t<\/div>\n\t\t\t\t<\/div>\n\t\t\t\t<div class=\"elementor-element elementor-element-e817fcf elementor-widget elementor-widget-text-editor\" data-id=\"e817fcf\" data-element_type=\"widget\" data-e-type=\"widget\" data-widget_type=\"text-editor.default\">\n\t\t\t\t<div class=\"elementor-widget-container\">\n\t\t\t\t\t\t\t\t\t<p>La rehabilitaci\u00f3n canina y felina emplea t\u00e9cnicas similares a las usadas en la fisioterapia humana, para lograr uno o m\u00e1s de los siguientes objetivos:<\/p><ul><li>Acelerar la recuperaci\u00f3n tras una lesi\u00f3n o cirug\u00eda.<\/li><li>Aumentar la movilidad y la flexibilidad.<\/li><li>Mejorar la resistencia y la agilidad.<\/li><li>Disminuir el dolor.<\/li><li>Facilitar la p\u00e9rdida de peso.<\/li><li>Mantener las funciones y prevenir futuros problemas.<\/li><li>Mejorar la calidad de vida.<\/li><\/ul>\t\t\t\t\t\t\t\t<\/div>\n\t\t\t\t<\/div>\n\t\t\t\t\t<\/div>\n\t\t<\/div>\n\t\t\t\t<div class=\"elementor-column elementor-col-50 elementor-top-column elementor-element elementor-element-4104cbf\" data-id=\"4104cbf\" data-element_type=\"column\" data-e-type=\"column\">\n\t\t\t<div class=\"elementor-widget-wrap elementor-element-populated\">\n\t\t\t\t\t\t<div class=\"elementor-element elementor-element-2887ab0 elementor-widget elementor-widget-image\" data-id=\"2887ab0\" data-element_type=\"widget\" data-e-type=\"widget\" data-widget_type=\"image.default\">\n\t\t\t\t<div class=\"elementor-widget-container\">\n\t\t\t\t\t\t\t\t\t\t\t\t\t\t\t<img decoding=\"async\" src=\"http:\/\/www.unavets.com\/lastablas\/wp-content\/uploads\/sites\/2\/2020\/10\/shutterstock_264930377-1.jpg\" title=\"\" alt=\"\" loading=\"lazy\" \/>\t\t\t\t\t\t\t\t\t\t\t\t\t\t\t<\/div>\n\t\t\t\t<\/div>\n\t\t\t\t\t<\/div>\n\t\t<\/div>\n\t\t\t\t\t<\/div>\n\t\t<\/section>\n\t\t\t\t<section class=\"elementor-section elementor-top-section elementor-element elementor-element-cd05954 elementor-section-boxed elementor-section-height-default elementor-section-height-default\" data-id=\"cd05954\" data-element_type=\"section\" data-e-type=\"section\">\n\t\t\t\t\t\t<div class=\"elementor-container elementor-column-gap-default\">\n\t\t\t\t\t<div class=\"elementor-column elementor-col-100 elementor-top-column elementor-element elementor-element-d7b400b\" data-id=\"d7b400b\" data-element_type=\"column\" data-e-type=\"column\">\n\t\t\t<div class=\"elementor-widget-wrap elementor-element-populated\">\n\t\t\t\t\t\t<div class=\"elementor-element elementor-element-99c2e50 elementor-widget elementor-widget-section_titleleft\" data-id=\"99c2e50\" data-element_type=\"widget\" data-e-type=\"widget\" data-widget_type=\"section_titleleft.default\">\n\t\t\t\t<div class=\"elementor-widget-container\">\n\t\t\t\t\t        <div class=\"ab_text-title fl-wrap\">\n            <h3>Tipos de terapias de rehabilitaci\u00f3n<\/h3><span class=\"section-separator fl-sec-sep\"><\/span>        <\/div>\n        \t\t\t\t<\/div>\n\t\t\t\t<\/div>\n\t\t\t\t\t<\/div>\n\t\t<\/div>\n\t\t\t\t\t<\/div>\n\t\t<\/section>\n\t\t\t\t<section class=\"elementor-section elementor-top-section elementor-element elementor-element-d6912f2 elementor-section-boxed elementor-section-height-default elementor-section-height-default\" data-id=\"d6912f2\" data-element_type=\"section\" data-e-type=\"section\">\n\t\t\t\t\t\t<div class=\"elementor-container elementor-column-gap-default\">\n\t\t\t\t\t<div class=\"elementor-column elementor-col-50 elementor-top-column elementor-element elementor-element-855df31\" data-id=\"855df31\" data-element_type=\"column\" data-e-type=\"column\">\n\t\t\t<div class=\"elementor-widget-wrap elementor-element-populated\">\n\t\t\t\t\t\t<div class=\"elementor-element elementor-element-852645a elementor-widget elementor-widget-image\" data-id=\"852645a\" data-element_type=\"widget\" data-e-type=\"widget\" data-widget_type=\"image.default\">\n\t\t\t\t<div class=\"elementor-widget-container\">\n\t\t\t\t\t\t\t\t\t\t\t\t\t\t\t<img decoding=\"async\" src=\"http:\/\/www.unavets.com\/lastablas\/wp-content\/uploads\/sites\/2\/2020\/10\/shutterstock_1724944462-1.jpg\" title=\"\" alt=\"\" loading=\"lazy\" \/>\t\t\t\t\t\t\t\t\t\t\t\t\t\t\t<\/div>\n\t\t\t\t<\/div>\n\t\t\t\t<div class=\"elementor-element elementor-element-d733e79 elementor-align-center elementor-widget elementor-widget-button\" data-id=\"d733e79\" data-element_type=\"widget\" data-e-type=\"widget\" data-widget_type=\"button.default\">\n\t\t\t\t<div class=\"elementor-widget-container\">\n\t\t\t\t\t\t\t\t\t<div class=\"elementor-button-wrapper\">\n\t\t\t\t\t<a class=\"elementor-button elementor-button-link elementor-size-md\" href=\"https:\/\/citaonline116v2.qvet.net\/home\/0x0100000024934DCB6D0E578798A90C6B0EBEB7E08AF515715B3BB72E\/es\/0\" target=\"_blank\" rel=\"noopener\">\n\t\t\t\t\t\t<span class=\"elementor-button-content-wrapper\">\n\t\t\t\t\t\t<span class=\"elementor-button-icon\">\n\t\t\t\t<i aria-hidden=\"true\" class=\"far fa-calendar-alt\"><\/i>\t\t\t<\/span>\n\t\t\t\t\t\t\t\t\t<span class=\"elementor-button-text\">Encuentra la Cl\u00ednica UNAVETS M\u00e1s Cercana<\/span>\n\t\t\t\t\t<\/span>\n\t\t\t\t\t<\/a>\n\t\t\t\t<\/div>\n\t\t\t\t\t\t\t\t<\/div>\n\t\t\t\t<\/div>\n\t\t\t\t\t<\/div>\n\t\t<\/div>\n\t\t\t\t<div class=\"elementor-column elementor-col-50 elementor-top-column elementor-element elementor-element-cf991b9\" data-id=\"cf991b9\" data-element_type=\"column\" data-e-type=\"column\">\n\t\t\t<div class=\"elementor-widget-wrap elementor-element-populated\">\n\t\t\t\t\t\t<div class=\"elementor-element elementor-element-270252d elementor-widget elementor-widget-text-editor\" data-id=\"270252d\" data-element_type=\"widget\" data-e-type=\"widget\" data-widget_type=\"text-editor.default\">\n\t\t\t\t<div class=\"elementor-widget-container\">\n\t\t\t\t\t\t\t\t\t<p>Tras una evaluaci\u00f3n realizada por nuestros especialistas, dise\u00f1amos un plan individual de tratamiento, bas\u00e1ndonos en las necesidades del paciente. La mayor\u00eda de mascotas puede beneficiarse de un enfoque multidisciplinar, que incorpora terapias como:<\/p><ul><li>Masaje<\/li><li>Estimulaci\u00f3n el\u00e9ctrica neuromuscular<\/li><li>Rango de movimiento pasivo y ejercicios de estiramiento<\/li><li>Sesiones de l\u00e1ser o ultrasonido terap\u00e9utico<\/li><li>Programa de ejercicios terap\u00e9uticos<\/li><li>Cinta acu\u00e1tica<\/li><\/ul><p>Estas t\u00e9cnicas pueden ayudar tanto a los animales que sufren disminuci\u00f3n de las funciones vitales o que sienten dolor relacionado con la artrosis y el envejecimiento, como a animales obesos o perros de trabajo y de deporte; tambi\u00e9n es efectiva con los animales que se recuperan de una lesi\u00f3n o cirug\u00eda.<\/p>\t\t\t\t\t\t\t\t<\/div>\n\t\t\t\t<\/div>\n\t\t\t\t\t<\/div>\n\t\t<\/div>\n\t\t\t\t\t<\/div>\n\t\t<\/section>\n\t\t\t\t<section class=\"elementor-section elementor-top-section elementor-element elementor-element-37b42a2 elementor-section-boxed elementor-section-height-default elementor-section-height-default\" data-id=\"37b42a2\" data-element_type=\"section\" data-e-type=\"section\">\n\t\t\t\t\t\t<div class=\"elementor-container elementor-column-gap-default\">\n\t\t\t\t\t<div class=\"elementor-column elementor-col-100 elementor-top-column elementor-element elementor-element-e1489ba\" data-id=\"e1489ba\" data-element_type=\"column\" data-e-type=\"column\">\n\t\t\t<div class=\"elementor-widget-wrap elementor-element-populated\">\n\t\t\t\t\t\t<div class=\"elementor-element elementor-element-cc1ffa3 elementor-widget elementor-widget-section_titleleft\" data-id=\"cc1ffa3\" data-element_type=\"widget\" data-e-type=\"widget\" data-widget_type=\"section_titleleft.default\">\n\t\t\t\t<div class=\"elementor-widget-container\">\n\t\t\t\t\t        <div class=\"ab_text-title fl-wrap\">\n            <h3>\u00bfC\u00f3mo saber si tu mascota necesita rehabilitaci\u00f3n?<\/h3><span class=\"section-separator fl-sec-sep\"><\/span>        <\/div>\n        \t\t\t\t<\/div>\n\t\t\t\t<\/div>\n\t\t\t\t<div class=\"elementor-element elementor-element-a4bab11 elementor-widget elementor-widget-text-editor\" data-id=\"a4bab11\" data-element_type=\"widget\" data-e-type=\"widget\" data-widget_type=\"text-editor.default\">\n\t\t\t\t<div class=\"elementor-widget-container\">\n\t\t\t\t\t\t\t\t\t<p>La mayor\u00eda de las mascotas puede beneficiarse de alguna forma de rehabilitaci\u00f3n.<br \/>Est\u00e1 indicada, entre otros, en los siguientes casos:<\/p><p><strong>Ortopedia<\/strong><\/p><ul><li>Cirug\u00eda articular<\/li><li>Artritis<\/li><li>Lesiones deportivas<\/li><li>Reparaci\u00f3n de fracturas<\/li><li>Reparaci\u00f3n de tendones y ligamentos<\/li><li>Displasia de cadera y codo<\/li><\/ul>\t\t\t\t\t\t\t\t<\/div>\n\t\t\t\t<\/div>\n\t\t\t\t<div class=\"elementor-element elementor-element-10c798f elementor-widget elementor-widget-text-editor\" data-id=\"10c798f\" data-element_type=\"widget\" data-e-type=\"widget\" data-widget_type=\"text-editor.default\">\n\t\t\t\t<div class=\"elementor-widget-container\">\n\t\t\t\t\t\t\t\t\t<p><strong>Neurolog\u00eda<\/strong><\/p><ul><li>Cirug\u00edas postoperatorias de columna o de disco<\/li><li>Enfermedad del disco intervertebral no quir\u00fargico<\/li><li>S\u00edndrome de Wobbler<\/li><li>Movimiento descoordinado (ataxia)<\/li><li>Lesiones de los nervios perif\u00e9ricos<\/li><li>Enfermedad nerviosa degenerativa<\/li><\/ul><p><strong>General<\/strong><\/p><ul><li>Dolor cr\u00f3nico<\/li><li>Envejecimiento (debilidad, rigidez, artritis)<\/li><li>Reducci\u00f3n y mantenimiento de la obesidad\/peso<\/li><li>Entrenamiento de fuerza y de aptitud f\u00edsica para los perros de competici\u00f3n y los de trabajo<\/li><\/ul>\t\t\t\t\t\t\t\t<\/div>\n\t\t\t\t<\/div>\n\t\t\t\t\t<\/div>\n\t\t<\/div>\n\t\t\t\t\t<\/div>\n\t\t<\/section>\n\t\t\t\t<\/div>\n\t\t","protected":false},"excerpt":{"rendered":"<p>\u00bfEn qu\u00e9 consiste? La Rehabilitaci\u00f3n es un tipo de terapia no invasiva, que se centra en las relaciones entre los m\u00fasculos, huesos, nervios, tendones y ligamentos para disminuir el dolor y mejorar la funci\u00f3n corporal tras una lesi\u00f3n o enfermedad. Rehabilitaci\u00f3n Veterinaria La rehabilitaci\u00f3n canina y felina emplea t\u00e9cnicas similares a las usadas en la &hellip; <\/p>\n","protected":false},"author":1,"featured_media":0,"parent":0,"menu_order":0,"comment_status":"closed","ping_status":"closed","template":"page-fullwidth.php","meta":{"_acf_changed":false,"content-type":"","footnotes":""},"class_list":["post-14428","page","type-page","status-publish","hentry"],"acf":[],"_links":{"self":[{"href":"https:\/\/www.unavets.com\/es\/wp-json\/wp\/v2\/pages\/14428","targetHints":{"allow":["GET"]}}],"collection":[{"href":"https:\/\/www.unavets.com\/es\/wp-json\/wp\/v2\/pages"}],"about":[{"href":"https:\/\/www.unavets.com\/es\/wp-json\/wp\/v2\/types\/page"}],"author":[{"embeddable":true,"href":"https:\/\/www.unavets.com\/es\/wp-json\/wp\/v2\/users\/1"}],"replies":[{"embeddable":true,"href":"https:\/\/www.unavets.com\/es\/wp-json\/wp\/v2\/comments?post=14428"}],"version-history":[{"count":0,"href":"https:\/\/www.unavets.com\/es\/wp-json\/wp\/v2\/pages\/14428\/revisions"}],"wp:attachment":[{"href":"https:\/\/www.unavets.com\/es\/wp-json\/wp\/v2\/media?parent=14428"}],"curies":[{"name":"wp","href":"https:\/\/api.w.org\/{rel}","templated":true}]}}