{"id":14421,"date":"2021-01-29T11:30:16","date_gmt":"2021-01-29T11:30:16","guid":{"rendered":"http:\/\/www.unavets.com\/?page_id=14421"},"modified":"2021-07-15T12:34:02","modified_gmt":"2021-07-15T12:34:02","slug":"tratamientos-antiparasitarios","status":"publish","type":"page","link":"https:\/\/www.unavets.com\/es\/tratamientos-antiparasitarios\/","title":{"rendered":"Tratamientos Antiparasitarios"},"content":{"rendered":"\t\t<div data-elementor-type=\"wp-page\" data-elementor-id=\"14421\" class=\"elementor elementor-14421 elementor-13663\" data-elementor-post-type=\"page\">\n\t\t\t\t\t\t<section class=\"elementor-section elementor-top-section elementor-element elementor-element-54c5d4d elementor-section-boxed elementor-section-height-default elementor-section-height-default\" data-id=\"54c5d4d\" data-element_type=\"section\" data-e-type=\"section\" id=\"main-sec\">\n\t\t\t\t\t\t<div class=\"elementor-container elementor-column-gap-default\">\n\t\t\t\t\t<div class=\"elementor-column elementor-col-100 elementor-top-column elementor-element elementor-element-e6408c4\" data-id=\"e6408c4\" data-element_type=\"column\" data-e-type=\"column\">\n\t\t\t<div class=\"elementor-widget-wrap elementor-element-populated\">\n\t\t\t\t\t\t<div class=\"elementor-element elementor-element-7e01399 elementor-widget elementor-widget-section_titleleft\" data-id=\"7e01399\" data-element_type=\"widget\" data-e-type=\"widget\" data-widget_type=\"section_titleleft.default\">\n\t\t\t\t<div class=\"elementor-widget-container\">\n\t\t\t\t\t        <div class=\"ab_text-title fl-wrap\">\n            Los par\u00e1sitos pueden afectar a las mascotas de formas muy diferentes que van desde una simple irritaci\u00f3n a enfermedades que pueden ser mortales si no se tratan.\n<span class=\"section-separator fl-sec-sep\"><\/span>        <\/div>\n        \t\t\t\t<\/div>\n\t\t\t\t<\/div>\n\t\t\t\t\t<\/div>\n\t\t<\/div>\n\t\t\t\t\t<\/div>\n\t\t<\/section>\n\t\t\t\t<section class=\"elementor-section elementor-top-section elementor-element elementor-element-0dbb9f5 elementor-section-boxed elementor-section-height-default elementor-section-height-default\" data-id=\"0dbb9f5\" data-element_type=\"section\" data-e-type=\"section\">\n\t\t\t\t\t\t<div class=\"elementor-container elementor-column-gap-wide\">\n\t\t\t\t\t<div class=\"elementor-column elementor-col-50 elementor-top-column elementor-element elementor-element-babbbed\" data-id=\"babbbed\" data-element_type=\"column\" data-e-type=\"column\">\n\t\t\t<div class=\"elementor-widget-wrap elementor-element-populated\">\n\t\t\t\t\t\t<div class=\"elementor-element elementor-element-e2147aa elementor-widget elementor-widget-text-editor\" data-id=\"e2147aa\" data-element_type=\"widget\" data-e-type=\"widget\" data-widget_type=\"text-editor.default\">\n\t\t\t\t<div class=\"elementor-widget-container\">\n\t\t\t\t\t\t\t\t\t<p><span data-sheets-value=\"{&quot;1&quot;:2,&quot;2&quot;:&quot;Los perros y gatos es f\u00e1cil que se infesten con facilidad con par\u00e1sitos internos o externos&quot;}\" data-sheets-userformat=\"{&quot;2&quot;:11197,&quot;3&quot;:{&quot;1&quot;:0},&quot;5&quot;:{&quot;1&quot;:[{&quot;1&quot;:2,&quot;2&quot;:0,&quot;5&quot;:{&quot;1&quot;:2,&quot;2&quot;:0}},{&quot;1&quot;:0,&quot;2&quot;:0,&quot;3&quot;:3},{&quot;1&quot;:1,&quot;2&quot;:0,&quot;4&quot;:1}]},&quot;6&quot;:{&quot;1&quot;:[{&quot;1&quot;:2,&quot;2&quot;:0,&quot;5&quot;:{&quot;1&quot;:2,&quot;2&quot;:0}},{&quot;1&quot;:0,&quot;2&quot;:0,&quot;3&quot;:3},{&quot;1&quot;:1,&quot;2&quot;:0,&quot;4&quot;:1}]},&quot;7&quot;:{&quot;1&quot;:[{&quot;1&quot;:2,&quot;2&quot;:0,&quot;5&quot;:{&quot;1&quot;:2,&quot;2&quot;:0}},{&quot;1&quot;:0,&quot;2&quot;:0,&quot;3&quot;:3},{&quot;1&quot;:1,&quot;2&quot;:0,&quot;4&quot;:1}]},&quot;8&quot;:{&quot;1&quot;:[{&quot;1&quot;:2,&quot;2&quot;:0,&quot;5&quot;:{&quot;1&quot;:2,&quot;2&quot;:0}},{&quot;1&quot;:0,&quot;2&quot;:0,&quot;3&quot;:3},{&quot;1&quot;:1,&quot;2&quot;:0,&quot;4&quot;:1}]},&quot;10&quot;:1,&quot;11&quot;:4,&quot;12&quot;:0,&quot;14&quot;:{&quot;1&quot;:3,&quot;3&quot;:1},&quot;16&quot;:11}\" data-sheets-textstyleruns=\"{&quot;1&quot;:0,&quot;2&quot;:{&quot;2&quot;:{&quot;1&quot;:2,&quot;2&quot;:45136}}}\uee10{&quot;1&quot;:57}\">Los perros y gatos es f\u00e1cil que se infesten con facilidad con par\u00e1sitos internos o externos<\/span> en alg\u00fan momento de su vida. El veterinario puede ayudar a prevenir, diagnosticar infecciones parasitarias y tratar otros problemas de salud que no solo afectan a los animales, sino tambi\u00e9n a la seguridad de toda la familia.<\/p><p><strong>Par\u00e1sitos que Tratamos<\/strong><\/p><ul><li>Gusano del coraz\u00f3n (filaria)<\/li><li>Pulgas<\/li><li>Garrapatas<\/li><li>\u00c1caros de o\u00eddo<\/li><\/ul>\t\t\t\t\t\t\t\t<\/div>\n\t\t\t\t<\/div>\n\t\t\t\t<div class=\"elementor-element elementor-element-39c714c elementor-widget elementor-widget-toggle\" data-id=\"39c714c\" data-element_type=\"widget\" data-e-type=\"widget\" data-widget_type=\"toggle.default\">\n\t\t\t\t<div class=\"elementor-widget-container\">\n\t\t\t\t\t\t\t<div class=\"elementor-toggle\">\n\t\t\t\t\t\t\t<div class=\"elementor-toggle-item\">\n\t\t\t\t\t<div id=\"elementor-tab-title-6051\" class=\"elementor-tab-title\" data-tab=\"1\" role=\"button\" aria-controls=\"elementor-tab-content-6051\" aria-expanded=\"false\">\n\t\t\t\t\t\t\t\t\t\t\t\t<span class=\"elementor-toggle-icon elementor-toggle-icon-left\" aria-hidden=\"true\">\n\t\t\t\t\t\t\t\t\t\t\t\t\t\t\t<span class=\"elementor-toggle-icon-closed\"><i class=\"fas fa-chevron-down\"><\/i><\/span>\n\t\t\t\t\t\t\t\t<span class=\"elementor-toggle-icon-opened\"><i class=\"elementor-toggle-icon-opened fas fa-chevron-up\"><\/i><\/span>\n\t\t\t\t\t\t\t\t\t\t\t\t\t<\/span>\n\t\t\t\t\t\t\t\t\t\t\t\t<a class=\"elementor-toggle-title\" tabindex=\"0\">Otros par\u00e1sitos que tratamos<\/a>\n\t\t\t\t\t<\/div>\n\n\t\t\t\t\t<div id=\"elementor-tab-content-6051\" class=\"elementor-tab-content elementor-clearfix\" data-tab=\"1\" role=\"region\" aria-labelledby=\"elementor-tab-title-6051\"><ul><li>Coccidio<\/li><li>Giardia<\/li><li>\u00c1caros de la sarna<\/li><li>Toxoplasmosis<\/li><li>Anquilostomas<\/li><li>Nematodos<\/li><li>Tenias<\/li><li>Tricoc\u00e9falos<\/li><\/ul><\/div>\n\t\t\t\t<\/div>\n\t\t\t\t\t\t\t\t<\/div>\n\t\t\t\t\t\t<\/div>\n\t\t\t\t<\/div>\n\t\t\t\t\t<\/div>\n\t\t<\/div>\n\t\t\t\t<div class=\"elementor-column elementor-col-50 elementor-top-column elementor-element elementor-element-9b257e8\" data-id=\"9b257e8\" data-element_type=\"column\" data-e-type=\"column\">\n\t\t\t<div class=\"elementor-widget-wrap elementor-element-populated\">\n\t\t\t\t\t\t<div class=\"elementor-element elementor-element-b647d02 elementor-widget elementor-widget-image\" data-id=\"b647d02\" data-element_type=\"widget\" data-e-type=\"widget\" data-widget_type=\"image.default\">\n\t\t\t\t<div class=\"elementor-widget-container\">\n\t\t\t\t\t\t\t\t\t\t\t\t\t\t\t<img decoding=\"async\" src=\"http:\/\/www.unavets.com\/cabrils\/wp-content\/uploads\/sites\/2\/2020\/10\/Depositphotos_32245909_original.jpg\" title=\"\" alt=\"\" loading=\"lazy\" \/>\t\t\t\t\t\t\t\t\t\t\t\t\t\t\t<\/div>\n\t\t\t\t<\/div>\n\t\t\t\t<div class=\"elementor-element elementor-element-5874aa3 elementor-align-center elementor-widget elementor-widget-button\" data-id=\"5874aa3\" data-element_type=\"widget\" data-e-type=\"widget\" data-widget_type=\"button.default\">\n\t\t\t\t<div class=\"elementor-widget-container\">\n\t\t\t\t\t\t\t\t\t<div class=\"elementor-button-wrapper\">\n\t\t\t\t\t<a class=\"elementor-button elementor-button-link elementor-size-sm\" href=\"http:\/\/www.unavets.com\/es\/nuestras-clinicas\/\">\n\t\t\t\t\t\t<span class=\"elementor-button-content-wrapper\">\n\t\t\t\t\t\t\t\t\t<span class=\"elementor-button-text\">Encuentra la Cl\u00ednica UNAVETS M\u00e1s Cercana<\/span>\n\t\t\t\t\t<\/span>\n\t\t\t\t\t<\/a>\n\t\t\t\t<\/div>\n\t\t\t\t\t\t\t\t<\/div>\n\t\t\t\t<\/div>\n\t\t\t\t\t<\/div>\n\t\t<\/div>\n\t\t\t\t\t<\/div>\n\t\t<\/section>\n\t\t\t\t<section class=\"elementor-section elementor-top-section elementor-element elementor-element-28fb0de elementor-section-boxed elementor-section-height-default elementor-section-height-default\" data-id=\"28fb0de\" data-element_type=\"section\" data-e-type=\"section\">\n\t\t\t\t\t\t<div class=\"elementor-container elementor-column-gap-default\">\n\t\t\t\t\t<div class=\"elementor-column elementor-col-100 elementor-top-column elementor-element elementor-element-d86f246\" data-id=\"d86f246\" data-element_type=\"column\" data-e-type=\"column\">\n\t\t\t<div class=\"elementor-widget-wrap elementor-element-populated\">\n\t\t\t\t\t\t<div class=\"elementor-element elementor-element-ce07447 elementor-widget elementor-widget-section_titleleft\" data-id=\"ce07447\" data-element_type=\"widget\" data-e-type=\"widget\" data-widget_type=\"section_titleleft.default\">\n\t\t\t\t<div class=\"elementor-widget-container\">\n\t\t\t\t\t        <div class=\"ab_text-title fl-wrap\">\n            <h3>Prevenci\u00f3n Anual<\/h3><span class=\"section-separator fl-sec-sep\"><\/span>        <\/div>\n        \t\t\t\t<\/div>\n\t\t\t\t<\/div>\n\t\t\t\t\t<\/div>\n\t\t<\/div>\n\t\t\t\t\t<\/div>\n\t\t<\/section>\n\t\t\t\t<section class=\"elementor-section elementor-top-section elementor-element elementor-element-dd89a9f elementor-section-boxed elementor-section-height-default elementor-section-height-default\" data-id=\"dd89a9f\" data-element_type=\"section\" data-e-type=\"section\">\n\t\t\t\t\t\t<div class=\"elementor-container elementor-column-gap-wide\">\n\t\t\t\t\t<div class=\"elementor-column elementor-col-50 elementor-top-column elementor-element elementor-element-3d4e8e1\" data-id=\"3d4e8e1\" data-element_type=\"column\" data-e-type=\"column\">\n\t\t\t<div class=\"elementor-widget-wrap elementor-element-populated\">\n\t\t\t\t\t\t<div class=\"elementor-element elementor-element-5cd9277 elementor-widget elementor-widget-image\" data-id=\"5cd9277\" data-element_type=\"widget\" data-e-type=\"widget\" data-widget_type=\"image.default\">\n\t\t\t\t<div class=\"elementor-widget-container\">\n\t\t\t\t\t\t\t\t\t\t\t\t\t\t\t<img decoding=\"async\" src=\"http:\/\/www.unavets.com\/cabrils\/wp-content\/uploads\/sites\/2\/2020\/10\/Depositphotos_37113019_original-1.jpg\" title=\"\" alt=\"\" loading=\"lazy\" \/>\t\t\t\t\t\t\t\t\t\t\t\t\t\t\t<\/div>\n\t\t\t\t<\/div>\n\t\t\t\t<div class=\"elementor-element elementor-element-f8cf6e6 elementor-align-center elementor-widget elementor-widget-button\" data-id=\"f8cf6e6\" data-element_type=\"widget\" data-e-type=\"widget\" data-widget_type=\"button.default\">\n\t\t\t\t<div class=\"elementor-widget-container\">\n\t\t\t\t\t\t\t\t\t<div class=\"elementor-button-wrapper\">\n\t\t\t\t\t<a class=\"elementor-button elementor-button-link elementor-size-sm\" href=\"http:\/\/www.unavets.com\/es\/nuestras-clinicas\/\">\n\t\t\t\t\t\t<span class=\"elementor-button-content-wrapper\">\n\t\t\t\t\t\t\t\t\t<span class=\"elementor-button-text\">Encuentra la Cl\u00ednica UNAVETS M\u00e1s Cercana<\/span>\n\t\t\t\t\t<\/span>\n\t\t\t\t\t<\/a>\n\t\t\t\t<\/div>\n\t\t\t\t\t\t\t\t<\/div>\n\t\t\t\t<\/div>\n\t\t\t\t\t<\/div>\n\t\t<\/div>\n\t\t\t\t<div class=\"elementor-column elementor-col-50 elementor-top-column elementor-element elementor-element-68667c1\" data-id=\"68667c1\" data-element_type=\"column\" data-e-type=\"column\">\n\t\t\t<div class=\"elementor-widget-wrap elementor-element-populated\">\n\t\t\t\t\t\t<div class=\"elementor-element elementor-element-021b106 elementor-widget elementor-widget-text-editor\" data-id=\"021b106\" data-element_type=\"widget\" data-e-type=\"widget\" data-widget_type=\"text-editor.default\">\n\t\t\t\t<div class=\"elementor-widget-container\">\n\t\t\t\t\t\t\t\t\t<p>Los par\u00e1sitos pueden infestar a los animales en cualquier \u00e9poca del a\u00f1o. Los par\u00e1sitos externos como pulgas o garrapatas pueden ser menos frecuentes en el medio ambiente durante ciertas \u00e9pocas del a\u00f1o; sin embargo, a menudo sobreviven en las casas durante los meses de invierno, creando as\u00ed un ciclo de vida ininterrumpido. Otros par\u00e1sitos internos, como las lombrices, pueden perjudicar a tu mascota durante todo el a\u00f1o. Estas son algunas de las medidas que puedes tomar para prevenirlo:<\/p><ul><li>Usar un tratamiento preventivo contra pulgas y garrapatas durante todo el a\u00f1o.<\/li><li>Alimentar a tu mascota con comida cocinada o preparada (no con carne cruda).<\/li><li>Reducir al m\u00ednimo la visita a zonas donde haya muchas otras mascotas.<\/li><li>Limpiar las heces de tu mascota con regularidad.<\/li><li>Ir al veterinario para realizar pruebas y ex\u00e1menes f\u00edsicos anuales.<\/li><li>Darle medicamentos antiparasitarios, seg\u00fan las recomendaciones del veterinario.<\/li><li>Informarte sobre los riesgos de infestaci\u00f3n por par\u00e1sitos y sobre las medidas de control preventivo anuales que administramos mensualmente.<\/li><\/ul>\t\t\t\t\t\t\t\t<\/div>\n\t\t\t\t<\/div>\n\t\t\t\t\t<\/div>\n\t\t<\/div>\n\t\t\t\t\t<\/div>\n\t\t<\/section>\n\t\t\t\t<section class=\"elementor-section elementor-top-section elementor-element elementor-element-a5c9de1 elementor-section-boxed elementor-section-height-default elementor-section-height-default\" data-id=\"a5c9de1\" data-element_type=\"section\" data-e-type=\"section\">\n\t\t\t\t\t\t<div class=\"elementor-container elementor-column-gap-default\">\n\t\t\t\t\t<div class=\"elementor-column elementor-col-100 elementor-top-column elementor-element elementor-element-047fa81\" data-id=\"047fa81\" data-element_type=\"column\" data-e-type=\"column\">\n\t\t\t<div class=\"elementor-widget-wrap elementor-element-populated\">\n\t\t\t\t\t\t<div class=\"elementor-element elementor-element-595dcdf elementor-widget elementor-widget-section_titleleft\" data-id=\"595dcdf\" data-element_type=\"widget\" data-e-type=\"widget\" data-widget_type=\"section_titleleft.default\">\n\t\t\t\t<div class=\"elementor-widget-container\">\n\t\t\t\t\t        <div class=\"ab_text-title fl-wrap\">\n            <h3>Preguntas frecuentes sobre mascotas y par\u00e1sitos<\/h3><span class=\"section-separator fl-sec-sep\"><\/span>        <\/div>\n        \t\t\t\t<\/div>\n\t\t\t\t<\/div>\n\t\t\t\t<div class=\"elementor-element elementor-element-b8baefc elementor-widget elementor-widget-text-editor\" data-id=\"b8baefc\" data-element_type=\"widget\" data-e-type=\"widget\" data-widget_type=\"text-editor.default\">\n\t\t\t\t<div class=\"elementor-widget-container\">\n\t\t\t\t\t\t\t\t\t<p><em>\u00bfSuponen un riesgo para la salud de mi familia las pulgas y garrapatas que tiene mi mascota?<\/em><\/p><p>S\u00ed. Las pulgas y las garrapatas pueden ser portadoras y transmitir diversas enfermedades a los humanos directa o indirectamente. Por ejemplo la rickettsiosis (infecci\u00f3n por la bacteria del g\u00e9nero <em>Rickettsia<\/em>) se puede transmitir directamente por garrapatas. La bartonelosis (infecci\u00f3n producida por bartonela) se transmite entre gatos a trav\u00e9s de las pulgas, que pueden a su vez transmitirla a los humanos. Las pulgas tambi\u00e9n sirven de hu\u00e9sped intermedio para las tenias, que pueden infectar tanto a los animales dom\u00e9sticos como a los humanos.<\/p><p><em>\u00bfQu\u00e9 tipo de par\u00e1sitos internos o lombrices pueden infectar a mi perro o gato?<\/em><\/p><p>Hay una serie de lombrices intestinales que pueden infectar a perros y gatos y var\u00edan seg\u00fan la especie. En general, incluyen nematodos, anquilostomas, tricoc\u00e9falos y tenias y son muy prol\u00edficas. De hecho, una lombriz puede producir m\u00e1s de 100.000 huevos al d\u00eda, que luego pasan por las heces de la mascota y se propagan donde quiera que vaya.<\/p><p><em>\u00bfDeber\u00eda preocuparme si mi mascota tiene gusanos del coraz\u00f3n?<\/em><\/p><p>S\u00ed. Los gusanos del coraz\u00f3n pueden representar un problema muy serio para perros y gatos, particularmente para los que est\u00e1n en zonas infestadas de mosquitos, ya que los mosquitos son un vector y hu\u00e9sped intermedio de la plaga. Los gusanos del coraz\u00f3n pueden matar o debilitar seriamente a mascotas infectadas por ellos, porque estos par\u00e1sitos viven en el torrente sangu\u00edneo, pulmones y coraz\u00f3n de las mascotas infectadas. El veterinario puede realizar un an\u00e1lisis de sangre para determinar si una mascota ha sido infectada por este par\u00e1sito.<\/p>\t\t\t\t\t\t\t\t<\/div>\n\t\t\t\t<\/div>\n\t\t\t\t\t<\/div>\n\t\t<\/div>\n\t\t\t\t\t<\/div>\n\t\t<\/section>\n\t\t\t\t<\/div>\n\t\t","protected":false},"excerpt":{"rendered":"<p>Los par\u00e1sitos pueden afectar a las mascotas de formas muy diferentes que van desde una simple irritaci\u00f3n a enfermedades que pueden ser mortales si no se tratan. Los perros y gatos es f\u00e1cil que se infesten con facilidad con par\u00e1sitos internos o externos en alg\u00fan momento de su vida. El veterinario puede ayudar a prevenir, &hellip; <\/p>\n","protected":false},"author":1,"featured_media":0,"parent":0,"menu_order":0,"comment_status":"closed","ping_status":"closed","template":"page-fullwidth.php","meta":{"_acf_changed":false,"content-type":"","footnotes":""},"class_list":["post-14421","page","type-page","status-publish","hentry"],"acf":[],"_links":{"self":[{"href":"https:\/\/www.unavets.com\/es\/wp-json\/wp\/v2\/pages\/14421","targetHints":{"allow":["GET"]}}],"collection":[{"href":"https:\/\/www.unavets.com\/es\/wp-json\/wp\/v2\/pages"}],"about":[{"href":"https:\/\/www.unavets.com\/es\/wp-json\/wp\/v2\/types\/page"}],"author":[{"embeddable":true,"href":"https:\/\/www.unavets.com\/es\/wp-json\/wp\/v2\/users\/1"}],"replies":[{"embeddable":true,"href":"https:\/\/www.unavets.com\/es\/wp-json\/wp\/v2\/comments?post=14421"}],"version-history":[{"count":0,"href":"https:\/\/www.unavets.com\/es\/wp-json\/wp\/v2\/pages\/14421\/revisions"}],"wp:attachment":[{"href":"https:\/\/www.unavets.com\/es\/wp-json\/wp\/v2\/media?parent=14421"}],"curies":[{"name":"wp","href":"https:\/\/api.w.org\/{rel}","templated":true}]}}