{"id":14414,"date":"2021-01-29T11:24:37","date_gmt":"2021-01-29T11:24:37","guid":{"rendered":"http:\/\/www.unavets.com\/?page_id=14414"},"modified":"2021-07-15T13:00:04","modified_gmt":"2021-07-15T13:00:04","slug":"peluqueria","status":"publish","type":"page","link":"https:\/\/www.unavets.com\/es\/peluqueria\/","title":{"rendered":"Peluquer\u00eda"},"content":{"rendered":"\t\t<div data-elementor-type=\"wp-page\" data-elementor-id=\"14414\" class=\"elementor elementor-14414 elementor-13657\" data-elementor-post-type=\"page\">\n\t\t\t\t\t\t<section class=\"elementor-section elementor-top-section elementor-element elementor-element-13d2f75 elementor-section-boxed elementor-section-height-default elementor-section-height-default\" data-id=\"13d2f75\" data-element_type=\"section\" data-e-type=\"section\" id=\"main-sec\">\n\t\t\t\t\t\t<div class=\"elementor-container elementor-column-gap-default\">\n\t\t\t\t\t<div class=\"elementor-column elementor-col-100 elementor-top-column elementor-element elementor-element-799c72b\" data-id=\"799c72b\" data-element_type=\"column\" data-e-type=\"column\">\n\t\t\t<div class=\"elementor-widget-wrap elementor-element-populated\">\n\t\t\t\t\t\t<div class=\"elementor-element elementor-element-ac21e18 elementor-widget elementor-widget-section_titleleft\" data-id=\"ac21e18\" data-element_type=\"widget\" data-e-type=\"widget\" data-widget_type=\"section_titleleft.default\">\n\t\t\t\t<div class=\"elementor-widget-container\">\n\t\t\t\t\t        <div class=\"ab_text-title fl-wrap\">\n            <h3>\u00bfPor qu\u00e9 es importante?<\/h3><span class=\"section-separator fl-sec-sep\"><\/span>        <\/div>\n        \t\t\t\t<\/div>\n\t\t\t\t<\/div>\n\t\t\t\t<div class=\"elementor-element elementor-element-df6da34 elementor-align-center elementor-widget elementor-widget-button\" data-id=\"df6da34\" data-element_type=\"widget\" data-e-type=\"widget\" data-widget_type=\"button.default\">\n\t\t\t\t<div class=\"elementor-widget-container\">\n\t\t\t\t\t\t\t\t\t<div class=\"elementor-button-wrapper\">\n\t\t\t\t\t<a class=\"elementor-button elementor-button-link elementor-size-sm\" href=\"http:\/\/www.unavets.com\/es\/nuestras-clinicas\/\">\n\t\t\t\t\t\t<span class=\"elementor-button-content-wrapper\">\n\t\t\t\t\t\t\t\t\t<span class=\"elementor-button-text\">Encuentra el Peluquero Canino UNAVETS M\u00e1s Cercano<\/span>\n\t\t\t\t\t<\/span>\n\t\t\t\t\t<\/a>\n\t\t\t\t<\/div>\n\t\t\t\t\t\t\t\t<\/div>\n\t\t\t\t<\/div>\n\t\t\t\t\t<\/div>\n\t\t<\/div>\n\t\t\t\t\t<\/div>\n\t\t<\/section>\n\t\t\t\t<section class=\"elementor-section elementor-top-section elementor-element elementor-element-a66f17a elementor-section-boxed elementor-section-height-default elementor-section-height-default\" data-id=\"a66f17a\" data-element_type=\"section\" data-e-type=\"section\">\n\t\t\t\t\t\t<div class=\"elementor-container elementor-column-gap-default\">\n\t\t\t\t\t<div class=\"elementor-column elementor-col-50 elementor-top-column elementor-element elementor-element-355c869\" data-id=\"355c869\" data-element_type=\"column\" data-e-type=\"column\">\n\t\t\t<div class=\"elementor-widget-wrap elementor-element-populated\">\n\t\t\t\t\t\t<div class=\"elementor-element elementor-element-7385c3c elementor-widget elementor-widget-text-editor\" data-id=\"7385c3c\" data-element_type=\"widget\" data-e-type=\"widget\" data-widget_type=\"text-editor.default\">\n\t\t\t\t<div class=\"elementor-widget-container\">\n\t\t\t\t\t\t\t\t\t<p>No es solo una cuesti\u00f3n de imagen, tener el pelo aseado es esencial para la salud y el bienestar de tu mascota. Descuidar su aseo puede dar lugar a un pelo largo y enmara\u00f1ado que resulte muy inc\u00f3modo; puede originar enfermedades en la piel y aumentar la posibilidad de que el animal contraiga pulgas o \u00e1caros.<\/p><p>Nuestros servicios de peluquer\u00eda se adaptan a las necesidades de cada animal. Ofrecemos servicio de peluquer\u00eda para gatos y perros que ayudan a eliminar el pelo ca\u00eddo y la piel muerta, adem\u00e1s de aportar aceites naturales a su pelaje.<\/p><p>Nuestros especialistas tienen experiencia en el corte y peinado de casi 200 perros y gatos de diferentes razas y tama\u00f1os. Mientras tu mascota disfruta del servicio, nuestro peluquero tambi\u00e9n revisar\u00e1 si hay alguna irregularidad en su piel. Ll\u00e1manos para saber cu\u00e1l de los siguientes servicios es el m\u00e1s adecuado para tu mascota.<\/p>\t\t\t\t\t\t\t\t<\/div>\n\t\t\t\t<\/div>\n\t\t\t\t\t<\/div>\n\t\t<\/div>\n\t\t\t\t<div class=\"elementor-column elementor-col-50 elementor-top-column elementor-element elementor-element-2a13ced\" data-id=\"2a13ced\" data-element_type=\"column\" data-e-type=\"column\">\n\t\t\t<div class=\"elementor-widget-wrap elementor-element-populated\">\n\t\t\t\t\t\t<div class=\"elementor-element elementor-element-ba0d9dc elementor-widget elementor-widget-image\" data-id=\"ba0d9dc\" data-element_type=\"widget\" data-e-type=\"widget\" data-widget_type=\"image.default\">\n\t\t\t\t<div class=\"elementor-widget-container\">\n\t\t\t\t\t\t\t\t\t\t\t\t\t\t\t<img decoding=\"async\" src=\"http:\/\/www.unavets.com\/cabrils\/wp-content\/uploads\/sites\/2\/2020\/10\/Depositphotos_88516206_s-2015.jpg\" title=\"\" alt=\"\" loading=\"lazy\" \/>\t\t\t\t\t\t\t\t\t\t\t\t\t\t\t<\/div>\n\t\t\t\t<\/div>\n\t\t\t\t\t<\/div>\n\t\t<\/div>\n\t\t\t\t\t<\/div>\n\t\t<\/section>\n\t\t\t\t<section class=\"elementor-section elementor-top-section elementor-element elementor-element-37ea159 elementor-section-boxed elementor-section-height-default elementor-section-height-default\" data-id=\"37ea159\" data-element_type=\"section\" data-e-type=\"section\">\n\t\t\t\t\t\t<div class=\"elementor-container elementor-column-gap-default\">\n\t\t\t\t\t<div class=\"elementor-column elementor-col-100 elementor-top-column elementor-element elementor-element-8d9279f\" data-id=\"8d9279f\" data-element_type=\"column\" data-e-type=\"column\">\n\t\t\t<div class=\"elementor-widget-wrap elementor-element-populated\">\n\t\t\t\t\t\t<div class=\"elementor-element elementor-element-fe56408 elementor-widget elementor-widget-section_titleleft\" data-id=\"fe56408\" data-element_type=\"widget\" data-e-type=\"widget\" data-widget_type=\"section_titleleft.default\">\n\t\t\t\t<div class=\"elementor-widget-container\">\n\t\t\t\t\t        <div class=\"ab_text-title fl-wrap\">\n            <h3>Servicios de peluquer\u00eda:<\/h3><span class=\"section-separator fl-sec-sep\"><\/span>        <\/div>\n        \t\t\t\t<\/div>\n\t\t\t\t<\/div>\n\t\t\t\t\t<\/div>\n\t\t<\/div>\n\t\t\t\t\t<\/div>\n\t\t<\/section>\n\t\t\t\t<section class=\"elementor-section elementor-top-section elementor-element elementor-element-ae1fe57 elementor-section-boxed elementor-section-height-default elementor-section-height-default\" data-id=\"ae1fe57\" data-element_type=\"section\" data-e-type=\"section\">\n\t\t\t\t\t\t<div class=\"elementor-container elementor-column-gap-default\">\n\t\t\t\t\t<div class=\"elementor-column elementor-col-50 elementor-top-column elementor-element elementor-element-a5bb1bc\" data-id=\"a5bb1bc\" data-element_type=\"column\" data-e-type=\"column\">\n\t\t\t<div class=\"elementor-widget-wrap elementor-element-populated\">\n\t\t\t\t\t\t<div class=\"elementor-element elementor-element-36baf87 elementor-widget elementor-widget-image\" data-id=\"36baf87\" data-element_type=\"widget\" data-e-type=\"widget\" data-widget_type=\"image.default\">\n\t\t\t\t<div class=\"elementor-widget-container\">\n\t\t\t\t\t\t\t\t\t\t\t\t\t\t\t<img decoding=\"async\" src=\"http:\/\/www.unavets.com\/cabrils\/wp-content\/uploads\/sites\/2\/2020\/10\/Depositphotos_36911593_xl-2015.jpg\" title=\"\" alt=\"\" loading=\"lazy\" \/>\t\t\t\t\t\t\t\t\t\t\t\t\t\t\t<\/div>\n\t\t\t\t<\/div>\n\t\t\t\t\t<\/div>\n\t\t<\/div>\n\t\t\t\t<div class=\"elementor-column elementor-col-50 elementor-top-column elementor-element elementor-element-c40792a\" data-id=\"c40792a\" data-element_type=\"column\" data-e-type=\"column\">\n\t\t\t<div class=\"elementor-widget-wrap elementor-element-populated\">\n\t\t\t\t\t\t<div class=\"elementor-element elementor-element-a5e774a elementor-widget elementor-widget-text-editor\" data-id=\"a5e774a\" data-element_type=\"widget\" data-e-type=\"widget\" data-widget_type=\"text-editor.default\">\n\t\t\t\t<div class=\"elementor-widget-container\">\n\t\t\t\t\t\t\t\t\t<ul><li>Ba\u00f1o enriquecido con ox\u00edgeno y champ\u00fa especial para mascotas<\/li><li>Secado suave<\/li><li>15 minutos de cepillado<\/li><li>Corte de pelo y desenredado de nudos<\/li><li>Corte de pelaje facial<\/li><li>Limpieza de o\u00eddos, depilaci\u00f3n y lavado<\/li><li>Corte de u\u00f1as y recorte del pelo de las almohadillas<\/li><li>Corte sanitario<\/li><li>Limpieza de gl\u00e1ndulas anales<\/li><\/ul>\t\t\t\t\t\t\t\t<\/div>\n\t\t\t\t<\/div>\n\t\t\t\t<div class=\"elementor-element elementor-element-34962c3 elementor-align-center elementor-widget elementor-widget-button\" data-id=\"34962c3\" data-element_type=\"widget\" data-e-type=\"widget\" data-widget_type=\"button.default\">\n\t\t\t\t<div class=\"elementor-widget-container\">\n\t\t\t\t\t\t\t\t\t<div class=\"elementor-button-wrapper\">\n\t\t\t\t\t<a class=\"elementor-button elementor-button-link elementor-size-sm\" href=\"http:\/\/www.unavets.com\/es\/nuestras-clinicas\/\">\n\t\t\t\t\t\t<span class=\"elementor-button-content-wrapper\">\n\t\t\t\t\t\t\t\t\t<span class=\"elementor-button-text\">Encuentra el Peluquero Canino UNAVETS M\u00e1s Cercano<\/span>\n\t\t\t\t\t<\/span>\n\t\t\t\t\t<\/a>\n\t\t\t\t<\/div>\n\t\t\t\t\t\t\t\t<\/div>\n\t\t\t\t<\/div>\n\t\t\t\t\t<\/div>\n\t\t<\/div>\n\t\t\t\t\t<\/div>\n\t\t<\/section>\n\t\t\t\t<section class=\"elementor-section elementor-top-section elementor-element elementor-element-6514e8e elementor-section-boxed elementor-section-height-default elementor-section-height-default\" data-id=\"6514e8e\" data-element_type=\"section\" data-e-type=\"section\">\n\t\t\t\t\t\t<div class=\"elementor-container elementor-column-gap-default\">\n\t\t\t\t\t<div class=\"elementor-column elementor-col-100 elementor-top-column elementor-element elementor-element-7a527b5\" data-id=\"7a527b5\" data-element_type=\"column\" data-e-type=\"column\">\n\t\t\t<div class=\"elementor-widget-wrap elementor-element-populated\">\n\t\t\t\t\t\t<div class=\"elementor-element elementor-element-27b3fc7 elementor-widget elementor-widget-text-editor\" data-id=\"27b3fc7\" data-element_type=\"widget\" data-e-type=\"widget\" data-widget_type=\"text-editor.default\">\n\t\t\t\t<div class=\"elementor-widget-container\">\n\t\t\t\t\t\t\t\t\t<blockquote><p>&#8220;Soy una mam\u00e1 sobreprotectora y me suelo poner nerviosa cuando llevo a mi perra Alma \u2014una <em>fox terrier<\/em> de 2 a\u00f1os\u2014 a la peluquer\u00eda. Tras mi primera visita y con un poco de preparaci\u00f3n (gracias por los consejos) mi ansiedad se ha calmado. A las dos nos ha encantado vuestro servicio y saber hacer. \u00a1Ya tenemos ganas de volver a veros!&#8221;<\/p><p><i>Mar\u00eda, L. (Tres Cantos)<\/i><\/p><\/blockquote>\t\t\t\t\t\t\t\t<\/div>\n\t\t\t\t<\/div>\n\t\t\t\t\t<\/div>\n\t\t<\/div>\n\t\t\t\t\t<\/div>\n\t\t<\/section>\n\t\t\t\t<section class=\"elementor-section elementor-top-section elementor-element elementor-element-f7f2222 elementor-section-boxed elementor-section-height-default elementor-section-height-default\" data-id=\"f7f2222\" data-element_type=\"section\" data-e-type=\"section\">\n\t\t\t\t\t\t<div class=\"elementor-container elementor-column-gap-default\">\n\t\t\t\t\t<div class=\"elementor-column elementor-col-100 elementor-top-column elementor-element elementor-element-5fc12cd\" data-id=\"5fc12cd\" data-element_type=\"column\" data-e-type=\"column\">\n\t\t\t<div class=\"elementor-widget-wrap elementor-element-populated\">\n\t\t\t\t\t\t<div class=\"elementor-element elementor-element-8f7a384 elementor-widget elementor-widget-section_titleleft\" data-id=\"8f7a384\" data-element_type=\"widget\" data-e-type=\"widget\" data-widget_type=\"section_titleleft.default\">\n\t\t\t\t<div class=\"elementor-widget-container\">\n\t\t\t\t\t        <div class=\"ab_text-title fl-wrap\">\n            <h3>\u00bfC\u00f3mo preparar a tu mascota para llevarla a la peluquer\u00eda?<\/h3><span class=\"section-separator fl-sec-sep\"><\/span>        <\/div>\n        \t\t\t\t<\/div>\n\t\t\t\t<\/div>\n\t\t\t\t<div class=\"elementor-element elementor-element-8251c5a elementor-widget elementor-widget-text-editor\" data-id=\"8251c5a\" data-element_type=\"widget\" data-e-type=\"widget\" data-widget_type=\"text-editor.default\">\n\t\t\t\t<div class=\"elementor-widget-container\">\n\t\t\t\t\t\t\t\t\t<p>Primero, recomendamos que el animal haya recibido las vacunas necesarias al menos 48 h antes de la visita. Tambi\u00e9n aconsejamos apuntar las dolencias espec\u00edficas que debamos saber, como afecciones de la piel, irritaciones, bultos, etc. La salud de tu mascota es lo m\u00e1s importante y para mantenerla es esencial que nos comuniques cualquier problema existente o necesidad particular con antelaci\u00f3n.<\/p>\n<p>Segundo, acostumbra a tu mascota al aseo haciendo algunas cosas: primero toca sus patas por debajo, tambi\u00e9n las almohadillas y otras partes que normalmente no toques, como el interior de las orejas o incluso entre las garras. Tambi\u00e9n es \u00fatil usar algunos objetos cotidianos como el secador, para que se acostumbre al ruido y la vibraci\u00f3n, la tijera de cortar o el corta\u00fa\u00f1as. Cuando uses el secador, ponlo a la potencia m\u00ednima, con aire fr\u00edo y no apuntes con \u00e9l hacia su cara. Cuanto m\u00e1s c\u00f3moda est\u00e9 antes de la visita mejor experiencia tendr\u00e1, sobre todo si es su primera vez.<\/p>\n<p>Tambi\u00e9n recomendamos que ba\u00f1es a tu mascota con antelaci\u00f3n y que la cepilles regularmente en casa. Esto no s\u00f3lo la preparar\u00e1 para la peluquer\u00eda<br>sino que la ayudar\u00e1 a crear un v\u00ednculo emocional contigo. Un ba\u00f1o y un cepillado en casa, con regularidad, la ayudar\u00e1n a mantenerse sana y aseada entre sus visitas a la peluquer\u00eda.<\/p>\n<p>Para los principiantes \u2014especialmente si se ponen nerviosos\u2014 aconsejamos, si puedes, que pas\u00e9is a conocer al peluquero. Esto ayudar\u00e1 a tu animal a crear una relaci\u00f3n con esta persona y a acostumbrarse a los olores y sonidos de la peluquer\u00eda.<\/p>\n<p>El d\u00eda de la visita, te proponemos un par de cosas para ayudarte a controlar sus nervios. Primero, puedes llevarla al parque a dar un paseo, para ayudarla a calmarse con un poco de ejercicio. Justo antes de la visita, puedes ayudarla a relajarse estando un rato con ella acarici\u00e1ndola, frotando su espalda, patas, vientre y cola. Eso la ayudar\u00e1 a controlar la ansiedad y la preparar\u00e1 para tener una buena experiencia.<\/p>\t\t\t\t\t\t\t\t<\/div>\n\t\t\t\t<\/div>\n\t\t\t\t<div class=\"elementor-element elementor-element-a7ffec4 elementor-align-center elementor-widget elementor-widget-button\" data-id=\"a7ffec4\" data-element_type=\"widget\" data-e-type=\"widget\" data-widget_type=\"button.default\">\n\t\t\t\t<div class=\"elementor-widget-container\">\n\t\t\t\t\t\t\t\t\t<div class=\"elementor-button-wrapper\">\n\t\t\t\t\t<a class=\"elementor-button elementor-button-link elementor-size-sm\" href=\"http:\/\/www.unavets.com\/es\/nuestras-clinicas\/\">\n\t\t\t\t\t\t<span class=\"elementor-button-content-wrapper\">\n\t\t\t\t\t\t\t\t\t<span class=\"elementor-button-text\">Encuentra el Peluquero Canino UNAVETS M\u00e1s Cercano<\/span>\n\t\t\t\t\t<\/span>\n\t\t\t\t\t<\/a>\n\t\t\t\t<\/div>\n\t\t\t\t\t\t\t\t<\/div>\n\t\t\t\t<\/div>\n\t\t\t\t\t<\/div>\n\t\t<\/div>\n\t\t\t\t\t<\/div>\n\t\t<\/section>\n\t\t\t\t<\/div>\n\t\t","protected":false},"excerpt":{"rendered":"<p>\u00bfPor qu\u00e9 es importante? Encuentra el Peluquero Canino UNAVETS M\u00e1s Cercano No es solo una cuesti\u00f3n de imagen, tener el pelo aseado es esencial para la salud y el bienestar de tu mascota. Descuidar su aseo puede dar lugar a un pelo largo y enmara\u00f1ado que resulte muy inc\u00f3modo; puede originar enfermedades en la piel &hellip; <\/p>\n","protected":false},"author":1,"featured_media":0,"parent":0,"menu_order":0,"comment_status":"closed","ping_status":"closed","template":"page-fullwidth.php","meta":{"_acf_changed":false,"content-type":"","footnotes":""},"class_list":["post-14414","page","type-page","status-publish","hentry"],"acf":[],"_links":{"self":[{"href":"https:\/\/www.unavets.com\/es\/wp-json\/wp\/v2\/pages\/14414","targetHints":{"allow":["GET"]}}],"collection":[{"href":"https:\/\/www.unavets.com\/es\/wp-json\/wp\/v2\/pages"}],"about":[{"href":"https:\/\/www.unavets.com\/es\/wp-json\/wp\/v2\/types\/page"}],"author":[{"embeddable":true,"href":"https:\/\/www.unavets.com\/es\/wp-json\/wp\/v2\/users\/1"}],"replies":[{"embeddable":true,"href":"https:\/\/www.unavets.com\/es\/wp-json\/wp\/v2\/comments?post=14414"}],"version-history":[{"count":0,"href":"https:\/\/www.unavets.com\/es\/wp-json\/wp\/v2\/pages\/14414\/revisions"}],"wp:attachment":[{"href":"https:\/\/www.unavets.com\/es\/wp-json\/wp\/v2\/media?parent=14414"}],"curies":[{"name":"wp","href":"https:\/\/api.w.org\/{rel}","templated":true}]}}