{"id":14400,"date":"2021-01-29T08:46:24","date_gmt":"2021-01-29T08:46:24","guid":{"rendered":"http:\/\/www.unavets.com\/?page_id=14400"},"modified":"2021-07-15T12:54:48","modified_gmt":"2021-07-15T12:54:48","slug":"terapia-con-laser","status":"publish","type":"page","link":"https:\/\/www.unavets.com\/es\/terapia-con-laser\/","title":{"rendered":"Terapia con L\u00e1ser"},"content":{"rendered":"\t\t<div data-elementor-type=\"wp-page\" data-elementor-id=\"14400\" class=\"elementor elementor-14400 elementor-13651\" data-elementor-post-type=\"page\">\n\t\t\t\t\t\t<section class=\"elementor-section elementor-top-section elementor-element elementor-element-ae03942 elementor-section-boxed elementor-section-height-default elementor-section-height-default\" data-id=\"ae03942\" data-element_type=\"section\" data-e-type=\"section\" id=\"main-sec\">\n\t\t\t\t\t\t<div class=\"elementor-container elementor-column-gap-default\">\n\t\t\t\t\t<div class=\"elementor-column elementor-col-100 elementor-top-column elementor-element elementor-element-e1aab43\" data-id=\"e1aab43\" data-element_type=\"column\" data-e-type=\"column\">\n\t\t\t<div class=\"elementor-widget-wrap elementor-element-populated\">\n\t\t\t\t\t\t<div class=\"elementor-element elementor-element-91cf5db elementor-widget elementor-widget-section_titleleft\" data-id=\"91cf5db\" data-element_type=\"widget\" data-e-type=\"widget\" data-widget_type=\"section_titleleft.default\">\n\t\t\t\t<div class=\"elementor-widget-container\">\n\t\t\t\t\t        <div class=\"ab_text-title fl-wrap\">\n            <h3>\u00bfQu\u00e9 es la terapia con l\u00e1ser?<\/h3>La terapia con l\u00e1ser es un tratamiento sin medicaci\u00f3n ni cirug\u00eda, que se lleva utilizando en la medicina veterinaria desde hace d\u00e9cadas. Este procedimiento ha demostrado ser cl\u00ednicamente eficaz en el tratamiento de una serie de alteraciones de la salud en perros, gatos y otros animales.<span class=\"section-separator fl-sec-sep\"><\/span>        <\/div>\n        \t\t\t\t<\/div>\n\t\t\t\t<\/div>\n\t\t\t\t\t<\/div>\n\t\t<\/div>\n\t\t\t\t\t<\/div>\n\t\t<\/section>\n\t\t\t\t<section class=\"elementor-section elementor-top-section elementor-element elementor-element-582df9f elementor-section-boxed elementor-section-height-default elementor-section-height-default\" data-id=\"582df9f\" data-element_type=\"section\" data-e-type=\"section\">\n\t\t\t\t\t\t<div class=\"elementor-container elementor-column-gap-wide\">\n\t\t\t\t\t<div class=\"elementor-column elementor-col-50 elementor-top-column elementor-element elementor-element-6bbc9a0\" data-id=\"6bbc9a0\" data-element_type=\"column\" data-e-type=\"column\">\n\t\t\t<div class=\"elementor-widget-wrap elementor-element-populated\">\n\t\t\t\t\t\t<div class=\"elementor-element elementor-element-fe19039 elementor-widget elementor-widget-text-editor\" data-id=\"fe19039\" data-element_type=\"widget\" data-e-type=\"widget\" data-widget_type=\"text-editor.default\">\n\t\t\t\t<div class=\"elementor-widget-container\">\n\t\t\t\t\t\t\t\t\t<p><strong>Las indicaciones m\u00e1s habituales para las que utilizamos la terapia con l\u00e1ser son:<\/strong><\/p><ul><li>Artrosis, enfermedades degenerativas de las articulaciones<\/li><li>Dolor de columna<\/li><li>Trastornos dermatol\u00f3gicos (por ejemplo, puntos calientes, dermatitis interdigital y granulomas)<\/li><li>Alivio del dolor post-quir\u00fargico<\/li><li>Tendinitis<\/li><li>Heridas<\/li><li>Otitis externa<\/li><li>Torceduras y esguinces<\/li><\/ul>\t\t\t\t\t\t\t\t<\/div>\n\t\t\t\t<\/div>\n\t\t\t\t\t<\/div>\n\t\t<\/div>\n\t\t\t\t<div class=\"elementor-column elementor-col-50 elementor-top-column elementor-element elementor-element-5bbcd99\" data-id=\"5bbcd99\" data-element_type=\"column\" data-e-type=\"column\">\n\t\t\t<div class=\"elementor-widget-wrap elementor-element-populated\">\n\t\t\t\t\t\t<div class=\"elementor-element elementor-element-94fd506 elementor-widget elementor-widget-image\" data-id=\"94fd506\" data-element_type=\"widget\" data-e-type=\"widget\" data-widget_type=\"image.default\">\n\t\t\t\t<div class=\"elementor-widget-container\">\n\t\t\t\t\t\t\t\t\t\t\t\t\t\t\t<img decoding=\"async\" src=\"http:\/\/www.unavets.com\/cabrils\/wp-content\/uploads\/sites\/2\/2020\/10\/shutterstock_607531682-1.jpg\" title=\"\" alt=\"\" loading=\"lazy\" \/>\t\t\t\t\t\t\t\t\t\t\t\t\t\t\t<\/div>\n\t\t\t\t<\/div>\n\t\t\t\t\t<\/div>\n\t\t<\/div>\n\t\t\t\t\t<\/div>\n\t\t<\/section>\n\t\t\t\t<section class=\"elementor-section elementor-top-section elementor-element elementor-element-4fc21cc elementor-section-boxed elementor-section-height-default elementor-section-height-default\" data-id=\"4fc21cc\" data-element_type=\"section\" data-e-type=\"section\">\n\t\t\t\t\t\t<div class=\"elementor-container elementor-column-gap-default\">\n\t\t\t\t\t<div class=\"elementor-column elementor-col-100 elementor-top-column elementor-element elementor-element-c275dc6\" data-id=\"c275dc6\" data-element_type=\"column\" data-e-type=\"column\">\n\t\t\t<div class=\"elementor-widget-wrap elementor-element-populated\">\n\t\t\t\t\t\t<div class=\"elementor-element elementor-element-779a4df elementor-widget elementor-widget-section_titleleft\" data-id=\"779a4df\" data-element_type=\"widget\" data-e-type=\"widget\" data-widget_type=\"section_titleleft.default\">\n\t\t\t\t<div class=\"elementor-widget-container\">\n\t\t\t\t\t        <div class=\"ab_text-title fl-wrap\">\n            <h3>\u00bfC\u00f3mo Funciona la Terapia con L\u00e1ser?<\/h3><span class=\"section-separator fl-sec-sep\"><\/span>        <\/div>\n        \t\t\t\t<\/div>\n\t\t\t\t<\/div>\n\t\t\t\t\t<\/div>\n\t\t<\/div>\n\t\t\t\t\t<\/div>\n\t\t<\/section>\n\t\t\t\t<section class=\"elementor-section elementor-top-section elementor-element elementor-element-4381848 elementor-section-boxed elementor-section-height-default elementor-section-height-default\" data-id=\"4381848\" data-element_type=\"section\" data-e-type=\"section\">\n\t\t\t\t\t\t<div class=\"elementor-container elementor-column-gap-wide\">\n\t\t\t\t\t<div class=\"elementor-column elementor-col-50 elementor-top-column elementor-element elementor-element-23d4522\" data-id=\"23d4522\" data-element_type=\"column\" data-e-type=\"column\">\n\t\t\t<div class=\"elementor-widget-wrap elementor-element-populated\">\n\t\t\t\t\t\t<div class=\"elementor-element elementor-element-b9cf8bb elementor-widget elementor-widget-image\" data-id=\"b9cf8bb\" data-element_type=\"widget\" data-e-type=\"widget\" data-widget_type=\"image.default\">\n\t\t\t\t<div class=\"elementor-widget-container\">\n\t\t\t\t\t\t\t\t\t\t\t\t\t\t\t<img decoding=\"async\" src=\"http:\/\/www.unavets.com\/cabrils\/wp-content\/uploads\/sites\/2\/2020\/10\/shutterstock_400487158-1.jpg\" title=\"\" alt=\"\" loading=\"lazy\" \/>\t\t\t\t\t\t\t\t\t\t\t\t\t\t\t<\/div>\n\t\t\t\t<\/div>\n\t\t\t\t\t<\/div>\n\t\t<\/div>\n\t\t\t\t<div class=\"elementor-column elementor-col-50 elementor-top-column elementor-element elementor-element-98854c0\" data-id=\"98854c0\" data-element_type=\"column\" data-e-type=\"column\">\n\t\t\t<div class=\"elementor-widget-wrap elementor-element-populated\">\n\t\t\t\t\t\t<div class=\"elementor-element elementor-element-12fc066 elementor-widget elementor-widget-text-editor\" data-id=\"12fc066\" data-element_type=\"widget\" data-e-type=\"widget\" data-widget_type=\"text-editor.default\">\n\t\t\t\t<div class=\"elementor-widget-container\">\n\t\t\t\t\t\t\t\t\t<p>La terapia con l\u00e1ser utiliza un haz intenso de part\u00edculas de luz (fotones) que de forma segura y sin dolor, penetra profundamente en el tejido originando una \u201cfoto-bio-modulaci\u00f3n\u201d que estimula la sanaci\u00f3n de las c\u00e9lulas.<\/p>\n<p>Reduce la inflamaci\u00f3n, alivia el dolor, acelera la reparaci\u00f3n de tejidos y el crecimiento celular, mejora el flujo sangu\u00edneo en la zona de la lesi\u00f3n, permite la curaci\u00f3n m\u00e1s r\u00e1pida de las heridas y puede mejorar la funci\u00f3n nerviosa. La mayor\u00eda de las mascotas experimentan resultados positivos de inmediato.<\/p>\t\t\t\t\t\t\t\t<\/div>\n\t\t\t\t<\/div>\n\t\t\t\t<div class=\"elementor-element elementor-element-2e1e501 elementor-align-center elementor-widget elementor-widget-button\" data-id=\"2e1e501\" data-element_type=\"widget\" data-e-type=\"widget\" data-widget_type=\"button.default\">\n\t\t\t\t<div class=\"elementor-widget-container\">\n\t\t\t\t\t\t\t\t\t<div class=\"elementor-button-wrapper\">\n\t\t\t\t\t<a class=\"elementor-button elementor-button-link elementor-size-sm\" href=\"http:\/\/www.unavets.com\/es\/nuestras-clinicas\/\">\n\t\t\t\t\t\t<span class=\"elementor-button-content-wrapper\">\n\t\t\t\t\t\t\t\t\t<span class=\"elementor-button-text\">Encuentra la Cl\u00ednica UNAVETS M\u00e1s Cercana<\/span>\n\t\t\t\t\t<\/span>\n\t\t\t\t\t<\/a>\n\t\t\t\t<\/div>\n\t\t\t\t\t\t\t\t<\/div>\n\t\t\t\t<\/div>\n\t\t\t\t\t<\/div>\n\t\t<\/div>\n\t\t\t\t\t<\/div>\n\t\t<\/section>\n\t\t\t\t<section class=\"elementor-section elementor-top-section elementor-element elementor-element-c8cf544 elementor-section-boxed elementor-section-height-default elementor-section-height-default\" data-id=\"c8cf544\" data-element_type=\"section\" data-e-type=\"section\">\n\t\t\t\t\t\t<div class=\"elementor-container elementor-column-gap-default\">\n\t\t\t\t\t<div class=\"elementor-column elementor-col-100 elementor-top-column elementor-element elementor-element-7b9db89\" data-id=\"7b9db89\" data-element_type=\"column\" data-e-type=\"column\">\n\t\t\t<div class=\"elementor-widget-wrap elementor-element-populated\">\n\t\t\t\t\t\t<div class=\"elementor-element elementor-element-d5a608c elementor-widget elementor-widget-section_titleleft\" data-id=\"d5a608c\" data-element_type=\"widget\" data-e-type=\"widget\" data-widget_type=\"section_titleleft.default\">\n\t\t\t\t<div class=\"elementor-widget-container\">\n\t\t\t\t\t        <div class=\"ab_text-title fl-wrap\">\n            <h3>\u00bfQu\u00e9 se puede esperar de la terapia con l\u00e1ser?<\/h3><span class=\"section-separator fl-sec-sep\"><\/span>        <\/div>\n        \t\t\t\t<\/div>\n\t\t\t\t<\/div>\n\t\t\t\t<div class=\"elementor-element elementor-element-0442a35 elementor-widget elementor-widget-text-editor\" data-id=\"0442a35\" data-element_type=\"widget\" data-e-type=\"widget\" data-widget_type=\"text-editor.default\">\n\t\t\t\t<div class=\"elementor-widget-container\">\n\t\t\t\t\t\t\t\t\t<p>Durante el tratamiento, los animales suelen experimentar una c\u00e1lida y relajante sensaci\u00f3n, similar a la de un masaje. La mayor\u00eda de las sesiones se completan en menos de 10 minutos. La cantidad y la frecuencia de los tratamientos est\u00e1n determinadas por la gravedad y la lesi\u00f3n espec\u00edfica por la que el paciente est\u00e1 siendo tratado.<\/p>\t\t\t\t\t\t\t\t<\/div>\n\t\t\t\t<\/div>\n\t\t\t\t\t<\/div>\n\t\t<\/div>\n\t\t\t\t\t<\/div>\n\t\t<\/section>\n\t\t\t\t<\/div>\n\t\t","protected":false},"excerpt":{"rendered":"<p>\u00bfQu\u00e9 es la terapia con l\u00e1ser? La terapia con l\u00e1ser es un tratamiento sin medicaci\u00f3n ni cirug\u00eda, que se lleva utilizando en la medicina veterinaria desde hace d\u00e9cadas. Este procedimiento ha demostrado ser cl\u00ednicamente eficaz en el tratamiento de una serie de alteraciones de la salud en perros, gatos y otros animales. Las indicaciones m\u00e1s &hellip; <\/p>\n","protected":false},"author":1,"featured_media":0,"parent":0,"menu_order":0,"comment_status":"closed","ping_status":"closed","template":"page-fullwidth.php","meta":{"_acf_changed":false,"content-type":"","footnotes":""},"class_list":["post-14400","page","type-page","status-publish","hentry"],"acf":[],"_links":{"self":[{"href":"https:\/\/www.unavets.com\/es\/wp-json\/wp\/v2\/pages\/14400","targetHints":{"allow":["GET"]}}],"collection":[{"href":"https:\/\/www.unavets.com\/es\/wp-json\/wp\/v2\/pages"}],"about":[{"href":"https:\/\/www.unavets.com\/es\/wp-json\/wp\/v2\/types\/page"}],"author":[{"embeddable":true,"href":"https:\/\/www.unavets.com\/es\/wp-json\/wp\/v2\/users\/1"}],"replies":[{"embeddable":true,"href":"https:\/\/www.unavets.com\/es\/wp-json\/wp\/v2\/comments?post=14400"}],"version-history":[{"count":0,"href":"https:\/\/www.unavets.com\/es\/wp-json\/wp\/v2\/pages\/14400\/revisions"}],"wp:attachment":[{"href":"https:\/\/www.unavets.com\/es\/wp-json\/wp\/v2\/media?parent=14400"}],"curies":[{"name":"wp","href":"https:\/\/api.w.org\/{rel}","templated":true}]}}