{"id":14370,"date":"2021-01-29T08:07:39","date_gmt":"2021-01-29T08:07:39","guid":{"rendered":"http:\/\/www.unavets.com\/?page_id=14370"},"modified":"2023-04-17T13:01:15","modified_gmt":"2023-04-17T13:01:15","slug":"analisis-clinicos","status":"publish","type":"page","link":"https:\/\/www.unavets.com\/es\/analisis-clinicos\/","title":{"rendered":"An\u00e1lisis Cl\u00ednicos"},"content":{"rendered":"\t\t<div data-elementor-type=\"wp-page\" data-elementor-id=\"14370\" class=\"elementor elementor-14370 elementor-13641\" data-elementor-post-type=\"page\">\n\t\t\t\t\t\t<section class=\"elementor-section elementor-top-section elementor-element elementor-element-10edf31 elementor-section-boxed elementor-section-height-default elementor-section-height-default\" data-id=\"10edf31\" data-element_type=\"section\" data-e-type=\"section\" id=\"main-sec\">\n\t\t\t\t\t\t<div class=\"elementor-container elementor-column-gap-default\">\n\t\t\t\t\t<div class=\"elementor-column elementor-col-100 elementor-top-column elementor-element elementor-element-011e057\" data-id=\"011e057\" data-element_type=\"column\" data-e-type=\"column\">\n\t\t\t<div class=\"elementor-widget-wrap elementor-element-populated\">\n\t\t\t\t\t\t<div class=\"elementor-element elementor-element-28d9e62 elementor-widget elementor-widget-text-editor\" data-id=\"28d9e62\" data-element_type=\"widget\" data-e-type=\"widget\" data-widget_type=\"text-editor.default\">\n\t\t\t\t<div class=\"elementor-widget-container\">\n\t\t\t\t\t\t\t\t\t<h2 style=\"font-size: 25px; font-weight: 400 !important;\">An\u00e1lisis Cl\u00ednicos Veterinarios y Pruebas de Laboratorio<\/h2>\t\t\t\t\t\t\t\t<\/div>\n\t\t\t\t<\/div>\n\t\t\t\t<div class=\"elementor-element elementor-element-e35f5be elementor-widget elementor-widget-section_titleleft\" data-id=\"e35f5be\" data-element_type=\"widget\" data-e-type=\"widget\" data-widget_type=\"section_titleleft.default\">\n\t\t\t\t<div class=\"elementor-widget-container\">\n\t\t\t\t\t        <div class=\"ab_text-title fl-wrap\">\n            En la cl\u00ednica realizamos pruebas b\u00e1sicas de laboratorio. Para ello, nuestros veterinarios pueden recoger las muestras necesarias en la consulta o t\u00fa mismo puedes tomar una muestra en casa (heces, orina) y llevarla a la cl\u00ednica.<span class=\"section-separator fl-sec-sep\"><\/span>        <\/div>\n        \t\t\t\t<\/div>\n\t\t\t\t<\/div>\n\t\t\t\t<section class=\"elementor-section elementor-inner-section elementor-element elementor-element-1696abe elementor-section-boxed elementor-section-height-default elementor-section-height-default\" data-id=\"1696abe\" data-element_type=\"section\" data-e-type=\"section\">\n\t\t\t\t\t\t<div class=\"elementor-container elementor-column-gap-default\">\n\t\t\t\t\t<div class=\"elementor-column elementor-col-50 elementor-inner-column elementor-element elementor-element-050085e\" data-id=\"050085e\" data-element_type=\"column\" data-e-type=\"column\">\n\t\t\t<div class=\"elementor-widget-wrap elementor-element-populated\">\n\t\t\t\t\t\t<div class=\"elementor-element elementor-element-55b90c8 elementor-widget elementor-widget-text-editor\" data-id=\"55b90c8\" data-element_type=\"widget\" data-e-type=\"widget\" data-widget_type=\"text-editor.default\">\n\t\t\t\t<div class=\"elementor-widget-container\">\n\t\t\t\t\t\t\t\t\t<h3 style=\"padding: 0px 0px 15px; font-size: 17px;\"><strong>An\u00e1lisis de sangre<\/strong><\/h3>\nUna de las pruebas m\u00e1s comunes es el recuento sangu\u00edneo completo (CBC, por sus siglas en ingl\u00e9s) que analiza la cantidad y el aspecto de las c\u00e9lulas sangu\u00edneas. Esta prueba es importante en el diagn\u00f3stico y seguimiento de enfermedades e infecciones y puede indicar por ejemplo, si tu mascota padece deshidrataci\u00f3n, diarrea o anemia. Los resultados pueden decirnos mucho sobre el funcionamiento de su cuerpo y puede indicar posibles problemas de salud.\n<h3 style=\"padding: 20px 0px 15px; font-size: 17px;\"><strong>An\u00e1lisis de heces<\/strong><\/h3>\nLa muestra de heces se puede obtener antes de una visita o el mismo veterinario puede tomar una muestra en la consulta. Una vez obtenida, se procesa y se examina bajo un microscopio. Permite detectar la presencia de huevos de par\u00e1sitos como Giardia y Cryptosporidium o de otros par\u00e1sitos, como lombrices, anquilostomas y tenias. Tambi\u00e9n se pueden observar larvas, gusanos adultos o segmentos de tenias.\t\t\t\t\t\t\t\t<\/div>\n\t\t\t\t<\/div>\n\t\t\t\t\t<\/div>\n\t\t<\/div>\n\t\t\t\t<div class=\"elementor-column elementor-col-50 elementor-inner-column elementor-element elementor-element-a50c2de\" data-id=\"a50c2de\" data-element_type=\"column\" data-e-type=\"column\">\n\t\t\t<div class=\"elementor-widget-wrap elementor-element-populated\">\n\t\t\t\t\t\t<div class=\"elementor-element elementor-element-ffa3fe1 elementor-widget elementor-widget-image\" data-id=\"ffa3fe1\" data-element_type=\"widget\" data-e-type=\"widget\" data-widget_type=\"image.default\">\n\t\t\t\t<div class=\"elementor-widget-container\">\n\t\t\t\t\t\t\t\t\t\t\t\t\t\t\t<img decoding=\"async\" src=\"http:\/\/www.unavets.com\/cabrils\/wp-content\/uploads\/sites\/2\/2020\/10\/shutterstock_599408846-1.jpg\" title=\"\" alt=\"\" loading=\"lazy\" \/>\t\t\t\t\t\t\t\t\t\t\t\t\t\t\t<\/div>\n\t\t\t\t<\/div>\n\t\t\t\t<div class=\"elementor-element elementor-element-c5f1ece elementor-align-center elementor-widget elementor-widget-button\" data-id=\"c5f1ece\" data-element_type=\"widget\" data-e-type=\"widget\" data-widget_type=\"button.default\">\n\t\t\t\t<div class=\"elementor-widget-container\">\n\t\t\t\t\t\t\t\t\t<div class=\"elementor-button-wrapper\">\n\t\t\t\t\t<a class=\"elementor-button elementor-button-link elementor-size-sm\" href=\"http:\/\/www.unavets.com\/es\/nuestras-clinicas\/\">\n\t\t\t\t\t\t<span class=\"elementor-button-content-wrapper\">\n\t\t\t\t\t\t\t\t\t<span class=\"elementor-button-text\">Encuentra la Cl\u00ednica UNAVETS M\u00e1s Cercana<\/span>\n\t\t\t\t\t<\/span>\n\t\t\t\t\t<\/a>\n\t\t\t\t<\/div>\n\t\t\t\t\t\t\t\t<\/div>\n\t\t\t\t<\/div>\n\t\t\t\t\t<\/div>\n\t\t<\/div>\n\t\t\t\t\t<\/div>\n\t\t<\/section>\n\t\t\t\t\t<\/div>\n\t\t<\/div>\n\t\t\t\t\t<\/div>\n\t\t<\/section>\n\t\t\t\t<section class=\"elementor-section elementor-top-section elementor-element elementor-element-73b4b04 elementor-section-boxed elementor-section-height-default elementor-section-height-default\" data-id=\"73b4b04\" data-element_type=\"section\" data-e-type=\"section\">\n\t\t\t\t\t\t<div class=\"elementor-container elementor-column-gap-default\">\n\t\t\t\t\t<div class=\"elementor-column elementor-col-50 elementor-top-column elementor-element elementor-element-c997382\" data-id=\"c997382\" data-element_type=\"column\" data-e-type=\"column\">\n\t\t\t<div class=\"elementor-widget-wrap elementor-element-populated\">\n\t\t\t\t\t\t<div class=\"elementor-element elementor-element-db9304c elementor-widget elementor-widget-image\" data-id=\"db9304c\" data-element_type=\"widget\" data-e-type=\"widget\" data-widget_type=\"image.default\">\n\t\t\t\t<div class=\"elementor-widget-container\">\n\t\t\t\t\t\t\t\t\t\t\t\t\t\t\t<img decoding=\"async\" src=\"http:\/\/www.unavets.com\/cabrils\/wp-content\/uploads\/sites\/2\/2020\/10\/shutterstock_487940758-1.jpg\" title=\"\" alt=\"\" loading=\"lazy\" \/>\t\t\t\t\t\t\t\t\t\t\t\t\t\t\t<\/div>\n\t\t\t\t<\/div>\n\t\t\t\t\t<\/div>\n\t\t<\/div>\n\t\t\t\t<div class=\"elementor-column elementor-col-50 elementor-top-column elementor-element elementor-element-3e98305\" data-id=\"3e98305\" data-element_type=\"column\" data-e-type=\"column\">\n\t\t\t<div class=\"elementor-widget-wrap elementor-element-populated\">\n\t\t\t\t\t\t<div class=\"elementor-element elementor-element-e2d2100 elementor-widget elementor-widget-text-editor\" data-id=\"e2d2100\" data-element_type=\"widget\" data-e-type=\"widget\" data-widget_type=\"text-editor.default\">\n\t\t\t\t<div class=\"elementor-widget-container\">\n\t\t\t\t\t\t\t\t\t<h3 style=\"padding: 0px 0px 15px; font-size: 17px;\"><strong>An\u00e1lisis de orina y sedimento<\/strong><\/h3>\nEl an\u00e1lisis de orina es importante para detectar varios tipos de enfermedades del tracto urinario, disminuci\u00f3n de la funci\u00f3n renal o hemorragia interna. La muestra debe analizarse inmediatamente despu\u00e9s de ser recogida, ya que la orina se degrada a determinadas temperaturas.\nHabitualmente analizamos su apariencia, concentraci\u00f3n y contenido.\nLa orina normal es de color amarillo o \u00e1mbar y deber\u00eda ser transparente o de un tono claro. La presencia de enfermedades o infecciones puede cambiar el color o el tono.\t\t\t\t\t\t\t\t<\/div>\n\t\t\t\t<\/div>\n\t\t\t\t\t<\/div>\n\t\t<\/div>\n\t\t\t\t\t<\/div>\n\t\t<\/section>\n\t\t\t\t<section class=\"elementor-section elementor-top-section elementor-element elementor-element-98f7ece elementor-section-boxed elementor-section-height-default elementor-section-height-default\" data-id=\"98f7ece\" data-element_type=\"section\" data-e-type=\"section\">\n\t\t\t\t\t\t<div class=\"elementor-container elementor-column-gap-default\">\n\t\t\t\t\t<div class=\"elementor-column elementor-col-100 elementor-top-column elementor-element elementor-element-036a821\" data-id=\"036a821\" data-element_type=\"column\" data-e-type=\"column\">\n\t\t\t<div class=\"elementor-widget-wrap elementor-element-populated\">\n\t\t\t\t\t\t<section class=\"elementor-section elementor-inner-section elementor-element elementor-element-8dab7e8 elementor-section-boxed elementor-section-height-default elementor-section-height-default\" data-id=\"8dab7e8\" data-element_type=\"section\" data-e-type=\"section\">\n\t\t\t\t\t\t<div class=\"elementor-container elementor-column-gap-default\">\n\t\t\t\t\t<div class=\"elementor-column elementor-col-50 elementor-inner-column elementor-element elementor-element-604f0e0\" data-id=\"604f0e0\" data-element_type=\"column\" data-e-type=\"column\">\n\t\t\t<div class=\"elementor-widget-wrap elementor-element-populated\">\n\t\t\t\t\t\t<div class=\"elementor-element elementor-element-1dc6cde elementor-widget elementor-widget-text-editor\" data-id=\"1dc6cde\" data-element_type=\"widget\" data-e-type=\"widget\" data-widget_type=\"text-editor.default\">\n\t\t\t\t<div class=\"elementor-widget-container\">\n\t\t\t\t\t\t\t\t\t<h3 style=\"padding: 0px 0px 15px; font-size: 17px;\"><strong>An\u00e1lisis de hormonas<\/strong><\/h3>\nLa presencia en exceso o defecto de determinadas hormonas en el organismo de los animales de compa\u00f1\u00eda pueden desencadenar diferentes enfermedades como la diabetes, s\u00edndrome de Cushing, Addison, hipertiroidismo, etc.\u00a0\u00a0 para ello con una muestra de sangre y adecuadamente procesada en nuestro laboratorio podemos conocer el nivel de esas hormonas en el organismo.\n<h3 style=\"padding: 20px 0px 15px; font-size: 17px;\"><strong>Citolog\u00eda<\/strong><\/h3>\nLa citolog\u00eda es una prueba diagn\u00f3stica que utilizamos los veterinarios de UNAVETS para detectar anomal\u00edas o lesiones en las c\u00e9lulas. Para ello necesitamos tomar una muestra de la lesi\u00f3n mediante aspiraci\u00f3n con aguja o mediante impronta de la lesi\u00f3n, aplicar a la muestra t\u00e9cnicas de tinci\u00f3n y analizarla bajo el microscopio.\n\nGracias a la citolog\u00eda podemos:\n<ul>\n \t<li>Diferenciar si una lesi\u00f3n es tumoral o no.<\/li>\n \t<li>Clasificar las neoplasias o tumores en benignos o malignos.<\/li>\n \t<li>Determinar si vamos a instaurar un tratamiento m\u00e9dico o quir\u00fargico.<\/li>\n<\/ul>\t\t\t\t\t\t\t\t<\/div>\n\t\t\t\t<\/div>\n\t\t\t\t\t<\/div>\n\t\t<\/div>\n\t\t\t\t<div class=\"elementor-column elementor-col-50 elementor-inner-column elementor-element elementor-element-a714b5b\" data-id=\"a714b5b\" data-element_type=\"column\" data-e-type=\"column\">\n\t\t\t<div class=\"elementor-widget-wrap elementor-element-populated\">\n\t\t\t\t\t\t<div class=\"elementor-element elementor-element-54e7b5d elementor-widget elementor-widget-image\" data-id=\"54e7b5d\" data-element_type=\"widget\" data-e-type=\"widget\" data-widget_type=\"image.default\">\n\t\t\t\t<div class=\"elementor-widget-container\">\n\t\t\t\t\t\t\t\t\t\t\t\t\t\t\t<img fetchpriority=\"high\" decoding=\"async\" width=\"724\" height=\"543\" src=\"https:\/\/www.unavets.com\/wp-content\/uploads\/2021\/06\/Citologia-1024x768.jpeg\" class=\"attachment-large size-large wp-image-17975\" alt=\"citologia\" \/>\t\t\t\t\t\t\t\t\t\t\t\t\t\t\t<\/div>\n\t\t\t\t<\/div>\n\t\t\t\t<div class=\"elementor-element elementor-element-175b657 elementor-align-center elementor-widget elementor-widget-button\" data-id=\"175b657\" data-element_type=\"widget\" data-e-type=\"widget\" data-widget_type=\"button.default\">\n\t\t\t\t<div class=\"elementor-widget-container\">\n\t\t\t\t\t\t\t\t\t<div class=\"elementor-button-wrapper\">\n\t\t\t\t\t<a class=\"elementor-button elementor-button-link elementor-size-sm\" href=\"http:\/\/www.unavets.com\/es\/nuestras-clinicas\/\">\n\t\t\t\t\t\t<span class=\"elementor-button-content-wrapper\">\n\t\t\t\t\t\t\t\t\t<span class=\"elementor-button-text\">Encuentra la Cl\u00ednica UNAVETS M\u00e1s Cercana<\/span>\n\t\t\t\t\t<\/span>\n\t\t\t\t\t<\/a>\n\t\t\t\t<\/div>\n\t\t\t\t\t\t\t\t<\/div>\n\t\t\t\t<\/div>\n\t\t\t\t\t<\/div>\n\t\t<\/div>\n\t\t\t\t\t<\/div>\n\t\t<\/section>\n\t\t\t\t\t<\/div>\n\t\t<\/div>\n\t\t\t\t\t<\/div>\n\t\t<\/section>\n\t\t\t\t<\/div>\n\t\t","protected":false},"excerpt":{"rendered":"<p>An\u00e1lisis Cl\u00ednicos Veterinarios y Pruebas de Laboratorio En la cl\u00ednica realizamos pruebas b\u00e1sicas de laboratorio. Para ello, nuestros veterinarios pueden recoger las muestras necesarias en la consulta o t\u00fa mismo puedes tomar una muestra en casa (heces, orina) y llevarla a la cl\u00ednica. An\u00e1lisis de sangre Una de las pruebas m\u00e1s comunes es el recuento &hellip; <\/p>\n","protected":false},"author":1,"featured_media":0,"parent":0,"menu_order":0,"comment_status":"closed","ping_status":"closed","template":"page-fullwidth.php","meta":{"_acf_changed":false,"content-type":"","footnotes":""},"class_list":["post-14370","page","type-page","status-publish","hentry"],"acf":[],"_links":{"self":[{"href":"https:\/\/www.unavets.com\/es\/wp-json\/wp\/v2\/pages\/14370","targetHints":{"allow":["GET"]}}],"collection":[{"href":"https:\/\/www.unavets.com\/es\/wp-json\/wp\/v2\/pages"}],"about":[{"href":"https:\/\/www.unavets.com\/es\/wp-json\/wp\/v2\/types\/page"}],"author":[{"embeddable":true,"href":"https:\/\/www.unavets.com\/es\/wp-json\/wp\/v2\/users\/1"}],"replies":[{"embeddable":true,"href":"https:\/\/www.unavets.com\/es\/wp-json\/wp\/v2\/comments?post=14370"}],"version-history":[{"count":0,"href":"https:\/\/www.unavets.com\/es\/wp-json\/wp\/v2\/pages\/14370\/revisions"}],"wp:attachment":[{"href":"https:\/\/www.unavets.com\/es\/wp-json\/wp\/v2\/media?parent=14370"}],"curies":[{"name":"wp","href":"https:\/\/api.w.org\/{rel}","templated":true}]}}