{"id":18617,"date":"2022-04-20T09:43:11","date_gmt":"2022-04-20T09:43:11","guid":{"rendered":"https:\/\/www.unavets.com\/ensanche\/?page_id=18617"},"modified":"2023-11-28T15:58:57","modified_gmt":"2023-11-28T15:58:57","slug":"clinica-veterinaria-ensanche","status":"publish","type":"page","link":"https:\/\/www.unavets.com\/ensanche\/es\/clinica-veterinaria-ensanche\/","title":{"rendered":"Cl\u00ednica Veterinaria Ensanche"},"content":{"rendered":"\t\t<div data-elementor-type=\"wp-page\" data-elementor-id=\"18617\" class=\"elementor elementor-18617\" data-elementor-post-type=\"page\">\n\t\t\t\t\t\t<section class=\"elementor-section elementor-top-section elementor-element elementor-element-54cf215 pad-top-0 elementor-section-boxed elementor-section-height-default elementor-section-height-default\" data-id=\"54cf215\" data-element_type=\"section\" data-e-type=\"section\" id=\"main-sec\" data-settings=\"{&quot;background_background&quot;:&quot;classic&quot;}\">\n\t\t\t\t\t\t<div class=\"elementor-container elementor-column-gap-wide\">\n\t\t\t\t\t<div class=\"elementor-column elementor-col-100 elementor-top-column elementor-element elementor-element-d926441\" data-id=\"d926441\" data-element_type=\"column\" data-e-type=\"column\">\n\t\t\t<div class=\"elementor-widget-wrap elementor-element-populated\">\n\t\t\t\t\t\t<div class=\"elementor-element elementor-element-ac5c964 elementor-widget elementor-widget-text-editor\" data-id=\"ac5c964\" data-element_type=\"widget\" data-e-type=\"widget\" data-widget_type=\"text-editor.default\">\n\t\t\t\t<div class=\"elementor-widget-container\">\n\t\t\t\t\t\t\t\t\t<p>La Cl\u00ednica Veterinaria Ensanche es el lugar de confianza para el cuidado de tu mascota en Bilbao.<\/p>\t\t\t\t\t\t\t\t<\/div>\n\t\t\t\t<\/div>\n\t\t\t\t<section class=\"elementor-section elementor-inner-section elementor-element elementor-element-98275a1 elementor-section-boxed elementor-section-height-default elementor-section-height-default\" data-id=\"98275a1\" data-element_type=\"section\" data-e-type=\"section\">\n\t\t\t\t\t\t<div class=\"elementor-container elementor-column-gap-default\">\n\t\t\t\t\t<div class=\"elementor-column elementor-col-50 elementor-inner-column elementor-element elementor-element-07b222c\" data-id=\"07b222c\" data-element_type=\"column\" data-e-type=\"column\">\n\t\t\t<div class=\"elementor-widget-wrap elementor-element-populated\">\n\t\t\t\t\t\t<div class=\"elementor-element elementor-element-44b52f4 elementor-widget elementor-widget-image\" data-id=\"44b52f4\" data-element_type=\"widget\" data-e-type=\"widget\" data-widget_type=\"image.default\">\n\t\t\t\t<div class=\"elementor-widget-container\">\n\t\t\t\t\t\t\t\t\t\t\t\t\t\t\t<img fetchpriority=\"high\" width=\"499\" height=\"621\" class=\"attachment-medium_large size-medium_large wp-image-20360 lazy\" alt=\"\" data-src=\"https:\/\/www.unavets.com\/ensanche\/wp-content\/uploads\/sites\/24\/2023\/05\/Diseno-sin-titulo-15-e1701105222631.png\" data-lazy=\"https:\/\/www.unavets.com\/ensanche\/wp-content\/uploads\/sites\/24\/2023\/05\/Diseno-sin-titulo-15-e1701105222631.png\" \/>\t\t\t\t\t\t\t\t\t\t\t\t\t\t\t<\/div>\n\t\t\t\t<\/div>\n\t\t\t\t\t<\/div>\n\t\t<\/div>\n\t\t\t\t<div class=\"elementor-column elementor-col-50 elementor-inner-column elementor-element elementor-element-e32254f\" data-id=\"e32254f\" data-element_type=\"column\" data-e-type=\"column\">\n\t\t\t<div class=\"elementor-widget-wrap elementor-element-populated\">\n\t\t\t\t\t\t<div class=\"elementor-element elementor-element-6494dd8 elementor-widget elementor-widget-text-editor\" data-id=\"6494dd8\" data-element_type=\"widget\" data-e-type=\"widget\" data-widget_type=\"text-editor.default\">\n\t\t\t\t<div class=\"elementor-widget-container\">\n\t\t\t\t\t\t\t\t\t<p>\u00a0Nos especializamos en el cuidado y bienestar de los perros, aplicando las t\u00e9cnicas veterinarias m\u00e1s avanzadas y contando con un equipo veterinario altamente capacitado.\u00a0<\/p><p>Nuestras instalaciones cuentan con:<\/p><ul><li><strong>Quir\u00f3fano<\/strong> completamente equipado, lo que nos permite llevar a cabo cirug\u00edas seguras y efectivas.<\/li><li>Cuatro <strong>consultas dedicadas a perros y una consulta exclusiva para gatos<\/strong>, asegurando un enfoque especializado para cada especie.<\/li><li>Reconociendo las necesidades espec\u00edficas de los <strong>gatos<\/strong>, contamos con una <strong>sala de espera exclusiva para ellos,<\/strong> creando un ambiente tranquilo y libre de estr\u00e9s.<\/li><li>Adem\u00e1s, nuestras <strong>zonas de hospitalizaci\u00f3n<\/strong> est\u00e1n separadas para perros y gatos, brindando un entorno adecuado para su recuperaci\u00f3n.<\/li><li>Una<strong> sala de Rayos X<\/strong><\/li><li>Una <strong>sala de Ecograf\u00eda <\/strong><\/li><li>Una <strong>sala de Endoscopia<\/strong>, lo que nos permite obtener im\u00e1genes detalladas y realizar procedimientos no invasivos.<\/li><li>Adem\u00e1s, contamos con un <strong>laboratorio completo<\/strong> para an\u00e1lisis cl\u00ednicos r\u00e1pidos y precisos.<\/li><\/ul><p><strong>\u00a0<\/strong><\/p><p>Horario:<\/p><p>&#8211; Lunes a Viernes 9\u201900 h -13\u201900 h | 16\u201900 h \u2013 19\u201900 h<\/p>\t\t\t\t\t\t\t\t<\/div>\n\t\t\t\t<\/div>\n\t\t\t\t\t<\/div>\n\t\t<\/div>\n\t\t\t\t\t<\/div>\n\t\t<\/section>\n\t\t\t\t<section class=\"elementor-section elementor-inner-section elementor-element elementor-element-cbd28ac elementor-section-boxed elementor-section-height-default elementor-section-height-default\" data-id=\"cbd28ac\" data-element_type=\"section\" data-e-type=\"section\">\n\t\t\t\t\t\t<div class=\"elementor-container elementor-column-gap-default\">\n\t\t\t\t\t<div class=\"elementor-column elementor-col-50 elementor-inner-column elementor-element elementor-element-e54cc90\" data-id=\"e54cc90\" data-element_type=\"column\" data-e-type=\"column\">\n\t\t\t<div class=\"elementor-widget-wrap elementor-element-populated\">\n\t\t\t\t\t\t<div class=\"elementor-element elementor-element-5db3b67 elementor-align-center elementor-widget elementor-widget-button\" data-id=\"5db3b67\" data-element_type=\"widget\" data-e-type=\"widget\" data-widget_type=\"button.default\">\n\t\t\t\t<div class=\"elementor-widget-container\">\n\t\t\t\t\t\t\t\t\t<div class=\"elementor-button-wrapper\">\n\t\t\t\t\t<a class=\"elementor-button elementor-button-link elementor-size-sm\" href=\"http:\/\/www.unavets.com\/nanclares\/es\/nuestro-equipo\/\">\n\t\t\t\t\t\t<span class=\"elementor-button-content-wrapper\">\n\t\t\t\t\t\t\t\t\t<span class=\"elementor-button-text\">Nuestro Equipo<\/span>\n\t\t\t\t\t<\/span>\n\t\t\t\t\t<\/a>\n\t\t\t\t<\/div>\n\t\t\t\t\t\t\t\t<\/div>\n\t\t\t\t<\/div>\n\t\t\t\t\t<\/div>\n\t\t<\/div>\n\t\t\t\t<div class=\"elementor-column elementor-col-50 elementor-inner-column elementor-element elementor-element-dc3e6b5\" data-id=\"dc3e6b5\" data-element_type=\"column\" data-e-type=\"column\">\n\t\t\t<div class=\"elementor-widget-wrap elementor-element-populated\">\n\t\t\t\t\t\t<div class=\"elementor-element elementor-element-ebe1efe elementor-align-center elementor-widget elementor-widget-button\" data-id=\"ebe1efe\" data-element_type=\"widget\" data-e-type=\"widget\" data-widget_type=\"button.default\">\n\t\t\t\t<div class=\"elementor-widget-container\">\n\t\t\t\t\t\t\t\t\t<div class=\"elementor-button-wrapper\">\n\t\t\t\t\t<a class=\"elementor-button elementor-button-link elementor-size-sm\" href=\"http:\/\/www.unavets.com\/nanclares\/es\/servicios\/\">\n\t\t\t\t\t\t<span class=\"elementor-button-content-wrapper\">\n\t\t\t\t\t\t\t\t\t<span class=\"elementor-button-text\">Servicios<\/span>\n\t\t\t\t\t<\/span>\n\t\t\t\t\t<\/a>\n\t\t\t\t<\/div>\n\t\t\t\t\t\t\t\t<\/div>\n\t\t\t\t<\/div>\n\t\t\t\t\t<\/div>\n\t\t<\/div>\n\t\t\t\t\t<\/div>\n\t\t<\/section>\n\t\t\t\t\t<\/div>\n\t\t<\/div>\n\t\t\t\t\t<\/div>\n\t\t<\/section>\n\t\t\t\t<section class=\"elementor-section elementor-top-section elementor-element elementor-element-c64bf4c elementor-section-boxed elementor-section-height-default elementor-section-height-default\" data-id=\"c64bf4c\" data-element_type=\"section\" data-e-type=\"section\">\n\t\t\t\t\t\t<div class=\"elementor-container elementor-column-gap-default\">\n\t\t\t\t\t<div class=\"elementor-column elementor-col-100 elementor-top-column elementor-element elementor-element-46ea748\" data-id=\"46ea748\" data-element_type=\"column\" data-e-type=\"column\">\n\t\t\t<div class=\"elementor-widget-wrap elementor-element-populated\">\n\t\t\t\t\t\t<div class=\"elementor-element elementor-element-ad3e405 elementor-widget elementor-widget-gallery\" data-id=\"ad3e405\" data-element_type=\"widget\" data-e-type=\"widget\" data-settings=\"{&quot;columns&quot;:&quot;3&quot;,&quot;aspect_ratio&quot;:&quot;1:1&quot;,&quot;lazyload&quot;:&quot;yes&quot;,&quot;gallery_layout&quot;:&quot;grid&quot;,&quot;columns_tablet&quot;:2,&quot;columns_mobile&quot;:1,&quot;gap&quot;:{&quot;unit&quot;:&quot;px&quot;,&quot;size&quot;:10,&quot;sizes&quot;:[]},&quot;gap_tablet&quot;:{&quot;unit&quot;:&quot;px&quot;,&quot;size&quot;:10,&quot;sizes&quot;:[]},&quot;gap_mobile&quot;:{&quot;unit&quot;:&quot;px&quot;,&quot;size&quot;:10,&quot;sizes&quot;:[]},&quot;link_to&quot;:&quot;file&quot;,&quot;overlay_background&quot;:&quot;yes&quot;,&quot;content_hover_animation&quot;:&quot;fade-in&quot;}\" data-widget_type=\"gallery.default\">\n\t\t\t\t<div class=\"elementor-widget-container\">\n\t\t\t\t\t\t\t<div class=\"elementor-gallery__container\">\n\t\t\t\t\t\t\t<a class=\"e-gallery-item elementor-gallery-item elementor-animated-content\" href=\"https:\/\/www.unavets.com\/ensanche\/wp-content\/uploads\/sites\/24\/2023\/05\/ensanche-fotos-veterinarios-e1687511241443.jpg\" data-elementor-open-lightbox=\"yes\" data-elementor-lightbox-slideshow=\"ad3e405\" data-elementor-lightbox-title=\"ensanche fotos veterinarios\" data-e-action-hash=\"#elementor-action%3Aaction%3Dlightbox%26settings%3DeyJpZCI6MjAzMzIsInVybCI6Imh0dHBzOlwvXC93d3cudW5hdmV0cy5jb21cL2Vuc2FuY2hlXC93cC1jb250ZW50XC91cGxvYWRzXC9zaXRlc1wvMjRcLzIwMjNcLzA1XC9lbnNhbmNoZS1mb3Rvcy12ZXRlcmluYXJpb3MtZTE2ODc1MTEyNDE0NDMuanBnIiwic2xpZGVzaG93IjoiYWQzZTQwNSJ9\">\n\t\t\t\t\t<div class=\"e-gallery-image elementor-gallery-item__image\" data-thumbnail=\"https:\/\/www.unavets.com\/ensanche\/wp-content\/uploads\/sites\/24\/2023\/05\/ensanche-fotos-veterinarios-683x1024.jpg\" data-width=\"683\" data-height=\"1024\" aria-label=\"\" role=\"img\" ><\/div>\n\t\t\t\t\t\t\t\t\t\t\t<div class=\"elementor-gallery-item__overlay\"><\/div>\n\t\t\t\t\t\t\t\t\t\t\t\t\t\t<\/a>\n\t\t\t\t\t\t\t<a class=\"e-gallery-item elementor-gallery-item elementor-animated-content\" href=\"https:\/\/www.unavets.com\/ensanche\/wp-content\/uploads\/sites\/24\/2023\/05\/ensanche-fotos-veterinarios2.jpg\" data-elementor-open-lightbox=\"yes\" data-elementor-lightbox-slideshow=\"ad3e405\" data-elementor-lightbox-title=\"ensanche fotos veterinarios2\" data-e-action-hash=\"#elementor-action%3Aaction%3Dlightbox%26settings%3DeyJpZCI6MjAzMzQsInVybCI6Imh0dHBzOlwvXC93d3cudW5hdmV0cy5jb21cL2Vuc2FuY2hlXC93cC1jb250ZW50XC91cGxvYWRzXC9zaXRlc1wvMjRcLzIwMjNcLzA1XC9lbnNhbmNoZS1mb3Rvcy12ZXRlcmluYXJpb3MyLmpwZyIsInNsaWRlc2hvdyI6ImFkM2U0MDUifQ%3D%3D\">\n\t\t\t\t\t<div class=\"e-gallery-image elementor-gallery-item__image\" data-thumbnail=\"https:\/\/www.unavets.com\/ensanche\/wp-content\/uploads\/sites\/24\/2023\/05\/ensanche-fotos-veterinarios2.jpg\" data-width=\"724\" data-height=\"483\" aria-label=\"\" role=\"img\" ><\/div>\n\t\t\t\t\t\t\t\t\t\t\t<div class=\"elementor-gallery-item__overlay\"><\/div>\n\t\t\t\t\t\t\t\t\t\t\t\t\t\t<\/a>\n\t\t\t\t\t\t\t<a class=\"e-gallery-item elementor-gallery-item elementor-animated-content\" href=\"https:\/\/www.unavets.com\/ensanche\/wp-content\/uploads\/sites\/24\/2023\/05\/ensanche-fotos-veterinarios7.jpg\" data-elementor-open-lightbox=\"yes\" data-elementor-lightbox-slideshow=\"ad3e405\" data-elementor-lightbox-title=\"ensanche fotos veterinarios7\" data-e-action-hash=\"#elementor-action%3Aaction%3Dlightbox%26settings%3DeyJpZCI6MjAzNDIsInVybCI6Imh0dHBzOlwvXC93d3cudW5hdmV0cy5jb21cL2Vuc2FuY2hlXC93cC1jb250ZW50XC91cGxvYWRzXC9zaXRlc1wvMjRcLzIwMjNcLzA1XC9lbnNhbmNoZS1mb3Rvcy12ZXRlcmluYXJpb3M3LmpwZyIsInNsaWRlc2hvdyI6ImFkM2U0MDUifQ%3D%3D\">\n\t\t\t\t\t<div class=\"e-gallery-image elementor-gallery-item__image\" data-thumbnail=\"https:\/\/www.unavets.com\/ensanche\/wp-content\/uploads\/sites\/24\/2023\/05\/ensanche-fotos-veterinarios7.jpg\" data-width=\"724\" data-height=\"483\" aria-label=\"\" role=\"img\" ><\/div>\n\t\t\t\t\t\t\t\t\t\t\t<div class=\"elementor-gallery-item__overlay\"><\/div>\n\t\t\t\t\t\t\t\t\t\t\t\t\t\t<\/a>\n\t\t\t\t\t\t\t<a class=\"e-gallery-item elementor-gallery-item elementor-animated-content\" href=\"https:\/\/www.unavets.com\/ensanche\/wp-content\/uploads\/sites\/24\/2023\/05\/ensanche-fotos-veterinarios3.jpg\" data-elementor-open-lightbox=\"yes\" data-elementor-lightbox-slideshow=\"ad3e405\" data-elementor-lightbox-title=\"ensanche fotos veterinarios3\" data-e-action-hash=\"#elementor-action%3Aaction%3Dlightbox%26settings%3DeyJpZCI6MjAzMzYsInVybCI6Imh0dHBzOlwvXC93d3cudW5hdmV0cy5jb21cL2Vuc2FuY2hlXC93cC1jb250ZW50XC91cGxvYWRzXC9zaXRlc1wvMjRcLzIwMjNcLzA1XC9lbnNhbmNoZS1mb3Rvcy12ZXRlcmluYXJpb3MzLmpwZyIsInNsaWRlc2hvdyI6ImFkM2U0MDUifQ%3D%3D\">\n\t\t\t\t\t<div class=\"e-gallery-image elementor-gallery-item__image\" data-thumbnail=\"https:\/\/www.unavets.com\/ensanche\/wp-content\/uploads\/sites\/24\/2023\/05\/ensanche-fotos-veterinarios3.jpg\" data-width=\"724\" data-height=\"483\" aria-label=\"\" role=\"img\" ><\/div>\n\t\t\t\t\t\t\t\t\t\t\t<div class=\"elementor-gallery-item__overlay\"><\/div>\n\t\t\t\t\t\t\t\t\t\t\t\t\t\t<\/a>\n\t\t\t\t\t\t\t<a class=\"e-gallery-item elementor-gallery-item elementor-animated-content\" href=\"https:\/\/www.unavets.com\/ensanche\/wp-content\/uploads\/sites\/24\/2023\/05\/ensanche-fotos-veterinarios6.jpg\" data-elementor-open-lightbox=\"yes\" data-elementor-lightbox-slideshow=\"ad3e405\" data-elementor-lightbox-title=\"ensanche fotos veterinarios6\" data-e-action-hash=\"#elementor-action%3Aaction%3Dlightbox%26settings%3DeyJpZCI6MjAzNDYsInVybCI6Imh0dHBzOlwvXC93d3cudW5hdmV0cy5jb21cL2Vuc2FuY2hlXC93cC1jb250ZW50XC91cGxvYWRzXC9zaXRlc1wvMjRcLzIwMjNcLzA1XC9lbnNhbmNoZS1mb3Rvcy12ZXRlcmluYXJpb3M2LmpwZyIsInNsaWRlc2hvdyI6ImFkM2U0MDUifQ%3D%3D\">\n\t\t\t\t\t<div class=\"e-gallery-image elementor-gallery-item__image\" data-thumbnail=\"https:\/\/www.unavets.com\/ensanche\/wp-content\/uploads\/sites\/24\/2023\/05\/ensanche-fotos-veterinarios6.jpg\" data-width=\"724\" data-height=\"483\" aria-label=\"\" role=\"img\" ><\/div>\n\t\t\t\t\t\t\t\t\t\t\t<div class=\"elementor-gallery-item__overlay\"><\/div>\n\t\t\t\t\t\t\t\t\t\t\t\t\t\t<\/a>\n\t\t\t\t\t\t\t<a class=\"e-gallery-item elementor-gallery-item elementor-animated-content\" href=\"https:\/\/www.unavets.com\/ensanche\/wp-content\/uploads\/sites\/24\/2023\/11\/laboratorio-ensanche-horizonta.jpg\" data-elementor-open-lightbox=\"yes\" data-elementor-lightbox-slideshow=\"ad3e405\" data-elementor-lightbox-title=\"laboratorio ensanche horizonta\" data-e-action-hash=\"#elementor-action%3Aaction%3Dlightbox%26settings%3DeyJpZCI6MjA4NDksInVybCI6Imh0dHBzOlwvXC93d3cudW5hdmV0cy5jb21cL2Vuc2FuY2hlXC93cC1jb250ZW50XC91cGxvYWRzXC9zaXRlc1wvMjRcLzIwMjNcLzExXC9sYWJvcmF0b3Jpby1lbnNhbmNoZS1ob3Jpem9udGEuanBnIiwic2xpZGVzaG93IjoiYWQzZTQwNSJ9\">\n\t\t\t\t\t<div class=\"e-gallery-image elementor-gallery-item__image\" data-thumbnail=\"https:\/\/www.unavets.com\/ensanche\/wp-content\/uploads\/sites\/24\/2023\/11\/laboratorio-ensanche-horizonta.jpg\" data-width=\"547\" data-height=\"365\" aria-label=\"\" role=\"img\" ><\/div>\n\t\t\t\t\t\t\t\t\t\t\t<div class=\"elementor-gallery-item__overlay\"><\/div>\n\t\t\t\t\t\t\t\t\t\t\t\t\t\t<\/a>\n\t\t\t\t\t\t\t<a class=\"e-gallery-item elementor-gallery-item elementor-animated-content\" href=\"https:\/\/www.unavets.com\/ensanche\/wp-content\/uploads\/sites\/24\/2023\/11\/diagnostico-por-imagen-ensanche-1.jpg\" data-elementor-open-lightbox=\"yes\" data-elementor-lightbox-slideshow=\"ad3e405\" data-elementor-lightbox-title=\"diagnostico por imagen ensanche\" data-e-action-hash=\"#elementor-action%3Aaction%3Dlightbox%26settings%3DeyJpZCI6MjEwNjMsInVybCI6Imh0dHBzOlwvXC93d3cudW5hdmV0cy5jb21cL2Vuc2FuY2hlXC93cC1jb250ZW50XC91cGxvYWRzXC9zaXRlc1wvMjRcLzIwMjNcLzExXC9kaWFnbm9zdGljby1wb3ItaW1hZ2VuLWVuc2FuY2hlLTEuanBnIiwic2xpZGVzaG93IjoiYWQzZTQwNSJ9\">\n\t\t\t\t\t<div class=\"e-gallery-image elementor-gallery-item__image\" data-thumbnail=\"https:\/\/www.unavets.com\/ensanche\/wp-content\/uploads\/sites\/24\/2023\/11\/diagnostico-por-imagen-ensanche-1.jpg\" data-width=\"547\" data-height=\"365\" aria-label=\"\" role=\"img\" ><\/div>\n\t\t\t\t\t\t\t\t\t\t\t<div class=\"elementor-gallery-item__overlay\"><\/div>\n\t\t\t\t\t\t\t\t\t\t\t\t\t\t<\/a>\n\t\t\t\t\t\t\t<a class=\"e-gallery-item elementor-gallery-item elementor-animated-content\" href=\"https:\/\/www.unavets.com\/ensanche\/wp-content\/uploads\/sites\/24\/2023\/11\/FOTOS-WEB.png\" data-elementor-open-lightbox=\"yes\" data-elementor-lightbox-slideshow=\"ad3e405\" data-elementor-lightbox-title=\"FOTOS WEB\" data-e-action-hash=\"#elementor-action%3Aaction%3Dlightbox%26settings%3DeyJpZCI6MjA3NTUsInVybCI6Imh0dHBzOlwvXC93d3cudW5hdmV0cy5jb21cL2Vuc2FuY2hlXC93cC1jb250ZW50XC91cGxvYWRzXC9zaXRlc1wvMjRcLzIwMjNcLzExXC9GT1RPUy1XRUIucG5nIiwic2xpZGVzaG93IjoiYWQzZTQwNSJ9\">\n\t\t\t\t\t<div class=\"e-gallery-image elementor-gallery-item__image\" data-thumbnail=\"https:\/\/www.unavets.com\/ensanche\/wp-content\/uploads\/sites\/24\/2023\/11\/FOTOS-WEB-1024x537.png\" data-width=\"724\" data-height=\"380\" aria-label=\"\" role=\"img\" ><\/div>\n\t\t\t\t\t\t\t\t\t\t\t<div class=\"elementor-gallery-item__overlay\"><\/div>\n\t\t\t\t\t\t\t\t\t\t\t\t\t\t<\/a>\n\t\t\t\t\t\t\t<a class=\"e-gallery-item elementor-gallery-item elementor-animated-content\" href=\"https:\/\/www.unavets.com\/ensanche\/wp-content\/uploads\/sites\/24\/2023\/11\/analitca-ensanche.jpg\" data-elementor-open-lightbox=\"yes\" data-elementor-lightbox-slideshow=\"ad3e405\" data-elementor-lightbox-title=\"analitca ensanche\" data-e-action-hash=\"#elementor-action%3Aaction%3Dlightbox%26settings%3DeyJpZCI6MjEwNjUsInVybCI6Imh0dHBzOlwvXC93d3cudW5hdmV0cy5jb21cL2Vuc2FuY2hlXC93cC1jb250ZW50XC91cGxvYWRzXC9zaXRlc1wvMjRcLzIwMjNcLzExXC9hbmFsaXRjYS1lbnNhbmNoZS5qcGciLCJzbGlkZXNob3ciOiJhZDNlNDA1In0%3D\">\n\t\t\t\t\t<div class=\"e-gallery-image elementor-gallery-item__image\" data-thumbnail=\"https:\/\/www.unavets.com\/ensanche\/wp-content\/uploads\/sites\/24\/2023\/11\/analitca-ensanche.jpg\" data-width=\"477\" data-height=\"318\" aria-label=\"\" role=\"img\" ><\/div>\n\t\t\t\t\t\t\t\t\t\t\t<div class=\"elementor-gallery-item__overlay\"><\/div>\n\t\t\t\t\t\t\t\t\t\t\t\t\t\t<\/a>\n\t\t\t\t\t<\/div>\n\t\t\t\t\t<\/div>\n\t\t\t\t<\/div>\n\t\t\t\t\t<\/div>\n\t\t<\/div>\n\t\t\t\t\t<\/div>\n\t\t<\/section>\n\t\t\t\t<\/div>\n\t\t","protected":false},"excerpt":{"rendered":"<p>La Cl\u00ednica Veterinaria Ensanche es el lugar de confianza para el cuidado de tu mascota en Bilbao. \u00a0Nos especializamos en el cuidado y bienestar de los perros, aplicando las t\u00e9cnicas veterinarias m\u00e1s avanzadas y contando con un equipo veterinario altamente capacitado.\u00a0 Nuestras instalaciones cuentan con: Quir\u00f3fano completamente equipado, lo que nos permite llevar a cabo &hellip; <\/p>\n","protected":false},"author":8,"featured_media":0,"parent":0,"menu_order":0,"comment_status":"closed","ping_status":"closed","template":"page-fullwidth.php","meta":{"_acf_changed":false,"content-type":"","footnotes":""},"class_list":["post-18617","page","type-page","status-publish","hentry"],"acf":[],"_links":{"self":[{"href":"https:\/\/www.unavets.com\/ensanche\/es\/wp-json\/wp\/v2\/pages\/18617","targetHints":{"allow":["GET"]}}],"collection":[{"href":"https:\/\/www.unavets.com\/ensanche\/es\/wp-json\/wp\/v2\/pages"}],"about":[{"href":"https:\/\/www.unavets.com\/ensanche\/es\/wp-json\/wp\/v2\/types\/page"}],"author":[{"embeddable":true,"href":"https:\/\/www.unavets.com\/ensanche\/es\/wp-json\/wp\/v2\/users\/8"}],"replies":[{"embeddable":true,"href":"https:\/\/www.unavets.com\/ensanche\/es\/wp-json\/wp\/v2\/comments?post=18617"}],"version-history":[{"count":13,"href":"https:\/\/www.unavets.com\/ensanche\/es\/wp-json\/wp\/v2\/pages\/18617\/revisions"}],"predecessor-version":[{"id":21208,"href":"https:\/\/www.unavets.com\/ensanche\/es\/wp-json\/wp\/v2\/pages\/18617\/revisions\/21208"}],"wp:attachment":[{"href":"https:\/\/www.unavets.com\/ensanche\/es\/wp-json\/wp\/v2\/media?parent=18617"}],"curies":[{"name":"wp","href":"https:\/\/api.w.org\/{rel}","templated":true}]}}