{"id":12814,"date":"2020-10-27T21:13:07","date_gmt":"2020-10-27T21:13:07","guid":{"rendered":"http:\/\/www.unavets.com\/elmadronal\/exotic-pet-care\/"},"modified":"2023-02-23T11:42:38","modified_gmt":"2023-02-23T11:42:38","slug":"animales-exoticos","status":"publish","type":"page","link":"https:\/\/www.unavets.com\/elmadronal\/es\/animales-exoticos\/","title":{"rendered":"Animales Ex\u00f3ticos"},"content":{"rendered":"\t\t<div data-elementor-type=\"wp-page\" data-elementor-id=\"12814\" class=\"elementor elementor-12814\" data-elementor-post-type=\"page\">\n\t\t\t\t\t\t<section class=\"elementor-section elementor-top-section elementor-element elementor-element-a2c091d elementor-section-boxed elementor-section-height-default elementor-section-height-default\" data-id=\"a2c091d\" data-element_type=\"section\" data-e-type=\"section\">\n\t\t\t\t\t\t<div class=\"elementor-container elementor-column-gap-default\">\n\t\t\t\t\t<div class=\"elementor-column elementor-col-100 elementor-top-column elementor-element elementor-element-d58e0f3\" data-id=\"d58e0f3\" data-element_type=\"column\" data-e-type=\"column\">\n\t\t\t<div class=\"elementor-widget-wrap elementor-element-populated\">\n\t\t\t\t\t\t<div class=\"elementor-element elementor-element-1369c6c elementor-widget elementor-widget-section_titleleft\" data-id=\"1369c6c\" data-element_type=\"widget\" data-e-type=\"widget\" data-widget_type=\"section_titleleft.default\">\n\t\t\t\t<div class=\"elementor-widget-container\">\n\t\t\t\t\t        <div class=\"ab_text-title fl-wrap\">\n            <h3>De formas, tama\u00f1os y colores muy variados<\/h3><span class=\"section-separator fl-sec-sep\"><\/span>        <\/div>\n        \t\t\t\t<\/div>\n\t\t\t\t<\/div>\n\t\t\t\t\t<\/div>\n\t\t<\/div>\n\t\t\t\t\t<\/div>\n\t\t<\/section>\n\t\t\t\t<section class=\"elementor-section elementor-top-section elementor-element elementor-element-d5b0cc0 elementor-section-boxed elementor-section-height-default elementor-section-height-default\" data-id=\"d5b0cc0\" data-element_type=\"section\" data-e-type=\"section\">\n\t\t\t\t\t\t<div class=\"elementor-container elementor-column-gap-default\">\n\t\t\t\t\t<div class=\"elementor-column elementor-col-50 elementor-top-column elementor-element elementor-element-e55f21e\" data-id=\"e55f21e\" data-element_type=\"column\" data-e-type=\"column\">\n\t\t\t<div class=\"elementor-widget-wrap elementor-element-populated\">\n\t\t\t\t\t\t<div class=\"elementor-element elementor-element-80c47d6 elementor-widget elementor-widget-text-editor\" data-id=\"80c47d6\" data-element_type=\"widget\" data-e-type=\"widget\" data-widget_type=\"text-editor.default\">\n\t\t\t\t<div class=\"elementor-widget-container\">\n\t\t\t\t\t\t\t\t\t<p>Algunos de los muchos animales de compa\u00f1\u00eda ex\u00f3ticos que tratamos en Centro Veterinario El Madro\u00f1al , Santa Cruz de Tenerife son:<\/p><ul><li>Aves: tratamos a la mayor\u00eda de aves excepto las razas m\u00e1s grandes como los guacamayos o las cacat\u00faas.<\/li><li>Mam\u00edferos peque\u00f1os: conejos, petauros, ratas, conejillos de indias, h\u00e1msteres, hurones, erizos, etc.<\/li><li>Reptiles y anfibios: serpientes, iguanas, camaleones y tortugas, entre otros.<\/li><\/ul><p>Los animales ex\u00f3ticos tienen necesidades espec\u00edficas en cuanto a h\u00e1bitat y dieta. Esperamos trabajar contigo con el fin de mantener a tu mascota sana y segura.<\/p><p>Igual que con gatos y perros, los animales ex\u00f3ticos tambi\u00e9n necesitan visitar regularmente el veterinario para mediante revisiones detectar pronto posibles problemas de salud.<\/p>\t\t\t\t\t\t\t\t<\/div>\n\t\t\t\t<\/div>\n\t\t\t\t<div class=\"elementor-element elementor-element-e35a770 elementor-align-center elementor-widget elementor-widget-button\" data-id=\"e35a770\" data-element_type=\"widget\" data-e-type=\"widget\" data-widget_type=\"button.default\">\n\t\t\t\t<div class=\"elementor-widget-container\">\n\t\t\t\t\t\t\t\t\t<div class=\"elementor-button-wrapper\">\n\t\t\t\t\t<a class=\"elementor-button elementor-button-link elementor-size-md\" href=\"tel:+34691044450\">\n\t\t\t\t\t\t<span class=\"elementor-button-content-wrapper\">\n\t\t\t\t\t\t<span class=\"elementor-button-icon\">\n\t\t\t\t<i aria-hidden=\"true\" class=\"far fa-calendar-alt\"><\/i>\t\t\t<\/span>\n\t\t\t\t\t\t\t\t\t<span class=\"elementor-button-text\">Pide cita<\/span>\n\t\t\t\t\t<\/span>\n\t\t\t\t\t<\/a>\n\t\t\t\t<\/div>\n\t\t\t\t\t\t\t\t<\/div>\n\t\t\t\t<\/div>\n\t\t\t\t\t<\/div>\n\t\t<\/div>\n\t\t\t\t<div class=\"elementor-column elementor-col-50 elementor-top-column elementor-element elementor-element-4b7a025\" data-id=\"4b7a025\" data-element_type=\"column\" data-e-type=\"column\">\n\t\t\t<div class=\"elementor-widget-wrap elementor-element-populated\">\n\t\t\t\t\t\t<div class=\"elementor-element elementor-element-a0ae961 elementor-widget elementor-widget-image\" data-id=\"a0ae961\" data-element_type=\"widget\" data-e-type=\"widget\" data-widget_type=\"image.default\">\n\t\t\t\t<div class=\"elementor-widget-container\">\n\t\t\t\t\t\t\t\t\t\t\t\t\t\t\t<img fetchpriority=\"high\" width=\"724\" height=\"448\" class=\"attachment-large size-large wp-image-15469 lazy\" alt=\"\" data-src=\"https:\/\/www.unavets.com\/elmadronal\/wp-content\/uploads\/sites\/43\/2021\/06\/shutterstock_309191834-1-1024x633.jpg\" data-lazy=\"https:\/\/www.unavets.com\/elmadronal\/wp-content\/uploads\/sites\/43\/2021\/06\/shutterstock_309191834-1-1024x633.jpg\" \/>\t\t\t\t\t\t\t\t\t\t\t\t\t\t\t<\/div>\n\t\t\t\t<\/div>\n\t\t\t\t\t<\/div>\n\t\t<\/div>\n\t\t\t\t\t<\/div>\n\t\t<\/section>\n\t\t\t\t<\/div>\n\t\t","protected":false},"excerpt":{"rendered":"<p>De formas, tama\u00f1os y colores muy variados Algunos de los muchos animales de compa\u00f1\u00eda ex\u00f3ticos que tratamos en , son: Aves: tratamos a la mayor\u00eda de aves excepto las razas m\u00e1s grandes como los guacamayos o las cacat\u00faas. Mam\u00edferos peque\u00f1os: conejos, petauros, ratas, conejillos de indias, h\u00e1msteres, hurones, erizos, etc. Reptiles y anfibios: serpientes, iguanas, &hellip; <\/p>\n","protected":false},"author":8,"featured_media":0,"parent":0,"menu_order":0,"comment_status":"closed","ping_status":"closed","template":"page-fullwidth.php","meta":{"_acf_changed":false,"content-type":"","footnotes":""},"class_list":["post-12814","page","type-page","status-publish","hentry"],"acf":[],"_links":{"self":[{"href":"https:\/\/www.unavets.com\/elmadronal\/es\/wp-json\/wp\/v2\/pages\/12814","targetHints":{"allow":["GET"]}}],"collection":[{"href":"https:\/\/www.unavets.com\/elmadronal\/es\/wp-json\/wp\/v2\/pages"}],"about":[{"href":"https:\/\/www.unavets.com\/elmadronal\/es\/wp-json\/wp\/v2\/types\/page"}],"author":[{"embeddable":true,"href":"https:\/\/www.unavets.com\/elmadronal\/es\/wp-json\/wp\/v2\/users\/8"}],"replies":[{"embeddable":true,"href":"https:\/\/www.unavets.com\/elmadronal\/es\/wp-json\/wp\/v2\/comments?post=12814"}],"version-history":[{"count":0,"href":"https:\/\/www.unavets.com\/elmadronal\/es\/wp-json\/wp\/v2\/pages\/12814\/revisions"}],"wp:attachment":[{"href":"https:\/\/www.unavets.com\/elmadronal\/es\/wp-json\/wp\/v2\/media?parent=12814"}],"curies":[{"name":"wp","href":"https:\/\/api.w.org\/{rel}","templated":true}]}}