{"id":18309,"date":"2023-04-04T15:02:39","date_gmt":"2023-04-04T15:02:39","guid":{"rendered":"https:\/\/www.unavets.com\/delpla\/?page_id=18309"},"modified":"2023-04-04T15:25:51","modified_gmt":"2023-04-04T15:25:51","slug":"reproduccion-canina","status":"publish","type":"page","link":"https:\/\/www.unavets.com\/delpla\/es\/reproduccion-canina\/","title":{"rendered":"Reproducci\u00f3n Canina"},"content":{"rendered":"\t\t<div data-elementor-type=\"wp-page\" data-elementor-id=\"18309\" class=\"elementor elementor-18309\" data-elementor-post-type=\"page\">\n\t\t\t\t\t\t<section class=\"elementor-section elementor-top-section elementor-element elementor-element-3b7f1f2 elementor-section-boxed elementor-section-height-default elementor-section-height-default\" data-id=\"3b7f1f2\" data-element_type=\"section\" data-e-type=\"section\" id=\"main-sec\">\n\t\t\t\t\t\t<div class=\"elementor-container elementor-column-gap-default\">\n\t\t\t\t\t<div class=\"elementor-column elementor-col-100 elementor-top-column elementor-element elementor-element-138c88c\" data-id=\"138c88c\" data-element_type=\"column\" data-e-type=\"column\">\n\t\t\t<div class=\"elementor-widget-wrap elementor-element-populated\">\n\t\t\t\t\t\t<div class=\"elementor-element elementor-element-ec83cf0 elementor-widget elementor-widget-section_titleleft\" data-id=\"ec83cf0\" data-element_type=\"widget\" data-e-type=\"widget\" data-widget_type=\"section_titleleft.default\">\n\t\t\t\t<div class=\"elementor-widget-container\">\n\t\t\t\t\t        <div class=\"ab_text-title fl-wrap\">\n            <h3>REPRODUCCI\u00d3N CANINA POR INSEMINACI\u00d3N ARTIFICIAL <\/h3><span class=\"section-separator fl-sec-sep\"><\/span>        <\/div>\n        \t\t\t\t<\/div>\n\t\t\t\t<\/div>\n\t\t\t\t\t<\/div>\n\t\t<\/div>\n\t\t\t\t\t<\/div>\n\t\t<\/section>\n\t\t\t\t<section class=\"elementor-section elementor-top-section elementor-element elementor-element-d993722 elementor-section-boxed elementor-section-height-default elementor-section-height-default\" data-id=\"d993722\" data-element_type=\"section\" data-e-type=\"section\">\n\t\t\t\t\t\t<div class=\"elementor-container elementor-column-gap-default\">\n\t\t\t\t\t<div class=\"elementor-column elementor-col-100 elementor-top-column elementor-element elementor-element-065811d\" data-id=\"065811d\" data-element_type=\"column\" data-e-type=\"column\">\n\t\t\t<div class=\"elementor-widget-wrap elementor-element-populated\">\n\t\t\t\t\t\t<div class=\"elementor-element elementor-element-63d99ac elementor-widget elementor-widget-text-editor\" data-id=\"63d99ac\" data-element_type=\"widget\" data-e-type=\"widget\" data-widget_type=\"text-editor.default\">\n\t\t\t\t<div class=\"elementor-widget-container\">\n\t\t\t\t\t\t\t\t\t<p>La demanda de inseminaci\u00f3n artificial en caninos ha aumentado su importancia durante los \u00faltimos a\u00f1os. Esto es debido a que <strong>ayuda a criadores y veterinarios a mejorar la reproducci\u00f3n en animales<\/strong> con m\u00e9rito gen\u00e9tico, ya sea por conservaci\u00f3n de la raza o de forma afectiva, siendo una t\u00e9cnica cada vez m\u00e1s demandada, tambi\u00e9n por los propietarios privados, que desean que sus mascotas se reproduzcan bajo un control veterinario y evitar as\u00ed partos complicados, ces\u00e1reas o infertilidad.<\/p><p>La reproducci\u00f3n asistida es la gesti\u00f3n de cuatro elementos fundamentales que son:<\/p><ul><li>Manejo del macho reproductor<\/li><li>Manejo de la hembra reproductora<\/li><li>Gesti\u00f3n de la cubrici\u00f3n: \u00bfmonta o inseminaci\u00f3n artificial?<\/li><li>Manejo de la gestaci\u00f3n y el parto o la ces\u00e1rea<\/li><\/ul><p><strong><u>CLINICAN \u00fanico representante en exclusiva para Espa\u00f1a del sistema <a href=\"https:\/\/clone-espana.com\/\" target=\"_blank\" rel=\"noopener\">CLONE USA<\/a> de congelaci\u00f3n y refrigeraci\u00f3n de semen canino.<\/u><\/strong><\/p><p>Desde hace m\u00e1s de 30 a\u00f1os, Ricard C\u00f3rdoba de uno de los centros UNAVETS Clinican en Girona, se ha convertido en el \u00fanico representante en exclusiva para Espa\u00f1a del sistema CLONE USA de congelaci\u00f3n y refrigeraci\u00f3n de semen canino. Este <strong>sistema exclusivo (KIT CLONE) tiene un ratio de efectividad en la concepci\u00f3n que puede llegar hasta un 94,2%.<\/strong><\/p><p>Una de las ventajas de este sistema (exclusivo en Espa\u00f1a en cl\u00ednica Clinican de UNAVETS en Girona) permite preparaci\u00f3n de <strong>semen refrigerado para inseminaciones a distancia.<\/strong> <strong>De esta forma ya no son necesarios los desplazamientos con el fin de juntar dos ejemplares separados geogr\u00e1ficamente<\/strong>. Simplemente con un buen control del celo de la hembra, mediante citolog\u00edas vaginales y determinaciones cuantitativas de progesterona, con el fin de saber el momento ideal, servir\u00e1 para conocer el momento de recibir o enviar el semen preparado con el KIT CLONE.<\/p><p>El semen <strong>descongelado puede llegar a sobrevivir en capacidades fecundativas completas hasta 3 d\u00edas despu\u00e9s de la descongelaci\u00f3n<\/strong> (si se mantiene en refrigeraci\u00f3n), debido al efecto protector que ejerce sobre la esperma el exclusivo diluyente.<\/p><p>El semen preparado con los diluyentes CLONE mejora su calidad debido a que, con este m\u00e9todo, se eliminan las sustancias y l\u00edquidos que componen el eyaculado, y conserva exclusivamente los espermatozoos para que sean diluidos con los protectores dise\u00f1ados por CLONE.<\/p><p>Este servicio es posible en Espa\u00f1a gracias a Ricard C\u00f3rdoba, veterinario no s\u00f3lo especialista en el sistema, sino el <strong>experto que fund\u00f3 el primer banco de esperma canino de Espa\u00f1a, la Unidad de Reproducci\u00f3n Canina de Catalunya en 1997. <\/strong>Su sobrada experiencia ofrece a criadores resultados de excelente calidad<\/p>\t\t\t\t\t\t\t\t<\/div>\n\t\t\t\t<\/div>\n\t\t\t\t<div class=\"elementor-element elementor-element-6b0a3fa elementor-align-center elementor-widget elementor-widget-button\" data-id=\"6b0a3fa\" data-element_type=\"widget\" data-e-type=\"widget\" data-widget_type=\"button.default\">\n\t\t\t\t<div class=\"elementor-widget-container\">\n\t\t\t\t\t\t\t\t\t<div class=\"elementor-button-wrapper\">\n\t\t\t\t\t<a class=\"elementor-button elementor-button-link elementor-size-md\" href=\"https:\/\/www.unavets.com\/clinican\/es\/contacto\/\">\n\t\t\t\t\t\t<span class=\"elementor-button-content-wrapper\">\n\t\t\t\t\t\t<span class=\"elementor-button-icon\">\n\t\t\t\t<i aria-hidden=\"true\" class=\"far fa-calendar-alt\"><\/i>\t\t\t<\/span>\n\t\t\t\t\t\t\t\t\t<span class=\"elementor-button-text\">Pide cita<\/span>\n\t\t\t\t\t<\/span>\n\t\t\t\t\t<\/a>\n\t\t\t\t<\/div>\n\t\t\t\t\t\t\t\t<\/div>\n\t\t\t\t<\/div>\n\t\t\t\t\t<\/div>\n\t\t<\/div>\n\t\t\t\t\t<\/div>\n\t\t<\/section>\n\t\t\t\t<section class=\"elementor-section elementor-top-section elementor-element elementor-element-8e37346 elementor-section-boxed elementor-section-height-default elementor-section-height-default\" data-id=\"8e37346\" data-element_type=\"section\" data-e-type=\"section\">\n\t\t\t\t\t\t<div class=\"elementor-container elementor-column-gap-default\">\n\t\t\t\t\t<div class=\"elementor-column elementor-col-33 elementor-top-column elementor-element elementor-element-be6f716\" data-id=\"be6f716\" data-element_type=\"column\" data-e-type=\"column\">\n\t\t\t<div class=\"elementor-widget-wrap elementor-element-populated\">\n\t\t\t\t\t\t<div class=\"elementor-element elementor-element-05311ff elementor-widget elementor-widget-image\" data-id=\"05311ff\" data-element_type=\"widget\" data-e-type=\"widget\" data-widget_type=\"image.default\">\n\t\t\t\t<div class=\"elementor-widget-container\">\n\t\t\t\t\t\t\t\t\t\t\t\t\t\t\t<img decoding=\"async\" src=\"https:\/\/www.unavets.com\/clinican\/wp-content\/uploads\/sites\/26\/2023\/04\/9.png\" title=\"\" alt=\"\" loading=\"lazy\" \/>\t\t\t\t\t\t\t\t\t\t\t\t\t\t\t<\/div>\n\t\t\t\t<\/div>\n\t\t\t\t\t<\/div>\n\t\t<\/div>\n\t\t\t\t<div class=\"elementor-column elementor-col-33 elementor-top-column elementor-element elementor-element-e7ccb38\" data-id=\"e7ccb38\" data-element_type=\"column\" data-e-type=\"column\">\n\t\t\t<div class=\"elementor-widget-wrap elementor-element-populated\">\n\t\t\t\t\t\t<div class=\"elementor-element elementor-element-a2a0960 elementor-widget elementor-widget-image\" data-id=\"a2a0960\" data-element_type=\"widget\" data-e-type=\"widget\" data-widget_type=\"image.default\">\n\t\t\t\t<div class=\"elementor-widget-container\">\n\t\t\t\t\t\t\t\t\t\t\t\t\t\t\t<img decoding=\"async\" src=\"https:\/\/www.unavets.com\/clinican\/wp-content\/uploads\/sites\/26\/2023\/04\/11.png\" title=\"\" alt=\"\" loading=\"lazy\" \/>\t\t\t\t\t\t\t\t\t\t\t\t\t\t\t<\/div>\n\t\t\t\t<\/div>\n\t\t\t\t\t<\/div>\n\t\t<\/div>\n\t\t\t\t<div class=\"elementor-column elementor-col-33 elementor-top-column elementor-element elementor-element-35da38d\" data-id=\"35da38d\" data-element_type=\"column\" data-e-type=\"column\">\n\t\t\t<div class=\"elementor-widget-wrap elementor-element-populated\">\n\t\t\t\t\t\t<div class=\"elementor-element elementor-element-f7afcb8 elementor-widget elementor-widget-image\" data-id=\"f7afcb8\" data-element_type=\"widget\" data-e-type=\"widget\" data-widget_type=\"image.default\">\n\t\t\t\t<div class=\"elementor-widget-container\">\n\t\t\t\t\t\t\t\t\t\t\t\t\t\t\t<img decoding=\"async\" src=\"https:\/\/www.unavets.com\/clinican\/wp-content\/uploads\/sites\/26\/2023\/04\/10.png\" title=\"\" alt=\"\" loading=\"lazy\" \/>\t\t\t\t\t\t\t\t\t\t\t\t\t\t\t<\/div>\n\t\t\t\t<\/div>\n\t\t\t\t\t<\/div>\n\t\t<\/div>\n\t\t\t\t\t<\/div>\n\t\t<\/section>\n\t\t\t\t<\/div>\n\t\t","protected":false},"excerpt":{"rendered":"<p>REPRODUCCI\u00d3N CANINA POR INSEMINACI\u00d3N ARTIFICIAL La demanda de inseminaci\u00f3n artificial en caninos ha aumentado su importancia durante los \u00faltimos a\u00f1os. Esto es debido a que ayuda a criadores y veterinarios a mejorar la reproducci\u00f3n en animales con m\u00e9rito gen\u00e9tico, ya sea por conservaci\u00f3n de la raza o de forma afectiva, siendo una t\u00e9cnica cada vez &hellip; <\/p>\n","protected":false},"author":8,"featured_media":0,"parent":0,"menu_order":0,"comment_status":"closed","ping_status":"closed","template":"page-fullwidth.php","meta":{"_acf_changed":false,"content-type":"","footnotes":""},"class_list":["post-18309","page","type-page","status-publish","hentry"],"acf":[],"_links":{"self":[{"href":"https:\/\/www.unavets.com\/delpla\/es\/wp-json\/wp\/v2\/pages\/18309","targetHints":{"allow":["GET"]}}],"collection":[{"href":"https:\/\/www.unavets.com\/delpla\/es\/wp-json\/wp\/v2\/pages"}],"about":[{"href":"https:\/\/www.unavets.com\/delpla\/es\/wp-json\/wp\/v2\/types\/page"}],"author":[{"embeddable":true,"href":"https:\/\/www.unavets.com\/delpla\/es\/wp-json\/wp\/v2\/users\/8"}],"replies":[{"embeddable":true,"href":"https:\/\/www.unavets.com\/delpla\/es\/wp-json\/wp\/v2\/comments?post=18309"}],"version-history":[{"count":0,"href":"https:\/\/www.unavets.com\/delpla\/es\/wp-json\/wp\/v2\/pages\/18309\/revisions"}],"wp:attachment":[{"href":"https:\/\/www.unavets.com\/delpla\/es\/wp-json\/wp\/v2\/media?parent=18309"}],"curies":[{"name":"wp","href":"https:\/\/api.w.org\/{rel}","templated":true}]}}