{"id":14493,"date":"2021-06-04T12:33:46","date_gmt":"2021-06-04T12:33:46","guid":{"rendered":"http:\/\/www.unavets.com\/delpla\/?page_id=14493"},"modified":"2023-05-03T15:29:26","modified_gmt":"2023-05-03T15:29:26","slug":"cuidados-intensivos","status":"publish","type":"page","link":"https:\/\/www.unavets.com\/delpla\/es\/cuidados-intensivos\/","title":{"rendered":"Cuidados Intensivos"},"content":{"rendered":"\t\t<div data-elementor-type=\"wp-page\" data-elementor-id=\"14493\" class=\"elementor elementor-14493\" data-elementor-post-type=\"page\">\n\t\t\t\t\t\t<section class=\"elementor-section elementor-top-section elementor-element elementor-element-d993722 elementor-section-boxed elementor-section-height-default elementor-section-height-default\" data-id=\"d993722\" data-element_type=\"section\" data-e-type=\"section\" id=\"main-sec\">\n\t\t\t\t\t\t<div class=\"elementor-container elementor-column-gap-default\">\n\t\t\t\t\t<div class=\"elementor-column elementor-col-50 elementor-top-column elementor-element elementor-element-065811d\" data-id=\"065811d\" data-element_type=\"column\" data-e-type=\"column\">\n\t\t\t<div class=\"elementor-widget-wrap elementor-element-populated\">\n\t\t\t\t\t\t<div class=\"elementor-element elementor-element-63d99ac elementor-widget elementor-widget-text-editor\" data-id=\"63d99ac\" data-element_type=\"widget\" data-e-type=\"widget\" data-widget_type=\"text-editor.default\">\n\t\t\t\t<div class=\"elementor-widget-container\">\n\t\t\t\t\t\t\t\t\t<p>El objetivo de los Cuidados Intensivos es el seguimiento de pacientes cr\u00edticos que, dependiendo de la complejidad y gravedad del caso, requieren cuidados constantes, monitorizaci\u00f3n, asistencia y terapia del m\u00e1s alto nivel.<\/p>\n<p>Centre Veterinari del Pla, situada en Mollerussa , est\u00e1 equipada con equipamiento de \u00faltima generaci\u00f3n, como monitores multiparam\u00e9tricos, dispositivos de ox\u00edgeno y ventilaci\u00f3n asistida, e instalaciones c\u00f3modas que permitan una c\u00f3moda estancia en el centro.<\/p>\n<p>Los principales casos de pacientes tratados en la Unidad de Cuidados Intensivos son los pacientes necesitados de ventilaci\u00f3n asistida, que sufren insuficiencia respiratoria aguda, coma por t\u00f3xicos, coma inducido, traumatismos craneoencef\u00e1licos, pacientes posquir\u00fargicos con dificultad para despertar, pacientes card\u00edacos y pacientes con enfermedades neurol\u00f3gicas graves (t\u00e9tanos, neuritis con insuficiencia respiratoria, estado epil\u00e9ptico, etc.).<\/p>\t\t\t\t\t\t\t\t<\/div>\n\t\t\t\t<\/div>\n\t\t\t\t<div class=\"elementor-element elementor-element-d98f0cb elementor-align-center elementor-widget elementor-widget-button\" data-id=\"d98f0cb\" data-element_type=\"widget\" data-e-type=\"widget\" data-widget_type=\"button.default\">\n\t\t\t\t<div class=\"elementor-widget-container\">\n\t\t\t\t\t\t\t\t\t<div class=\"elementor-button-wrapper\">\n\t\t\t\t\t<a class=\"elementor-button elementor-button-link elementor-size-md\" href=\"https:\/\/www.unavets.com\/clinican\/es\/contacto\/\">\n\t\t\t\t\t\t<span class=\"elementor-button-content-wrapper\">\n\t\t\t\t\t\t<span class=\"elementor-button-icon\">\n\t\t\t\t<i aria-hidden=\"true\" class=\"far fa-calendar-alt\"><\/i>\t\t\t<\/span>\n\t\t\t\t\t\t\t\t\t<span class=\"elementor-button-text\">Pide cita<\/span>\n\t\t\t\t\t<\/span>\n\t\t\t\t\t<\/a>\n\t\t\t\t<\/div>\n\t\t\t\t\t\t\t\t<\/div>\n\t\t\t\t<\/div>\n\t\t\t\t\t<\/div>\n\t\t<\/div>\n\t\t\t\t<div class=\"elementor-column elementor-col-50 elementor-top-column elementor-element elementor-element-2048e61\" data-id=\"2048e61\" data-element_type=\"column\" data-e-type=\"column\">\n\t\t\t<div class=\"elementor-widget-wrap elementor-element-populated\">\n\t\t\t\t\t\t<div class=\"elementor-element elementor-element-dc7c821 elementor-widget elementor-widget-image\" data-id=\"dc7c821\" data-element_type=\"widget\" data-e-type=\"widget\" data-widget_type=\"image.default\">\n\t\t\t\t<div class=\"elementor-widget-container\">\n\t\t\t\t\t\t\t\t\t\t\t\t\t\t\t<img fetchpriority=\"high\" width=\"724\" height=\"483\" class=\"attachment-large size-large wp-image-14441 lazy\" alt=\"\" data-src=\"https:\/\/www.unavets.com\/delpla\/wp-content\/uploads\/sites\/51\/2021\/06\/Intensive-Care.jpg\" data-lazy=\"https:\/\/www.unavets.com\/delpla\/wp-content\/uploads\/sites\/51\/2021\/06\/Intensive-Care.jpg\" \/>\t\t\t\t\t\t\t\t\t\t\t\t\t\t\t<\/div>\n\t\t\t\t<\/div>\n\t\t\t\t\t<\/div>\n\t\t<\/div>\n\t\t\t\t\t<\/div>\n\t\t<\/section>\n\t\t\t\t<\/div>\n\t\t","protected":false},"excerpt":{"rendered":"<p>El objetivo de los Cuidados Intensivos es el seguimiento de pacientes cr\u00edticos que, dependiendo de la complejidad y gravedad del caso, requieren cuidados constantes, monitorizaci\u00f3n, asistencia y terapia del m\u00e1s alto nivel. , situada en , est\u00e1 equipada con equipamiento de \u00faltima generaci\u00f3n, como monitores multiparam\u00e9tricos, dispositivos de ox\u00edgeno y ventilaci\u00f3n asistida, e instalaciones c\u00f3modas &hellip; <\/p>\n","protected":false},"author":4,"featured_media":0,"parent":0,"menu_order":0,"comment_status":"closed","ping_status":"closed","template":"page-fullwidth.php","meta":{"_acf_changed":false,"content-type":"","footnotes":""},"class_list":["post-14493","page","type-page","status-publish","hentry"],"acf":[],"_links":{"self":[{"href":"https:\/\/www.unavets.com\/delpla\/es\/wp-json\/wp\/v2\/pages\/14493","targetHints":{"allow":["GET"]}}],"collection":[{"href":"https:\/\/www.unavets.com\/delpla\/es\/wp-json\/wp\/v2\/pages"}],"about":[{"href":"https:\/\/www.unavets.com\/delpla\/es\/wp-json\/wp\/v2\/types\/page"}],"author":[{"embeddable":true,"href":"https:\/\/www.unavets.com\/delpla\/es\/wp-json\/wp\/v2\/users\/4"}],"replies":[{"embeddable":true,"href":"https:\/\/www.unavets.com\/delpla\/es\/wp-json\/wp\/v2\/comments?post=14493"}],"version-history":[{"count":0,"href":"https:\/\/www.unavets.com\/delpla\/es\/wp-json\/wp\/v2\/pages\/14493\/revisions"}],"wp:attachment":[{"href":"https:\/\/www.unavets.com\/delpla\/es\/wp-json\/wp\/v2\/media?parent=14493"}],"curies":[{"name":"wp","href":"https:\/\/api.w.org\/{rel}","templated":true}]}}