{"id":18912,"date":"2023-04-28T12:24:33","date_gmt":"2023-04-28T12:24:33","guid":{"rendered":"https:\/\/www.unavets.com\/delpla\/?page_id=18912"},"modified":"2023-04-28T12:30:04","modified_gmt":"2023-04-28T12:30:04","slug":"reproduccio-canina","status":"publish","type":"page","link":"https:\/\/www.unavets.com\/delpla\/ca\/reproduccio-canina\/","title":{"rendered":"Reproducci\u00f3 Canina"},"content":{"rendered":"\t\t<div data-elementor-type=\"wp-page\" data-elementor-id=\"18912\" class=\"elementor elementor-18912 elementor-18309\" data-elementor-post-type=\"page\">\n\t\t\t\t\t\t<section class=\"elementor-section elementor-top-section elementor-element elementor-element-3b7f1f2 elementor-section-boxed elementor-section-height-default elementor-section-height-default\" data-id=\"3b7f1f2\" data-element_type=\"section\" data-e-type=\"section\" id=\"main-sec\">\n\t\t\t\t\t\t<div class=\"elementor-container elementor-column-gap-default\">\n\t\t\t\t\t<div class=\"elementor-column elementor-col-100 elementor-top-column elementor-element elementor-element-138c88c\" data-id=\"138c88c\" data-element_type=\"column\" data-e-type=\"column\">\n\t\t\t<div class=\"elementor-widget-wrap elementor-element-populated\">\n\t\t\t\t\t\t<div class=\"elementor-element elementor-element-ec83cf0 elementor-widget elementor-widget-section_titleleft\" data-id=\"ec83cf0\" data-element_type=\"widget\" data-e-type=\"widget\" data-widget_type=\"section_titleleft.default\">\n\t\t\t\t<div class=\"elementor-widget-container\">\n\t\t\t\t\t        <div class=\"ab_text-title fl-wrap\">\n            <h3>REPRODUCCI\u00d3 CANINA PER INSEMINACI\u00d3 ARTIFICIAL<\/h3><span class=\"section-separator fl-sec-sep\"><\/span>        <\/div>\n        \t\t\t\t<\/div>\n\t\t\t\t<\/div>\n\t\t\t\t\t<\/div>\n\t\t<\/div>\n\t\t\t\t\t<\/div>\n\t\t<\/section>\n\t\t\t\t<section class=\"elementor-section elementor-top-section elementor-element elementor-element-d993722 elementor-section-boxed elementor-section-height-default elementor-section-height-default\" data-id=\"d993722\" data-element_type=\"section\" data-e-type=\"section\">\n\t\t\t\t\t\t<div class=\"elementor-container elementor-column-gap-default\">\n\t\t\t\t\t<div class=\"elementor-column elementor-col-100 elementor-top-column elementor-element elementor-element-065811d\" data-id=\"065811d\" data-element_type=\"column\" data-e-type=\"column\">\n\t\t\t<div class=\"elementor-widget-wrap elementor-element-populated\">\n\t\t\t\t\t\t<div class=\"elementor-element elementor-element-63d99ac elementor-widget elementor-widget-text-editor\" data-id=\"63d99ac\" data-element_type=\"widget\" data-e-type=\"widget\" data-widget_type=\"text-editor.default\">\n\t\t\t\t<div class=\"elementor-widget-container\">\n\t\t\t\t\t\t\t\t\t<p>La demanda d&#8217;inseminaci\u00f3 artificial en canins ha augmentat la seva import\u00e0ncia durant els \u00faltims anys. Aix\u00f2 \u00e9s pel fet que ajuda a criadors i veterinaris a millorar la reproducci\u00f3 en animals amb m\u00e8rit gen\u00e8tic, ja sigui per conservaci\u00f3 de la ra\u00e7a o de manera afectiva, sent una t\u00e8cnica cada vegada m\u00e9s demandada, tamb\u00e9 pels propietaris privats, que desitgen que les seves mascotes es reprodueixin sota un control veterinari i evitar aix\u00ed parts complicats, ces\u00e0ries o infertilitat.<\/p><p>La reproducci\u00f3 assistida \u00e9s la gesti\u00f3 de quatre elements fonamentals que s\u00f3n:<\/p><ul><li>Maneig del mascle reproductor<\/li><li>Maneig de la femella reproductora<\/li><li>Gesti\u00f3 del cobriment: munta o inseminaci\u00f3 artificial?<\/li><li>Maneig de la gestaci\u00f3 i el part o la ces\u00e0ria<\/li><\/ul><p>CLINICAN \u00fanic representant en exclusiva per a Espanya del sistema <strong><u> <a href=\"https:\/\/clone-espana.com\/\" target=\"_blank\" rel=\"noopener\">CLONE USA<\/a><\/u><\/strong> de congelaci\u00f3 i refrigeraci\u00f3 de semen can\u00ed.<\/p><p>Des de fa m\u00e9s de 30 anys, Ricard C\u00f3rdoba d&#8217;un dels centres UNAVETS Clinican a Girona, s&#8217;ha convertit en l&#8217;\u00fanic representant en exclusiva per a Espanya del sistema CLONI USA de congelaci\u00f3 i refrigeraci\u00f3 de semen can\u00ed. Aquest sistema exclusiu (KIT CLONI) t\u00e9 un r\u00e0tio d&#8217;efectivitat en la concepci\u00f3 que pot arribar fins a un 94,2%.<\/p><p>Una dels avantatges d&#8217;aquest sistema (exclusiu a Espanya en cl\u00ednica Clinican de UNAVETS a Girona) permet preparaci\u00f3 de semen refrigerat per a inseminacions a dist\u00e0ncia. D&#8217;aquesta manera ja no s\u00f3n necessaris els despla\u00e7aments amb la finalitat d&#8217;ajuntar dos exemplars separats geogr\u00e0ficament. Simplement amb un bon control del zel de la femella, mitjan\u00e7ant citologies vaginals i determinacions quantitatives de progesterona, amb la finalitat de saber el moment ideal, servir\u00e0 per a con\u00e8ixer el moment de rebre o enviar el semen preparat amb el KIT CLONI.<\/p><p>El semen descongelat pot arribar a sobreviure en capacitats fecundativas completes fins a 3 dies despr\u00e9s de la descongelaci\u00f3 (si es mant\u00e9 en refrigeraci\u00f3), degut a aquest efecte protector que exerceix sobre l&#8217;esperma l&#8217;exclusiu diluent.<\/p><p>El semen preparat amb els diluents CLONI millora la seva qualitat pel fet que, amb aquest m\u00e8tode, s&#8217;eliminen les subst\u00e0ncies i l\u00edquids que componen l&#8217;ejaculat, i conserva exclusivament els espermatozous perqu\u00e8 siguin dilu\u00efts amb els protectors dissenyats per CLONE.<\/p><p>Aquest servei \u00e9s possible a Espanya gr\u00e0cies a Ricard C\u00f3rdoba, veterinari no sols especialista en el sistema, sin\u00f3 l&#8217;expert que va fundar el primer banc d&#8217;esperma canina d&#8217;Espanya, la Unitat de Reproducci\u00f3 Canina de Catalunya en 1997. La seva sobrada experi\u00e8ncia ofereix a criadors resultats d&#8217;excel\u00b7lent qualitat<\/p>\t\t\t\t\t\t\t\t<\/div>\n\t\t\t\t<\/div>\n\t\t\t\t<div class=\"elementor-element elementor-element-6b0a3fa elementor-align-center elementor-widget elementor-widget-button\" data-id=\"6b0a3fa\" data-element_type=\"widget\" data-e-type=\"widget\" data-widget_type=\"button.default\">\n\t\t\t\t<div class=\"elementor-widget-container\">\n\t\t\t\t\t\t\t\t\t<div class=\"elementor-button-wrapper\">\n\t\t\t\t\t<a class=\"elementor-button elementor-button-link elementor-size-md\" href=\"https:\/\/www.unavets.com\/clinican\/ca\/contacte\/\">\n\t\t\t\t\t\t<span class=\"elementor-button-content-wrapper\">\n\t\t\t\t\t\t<span class=\"elementor-button-icon\">\n\t\t\t\t<i aria-hidden=\"true\" class=\"far fa-calendar-alt\"><\/i>\t\t\t<\/span>\n\t\t\t\t\t\t\t\t\t<span class=\"elementor-button-text\">Demana cita<\/span>\n\t\t\t\t\t<\/span>\n\t\t\t\t\t<\/a>\n\t\t\t\t<\/div>\n\t\t\t\t\t\t\t\t<\/div>\n\t\t\t\t<\/div>\n\t\t\t\t\t<\/div>\n\t\t<\/div>\n\t\t\t\t\t<\/div>\n\t\t<\/section>\n\t\t\t\t<section class=\"elementor-section elementor-top-section elementor-element elementor-element-8e37346 elementor-section-boxed elementor-section-height-default elementor-section-height-default\" data-id=\"8e37346\" data-element_type=\"section\" data-e-type=\"section\">\n\t\t\t\t\t\t<div class=\"elementor-container elementor-column-gap-default\">\n\t\t\t\t\t<div class=\"elementor-column elementor-col-33 elementor-top-column elementor-element elementor-element-be6f716\" data-id=\"be6f716\" data-element_type=\"column\" data-e-type=\"column\">\n\t\t\t<div class=\"elementor-widget-wrap elementor-element-populated\">\n\t\t\t\t\t\t<div class=\"elementor-element elementor-element-05311ff elementor-widget elementor-widget-image\" data-id=\"05311ff\" data-element_type=\"widget\" data-e-type=\"widget\" data-widget_type=\"image.default\">\n\t\t\t\t<div class=\"elementor-widget-container\">\n\t\t\t\t\t\t\t\t\t\t\t\t\t\t\t<img decoding=\"async\" src=\"https:\/\/www.unavets.com\/clinican\/wp-content\/uploads\/sites\/26\/2023\/04\/9.png\" title=\"\" alt=\"\" loading=\"lazy\" \/>\t\t\t\t\t\t\t\t\t\t\t\t\t\t\t<\/div>\n\t\t\t\t<\/div>\n\t\t\t\t\t<\/div>\n\t\t<\/div>\n\t\t\t\t<div class=\"elementor-column elementor-col-33 elementor-top-column elementor-element elementor-element-e7ccb38\" data-id=\"e7ccb38\" data-element_type=\"column\" data-e-type=\"column\">\n\t\t\t<div class=\"elementor-widget-wrap elementor-element-populated\">\n\t\t\t\t\t\t<div class=\"elementor-element elementor-element-a2a0960 elementor-widget elementor-widget-image\" data-id=\"a2a0960\" data-element_type=\"widget\" data-e-type=\"widget\" data-widget_type=\"image.default\">\n\t\t\t\t<div class=\"elementor-widget-container\">\n\t\t\t\t\t\t\t\t\t\t\t\t\t\t\t<img decoding=\"async\" src=\"https:\/\/www.unavets.com\/clinican\/wp-content\/uploads\/sites\/26\/2023\/04\/11.png\" title=\"\" alt=\"\" loading=\"lazy\" \/>\t\t\t\t\t\t\t\t\t\t\t\t\t\t\t<\/div>\n\t\t\t\t<\/div>\n\t\t\t\t\t<\/div>\n\t\t<\/div>\n\t\t\t\t<div class=\"elementor-column elementor-col-33 elementor-top-column elementor-element elementor-element-35da38d\" data-id=\"35da38d\" data-element_type=\"column\" data-e-type=\"column\">\n\t\t\t<div class=\"elementor-widget-wrap elementor-element-populated\">\n\t\t\t\t\t\t<div class=\"elementor-element elementor-element-f7afcb8 elementor-widget elementor-widget-image\" data-id=\"f7afcb8\" data-element_type=\"widget\" data-e-type=\"widget\" data-widget_type=\"image.default\">\n\t\t\t\t<div class=\"elementor-widget-container\">\n\t\t\t\t\t\t\t\t\t\t\t\t\t\t\t<img decoding=\"async\" src=\"https:\/\/www.unavets.com\/clinican\/wp-content\/uploads\/sites\/26\/2023\/04\/10.png\" title=\"\" alt=\"\" loading=\"lazy\" \/>\t\t\t\t\t\t\t\t\t\t\t\t\t\t\t<\/div>\n\t\t\t\t<\/div>\n\t\t\t\t\t<\/div>\n\t\t<\/div>\n\t\t\t\t\t<\/div>\n\t\t<\/section>\n\t\t\t\t<\/div>\n\t\t","protected":false},"excerpt":{"rendered":"<p>REPRODUCCI\u00d3 CANINA PER INSEMINACI\u00d3 ARTIFICIAL La demanda d&#8217;inseminaci\u00f3 artificial en canins ha augmentat la seva import\u00e0ncia durant els \u00faltims anys. Aix\u00f2 \u00e9s pel fet que ajuda a criadors i veterinaris a millorar la reproducci\u00f3 en animals amb m\u00e8rit gen\u00e8tic, ja sigui per conservaci\u00f3 de la ra\u00e7a o de manera afectiva, sent una t\u00e8cnica cada vegada &hellip; <\/p>\n","protected":false},"author":8,"featured_media":0,"parent":0,"menu_order":0,"comment_status":"closed","ping_status":"closed","template":"page-fullwidth.php","meta":{"_acf_changed":false,"content-type":"","footnotes":""},"class_list":["post-18912","page","type-page","status-publish","hentry"],"acf":[],"_links":{"self":[{"href":"https:\/\/www.unavets.com\/delpla\/ca\/wp-json\/wp\/v2\/pages\/18912","targetHints":{"allow":["GET"]}}],"collection":[{"href":"https:\/\/www.unavets.com\/delpla\/ca\/wp-json\/wp\/v2\/pages"}],"about":[{"href":"https:\/\/www.unavets.com\/delpla\/ca\/wp-json\/wp\/v2\/types\/page"}],"author":[{"embeddable":true,"href":"https:\/\/www.unavets.com\/delpla\/ca\/wp-json\/wp\/v2\/users\/8"}],"replies":[{"embeddable":true,"href":"https:\/\/www.unavets.com\/delpla\/ca\/wp-json\/wp\/v2\/comments?post=18912"}],"version-history":[{"count":0,"href":"https:\/\/www.unavets.com\/delpla\/ca\/wp-json\/wp\/v2\/pages\/18912\/revisions"}],"wp:attachment":[{"href":"https:\/\/www.unavets.com\/delpla\/ca\/wp-json\/wp\/v2\/media?parent=18912"}],"curies":[{"name":"wp","href":"https:\/\/api.w.org\/{rel}","templated":true}]}}