{"id":14586,"date":"2021-06-09T14:26:09","date_gmt":"2021-06-09T14:26:09","guid":{"rendered":"http:\/\/www.unavets.com\/delpla\/?page_id=14586"},"modified":"2023-04-28T12:12:06","modified_gmt":"2023-04-28T12:12:06","slug":"etologia","status":"publish","type":"page","link":"https:\/\/www.unavets.com\/delpla\/ca\/etologia\/","title":{"rendered":"Etologia"},"content":{"rendered":"\t\t<div data-elementor-type=\"wp-page\" data-elementor-id=\"14586\" class=\"elementor elementor-14586 elementor-14502\" data-elementor-post-type=\"page\">\n\t\t\t\t\t\t<section class=\"elementor-section elementor-top-section elementor-element elementor-element-3b7f1f2 elementor-section-boxed elementor-section-height-default elementor-section-height-default\" data-id=\"3b7f1f2\" data-element_type=\"section\" data-e-type=\"section\" id=\"main-sec\">\n\t\t\t\t\t\t<div class=\"elementor-container elementor-column-gap-default\">\n\t\t\t\t\t<div class=\"elementor-column elementor-col-100 elementor-top-column elementor-element elementor-element-138c88c\" data-id=\"138c88c\" data-element_type=\"column\" data-e-type=\"column\">\n\t\t\t<div class=\"elementor-widget-wrap elementor-element-populated\">\n\t\t\t\t\t\t<div class=\"elementor-element elementor-element-ec83cf0 elementor-widget elementor-widget-section_titleleft\" data-id=\"ec83cf0\" data-element_type=\"widget\" data-e-type=\"widget\" data-widget_type=\"section_titleleft.default\">\n\t\t\t\t<div class=\"elementor-widget-container\">\n\t\t\t\t\t        <div class=\"ab_text-title fl-wrap\">\n            Aquesta especialitat veterin\u00e0ria s\u2019ocupa de la prevenci\u00f3 i tractament de les malalties associades amb el tracte, comportament, nutrici\u00f3 i selecci\u00f3 gen\u00e8tica de gossos, gats i altres animals de companyia. <span class=\"section-separator fl-sec-sep\"><\/span>        <\/div>\n        \t\t\t\t<\/div>\n\t\t\t\t<\/div>\n\t\t\t\t\t<\/div>\n\t\t<\/div>\n\t\t\t\t\t<\/div>\n\t\t<\/section>\n\t\t\t\t<section class=\"elementor-section elementor-top-section elementor-element elementor-element-d993722 elementor-section-boxed elementor-section-height-default elementor-section-height-default\" data-id=\"d993722\" data-element_type=\"section\" data-e-type=\"section\">\n\t\t\t\t\t\t<div class=\"elementor-container elementor-column-gap-default\">\n\t\t\t\t\t<div class=\"elementor-column elementor-col-50 elementor-top-column elementor-element elementor-element-065811d\" data-id=\"065811d\" data-element_type=\"column\" data-e-type=\"column\">\n\t\t\t<div class=\"elementor-widget-wrap elementor-element-populated\">\n\t\t\t\t\t\t<div class=\"elementor-element elementor-element-63d99ac elementor-widget elementor-widget-text-editor\" data-id=\"63d99ac\" data-element_type=\"widget\" data-e-type=\"widget\" data-widget_type=\"text-editor.default\">\n\t\t\t\t<div class=\"elementor-widget-container\">\n\t\t\t\t\t\t\t\t\t<p>L&#8217;etologia \u00e9s l&#8217;estudi cient\u00edfic del comportament animal, normalment enfocat en el comportament en condicions naturals i entenent el comportament com a tret adaptatiu evolutiu. L&#8217;Etologia \u00e9s un camp que est\u00e0 creixent r\u00e0pidament. Entendre l&#8217;etologia o el comportament animal pot ser important en l&#8217;entrenament animal. Considerar els comportaments naturals de diferents esp\u00e8cies o races, permet als entrenadors seleccionar els m\u00e9s preparats per dur a terme una tasca determinada. Tamb\u00e9 permet als entrenadors encoratjar la conducta de comportaments naturals i la suspensi\u00f3 de comportaments no desitjats.<\/p>\n<p>Els veterinaris de Centre Veterinari del Pla, de Mollerussa, est\u00e0n enfocats tamb\u00e9 en la prevenci\u00f3 i el tractament dels trastorns associats amb el tracte, comportament, nutrici\u00f3 i selecci\u00f3 gen\u00e8tica de gossos, gats i altres animals de companyia. Molts dels comportaments anormals mostrats per les mascotes estan relacionats amb una patologia, com els gossos que es mostren agressius envers membres de la fam\u00edlia perqu\u00e8 pateixen dolor articular o epil\u00e8psia, que pateixen un trastorn endocr\u00ed com l&#8217;hipotiro\u00efdisme, gats que orinen fora del sorral o que tenen alop\u00e8cia a l&#8217;abdomen perqu\u00e8 tenen pedres al rony\u00f3, etc.<\/p>\t\t\t\t\t\t\t\t<\/div>\n\t\t\t\t<\/div>\n\t\t\t\t\t<\/div>\n\t\t<\/div>\n\t\t\t\t<div class=\"elementor-column elementor-col-50 elementor-top-column elementor-element elementor-element-2048e61\" data-id=\"2048e61\" data-element_type=\"column\" data-e-type=\"column\">\n\t\t\t<div class=\"elementor-widget-wrap elementor-element-populated\">\n\t\t\t\t\t\t<div class=\"elementor-element elementor-element-dc7c821 elementor-widget elementor-widget-image\" data-id=\"dc7c821\" data-element_type=\"widget\" data-e-type=\"widget\" data-widget_type=\"image.default\">\n\t\t\t\t<div class=\"elementor-widget-container\">\n\t\t\t\t\t\t\t\t\t\t\t\t\t\t\t<img fetchpriority=\"high\" width=\"724\" height=\"483\" class=\"attachment-large size-large wp-image-14473 lazy\" alt=\"\" data-src=\"https:\/\/www.unavets.com\/delpla\/wp-content\/uploads\/sites\/51\/2021\/06\/Ethology.jpg\" data-lazy=\"https:\/\/www.unavets.com\/delpla\/wp-content\/uploads\/sites\/51\/2021\/06\/Ethology.jpg\" \/>\t\t\t\t\t\t\t\t\t\t\t\t\t\t\t<\/div>\n\t\t\t\t<\/div>\n\t\t\t\t\t<\/div>\n\t\t<\/div>\n\t\t\t\t\t<\/div>\n\t\t<\/section>\n\t\t\t\t<section class=\"elementor-section elementor-top-section elementor-element elementor-element-c209a7a elementor-section-boxed elementor-section-height-default elementor-section-height-default\" data-id=\"c209a7a\" data-element_type=\"section\" data-e-type=\"section\">\n\t\t\t\t\t\t<div class=\"elementor-container elementor-column-gap-default\">\n\t\t\t\t\t<div class=\"elementor-column elementor-col-100 elementor-top-column elementor-element elementor-element-89393e2\" data-id=\"89393e2\" data-element_type=\"column\" data-e-type=\"column\">\n\t\t\t<div class=\"elementor-widget-wrap elementor-element-populated\">\n\t\t\t\t\t\t<div class=\"elementor-element elementor-element-b16ab66 elementor-widget elementor-widget-text-editor\" data-id=\"b16ab66\" data-element_type=\"widget\" data-e-type=\"widget\" data-widget_type=\"text-editor.default\">\n\t\t\t\t<div class=\"elementor-widget-container\">\n\t\t\t\t\t\t\t\t\t<p>En el tractament de problemes \u00e9s molt important respectar un per\u00edode adequat de socialitzaci\u00f3, deslletament, com introduir una nova mascota en una casa on ja hi viuen altres gats, problemes dels cadells per aprendre h\u00e0bits d&#8217;higiene, trastorns per separacions, estr\u00e8s en gats, enriquiment ambiental per gats i gossos, adaptaci\u00f3 al soroll, f\u00f2bies&#8230; totes aquestes alteracions o patologies s\u00f3n objecte d&#8217;aquesta especialitat i requereixen la consulta a un veterinari et\u00f2leg.<\/p>\t\t\t\t\t\t\t\t<\/div>\n\t\t\t\t<\/div>\n\t\t\t\t<div class=\"elementor-element elementor-element-362ea64 elementor-align-center elementor-widget elementor-widget-button\" data-id=\"362ea64\" data-element_type=\"widget\" data-e-type=\"widget\" data-widget_type=\"button.default\">\n\t\t\t\t<div class=\"elementor-widget-container\">\n\t\t\t\t\t\t\t\t\t<div class=\"elementor-button-wrapper\">\n\t\t\t\t\t<a class=\"elementor-button elementor-button-link elementor-size-md\" href=\"https:\/\/www.unavets.com\/clinican\/ca\/contacte\/\">\n\t\t\t\t\t\t<span class=\"elementor-button-content-wrapper\">\n\t\t\t\t\t\t<span class=\"elementor-button-icon\">\n\t\t\t\t<i aria-hidden=\"true\" class=\"far fa-calendar-alt\"><\/i>\t\t\t<\/span>\n\t\t\t\t\t\t\t\t\t<span class=\"elementor-button-text\">Demana Cita<\/span>\n\t\t\t\t\t<\/span>\n\t\t\t\t\t<\/a>\n\t\t\t\t<\/div>\n\t\t\t\t\t\t\t\t<\/div>\n\t\t\t\t<\/div>\n\t\t\t\t\t<\/div>\n\t\t<\/div>\n\t\t\t\t\t<\/div>\n\t\t<\/section>\n\t\t\t\t<\/div>\n\t\t","protected":false},"excerpt":{"rendered":"<p>Aquesta especialitat veterin\u00e0ria s\u2019ocupa de la prevenci\u00f3 i tractament de les malalties associades amb el tracte, comportament, nutrici\u00f3 i selecci\u00f3 gen\u00e8tica de gossos, gats i altres animals de companyia. L&#8217;etologia \u00e9s l&#8217;estudi cient\u00edfic del comportament animal, normalment enfocat en el comportament en condicions naturals i entenent el comportament com a tret adaptatiu evolutiu. L&#8217;Etologia \u00e9s &hellip; <\/p>\n","protected":false},"author":4,"featured_media":0,"parent":0,"menu_order":0,"comment_status":"closed","ping_status":"closed","template":"page-fullwidth.php","meta":{"_acf_changed":false,"content-type":"","footnotes":""},"class_list":["post-14586","page","type-page","status-publish","hentry"],"acf":[],"_links":{"self":[{"href":"https:\/\/www.unavets.com\/delpla\/ca\/wp-json\/wp\/v2\/pages\/14586","targetHints":{"allow":["GET"]}}],"collection":[{"href":"https:\/\/www.unavets.com\/delpla\/ca\/wp-json\/wp\/v2\/pages"}],"about":[{"href":"https:\/\/www.unavets.com\/delpla\/ca\/wp-json\/wp\/v2\/types\/page"}],"author":[{"embeddable":true,"href":"https:\/\/www.unavets.com\/delpla\/ca\/wp-json\/wp\/v2\/users\/4"}],"replies":[{"embeddable":true,"href":"https:\/\/www.unavets.com\/delpla\/ca\/wp-json\/wp\/v2\/comments?post=14586"}],"version-history":[{"count":0,"href":"https:\/\/www.unavets.com\/delpla\/ca\/wp-json\/wp\/v2\/pages\/14586\/revisions"}],"wp:attachment":[{"href":"https:\/\/www.unavets.com\/delpla\/ca\/wp-json\/wp\/v2\/media?parent=14586"}],"curies":[{"name":"wp","href":"https:\/\/api.w.org\/{rel}","templated":true}]}}