{"id":13547,"date":"2021-01-04T08:19:34","date_gmt":"2021-01-04T08:19:34","guid":{"rendered":"http:\/\/www.unavets.com\/delpla\/sobre-nosotras\/"},"modified":"2024-05-13T08:37:37","modified_gmt":"2024-05-13T08:37:37","slug":"qui-som","status":"publish","type":"page","link":"https:\/\/www.unavets.com\/delpla\/ca\/qui-som\/","title":{"rendered":"Qui som"},"content":{"rendered":"\t\t<div data-elementor-type=\"wp-page\" data-elementor-id=\"13547\" class=\"elementor elementor-13547 elementor-268\" data-elementor-post-type=\"page\">\n\t\t\t\t\t\t<section class=\"elementor-section elementor-top-section elementor-element elementor-element-54cf215 pad-top-0 elementor-section-boxed elementor-section-height-default elementor-section-height-default\" data-id=\"54cf215\" data-element_type=\"section\" data-e-type=\"section\" id=\"main-sec\" data-settings=\"{&quot;background_background&quot;:&quot;classic&quot;}\">\n\t\t\t\t\t\t<div class=\"elementor-container elementor-column-gap-default\">\n\t\t\t\t\t<div class=\"elementor-column elementor-col-100 elementor-top-column elementor-element elementor-element-d926441\" data-id=\"d926441\" data-element_type=\"column\" data-e-type=\"column\">\n\t\t\t<div class=\"elementor-widget-wrap elementor-element-populated\">\n\t\t\t\t\t\t<div class=\"elementor-element elementor-element-9725bcd elementor-widget elementor-widget-section_titleleft\" data-id=\"9725bcd\" data-element_type=\"widget\" data-e-type=\"widget\" data-widget_type=\"section_titleleft.default\">\n\t\t\t\t<div class=\"elementor-widget-container\">\n\t\t\t\t\t        <div class=\"ab_text-title fl-wrap\">\n            <h3>Centre Veterinari a Mollerussa \u2013 Pla d\u2019Urgell<\/h3>M\u00e9s de 30 anys vetllant per la salut i el benestar de qui m\u00e9s estimes<span class=\"section-separator fl-sec-sep\"><\/span>        <\/div>\n        \t\t\t\t<\/div>\n\t\t\t\t<\/div>\n\t\t\t\t<section class=\"elementor-section elementor-inner-section elementor-element elementor-element-35814f4 elementor-section-full_width elementor-section-height-default elementor-section-height-default\" data-id=\"35814f4\" data-element_type=\"section\" data-e-type=\"section\">\n\t\t\t\t\t\t<div class=\"elementor-container elementor-column-gap-wide\">\n\t\t\t\t\t<div class=\"elementor-column elementor-col-50 elementor-inner-column elementor-element elementor-element-7fa3f34\" data-id=\"7fa3f34\" data-element_type=\"column\" data-e-type=\"column\">\n\t\t\t<div class=\"elementor-widget-wrap elementor-element-populated\">\n\t\t\t\t\t\t<div class=\"elementor-element elementor-element-325951f elementor-widget elementor-widget-image\" data-id=\"325951f\" data-element_type=\"widget\" data-e-type=\"widget\" data-widget_type=\"image.default\">\n\t\t\t\t<div class=\"elementor-widget-container\">\n\t\t\t\t\t\t\t\t\t\t\t\t\t\t\t<img fetchpriority=\"high\" width=\"772\" height=\"515\" class=\"attachment-1536x1536 size-1536x1536 wp-image-20221 lazy\" alt=\"\" data-src=\"https:\/\/www.unavets.com\/delpla\/wp-content\/uploads\/sites\/51\/2024\/05\/del-pla-veterinaris-1.png\" data-lazy=\"https:\/\/www.unavets.com\/delpla\/wp-content\/uploads\/sites\/51\/2024\/05\/del-pla-veterinaris-1.png\" \/>\t\t\t\t\t\t\t\t\t\t\t\t\t\t\t<\/div>\n\t\t\t\t<\/div>\n\t\t\t\t\t<\/div>\n\t\t<\/div>\n\t\t\t\t<div class=\"elementor-column elementor-col-50 elementor-inner-column elementor-element elementor-element-202374d\" data-id=\"202374d\" data-element_type=\"column\" data-e-type=\"column\">\n\t\t\t<div class=\"elementor-widget-wrap elementor-element-populated\">\n\t\t\t\t\t\t<div class=\"elementor-element elementor-element-3b393ce about-wrap elementor-widget elementor-widget-text-editor\" data-id=\"3b393ce\" data-element_type=\"widget\" data-e-type=\"widget\" data-widget_type=\"text-editor.default\">\n\t\t\t\t<div class=\"elementor-widget-container\">\n\t\t\t\t\t\t\t\t\t<p>L&#8217;any 1992, el Centri\u00a0Veterinari\u00a0del Pla obria les seves portes amb un petit consultori en el centre de Mollerussa. Set anys m\u00e9s tard canviaria de local per a ampliar els seus serveis i convertir-se en la cl\u00ednica de refer\u00e8ncia de la zona.<br \/><br \/>Actualment compta amb un gran equip de professionals i ofereix serveis veterinaris per a gats, gossos, fures i animals ex\u00f2tics: medicina general i preventiva, serveis de diagn\u00f2stic, laboratori, imatge i cirurgia. A m\u00e9s, el centre disposa d&#8217;una botiga especialitzada amb tota mena de productes per a mascotes.<br \/><br \/>La cl\u00ednica disposa de les tecnologies i mitjans d&#8217;\u00faltima generaci\u00f3 amb l&#8217;objectiu de donar un servei personalitzat i de qualitat per a la salut del teu millor amic.<br \/><br \/>Vetllar per la cura i el benestar dels nostres pacients i assessorar-te en tots els aspectes de la seva vida \u00e9s la nostra ra\u00f3 de ser.<br \/><br \/>Veuen a veure&#8217;ns!<\/p>\t\t\t\t\t\t\t\t<\/div>\n\t\t\t\t<\/div>\n\t\t\t\t\t<\/div>\n\t\t<\/div>\n\t\t\t\t\t<\/div>\n\t\t<\/section>\n\t\t\t\t<section class=\"elementor-section elementor-inner-section elementor-element elementor-element-144cb92 elementor-section-boxed elementor-section-height-default elementor-section-height-default\" data-id=\"144cb92\" data-element_type=\"section\" data-e-type=\"section\">\n\t\t\t\t\t\t<div class=\"elementor-container elementor-column-gap-default\">\n\t\t\t\t\t<div class=\"elementor-column elementor-col-50 elementor-inner-column elementor-element elementor-element-fbc02a0\" data-id=\"fbc02a0\" data-element_type=\"column\" data-e-type=\"column\">\n\t\t\t<div class=\"elementor-widget-wrap elementor-element-populated\">\n\t\t\t\t\t\t<div class=\"elementor-element elementor-element-ecff51a elementor-align-center elementor-widget elementor-widget-button\" data-id=\"ecff51a\" data-element_type=\"widget\" data-e-type=\"widget\" data-widget_type=\"button.default\">\n\t\t\t\t<div class=\"elementor-widget-container\">\n\t\t\t\t\t\t\t\t\t<div class=\"elementor-button-wrapper\">\n\t\t\t\t\t<a class=\"elementor-button elementor-button-link elementor-size-sm\" href=\"https:\/\/www.unavets.com\/delpla\/ca\/instal-lacions\/\">\n\t\t\t\t\t\t<span class=\"elementor-button-content-wrapper\">\n\t\t\t\t\t\t\t\t\t<span class=\"elementor-button-text\">Instal\u00b7lacions<\/span>\n\t\t\t\t\t<\/span>\n\t\t\t\t\t<\/a>\n\t\t\t\t<\/div>\n\t\t\t\t\t\t\t\t<\/div>\n\t\t\t\t<\/div>\n\t\t\t\t\t<\/div>\n\t\t<\/div>\n\t\t\t\t<div class=\"elementor-column elementor-col-50 elementor-inner-column elementor-element elementor-element-b9c0147\" data-id=\"b9c0147\" data-element_type=\"column\" data-e-type=\"column\">\n\t\t\t<div class=\"elementor-widget-wrap elementor-element-populated\">\n\t\t\t\t\t\t<div class=\"elementor-element elementor-element-259d5ee elementor-align-center elementor-widget elementor-widget-button\" data-id=\"259d5ee\" data-element_type=\"widget\" data-e-type=\"widget\" data-widget_type=\"button.default\">\n\t\t\t\t<div class=\"elementor-widget-container\">\n\t\t\t\t\t\t\t\t\t<div class=\"elementor-button-wrapper\">\n\t\t\t\t\t<a class=\"elementor-button elementor-button-link elementor-size-sm\" href=\"https:\/\/www.unavets.com\/delpla\/ca\/nostre-equip\/\">\n\t\t\t\t\t\t<span class=\"elementor-button-content-wrapper\">\n\t\t\t\t\t\t\t\t\t<span class=\"elementor-button-text\">Equip<\/span>\n\t\t\t\t\t<\/span>\n\t\t\t\t\t<\/a>\n\t\t\t\t<\/div>\n\t\t\t\t\t\t\t\t<\/div>\n\t\t\t\t<\/div>\n\t\t\t\t\t<\/div>\n\t\t<\/div>\n\t\t\t\t\t<\/div>\n\t\t<\/section>\n\t\t\t\t\t<\/div>\n\t\t<\/div>\n\t\t\t\t\t<\/div>\n\t\t<\/section>\n\t\t\t\t<section class=\"elementor-section elementor-top-section elementor-element elementor-element-82da8b2 elementor-section-boxed elementor-section-height-default elementor-section-height-default\" data-id=\"82da8b2\" data-element_type=\"section\" data-e-type=\"section\">\n\t\t\t\t\t\t<div class=\"elementor-container elementor-column-gap-default\">\n\t\t\t\t\t<div class=\"elementor-column elementor-col-100 elementor-top-column elementor-element elementor-element-5e46e7d\" data-id=\"5e46e7d\" data-element_type=\"column\" data-e-type=\"column\">\n\t\t\t<div class=\"elementor-widget-wrap elementor-element-populated\">\n\t\t\t\t\t\t<div class=\"elementor-element elementor-element-be91f8c elementor-widget elementor-widget-gallery\" data-id=\"be91f8c\" data-element_type=\"widget\" data-e-type=\"widget\" data-settings=\"{&quot;columns&quot;:&quot;3&quot;,&quot;aspect_ratio&quot;:&quot;1:1&quot;,&quot;lazyload&quot;:&quot;yes&quot;,&quot;gallery_layout&quot;:&quot;grid&quot;,&quot;columns_tablet&quot;:2,&quot;columns_mobile&quot;:1,&quot;gap&quot;:{&quot;unit&quot;:&quot;px&quot;,&quot;size&quot;:10,&quot;sizes&quot;:[]},&quot;gap_tablet&quot;:{&quot;unit&quot;:&quot;px&quot;,&quot;size&quot;:10,&quot;sizes&quot;:[]},&quot;gap_mobile&quot;:{&quot;unit&quot;:&quot;px&quot;,&quot;size&quot;:10,&quot;sizes&quot;:[]},&quot;link_to&quot;:&quot;file&quot;,&quot;overlay_background&quot;:&quot;yes&quot;,&quot;content_hover_animation&quot;:&quot;fade-in&quot;}\" data-widget_type=\"gallery.default\">\n\t\t\t\t<div class=\"elementor-widget-container\">\n\t\t\t\t\t\t\t<div class=\"elementor-gallery__container\">\n\t\t\t\t\t\t\t<a class=\"e-gallery-item elementor-gallery-item elementor-animated-content\" href=\"https:\/\/www.unavets.com\/delpla\/wp-content\/uploads\/sites\/51\/2024\/05\/quienes-somos-del-pla2-1.jpg\" data-elementor-open-lightbox=\"yes\" data-elementor-lightbox-slideshow=\"be91f8c\" data-elementor-lightbox-title=\"quienes-somos-del-pla2.jpg\" data-e-action-hash=\"#elementor-action%3Aaction%3Dlightbox%26settings%3DeyJpZCI6MjAxOTgsInVybCI6Imh0dHBzOlwvXC93d3cudW5hdmV0cy5jb21cL2RlbHBsYVwvd3AtY29udGVudFwvdXBsb2Fkc1wvc2l0ZXNcLzUxXC8yMDI0XC8wNVwvcXVpZW5lcy1zb21vcy1kZWwtcGxhMi0xLmpwZyIsInNsaWRlc2hvdyI6ImJlOTFmOGMifQ%3D%3D\">\n\t\t\t\t\t<div class=\"e-gallery-image elementor-gallery-item__image\" data-thumbnail=\"https:\/\/www.unavets.com\/delpla\/wp-content\/uploads\/sites\/51\/2024\/05\/quienes-somos-del-pla2-1.jpg\" data-width=\"724\" data-height=\"483\" aria-label=\"\" role=\"img\" ><\/div>\n\t\t\t\t\t\t\t\t\t\t\t<div class=\"elementor-gallery-item__overlay\"><\/div>\n\t\t\t\t\t\t\t\t\t\t\t\t\t\t<\/a>\n\t\t\t\t\t\t\t<a class=\"e-gallery-item elementor-gallery-item elementor-animated-content\" href=\"https:\/\/www.unavets.com\/delpla\/wp-content\/uploads\/sites\/51\/2024\/05\/UNAVETS-06162-1.jpg\" data-elementor-open-lightbox=\"yes\" data-elementor-lightbox-slideshow=\"be91f8c\" data-elementor-lightbox-title=\"UNAVETS-06162.jpg\" data-e-action-hash=\"#elementor-action%3Aaction%3Dlightbox%26settings%3DeyJpZCI6MTk5NjEsInVybCI6Imh0dHBzOlwvXC93d3cudW5hdmV0cy5jb21cL2RlbHBsYVwvd3AtY29udGVudFwvdXBsb2Fkc1wvc2l0ZXNcLzUxXC8yMDI0XC8wNVwvVU5BVkVUUy0wNjE2Mi0xLmpwZyIsInNsaWRlc2hvdyI6ImJlOTFmOGMifQ%3D%3D\">\n\t\t\t\t\t<div class=\"e-gallery-image elementor-gallery-item__image\" data-thumbnail=\"https:\/\/www.unavets.com\/delpla\/wp-content\/uploads\/sites\/51\/2024\/05\/UNAVETS-06162-1.jpg\" data-width=\"724\" data-height=\"483\" aria-label=\"\" role=\"img\" ><\/div>\n\t\t\t\t\t\t\t\t\t\t\t<div class=\"elementor-gallery-item__overlay\"><\/div>\n\t\t\t\t\t\t\t\t\t\t\t\t\t\t<\/a>\n\t\t\t\t\t\t\t<a class=\"e-gallery-item elementor-gallery-item elementor-animated-content\" href=\"https:\/\/www.unavets.com\/delpla\/wp-content\/uploads\/sites\/51\/2024\/05\/oftalmologia-del-pla-1.jpg\" data-elementor-open-lightbox=\"yes\" data-elementor-lightbox-slideshow=\"be91f8c\" data-elementor-lightbox-title=\"oftalmologia-del-pla.jpg\" data-e-action-hash=\"#elementor-action%3Aaction%3Dlightbox%26settings%3DeyJpZCI6MjAyMDEsInVybCI6Imh0dHBzOlwvXC93d3cudW5hdmV0cy5jb21cL2RlbHBsYVwvd3AtY29udGVudFwvdXBsb2Fkc1wvc2l0ZXNcLzUxXC8yMDI0XC8wNVwvb2Z0YWxtb2xvZ2lhLWRlbC1wbGEtMS5qcGciLCJzbGlkZXNob3ciOiJiZTkxZjhjIn0%3D\">\n\t\t\t\t\t<div class=\"e-gallery-image elementor-gallery-item__image\" data-thumbnail=\"https:\/\/www.unavets.com\/delpla\/wp-content\/uploads\/sites\/51\/2024\/05\/oftalmologia-del-pla-1.jpg\" data-width=\"724\" data-height=\"483\" aria-label=\"\" role=\"img\" ><\/div>\n\t\t\t\t\t\t\t\t\t\t\t<div class=\"elementor-gallery-item__overlay\"><\/div>\n\t\t\t\t\t\t\t\t\t\t\t\t\t\t<\/a>\n\t\t\t\t\t\t\t<a class=\"e-gallery-item elementor-gallery-item elementor-animated-content\" href=\"https:\/\/www.unavets.com\/delpla\/wp-content\/uploads\/sites\/51\/2024\/05\/laboratorio-del-pla-3-1.jpg\" data-elementor-open-lightbox=\"yes\" data-elementor-lightbox-slideshow=\"be91f8c\" data-elementor-lightbox-title=\"laboratorio-del-pla-3.jpg\" data-e-action-hash=\"#elementor-action%3Aaction%3Dlightbox%26settings%3DeyJpZCI6MTk5NzAsInVybCI6Imh0dHBzOlwvXC93d3cudW5hdmV0cy5jb21cL2RlbHBsYVwvd3AtY29udGVudFwvdXBsb2Fkc1wvc2l0ZXNcLzUxXC8yMDI0XC8wNVwvbGFib3JhdG9yaW8tZGVsLXBsYS0zLTEuanBnIiwic2xpZGVzaG93IjoiYmU5MWY4YyJ9\">\n\t\t\t\t\t<div class=\"e-gallery-image elementor-gallery-item__image\" data-thumbnail=\"https:\/\/www.unavets.com\/delpla\/wp-content\/uploads\/sites\/51\/2024\/05\/laboratorio-del-pla-3-1.jpg\" data-width=\"724\" data-height=\"483\" aria-label=\"\" role=\"img\" ><\/div>\n\t\t\t\t\t\t\t\t\t\t\t<div class=\"elementor-gallery-item__overlay\"><\/div>\n\t\t\t\t\t\t\t\t\t\t\t\t\t\t<\/a>\n\t\t\t\t\t\t\t<a class=\"e-gallery-item elementor-gallery-item elementor-animated-content\" href=\"https:\/\/www.unavets.com\/delpla\/wp-content\/uploads\/sites\/51\/2024\/05\/medicina-general-del-pla2_quienes-somos-1.jpg\" data-elementor-open-lightbox=\"yes\" data-elementor-lightbox-slideshow=\"be91f8c\" data-elementor-lightbox-title=\"medicina-general-del-pla2_quienes-somos.jpg\" data-e-action-hash=\"#elementor-action%3Aaction%3Dlightbox%26settings%3DeyJpZCI6MjAyMDQsInVybCI6Imh0dHBzOlwvXC93d3cudW5hdmV0cy5jb21cL2RlbHBsYVwvd3AtY29udGVudFwvdXBsb2Fkc1wvc2l0ZXNcLzUxXC8yMDI0XC8wNVwvbWVkaWNpbmEtZ2VuZXJhbC1kZWwtcGxhMl9xdWllbmVzLXNvbW9zLTEuanBnIiwic2xpZGVzaG93IjoiYmU5MWY4YyJ9\">\n\t\t\t\t\t<div class=\"e-gallery-image elementor-gallery-item__image\" data-thumbnail=\"https:\/\/www.unavets.com\/delpla\/wp-content\/uploads\/sites\/51\/2024\/05\/medicina-general-del-pla2_quienes-somos-1.jpg\" data-width=\"724\" data-height=\"483\" aria-label=\"\" role=\"img\" ><\/div>\n\t\t\t\t\t\t\t\t\t\t\t<div class=\"elementor-gallery-item__overlay\"><\/div>\n\t\t\t\t\t\t\t\t\t\t\t\t\t\t<\/a>\n\t\t\t\t\t\t\t<a class=\"e-gallery-item elementor-gallery-item elementor-animated-content\" href=\"https:\/\/www.unavets.com\/delpla\/wp-content\/uploads\/sites\/51\/2024\/05\/del-pla-instalaciones-3-1.jpg\" data-elementor-open-lightbox=\"yes\" data-elementor-lightbox-slideshow=\"be91f8c\" data-elementor-lightbox-title=\"del-pla-instalaciones-3.jpg\" data-e-action-hash=\"#elementor-action%3Aaction%3Dlightbox%26settings%3DeyJpZCI6MTk5NjQsInVybCI6Imh0dHBzOlwvXC93d3cudW5hdmV0cy5jb21cL2RlbHBsYVwvd3AtY29udGVudFwvdXBsb2Fkc1wvc2l0ZXNcLzUxXC8yMDI0XC8wNVwvZGVsLXBsYS1pbnN0YWxhY2lvbmVzLTMtMS5qcGciLCJzbGlkZXNob3ciOiJiZTkxZjhjIn0%3D\">\n\t\t\t\t\t<div class=\"e-gallery-image elementor-gallery-item__image\" data-thumbnail=\"https:\/\/www.unavets.com\/delpla\/wp-content\/uploads\/sites\/51\/2024\/05\/del-pla-instalaciones-3-1.jpg\" data-width=\"724\" data-height=\"483\" aria-label=\"\" role=\"img\" ><\/div>\n\t\t\t\t\t\t\t\t\t\t\t<div class=\"elementor-gallery-item__overlay\"><\/div>\n\t\t\t\t\t\t\t\t\t\t\t\t\t\t<\/a>\n\t\t\t\t\t<\/div>\n\t\t\t\t\t<\/div>\n\t\t\t\t<\/div>\n\t\t\t\t\t<\/div>\n\t\t<\/div>\n\t\t\t\t\t<\/div>\n\t\t<\/section>\n\t\t\t\t<\/div>\n\t\t","protected":false},"excerpt":{"rendered":"<p>Centre Veterinari a Mollerussa \u2013 Pla d\u2019Urgell M\u00e9s de 30 anys vetllant per la salut i el benestar de qui m\u00e9s estimes L&#8217;any 1992, el Centri\u00a0Veterinari\u00a0del Pla obria les seves portes amb un petit consultori en el centre de Mollerussa. Set anys m\u00e9s tard canviaria de local per a ampliar els seus serveis i convertir-se &hellip; <\/p>\n","protected":false},"author":1,"featured_media":0,"parent":0,"menu_order":0,"comment_status":"closed","ping_status":"closed","template":"page-fullwidth.php","meta":{"_acf_changed":false,"content-type":"","footnotes":""},"class_list":["post-13547","page","type-page","status-publish","hentry"],"acf":[],"_links":{"self":[{"href":"https:\/\/www.unavets.com\/delpla\/ca\/wp-json\/wp\/v2\/pages\/13547","targetHints":{"allow":["GET"]}}],"collection":[{"href":"https:\/\/www.unavets.com\/delpla\/ca\/wp-json\/wp\/v2\/pages"}],"about":[{"href":"https:\/\/www.unavets.com\/delpla\/ca\/wp-json\/wp\/v2\/types\/page"}],"author":[{"embeddable":true,"href":"https:\/\/www.unavets.com\/delpla\/ca\/wp-json\/wp\/v2\/users\/1"}],"replies":[{"embeddable":true,"href":"https:\/\/www.unavets.com\/delpla\/ca\/wp-json\/wp\/v2\/comments?post=13547"}],"version-history":[{"count":8,"href":"https:\/\/www.unavets.com\/delpla\/ca\/wp-json\/wp\/v2\/pages\/13547\/revisions"}],"predecessor-version":[{"id":20229,"href":"https:\/\/www.unavets.com\/delpla\/ca\/wp-json\/wp\/v2\/pages\/13547\/revisions\/20229"}],"wp:attachment":[{"href":"https:\/\/www.unavets.com\/delpla\/ca\/wp-json\/wp\/v2\/media?parent=13547"}],"curies":[{"name":"wp","href":"https:\/\/api.w.org\/{rel}","templated":true}]}}