{"id":13079,"date":"2021-01-08T14:44:36","date_gmt":"2021-01-08T14:44:36","guid":{"rendered":"http:\/\/www.unavets.com\/delpla\/?page_id=13079"},"modified":"2024-05-14T11:03:10","modified_gmt":"2024-05-14T11:03:10","slug":"neurologia","status":"publish","type":"page","link":"https:\/\/www.unavets.com\/delpla\/ca\/neurologia\/","title":{"rendered":"Neurologia"},"content":{"rendered":"\t\t<div data-elementor-type=\"wp-page\" data-elementor-id=\"13079\" class=\"elementor elementor-13079 elementor-1134\" data-elementor-post-type=\"page\">\n\t\t\t\t\t\t<section class=\"elementor-section elementor-top-section elementor-element elementor-element-3b7f1f2 elementor-section-boxed elementor-section-height-default elementor-section-height-default\" data-id=\"3b7f1f2\" data-element_type=\"section\" data-e-type=\"section\" id=\"main-sec\">\n\t\t\t\t\t\t<div class=\"elementor-container elementor-column-gap-default\">\n\t\t\t\t\t<div class=\"elementor-column elementor-col-100 elementor-top-column elementor-element elementor-element-138c88c\" data-id=\"138c88c\" data-element_type=\"column\" data-e-type=\"column\">\n\t\t\t<div class=\"elementor-widget-wrap elementor-element-populated\">\n\t\t\t\t\t\t<div class=\"elementor-element elementor-element-ec83cf0 elementor-widget elementor-widget-section_titleleft\" data-id=\"ec83cf0\" data-element_type=\"widget\" data-e-type=\"widget\" data-widget_type=\"section_titleleft.default\">\n\t\t\t\t<div class=\"elementor-widget-container\">\n\t\t\t\t\t        <div class=\"ab_text-title fl-wrap\">\n            La neurologia s'encarrega de la diagnosi i tractament de les malalties que afecten el sistema nervi\u00f3s. <span class=\"section-separator fl-sec-sep\"><\/span>        <\/div>\n        \t\t\t\t<\/div>\n\t\t\t\t<\/div>\n\t\t\t\t\t<\/div>\n\t\t<\/div>\n\t\t\t\t\t<\/div>\n\t\t<\/section>\n\t\t\t\t<section class=\"elementor-section elementor-top-section elementor-element elementor-element-d993722 elementor-section-boxed elementor-section-height-default elementor-section-height-default\" data-id=\"d993722\" data-element_type=\"section\" data-e-type=\"section\">\n\t\t\t\t\t\t<div class=\"elementor-container elementor-column-gap-default\">\n\t\t\t\t\t<div class=\"elementor-column elementor-col-50 elementor-top-column elementor-element elementor-element-065811d\" data-id=\"065811d\" data-element_type=\"column\" data-e-type=\"column\">\n\t\t\t<div class=\"elementor-widget-wrap elementor-element-populated\">\n\t\t\t\t\t\t<div class=\"elementor-element elementor-element-63d99ac elementor-widget elementor-widget-text-editor\" data-id=\"63d99ac\" data-element_type=\"widget\" data-e-type=\"widget\" data-widget_type=\"text-editor.default\">\n\t\t\t\t<div class=\"elementor-widget-container\">\n\t\t\t\t\t\t\t\t\t<p>En Centre Veterinari del Pla de Mollerussa som especialistes en neurologia. Les malalties neurol\u00f2giques afecten tant el sistema nervi\u00f3s central (format per l&#8217;enc\u00e8fal i la medul\u00b7la espinal) com el sistema nervi\u00f3s perif\u00e8ric (format pels nervis que connecten el sistema nervi\u00f3s central amb els \u00f2rgans receptors).<\/p><p>Entre els s\u00edmptomes que poden tenir origen neurol\u00f2gic es troben:<\/p><ul><li>Par\u00e8sia: abs\u00e8ncia parcial de moviment voluntari d&#8217;una o m\u00e9s extremitats.<\/li><li>Par\u00e0lisi: abs\u00e8ncia total de moviment voluntari d&#8217;una o m\u00e9s extremitats.<\/li><li>At\u00e0xia i descoordinaci\u00f3<\/li><li>Tremolors<\/li><li>P\u00e8rdua d&#8217;equilibri, inclinaci\u00f3 del cap<\/li><li>Comportaments an\u00f2mals<\/li><li>Depressi\u00f3 de l&#8217;estat cognitiu<\/li><li>Convulsions<\/li><\/ul>\t\t\t\t\t\t\t\t<\/div>\n\t\t\t\t<\/div>\n\t\t\t\t\t<\/div>\n\t\t<\/div>\n\t\t\t\t<div class=\"elementor-column elementor-col-50 elementor-top-column elementor-element elementor-element-2048e61\" data-id=\"2048e61\" data-element_type=\"column\" data-e-type=\"column\">\n\t\t\t<div class=\"elementor-widget-wrap elementor-element-populated\">\n\t\t\t\t\t\t<div class=\"elementor-element elementor-element-dc7c821 elementor-widget elementor-widget-image\" data-id=\"dc7c821\" data-element_type=\"widget\" data-e-type=\"widget\" data-widget_type=\"image.default\">\n\t\t\t\t<div class=\"elementor-widget-container\">\n\t\t\t\t\t\t\t\t\t\t\t\t\t\t\t<img fetchpriority=\"high\" width=\"500\" height=\"333\" class=\"attachment-large size-large wp-image-486 lazy\" alt=\"\" data-src=\"https:\/\/www.unavets.com\/delpla\/wp-content\/uploads\/sites\/51\/2020\/10\/Depositphotos_19143729_original-1.jpg\" data-lazy=\"https:\/\/www.unavets.com\/delpla\/wp-content\/uploads\/sites\/51\/2020\/10\/Depositphotos_19143729_original-1.jpg\" \/>\t\t\t\t\t\t\t\t\t\t\t\t\t\t\t<\/div>\n\t\t\t\t<\/div>\n\t\t\t\t<div class=\"elementor-element elementor-element-e045e6f elementor-align-center elementor-widget elementor-widget-button\" data-id=\"e045e6f\" data-element_type=\"widget\" data-e-type=\"widget\" data-widget_type=\"button.default\">\n\t\t\t\t<div class=\"elementor-widget-container\">\n\t\t\t\t\t\t\t\t\t<div class=\"elementor-button-wrapper\">\n\t\t\t\t\t<a class=\"elementor-button elementor-button-link elementor-size-md\" href=\"tel:%20973%20711%20944\">\n\t\t\t\t\t\t<span class=\"elementor-button-content-wrapper\">\n\t\t\t\t\t\t<span class=\"elementor-button-icon\">\n\t\t\t\t<i aria-hidden=\"true\" class=\"far fa-calendar-alt\"><\/i>\t\t\t<\/span>\n\t\t\t\t\t\t\t\t\t<span class=\"elementor-button-text\">Demana cita<\/span>\n\t\t\t\t\t<\/span>\n\t\t\t\t\t<\/a>\n\t\t\t\t<\/div>\n\t\t\t\t\t\t\t\t<\/div>\n\t\t\t\t<\/div>\n\t\t\t\t\t<\/div>\n\t\t<\/div>\n\t\t\t\t\t<\/div>\n\t\t<\/section>\n\t\t\t\t<\/div>\n\t\t","protected":false},"excerpt":{"rendered":"<p>La neurologia s&#8217;encarrega de la diagnosi i tractament de les malalties que afecten el sistema nervi\u00f3s. En de som especialistes en neurologia. Les malalties neurol\u00f2giques afecten tant el sistema nervi\u00f3s central (format per l&#8217;enc\u00e8fal i la medul\u00b7la espinal) com el sistema nervi\u00f3s perif\u00e8ric (format pels nervis que connecten el sistema nervi\u00f3s central amb els \u00f2rgans &hellip; <\/p>\n","protected":false},"author":1,"featured_media":0,"parent":0,"menu_order":0,"comment_status":"closed","ping_status":"closed","template":"page-fullwidth.php","meta":{"_acf_changed":false,"content-type":"","footnotes":""},"class_list":["post-13079","page","type-page","status-publish","hentry"],"acf":[],"_links":{"self":[{"href":"https:\/\/www.unavets.com\/delpla\/ca\/wp-json\/wp\/v2\/pages\/13079","targetHints":{"allow":["GET"]}}],"collection":[{"href":"https:\/\/www.unavets.com\/delpla\/ca\/wp-json\/wp\/v2\/pages"}],"about":[{"href":"https:\/\/www.unavets.com\/delpla\/ca\/wp-json\/wp\/v2\/types\/page"}],"author":[{"embeddable":true,"href":"https:\/\/www.unavets.com\/delpla\/ca\/wp-json\/wp\/v2\/users\/1"}],"replies":[{"embeddable":true,"href":"https:\/\/www.unavets.com\/delpla\/ca\/wp-json\/wp\/v2\/comments?post=13079"}],"version-history":[{"count":4,"href":"https:\/\/www.unavets.com\/delpla\/ca\/wp-json\/wp\/v2\/pages\/13079\/revisions"}],"predecessor-version":[{"id":20514,"href":"https:\/\/www.unavets.com\/delpla\/ca\/wp-json\/wp\/v2\/pages\/13079\/revisions\/20514"}],"wp:attachment":[{"href":"https:\/\/www.unavets.com\/delpla\/ca\/wp-json\/wp\/v2\/media?parent=13079"}],"curies":[{"name":"wp","href":"https:\/\/api.w.org\/{rel}","templated":true}]}}