{"id":13073,"date":"2021-01-08T14:37:26","date_gmt":"2021-01-08T14:37:26","guid":{"rendered":"http:\/\/www.unavets.com\/delpla\/?page_id=13073"},"modified":"2023-04-28T11:51:17","modified_gmt":"2023-04-28T11:51:17","slug":"endoscopia","status":"publish","type":"page","link":"https:\/\/www.unavets.com\/delpla\/ca\/endoscopia\/","title":{"rendered":"Endosc\u00f2pia"},"content":{"rendered":"\t\t<div data-elementor-type=\"wp-page\" data-elementor-id=\"13073\" class=\"elementor elementor-13073\" data-elementor-post-type=\"page\">\n\t\t\t\t\t\t<section class=\"elementor-section elementor-top-section elementor-element elementor-element-3b7f1f2 elementor-section-boxed elementor-section-height-default elementor-section-height-default\" data-id=\"3b7f1f2\" data-element_type=\"section\" data-e-type=\"section\" id=\"main-sec\">\n\t\t\t\t\t\t<div class=\"elementor-container elementor-column-gap-default\">\n\t\t\t\t\t<div class=\"elementor-column elementor-col-100 elementor-top-column elementor-element elementor-element-138c88c\" data-id=\"138c88c\" data-element_type=\"column\" data-e-type=\"column\">\n\t\t\t<div class=\"elementor-widget-wrap elementor-element-populated\">\n\t\t\t\t\t\t<div class=\"elementor-element elementor-element-ec83cf0 elementor-widget elementor-widget-section_titleleft\" data-id=\"ec83cf0\" data-element_type=\"widget\" data-e-type=\"widget\" data-widget_type=\"section_titleleft.default\">\n\t\t\t\t<div class=\"elementor-widget-container\">\n\t\t\t\t\t        <div class=\"ab_text-title fl-wrap\">\n            En Centre Veterinari del Pla  oferim un servei especialitzat d'endosc\u00f2pia diagn\u00f2stica i de cirurgia endosc\u00f2pica en nostra cl\u00ednica de Lleida.\n<span class=\"section-separator fl-sec-sep\"><\/span>        <\/div>\n        \t\t\t\t<\/div>\n\t\t\t\t<\/div>\n\t\t\t\t\t<\/div>\n\t\t<\/div>\n\t\t\t\t\t<\/div>\n\t\t<\/section>\n\t\t\t\t<section class=\"elementor-section elementor-top-section elementor-element elementor-element-d993722 elementor-section-boxed elementor-section-height-default elementor-section-height-default\" data-id=\"d993722\" data-element_type=\"section\" data-e-type=\"section\">\n\t\t\t\t\t\t<div class=\"elementor-container elementor-column-gap-default\">\n\t\t\t\t\t<div class=\"elementor-column elementor-col-50 elementor-top-column elementor-element elementor-element-065811d\" data-id=\"065811d\" data-element_type=\"column\" data-e-type=\"column\">\n\t\t\t<div class=\"elementor-widget-wrap elementor-element-populated\">\n\t\t\t\t\t\t<div class=\"elementor-element elementor-element-63d99ac elementor-widget elementor-widget-text-editor\" data-id=\"63d99ac\" data-element_type=\"widget\" data-e-type=\"widget\" data-widget_type=\"text-editor.default\">\n\t\t\t\t<div class=\"elementor-widget-container\">\n\t\t\t\t\t\t\t\t\t<p>L&#8217;endosc\u00f2pia \u00e9s un procediment\u00a0en qu\u00e8\u00a0s&#8217;introdueix un tub \u2013prove\u00eft de c\u00e0mera i llum\u2013, a trav\u00e9s dels orificis naturals de l&#8217;organisme, com ara les vies respirat\u00f2ries, el tracte intestinal o a trav\u00e9s d&#8217;incisions quir\u00fargiques, per tal d&#8217;observar les cavitats internes del cos. Al mateix temps, es poden fer servir instruments per realitzar cirurgies m\u00ednimament invasives (cauteritzaci\u00f3 de teixits, extirpaci\u00f3 de quists, p\u00f2lips o tumors).<\/p><p>L&#8217;endosc\u00f2pia requereix anest\u00e8sia, per tant, no produeix dolor o trauma per a la mascota. Es pot utilitzar per explorar el nas, les orelles, el sistema digestiu, el sistema respiratori, el sistema reproductiu i el sistema urinari.<\/p>\t\t\t\t\t\t\t\t<\/div>\n\t\t\t\t<\/div>\n\t\t\t\t<div class=\"elementor-element elementor-element-b6b6db7 elementor-align-center elementor-widget elementor-widget-button\" data-id=\"b6b6db7\" data-element_type=\"widget\" data-e-type=\"widget\" data-widget_type=\"button.default\">\n\t\t\t\t<div class=\"elementor-widget-container\">\n\t\t\t\t\t\t\t\t\t<div class=\"elementor-button-wrapper\">\n\t\t\t\t\t<a class=\"elementor-button elementor-button-link elementor-size-md\" href=\"https:\/\/www.unavets.com\/clinican\/ca\/contacte\/\">\n\t\t\t\t\t\t<span class=\"elementor-button-content-wrapper\">\n\t\t\t\t\t\t<span class=\"elementor-button-icon\">\n\t\t\t\t<i aria-hidden=\"true\" class=\"far fa-calendar-alt\"><\/i>\t\t\t<\/span>\n\t\t\t\t\t\t\t\t\t<span class=\"elementor-button-text\">Demana cita<\/span>\n\t\t\t\t\t<\/span>\n\t\t\t\t\t<\/a>\n\t\t\t\t<\/div>\n\t\t\t\t\t\t\t\t<\/div>\n\t\t\t\t<\/div>\n\t\t\t\t\t<\/div>\n\t\t<\/div>\n\t\t\t\t<div class=\"elementor-column elementor-col-50 elementor-top-column elementor-element elementor-element-2048e61\" data-id=\"2048e61\" data-element_type=\"column\" data-e-type=\"column\">\n\t\t\t<div class=\"elementor-widget-wrap elementor-element-populated\">\n\t\t\t\t\t\t<div class=\"elementor-element elementor-element-dc7c821 elementor-widget elementor-widget-image\" data-id=\"dc7c821\" data-element_type=\"widget\" data-e-type=\"widget\" data-widget_type=\"image.default\">\n\t\t\t\t<div class=\"elementor-widget-container\">\n\t\t\t\t\t\t\t\t\t\t\t\t\t\t\t<img fetchpriority=\"high\" width=\"500\" height=\"333\" class=\"attachment-large size-large wp-image-447 lazy\" alt=\"\" data-src=\"https:\/\/www.unavets.com\/delpla\/wp-content\/uploads\/sites\/51\/2020\/10\/shutterstock_503391556-1.jpg\" data-lazy=\"https:\/\/www.unavets.com\/delpla\/wp-content\/uploads\/sites\/51\/2020\/10\/shutterstock_503391556-1.jpg\" \/>\t\t\t\t\t\t\t\t\t\t\t\t\t\t\t<\/div>\n\t\t\t\t<\/div>\n\t\t\t\t\t<\/div>\n\t\t<\/div>\n\t\t\t\t\t<\/div>\n\t\t<\/section>\n\t\t\t\t<section class=\"elementor-section elementor-top-section elementor-element elementor-element-1b61ff8 elementor-section-boxed elementor-section-height-default elementor-section-height-default\" data-id=\"1b61ff8\" data-element_type=\"section\" data-e-type=\"section\">\n\t\t\t\t\t\t<div class=\"elementor-container elementor-column-gap-default\">\n\t\t\t\t\t<div class=\"elementor-column elementor-col-100 elementor-top-column elementor-element elementor-element-ec7ca96\" data-id=\"ec7ca96\" data-element_type=\"column\" data-e-type=\"column\">\n\t\t\t<div class=\"elementor-widget-wrap elementor-element-populated\">\n\t\t\t\t\t\t<div class=\"elementor-element elementor-element-c2a0a06 elementor-widget elementor-widget-section_titleleft\" data-id=\"c2a0a06\" data-element_type=\"widget\" data-e-type=\"widget\" data-widget_type=\"section_titleleft.default\">\n\t\t\t\t<div class=\"elementor-widget-container\">\n\t\t\t\t\t        <div class=\"ab_text-title fl-wrap\">\n            <h3>Quan es considera realitzar una endosc\u00f2pia?<\/h3>Es pot utilitzar per entendre la causa dels esternuts, v\u00f2mits, diarrea o problemes urinaris de l'animal i es pot utilitzar per extreure coses del nas, els pulmons, l'est\u00f3mac o l'es\u00f2fag sense haver de practicar una dolorosa cirurgia.\n\nEl temps de recuperaci\u00f3 \u00e9s immediat, aix\u00ed que un cop realitzada, la mascota pot reprendre la seva vida quotidiana a l'instant.        <\/div>\n        \t\t\t\t<\/div>\n\t\t\t\t<\/div>\n\t\t\t\t\t<\/div>\n\t\t<\/div>\n\t\t\t\t\t<\/div>\n\t\t<\/section>\n\t\t\t\t<\/div>\n\t\t","protected":false},"excerpt":{"rendered":"<p>En oferim un servei especialitzat d&#8217;endosc\u00f2pia diagn\u00f2stica i de cirurgia endosc\u00f2pica en nostra cl\u00ednica de . L&#8217;endosc\u00f2pia \u00e9s un procediment\u00a0en qu\u00e8\u00a0s&#8217;introdueix un tub \u2013prove\u00eft de c\u00e0mera i llum\u2013, a trav\u00e9s dels orificis naturals de l&#8217;organisme, com ara les vies respirat\u00f2ries, el tracte intestinal o a trav\u00e9s d&#8217;incisions quir\u00fargiques, per tal d&#8217;observar les cavitats internes del &hellip; <\/p>\n","protected":false},"author":1,"featured_media":0,"parent":0,"menu_order":0,"comment_status":"closed","ping_status":"closed","template":"page-fullwidth.php","meta":{"_acf_changed":false,"content-type":"","footnotes":""},"class_list":["post-13073","page","type-page","status-publish","hentry"],"acf":[],"_links":{"self":[{"href":"https:\/\/www.unavets.com\/delpla\/ca\/wp-json\/wp\/v2\/pages\/13073","targetHints":{"allow":["GET"]}}],"collection":[{"href":"https:\/\/www.unavets.com\/delpla\/ca\/wp-json\/wp\/v2\/pages"}],"about":[{"href":"https:\/\/www.unavets.com\/delpla\/ca\/wp-json\/wp\/v2\/types\/page"}],"author":[{"embeddable":true,"href":"https:\/\/www.unavets.com\/delpla\/ca\/wp-json\/wp\/v2\/users\/1"}],"replies":[{"embeddable":true,"href":"https:\/\/www.unavets.com\/delpla\/ca\/wp-json\/wp\/v2\/comments?post=13073"}],"version-history":[{"count":0,"href":"https:\/\/www.unavets.com\/delpla\/ca\/wp-json\/wp\/v2\/pages\/13073\/revisions"}],"wp:attachment":[{"href":"https:\/\/www.unavets.com\/delpla\/ca\/wp-json\/wp\/v2\/media?parent=13073"}],"curies":[{"name":"wp","href":"https:\/\/api.w.org\/{rel}","templated":true}]}}